{"id":15385,"date":"2025-01-19T14:27:53","date_gmt":"2025-01-19T14:27:53","guid":{"rendered":"https:\/\/www.hydraulic-cylinders.net\/product\/bucket-cylinder-for-volvo-small-excavator-ec140blc\/"},"modified":"2025-01-19T14:27:55","modified_gmt":"2025-01-19T14:27:55","slug":"bucket-cylinder-for-volvo-small-excavator-ec140blc","status":"publish","type":"product","link":"https:\/\/www.hydraulic-cylinders.net\/ro\/produs\/bucket-cylinder-for-volvo-small-excavator-ec140blc\/","title":{"rendered":"Cilindru cup\u0103 pentru excavatorul mic Volvo EC140BLC"},"content":{"rendered":"<h1>Cilindru cup\u0103 pentru excavatorul mic Volvo EC140BLC<\/h1>\n<h2>Introducere<\/h2>\n<p>Un cilindru hidraulic pentru excavatorul mic Volvo EC140BLC este un cilindru hidraulic specializat utilizat pentru a controla mi\u0219carea cupei \u00een utilaje grele, cum ar fi excavatoarele, excavatoarele cu buldoexcavatoare \u0219i \u00eenc\u0103rc\u0103toare frontale. Func\u021bia sa principal\u0103 este de a permite ridicarea, cobor\u00e2rea \u0219i \u00eenclinarea cupei, facilit\u00e2nd transportul diferitelor tipuri de materiale. \u00cen sistemul hidraulic, cilindrul cupei utilizeaz\u0103 schimbarea presiunii uleiului hidraulic pentru a controla mi\u0219carea precis\u0103 a cupei, permi\u021b\u00e2nd operatorilor s\u0103 manipuleze eficient obiecte grele \u0219i s\u0103 se adapteze la medii de lucru complexe \u0219i cerin\u021be opera\u021bionale diverse.<\/p>\n<p><img decoding=\"async\" src=\"https:\/\/www.hydraulic-cylinders.net\/wp-content\/uploads\/2025\/01\/songte-company-2.webp\" alt=\"Cilindru cup\u0103 pentru excavatorul mic Volvo EC140BLC\" \/><\/p>\n<h2>Caracteristici<\/h2>\n<ul>\n<li>\n<h3>Rezisten\u021b\u0103 \u0219i durabilitate ridicate<\/h3>\n<p>Cilindrii cu cup\u0103 sunt de obicei fabrica\u021bi din o\u021bel sau aluminiu de \u00eenalt\u0103 rezisten\u021b\u0103, capabili s\u0103 reziste la presiuni ridicate \u0219i sarcini grele \u0219i proiecta\u021bi av\u00e2nd \u00een vedere rezisten\u021ba la uzur\u0103 \u0219i la coroziune, pentru a prelungi durata de via\u021b\u0103 a cilindrului.<\/p>\n<\/li>\n<li>\n<h3>Func\u021bionare hidraulic\u0103 eficient\u0103<\/h3>\n<p>Cilindrii cupei utilizeaz\u0103 presiunea uleiului hidraulic pentru a ob\u021bine o extensie \u0219i o retragere lin\u0103, fiind capabili s\u0103 r\u0103spund\u0103 rapid la comenzile de control, oferind o for\u021b\u0103 puternic\u0103 de \u00eempingere \u0219i tragere, potrivi\u021bi pentru manipularea obiectelor grele \u0219i a opera\u021biunilor complexe.<\/p>\n<\/li>\n<li>\n<h3>Diverse tipuri<\/h3>\n<p>Cilindrii cupei pot fi cu ac\u021biune simpl\u0103 (hidraulic\u0103 utilizat\u0103 \u00eentr-o singur\u0103 direc\u021bie) sau cu ac\u021biune dubl\u0103 (hidraulic\u0103 utilizat\u0103 \u00een dou\u0103 direc\u021bii), pentru a satisface diferite cerin\u021be opera\u021bionale. Unele modele sunt telescopice, permi\u021b\u00e2nd o extensie mai mare f\u0103r\u0103 a cre\u0219te dimensiunile exterioare, potrivite pentru aplica\u021bii cu spa\u021biu limitat.<\/p>\n<\/li>\n<li>\n<h3>\u00cenlocuitor compatibil<\/h3>\n<p>Produsele noastre pot \u00eenlocui perfect ace\u0219ti cilindri hidraulici.<\/p>\n<\/li>\n<\/ul>\n<p><img decoding=\"async\" src=\"https:\/\/www.hydraulic-cylinders.net\/wp-content\/uploads\/2025\/01\/songte-cylinder-head-with-all-kinds-excavator-models.webp\" alt=\"Cilindru cup\u0103 pentru excavatorul mic Volvo EC140BLC\" \/><\/p>\n<h2>Aplica\u021bii<\/h2>\n<p>Cilindrii cu cup\u0103 sunt utiliza\u021bi pe scar\u0103 larg\u0103 \u00een diverse utilaje grele, inclusiv, dar f\u0103r\u0103 a se limita la:<\/p>\n<ul>\n<li>\n<h3>Echipamente de construc\u021bii<\/h3>\n<p>\u00cen excavatoare, acestea sunt esen\u021biale pentru s\u0103parea, \u00eenc\u0103rcarea \u0219i mutarea p\u0103m\u00e2ntului sau a molozului. \u00cen excavatoarele cu buldoexcavatoare, cilindrii cupei ajut\u0103 at\u00e2t la s\u0103pare, c\u00e2t \u0219i la ridicare. \u00cen \u00eenc\u0103rc\u0103toarele frontale, acestea ajut\u0103 la ridicarea \u0219i \u00eenclinarea eficient\u0103 a m\u0103rfurilor.<\/p>\n<\/li>\n<li>\n<h3>Ma\u0219ini agricole<\/h3>\n<p>Folosit pentru \u00eenc\u0103rc\u0103toare frontale, cupare, ridicare \u0219i transportul solului, f\u00e2nului \u0219i altor materiale.<\/p>\n<\/li>\n<li>\n<h3>Excavatoare<\/h3>\n<p>Cilindrii cupei permit ac\u021biunile de s\u0103pare permi\u021b\u00e2nd cupei s\u0103 p\u0103trund\u0103 \u00een sol.<\/p>\n<\/li>\n<\/ul>\n<h2>Considera\u021bii de proiectare \u0219i criterii de selec\u021bie<\/h2>\n<p>Cilindrii cupei sunt proiecta\u021bi pun\u00e2nd accent pe factori cheie precum capacitatea portant\u0103, etan\u0219area, durabilitatea, siguran\u021ba \u0219i mentenan\u021ba.<\/p>\n<ul>\n<li>\n<h3>Capacitate portant\u0103<\/h3>\n<p>Cilindrii cupei sunt proiecta\u021bi s\u0103 reziste la presiuni ridicate \u0219i sarcini grele, permi\u021b\u00e2ndu-le s\u0103 gestioneze cantit\u0103\u021bi mari de greutate.<\/p>\n<\/li>\n<li>\n<h3>Etan\u0219are \u0219i durabilitate<\/h3>\n<p>Diverse componente de etan\u0219are sunt utilizate pentru cilindrii cupei, cum ar fi etan\u0219\u0103rile pistonului, etan\u0219\u0103rile tijei etc. Garniturile sunt fabricate din materiale rezistente la uzur\u0103, cum ar fi poliuretanul, cauciucul nitrilic etc. Corpul cilindrului \u0219i suprafa\u021ba filetat\u0103 a cap\u0103tului sunt prelucrate fin pentru a \u00eembun\u0103t\u0103\u021bi rezisten\u021ba la uzur\u0103. Ad\u0103ugarea regulat\u0103 a uleiului hidraulic adecvat este necesar\u0103 pentru a lubrifia componentele cilindrului.<\/p>\n<\/li>\n<li>\n<h3>Siguran\u0163\u0103<\/h3>\n<p>Cilindrii cupei trebuie proiecta\u021bi av\u00e2nd \u00een vedere siguran\u021ba pentru a preveni accidentele. Instalarea corect\u0103, \u00eentre\u021binerea regulat\u0103 \u0219i respectarea instruc\u021biunilor de siguran\u021b\u0103 sunt esen\u021biale pentru a asigura o func\u021bionare sigur\u0103 \u0219i eficient\u0103.<\/p>\n<\/li>\n<li>\n<h3>Mentenabilitate<\/h3>\n<p>Inspec\u021bia regulat\u0103 \u0219i m\u0103surile de \u00eentre\u021binere preventiv\u0103 sunt esen\u021biale pentru a asigura longevitatea \u0219i performan\u021ba optim\u0103 a cilindrilor cupei. \u00centre\u021binerea regulat\u0103 include \u00eenlocuirea garniturilor uzate, verificarea tijei pentru \u00eendoire sau uzur\u0103 \u0219i cur\u0103\u021barea regulat\u0103 a corpului cilindrului \u0219i a tijei pistonului.<\/p>\n<\/li>\n<\/ul>\n<p><img decoding=\"async\" src=\"https:\/\/www.hydraulic-cylinders.net\/wp-content\/uploads\/2025\/01\/songte-oil-pipes-and-spare-parts.webp\" alt=\"Cilindru cup\u0103 pentru excavatorul mic Volvo EC140BLC\" \/><\/p>\n<h2>\u00centre\u021binere \u0219i depanare<\/h2>\n<p>\u00centre\u021binerea \u0219i depanarea adecvate sunt importante pentru a men\u021bine cilindrii cupei la cea mai bun\u0103 performan\u021b\u0103. Sarcinile de \u00eentre\u021binere regulate includ:<\/p>\n<ul>\n<li>\n<h3>Inspec\u021bie regulat\u0103<\/h3>\n<p>Inspectarea garniturilor, tijei \u0219i corpului cilindrului cupei pentru defecte sau deterior\u0103ri \u0219i verificarea scurgerilor \u0219i a func\u021bion\u0103rii corecte.<\/p>\n<\/li>\n<li>\n<h3>Lubrifiere<\/h3>\n<p>Lubrifia\u021bi componentele cilindrului \u00een mod regulat cu uleiul hidraulic recomandat.<\/p>\n<\/li>\n<li>\n<h3>\u00cenlocuirea garniturii \u0219i verificarea calibr\u0103rii<\/h3>\n<p>\u00cenlocuirea oric\u0103ror garnituri uzate \u0219i verificarea calibr\u0103rii cilindrului pentru a asigura func\u021bionarea corect\u0103 a acestuia.<\/p>\n<\/li>\n<\/ul>\n<p>Este esen\u021bial s\u0103 instala\u021bi corect cilindrii cupei, asigur\u00e2nd alinierea, utiliz\u00e2nd suporturi de montare adecvate \u0219i urm\u00e2nd procedurile recomandate de inspec\u021bie, reparare \u0219i \u00eenlocuire pentru a \u00eembun\u0103t\u0103\u021bi longevitatea \u0219i eficien\u021ba. \u00centre\u021binerea regulat\u0103 \u0219i depanarea adecvat\u0103 sunt esen\u021biale pentru prevenirea problemelor \u0219i asigurarea unei performan\u021be optime. <\/p>\n<p><img decoding=\"async\" src=\"https:\/\/www.hydraulic-cylinders.net\/wp-content\/uploads\/2025\/01\/songte-chushion-collar.webp\" alt=\"Cilindru cup\u0103 pentru excavatorul mic Volvo EC140BLC\" \/><\/p>\n<h2>Considera\u021bii privind siguran\u021ba \u0219i mediul<\/h2>\n<p>Atunci c\u00e2nd se utilizeaz\u0103 cilindri hidraulici, m\u0103surile de siguran\u021b\u0103 sunt cruciale pentru prevenirea accidentelor. Depozitarea \u0219i manipularea corect\u0103 a uleiului hidraulic, utilizarea corespunz\u0103toare a echipamentului de siguran\u021b\u0103 \u0219i respectarea instruc\u021biunilor de siguran\u021b\u0103 sunt esen\u021biale.<\/p>\n<h2>Introducerea companiei<\/h2>\n<p>Suntem produc\u0103tori de cilindri hidraulici de schimb. Compania noastr\u0103 ofer\u0103 o gam\u0103 complet\u0103 de produse \u0219i a devenit unul dintre principalii produc\u0103tori \u0219i angrosi\u0219ti \u200b\u200bde cilindri hidraulici pe pie\u021bele interne \u0219i externe. Urm\u0103m o strategie de calitate excelent\u0103 \u0219i ne baz\u0103m pe managementul produc\u021biei industriale \u00een ateliere de produc\u021bie de \u00eenalt\u0103 calitate, \u00eembun\u0103t\u0103\u021bind continuu platforma noastr\u0103 de fabrica\u021bie, perfec\u021bion\u00e2nd ruta calit\u0103\u021bii produc\u021biei \u0219i posed\u00e2nd capacit\u0103\u021bi puternice de crea\u021bie. Folosind principiile eficien\u021bei ridicate, preciziei ridicate \u0219i calit\u0103\u021bii \u00eenalte, satisfacem nevoile diverse ale clien\u021bilor no\u0219tri. <\/p>\n<p><img decoding=\"async\" src=\"https:\/\/hzpt.com\/wp-content\/uploads\/2024\/11\/songte-company-1.webp\" alt=\"Cilindru cup\u0103 pentru excavatorul mic Volvo EC140BLC\" \/><\/p>\n<p>Oferim servicii complete, inclusiv expertiz\u0103 profesional\u0103, certificare interna\u021bional\u0103, servicii personalizate, echipamente de produc\u021bie \u0219i servicii post-v\u00e2nzare.<\/p>\n<h2>Autor<\/h2>\n<p>Autor: lyl<\/p>","protected":false},"excerpt":{"rendered":"<p>Bucket Cylinder For Volvo Small Excavator EC140BLC Introduction A bucket cylinder for Volvo small excavator EC140BLC is a specialized hydraulic cylinder used to control the movement of the bucket in heavy machinery such as excavators, backhoe excavators, and front-end loaders. Its main function is to enable the bucket to lift, lower, and tilt, making it [&hellip;]<\/p>","protected":false},"featured_media":14762,"comment_status":"open","ping_status":"closed","template":"","meta":{"_et_pb_use_builder":"","_et_pb_old_content":"","_et_gb_content_width":""},"product_brand":[],"product_cat":[1494],"product_tag":[1495,1496],"class_list":{"0":"post-15385","1":"product","2":"type-product","3":"status-publish","4":"has-post-thumbnail","6":"product_cat-bucket-cylinders","7":"product_tag-bucket-cylinders","8":"product_tag-hydraulic-cylinders","10":"first","11":"instock","12":"shipping-taxable","13":"product-type-simple"},"amp_enabled":true,"_links":{"self":[{"href":"https:\/\/www.hydraulic-cylinders.net\/ro\/wp-json\/wp\/v2\/product\/15385","targetHints":{"allow":["GET"]}}],"collection":[{"href":"https:\/\/www.hydraulic-cylinders.net\/ro\/wp-json\/wp\/v2\/product"}],"about":[{"href":"https:\/\/www.hydraulic-cylinders.net\/ro\/wp-json\/wp\/v2\/types\/product"}],"replies":[{"embeddable":true,"href":"https:\/\/www.hydraulic-cylinders.net\/ro\/wp-json\/wp\/v2\/comments?post=15385"}],"wp:featuredmedia":[{"embeddable":true,"href":"https:\/\/www.hydraulic-cylinders.net\/ro\/wp-json\/wp\/v2\/media\/14762"}],"wp:attachment":[{"href":"https:\/\/www.hydraulic-cylinders.net\/ro\/wp-json\/wp\/v2\/media?parent=15385"}],"wp:term":[{"taxonomy":"product_brand","embeddable":true,"href":"https:\/\/www.hydraulic-cylinders.net\/ro\/wp-json\/wp\/v2\/product_brand?post=15385"},{"taxonomy":"product_cat","embeddable":true,"href":"https:\/\/www.hydraulic-cylinders.net\/ro\/wp-json\/wp\/v2\/product_cat?post=15385"},{"taxonomy":"product_tag","embeddable":true,"href":"https:\/\/www.hydraulic-cylinders.net\/ro\/wp-json\/wp\/v2\/product_tag?post=15385"}],"curies":[{"name":"wp","href":"https:\/\/api.w.org\/{rel}","templated":true}]}}