{"id":15395,"date":"2025-01-19T14:28:40","date_gmt":"2025-01-19T14:28:40","guid":{"rendered":"https:\/\/www.hydraulic-cylinders.net\/product\/bucket-cylinder-for-volvo-middle-excavator-ec200bp\/"},"modified":"2025-01-19T14:28:42","modified_gmt":"2025-01-19T14:28:42","slug":"bucket-cylinder-for-volvo-middle-excavator-ec200bp","status":"publish","type":"product","link":"https:\/\/www.hydraulic-cylinders.net\/ro\/produs\/bucket-cylinder-for-volvo-middle-excavator-ec200bp\/","title":{"rendered":"Cilindru cup\u0103 pentru excavatorul Volvo EC200BP"},"content":{"rendered":"<h1>Cilindru cup\u0103 pentru excavatorul Volvo EC200BP<\/h1>\n<h2>Introducere<\/h2>\n<p>Cilindrul cupei pentru excavatorul Volvo EC200BP este un cilindru hidraulic special conceput, utilizat pentru a controla mi\u0219carea cupei \u00een utilaje grele, cum ar fi excavatoarele, \u00eenc\u0103rc\u0103toarele cu buldoexcavatoare \u0219i \u00eenc\u0103rc\u0103toarele frontale. Func\u021bia sa principal\u0103 este de a permite ridicarea, cobor\u00e2rea \u0219i \u00eenclinarea cupei, facilit\u00e2nd diverse sarcini de manipulare a materialelor. \u00cen sistemul hidraulic, cilindrul cupei realizeaz\u0103 un control precis al cupei prin utilizarea schimb\u0103rilor de presiune ale uleiului hidraulic, permi\u021b\u00e2nd operatorilor s\u0103 manipuleze eficient sarcini grele \u0219i s\u0103 se adapteze la medii de lucru complexe \u0219i cerin\u021be diverse ale lucr\u0103rilor.<\/p>\n<p><img decoding=\"async\" src=\"https:\/\/www.hydraulic-cylinders.net\/wp-content\/uploads\/2025\/01\/songte-company-2.webp\"><\/p>\n<h2>Caracteristici<\/h2>\n<ul>\n<li>Rezisten\u021b\u0103 \u0219i durabilitate ridicate: De obicei fabricate din o\u021bel sau aluminiu de \u00eenalt\u0103 rezisten\u021b\u0103, pot rezista la presiuni ridicate \u0219i sarcini grele, adapt\u00e2ndu-se la medii de lucru dure. Designul ia \u00een considerare rezisten\u021ba la uzur\u0103 \u0219i rezisten\u021ba la coroziune, prelungindu-i durata de via\u021b\u0103.<\/li>\n<li>Func\u021bionare hidraulic\u0103 eficient\u0103: Utiliz\u00e2nd presiunea uleiului hidraulic pentru a ob\u021bine ac\u021biuni line de extensie \u0219i retragere, acesta poate r\u0103spunde rapid la comenzile de control, oferind for\u021be puternice de \u00eempingere \u0219i tragere, potrivite pentru manipularea sarcinilor grele \u0219i a sarcinilor complexe.<\/li>\n<li>Diverse tipuri: Cilindrii cu ac\u021biune simpl\u0103 (utiliza\u021bi hidraulic \u00eentr-o singur\u0103 direc\u021bie) sau cu ac\u021biune dubl\u0103 (utiliza\u021bi hidraulic \u00een ambele direc\u021bii) pot fi selecta\u021bi \u00een func\u021bie de cerin\u021be pentru a satisface diferite nevoi opera\u021bionale. Unele modele sunt telescopice, permi\u021b\u00e2nd o extensie mai mare f\u0103r\u0103 a cre\u0219te dimensiunile exterioare, potrivite pentru aplica\u021bii cu spa\u021biu limitat.<\/li>\n<\/ul>\n<p><img decoding=\"async\" src=\"https:\/\/www.hydraulic-cylinders.net\/wp-content\/uploads\/2025\/01\/songte-cylinder-head-with-all-kinds-excavator-models.webp\"><\/p>\n<h2>Aplica\u021bii<\/h2>\n<ul>\n<li>Echipamente de construc\u021bii: Se g\u0103sesc \u00een excavatoare, acestea sunt esen\u021biale pentru s\u0103pare, \u00eenc\u0103rcare \u0219i mutarea solului sau a resturilor. \u00cen cazul \u00eenc\u0103rc\u0103toarelor excavatoare, cilindrii cupei ajut\u0103 at\u00e2t la s\u0103pare, c\u00e2t \u0219i la ridicare.<\/li>\n<li>Ma\u0219ini agricole: utilizate \u00een \u00eenc\u0103rc\u0103toarele frontale pentru scobere, ridicare \u0219i transportul solului, f\u00e2nului \u0219i altor materiale.<\/li>\n<li>Excavatoare: Cilindrii cupei permit ac\u021biuni de s\u0103pare permi\u021b\u00e2nd cupei s\u0103 p\u0103trund\u0103 \u00een sol.<\/li>\n<li>\u00cenc\u0103rc\u0103toare: \u00cen \u00eenc\u0103rc\u0103toarele frontale, acestea ajut\u0103 la ridicarea \u0219i desc\u0103rcarea eficient\u0103 a m\u0103rfurilor.<\/li>\n<\/ul>\n<h2>Considera\u021bii de proiectare \u0219i criterii de selec\u021bie<\/h2>\n<p>C\u00e2nd vine vorba de aspecte legate de proiectare, factorii cheie precum capacitatea portant\u0103, etan\u0219area, durabilitatea, siguran\u021ba \u0219i mentenan\u021ba joac\u0103 un rol semnificativ. Iat\u0103 c\u00e2teva aspecte de luat \u00een considerare:<\/p>\n<p><img decoding=\"async\" src=\"https:\/\/www.hydraulic-cylinders.net\/wp-content\/uploads\/2025\/01\/songte-oil-pipes-and-spare-parts.webp\"><\/p>\n<h2>Etan\u0219are \u0219i lubrifiere<\/h2>\n<p>Se utilizeaz\u0103 diverse elemente de etan\u0219are, cum ar fi etan\u0219\u0103rile pistonului \u0219i etan\u0219\u0103rile tijei. Aceste etan\u0219\u0103ri sunt fabricate din materiale rezistente la uzur\u0103, cum ar fi poliuretanul \u0219i cauciucul nitrilic. Corpul cilindrului \u0219i suprafe\u021bele filetate ale cap\u0103tului sunt tratate cu precizie pentru a \u00eembun\u0103t\u0103\u021bi rezisten\u021ba la uzur\u0103. Lubrifierea regulat\u0103 cu o cantitate adecvat\u0103 de ulei hidraulic este necesar\u0103 pentru a asigura o func\u021bionare f\u0103r\u0103 probleme.<\/p>\n<h2>Inspec\u021bie regulat\u0103 \u0219i \u00eentre\u021binere preventiv\u0103<\/h2>\n<p>Iat\u0103 c\u00e2teva m\u0103suri pentru inspec\u021bia regulat\u0103 \u0219i \u00eentre\u021binerea preventiv\u0103:<\/p>\n<h2>Ghid de instalare corect\u0103 a produsului<\/h2>\n<p>Instalarea corect\u0103 este crucial\u0103 pentru performan\u021ba optim\u0103 a cilindrului cupei. Iat\u0103 c\u00e2teva instruc\u021biuni:<\/p>\n<p><img decoding=\"async\" src=\"https:\/\/www.hydraulic-cylinders.net\/wp-content\/uploads\/2025\/01\/songte-chushion-collar.webp\"><\/p>\n<h2>Sarcini de \u00eentre\u021binere<\/h2>\n<p>Sarcinile de \u00eentre\u021binere obi\u0219nuite includ inspec\u021bii regulate, lubrifiere corespunz\u0103toare, \u00eenlocuirea garniturilor de etan\u0219are \u0219i verific\u0103ri ale calibr\u0103rii. Iat\u0103 trei sarcini de \u00eentre\u021binere comune:<\/p>\n<p><img decoding=\"async\" src=\"https:\/\/www.hydraulic-cylinders.net\/wp-content\/uploads\/2025\/01\/songte-bushings-with-all-kinds-of-excavator-models.webp\"><\/p>\n<h2>Considera\u021bii de siguran\u021b\u0103 \u0219i factori de mediu<\/h2>\n<p>C\u00e2nd utiliza\u021bi cilindrul cupei, este esen\u021bial s\u0103 acorda\u021bi prioritate m\u0103surilor de siguran\u021b\u0103. Iat\u0103 de ce precau\u021biile de siguran\u021b\u0103 sunt cruciale:<\/p>\n<h2>Depanare \u0219i probleme frecvente<\/h2>\n<p>Iat\u0103 c\u00e2teva sfaturi \u0219i solu\u021bii comune pentru depanare \u0219i identificare a problemelor:<\/p>\n<p><img decoding=\"async\" src=\"https:\/\/www.hydraulic-cylinders.net\/wp-content\/uploads\/2025\/01\/songte-company-1.webp\"><\/p>\n<h2>Despre compania noastr\u0103<\/h2>\n<p>Suntem produc\u0103tori de cilindri hidraulici de schimb. Cu o gam\u0103 larg\u0103 de produse, am devenit unul dintre principalii produc\u0103tori \u0219i distribuitori angro de cilindri hidraulici pe pie\u021bele interne \u0219i interna\u021bionale. Ader\u0103m la principiile calit\u0103\u021bii excelente, baz\u00e2ndu-ne pe strategii industrializate de management al produc\u021biei \u00een ateliere de fabrica\u021bie fin echipate. Compania noastr\u0103 \u00eembun\u0103t\u0103\u021be\u0219te continuu platforma de fabrica\u021bie, perfec\u021bioneaz\u0103 ruta de produc\u021bie a calit\u0103\u021bii produselor \u0219i are capacit\u0103\u021bi creative puternice. Ne str\u0103duim s\u0103 satisfacem nevoile diverse ale clien\u021bilor cu eficien\u021b\u0103, precizie \u0219i calitate ridicate.<\/p>\n<p><img decoding=\"async\" src=\"https:\/\/www.hydraulic-cylinders.net\/wp-content\/uploads\/2025\/01\/songte-company-3.webp\"><\/p>\n<p>Punctele forte ale companiei noastre includ:<\/p>\n<ul>\n<li>Profesionalism<\/li>\n<li>Certific\u0103ri interna\u021bionale<\/li>\n<li>Servicii de personalizare<\/li>\n<li>Echipamente de produc\u021bie avansate<\/li>\n<li>Serviciu post-v\u00e2nzare<\/li>\n<\/ul>\n<p>Autor: lyl<\/p>","protected":false},"excerpt":{"rendered":"<p>Bucket Cylinder For Volvo Middle Excavator EC200BP Introduction The bucket cylinder for Volvo middle excavator EC200BP is a specially designed hydraulic cylinder used to control the movement of the bucket in heavy machinery such as excavators, backhoe loaders, and front-end loaders. Its main function is to enable the bucket to lift, lower, and tilt, making [&hellip;]<\/p>","protected":false},"featured_media":14776,"comment_status":"open","ping_status":"closed","template":"","meta":{"_et_pb_use_builder":"","_et_pb_old_content":"","_et_gb_content_width":""},"product_brand":[],"product_cat":[1494],"product_tag":[1495,1496],"class_list":{"0":"post-15395","1":"product","2":"type-product","3":"status-publish","4":"has-post-thumbnail","6":"product_cat-bucket-cylinders","7":"product_tag-bucket-cylinders","8":"product_tag-hydraulic-cylinders","10":"first","11":"instock","12":"shipping-taxable","13":"product-type-simple"},"amp_enabled":true,"_links":{"self":[{"href":"https:\/\/www.hydraulic-cylinders.net\/ro\/wp-json\/wp\/v2\/product\/15395","targetHints":{"allow":["GET"]}}],"collection":[{"href":"https:\/\/www.hydraulic-cylinders.net\/ro\/wp-json\/wp\/v2\/product"}],"about":[{"href":"https:\/\/www.hydraulic-cylinders.net\/ro\/wp-json\/wp\/v2\/types\/product"}],"replies":[{"embeddable":true,"href":"https:\/\/www.hydraulic-cylinders.net\/ro\/wp-json\/wp\/v2\/comments?post=15395"}],"wp:featuredmedia":[{"embeddable":true,"href":"https:\/\/www.hydraulic-cylinders.net\/ro\/wp-json\/wp\/v2\/media\/14776"}],"wp:attachment":[{"href":"https:\/\/www.hydraulic-cylinders.net\/ro\/wp-json\/wp\/v2\/media?parent=15395"}],"wp:term":[{"taxonomy":"product_brand","embeddable":true,"href":"https:\/\/www.hydraulic-cylinders.net\/ro\/wp-json\/wp\/v2\/product_brand?post=15395"},{"taxonomy":"product_cat","embeddable":true,"href":"https:\/\/www.hydraulic-cylinders.net\/ro\/wp-json\/wp\/v2\/product_cat?post=15395"},{"taxonomy":"product_tag","embeddable":true,"href":"https:\/\/www.hydraulic-cylinders.net\/ro\/wp-json\/wp\/v2\/product_tag?post=15395"}],"curies":[{"name":"wp","href":"https:\/\/api.w.org\/{rel}","templated":true}]}}