{"id":15405,"date":"2025-01-19T14:29:20","date_gmt":"2025-01-19T14:29:20","guid":{"rendered":"https:\/\/www.hydraulic-cylinders.net\/product\/bucket-cylinder-for-volvo-large-excavator-ec300d\/"},"modified":"2025-01-19T14:29:28","modified_gmt":"2025-01-19T14:29:28","slug":"bucket-cylinder-for-volvo-large-excavator-ec300d","status":"publish","type":"product","link":"https:\/\/www.hydraulic-cylinders.net\/ro\/produs\/bucket-cylinder-for-volvo-large-excavator-ec300d\/","title":{"rendered":"Cilindru cup\u0103 pentru excavatorul mare Volvo EC300D"},"content":{"rendered":"<h1>Cilindru cup\u0103 pentru excavatorul mare Volvo EC300D<\/h1>\n<h2>Introducere<\/h2>\n<p>Cilindrul cupei pentru excavatorul Volvo mare EC300D este un cilindru hidraulic specializat utilizat pentru a controla mi\u0219carea cupei \u00een utilaje grele, cum ar fi excavatoarele, \u00eenc\u0103rc\u0103toarele cu buldoexcavatoare \u0219i \u00eenc\u0103rc\u0103toarele frontale. Func\u021bia sa principal\u0103 este de a permite ridicarea, cobor\u00e2rea \u0219i \u00eenclinarea cupei, facilit\u00e2nd efectuarea diverselor sarcini de manipulare a materialelor. \u00cen sistemul hidraulic, cilindrul cupei controleaz\u0103 cu precizie mi\u0219carea cupei prin modific\u0103rile presiunii uleiului hidraulic, permi\u021b\u00e2nd operatorilor s\u0103 manipuleze eficient sarcini grele \u0219i s\u0103 se adapteze la medii de lucru complexe \u0219i cerin\u021be opera\u021bionale diverse.<\/p>\n<p><img decoding=\"async\" src=\"https:\/\/www.hydraulic-cylinders.net\/wp-content\/uploads\/2025\/01\/songte-company-2.webp\" alt=\"Cilindru cup\u0103 pentru excavatorul mare Volvo EC300D\"><\/p>\n<h2>Caracteristici<\/h2>\n<ul>\n<li>Rezisten\u021b\u0103 \u0219i durabilitate ridicate: de obicei fabricate din o\u021bel sau aluminiu de \u00eenalt\u0103 rezisten\u021b\u0103, capabile s\u0103 reziste la presiuni ridicate \u0219i sarcini grele, adaptabile la condi\u021bii dure de lucru \u0219i proiectate av\u00e2nd \u00een vedere rezisten\u021ba la uzur\u0103 \u0219i la coroziune, prelungindu-le durata de via\u021b\u0103.<\/li>\n<li>Func\u021bionare hidraulic\u0103 eficient\u0103: ac\u021biune telescopic\u0103 lin\u0103 ob\u021binut\u0103 folosind presiunea uleiului hidraulic, permi\u021b\u00e2nd un r\u0103spuns rapid la comenzile de control, oferind o for\u021b\u0103 puternic\u0103 de \u00eempingere \u0219i tragere, potrivit\u0103 pentru manipularea sarcinilor grele \u0219i a sarcinilor opera\u021bionale complexe.<\/li>\n<li>Diverse tipuri: cilindri cu ac\u021biune simpl\u0103 (utiliza\u021bi hidraulic \u00eentr-o singur\u0103 direc\u021bie) sau cu ac\u021biune dubl\u0103 (utiliza\u021bi hidraulic \u00een ambele direc\u021bii) pot fi ale\u0219i \u00een func\u021bie de cerin\u021bele opera\u021bionale, unele modele fiind telescopice, permi\u021b\u00e2nd o extensie mai mare f\u0103r\u0103 a cre\u0219te dimensiunile exterioare, potrivi\u021bi pentru aplica\u021bii cu spa\u021biu limitat.<\/li>\n<li>\u00cenlocuire u\u0219oar\u0103: produsele noastre pot fi perfect \u00eenlocuite cu ace\u0219ti cilindri hidraulici. <\/li>\n<\/ul>\n<p><img decoding=\"async\" src=\"https:\/\/www.hydraulic-cylinders.net\/wp-content\/uploads\/2025\/01\/songte-cylinder-head-with-all-kinds-excavator-models.webp\" alt=\"Cilindru cup\u0103 pentru excavatorul mare Volvo EC300D\"><\/p>\n<h2>Aplica\u021bii<\/h2>\n<p>Cilindrul cupei pentru excavatorul Volvo mare EC300D este utilizat pe scar\u0103 larg\u0103 \u00een diverse domenii, inclusiv, dar f\u0103r\u0103 a se limita la:<\/p>\n<h3>Echipamente de construc\u021bii<\/h3>\n<p>\u00cen excavatoare, acestea sunt vitale pentru s\u0103pare, \u00eenc\u0103rcare \u0219i mutarea p\u0103m\u00e2ntului sau a molozului. \u00cen buldoexcavatoarele, cilindrii cupei ajut\u0103 at\u00e2t la s\u0103pare, c\u00e2t \u0219i la ridicare. <\/p>\n<h3>Ma\u0219ini agricole<\/h3>\n<p>Folosite la \u00eenc\u0103rc\u0103toarele frontale pentru scobere, ridicare \u0219i transportul solului, f\u00e2nului \u0219i altor materiale. La excavatoare, cilindrii cupei realizeaz\u0103 ac\u021biunea de s\u0103pare permi\u021b\u00e2nd cupei s\u0103 p\u0103trund\u0103 \u00een sol. La \u00eenc\u0103rc\u0103toarele frontale, acestea ajut\u0103 la ridicarea \u0219i desc\u0103rcarea eficient\u0103 a \u00eenc\u0103rc\u0103turii.<\/p>\n<p><img decoding=\"async\" src=\"https:\/\/www.hydraulic-cylinders.net\/wp-content\/uploads\/2025\/01\/songte-bushings-with-all-kinds-of-excavator-models.webp\" alt=\"Cilindru cup\u0103 pentru excavatorul mare Volvo EC300D\"><\/p>\n<h2>Considera\u021bii de proiectare \u0219i criterii de selec\u021bie<\/h2>\n<p>La proiectarea cilindrului cupei pentru excavatorul Volvo mare EC300D, trebuie lua\u021bi \u00een considerare c\u00e2\u021biva factori cheie:<\/p>\n<ul>\n<li>Capacitate portant\u0103: cilindrul trebuie s\u0103 poat\u0103 rezista la presiuni ridicate \u0219i sarcini grele.<\/li>\n<li>Performan\u021ba de etan\u0219are: diverse elemente de etan\u0219are, cum ar fi etan\u0219\u0103rile pistonului \u0219i etan\u0219\u0103rile tijei, ar trebui s\u0103 fie fabricate din materiale rezistente la uzur\u0103, cum ar fi poliuretanul \u0219i cauciucul nitrilic, pentru a asigura performan\u021ba pe termen lung. <\/li>\n<li>Durabilitate: proiectarea cilindrului trebuie s\u0103 ia \u00een considerare rezisten\u021ba la uzur\u0103 \u0219i rezisten\u021ba la coroziune pentru a-i prelungi durata de via\u021b\u0103.<\/li>\n<li>Siguran\u021b\u0103: siguran\u021ba ar trebui s\u0103 fie prioritatea principal\u0103 \u00een proiectarea cilindrului pentru a preveni v\u0103t\u0103m\u0103rile \u0219i accidentele la locul de munc\u0103. <\/li>\n<li>\u00centre\u021binere: designul trebuie s\u0103 fie u\u0219or de \u00eentre\u021binut \u0219i reparat pentru a reduce timpii de nefunc\u021bionare \u0219i a \u00eembun\u0103t\u0103\u021bi eficien\u021ba opera\u021bional\u0103.<\/li>\n<\/ul>\n<p><img decoding=\"async\" src=\"https:\/\/www.hydraulic-cylinders.net\/wp-content\/uploads\/2025\/01\/songte-oil-pipes-and-spare-parts.webp\" alt=\"Cilindru cup\u0103 pentru excavatorul mare Volvo EC300D\"><\/p>\n<h2>Etan\u0219area \u0219i lubrifierea cilindrului cupei<\/h2>\n<p>Cilindrul cupei pentru excavatorul Volvo mare EC300D necesit\u0103 \u00eentre\u021binere regulat\u0103 pentru a asigura o etan\u0219are \u0219i o lubrifiere corespunz\u0103toare:<\/p>\n<ul>\n<li>Diverse elemente de etan\u0219are, cum ar fi etan\u0219\u0103rile pistonului \u0219i etan\u0219\u0103rile tijei, ar trebui s\u0103 fie fabricate din materiale de \u00eenalt\u0103 calitate, rezistente la uzur\u0103, cum ar fi poliuretanul \u0219i cauciucul nitrilic. <\/li>\n<li>Corpul cilindrului \u0219i suprafe\u021bele filetate ale cap\u0103tului trebuie prelucrate fin pentru a \u00eembun\u0103t\u0103\u021bi rezisten\u021ba la uzur\u0103.<\/li>\n<li>Ad\u0103uga\u021bi regulat o cantitate adecvat\u0103 de ulei hidraulic pentru a lubrifia \u0219i \u00eentre\u021bine cilindrul.<\/li>\n<\/ul>\n<h2>\u00centre\u021binere \u0219i repara\u021bii<\/h2>\n<p>\u00centre\u021binerea regulat\u0103 \u0219i repararea corespunz\u0103toare sunt esen\u021biale pentru asigurarea performan\u021bei pe termen lung a cilindrului cupei pentru excavatorul mare Volvo EC300D. Trebuie efectuate urm\u0103toarele sarcini de \u00eentre\u021binere:<\/p>\n<ul>\n<li>Inspec\u021bie regulat\u0103 pentru detectarea \u0219i repararea oric\u0103ror defec\u021biuni sau probleme.<\/li>\n<li>Lubrifiere \u0219i reglare adecvat\u0103 pentru a asigura o performan\u021b\u0103 optim\u0103.<\/li>\n<li>\u00cenlocuirea garniturilor uzate sau deteriorate pentru a preveni scurgerile de ulei. <\/li>\n<\/ul>\n<h2>Considera\u021bii de siguran\u021b\u0103 \u0219i factori de mediu<\/h2>\n<p>Atunci c\u00e2nd se utilizeaz\u0103 cilindrul cupei pentru excavatorul Volvo mare EC300D, trebuie luate m\u0103suri de siguran\u021b\u0103 pentru a preveni v\u0103t\u0103m\u0103rile \u0219i accidentele la locul de munc\u0103. Lucr\u0103torii sunt \u00eencuraja\u021bi s\u0103 poarte echipament de protec\u021bie, cum ar fi c\u0103\u0219ti, m\u0103nu\u0219i \u0219i \u00eenc\u0103l\u021b\u0103minte de siguran\u021b\u0103, atunci c\u00e2nd opereaz\u0103 utilaje. Factorii de mediu, cum ar fi temperatura \u0219i umiditatea, trebuie, de asemenea, lua\u021bi \u00een considerare atunci c\u00e2nd se utilizeaz\u0103 cilindri hidraulici \u00een diferite medii de lucru pentru a asigura performan\u021be optime.<\/p>\n<h2>Probleme frecvente \u0219i depanare<\/h2>\n<p>Problemele frecvente care pot ap\u0103rea cu cilindrul cupei pentru excavatorul Volvo mare EC300D sunt scurgerile de ulei, defectarea cilindrului \u0219i func\u021bionarea necorespunz\u0103toare. Pentru a depana aceste probleme, operatorii ar trebui:<\/p>\n<ul>\n<li>Inspecta\u021bi cilindrul \u00een mod regulat pentru a detecta orice semne de uzur\u0103, scurgeri sau alte deterior\u0103ri.<\/li>\n<li>Inspecta\u021bi \u0219i \u00eenlocui\u021bi corespunz\u0103tor garniturile uzate sau deteriorate.<\/li>\n<li>Urma\u021bi procedurile de operare corecte pentru a evita operarea necorespunz\u0103toare sau accidentele.<\/li>\n<\/ul>\n<h2>Despre compania noastr\u0103<\/h2>\n<p>Suntem un produc\u0103tor \u0219i distribuitor angro de top de cilindri hidraulici, oferind o gam\u0103 complet\u0103 de produse pie\u021belor interne \u0219i interna\u021bionale. Urm\u0103m principiul excelen\u021bei \u00een calitate, baz\u00e2ndu-ne pe strategii industrializate de management al produc\u021biei \u00een ateliere de fabrica\u021bie fin elaborate \u0219i \u00eembun\u0103t\u0103\u021bim continuu platformele noastre de fabrica\u021bie prin tehnologie, competen\u021be, echipamente digitale de fabrica\u021bie de ultim\u0103 genera\u021bie \u0219i sisteme profesionale de testare. Avem capacit\u0103\u021bi puternice de cercetare \u0219i dezvoltare, standarde de produc\u021bie eficiente, precise \u0219i de \u00eenalt\u0103 calitate \u0219i putem satisface nevoile diverse ale clien\u021bilor. <\/p>\n<p>Compania noastr\u0103 ofer\u0103, de asemenea, servicii personalizate, certific\u0103ri interna\u021bionale, echipamente de produc\u021bie de \u00eenalt\u0103 calitate \u0219i servicii post-v\u00e2nzare.<\/p>\n<p><img decoding=\"async\" src=\"https:\/\/hzpt.com\/wp-content\/uploads\/2024\/11\/songte-company-1.webp\" alt=\"Cilindru cup\u0103 pentru excavatorul mare Volvo EC300D\"><\/p>\n<h2>Autor<\/h2>\n<p>lyl<\/p>","protected":false},"excerpt":{"rendered":"<p>Bucket Cylinder For Volvo Large Excavator EC300D Introduction The bucket cylinder for Volvo large excavator EC300D is a specialized hydraulic cylinder used to control the movement of the bucket in heavy machinery such as excavators, backhoe loaders, and front loaders. Its main function is to enable the bucket to lift, lower, and tilt, making it [&hellip;]<\/p>","protected":false},"featured_media":14785,"comment_status":"open","ping_status":"closed","template":"","meta":{"_et_pb_use_builder":"","_et_pb_old_content":"","_et_gb_content_width":""},"product_brand":[],"product_cat":[1494],"product_tag":[1495,1496],"class_list":{"0":"post-15405","1":"product","2":"type-product","3":"status-publish","4":"has-post-thumbnail","6":"product_cat-bucket-cylinders","7":"product_tag-bucket-cylinders","8":"product_tag-hydraulic-cylinders","10":"first","11":"instock","12":"shipping-taxable","13":"product-type-simple"},"amp_enabled":true,"_links":{"self":[{"href":"https:\/\/www.hydraulic-cylinders.net\/ro\/wp-json\/wp\/v2\/product\/15405","targetHints":{"allow":["GET"]}}],"collection":[{"href":"https:\/\/www.hydraulic-cylinders.net\/ro\/wp-json\/wp\/v2\/product"}],"about":[{"href":"https:\/\/www.hydraulic-cylinders.net\/ro\/wp-json\/wp\/v2\/types\/product"}],"replies":[{"embeddable":true,"href":"https:\/\/www.hydraulic-cylinders.net\/ro\/wp-json\/wp\/v2\/comments?post=15405"}],"wp:featuredmedia":[{"embeddable":true,"href":"https:\/\/www.hydraulic-cylinders.net\/ro\/wp-json\/wp\/v2\/media\/14785"}],"wp:attachment":[{"href":"https:\/\/www.hydraulic-cylinders.net\/ro\/wp-json\/wp\/v2\/media?parent=15405"}],"wp:term":[{"taxonomy":"product_brand","embeddable":true,"href":"https:\/\/www.hydraulic-cylinders.net\/ro\/wp-json\/wp\/v2\/product_brand?post=15405"},{"taxonomy":"product_cat","embeddable":true,"href":"https:\/\/www.hydraulic-cylinders.net\/ro\/wp-json\/wp\/v2\/product_cat?post=15405"},{"taxonomy":"product_tag","embeddable":true,"href":"https:\/\/www.hydraulic-cylinders.net\/ro\/wp-json\/wp\/v2\/product_tag?post=15405"}],"curies":[{"name":"wp","href":"https:\/\/api.w.org\/{rel}","templated":true}]}}