{"id":15406,"date":"2025-01-19T14:29:31","date_gmt":"2025-01-19T14:29:31","guid":{"rendered":"https:\/\/www.hydraulic-cylinders.net\/product\/bucket-cylinder-for-volvo-large-excavator-ec360bp\/"},"modified":"2025-01-19T14:29:33","modified_gmt":"2025-01-19T14:29:33","slug":"bucket-cylinder-for-volvo-large-excavator-ec360bp","status":"publish","type":"product","link":"https:\/\/www.hydraulic-cylinders.net\/ro\/produs\/bucket-cylinder-for-volvo-large-excavator-ec360bp\/","title":{"rendered":"Cilindru cup\u0103 pentru excavatorul mare Volvo EC360BP"},"content":{"rendered":"<p><!DOCTYPE html><br \/>\n<html><br \/>\n<head><br \/>\n<title>Cilindru cup\u0103 pentru excavatorul mare Volvo EC360BP<\/title><br \/>\n<\/head><br \/>\n<body><\/p>\n<h1>Cilindru cup\u0103 pentru excavatorul mare Volvo EC360BP<\/h1>\n<h2>Introducere<\/h2>\n<p>Cilindrul cupei pentru excavatorul mare Volvo EC360BP este un cilindru hidraulic special conceput, utilizat pentru a controla mi\u0219carea cupei \u00een utilaje grele, cum ar fi excavatoarele, \u00eenc\u0103rc\u0103toarele excavatoare \u0219i \u00eenc\u0103rc\u0103toarele frontale. Func\u021bia sa principal\u0103 este de a permite ridicarea, cobor\u00e2rea \u0219i \u00eenclinarea cupei, ceea ce o face potrivit\u0103 pentru diverse sarcini de manipulare a materialelor. \u00centr-un sistem hidraulic, cilindrul cupei realizeaz\u0103 un control precis al cupei prin utilizarea schimb\u0103rilor de presiune ale uleiului hidraulic, permi\u021b\u00e2nd operatorilor s\u0103 manipuleze eficient sarcini grele \u0219i s\u0103 se adapteze la medii de lucru complexe \u0219i cerin\u021be diverse ale lucr\u0103rilor.<\/p>\n<p><img decoding=\"async\" src=\"https:\/\/www.hydraulic-cylinders.net\/wp-content\/uploads\/2025\/01\/songte-company-2.webp\" alt=\"Imaginea cilindrului cupei\"><\/p>\n<h2>Caracteristici<\/h2>\n<ul>\n<li>Rezisten\u021b\u0103 \u0219i durabilitate ridicate: Fabricate de obicei din o\u021bel sau aluminiu de \u00eenalt\u0103 rezisten\u021b\u0103, pot rezista la presiuni ridicate \u0219i sarcini grele, adapt\u00e2ndu-se la medii de lucru dure. Designul ia \u00een considerare rezisten\u021ba la uzur\u0103 \u0219i rezisten\u021ba la coroziune, prelungindu-i durata de via\u021b\u0103.<\/li>\n<li>Func\u021bionare hidraulic\u0103 eficient\u0103: Utiliz\u00e2nd presiunea uleiului hidraulic, realizeaz\u0103 ac\u021biuni line de extensie \u0219i retragere, r\u0103spunde rapid la comenzile de control, ofer\u0103 for\u021be puternice de \u00eempingere \u0219i tragere \u0219i este potrivit pentru manipularea sarcinilor grele \u0219i a sarcinilor complexe.<\/li>\n<li>Diverse tipuri: Disponibile \u00een cilindri cu ac\u021biune simpl\u0103 (utilizare hidraulic\u0103 \u00eentr-o singur\u0103 direc\u021bie) sau cu ac\u021biune dubl\u0103 (utilizare hidraulic\u0103 \u00een ambele direc\u021bii), permi\u021b\u00e2nd diferite cerin\u021be opera\u021bionale. Unele modele sunt telescopice, permi\u021b\u00e2nd o extensie mai mare f\u0103r\u0103 a cre\u0219te dimensiunile exterioare, fiind potrivite pentru aplica\u021bii cu spa\u021biu limitat.<\/li>\n<\/ul>\n<p><img decoding=\"async\" src=\"https:\/\/www.hydraulic-cylinders.net\/wp-content\/uploads\/2025\/01\/songte-cylinder-head-with-all-kinds-excavator-models.webp\" alt=\"Imaginea produsului\"><\/p>\n<h2>Aplica\u021bii<\/h2>\n<h3>Echipamente de construc\u021bii:<\/h3>\n<p>\u00cen excavatoare, acestea sunt esen\u021biale pentru s\u0103pare, \u00eenc\u0103rcare \u0219i mutarea solului sau a resturilor. \u00cen buldoexcavatoarele, cilindrul cupei ajut\u0103 at\u00e2t la sarcinile de s\u0103pare, c\u00e2t \u0219i la cele de ridicare.<\/p>\n<h3>Ma\u0219ini agricole:<\/h3>\n<p>Folosit la \u00eenc\u0103rc\u0103toarele frontale pentru scobere, ridicare \u0219i transportul solului, f\u00e2nului \u0219i altor materiale.<\/p>\n<h3>Excavatoare:<\/h3>\n<p>Cilindrul cupei permite ac\u021biunea de s\u0103pare permi\u021b\u00e2nd cupei s\u0103 p\u0103trund\u0103 \u00een sol.<\/p>\n<h3>\u00cenc\u0103rc\u0103toare:<\/h3>\n<p>\u00cen cazul \u00eenc\u0103rc\u0103toarelor frontale, acestea ajut\u0103 la ridicarea \u0219i desc\u0103rcarea eficient\u0103 a m\u0103rfurilor.<\/p>\n<p><img decoding=\"async\" src=\"https:\/\/www.hydraulic-cylinders.net\/wp-content\/uploads\/2025\/01\/songte-oil-pipes-and-spare-parts.webp\" alt=\"Imaginea produsului\"><\/p>\n<h2>Considera\u021bii de proiectare \u0219i criterii de selec\u021bie<\/h2>\n<ul>\n<li>Capacitate portant\u0103: Designul cilindrului asigur\u0103 c\u0103 acesta poate suporta sarcina prev\u0103zut\u0103 f\u0103r\u0103 defec\u021biuni.<\/li>\n<li>Etan\u0219are: Se utilizeaz\u0103 diverse garnituri, cum ar fi garniturile pistonului \u0219i garniturile tijei, fabricate din materiale rezistente la uzur\u0103, precum poliuretanul \u0219i cauciucul nitrilic. Corpul cilindrului \u0219i suprafe\u021bele filetate ale cap\u0103tului sunt supuse unei prelucr\u0103ri fine pentru a spori rezisten\u021ba la uzur\u0103.<\/li>\n<\/ul>\n<p><img decoding=\"async\" src=\"https:\/\/www.hydraulic-cylinders.net\/wp-content\/uploads\/2025\/01\/songte-bushings-with-all-kinds-of-excavator-models.webp\" alt=\"Imaginea produsului\"><\/p>\n<h2>Etan\u0219are \u0219i lubrifiere<\/h2>\n<p>Cilindrul utilizeaz\u0103 diverse componente de etan\u0219are, cum ar fi etan\u0219\u0103rile pistonului \u0219i ale tijei, fabricate din materiale rezistente la uzur\u0103, precum poliuretanul \u0219i cauciucul nitrilic. Corpul cilindrului \u0219i suprafe\u021bele filetate ale cap\u0103tului sunt prelucrate fin pentru a spori rezisten\u021ba la uzur\u0103. Lubrifierea regulat\u0103 cu o cantitate adecvat\u0103 de ulei hidraulic este necesar\u0103 pentru a asigura o func\u021bionare f\u0103r\u0103 probleme.<\/p>\n<h2>Inspec\u021bie \u0219i \u00eentre\u021binere preventiv\u0103<\/h2>\n<ul>\n<li>Inspec\u021bii regulate: Verifica\u021bi dac\u0103 exist\u0103 semne de deteriorare sau uzur\u0103 \u0219i remedia\u021bi prompt orice problem\u0103.<\/li>\n<li>M\u0103suri proactive de \u00eentre\u021binere: Lubrifia\u021bi periodic piesele mobile, \u00eenlocui\u021bi garniturile atunci c\u00e2nd este necesar \u0219i efectua\u021bi verific\u0103ri de calibrare pentru a men\u021bine performan\u021be optime.<\/li>\n<\/ul>\n<p><img decoding=\"async\" src=\"https:\/\/www.hydraulic-cylinders.net\/wp-content\/uploads\/2025\/01\/songte-chushion-collar.webp\" alt=\"Imaginea produsului\"><\/p>\n<h2>Considera\u021bii de siguran\u021b\u0103 \u0219i factori de mediu<\/h2>\n<p>Atunci c\u00e2nd se utilizeaz\u0103 cilindri hidraulici, este esen\u021bial s\u0103 se respecte m\u0103surile de siguran\u021b\u0103 pentru a preveni accidentele \u0219i a asigura un mediu de lucru sigur.<\/p>\n<h2>Depanare \u0219i probleme frecvente<\/h2>\n<p>Problemele frecvente ale cilindrilor hidraulici pot include scurgeri, func\u021bionare lent\u0103 sau zgomote anormale. Pentru a remedia aceste probleme, este important s\u0103 diagnostica\u021bi corect cauza \u0219i s\u0103 implementa\u021bi solu\u021biile adecvate. M\u0103surile preventive regulate pot ajuta la minimizarea problemelor poten\u021biale.<\/p>\n<p><img decoding=\"async\" src=\"https:\/\/www.hydraulic-cylinders.net\/wp-content\/uploads\/2025\/01\/songte-bushings-with-all-kinds-of-excavator-models.webp\" alt=\"Imaginea produsului\"><\/p>\n<h2>Sarcini de \u00eentre\u021binere<\/h2>\n<ul>\n<li>Inspec\u021bii regulate: Verifica\u021bi dac\u0103 exist\u0103 semne de deteriorare sau uzur\u0103 \u0219i remedia\u021bi prompt orice problem\u0103.<\/li>\n<li>Lubrifiere adecvat\u0103: Lubrifia\u021bi corespunz\u0103tor piesele mobile pentru a asigura o func\u021bionare f\u0103r\u0103 probleme.<\/li>\n<li>\u00cenlocuirea garniturilor: \u00cenlocui\u021bi garniturile uzate pentru a men\u021bine o performan\u021b\u0103 adecvat\u0103 de etan\u0219are.<\/li>\n<\/ul>\n<h2>Ghid de instalare<\/h2>\n<p>Instalarea corect\u0103 este crucial\u0103 pentru a asigura performan\u021ba optim\u0103 \u0219i longevitatea cilindrului cupei. Urma\u021bi aceste instruc\u021biuni:<\/p>\n<ul>\n<li>Alinia\u021bi corect cilindrul \u00een timpul instal\u0103rii.<\/li>\n<li>Folosi\u021bi consolele de instalare adecvate pentru a fixa cilindrul.<\/li>\n<\/ul>\n<p><img decoding=\"async\" src=\"https:\/\/hzpt.com\/wp-content\/uploads\/2024\/11\/songte-company-1.webp\" alt=\"Imaginea produsului\"><\/p>\n<h2>Prezentare general\u0103 a companiei<\/h2>\n<p>Suntem produc\u0103tori de cilindri hidraulici de schimb \u0219i unul dintre principalii produc\u0103tori \u0219i distribuitori angro pe pie\u021bele interne \u0219i interna\u021bionale. Compania noastr\u0103 respect\u0103 principiile calit\u0103\u021bii excelente \u0219i se bazeaz\u0103 pe strategiile industrializate de management al produc\u021biei ale unui atelier de fabrica\u021bie sofisticat. Prin aplicarea talentelor tehnice, a echipamentelor digitale de fabrica\u021bie de ultim\u0103 genera\u021bie \u0219i a sistemelor profesionale de testare, ne \u00eembun\u0103t\u0103\u021bim continuu platforma de fabrica\u021bie, perfec\u021bion\u0103m ruta de produc\u021bie pentru calitatea produselor \u0219i avem capacit\u0103\u021bi puternice de inovare. Ne str\u0103duim s\u0103 satisfacem diversele cerin\u021be ale clien\u021bilor cu eficien\u021b\u0103, precizie \u0219i calitate ridicate.<\/p>\n<p><img decoding=\"async\" src=\"https:\/\/www.hydraulic-cylinders.net\/wp-content\/uploads\/2025\/01\/songte-company-3.webp\" alt=\"Imaginea companiei\"><\/p>\n<h3>Profesionalism:<\/h3>\n<p>Ne desf\u0103\u0219ur\u0103m activitatea cu profesionalism, oferind produse \u0219i servicii de \u00eenalt\u0103 calitate.<\/p>\n<h3>Certificare interna\u021bional\u0103:<\/h3>\n<p>Am ob\u021binut certific\u0103ri interna\u021bionale pentru a garanta calitatea \u0219i fiabilitatea produselor noastre.<\/p>\n<h3>Servicii de personalizare:<\/h3>\n<p>Oferim servicii de personalizare pentru a satisface cerin\u021bele specifice ale clien\u021bilor.<\/p>\n<h3>Echipamente de produc\u021bie:<\/h3>\n<p>Folosim echipamente de produc\u021bie de ultim\u0103 genera\u021bie pentru a asigura precizie \u0219i eficien\u021b\u0103.<\/p>\n<h3>Serviciu post-v\u00e2nzare:<\/h3>\n<p>Oferim servicii complete post-v\u00e2nzare pentru a asigura satisfac\u021bia clien\u021bilor.<\/p>\n<p>Autor: lyl<\/p>\n<p><\/body><br \/>\n<\/html><\/p>","protected":false},"excerpt":{"rendered":"<p>Bucket Cylinder For Volvo Large Excavator EC360BP Bucket Cylinder For Volvo Large Excavator EC360BP Introduction The Bucket Cylinder for Volvo Large Excavator EC360BP is a specially designed hydraulic cylinder used to control the movement of the bucket in heavy machinery such as excavators, backhoe loaders, and front-end loaders. Its main function is to enable the [&hellip;]<\/p>","protected":false},"featured_media":14784,"comment_status":"open","ping_status":"closed","template":"","meta":{"_et_pb_use_builder":"","_et_pb_old_content":"","_et_gb_content_width":""},"product_brand":[],"product_cat":[1494],"product_tag":[1495,1496],"class_list":{"0":"post-15406","1":"product","2":"type-product","3":"status-publish","4":"has-post-thumbnail","6":"product_cat-bucket-cylinders","7":"product_tag-bucket-cylinders","8":"product_tag-hydraulic-cylinders","10":"first","11":"instock","12":"shipping-taxable","13":"product-type-simple"},"amp_enabled":true,"_links":{"self":[{"href":"https:\/\/www.hydraulic-cylinders.net\/ro\/wp-json\/wp\/v2\/product\/15406","targetHints":{"allow":["GET"]}}],"collection":[{"href":"https:\/\/www.hydraulic-cylinders.net\/ro\/wp-json\/wp\/v2\/product"}],"about":[{"href":"https:\/\/www.hydraulic-cylinders.net\/ro\/wp-json\/wp\/v2\/types\/product"}],"replies":[{"embeddable":true,"href":"https:\/\/www.hydraulic-cylinders.net\/ro\/wp-json\/wp\/v2\/comments?post=15406"}],"wp:featuredmedia":[{"embeddable":true,"href":"https:\/\/www.hydraulic-cylinders.net\/ro\/wp-json\/wp\/v2\/media\/14784"}],"wp:attachment":[{"href":"https:\/\/www.hydraulic-cylinders.net\/ro\/wp-json\/wp\/v2\/media?parent=15406"}],"wp:term":[{"taxonomy":"product_brand","embeddable":true,"href":"https:\/\/www.hydraulic-cylinders.net\/ro\/wp-json\/wp\/v2\/product_brand?post=15406"},{"taxonomy":"product_cat","embeddable":true,"href":"https:\/\/www.hydraulic-cylinders.net\/ro\/wp-json\/wp\/v2\/product_cat?post=15406"},{"taxonomy":"product_tag","embeddable":true,"href":"https:\/\/www.hydraulic-cylinders.net\/ro\/wp-json\/wp\/v2\/product_tag?post=15406"}],"curies":[{"name":"wp","href":"https:\/\/api.w.org\/{rel}","templated":true}]}}