{"id":15417,"date":"2025-01-19T14:30:17","date_gmt":"2025-01-19T14:30:17","guid":{"rendered":"https:\/\/www.hydraulic-cylinders.net\/product\/bucket-cylinder-for-volvo-wheel-excavator-dls830-9b\/"},"modified":"2025-01-19T14:30:19","modified_gmt":"2025-01-19T14:30:19","slug":"bucket-cylinder-for-volvo-wheel-excavator-dls830-9b","status":"publish","type":"product","link":"https:\/\/www.hydraulic-cylinders.net\/ro\/produs\/bucket-cylinder-for-volvo-wheel-excavator-dls830-9b\/","title":{"rendered":"Cilindru cu cup\u0103 pentru excavatorul pe ro\u021bi Volvo DLS830-9B"},"content":{"rendered":"<h1>Cilindru cu cup\u0103 pentru excavatorul pe ro\u021bi Volvo DLS830-9B<\/h1>\n<h2>Introducere<\/h2>\n<h3>Defini\u0163ie<\/h3>\n<p>Un cilindru hidraulic specializat este un cilindru hidraulic utilizat \u00een principal pentru a controla mi\u0219carea cupelor \u00een utilaje grele, cum ar fi excavatoarele, excavatoarele cu buldoexcavatoare \u0219i \u00eenc\u0103rc\u0103toare frontale. Func\u021bia sa principal\u0103 este de a permite ridicarea, cobor\u00e2rea \u0219i \u00eenclinarea cupei, ceea ce o face convenabil\u0103 pentru diverse sarcini de manipulare a materialelor. \u00cen sistemul hidraulic, cilindrul cupei realizeaz\u0103 un control precis al cupei prin modificarea presiunii uleiului hidraulic, permi\u021b\u00e2nd operatorilor s\u0103 manipuleze eficient obiecte grele \u0219i s\u0103 se adapteze la medii de lucru complexe \u0219i cerin\u021be opera\u021bionale diverse.<\/p>\n<p><img decoding=\"async\" src=\"https:\/\/www.hydraulic-cylinders.net\/wp-content\/uploads\/2025\/01\/songte-company-2.webp\" alt=\"Cilindru cu cup\u0103 pentru excavatorul pe ro\u021bi Volvo DLS830-9B\"><\/p>\n<h2>Caracteristici<\/h2>\n<ul>\n<li>Rezisten\u021b\u0103 \u0219i durabilitate ridicate: fabricate de obicei din o\u021bel sau aluminiu de \u00eenalt\u0103 rezisten\u021b\u0103, capabile s\u0103 reziste la presiuni ridicate \u0219i sarcini grele, adaptabile la medii de lucru dure, proiectate av\u00e2nd \u00een vedere rezisten\u021ba la uzur\u0103 \u0219i la coroziune \u0219i o durat\u0103 de via\u021b\u0103 extins\u0103.<\/li>\n<li>Func\u021bionare hidraulic\u0103 eficient\u0103: utilizarea presiunii uleiului hidraulic pentru a ob\u021bine o extensie \u0219i o retragere lin\u0103, capabil\u0103 s\u0103 r\u0103spund\u0103 rapid la comenzile de control, oferind o for\u021b\u0103 puternic\u0103 de \u00eempingere \u0219i tragere, potrivit\u0103 pentru manipularea obiectelor grele \u0219i a sarcinilor opera\u021bionale complexe.<\/li>\n<li>Diverse tipuri: cilindri cu ac\u021biune simpl\u0103 (folosind sistemul hidraulic \u00eentr-o singur\u0103 direc\u021bie) sau cu ac\u021biune dubl\u0103 (folosind sistemul hidraulic \u00een ambele direc\u021bii) pot fi selecta\u021bi \u00een func\u021bie de necesit\u0103\u021bi pentru a satisface diferite nevoi opera\u021bionale. Unele modele sunt telescopice, permi\u021b\u00e2nd o extensie mai mare f\u0103r\u0103 a cre\u0219te dimensiunile exterioare, potrivite pentru aplica\u021bii cu spa\u021biu limitat.<\/li>\n<li>\u00cenlocuibil: produsul nostru poate \u00eenlocui perfect ace\u0219ti cilindri hidraulici.<\/li>\n<\/ul>\n<p><img decoding=\"async\" src=\"https:\/\/www.hydraulic-cylinders.net\/wp-content\/uploads\/2025\/01\/songte-cylinder-head-with-all-kinds-excavator-models.webp\" alt=\"Cilindru cu cup\u0103 pentru excavatorul pe ro\u021bi Volvo DLS830-9B\"><\/p>\n<h2>Aplica\u021bii<\/h2>\n<p>Cilindrii cu cup\u0103 sunt utiliza\u021bi \u00een diverse utilaje grele, cum ar fi:<\/p>\n<ul>\n<li>Echipamente de construc\u021bii: \u00een cazul excavatoarelor, acestea sunt esen\u021biale pentru s\u0103pare, \u00eenc\u0103rcare \u0219i mutarea solului sau a resturilor. \u00cen cazul excavatoarelor cu buldoexcavatoare, cilindrii cupei ajut\u0103 at\u00e2t la s\u0103pare, c\u00e2t \u0219i la ridicare. <\/li>\n<li>Ma\u0219ini agricole: utilizate pentru \u00eenc\u0103rc\u0103toare frontale, ridicarea, ridicarea \u0219i transportul solului, f\u00e2nului \u0219i altor materiale. <\/li>\n<li>Excavatoare: cilindrii cupei realizeaz\u0103 ac\u021biuni de excavare permi\u021b\u00e2nd cupei s\u0103 p\u0103trund\u0103 \u00een sol. <\/li>\n<li>\u00cenc\u0103rc\u0103toare: \u00een cazul \u00eenc\u0103rc\u0103toarelor frontale, acestea ajut\u0103 la ridicarea \u0219i \u00eenclinarea eficient\u0103 a \u00eenc\u0103rc\u0103turii. <\/li>\n<\/ul>\n<p>Pentru fiecare dintre aceste aplica\u021bii, cilindrii cupei permit echipamentelor grele s\u0103 \u00eendeplineasc\u0103 sarcinile de manipulare a materialelor mai eficient, mai precis \u0219i mai sigur. \u00cen opera\u021biunile de construc\u021bii \u0219i agricultur\u0103, productivitatea este crescut\u0103 \u0219i munca este u\u0219urat\u0103 prin utilizarea cilindrilor cupei.<\/p>\n<h2>Considera\u021bii de proiectare \u0219i criterii de selec\u021bie<\/h2>\n<h3>Capacitate portant\u0103<\/h3>\n<p>Cel mai important aspect la alegerea unui cilindru pentru cup\u0103 este capacitatea sa portant\u0103, care este direct legat\u0103 de greutatea materialelor manipulate. Cilindrul trebuie s\u0103 poat\u0103 suporta sarcina f\u0103r\u0103 a se \u00eendoi sau deforma sub presiune.<\/p>\n<h3>Sigilare<\/h3>\n<p>Etan\u0219area eficient\u0103 este esen\u021bial\u0103 pentru func\u021bionarea corect\u0103 a cilindrului cupei. Sistemul de etan\u0219are trebuie s\u0103 previn\u0103 scurgerile de fluid hidraulic, care pot duce la defectarea sistemului hidraulic, pierderea presiunii \u0219i poten\u021biale daune utilajelor. Utilizarea diferitelor componente de etan\u0219are, cum ar fi etan\u0219\u0103rile pistonului \u0219i etan\u0219\u0103rile tijei, fabricate din materiale rezistente la uzur\u0103, cum ar fi poliuretanul \u0219i cauciucul nitrilic, poate ajuta la prevenirea scurgerilor.<\/p>\n<h3>Durabilitate<\/h3>\n<p>Cilindrul cupei ar trebui s\u0103 fie proiectat s\u0103 reziste mult timp cu o \u00eentre\u021binere minim\u0103. Aceasta include utilizarea unor materiale durabile care pot rezista la condi\u021bii dure de mediu \u0219i la utilizare intens\u0103. Cilindrul ar trebui s\u0103 fie proiectat pentru o \u00eentre\u021binere \u0219i o reparare u\u0219oar\u0103, cu componente u\u0219or accesibile.<\/p>\n<h3>Siguran\u0163\u0103<\/h3>\n<p>Cilindrul cupei trebuie proiectat av\u00e2nd \u00een vedere caracteristicile de siguran\u021b\u0103. Ar trebui s\u0103 poat\u0103 rezista la presiuni ridicate f\u0103r\u0103 a se rupe, ceea ce poate provoca daune sau v\u0103t\u0103m\u0103ri corporale grave. Cilindrul trebuie proiectat pentru a preveni activarea sau func\u021bionarea accidental\u0103 a cilindrului cupei, care poate provoca v\u0103t\u0103m\u0103ri corporale grave operatorului sau deteriorarea utilajelor.<\/p>\n<h3>Lubrifiere<\/h3>\n<p>Cilindrul cupei trebuie lubrifiat periodic pentru a asigura buna func\u021bionare a sistemului hidraulic. Aceasta include utilizarea de ulei \u0219i lubrifian\u021bi hidraulici, precum \u0219i \u00eenlocuirea componentelor uzate sau deteriorate.<\/p>\n<p><img decoding=\"async\" src=\"https:\/\/www.hydraulic-cylinders.net\/wp-content\/uploads\/2025\/01\/songte-oil-pipes-and-spare-parts.webp\" alt=\"Cilindru cu cup\u0103 pentru excavatorul pe ro\u021bi Volvo DLS830-9B\"><\/p>\n<h2>\u00centre\u0163inere<\/h2>\n<h3>Instalare<\/h3>\n<p>Cilindrul cupei trebuie instalat corect pentru a asigura o func\u021bionare corespunz\u0103toare. Aceasta include alinierea corect\u0103 a cilindrului \u0219i utilizarea suporturilor de montare adecvate pentru a-l fixa \u00een pozi\u021bie. Trebuie urmate procedurile recomandate de inspec\u021bie, reparare \u0219i \u00eenlocuire pentru a men\u021bine performan\u021ba cilindrului cupei.<\/p>\n<h3>\u00centre\u021binere preventiv\u0103<\/h3>\n<p>\u00centre\u021binerea preventiv\u0103 este esen\u021bial\u0103 pentru a minimiza poten\u021bialele probleme \u0219i a maximiza durata de via\u021b\u0103 a cilindrului cupei. Aceasta include inspec\u021bia regulat\u0103, lubrifierea \u0219i \u00eenlocuirea componentelor uzate sau deteriorate. Instalarea, lubrifierea \u0219i reglarea corect\u0103 sunt cruciale pentru func\u021bionarea corect\u0103 a cilindrului cupei.<\/p>\n<h3>Sarcini comune de \u00eentre\u021binere<\/h3>\n<ul>\n<li>Inspec\u021bie regulat\u0103: verificarea semnelor de uzur\u0103 sau deteriorare a cilindrului, cum ar fi componente \u00eendoite sau cr\u0103pate, scurgeri sau coroziune. <\/li>\n<li>Lubrificarea adecvat\u0103: utilizarea uleiului hidraulic \u0219i a lubrifian\u021bilor recomanda\u021bi \u0219i asigurarea c\u0103 toate piesele mobile sunt lubrifiate corespunz\u0103tor. <\/li>\n<li>\u00cenlocuirea garniturilor: \u00eenlocuirea garniturilor uzate sau deteriorate pentru a preveni scurgerile de fluid \u0219i a asigura func\u021bionarea corect\u0103 a cilindrului. <\/li>\n<li>Verificarea calibr\u0103rii: verificarea calibr\u0103rii cilindrului pentru a asigura func\u021bionarea corect\u0103. <\/li>\n<\/ul>\n<p><img decoding=\"async\" src=\"https:\/\/www.hydraulic-cylinders.net\/wp-content\/uploads\/2025\/01\/songte-chushion-collar.webp\" alt=\"Cilindru cu cup\u0103 pentru excavatorul pe ro\u021bi Volvo DLS830-9B\"><\/p>\n<h2>Considera\u021bii privind siguran\u021ba \u0219i mediul<\/h2>\n<p>Trebuie luate m\u0103suri de siguran\u021b\u0103 adecvate la manipularea sau operarea cilindrilor cupei. Operatorii trebuie s\u0103 fie instrui\u021bi corespunz\u0103tor \u00een utilizarea acestora, iar echipamentul de siguran\u021b\u0103 adecvat trebuie purtat \u00een permanen\u021b\u0103. Cilindrul trebuie utilizat numai conform destina\u021biei sale, iar toate caracteristicile de siguran\u021b\u0103 trebuie \u00eentre\u021binute \u0219i testate corespunz\u0103tor.<\/p>\n<p>De asemenea, trebuie luate \u00een considerare considera\u021biile de mediu atunci c\u00e2nd se utilizeaz\u0103 cilindri pentru cupe. Trebuie asigurat\u0103 eliminarea corect\u0103 a fluidelor hidraulice \u0219i a altor materiale \u0219i trebuie respectate toate reglement\u0103rile locale \u0219i na\u021bionale de mediu.<\/p>\n<h2>Probleme frecvente \u0219i depanare<\/h2>\n<p>Problemele frecvente ale cilindrilor cupei includ scurgeri, componente \u00eendoite sau deteriorate \u0219i func\u021bionare necorespunz\u0103toare. Depanarea poate implica inspec\u021bia cilindrului pentru deterior\u0103ri sau uzur\u0103, verificarea sistemului hidraulic pentru scurgeri \u0219i verificarea calibr\u0103rii \u0219i func\u021bion\u0103rii corecte a cilindrului.<\/p>\n<p>M\u0103surile preventive, cum ar fi inspec\u021bia regulat\u0103, lubrifierea \u0219i repararea componentelor uzate sau deteriorate, pot ajuta la minimizarea problemelor poten\u021biale \u0219i la asigurarea func\u021bion\u0103rii corecte a cilindrului cupei.<\/p>\n<p><img decoding=\"async\" src=\"https:\/\/www.hydraulic-cylinders.net\/wp-content\/uploads\/2025\/01\/songte-bushings-with-all-kinds-of-excavator-models.webp\" alt=\"Cilindru cu cup\u0103 pentru excavatorul pe ro\u021bi Volvo DLS830-9B\"><\/p>\n<h2>Despre noi<\/h2>\n<p>Suntem produc\u0103tori de cilindri hidraulici care pot \u00eenlocui cilindrii hidraulici. Compania noastr\u0103 ofer\u0103 o gam\u0103 complet\u0103 de produse \u0219i a devenit unul dintre principalii produc\u0103tori \u0219i distribuitori angro de cilindri hidraulici pe pie\u021bele interne \u0219i interna\u021bionale. Urm\u0103m principiile calit\u0103\u021bii excelente, baz\u00e2ndu-ne pe strategia industrializat\u0103 de management al produc\u021biei din atelierul de produc\u021bie fin\u0103. Compania noastr\u0103 \u00eembun\u0103t\u0103\u021be\u0219te continuu platforma de produc\u021bie a atelierului, perfec\u021bioneaz\u0103 linia de produc\u021bie a calit\u0103\u021bii produselor \u0219i are o puternic\u0103 capacitate creativ\u0103 de a satisface nevoile diverse ale clien\u021bilor cu eficien\u021b\u0103 ridicat\u0103, precizie ridicat\u0103 \u0219i calitate superioar\u0103.<\/p>\n<p>Compania noastr\u0103 ofer\u0103 o gam\u0103 complet\u0103 de servicii, inclusiv design personalizat, certific\u0103ri interna\u021bionale, echipamente de produc\u021bie \u0219i servicii post-v\u00e2nzare.<\/p>\n<p><img decoding=\"async\" src=\"https:\/\/hzpt.com\/wp-content\/uploads\/2024\/11\/songte-company-1.webp\" alt=\"Cilindru cu cup\u0103 pentru excavatorul pe ro\u021bi Volvo DLS830-9B\"><\/p>\n<p><i>Autor: lyl<\/i><\/p>","protected":false},"excerpt":{"rendered":"<p>Bucket Cylinder For Volvo Wheel Excavator DLS830-9B Introduction Definition A bucket cylinder is a specialized hydraulic cylinder used primarily to control the movement of buckets in heavy machinery such as excavators, backhoe excavators, and front-end loaders. Its main function is to enable the bucket to lift, lower, and tilt, making it convenient for various material [&hellip;]<\/p>","protected":false},"featured_media":14789,"comment_status":"open","ping_status":"closed","template":"","meta":{"_et_pb_use_builder":"","_et_pb_old_content":"","_et_gb_content_width":""},"product_brand":[],"product_cat":[1494],"product_tag":[1495,1496],"class_list":{"0":"post-15417","1":"product","2":"type-product","3":"status-publish","4":"has-post-thumbnail","6":"product_cat-bucket-cylinders","7":"product_tag-bucket-cylinders","8":"product_tag-hydraulic-cylinders","10":"first","11":"instock","12":"shipping-taxable","13":"product-type-simple"},"amp_enabled":true,"_links":{"self":[{"href":"https:\/\/www.hydraulic-cylinders.net\/ro\/wp-json\/wp\/v2\/product\/15417","targetHints":{"allow":["GET"]}}],"collection":[{"href":"https:\/\/www.hydraulic-cylinders.net\/ro\/wp-json\/wp\/v2\/product"}],"about":[{"href":"https:\/\/www.hydraulic-cylinders.net\/ro\/wp-json\/wp\/v2\/types\/product"}],"replies":[{"embeddable":true,"href":"https:\/\/www.hydraulic-cylinders.net\/ro\/wp-json\/wp\/v2\/comments?post=15417"}],"wp:featuredmedia":[{"embeddable":true,"href":"https:\/\/www.hydraulic-cylinders.net\/ro\/wp-json\/wp\/v2\/media\/14789"}],"wp:attachment":[{"href":"https:\/\/www.hydraulic-cylinders.net\/ro\/wp-json\/wp\/v2\/media?parent=15417"}],"wp:term":[{"taxonomy":"product_brand","embeddable":true,"href":"https:\/\/www.hydraulic-cylinders.net\/ro\/wp-json\/wp\/v2\/product_brand?post=15417"},{"taxonomy":"product_cat","embeddable":true,"href":"https:\/\/www.hydraulic-cylinders.net\/ro\/wp-json\/wp\/v2\/product_cat?post=15417"},{"taxonomy":"product_tag","embeddable":true,"href":"https:\/\/www.hydraulic-cylinders.net\/ro\/wp-json\/wp\/v2\/product_tag?post=15417"}],"curies":[{"name":"wp","href":"https:\/\/api.w.org\/{rel}","templated":true}]}}