{"id":15422,"date":"2025-01-19T14:30:43","date_gmt":"2025-01-19T14:30:43","guid":{"rendered":"https:\/\/www.hydraulic-cylinders.net\/product\/bucket-cylinder-for-sany-small-excavator-sy135c-9\/"},"modified":"2025-01-19T14:30:45","modified_gmt":"2025-01-19T14:30:45","slug":"bucket-cylinder-for-sany-small-excavator-sy135c-9","status":"publish","type":"product","link":"https:\/\/www.hydraulic-cylinders.net\/ro\/produs\/bucket-cylinder-for-sany-small-excavator-sy135c-9\/","title":{"rendered":"Cilindru cu cup\u0103 pentru excavatorul mic Sany SY135C-9"},"content":{"rendered":"<h1>Cilindru cu cup\u0103 pentru excavatorul mic Sany SY135C-9<\/h1>\n<h2>Introducere<\/h2>\n<p>Cilindrul cupei pentru excavatorul mic Sany SY135C-9 este un cilindru hidraulic special conceput, utilizat pentru a controla mi\u0219carea cupei \u00een utilaje grele, cum ar fi excavatoarele, \u00eenc\u0103rc\u0103toarele frontale \u0219i \u00eenc\u0103rc\u0103toarele frontale. Func\u021bia sa principal\u0103 este de a permite ridicarea, cobor\u00e2rea \u0219i \u00eenclinarea cupei, facilit\u00e2nd diverse sarcini de manipulare a materialelor. \u00cen sistemul hidraulic, cilindrul cupei realizeaz\u0103 un control precis al cupei prin varia\u021bia presiunii uleiului hidraulic, permi\u021b\u00e2nd operatorilor s\u0103 manipuleze eficient sarcini grele \u0219i s\u0103 se adapteze la medii de lucru complexe \u0219i nevoi opera\u021bionale diverse.<\/p>\n<p><img decoding=\"async\" src=\"https:\/\/www.hydraulic-cylinders.net\/wp-content\/uploads\/2025\/01\/songte-company-2.webp\" alt=\"Imaginea produsului\"><\/p>\n<h2>Caracteristici<\/h2>\n<ul>\n<li>Rezisten\u021b\u0103 \u0219i durabilitate ridicate: Fabricat de obicei din o\u021bel sau aluminiu de \u00eenalt\u0103 rezisten\u021b\u0103, cilindrul cupei poate rezista la presiuni ridicate \u0219i sarcini grele, adapt\u00e2ndu-se la medii de lucru dure. Designul s\u0103u ia \u00een considerare rezisten\u021ba la uzur\u0103 \u0219i la coroziune, prelungindu-i durata de via\u021b\u0103.<\/li>\n<li>Func\u021bionare hidraulic\u0103 eficient\u0103: Prin utilizarea presiunii uleiului hidraulic, cilindrul cupei realizeaz\u0103 o mi\u0219care telescopic\u0103 lin\u0103, permi\u021b\u00e2nd un r\u0103spuns rapid la comenzile de control \u0219i oferind for\u021be puternice de \u00eempingere \u0219i tragere. Este potrivit pentru manipularea sarcinilor grele \u0219i a sarcinilor opera\u021bionale complexe.<\/li>\n<li>Diverse tipuri: Cilindrul cupei poate fi ales ca fiind cu ac\u021biune simpl\u0103 (presiunea hidraulic\u0103 utilizat\u0103 \u00eentr-o singur\u0103 direc\u021bie) sau cu ac\u021biune dubl\u0103 (presiunea hidraulic\u0103 utilizat\u0103 \u00een ambele direc\u021bii) \u00een func\u021bie de cerin\u021bele opera\u021bionale. Unele modele sunt telescopice, permi\u021b\u00e2nd o extensie mai mare f\u0103r\u0103 a cre\u0219te dimensiunile exterioare, fiind potrivite pentru aplica\u021bii cu spa\u021biu limitat.<\/li>\n<li>\u00cenlocuitor perfect: Produsele noastre pot servi ca \u00eenlocuitori perfec\u021bi pentru ace\u0219ti cilindri hidraulici.<\/li>\n<\/ul>\n<p><img decoding=\"async\" src=\"https:\/\/www.hydraulic-cylinders.net\/wp-content\/uploads\/2025\/01\/songte-cylinder-head-with-all-kinds-excavator-models.webp\" alt=\"Imaginea produsului\"><\/p>\n<h2>Aplica\u021bii<\/h2>\n<ul>\n<li>Echipamente de construc\u021bii: Se g\u0103sesc \u00een excavatoare, acestea sunt esen\u021biale pentru excavare, \u00eenc\u0103rcare \u0219i mutarea solului sau a molozului. La \u00eenc\u0103rc\u0103toarele cu excavator, cilindrul cupei ajut\u0103 at\u00e2t la excavare, c\u00e2t \u0219i la ridicare.<\/li>\n<li>Ma\u0219ini agricole: utilizate la \u00eenc\u0103rc\u0103toarele frontale pentru scobere, ridicare \u0219i transportul solului, f\u00e2nului \u0219i altor materiale.<\/li>\n<li>Excavatoare: Cilindrul cupei permite ac\u021biunile de s\u0103pare permi\u021b\u00e2nd cupei s\u0103 p\u0103trund\u0103 \u00een sol.<\/li>\n<li>\u00cenc\u0103rc\u0103toare: \u00cen \u00eenc\u0103rc\u0103toarele frontale, acestea ajut\u0103 la ridicarea \u0219i \u00eenclinarea eficient\u0103 a m\u0103rfurilor.<\/li>\n<\/ul>\n<h2>Considera\u021bii de proiectare \u0219i criterii de selec\u021bie<\/h2>\n<p>Considera\u021biile de proiectare pentru cilindrul cupei includ capacitatea portant\u0103, etan\u0219area, durabilitatea, siguran\u021ba \u0219i mentenan\u021ba. Fiecare aspect este discutat mai jos:<\/p>\n<p><img decoding=\"async\" src=\"https:\/\/www.hydraulic-cylinders.net\/wp-content\/uploads\/2025\/01\/songte-oil-pipes-and-spare-parts.webp\" alt=\"Imaginea produsului\"><\/p>\n<h3>Capacitate portant\u0103<\/h3>\n<p>Cilindrul cupei este proiectat s\u0103 reziste la presiuni ridicate \u0219i sarcini grele, asigur\u00e2nd performan\u021be fiabile \u00een aplica\u021bii solicitante.<\/p>\n<h3>Sigilare<\/h3>\n<p>Diverse componente de etan\u0219are, cum ar fi etan\u0219\u0103rile pistonului \u0219i etan\u0219\u0103rile tijei, sunt utilizate \u00een cilindrul cupei pentru a asigura o etan\u0219are eficient\u0103. Aceste etan\u0219\u0103ri sunt fabricate din materiale rezistente la uzur\u0103, cum ar fi poliuretanul \u0219i cauciucul nitrilic. Corpul cilindrului \u0219i capetele filetate sunt prelucrate fin pentru a spori rezisten\u021ba la uzur\u0103. Lubrifierea regulat\u0103 cu cantitatea adecvat\u0103 de ulei hidraulic este necesar\u0103 pentru o func\u021bionare f\u0103r\u0103 probleme.<\/p>\n<h3>Durabilitate<\/h3>\n<p>Cilindrul cupei este construit din materiale de \u00eenalt\u0103 rezisten\u021b\u0103 \u0219i conceput pentru a rezista la condi\u021bii dure de lucru, asigur\u00e2nd performan\u021be de lung\u0103 durat\u0103 \u0219i reduc\u00e2nd la minimum cerin\u021bele de \u00eentre\u021binere.<\/p>\n<h3>Siguran\u0163\u0103<\/h3>\n<p>La utilizarea cilindrului cupei trebuie respectate m\u0103suri de siguran\u021b\u0103, inclusiv instalarea corect\u0103, inspec\u021bii regulate \u0219i respectarea instruc\u021biunilor de siguran\u021b\u0103. Se recomand\u0103 alinierea corect\u0103 a cilindrului \u00een timpul instal\u0103rii \u0219i utilizarea suporturilor de montare adecvate pentru fixarea acestuia.<\/p>\n<h3>Mentenabilitate<\/h3>\n<p>Inspec\u021biile regulate, lubrifierea corespunz\u0103toare, \u00eenlocuirea garniturilor \u0219i verific\u0103rile de calibrare sunt sarcini comune de \u00eentre\u021binere pentru cilindrul cupei. Instalarea, lubrifierea \u0219i reglarea corect\u0103 sunt esen\u021biale pentru performan\u021be optime \u0219i longevitate. Piese de schimb \u0219i servicii de reconstruc\u021bie sunt disponibile pentru a prelungi durata de via\u021b\u0103 a cilindrului cupei.<\/p>\n<p><img decoding=\"async\" src=\"https:\/\/www.hydraulic-cylinders.net\/wp-content\/uploads\/2025\/01\/songte-chushion-collar.webp\" alt=\"Imaginea produsului\"><\/p>\n<h2>Considera\u021bii de siguran\u021b\u0103 \u0219i factori de mediu<\/h2>\n<p>Atunci c\u00e2nd se utilizeaz\u0103 cilindrul cupei, este important s\u0103 se respecte m\u0103surile de siguran\u021b\u0103 pentru a preveni accidentele \u0219i a asigura bun\u0103starea operatorilor. Trebuie respectate \u00eentotdeauna m\u0103surile de siguran\u021b\u0103, cum ar fi purtarea echipamentului de protec\u021bie adecvat \u0219i operarea utilajelor \u00een parametrii recomanda\u021bi. Factorii de mediu, cum ar fi temperatura \u0219i umiditatea, pot afecta, de asemenea, performan\u021ba cilindrului cupei \u0219i este important s\u0103 se ia \u00een considerare ace\u0219ti factori \u00een timpul func\u021bion\u0103rii \u0219i \u00eentre\u021binerii.<\/p>\n<h2>Depanare \u0219i probleme frecvente<\/h2>\n<p>C\u00e2nd \u00eent\u00e2mpina\u021bi probleme cu cilindrul cupei, este important s\u0103 diagnostica\u021bi corect problema \u0219i s\u0103 lua\u021bi m\u0103surile adecvate pentru a o rezolva. Sfaturile \u0219i solu\u021biile comune de depanare pot ajuta cititorii s\u0103 diagnosticheze \u0219i s\u0103 depaneze eficient problemele. \u00cen plus, pot fi implementate m\u0103suri preventive pentru a minimiza poten\u021bialele probleme.<\/p>\n<p><img decoding=\"async\" src=\"https:\/\/www.hydraulic-cylinders.net\/wp-content\/uploads\/2025\/01\/songte-bushings-with-all-kinds-of-excavator-models.webp\" alt=\"Imaginea produsului\"><\/p>\n<h2>Sarcini de \u00eentre\u021binere<\/h2>\n<p>Inspec\u021biile regulate, lubrifierea corespunz\u0103toare, \u00eenlocuirea garniturilor \u0219i verific\u0103rile de calibrare sunt sarcini comune de \u00eentre\u021binere pentru cilindrul cupei. Subliniind importan\u021ba instal\u0103rii, lubrifierii \u0219i ajust\u0103rii corecte, oferind \u00eendrum\u0103ri privind alinierea cilindrului \u00een timpul instal\u0103rii, recomand\u00e2nd proceduri de \u00eentre\u021binere adecvate \u0219i oferind sfaturi pentru prelungirea duratei de via\u021b\u0103 a cilindrului cupei.<\/p>\n<h2>Despre compania noastr\u0103<\/h2>\n<p>Suntem un produc\u0103tor \u0219i distribuitor angro de top de cilindri hidraulici pe pie\u021bele interne \u0219i interna\u021bionale. Compania noastr\u0103 ofer\u0103 o gam\u0103 larg\u0103 de produse \u0219i este cunoscut\u0103 pentru calitatea sa excelent\u0103. Concentr\u00e2ndu-ne pe calitatea superioar\u0103, ne baz\u0103m pe strategii industrializate de management al produc\u021biei \u00een atelierul nostru de produc\u021bie de ultim\u0103 genera\u021bie. Compania \u00ee\u0219i \u00eembun\u0103t\u0103\u021be\u0219te continuu platforma de produc\u021bie, \u00eembun\u0103t\u0103\u021be\u0219te rutele de produc\u021bie a calit\u0103\u021bii produselor \u0219i are capacit\u0103\u021bi puternice de produc\u021bie. Principiile noastre de eficien\u021b\u0103 ridicat\u0103, precizie \u0219i calitate ne permit s\u0103 satisfacem nevoile diverse ale clien\u021bilor no\u0219tri.<\/p>\n<p><img decoding=\"async\" src=\"https:\/\/www.hydraulic-cylinders.net\/wp-content\/uploads\/2025\/01\/songte-company-3.webp\" alt=\"Imaginea companiei\"><\/p>\n<h3>Profesionalism<\/h3>\n<p>Compania noastr\u0103 se m\u00e2ndre\u0219te cu profesionalismul de care dau dovad\u0103 \u00een fiecare aspect al opera\u021biunilor sale, de la produc\u021bie p\u00e2n\u0103 la serviciul clien\u021bi.<\/p>\n<h3>Certific\u0103ri interna\u021bionale<\/h3>\n<p>Am ob\u021binut diverse certific\u0103ri interna\u021bionale, asigur\u00e2nd c\u0103 produsele noastre \u00eendeplinesc cele mai \u00eenalte standarde de calitate \u0219i respect\u0103 reglement\u0103rile din industrie.<\/p>\n<h3>Servicii de personalizare<\/h3>\n<p>Oferim servicii de personalizare pentru a satisface cerin\u021bele unice ale clien\u021bilor no\u0219tri, oferind solu\u021bii personalizate pentru nevoile lor legate de cilindrii hidraulici.<\/p>\n<h3>Echipamente de produc\u021bie<\/h3>\n<p>Folosim echipamente de produc\u021bie avansate pentru a asigura precizia \u0219i eficien\u021ba \u00een procesul de fabrica\u021bie, rezult\u00e2nd cilindri hidraulici de \u00eenalt\u0103 calitate.<\/p>\n<h3>Serviciu post-v\u00e2nzare<\/h3>\n<p>Compania noastr\u0103 ofer\u0103 servicii complete post-v\u00e2nzare, inclusiv servicii de \u00eentre\u021binere, repara\u021bii \u0219i \u00eenlocuire. Ne angaj\u0103m s\u0103 asigur\u0103m satisfac\u021bia clien\u021bilor \u0219i parteneriate pe termen lung.<\/p>\n<p><img decoding=\"async\" src=\"https:\/\/hzpt.com\/wp-content\/uploads\/2024\/11\/songte-company-1.webp\" alt=\"Imaginea companiei\"><\/p>\n<p>Autor: lyl<\/p>","protected":false},"excerpt":{"rendered":"<p>Bucket Cylinder For Sany Small Excavator SY135C-9 Introduction The bucket cylinder for Sany small excavator SY135C-9 is a specially designed hydraulic cylinder used to control the movement of the bucket in heavy machinery such as excavators, backhoe loaders, and front loaders. Its main function is to enable the bucket to lift, lower, and tilt, making [&hellip;]<\/p>","protected":false},"featured_media":14782,"comment_status":"open","ping_status":"closed","template":"","meta":{"_et_pb_use_builder":"","_et_pb_old_content":"","_et_gb_content_width":""},"product_brand":[],"product_cat":[1494],"product_tag":[1495,1496],"class_list":{"0":"post-15422","1":"product","2":"type-product","3":"status-publish","4":"has-post-thumbnail","6":"product_cat-bucket-cylinders","7":"product_tag-bucket-cylinders","8":"product_tag-hydraulic-cylinders","10":"first","11":"instock","12":"shipping-taxable","13":"product-type-simple"},"amp_enabled":true,"_links":{"self":[{"href":"https:\/\/www.hydraulic-cylinders.net\/ro\/wp-json\/wp\/v2\/product\/15422","targetHints":{"allow":["GET"]}}],"collection":[{"href":"https:\/\/www.hydraulic-cylinders.net\/ro\/wp-json\/wp\/v2\/product"}],"about":[{"href":"https:\/\/www.hydraulic-cylinders.net\/ro\/wp-json\/wp\/v2\/types\/product"}],"replies":[{"embeddable":true,"href":"https:\/\/www.hydraulic-cylinders.net\/ro\/wp-json\/wp\/v2\/comments?post=15422"}],"wp:featuredmedia":[{"embeddable":true,"href":"https:\/\/www.hydraulic-cylinders.net\/ro\/wp-json\/wp\/v2\/media\/14782"}],"wp:attachment":[{"href":"https:\/\/www.hydraulic-cylinders.net\/ro\/wp-json\/wp\/v2\/media?parent=15422"}],"wp:term":[{"taxonomy":"product_brand","embeddable":true,"href":"https:\/\/www.hydraulic-cylinders.net\/ro\/wp-json\/wp\/v2\/product_brand?post=15422"},{"taxonomy":"product_cat","embeddable":true,"href":"https:\/\/www.hydraulic-cylinders.net\/ro\/wp-json\/wp\/v2\/product_cat?post=15422"},{"taxonomy":"product_tag","embeddable":true,"href":"https:\/\/www.hydraulic-cylinders.net\/ro\/wp-json\/wp\/v2\/product_tag?post=15422"}],"curies":[{"name":"wp","href":"https:\/\/api.w.org\/{rel}","templated":true}]}}