{"id":15428,"date":"2025-01-19T14:31:07","date_gmt":"2025-01-19T14:31:07","guid":{"rendered":"https:\/\/www.hydraulic-cylinders.net\/product\/bucket-cylinder-for-sany-small-excavator-sy155c-9\/"},"modified":"2025-01-19T14:31:09","modified_gmt":"2025-01-19T14:31:09","slug":"bucket-cylinder-for-sany-small-excavator-sy155c-9","status":"publish","type":"product","link":"https:\/\/www.hydraulic-cylinders.net\/ro\/produs\/bucket-cylinder-for-sany-small-excavator-sy155c-9\/","title":{"rendered":"Cilindru cu cup\u0103 pentru excavatorul mic Sany SY155C-9"},"content":{"rendered":"<p><!DOCTYPE html><br \/>\n<html><br \/>\n<head><br \/>\n\t<title>Cilindru cu cup\u0103 pentru excavatorul mic Sany SY155C-9<\/title><br \/>\n<\/head><br \/>\n<body><\/p>\n<h1>Cilindru cu cup\u0103 pentru excavatorul mic Sany SY155C-9<\/h1>\n<h2>Introducere<\/h2>\n<p>Cilindrul cupei este un cilindru hidraulic special conceput, utilizat pentru a controla mi\u0219carea cupei \u00een utilaje grele, cum ar fi excavatoarele, \u00eenc\u0103rc\u0103toarele excavatoare \u0219i \u00eenc\u0103rc\u0103toarele frontale. Func\u021bia sa principal\u0103 este de a permite ridicarea, cobor\u00e2rea \u0219i \u00eenclinarea cupei, facilit\u00e2nd gestionarea diverselor sarcini de manipulare a materialelor. \u00cen sistemul hidraulic, cilindrul cupei realizeaz\u0103 un control precis al cupei prin utilizarea modific\u0103rilor presiunii uleiului hidraulic, permi\u021b\u00e2nd operatorilor s\u0103 manipuleze eficient sarcini grele \u0219i s\u0103 se adapteze la medii de lucru complexe \u0219i cerin\u021be diverse ale lucr\u0103rilor.<\/p>\n<p>\t<img decoding=\"async\" src=\"https:\/\/www.hydraulic-cylinders.net\/wp-content\/uploads\/2025\/01\/songte-company-2.webp\" alt=\"Imaginea cilindrului cupei\"><\/p>\n<h2>Caracteristici<\/h2>\n<ul>\n<li>Rezisten\u021b\u0103 \u0219i durabilitate ridicate: Fabricat de obicei din o\u021bel sau aluminiu de \u00eenalt\u0103 rezisten\u021b\u0103, cilindrul cupei poate rezista la presiuni ridicate \u0219i sarcini grele, adapt\u00e2ndu-se la medii de lucru dure. Designul s\u0103u ia \u00een considerare rezisten\u021ba la uzur\u0103 \u0219i la coroziune, prelungindu-i durata de via\u021b\u0103.<\/li>\n<li>Func\u021bionare hidraulic\u0103 eficient\u0103: Utiliz\u00e2nd presiunea uleiului hidraulic, cilindrul cupei realizeaz\u0103 o extensie \u0219i o retragere lin\u0103, permi\u021b\u00e2nd un r\u0103spuns rapid la comenzile de control \u0219i oferind for\u021be puternice de \u00eempingere \u0219i tragere, potrivite pentru manipularea sarcinilor grele \u0219i a sarcinilor complexe.<\/li>\n<li>Tipuri versatile: Cilindrul cupei poate fi selectat ca cilindru cu ac\u021biune simpl\u0103 (utilizat hidraulic \u00eentr-o singur\u0103 direc\u021bie) sau cu ac\u021biune dubl\u0103 (utilizat hidraulic \u00een ambele direc\u021bii), \u00een func\u021bie de cerin\u021bele opera\u021bionale specifice. Unele modele sunt telescopice, permi\u021b\u00e2nd o extensie mai mare f\u0103r\u0103 a cre\u0219te dimensiunile exterioare, potrivite pentru aplica\u021bii cu spa\u021biu limitat.<\/li>\n<li>\u00cenlocuitor perfect pentru cilindrii hidraulici: Produsele noastre pot \u00eenlocui perfect cilindrii hidraulici existen\u021bi, oferind aceea\u0219i func\u021bionalitate \u0219i performan\u021b\u0103.<\/li>\n<\/ul>\n<p>\t<img decoding=\"async\" src=\"https:\/\/www.hydraulic-cylinders.net\/wp-content\/uploads\/2025\/01\/songte-cylinder-head-with-all-kinds-excavator-models.webp\" alt=\"Imagine cilindru hidraulic\"><\/p>\n<h2>Aplica\u021bii<\/h2>\n<p>Cilindrul cu cup\u0103 \u00ee\u0219i g\u0103se\u0219te aplica\u021bii \u00een diverse industrii, inclusiv:<\/p>\n<ul>\n<li>Echipamente de construc\u021bii: vitale pentru excavatoare, deoarece faciliteaz\u0103 s\u0103parea, \u00eenc\u0103rcarea \u0219i mutarea solului sau a resturilor. La \u00eenc\u0103rc\u0103toarele portabile, cilindrul cupei ajut\u0103 at\u00e2t la excavare, c\u00e2t \u0219i la ridicare.<\/li>\n<li>Ma\u0219ini agricole: utilizate la \u00eenc\u0103rc\u0103toarele frontale pentru scobere, ridicare \u0219i transportul solului, f\u00e2nului \u0219i altor materiale.<\/li>\n<li>Excavatoare: Cilindrul cupei permite ac\u021biunile de s\u0103pare permi\u021b\u00e2nd cupei s\u0103 p\u0103trund\u0103 \u00een sol.<\/li>\n<li>\u00cenc\u0103rc\u0103toare: \u00cen \u00eenc\u0103rc\u0103toarele frontale, acestea ajut\u0103 la ridicarea \u0219i desc\u0103rcarea eficient\u0103 a m\u0103rfurilor.<\/li>\n<\/ul>\n<h2>Considera\u021bii de proiectare \u0219i criterii de selec\u021bie<\/h2>\n<p>C\u00e2nd vine vorba de aspecte legate de proiectare, factorii cheie precum capacitatea portant\u0103, etan\u0219area, durabilitatea, siguran\u021ba \u0219i mentenan\u021ba sunt esen\u021biali. Iat\u0103 c\u00e2teva aspecte de luat \u00een considerare:<\/p>\n<p>\t<img decoding=\"async\" src=\"https:\/\/www.hydraulic-cylinders.net\/wp-content\/uploads\/2025\/01\/songte-oil-pipes-and-spare-parts.webp\" alt=\"Imaginea pieselor cilindrului hidraulic\"><\/p>\n<ul>\n<li>Capacitate portant\u0103: Cilindrul cupei trebuie s\u0103 fie proiectat pentru a suporta sarcinile preconizate pe care le va \u00eent\u00e2lni \u00een timpul func\u021bion\u0103rii.<\/li>\n<li>Etan\u0219are: Diverse elemente de etan\u0219are, cum ar fi etan\u0219\u0103rile pistonului \u0219i ale tijei, fabricate din materiale rezistente la uzur\u0103, precum poliuretanul \u0219i cauciucul nitrilic, sunt utilizate pentru a asigura o etan\u0219are corect\u0103 \u0219i a preveni scurgerile.<\/li>\n<li>Durabilitate: Corpul cilindrului \u0219i capetele filetate sunt supuse unor tratamente de suprafa\u021b\u0103 meticuloase pentru a spori rezisten\u021ba la uzur\u0103 \u0219i longevitatea.<\/li>\n<li>Siguran\u021b\u0103: Proiectul trebuie s\u0103 includ\u0103 elemente de siguran\u021b\u0103 pentru a preveni accidentele \u0219i a asigura bun\u0103starea operatorului \u00een timpul func\u021bion\u0103rii.<\/li>\n<li>\u00centre\u021binere: Accesul facil la componente, piesele standardizate \u0219i instruc\u021biunile clare de \u00eentre\u021binere \u0219i reparare contribuie la mentenan\u021ba general\u0103 a cilindrului cupei.<\/li>\n<\/ul>\n<h2>Etan\u0219are \u0219i lubrifiere<\/h2>\n<p>Cilindrul cupei utilizeaz\u0103 diverse tipuri de etan\u0219\u0103ri, cum ar fi etan\u0219\u0103rile pistonului \u0219i etan\u0219\u0103rile tijei, fabricate din materiale rezistente la uzur\u0103. Corpul cilindrului \u0219i capetele filetate sunt tratate pentru a cre\u0219te rezisten\u021ba la uzur\u0103. Lubrifierea regulat\u0103 cu o cantitate adecvat\u0103 de ulei hidraulic este necesar\u0103 pentru a asigura o func\u021bionare corect\u0103.<\/p>\n<h2>\u00centre\u021binere \u0219i m\u0103suri preventive<\/h2>\n<ul>\n<li>Inspec\u021bii regulate: Verific\u0103rile periodice sunt esen\u021biale pentru a identifica orice probleme sau poten\u021biale probleme cu cilindrul cupei.<\/li>\n<li>Lubrifiere adecvat\u0103: Lubrifierea adecvat\u0103 ajut\u0103 la prevenirea frec\u0103rii \u0219i la men\u021binerea unei func\u021bion\u0103ri line.<\/li>\n<li>\u00cenlocuirea garniturilor: Dac\u0103 garniturile sunt uzate sau deteriorate, acestea trebuie \u00eenlocuite imediat pentru a preveni scurgerile.<\/li>\n<li>Verific\u0103ri de calibrare: Calibrarea regulat\u0103 asigur\u0103 func\u021bionarea corect\u0103 a cilindrului cupei.<\/li>\n<\/ul>\n<p>\t<img decoding=\"async\" src=\"https:\/\/www.hydraulic-cylinders.net\/wp-content\/uploads\/2025\/01\/songte-chushion-collar.webp\" alt=\"Imaginea pieselor cilindrului hidraulic\"><\/p>\n<h2>Considera\u021bii de siguran\u021b\u0103 \u0219i factori de mediu<\/h2>\n<p>Atunci c\u00e2nd se utilizeaz\u0103 cilindri hidraulici, este esen\u021bial s\u0103 se acorde prioritate m\u0103surilor de siguran\u021b\u0103 pentru a preveni accidentele \u0219i a asigura un mediu de lucru sigur. Instruirea adecvat\u0103, respectarea instruc\u021biunilor de siguran\u021b\u0103 \u0219i \u00eentre\u021binerea echipamentelor sunt esen\u021biale.<\/p>\n<h2>Diagnosticarea defec\u021biunilor \u0219i probleme frecvente<\/h2>\n<p>Printre problemele frecvente care pot ap\u0103rea cu cilindrul cupei se num\u0103r\u0103 scurgeri, performan\u021b\u0103 redus\u0103 \u0219i func\u021bionare anormal\u0103. Iat\u0103 c\u00e2teva sfaturi \u0219i solu\u021bii de depanare:<\/p>\n<p>\t<img decoding=\"async\" src=\"https:\/\/www.hydraulic-cylinders.net\/wp-content\/uploads\/2025\/01\/songte-bushings-with-all-kinds-of-excavator-models.webp\" alt=\"Imagine buc\u0219e cilindru hidraulic\"><\/p>\n<ul>\n<li>Scurgeri: Verifica\u021bi \u0219i \u00eenlocui\u021bi orice garnituri uzate sau deteriorate. Asigura\u021bi o lubrifiere corespunz\u0103toare \u0219i remedia\u021bi orice probleme poten\u021biale ale sistemului hidraulic.<\/li>\n<li>Performan\u021b\u0103 redus\u0103: Verifica\u021bi cilindrul pentru a depista orice deterior\u0103ri sau nealiniere care i-ar putea afecta func\u021bionarea. Regla\u021bi sau \u00eenlocui\u021bi componentele dup\u0103 cum este necesar.<\/li>\n<li>Func\u021bionare anormal\u0103: Analiza\u021bi sistemul hidraulic \u0219i verifica\u021bi dac\u0103 exist\u0103 blocaje sau defec\u021biuni. Efectua\u021bi repara\u021biile sau \u00eenlocuirile necesare.<\/li>\n<\/ul>\n<h2>Concluzie<\/h2>\n<p>\u00cen concluzie, cilindrul cupei pentru excavatorul mic Sany SY155C-9 este o component\u0103 crucial\u0103 \u00een utilajele grele, permi\u021b\u00e2nd manipularea eficient\u0103 a materialelor \u0219i sarcinile de excavare. Rezisten\u021ba, durabilitatea \u0219i versatilitatea sa ridicat\u0103 \u00eel fac potrivit pentru diverse aplica\u021bii \u00een construc\u021bii, agricultur\u0103 \u0219i alte industrii. Compania noastr\u0103 este specializat\u0103 \u00een fabricarea \u0219i distribuirea de cilindri hidraulici de \u00eenalt\u0103 calitate, oferind o gam\u0103 larg\u0103 de produse care pot \u00eenlocui perfect cilindrii existen\u021bi. Cu angajamentul nostru fa\u021b\u0103 de excelen\u021b\u0103 \u0219i capacit\u0103\u021bi avansate de fabrica\u021bie, ne str\u0103duim s\u0103 satisfacem nevoile diverse ale clien\u021bilor \u0219i s\u0103 oferim produse \u0219i servicii excep\u021bionale.<\/p>\n<p>\t<img decoding=\"async\" src=\"https:\/\/www.hydraulic-cylinders.net\/wp-content\/uploads\/2025\/01\/songte-company-3.webp\" alt=\"Imaginea companiei\"><\/p>\n<h3>Despre compania noastr\u0103<\/h3>\n<p>Suntem un produc\u0103tor \u0219i distribuitor angro de top de cilindri hidraulici pe pie\u021bele interne \u0219i interna\u021bionale. Gama noastr\u0103 extins\u0103 de produse \u0219i dedicarea fa\u021b\u0103 de calitatea superioar\u0103 ne-au pozi\u021bionat ca unul dintre liderii industriei. Concentr\u00e2ndu-ne pe talentul tehnologic, echipamentele de fabrica\u021bie avansate \u0219i sistemele profesionale de testare, ne \u00eembun\u0103t\u0103\u021bim continuu capacit\u0103\u021bile de produc\u021bie \u0219i calitatea produselor. Compania noastr\u0103 ofer\u0103 expertiz\u0103, certific\u0103ri interna\u021bionale, servicii personalizate, echipamente de produc\u021bie de ultim\u0103 genera\u021bie \u0219i servicii post-v\u00e2nzare excelente.<\/p>\n<p>\t<img decoding=\"async\" src=\"https:\/\/hzpt.com\/wp-content\/uploads\/2024\/11\/songte-company-1.webp\" alt=\"Imaginea companiei\"><\/p>\n<p>Autor: lyl<\/p>\n<p><\/body><br \/>\n<\/html><\/p>","protected":false},"excerpt":{"rendered":"<p>Bucket Cylinder For Sany Small Excavator SY155C-9 Bucket Cylinder For Sany Small Excavator SY155C-9 Introduction The bucket cylinder is a specially designed hydraulic cylinder used to control the movement of the bucket in heavy machinery, such as excavators, backhoe loaders, and front loaders. Its main function is to allow the bucket to lift, lower, and [&hellip;]<\/p>","protected":false},"featured_media":14769,"comment_status":"open","ping_status":"closed","template":"","meta":{"_et_pb_use_builder":"","_et_pb_old_content":"","_et_gb_content_width":""},"product_brand":[],"product_cat":[1494],"product_tag":[1495,1496],"class_list":{"0":"post-15428","1":"product","2":"type-product","3":"status-publish","4":"has-post-thumbnail","6":"product_cat-bucket-cylinders","7":"product_tag-bucket-cylinders","8":"product_tag-hydraulic-cylinders","10":"first","11":"instock","12":"shipping-taxable","13":"product-type-simple"},"amp_enabled":true,"_links":{"self":[{"href":"https:\/\/www.hydraulic-cylinders.net\/ro\/wp-json\/wp\/v2\/product\/15428","targetHints":{"allow":["GET"]}}],"collection":[{"href":"https:\/\/www.hydraulic-cylinders.net\/ro\/wp-json\/wp\/v2\/product"}],"about":[{"href":"https:\/\/www.hydraulic-cylinders.net\/ro\/wp-json\/wp\/v2\/types\/product"}],"replies":[{"embeddable":true,"href":"https:\/\/www.hydraulic-cylinders.net\/ro\/wp-json\/wp\/v2\/comments?post=15428"}],"wp:featuredmedia":[{"embeddable":true,"href":"https:\/\/www.hydraulic-cylinders.net\/ro\/wp-json\/wp\/v2\/media\/14769"}],"wp:attachment":[{"href":"https:\/\/www.hydraulic-cylinders.net\/ro\/wp-json\/wp\/v2\/media?parent=15428"}],"wp:term":[{"taxonomy":"product_brand","embeddable":true,"href":"https:\/\/www.hydraulic-cylinders.net\/ro\/wp-json\/wp\/v2\/product_brand?post=15428"},{"taxonomy":"product_cat","embeddable":true,"href":"https:\/\/www.hydraulic-cylinders.net\/ro\/wp-json\/wp\/v2\/product_cat?post=15428"},{"taxonomy":"product_tag","embeddable":true,"href":"https:\/\/www.hydraulic-cylinders.net\/ro\/wp-json\/wp\/v2\/product_tag?post=15428"}],"curies":[{"name":"wp","href":"https:\/\/api.w.org\/{rel}","templated":true}]}}