{"id":15437,"date":"2025-01-19T14:31:48","date_gmt":"2025-01-19T14:31:48","guid":{"rendered":"https:\/\/www.hydraulic-cylinders.net\/product\/bucket-cylinder-for-sany-middle-excavator-sy225c-9\/"},"modified":"2025-01-19T14:31:50","modified_gmt":"2025-01-19T14:31:50","slug":"bucket-cylinder-for-sany-middle-excavator-sy225c-9","status":"publish","type":"product","link":"https:\/\/www.hydraulic-cylinders.net\/ro\/produs\/bucket-cylinder-for-sany-middle-excavator-sy225c-9\/","title":{"rendered":"Cilindru cu cup\u0103 pentru excavatorul Sany Middle SY225C-9"},"content":{"rendered":"<h1>Cilindru cu cup\u0103 pentru excavatorul Sany Middle SY225C-9<\/h1>\n<h2>Introducere \u00een cilindrul cupei<\/h2>\n<h3>Defini\u0163ie<\/h3>\n<p>Un cilindru hidraulic al cupei este un cilindru hidraulic specializat, conceput pentru a controla mi\u0219carea cupelor \u00een utilaje grele, cum ar fi excavatoarele, \u00eenc\u0103rc\u0103toarele excavatoare \u0219i \u00eenc\u0103rc\u0103toarele frontale. Func\u021bia sa principal\u0103 este de a permite ridicarea, cobor\u00e2rea \u0219i \u00eenclinarea cupei, facilit\u00e2nd manipularea diverselor materiale. \u00cen sistemul hidraulic, cilindrul cupei permite un control precis al cupei prin modificarea presiunii uleiului hidraulic, permi\u021b\u00e2nd operatorilor s\u0103 manipuleze eficient sarcini grele \u0219i s\u0103 se adapteze la medii de lucru complexe \u0219i cerin\u021be diverse ale lucr\u0103rilor.<\/p>\n<p><img decoding=\"async\" src=\"https:\/\/www.hydraulic-cylinders.net\/wp-content\/uploads\/2025\/01\/songte-company-2.webp\" alt=\"Imaginea cilindrului cupei\"><\/p>\n<h2>Caracteristicile cilindrului cupei<\/h2>\n<ul>\n<li>Rezisten\u021b\u0103 \u0219i durabilitate ridicate: De obicei, fabricate din o\u021bel sau aluminiu de \u00eenalt\u0103 rezisten\u021b\u0103, capabile s\u0103 reziste la presiuni ridicate \u0219i sarcini grele, adaptabile la medii de lucru dure, concepute pentru rezisten\u021b\u0103 la uzur\u0103 \u0219i coroziune, prelungind durata de via\u021b\u0103.<\/li>\n<li>Func\u021bionare hidraulic\u0103 eficient\u0103: Ac\u021biunile line de extensie \u0219i retragere sunt ob\u021binute folosind presiunea uleiului hidraulic, capabil s\u0103 r\u0103spund\u0103 rapid la comenzile de control, oferind for\u021be puternice de \u00eempingere-tragere, potrivite pentru manipularea sarcinilor grele \u0219i a sarcinilor complexe.<\/li>\n<li>Diverse tipuri: Cilindri cu ac\u021biune simpl\u0103 (utilizare hidraulic\u0103 \u00eentr-o singur\u0103 direc\u021bie) sau cu ac\u021biune dubl\u0103 (utilizare hidraulic\u0103 \u00een dou\u0103 direc\u021bii) pot fi selecta\u021bi \u00een func\u021bie de nevoile opera\u021bionale specifice, unele modele fiind telescopice, permi\u021b\u00e2nd o extensie mai mare f\u0103r\u0103 a cre\u0219te dimensiunile exterioare, potrivite pentru aplica\u021bii cu spa\u021biu limitat.<\/li>\n<\/ul>\n<p>Putem produce acest produs, iar produsul nostru poate \u00eenlocui perfect ace\u0219ti cilindri hidraulici.<\/p>\n<p><img decoding=\"async\" src=\"https:\/\/www.hydraulic-cylinders.net\/wp-content\/uploads\/2025\/01\/songte-cylinder-head-with-all-kinds-excavator-models.webp\" alt=\"Imaginea cilindrului cupei\"><\/p>\n<h2>Aplica\u021bii ale cilindrului cupei<\/h2>\n<p>Cilindrii cu cup\u0103 sunt utiliza\u021bi pe scar\u0103 larg\u0103 \u00een diverse utilaje grele. Mai jos sunt c\u00e2teva dintre aplica\u021biile comune:<\/p>\n<h3>Echipamente de construc\u021bii<\/h3>\n<p>\u00cen excavatoare, acestea sunt esen\u021biale pentru s\u0103pare, \u00eenc\u0103rcare \u0219i mutarea solului sau a resturilor. La \u00eenc\u0103rc\u0103toarele cu excavator, cilindrul cupei ajut\u0103 at\u00e2t la s\u0103pare, c\u00e2t \u0219i la ridicare. <\/p>\n<h3>Ma\u0219ini agricole<\/h3>\n<p>Folosit la \u00eenc\u0103rc\u0103toare frontale pentru scobere, ridicare \u0219i transportul solului, f\u00e2nului \u0219i altor materiale. <\/p>\n<h3>Excavator<\/h3>\n<p>Cilindrul cupei realizeaz\u0103 ac\u021biunea de excavare permi\u021b\u00e2nd cupei s\u0103 p\u0103trund\u0103 \u00een sol.<\/p>\n<h3>\u00cenc\u0103rc\u0103tor<\/h3>\n<p>\u00cen cazul \u00eenc\u0103rc\u0103toarelor frontale, acestea ajut\u0103 la ridicarea \u0219i \u00eenclinarea eficient\u0103 a \u00eenc\u0103rc\u0103turii.<\/p>\n<h2>Considera\u021bii de proiectare \u0219i criterii de selec\u021bie<\/h2>\n<p>Cilindrii cupei sunt proiecta\u021bi lu\u00e2nd \u00een considerare diver\u0219i factori, cum ar fi capacitatea portant\u0103, etan\u0219area, durabilitatea, siguran\u021ba \u0219i mentenan\u021ba. <\/p>\n<h3>Capacitate portant\u0103<\/h3>\n<p>Alegerea cilindrului trebuie s\u0103 se bazeze pe greutatea sarcinii ridicate \u0219i pe presiunea hidraulic\u0103 necesar\u0103 pentru ridicarea acesteia. <\/p>\n<h3>Sigilare<\/h3>\n<p>Diverse componente de etan\u0219are, cum ar fi etan\u0219\u0103rile pistonului \u0219i etan\u0219\u0103rile tijei, pot fi utilizate pentru a asigura o func\u021bionare f\u0103r\u0103 scurgeri. Materiale precum poliuretanul \u0219i cauciucul nitrilic sunt de obicei utilizate pentru componentele de etan\u0219are pentru a asigura rezisten\u021ba la uzur\u0103. Suprafe\u021bele corpului cilindrului \u0219i ale capetelor filetate sunt prelucrate fin pentru a \u00eembun\u0103t\u0103\u021bi rezisten\u021ba la uzur\u0103. Ad\u0103ugarea regulat\u0103 de ulei hidraulic adecvat este necesar\u0103 pentru lubrifiere. <\/p>\n<h3>Durabilitate<\/h3>\n<p>Cilindrul trebuie s\u0103 fie proiectat pentru a rezista la condi\u021bii dure de mediu \u0219i la uzur\u0103. <\/p>\n<h3>Siguran\u021b\u0103 \u0219i mentenan\u021b\u0103<\/h3>\n<p>Cilindrii cupei ar trebui proiecta\u021bi cu caracteristici de siguran\u021b\u0103, cum ar fi supape de suprapresiune \u0219i discuri de rupere, pentru a preveni supra\u00eenc\u0103rcarea. \u00centre\u021binerea \u0219i repararea ar trebui s\u0103 fie u\u0219urate prin proiectarea cilindrilor cu componente accesibile, piese u\u0219or de demontat \u0219i etan\u0219\u0103ri \u00eenlocuibile. <\/p>\n<p><img decoding=\"async\" src=\"https:\/\/www.hydraulic-cylinders.net\/wp-content\/uploads\/2025\/01\/songte-oil-pipes-and-spare-parts.webp\" alt=\"Imaginea cilindrului cupei\"><\/p>\n<h2>\u00centre\u021binere \u0219i repara\u021bii<\/h2>\n<p>\u00centre\u021binerea \u0219i repararea regulat\u0103 a cilindrilor cupei sunt necesare pentru a asigura performan\u021be optime \u0219i o durat\u0103 lung\u0103 de via\u021b\u0103. Mai jos sunt c\u00e2teva sarcini de \u00eentre\u021binere comune:<\/p>\n<h3>Inspec\u021bie regulat\u0103<\/h3>\n<p>Trebuie efectuat\u0103 o inspec\u021bie periodic\u0103 a cilindrului pentru a detecta orice deteriorare sau uzur\u0103 a garniturilor \u0219i a altor componente. <\/p>\n<h3>Lubrifiere<\/h3>\n<p>Lubrifierea corespunz\u0103toare este necesar\u0103 pentru a asigura func\u021bionarea f\u0103r\u0103 probleme a cilindrului. Nelubrifierea poate provoca daune \u0219i poate reduce durata de via\u021b\u0103.<\/p>\n<h3>\u00cenlocuirea garniturii \u0219i verificarea calibr\u0103rii<\/h3>\n<p>Garniturile trebuie \u00eenlocuite la intervale regulate pentru a preveni scurgerile. De asemenea, trebuie efectuate verific\u0103ri ale calibr\u0103rii pentru a asigura pozi\u021bionarea corect\u0103 a cilindrului. <\/p>\n<p><img decoding=\"async\" src=\"https:\/\/www.hydraulic-cylinders.net\/wp-content\/uploads\/2025\/01\/songte-chushion-collar.webp\" alt=\"Imaginea cilindrului cupei\"><\/p>\n<h2>Considera\u021bii de siguran\u021b\u0103 \u0219i factori de mediu<\/h2>\n<p>Cilindrii cupei trebuie ac\u021biona\u021bi av\u00e2nd \u00een vedere siguran\u021ba. M\u0103suri de siguran\u021b\u0103, cum ar fi supapele de suprapresiune \u0219i discurile de rupere, trebuie utilizate pentru a preveni supra\u00eenc\u0103rcarea \u0219i deteriorarea accidental\u0103. <\/p>\n<h2>Depanare \u0219i probleme frecvente<\/h2>\n<p>Printre problemele comune care pot ap\u0103rea la cilindrii cupei se num\u0103r\u0103 scurgerile de lichid, devia\u021bia cilindrilor \u0219i puterea redus\u0103. Pentru a diagnostica \u0219i rezolva aceste probleme, este important s\u0103 inspecta\u021bi \u0219i s\u0103 \u00eentre\u021bine\u021bi corespunz\u0103tor cilindrul.<\/p>\n<h2>Despre compania noastr\u0103<\/h2>\n<p>Suntem produc\u0103tori de cilindri hidraulici de schimb. Compania noastr\u0103 ofer\u0103 o gam\u0103 larg\u0103 de produse \u0219i a devenit unul dintre principalii produc\u0103tori \u0219i angrosi\u0219ti \u200b\u200bde cilindri hidraulici pe pie\u021bele interne \u0219i interna\u021bionale. Ader\u0103m la principiul calit\u0103\u021bii excelente \u0219i ne baz\u0103m pe strategia industrializat\u0103 de management al produc\u021biei, specific\u0103 unui atelier de fabrica\u021bie sofisticat. \u00cembun\u0103t\u0103\u021bim continuu platforma noastr\u0103 de fabrica\u021bie, rafin\u0103m rutele de produc\u021bie a calit\u0103\u021bii produselor \u0219i avem capacit\u0103\u021bi creative puternice. Satisfacem nevoile diverse ale clien\u021bilor no\u0219tri cu eficien\u021b\u0103 ridicat\u0103, precizie ridicat\u0103 \u0219i calitate superioar\u0103. <\/p>\n<p><img decoding=\"async\" src=\"https:\/\/hzpt.com\/wp-content\/uploads\/2024\/11\/songte-company-1.webp\" alt=\"Imaginea cilindrului cupei\"><\/p>\n<h3>Profesionalism<\/h3>\n<p>Echipa noastr\u0103 este format\u0103 din profesioni\u0219ti cu experien\u021b\u0103, dedica\u021bi furniz\u0103rii de produse \u0219i servicii de cea mai \u00eenalt\u0103 calitate clien\u021bilor no\u0219tri. <\/p>\n<h3>Certificare interna\u021bional\u0103<\/h3>\n<p>Produsele noastre sunt certificate conform standardelor interna\u021bionale precum ISO, CE \u0219i RoHS, asigur\u00e2nd c\u0103 respect\u0103 cele mai \u00eenalte standarde de calitate \u0219i siguran\u021b\u0103. <\/p>\n<h3>Servicii de personalizare<\/h3>\n<p>Oferim cilindri hidraulici personaliza\u021bi \u00een func\u021bie de nevoile \u0219i cerin\u021bele specifice ale clien\u021bilor no\u0219tri.<\/p>\n<h3>Echipamente de produc\u021bie<\/h3>\n<p>Compania noastr\u0103 utilizeaz\u0103 echipamente digitale de produc\u021bie de ultim\u0103 genera\u021bie \u0219i sisteme profesionale de testare pentru a ne asigura c\u0103 produsele noastre \u00eendeplinesc standarde riguroase de control al calit\u0103\u021bii.<\/p>\n<h3>Servicii post-v\u00e2nzare<\/h3>\n<p>Oferim clien\u021bilor servicii complete post-v\u00e2nzare, inclusiv servicii de repara\u021bii \u0219i \u00eentre\u021binere, piese de schimb \u0219i servicii de reconstruc\u021bie, precum \u0219i asisten\u021b\u0103 tehnic\u0103 \u0219i depanare. <\/p>\n<p>Autor: lyl<\/p>\n<p><img decoding=\"async\" src=\"https:\/\/www.hydraulic-cylinders.net\/wp-content\/uploads\/2025\/01\/songte-bushings-with-all-kinds-of-excavator-models.webp\" alt=\"Imaginea cilindrului cupei\"><\/p>","protected":false},"excerpt":{"rendered":"<p>Bucket Cylinder For Sany Middle Excavator SY225C-9 Introduction to Bucket Cylinder Definition A bucket cylinder is a specialized hydraulic cylinder designed to control the movement of buckets in heavy machinery such as excavators, backhoe loaders and front-end loaders. Its main function is to enable the bucket to lift, lower and tilt, making it easier to [&hellip;]<\/p>","protected":false},"featured_media":14782,"comment_status":"open","ping_status":"closed","template":"","meta":{"_et_pb_use_builder":"","_et_pb_old_content":"","_et_gb_content_width":""},"product_brand":[],"product_cat":[1494],"product_tag":[1495,1496],"class_list":{"0":"post-15437","1":"product","2":"type-product","3":"status-publish","4":"has-post-thumbnail","6":"product_cat-bucket-cylinders","7":"product_tag-bucket-cylinders","8":"product_tag-hydraulic-cylinders","10":"first","11":"instock","12":"shipping-taxable","13":"product-type-simple"},"amp_enabled":true,"_links":{"self":[{"href":"https:\/\/www.hydraulic-cylinders.net\/ro\/wp-json\/wp\/v2\/product\/15437","targetHints":{"allow":["GET"]}}],"collection":[{"href":"https:\/\/www.hydraulic-cylinders.net\/ro\/wp-json\/wp\/v2\/product"}],"about":[{"href":"https:\/\/www.hydraulic-cylinders.net\/ro\/wp-json\/wp\/v2\/types\/product"}],"replies":[{"embeddable":true,"href":"https:\/\/www.hydraulic-cylinders.net\/ro\/wp-json\/wp\/v2\/comments?post=15437"}],"wp:featuredmedia":[{"embeddable":true,"href":"https:\/\/www.hydraulic-cylinders.net\/ro\/wp-json\/wp\/v2\/media\/14782"}],"wp:attachment":[{"href":"https:\/\/www.hydraulic-cylinders.net\/ro\/wp-json\/wp\/v2\/media?parent=15437"}],"wp:term":[{"taxonomy":"product_brand","embeddable":true,"href":"https:\/\/www.hydraulic-cylinders.net\/ro\/wp-json\/wp\/v2\/product_brand?post=15437"},{"taxonomy":"product_cat","embeddable":true,"href":"https:\/\/www.hydraulic-cylinders.net\/ro\/wp-json\/wp\/v2\/product_cat?post=15437"},{"taxonomy":"product_tag","embeddable":true,"href":"https:\/\/www.hydraulic-cylinders.net\/ro\/wp-json\/wp\/v2\/product_tag?post=15437"}],"curies":[{"name":"wp","href":"https:\/\/api.w.org\/{rel}","templated":true}]}}