{"id":15438,"date":"2025-01-19T14:31:52","date_gmt":"2025-01-19T14:31:52","guid":{"rendered":"https:\/\/www.hydraulic-cylinders.net\/product\/bucket-cylinder-for-sany-middle-excavator-sy235cq\/"},"modified":"2025-01-19T14:31:54","modified_gmt":"2025-01-19T14:31:54","slug":"bucket-cylinder-for-sany-middle-excavator-sy235cq","status":"publish","type":"product","link":"https:\/\/www.hydraulic-cylinders.net\/ro\/produs\/bucket-cylinder-for-sany-middle-excavator-sy235cq\/","title":{"rendered":"Cilindru cu cup\u0103 pentru excavatorul Sany Middle SY235CQ"},"content":{"rendered":"<h1>Cilindru cu cup\u0103 pentru excavatorul Sany Middle SY235CQ<\/h1>\n<h2>Introducere<\/h2>\n<p>Un cilindru al cupei este un cilindru hidraulic special conceput, utilizat \u00een principal pentru a controla mi\u0219carea cupei \u00een utilaje grele, cum ar fi excavatoarele, excavatoarele cu buldoexcavatoare \u0219i \u00eenc\u0103rc\u0103toare frontale. Func\u021bia sa principal\u0103 este de a permite ridicarea, cobor\u00e2rea \u0219i \u00eenclinarea cupei, facilit\u00e2nd diverse sarcini de manipulare a materialelor. \u00cen sistemul hidraulic, cilindrul cupei realizeaz\u0103 un control precis al cupei prin modific\u0103ri ale presiunii uleiului hidraulic, permi\u021b\u00e2nd operatorilor s\u0103 manipuleze eficient sarcini grele \u0219i s\u0103 se adapteze la medii de lucru complexe \u0219i cerin\u021be diverse ale lucr\u0103rilor.<\/p>\n<p><img decoding=\"async\" src=\"https:\/\/www.hydraulic-cylinders.net\/wp-content\/uploads\/2025\/01\/songte-company-2.webp\" alt=\"Imaginea cilindrului cupei\"><\/p>\n<h2>Caracteristici<\/h2>\n<ul>\n<li>Rezisten\u021b\u0103 \u0219i durabilitate ridicate: Fabricate de obicei din o\u021bel sau aluminiu de \u00eenalt\u0103 rezisten\u021b\u0103, pot rezista la presiuni ridicate \u0219i sarcini grele, se pot adapta la medii de lucru dure \u0219i iau \u00een considerare rezisten\u021ba la uzur\u0103 \u0219i rezisten\u021ba la coroziune \u00een proiectare pentru a prelungi durata de via\u021b\u0103.<\/li>\n<li>Func\u021bionare hidraulic\u0103 eficient\u0103: Ac\u021biunile line de extensie \u0219i contrac\u021bie sunt ob\u021binute folosind presiunea uleiului hidraulic, oferind for\u021be puternice de \u00eempingere \u0219i tragere, potrivite pentru manipularea sarcinilor grele \u0219i a sarcinilor complexe.<\/li>\n<li>Diverse tipuri: Cilindrii cu ac\u021biune simpl\u0103 (hidraulici utiliza\u021bi \u00eentr-o singur\u0103 direc\u021bie) sau cu ac\u021biune dubl\u0103 (hidraulici utiliza\u021bi \u00een ambele direc\u021bii) pot fi ale\u0219i \u00een func\u021bie de nevoi pentru a satisface diferite cerin\u021be de func\u021bionare. Unele modele sunt telescopice, permi\u021b\u00e2nd o extensie mai mare f\u0103r\u0103 a cre\u0219te dimensiunile exterioare \u0219i sunt potrivi\u021bi pentru aplica\u021bii cu spa\u021biu limitat.<\/li>\n<li>Poate \u00eenlocui cilindrii hidraulici ai altor m\u0103rci: Produsele noastre pot \u00eenlocui perfect cilindrii hidraulici ai altor m\u0103rci.<\/li>\n<\/ul>\n<p><img decoding=\"async\" src=\"https:\/\/www.hydraulic-cylinders.net\/wp-content\/uploads\/2025\/01\/songte-cylinder-head-with-all-kinds-excavator-models.webp\" alt=\"Imaginea cilindrului cupei\"><\/p>\n<h2>Aplica\u021bii<\/h2>\n<ul>\n<li>Echipamente de construc\u021bii: \u00cen excavatoare, acestea sunt esen\u021biale pentru excavare, \u00eenc\u0103rcare \u0219i mutarea p\u0103m\u00e2ntului sau a molozului. \u00cen excavatoarele cu buldoexcavatoare, cilindrul cupei ajut\u0103 at\u00e2t la excavare, c\u00e2t \u0219i la ridicare. \u00cen \u00eenc\u0103rc\u0103toarele frontale, acestea ajut\u0103 la ridicarea \u0219i desc\u0103rcarea eficient\u0103 a \u00eenc\u0103rc\u0103turii.<\/li>\n<li>Ma\u0219ini agricole: utilizate \u00een \u00eenc\u0103rc\u0103toare frontale, pentru scobere, ridicare \u0219i transportul solului, f\u00e2nului \u0219i altor materiale. <\/li>\n<li>Excavatoare: Cilindrul cupei permite ac\u021biunile de s\u0103pare permi\u021b\u00e2nd cupei s\u0103 p\u0103trund\u0103 \u00een sol. <\/li>\n<\/ul>\n<p>Fiecare dintre aceste aplica\u021bii poate fi explicat\u0103 mai detaliat \u00een cel pu\u021bin 200 de cuvinte.<\/p>\n<h2>Considera\u021bii de proiectare \u0219i criterii de selec\u021bie<\/h2>\n<ul>\n<li>Capacitate portant\u0103: Capacitatea portant\u0103 a cilindrului hidraulic este esen\u021bial\u0103 pentru a asigura c\u0103 dispozitivul poate transporta \u0219i ridica sarcini grele. <\/li>\n<li>Capacitate de etan\u0219are: Garniturile de \u00eenalt\u0103 calitate sunt necesare pentru a preveni scurgerile de fluid hidraulic \u0219i a men\u021bine o func\u021bionare lin\u0103. <\/li>\n<li>Durabilitate: Cilindrul hidraulic trebuie s\u0103 fie capabil s\u0103 reziste \u0219i s\u0103 se adapteze la medii de operare dure, asigur\u00e2ndu-i longevitatea. <\/li>\n<li>Siguran\u021b\u0103: \u00cen proiect trebuie \u00eencorporate caracteristici de siguran\u021b\u0103, cum ar fi supapele de suprapresiune \u0219i supapele de siguran\u021b\u0103, pentru a asigura func\u021bionarea sigur\u0103 \u0219i eficient\u0103 a dispozitivului.<\/li>\n<li>\u00centre\u021binere: Cilindrul hidraulic trebuie s\u0103 fie u\u0219or de \u00eentre\u021binut \u0219i reparat, cu piese de schimb \u0219i accesorii u\u0219or disponibile.<\/li>\n<\/ul>\n<p><img decoding=\"async\" src=\"https:\/\/www.hydraulic-cylinders.net\/wp-content\/uploads\/2025\/01\/songte-oil-pipes-and-spare-parts.webp\" alt=\"Imaginea cilindrului cupei\"><\/p>\n<h2>Etan\u0219area \u0219i lubrifierea cilindrului<\/h2>\n<p>Diverse componente de etan\u0219are, cum ar fi etan\u0219\u0103rile pistonului \u0219i etan\u0219\u0103rile tijei, sunt utilizate pentru a men\u021bine o etan\u0219are str\u00e2ns\u0103 \u00eentre piesele mobile ale cilindrului hidraulic \u0219i pentru a preveni scurgerile de fluid hidraulic. Garniturile sunt fabricate din materiale rezistente la uzur\u0103, cum ar fi poliuretanul, cauciucul nitrilic \u0219i alte materiale care pot rezista la condi\u021bii dure de func\u021bionare. \u00cen plus, corpul cilindrului \u0219i suprafe\u021bele filetate ale cap\u0103tului sunt prelucrate fin pentru a \u00eembun\u0103t\u0103\u021bi rezisten\u021ba la uzur\u0103. Lubrifierea regulat\u0103 cu cantitatea adecvat\u0103 de ulei hidraulic este necesar\u0103 pentru a men\u021bine o func\u021bionare lin\u0103.<\/p>\n<p><img decoding=\"async\" src=\"https:\/\/www.hydraulic-cylinders.net\/wp-content\/uploads\/2025\/01\/songte-chushion-collar.webp\" alt=\"Imaginea cilindrului cupei\"><\/p>\n<h2>Inspec\u021bie regulat\u0103 \u0219i \u00eentre\u021binere preventiv\u0103<\/h2>\n<p>Inspec\u021bia regulat\u0103 \u0219i \u00eentre\u021binerea preventiv\u0103 sunt esen\u021biale pentru asigurarea func\u021bion\u0103rii line \u0219i sigure a cilindrului hidraulic. Urm\u0103toarele sunt c\u00e2teva sarcini comune de \u00eentre\u021binere:<\/p>\n<ul>\n<li>Inspec\u021bia \u0219i lubrifierea regulat\u0103 a pieselor mobile<\/li>\n<li>\u00cenlocuirea garniturilor uzate sau deteriorate<\/li>\n<li>Inspec\u021bie de calibrare pentru a asigura precizia \u0219i siguran\u021ba cilindrului<\/li>\n<\/ul>\n<p>Este important s\u0103 alinia\u021bi corect cilindrul \u00een timpul instal\u0103rii \u0219i s\u0103 utiliza\u021bi console de instalare adecvate pentru a-l fixa. Recomand\u0103m respectarea procedurilor recomandate de inspec\u021bie, reparare \u0219i \u00eenlocuire pentru a prelungi durata de via\u021b\u0103 a cilindrului.<\/p>\n<h2>Considera\u021bii de siguran\u021b\u0103 \u0219i factori de mediu<\/h2>\n<p>M\u0103surile de siguran\u021b\u0103 sunt esen\u021biale atunci c\u00e2nd se utilizeaz\u0103 cilindri hidraulici pentru a preveni accidentele \u0219i a asigura siguran\u021ba lucr\u0103torilor. De asemenea, este esen\u021bial s\u0103 se ia \u00een considerare impactul asupra mediului al utiliz\u0103rii cilindrilor hidraulici \u0219i s\u0103 se asigure eliminarea corespunz\u0103toare a fluidelor hidraulice \u0219i a altor de\u0219euri.<\/p>\n<h2>Diagnosticarea \u0219i solu\u021biile defec\u021biunilor comune<\/h2>\n<p>Defec\u021biunile frecvente ale cilindrilor hidraulici includ scurgeri de fluid, presiune insuficient\u0103 \u0219i pozi\u021bionare inexact\u0103. Diagnosticarea corect\u0103 \u0219i repararea la timp sunt necesare pentru a preveni deteriorarea \u0219i a asigura func\u021bionarea sigur\u0103 \u0219i f\u0103r\u0103 probleme a cilindrului hidraulic. Inspec\u021bia regulat\u0103 \u0219i \u00eentre\u021binerea preventiv\u0103 pot ajuta la identificarea \u0219i rezolvarea problemelor poten\u021biale.<\/p>\n<p><img decoding=\"async\" src=\"https:\/\/www.hydraulic-cylinders.net\/wp-content\/uploads\/2025\/01\/songte-bushings-with-all-kinds-of-excavator-models.webp\" alt=\"Imaginea cilindrului cupei\"><\/p>\n<h2>Despre compania noastr\u0103<\/h2>\n<p>Suntem produc\u0103tori de cilindri hidraulici care pot \u00eenlocui cilindrii hidraulici de la alte m\u0103rci. Cu o gam\u0103 complet\u0103 de tipuri de produse, am devenit unul dintre principalii produc\u0103tori \u0219i distribuitori angro de cilindri hidraulici pe pie\u021bele interne \u0219i interna\u021bionale. Ader\u0103m la principiul calit\u0103\u021bii excelente \u0219i ne baz\u0103m pe strategia de management al produc\u021biei industriale a atelierelor de produc\u021bie fin\u0103 pentru a \u00eembun\u0103t\u0103\u021bi continuu platforma de produc\u021bie a atelierului, a \u00eembun\u0103t\u0103\u021bi linia de produc\u021bie a calit\u0103\u021bii produselor \u0219i avem o capacitate creativ\u0103 puternic\u0103, oferind produse eficiente, de \u00eenalt\u0103 precizie \u0219i de \u00eenalt\u0103 calitate pentru a satisface nevoile diverse ale clien\u021bilor.<\/p>\n<p><img decoding=\"async\" src=\"https:\/\/hzpt.com\/wp-content\/uploads\/2024\/11\/songte-company-1.webp\" alt=\"Imaginea cilindrului cupei\"><\/p>\n<p>Oferim servicii profesionale, certific\u0103ri interna\u021bionale, servicii personalizate, echipamente de produc\u021bie \u0219i servicii post-v\u00e2nzare. Produsele noastre sunt fabricate de personal tehnic, utiliz\u00e2nd echipamente digitale avansate de fabrica\u021bie \u0219i sisteme profesionale de testare, \u00eembun\u0103t\u0103\u021bind continuu calitatea platformei de fabrica\u021bie \u0219i oferind produse \u0219i servicii de \u00eenalt\u0103 calitate care \u00eendeplinesc cerin\u021bele clien\u021bilor.<\/p>\n<p>Autor: lyl.<\/p>","protected":false},"excerpt":{"rendered":"<p>Bucket Cylinder For Sany Middle Excavator SY235CQ Introduction A bucket cylinder is a specially designed hydraulic cylinder primarily used to control the movement of the bucket in heavy machinery such as excavators, backhoe excavators, and front-end loaders. Its main function is to enable the bucket to lift, lower, and tilt, making it easier for various [&hellip;]<\/p>","protected":false},"featured_media":14780,"comment_status":"open","ping_status":"closed","template":"","meta":{"_et_pb_use_builder":"","_et_pb_old_content":"","_et_gb_content_width":""},"product_brand":[],"product_cat":[1494],"product_tag":[1495,1496],"class_list":{"0":"post-15438","1":"product","2":"type-product","3":"status-publish","4":"has-post-thumbnail","6":"product_cat-bucket-cylinders","7":"product_tag-bucket-cylinders","8":"product_tag-hydraulic-cylinders","10":"first","11":"instock","12":"shipping-taxable","13":"product-type-simple"},"amp_enabled":true,"_links":{"self":[{"href":"https:\/\/www.hydraulic-cylinders.net\/ro\/wp-json\/wp\/v2\/product\/15438","targetHints":{"allow":["GET"]}}],"collection":[{"href":"https:\/\/www.hydraulic-cylinders.net\/ro\/wp-json\/wp\/v2\/product"}],"about":[{"href":"https:\/\/www.hydraulic-cylinders.net\/ro\/wp-json\/wp\/v2\/types\/product"}],"replies":[{"embeddable":true,"href":"https:\/\/www.hydraulic-cylinders.net\/ro\/wp-json\/wp\/v2\/comments?post=15438"}],"wp:featuredmedia":[{"embeddable":true,"href":"https:\/\/www.hydraulic-cylinders.net\/ro\/wp-json\/wp\/v2\/media\/14780"}],"wp:attachment":[{"href":"https:\/\/www.hydraulic-cylinders.net\/ro\/wp-json\/wp\/v2\/media?parent=15438"}],"wp:term":[{"taxonomy":"product_brand","embeddable":true,"href":"https:\/\/www.hydraulic-cylinders.net\/ro\/wp-json\/wp\/v2\/product_brand?post=15438"},{"taxonomy":"product_cat","embeddable":true,"href":"https:\/\/www.hydraulic-cylinders.net\/ro\/wp-json\/wp\/v2\/product_cat?post=15438"},{"taxonomy":"product_tag","embeddable":true,"href":"https:\/\/www.hydraulic-cylinders.net\/ro\/wp-json\/wp\/v2\/product_tag?post=15438"}],"curies":[{"name":"wp","href":"https:\/\/api.w.org\/{rel}","templated":true}]}}