{"id":15449,"date":"2025-01-19T14:32:42","date_gmt":"2025-01-19T14:32:42","guid":{"rendered":"https:\/\/www.hydraulic-cylinders.net\/product\/bucket-cylinder-for-sany-large-excavator-sy700h-8\/"},"modified":"2025-01-19T14:32:44","modified_gmt":"2025-01-19T14:32:44","slug":"bucket-cylinder-for-sany-large-excavator-sy700h-8","status":"publish","type":"product","link":"https:\/\/www.hydraulic-cylinders.net\/ro\/produs\/bucket-cylinder-for-sany-large-excavator-sy700h-8\/","title":{"rendered":"Cilindru cu cup\u0103 pentru excavatorul mare Sany SY700H-8"},"content":{"rendered":"<h1>Cilindru cu cup\u0103 pentru excavatorul mare Sany SY700H-8<\/h1>\n<h2>Introducere<\/h2>\n<p>Cilindrul cupei pentru un excavator mare Sany SY700H-8 este un cilindru hidraulic special conceput, utilizat pentru a controla mi\u0219carea cupei \u00een utilaje grele, cum ar fi excavatoarele, excavatoarele cu buldoexcavatoare \u0219i \u00eenc\u0103rc\u0103toare frontale. Func\u021bia sa principal\u0103 este de a permite cupei s\u0103 efectueze ridicarea, cobor\u00e2rea \u0219i \u00eenclinarea, fiind potrivit\u0103 pentru diverse sarcini de manipulare a materialelor. \u00centr-un sistem hidraulic, cilindrul cupei realizeaz\u0103 un control precis al mi\u0219c\u0103rii cupei prin modific\u0103ri ale presiunii uleiului hidraulic, permi\u021b\u00e2nd operatorilor s\u0103 manipuleze eficient sarcini grele \u0219i s\u0103 se adapteze la medii de lucru complexe \u0219i nevoi opera\u021bionale diverse.<\/p>\n<p><img decoding=\"async\" src=\"https:\/\/www.hydraulic-cylinders.net\/wp-content\/uploads\/2025\/01\/songte-company-2.webp\" alt=\"Imaginea cilindrului cupei\"><\/p>\n<h2>Caracteristici<\/h2>\n<ul>\n<li>Rezisten\u021b\u0103 \u0219i durabilitate ridicate: de obicei fabricate din o\u021bel sau aluminiu de \u00eenalt\u0103 rezisten\u021b\u0103, capabile s\u0103 reziste la presiuni ridicate \u0219i sarcini grele, proiectate \u021bin\u00e2nd cont de rezisten\u021ba la uzur\u0103 \u0219i la coroziune, prelungindu-le durata de via\u021b\u0103.<\/li>\n<li>Func\u021bionare hidraulic\u0103 eficient\u0103: utilizeaz\u0103 presiunea uleiului hidraulic pentru a ob\u021bine ac\u021biuni line de extensie \u0219i retragere, capabil s\u0103 r\u0103spund\u0103 rapid la comenzile de control, oferind for\u021be puternice de \u00eempingere \u0219i tragere, potrivite pentru manipularea sarcinilor grele \u0219i a sarcinilor opera\u021bionale complexe.<\/li>\n<li>Diverse tipuri: cilindri cu ac\u021biune simpl\u0103 (folosind sistemul hidraulic \u00eentr-o singur\u0103 direc\u021bie) sau cu ac\u021biune dubl\u0103 (folosind sistemul hidraulic \u00een ambele direc\u021bii) pot fi selectate \u00een func\u021bie de nevoile opera\u021bionale, unele modele fiind telescopice, permi\u021b\u00e2nd o extensie mai mare f\u0103r\u0103 a cre\u0219te dimensiunile exterioare, potrivite pentru aplica\u021bii cu spa\u021biu limitat.<\/li>\n<li>Personalizabil: produsele noastre pot fi proiectate \u0219i fabricate conform cerin\u021belor clien\u021bilor \u0219i pot \u00eenlocui perfect diver\u0219i cilindri hidraulici.<\/li>\n<\/ul>\n<p><img decoding=\"async\" src=\"https:\/\/www.hydraulic-cylinders.net\/wp-content\/uploads\/2025\/01\/songte-cylinder-head-with-all-kinds-excavator-models.webp\" alt=\"Imagine de \u00eenlocuire a cilindrului cupei\"><\/p>\n<h2>Aplica\u021bii<\/h2>\n<p>Cilindrul cupei este utilizat pe scar\u0103 larg\u0103 \u00een diverse aplica\u021bii pentru utilaje grele. C\u00e2teva exemple includ:<\/p>\n<ul>\n<li>Echipamente de construc\u021bii: se g\u0103sesc \u00een excavatoare, acestea sunt esen\u021biale pentru excavare, \u00eenc\u0103rcare \u0219i mutarea solului sau a resturilor. La excavatoarele cu buldoexcavatoare, cilindrul cupei ajut\u0103 la excavare \u0219i ridicare. <\/li>\n<li>Ma\u0219ini agricole: utilizate \u00een \u00eenc\u0103rc\u0103toare frontale, pentru scobere, ridicare \u0219i transportul solului, f\u00e2nului \u0219i altor materiale. <\/li>\n<li>Excavatoare: cilindrul cupei permite s\u0103parea permi\u021b\u00e2nd cupei s\u0103 p\u0103trund\u0103 \u00een sol. <\/li>\n<li>\u00cenc\u0103rc\u0103toare: \u00een cazul \u00eenc\u0103rc\u0103toarelor frontale, acestea ajut\u0103 la ridicarea \u0219i desc\u0103rcarea eficient\u0103 a m\u0103rfurilor. <\/li>\n<\/ul>\n<h2>Considera\u021bii de proiectare \u0219i criterii de selec\u021bie<\/h2>\n<p>La proiectarea cilindrului cupei, trebuie lua\u021bi \u00een considerare factori cheie precum capacitatea portant\u0103, etan\u0219area, durabilitatea, siguran\u021ba \u0219i mentenan\u021ba. <\/p>\n<ul>\n<li>Capacitate portant\u0103: cilindrul trebuie s\u0103 fie suficient de rezistent pentru a suporta sarcini mari \u0219i presiuni ridicate f\u0103r\u0103 deformare. <\/li>\n<li>Etan\u0219are: pentru a preveni scurgerile de ulei \u0219i a asigura o func\u021bionare fiabil\u0103, trebuie utilizate diverse tipuri de etan\u0219\u0103ri, cum ar fi etan\u0219\u0103rile pistonului \u0219i etan\u0219\u0103rile tijei. <\/li>\n<li>Durabilitate: butelia trebuie s\u0103 fie proiectat\u0103 s\u0103 reziste la uzur\u0103 \u0219i coroziune pentru a-i prelungi durata de via\u021b\u0103. <\/li>\n<li>Siguran\u021b\u0103: butelia trebuie proiectat\u0103 av\u00e2nd \u00een vedere siguran\u021ba, cu m\u0103suri precum supape de suprapresiune pentru a preveni deteriorarea sistemului. <\/li>\n<li>\u00centre\u021binere: cilindrul trebuie s\u0103 fie proiectat pentru o \u00eentre\u021binere u\u0219oar\u0103, cu caracteristici precum garnituri u\u0219or \u00eenlocuibile \u0219i componente u\u0219or accesibile. <\/li>\n<\/ul>\n<p><img decoding=\"async\" src=\"https:\/\/www.hydraulic-cylinders.net\/wp-content\/uploads\/2025\/01\/songte-oil-pipes-and-spare-parts.webp\" alt=\"Imaginea pieselor cilindrului cupei\"><\/p>\n<h2>Etan\u0219are \u0219i lubrifiere<\/h2>\n<p>Cilindrul cupei necesit\u0103 diverse garnituri, cum ar fi garniturile pistonului \u0219i garniturile tijei, fabricate din materiale rezistente la uzur\u0103, cum ar fi poliuretanul \u0219i cauciucul nitrilic, pentru a preveni scurgerile de ulei \u0219i a asigura o func\u021bionare fiabil\u0103. Corpul cilindrului \u0219i suprafe\u021bele filetate ale cap\u0103tului au fost supuse unor prelucr\u0103ri fine pentru a \u00eembun\u0103t\u0103\u021bi rezisten\u021ba la uzur\u0103. Lubrifierea regulat\u0103 cu ulei hidraulic adecvat este necesar\u0103 pentru a asigura o func\u021bionare lin\u0103. <\/p>\n<h2>\u00centre\u021binere \u0219i repara\u021bii<\/h2>\n<p>Pentru a men\u021bine performan\u021ba cilindrului cupei, sunt necesare inspec\u021bii regulate \u0219i \u00eentre\u021binere preventiv\u0103. Trei sarcini comune de \u00eentre\u021binere includ inspec\u021bia regulat\u0103, lubrifierea corespunz\u0103toare \u0219i \u00eenlocuirea garniturii \u0219i verificarea calibr\u0103rii. Instalarea, lubrifierea \u0219i reglarea corecte sunt esen\u021biale pentru a asigura longevitatea cilindrului, cu \u00eendrum\u0103ri de aliniere corect\u0103 \u00een timpul instal\u0103rii \u0219i recomand\u0103ri pentru utilizarea suporturilor de instalare adecvate pentru fixarea cilindrului. Se recomand\u0103 proceduri regulate de verificare, reparare \u0219i \u00eenlocuire pentru a \u00eembun\u0103t\u0103\u021bi durata de via\u021b\u0103 a cilindrului.<\/p>\n<p><img decoding=\"async\" src=\"https:\/\/www.hydraulic-cylinders.net\/wp-content\/uploads\/2025\/01\/songte-chushion-collar.webp\" alt=\"Imagine de instalare a cilindrului cupei\"><\/p>\n<h2>Considera\u021bii de siguran\u021b\u0103 \u0219i factori de mediu<\/h2>\n<p>La utilizarea cilindrului cupei trebuie respectate m\u0103suri de siguran\u021b\u0103, cum ar fi asigurarea c\u0103 presiunea \u0219i comenzile de control ale sistemului hidraulic se \u00eencadreaz\u0103 \u00een limitele de siguran\u021b\u0103. De asemenea, trebuie lua\u021bi \u00een considerare factorii de mediu, cum ar fi temperatura \u0219i umiditatea, pentru a asigura func\u021bionarea fiabil\u0103 a cilindrului.<\/p>\n<h2>Depanare \u0219i probleme frecvente<\/h2>\n<p>Uneori, cilindrii hidraulici pot \u00eent\u00e2mpina probleme precum scurgeri de ulei sau performan\u021be slabe. Pentru a diagnostica \u0219i rezolva aceste probleme, este necesar s\u0103 ave\u021bi o \u00een\u021belegere de baz\u0103 a sistemelor hidraulice \u0219i a designului cilindrului. Sfaturile \u0219i solu\u021biile comune de depanare includ inspectarea etan\u0219\u0103rilor, verificarea scurgerilor \u0219i reglarea presiunii sistemului. M\u0103surile preventive, cum ar fi inspec\u021bia \u0219i \u00eentre\u021binerea regulat\u0103, pot minimiza poten\u021bialele probleme.<\/p>\n<p><img decoding=\"async\" src=\"https:\/\/www.hydraulic-cylinders.net\/wp-content\/uploads\/2025\/01\/songte-bushings-with-all-kinds-of-excavator-models.webp\" alt=\"Imaginea buc\u0219elor cilindrului cupei\"><\/p>\n<h2>Despre compania noastr\u0103<\/h2>\n<p>Suntem un produc\u0103tor \u0219i distribuitor angro de top de cilindri hidraulici, specializa\u021bi \u00een \u00eenlocuirea cilindrilor hidraulici. Compania noastr\u0103 ofer\u0103 o gam\u0103 complet\u0103 de produse \u0219i este cunoscut\u0103 ca unul dintre principalii produc\u0103tori \u0219i distribuitori angro de cilindri hidraulici pe pie\u021bele interne \u0219i interna\u021bionale. Ader\u0103m la principiile calit\u0103\u021bii excelente, ne baz\u0103m pe strategia de management al produc\u021biei industriale a unui atelier de fabrica\u021bie rafinat \u0219i \u00eembun\u0103t\u0103\u021bim continuu platforma de produc\u021bie a atelierului, \u00eembun\u0103t\u0103\u021bim linia de produc\u021bie a calit\u0103\u021bii produselor \u0219i avem o capacitate creativ\u0103 puternic\u0103, satisf\u0103c\u00e2nd nevoile diverse ale clien\u021bilor cu eficien\u021b\u0103 ridicat\u0103, precizie ridicat\u0103 \u0219i calitate superioar\u0103.<\/p>\n<p><img decoding=\"async\" src=\"https:\/\/hzpt.com\/wp-content\/uploads\/2024\/11\/songte-company-1.webp\" alt=\"Imaginea companiei\"><\/p>\n<h3>Profesionalism:<\/h3>\n<p>Avem o echip\u0103 de profesioni\u0219ti cu \u00eenalt\u0103 calificare \u0219i experien\u021b\u0103, care pot oferi clien\u021bilor solu\u021bii profesionale \u0219i servicii complete.<\/p>\n<h3>Certificare interna\u021bional\u0103:<\/h3>\n<p>Am ob\u021binut diverse certific\u0103ri interna\u021bionale, precum CE \u0219i ISO, pentru a garanta calitatea produselor \u0219i satisfac\u021bia clien\u021bilor.<\/p>\n<h3>Personalizare:<\/h3>\n<p>Putem oferi servicii personalizate \u00een func\u021bie de cerin\u021bele clien\u021bilor, cum ar fi proiectarea \u0219i produc\u021bia de produse personalizate.<\/p>\n<h3>Echipamente de produc\u021bie:<\/h3>\n<p>Dispunem de echipamente digitale avansate de produc\u021bie pentru a asigura o produc\u021bie eficient\u0103 \u0219i de \u00eenalt\u0103 calitate.<\/p>\n<h3>Serviciu post-v\u00e2nzare:<\/h3>\n<p>Oferim clien\u021bilor servicii post-v\u00e2nzare profesionale \u0219i prompte, inclusiv \u00eentre\u021binerea, repararea \u0219i \u00eenlocuirea produselor.<\/p>\n<p>Autor: lyl<\/p>","protected":false},"excerpt":{"rendered":"<p>Bucket Cylinder For Sany Large Excavator SY700H-8 Introduction The bucket cylinder for a Sany large excavator SY700H-8 is a specially designed hydraulic cylinder used to control the movement of the bucket in heavy machinery such as excavators, backhoe excavators, and front-end loaders. Its main function is to enable the bucket to perform lifting, lowering, and [&hellip;]<\/p>","protected":false},"featured_media":14787,"comment_status":"open","ping_status":"closed","template":"","meta":{"_et_pb_use_builder":"","_et_pb_old_content":"","_et_gb_content_width":""},"product_brand":[],"product_cat":[1494],"product_tag":[1495,1496],"class_list":{"0":"post-15449","1":"product","2":"type-product","3":"status-publish","4":"has-post-thumbnail","6":"product_cat-bucket-cylinders","7":"product_tag-bucket-cylinders","8":"product_tag-hydraulic-cylinders","10":"first","11":"instock","12":"shipping-taxable","13":"product-type-simple"},"amp_enabled":true,"_links":{"self":[{"href":"https:\/\/www.hydraulic-cylinders.net\/ro\/wp-json\/wp\/v2\/product\/15449","targetHints":{"allow":["GET"]}}],"collection":[{"href":"https:\/\/www.hydraulic-cylinders.net\/ro\/wp-json\/wp\/v2\/product"}],"about":[{"href":"https:\/\/www.hydraulic-cylinders.net\/ro\/wp-json\/wp\/v2\/types\/product"}],"replies":[{"embeddable":true,"href":"https:\/\/www.hydraulic-cylinders.net\/ro\/wp-json\/wp\/v2\/comments?post=15449"}],"wp:featuredmedia":[{"embeddable":true,"href":"https:\/\/www.hydraulic-cylinders.net\/ro\/wp-json\/wp\/v2\/media\/14787"}],"wp:attachment":[{"href":"https:\/\/www.hydraulic-cylinders.net\/ro\/wp-json\/wp\/v2\/media?parent=15449"}],"wp:term":[{"taxonomy":"product_brand","embeddable":true,"href":"https:\/\/www.hydraulic-cylinders.net\/ro\/wp-json\/wp\/v2\/product_brand?post=15449"},{"taxonomy":"product_cat","embeddable":true,"href":"https:\/\/www.hydraulic-cylinders.net\/ro\/wp-json\/wp\/v2\/product_cat?post=15449"},{"taxonomy":"product_tag","embeddable":true,"href":"https:\/\/www.hydraulic-cylinders.net\/ro\/wp-json\/wp\/v2\/product_tag?post=15449"}],"curies":[{"name":"wp","href":"https:\/\/api.w.org\/{rel}","templated":true}]}}