{"id":15461,"date":"2025-01-19T14:33:37","date_gmt":"2025-01-19T14:33:37","guid":{"rendered":"https:\/\/www.hydraulic-cylinders.net\/product\/bucket-cylinder-for-xcmg-small-excavator-xe75\/"},"modified":"2025-01-19T14:33:38","modified_gmt":"2025-01-19T14:33:38","slug":"bucket-cylinder-for-xcmg-small-excavator-xe75","status":"publish","type":"product","link":"https:\/\/www.hydraulic-cylinders.net\/ro\/produs\/bucket-cylinder-for-xcmg-small-excavator-xe75\/","title":{"rendered":"Cilindru cu cup\u0103 pentru excavatorul mic XCMG XE75"},"content":{"rendered":"<h1>Cilindru cu cup\u0103 pentru excavatorul mic XCMG XE75<\/h1>\n<h2>Introducere<\/h2>\n<p>Cilindrul cupei este un cilindru hidraulic special conceput, utilizat pentru a controla mi\u0219carea cupei \u00een utilaje grele, cum ar fi excavatoarele, \u00eenc\u0103rc\u0103toarele excavatoare \u0219i \u00eenc\u0103rc\u0103toarele frontale. Func\u021bia sa principal\u0103 este de a permite ridicarea, cobor\u00e2rea \u0219i \u00eenclinarea cupei, facilit\u00e2nd diverse sarcini de manipulare a materialelor. \u00cen sistemul hidraulic, cilindrul cupei realizeaz\u0103 un control precis al cupei prin utilizarea schimb\u0103rilor de presiune ale uleiului hidraulic, permi\u021b\u00e2nd operatorilor s\u0103 manipuleze eficient sarcini grele \u0219i s\u0103 se adapteze la medii de lucru complexe \u0219i cerin\u021be opera\u021bionale diverse.<\/p>\n<p><img decoding=\"async\" src=\"https:\/\/www.hydraulic-cylinders.net\/wp-content\/uploads\/2025\/01\/songte-company-2.webp\"><\/p>\n<h2>Caracteristici<\/h2>\n<ul>\n<li>Rezisten\u021b\u0103 \u0219i durabilitate ridicate: Fabricat de obicei din o\u021bel sau aluminiu de \u00eenalt\u0103 rezisten\u021b\u0103, cilindrul cupei poate rezista la presiuni ridicate \u0219i sarcini grele, adapt\u00e2ndu-se la medii de lucru dure. Designul ia \u00een considerare \u0219i rezisten\u021ba la uzur\u0103 \u0219i la coroziune, prelungindu-i durata de via\u021b\u0103.<\/li>\n<li>Func\u021bionare hidraulic\u0103 eficient\u0103: Prin utilizarea presiunii uleiului hidraulic, cilindrul cupei realizeaz\u0103 ac\u021biuni line de extensie \u0219i contrac\u021bie, permi\u021b\u00e2nd un r\u0103spuns rapid la comenzile de control \u0219i oferind for\u021be puternice de \u00eempingere \u0219i tragere, fiind potrivit pentru manipularea sarcinilor grele \u0219i a sarcinilor opera\u021bionale complexe.<\/li>\n<li>Diverse tipuri: Cilindrul cupei poate fi ales ca cilindru cu ac\u021biune simpl\u0103 (utilizat hidraulic \u00eentr-o singur\u0103 direc\u021bie) sau cu ac\u021biune dubl\u0103 (utilizat hidraulic \u00een ambele direc\u021bii), \u00eendeplinind diferite cerin\u021be opera\u021bionale. Unele modele sunt telescopice, permi\u021b\u00e2nd o extensie mai mare f\u0103r\u0103 a cre\u0219te dimensiunile exterioare, fiind potrivite pentru aplica\u021bii cu spa\u021biu limitat.<\/li>\n<li>\u00cenlocuitor pentru al\u021bi cilindri hidraulici: Produsul nostru poate \u00eenlocui perfect diver\u0219i cilindri hidraulici, oferind o alternativ\u0103 fiabil\u0103.<\/li>\n<\/ul>\n<p><img decoding=\"async\" src=\"https:\/\/www.hydraulic-cylinders.net\/wp-content\/uploads\/2025\/01\/songte-cylinder-head-with-all-kinds-excavator-models.webp\"><\/p>\n<h2>Aplica\u021bii<\/h2>\n<p>Cilindrul cu cup\u0103 \u00ee\u0219i g\u0103se\u0219te aplica\u021bii \u00een diverse tipuri de echipamente:<\/p>\n<ul>\n<li>Echipamente de construc\u021bii: Joac\u0103 un rol crucial \u00een excavatoare pentru s\u0103pare, \u00eenc\u0103rcare \u0219i mutarea solului sau a resturilor. \u00cen cazul \u00eenc\u0103rc\u0103toarelor excavatoare, cilindrul cupei ajut\u0103 at\u00e2t la s\u0103pare, c\u00e2t \u0219i la ridicare.<\/li>\n<li>Ma\u0219ini agricole: utilizate \u00een \u00eenc\u0103rc\u0103toare frontale pentru scobere, ridicare \u0219i transportul solului, f\u00e2nului \u0219i altor materiale.<\/li>\n<li>Excavatoare: Cilindrul cupei permite ac\u021biunea de s\u0103pare permi\u021b\u00e2nd cupei s\u0103 p\u0103trund\u0103 \u00een sol.<\/li>\n<li>\u00cenc\u0103rc\u0103toare: La \u00eenc\u0103rc\u0103toarele frontale, cilindrul cupei ajut\u0103 la ridicarea \u0219i desc\u0103rcarea eficient\u0103 a m\u0103rfurilor.<\/li>\n<\/ul>\n<h2>Considera\u021bii de proiectare \u0219i criterii de selec\u021bie<\/h2>\n<ul>\n<li>Capacitate portant\u0103: Proiectarea cilindrului ia \u00een considerare capacitatea de a suporta sarcini \u0219i presiuni mari.<\/li>\n<li>Etan\u0219are: Se utilizeaz\u0103 diverse componente de etan\u0219are, cum ar fi etan\u0219\u0103rile pistonului \u0219i etan\u0219\u0103rile tijei. Aceste etan\u0219\u0103ri sunt fabricate din materiale rezistente la uzur\u0103, cum ar fi poliuretanul \u0219i cauciucul nitrilic. Corpul cilindrului \u0219i suprafe\u021bele filetate ale cap\u0103tului sunt supuse unor prelucr\u0103ri fine pentru a spori rezisten\u021ba la uzur\u0103.<\/li>\n<li>Durabilitate: Cilindrul cupei este proiectat s\u0103 fie durabil, asigur\u00e2nd o durat\u0103 lung\u0103 de via\u021b\u0103.<\/li>\n<li>Siguran\u021b\u0103: \u00cen timpul procesului de proiectare se iau \u00een considerare aspectele de siguran\u021b\u0103.<\/li>\n<li>\u00centre\u021binere: Cilindrul este proiectat pentru a facilita \u00eentre\u021binerea \u0219i repararea.<\/li>\n<\/ul>\n<p><img decoding=\"async\" src=\"https:\/\/www.hydraulic-cylinders.net\/wp-content\/uploads\/2025\/01\/songte-oil-pipes-and-spare-parts.webp\"><\/p>\n<h2>Etan\u0219are \u0219i lubrifiere<\/h2>\n<p>Cilindrul cupei utilizeaz\u0103 diverse componente de etan\u0219are, inclusiv etan\u0219\u0103ri ale pistonului \u0219i etan\u0219\u0103ri ale tijei, care sunt fabricate din materiale rezistente la uzur\u0103, cum ar fi poliuretanul \u0219i cauciucul nitrilic. Corpul cilindrului \u0219i suprafe\u021bele filetate ale cap\u0103tului sunt prelucrate fin pentru a \u00eembun\u0103t\u0103\u021bi rezisten\u021ba la uzur\u0103. Lubrifierea regulat\u0103 cu o cantitate adecvat\u0103 de ulei hidraulic este necesar\u0103 pentru a asigura o func\u021bionare f\u0103r\u0103 probleme \u0219i o longevitate sporit\u0103.<\/p>\n<h2>Inspec\u021bie regulat\u0103 \u0219i \u00eentre\u021binere preventiv\u0103<\/h2>\n<ul>\n<li>Inspecta\u021bi periodic cilindrul cupei pentru a depista orice semne de uzur\u0103, deteriorare sau scurgeri.<\/li>\n<li>Asigura\u021bi lubrifierea corespunz\u0103toare a tuturor pieselor mobile.<\/li>\n<li>\u00cenlocui\u021bi garniturile \u0219i alte componente dup\u0103 cum este necesar pentru a men\u021bine performan\u021ba optim\u0103.<\/li>\n<\/ul>\n<h2>Ghid de instalare corect\u0103<\/h2>\n<p>La instalarea cilindrului cupei, este important s\u0103:<\/p>\n<ul>\n<li>Asigura\u021bi alinierea corect\u0103 a cilindrului.<\/li>\n<li>Folosi\u021bi console de instalare adecvate pentru fixarea cilindrului.<\/li>\n<\/ul>\n<h2>Sarcini de \u00eentre\u021binere<\/h2>\n<p>Sarcinile comune de \u00eentre\u021binere pentru cilindrul cupei includ:<\/p>\n<ul>\n<li>Inspec\u021bie regulat\u0103<\/li>\n<li>Lubrifiere adecvat\u0103<\/li>\n<li>\u00cenlocuirea garniturii<\/li>\n<li>Verificare calibrare<\/li>\n<\/ul>\n<p>Instalarea, lubrifierea \u0219i reglarea corect\u0103 sunt cruciale pentru longevitatea cilindrului. \u00cen timpul procesului de instalare trebuie furnizate \u00eendrum\u0103ri corecte pentru alinierea acestora. Sunt disponibile proceduri recomandate de inspec\u021bie, reparare \u0219i \u00eenlocuire, \u00eempreun\u0103 cu sfaturi pentru a prelungi durata de via\u021b\u0103 a cilindrului cupei.<\/p>\n<p><img decoding=\"async\" src=\"https:\/\/www.hydraulic-cylinders.net\/wp-content\/uploads\/2025\/01\/songte-chushion-collar.webp\"><\/p>\n<h2>Considera\u021bii de siguran\u021b\u0103 \u0219i factori de mediu<\/h2>\n<p>Atunci c\u00e2nd se utilizeaz\u0103 cilindrul cupei, respectarea m\u0103surilor de siguran\u021b\u0103 este de maxim\u0103 importan\u021b\u0103 pentru a preveni accidentele \u0219i a asigura bun\u0103starea operatorului. De asemenea, trebuie lua\u021bi \u00een considerare factorii de mediu pentru a minimiza orice impact negativ.<\/p>\n<h2>Diagnosticarea defec\u021biunilor \u0219i probleme frecvente<\/h2>\n<p>Defec\u021biunile comune \u0219i metodele de depanare a acestora pentru cilindrul cupei sunt:<\/p>\n<ul>\n<li>Scurgeri: Verifica\u021bi garniturile \u0219i fitingurile pentru a depista eventualele deterior\u0103ri \u0219i \u00eenlocui\u021bi-le dac\u0103 este necesar.<\/li>\n<li>Performan\u021b\u0103 slab\u0103: Verifica\u021bi dac\u0103 exist\u0103 blocaje sau restric\u021bii \u00een sistemul hidraulic \u0219i remedia\u021bi problema.<\/li>\n<li>Zgomote neobi\u0219nuite: Verifica\u021bi dac\u0103 exist\u0103 componente sl\u0103bite sau uzate \u0219i str\u00e2nge\u021bi-le sau \u00eenlocui\u021bi-le \u00een consecin\u021b\u0103.<\/li>\n<\/ul>\n<p>Oferirea de sfaturi \u0219i solu\u021bii pentru gestionarea defec\u021biunilor \u00eei ajut\u0103 pe cititori s\u0103 diagnosticheze \u0219i s\u0103 rezolve eficient problemele. De asemenea, ar trebui sugerate m\u0103suri preventive pentru a minimiza poten\u021bialele probleme.<\/p>\n<p><img decoding=\"async\" src=\"https:\/\/www.hydraulic-cylinders.net\/wp-content\/uploads\/2025\/01\/songte-bushings-with-all-kinds-of-excavator-models.webp\"><\/p>\n<h2>Despre compania noastr\u0103<\/h2>\n<p>Suntem un produc\u0103tor specializat \u00een produc\u021bia de cilindri hidraulici de schimb. Cu o gam\u0103 larg\u0103 de produse, am devenit unul dintre principalii produc\u0103tori \u0219i distribuitori angro de cilindri hidraulici pe pie\u021bele interne \u0219i interna\u021bionale. Ader\u0103m la principiile calit\u0103\u021bii excelente \u0219i ne baz\u0103m pe strategii industrializate de management al produc\u021biei \u00een atelierul nostru de produc\u021bie fin echipat. Cu ajutorul talentului tehnic, al echipamentelor digitale avansate de produc\u021bie \u0219i al sistemelor profesionale de testare, \u00eembun\u0103t\u0103\u021bim continuu platforma noastr\u0103 de produc\u021bie, perfec\u021bion\u0103m ruta de produc\u021bie pentru calitatea produselor \u0219i de\u021binem capacit\u0103\u021bi creative puternice. Ne propunem s\u0103 satisfacem diversele nevoi ale clien\u021bilor cu eficien\u021b\u0103, precizie \u0219i calitate ridicate.<\/p>\n<p><img decoding=\"async\" src=\"https:\/\/www.hydraulic-cylinders.net\/wp-content\/uploads\/2025\/01\/songte-company-3.webp\"><\/p>\n<p>\u00cen plus, ne m\u00e2ndrim cu:<\/p>\n<ul>\n<li>Profesionalism<\/li>\n<li>Certific\u0103ri interna\u021bionale<\/li>\n<li>Servicii de personalizare<\/li>\n<li>Echipamente de produc\u021bie de ultim\u0103 genera\u021bie<\/li>\n<li>Serviciu post-v\u00e2nzare<\/li>\n<\/ul>\n<p>Prin asigurarea unei organiz\u0103ri logice a articolului, utilizarea subtitlurilor pentru o navigare u\u0219oar\u0103, \u00eencorporarea de imagini sau grafice relevante pentru a \u00eembun\u0103t\u0103\u021bi \u00een\u021belegerea \u0219i asigurarea unui con\u021binut clar \u0219i concis, potrivit pentru cititorii cu diverse niveluri de cuno\u0219tin\u021be tehnice, ne propunem s\u0103 oferim un articol informativ \u0219i cuprinz\u0103tor.<\/p>\n<p>Autor: lyl<\/p>","protected":false},"excerpt":{"rendered":"<p>Bucket Cylinder For XCMG Small Excavator XE75 Introduction The bucket cylinder is a specially designed hydraulic cylinder used to control the movement of the bucket in heavy machinery such as excavators, backhoe loaders, and front-end loaders. Its main function is to enable the lifting, lowering, and tilting of the bucket, facilitating various material handling tasks. [&hellip;]<\/p>","protected":false},"featured_media":14761,"comment_status":"open","ping_status":"closed","template":"","meta":{"_et_pb_use_builder":"","_et_pb_old_content":"","_et_gb_content_width":""},"product_brand":[],"product_cat":[1494],"product_tag":[1495,1496],"class_list":{"0":"post-15461","1":"product","2":"type-product","3":"status-publish","4":"has-post-thumbnail","6":"product_cat-bucket-cylinders","7":"product_tag-bucket-cylinders","8":"product_tag-hydraulic-cylinders","10":"first","11":"instock","12":"shipping-taxable","13":"product-type-simple"},"amp_enabled":true,"_links":{"self":[{"href":"https:\/\/www.hydraulic-cylinders.net\/ro\/wp-json\/wp\/v2\/product\/15461","targetHints":{"allow":["GET"]}}],"collection":[{"href":"https:\/\/www.hydraulic-cylinders.net\/ro\/wp-json\/wp\/v2\/product"}],"about":[{"href":"https:\/\/www.hydraulic-cylinders.net\/ro\/wp-json\/wp\/v2\/types\/product"}],"replies":[{"embeddable":true,"href":"https:\/\/www.hydraulic-cylinders.net\/ro\/wp-json\/wp\/v2\/comments?post=15461"}],"wp:featuredmedia":[{"embeddable":true,"href":"https:\/\/www.hydraulic-cylinders.net\/ro\/wp-json\/wp\/v2\/media\/14761"}],"wp:attachment":[{"href":"https:\/\/www.hydraulic-cylinders.net\/ro\/wp-json\/wp\/v2\/media?parent=15461"}],"wp:term":[{"taxonomy":"product_brand","embeddable":true,"href":"https:\/\/www.hydraulic-cylinders.net\/ro\/wp-json\/wp\/v2\/product_brand?post=15461"},{"taxonomy":"product_cat","embeddable":true,"href":"https:\/\/www.hydraulic-cylinders.net\/ro\/wp-json\/wp\/v2\/product_cat?post=15461"},{"taxonomy":"product_tag","embeddable":true,"href":"https:\/\/www.hydraulic-cylinders.net\/ro\/wp-json\/wp\/v2\/product_tag?post=15461"}],"curies":[{"name":"wp","href":"https:\/\/api.w.org\/{rel}","templated":true}]}}