{"id":15475,"date":"2025-01-19T14:34:39","date_gmt":"2025-01-19T14:34:39","guid":{"rendered":"https:\/\/www.hydraulic-cylinders.net\/product\/bucket-cylinder-for-xcmg-middle-excavator-xe235c\/"},"modified":"2025-01-19T14:34:41","modified_gmt":"2025-01-19T14:34:41","slug":"bucket-cylinder-for-xcmg-middle-excavator-xe235c","status":"publish","type":"product","link":"https:\/\/www.hydraulic-cylinders.net\/ro\/produs\/bucket-cylinder-for-xcmg-middle-excavator-xe235c\/","title":{"rendered":"Cilindru cu cup\u0103 pentru excavatorul mijlociu XCMG XE235C"},"content":{"rendered":"<h1>Cilindru cu cup\u0103 pentru excavatorul mijlociu XCMG XE235C<\/h1>\n<h2>Introducere<\/h2>\n<h3>Defini\u021bia cilindrului cupei<\/h3>\n<p>Un cilindru hidraulic al cupei este un tip de cilindru hidraulic conceput special pentru a controla mi\u0219carea cupei \u00een utilaje grele, cum ar fi excavatoarele, \u00eenc\u0103rc\u0103toarele excavatoare \u0219i \u00eenc\u0103rc\u0103toarele frontale. Func\u021bia sa principal\u0103 este de a permite cupei s\u0103 efectueze ac\u021biuni de ridicare, cobor\u00e2re \u0219i \u00eenclinare, facilit\u00e2nd astfel diverse sarcini de manipulare a materialelor. \u00cen sistemul hidraulic, cilindrul cupei realizeaz\u0103 un control precis al cupei prin manipularea presiunii uleiului hidraulic, permi\u021b\u00e2nd operatorilor s\u0103 manipuleze eficient sarcini grele \u0219i s\u0103 se adapteze la medii de lucru complexe \u0219i cerin\u021be diverse ale postului.<\/p>\n<p><img decoding=\"async\" src=\"https:\/\/www.hydraulic-cylinders.net\/wp-content\/uploads\/2025\/01\/songte-company-2.webp\" alt=\"Imaginea cilindrului cupei\"><\/p>\n<h2>Caracteristici ale produsului<\/h2>\n<h3>Rezisten\u021b\u0103 \u0219i durabilitate ridicate<\/h3>\n<p>Cilindrii cu cup\u0103 sunt de obicei fabrica\u021bi din o\u021bel sau aluminiu de \u00eenalt\u0103 rezisten\u021b\u0103, care pot rezista la presiuni ridicate \u0219i sarcini grele, adapt\u00e2ndu-se la medii de lucru dure. Ace\u0219tia sunt proiecta\u021bi s\u0103 ia \u00een considerare rezisten\u021ba la uzur\u0103 \u0219i la coroziune pentru a prelungi durata de via\u021b\u0103.<\/p>\n<h3>Func\u021bionare hidraulic\u0103 eficient\u0103<\/h3>\n<p>Cilindrii cupei utilizeaz\u0103 presiunea uleiului hidraulic pentru a realiza ac\u021biuni line de extensie \u0219i retragere, r\u0103spunz\u00e2nd rapid la comenzile de control \u0219i oferind for\u021be puternice de \u00eempingere \u0219i tragere, potrivite pentru manipularea sarcinilor grele \u0219i a sarcinilor complexe.<\/p>\n<h3>Diverse tipuri<\/h3>\n<p>Cilindrii cu cup\u0103 pot fi ale\u0219i \u00een func\u021bie de nevoile cilindrilor cu ac\u021biune simpl\u0103 (folosind sistemul hidraulic doar \u00eentr-o singur\u0103 direc\u021bie) sau cu ac\u021biune dubl\u0103 (folosind sistemul hidraulic \u00een dou\u0103 direc\u021bii) pentru a satisface diferite cerin\u021be de func\u021bionare. Unele modele sunt telescopice, permi\u021b\u00e2nd o extensie mai mare f\u0103r\u0103 a cre\u0219te dimensiunile exterioare, potrivite pentru aplica\u021bii cu spa\u021biu limitat.<\/p>\n<h3>\u00cenlocuitor perfect<\/h3>\n<p>Compania noastr\u0103 produce cilindri hidraulici pentru cupe care pot \u00eenlocui perfect cilindrii hidraulici. <\/p>\n<p><img decoding=\"async\" src=\"https:\/\/www.hydraulic-cylinders.net\/wp-content\/uploads\/2025\/01\/songte-cylinder-head-with-all-kinds-excavator-models.webp\" alt=\"\u00cenlocuirea cilindrului cupei\"><\/p>\n<h2>Aplica\u021bii<\/h2>\n<h3>Echipamente de construc\u021bii<\/h3>\n<p>\u00cen excavatoare, acestea sunt esen\u021biale pentru s\u0103pare, \u00eenc\u0103rcare \u0219i mutarea solului sau a resturilor. La \u00eenc\u0103rc\u0103toarele excavatoare, cilindrii cupei ajut\u0103 la s\u0103pare \u0219i ridicare. La \u00eenc\u0103rc\u0103toarele frontale, acestea ajut\u0103 la ridicarea \u0219i desc\u0103rcarea eficient\u0103 a \u00eenc\u0103rc\u0103turii.<\/p>\n<h3>Ma\u0219ini agricole<\/h3>\n<p>Folosite pentru \u00eenc\u0103rc\u0103toarele frontale, acestea excavaz\u0103, ridic\u0103 \u0219i transport\u0103 p\u0103m\u00e2nt, f\u00e2n \u0219i alte materiale. \u00cen excavatoare, cilindrii cupei realizeaz\u0103 excavarea permi\u021b\u00e2nd cupei s\u0103 p\u0103trund\u0103 \u00een sol.<\/p>\n<h3>Detalii aplica\u021bie<\/h3>\n<p>Echipamente de construc\u021bii: \u00cen cazul excavatoarelor, este esen\u021bial s\u0103 se utilizeze cilindri ai cupei pentru s\u0103pare, \u00eenc\u0103rcare \u0219i mutarea solului sau a resturilor. \u00cenc\u0103rc\u0103toarele excavatoare consider\u0103 cilindrul cupei util pentru s\u0103pare \u0219i ridicare. \u00cen cazul \u00eenc\u0103rc\u0103toarelor frontale, acestea ajut\u0103 la ridicarea \u0219i desc\u0103rcarea eficient\u0103 a \u00eenc\u0103rc\u0103turii. Ma\u0219ini agricole: Utilizate pentru \u00eenc\u0103rc\u0103toare frontale, acestea scobesc, ridic\u0103 \u0219i transport\u0103 sol, f\u00e2n \u0219i alte materiale. \u00cen cazul excavatoarelor, cilindrii cupei realizeaz\u0103 excavarea permi\u021b\u00e2nd cupei s\u0103 p\u0103trund\u0103 \u00een sol. <\/p>\n<p><img decoding=\"async\" src=\"https:\/\/www.hydraulic-cylinders.net\/wp-content\/uploads\/2025\/01\/songte-bushings-with-all-kinds-of-excavator-models.webp\" alt=\"Aplica\u021bii ale cilindrului cupei\"><\/p>\n<h2>Considera\u021bii de proiectare \u0219i standarde de selec\u021bie<\/h2>\n<h3>Capacitate portant\u0103<\/h3>\n<p>Cilindrul cupei ar trebui s\u0103 poat\u0103 rezista la sarcini grele \u0219i s\u0103 func\u021bioneze sub presiune ridicat\u0103. Materialul trebuie s\u0103 fie de \u00eenalt\u0103 rezisten\u021b\u0103 \u0219i durabil, asigur\u00e2ndu-se c\u0103 cilindrul poate rezista la medii de lucru dure \u0219i poate dura mai mult.<\/p>\n<h3>Performan\u021ba de etan\u0219are<\/h3>\n<p>Cilindrul cupei ar trebui s\u0103 utilizeze diverse componente de etan\u0219are, cum ar fi etan\u0219\u0103ri de piston, etan\u0219\u0103ri de tij\u0103 \u0219i inele de uzur\u0103, asigur\u00e2ndu-se c\u0103 cilindrul men\u021bine un nivel ridicat de performan\u021b\u0103 de etan\u0219are pe toat\u0103 durata sa de via\u021b\u0103. Componentele de etan\u0219are selectate ar trebui s\u0103 fie fabricate din materiale rezistente la uzur\u0103, cum ar fi poliuretanul \u0219i cauciucul nitrilic.<\/p>\n<h3>Durabilitate<\/h3>\n<p>Cilindrul cupei ar trebui s\u0103 poat\u0103 rezista la medii de lucru dure, ceea ce \u00eenseamn\u0103 c\u0103 cilindrul trebuie s\u0103 fie fabricat din materiale de \u00eenalt\u0103 calitate, rezistente la uzur\u0103.<\/p>\n<h3>Siguran\u0163\u0103<\/h3>\n<p>Cilindrul cupei trebuie proiectat av\u00e2nd \u00een vedere siguran\u021ba, asigur\u00e2ndu-se c\u0103 utilizarea este sigur\u0103 pentru operatori. Caracteristicile de siguran\u021b\u0103 pot include supape de suprapresiune, dispozitive de amortizare \u0219i alte mecanisme de siguran\u021b\u0103.<\/p>\n<h3>\u00centre\u0163inere<\/h3>\n<p>Cilindrul cupei trebuie proiectat astfel \u00eenc\u00e2t s\u0103 fie u\u0219or de \u00eentre\u021binut, permi\u021b\u00e2nd inspec\u021bia, repararea \u0219i \u00eenlocuirea u\u0219oar\u0103 a componentelor. \u00centre\u021binerea regulat\u0103 trebuie efectuat\u0103 pentru a asigura func\u021bionarea optim\u0103 a cilindrului.<\/p>\n<p><img decoding=\"async\" src=\"https:\/\/www.hydraulic-cylinders.net\/wp-content\/uploads\/2025\/01\/songte-oil-pipes-and-spare-parts.webp\" alt=\"Designul cilindrului cupei\"><\/p>\n<h2>Etan\u0219are \u0219i lubrifiere<\/h2>\n<p>Cilindrii cu cup\u0103 utilizeaz\u0103 diverse componente de etan\u0219are, cum ar fi etan\u0219\u0103rile pistonului \u0219i etan\u0219\u0103rile tijei, pentru a-\u0219i men\u021bine performan\u021ba de etan\u0219are. Componentele de etan\u0219are selectate trebuie s\u0103 fie fabricate din materiale rezistente la uzur\u0103, cum ar fi poliuretanul \u0219i cauciucul nitrilic. Corpul cilindrului \u0219i suprafe\u021bele filetate ale cap\u0103tului trebuie prelucrate fin pentru a \u00eembun\u0103t\u0103\u021bi rezisten\u021ba la uzur\u0103. Este necesar\u0103 o lubrifiere regulat\u0103, iar cantitatea corespunz\u0103toare de ulei hidraulic trebuie ad\u0103ugat\u0103 \u00een mod regulat pentru a asigura o func\u021bionare f\u0103r\u0103 probleme a cilindrului.<\/p>\n<h2>Inspec\u021bie \u0219i \u00eentre\u021binere<\/h2>\n<h3>Inspec\u021bie regulat\u0103<\/h3>\n<p>Inspec\u021bia regulat\u0103 a cilindrilor cupei este necesar\u0103 pentru a asigura func\u021bionarea acestora la niveluri optime. Inspec\u021biile pot include verificarea scurgerilor sau a deterior\u0103rii, inspec\u021bia etan\u0219\u0103rilor \u0219i examinarea uzurii corpului cilindrului.<\/p>\n<h3>Lubrifiere adecvat\u0103<\/h3>\n<p>Lubrifierea corespunz\u0103toare este esen\u021bial\u0103 pentru ca cilindrul cupei s\u0103 func\u021bioneze f\u0103r\u0103 probleme. Lubrifierea trebuie efectuat\u0103 conform instruc\u021biunilor produc\u0103torului, iar cantitatea corespunz\u0103toare de ulei hidraulic trebuie ad\u0103ugat\u0103 \u00een mod regulat.<\/p>\n<h3>\u00cenlocuirea garniturii \u0219i verificarea calibr\u0103rii<\/h3>\n<p>Garniturile trebuie \u00eenlocuite periodic pentru a asigura men\u021binerea unui nivel ridicat de etan\u0219are a cilindrului. De asemenea, trebuie efectuate verific\u0103ri de calibrare pentru a se asigura c\u0103 cilindrul func\u021bioneaz\u0103 la niveluri optime.<\/p>\n<p><img decoding=\"async\" src=\"https:\/\/www.hydraulic-cylinders.net\/wp-content\/uploads\/2025\/01\/songte-chushion-collar.webp\" alt=\"Inspec\u021bia \u0219i \u00eentre\u021binerea cilindrului cupei\"><\/p>\n<h2>Considera\u021bii de siguran\u021b\u0103 \u0219i factori de mediu<\/h2>\n<p>M\u0103surile de siguran\u021b\u0103 sunt esen\u021biale atunci c\u00e2nd se utilizeaz\u0103 cilindri cu cup\u0103. Operatorii trebuie instrui\u021bi cu privire la modul corect de utilizare a cilindrului \u0219i trebuie instalate caracteristici de siguran\u021b\u0103, cum ar fi supape de suprapresiune \u0219i dispozitive de amortizare. Factorii de mediu, cum ar fi temperatura \u0219i umiditatea, pot afecta performan\u021ba cilindrului, iar operatorii trebuie s\u0103 fie con\u0219tien\u021bi de ace\u0219ti factori atunci c\u00e2nd utilizeaz\u0103 cilindrul.<\/p>\n<h2>Diagnosticarea \u0219i depanarea defec\u021biunilor<\/h2>\n<p>Problemele frecvente ale cilindrilor cupei includ scurgeri, deteriorare \u0219i imposibilitatea de extindere sau retragere. Dac\u0103 cilindrul prezint\u0103 scurgeri, acest lucru se poate datora unor garnituri deteriorate sau componente uzate. Dac\u0103 cilindrul nu se extinde sau nu se retrage corect, acest lucru se poate datora unui piston sau corpului cilindrului deteriorat. Sfaturile de depanare pot include inspectarea \u0219i \u00eenlocuirea componentelor deteriorate, verificarea nivelului fluidului hidraulic \u0219i examinarea sistemului hidraulic pentru a depista eventuale probleme.<\/p>\n<p><img decoding=\"async\" src=\"https:\/\/hzpt.com\/wp-content\/uploads\/2024\/11\/songte-company-1.webp\" alt=\"Depanarea cilindrului cupei\"><\/p>\n<h2>Despre compania noastr\u0103<\/h2>\n<p>Suntem produc\u0103tori de cilindri hidraulici care pot \u00eenlocui cilindrii altor m\u0103rci. Compania noastr\u0103 ofer\u0103 o gam\u0103 larg\u0103 de produse, ceea ce ne face unul dintre principalii produc\u0103tori \u0219i distribuitori angro de cilindri hidraulici at\u00e2t pe pia\u021ba intern\u0103, c\u00e2t \u0219i pe cea interna\u021bional\u0103. Ne baz\u0103m pe strategii de management al produc\u021biei industriale bazate pe ateliere de produc\u021bie de \u00eenalt\u0103 calitate. Compania noastr\u0103 \u00eembun\u0103t\u0103\u021be\u0219te continuu platforma de produc\u021bie a atelierului, perfec\u021bioneaz\u0103 ruta calit\u0103\u021bii produc\u021biei \u0219i are abilit\u0103\u021bi creative puternice pentru a satisface nevoile diverse ale clien\u021bilor cu eficien\u021b\u0103 ridicat\u0103, precizie ridicat\u0103 \u0219i calitate superioar\u0103. <\/p>\n<p><img decoding=\"async\" src=\"https:\/\/www.hydraulic-cylinders.net\/wp-content\/uploads\/2025\/01\/songte-company-3.webp\" alt=\"Companie de cilindri cu g\u0103leat\u0103\"><\/p>\n<h3>Profesionalism<\/h3>\n<p>Compania noastr\u0103 are o echip\u0103 de profesioni\u0219ti cu o bogat\u0103 experien\u021b\u0103 tehnic\u0103 \u0219i excelente capacit\u0103\u021bi de cercetare \u0219i dezvoltare, oferind clien\u021bilor servicii profesionale \u0219i personalizate.<\/p>\n<h3>Certificare interna\u021bional\u0103<\/h3>\n<p>Compania noastr\u0103 a ob\u021binut certific\u0103ri interna\u021bionale precum ISO9001 \u0219i CE, garant\u00e2nd c\u0103 produsele noastre \u00eendeplinesc cele mai \u00eenalte standarde de calitate.<\/p>\n<h3>Serviciu de personalizare<\/h3>\n<p>Compania noastr\u0103 ofer\u0103 servicii personalizate pentru a satisface diferitele nevoi ale clien\u021bilor, inclusiv proiectare \u0219i produc\u021bie personalizate.<\/p>\n<h3>Echipamente de produc\u021bie<\/h3>\n<p>Compania noastr\u0103 dispune de echipamente de produc\u021bie \u0219i sisteme de testare avansate \u0219i digitalizate de ultim\u0103 genera\u021bie pentru a asigura calitatea \u0219i eficien\u021ba produselor.<\/p>\n<h3>Serviciu post-v\u00e2nzare<\/h3>\n<p>Compania noastr\u0103 ofer\u0103 clien\u021bilor servicii post-v\u00e2nzare de \u00eenalt\u0103 calitate, inclusiv servicii de reparare \u0219i \u00eenlocuire a produselor, pentru a asigura utilizarea pe termen lung \u0219i sustenabil\u0103 a produselor noastre.<\/p>\n<h2>Not\u0103 a autorului<\/h2>\n<p>Autor: lyl<\/p>","protected":false},"excerpt":{"rendered":"<p>Bucket Cylinder For XCMG Middle Excavator XE235C Introduction Definition of Bucket Cylinder A bucket cylinder is a type of hydraulic cylinder designed specifically to control the movement of the bucket in heavy machinery such as excavators, backhoe loaders, and front-end loaders. Its primary function is to enable the bucket to perform lifting, lowering, and tilting [&hellip;]<\/p>","protected":false},"featured_media":14762,"comment_status":"open","ping_status":"closed","template":"","meta":{"_et_pb_use_builder":"","_et_pb_old_content":"","_et_gb_content_width":""},"product_brand":[],"product_cat":[1494],"product_tag":[1495,1496],"class_list":{"0":"post-15475","1":"product","2":"type-product","3":"status-publish","4":"has-post-thumbnail","6":"product_cat-bucket-cylinders","7":"product_tag-bucket-cylinders","8":"product_tag-hydraulic-cylinders","10":"first","11":"instock","12":"shipping-taxable","13":"product-type-simple"},"amp_enabled":true,"_links":{"self":[{"href":"https:\/\/www.hydraulic-cylinders.net\/ro\/wp-json\/wp\/v2\/product\/15475","targetHints":{"allow":["GET"]}}],"collection":[{"href":"https:\/\/www.hydraulic-cylinders.net\/ro\/wp-json\/wp\/v2\/product"}],"about":[{"href":"https:\/\/www.hydraulic-cylinders.net\/ro\/wp-json\/wp\/v2\/types\/product"}],"replies":[{"embeddable":true,"href":"https:\/\/www.hydraulic-cylinders.net\/ro\/wp-json\/wp\/v2\/comments?post=15475"}],"wp:featuredmedia":[{"embeddable":true,"href":"https:\/\/www.hydraulic-cylinders.net\/ro\/wp-json\/wp\/v2\/media\/14762"}],"wp:attachment":[{"href":"https:\/\/www.hydraulic-cylinders.net\/ro\/wp-json\/wp\/v2\/media?parent=15475"}],"wp:term":[{"taxonomy":"product_brand","embeddable":true,"href":"https:\/\/www.hydraulic-cylinders.net\/ro\/wp-json\/wp\/v2\/product_brand?post=15475"},{"taxonomy":"product_cat","embeddable":true,"href":"https:\/\/www.hydraulic-cylinders.net\/ro\/wp-json\/wp\/v2\/product_cat?post=15475"},{"taxonomy":"product_tag","embeddable":true,"href":"https:\/\/www.hydraulic-cylinders.net\/ro\/wp-json\/wp\/v2\/product_tag?post=15475"}],"curies":[{"name":"wp","href":"https:\/\/api.w.org\/{rel}","templated":true}]}}