{"id":15484,"date":"2025-01-19T14:35:16","date_gmt":"2025-01-19T14:35:16","guid":{"rendered":"https:\/\/www.hydraulic-cylinders.net\/product\/bucket-cylinder-for-xcmg-large-excavator-xe700c\/"},"modified":"2025-01-19T14:35:18","modified_gmt":"2025-01-19T14:35:18","slug":"bucket-cylinder-for-xcmg-large-excavator-xe700c","status":"publish","type":"product","link":"https:\/\/www.hydraulic-cylinders.net\/ro\/produs\/bucket-cylinder-for-xcmg-large-excavator-xe700c\/","title":{"rendered":"Cilindru cu cup\u0103 pentru excavatorul mare XCMG XE700C"},"content":{"rendered":"<h1>Cilindru cu cup\u0103 pentru excavatorul mare XCMG XE700C<\/h1>\n<h2>Introducere<\/h2>\n<h3>Defini\u0163ie<\/h3>\n<p>Un cilindru al cupei este un cilindru hidraulic special conceput, utilizat pentru a controla mi\u0219carea unei cupe \u00een utilaje grele, cum ar fi excavatoarele, excavatoarele \u0219i \u00eenc\u0103rc\u0103toarele frontale. Func\u021bia sa principal\u0103 este de a permite ridicarea, cobor\u00e2rea \u0219i \u00eenclinarea cupei, facilit\u00e2nd gestionarea diverselor sarcini de manipulare a materialelor. \u00cen sistemul hidraulic, cilindrul cupei utilizeaz\u0103 modific\u0103ri ale presiunii uleiului hidraulic pentru a ob\u021bine un control precis al cupei, permi\u021b\u00e2nd operatorilor s\u0103 manipuleze eficient sarcini grele, s\u0103 se adapteze la medii de lucru complexe \u0219i cerin\u021be de lucru diverse.<\/p>\n<p><img decoding=\"async\" src=\"https:\/\/www.hydraulic-cylinders.net\/wp-content\/uploads\/2025\/01\/songte-company-2.webp\" alt=\"imagine cilindru cup\u0103\"><\/p>\n<h3>Caracteristici<\/h3>\n<ul>\n<li>Rezisten\u021b\u0103 \u0219i durabilitate ridicate: de obicei fabricate din o\u021bel sau aluminiu de \u00eenalt\u0103 rezisten\u021b\u0103, capabile s\u0103 reziste la presiuni ridicate \u0219i sarcini grele, potrivite pentru medii de lucru dure, proiectate av\u00e2nd \u00een vedere rezisten\u021ba la uzur\u0103 \u0219i la coroziune, prelungind durata de via\u021b\u0103.<\/li>\n<li>Func\u021bionare hidraulic\u0103 eficient\u0103: utilizeaz\u0103 presiunea uleiului hidraulic pentru a ob\u021bine o extensie \u0219i o retragere lin\u0103, capabil s\u0103 r\u0103spund\u0103 rapid la comenzile de control, oferind o for\u021b\u0103 puternic\u0103 de \u00eempingere \u0219i tragere, potrivit\u0103 pentru manipularea sarcinilor grele \u0219i a sarcinilor complexe.<\/li>\n<li>Diverse tipuri: cilindrul poate fi cu ac\u021biune simpl\u0103 (folosind sistemul hidraulic \u00eentr-o singur\u0103 direc\u021bie) sau cu ac\u021biune dubl\u0103 (folosind sistemul hidraulic \u00een ambele direc\u021bii) \u00een func\u021bie de necesit\u0103\u021bi, unele modele sunt telescopice, permi\u021b\u00e2nd o extensie mai mare f\u0103r\u0103 a cre\u0219te dimensiunile exterioare, potrivite pentru aplica\u021bii cu spa\u021biu limitat.<\/li>\n<li>Compatibilitate: produsul nostru poate \u00eenlocui perfect ace\u0219ti cilindri hidraulici.<\/li>\n<li>Personaliz\u0103ri disponibile: putem personaliza produsul \u00een func\u021bie de cerin\u021bele specifice ale clientului.<\/li>\n<\/ul>\n<p><img decoding=\"async\" src=\"https:\/\/www.hydraulic-cylinders.net\/wp-content\/uploads\/2025\/01\/songte-cylinder-head-with-all-kinds-excavator-models.webp\" alt=\"imaginea chiulasei cupei\"><\/p>\n<h3>Aplica\u021bii<\/h3>\n<p>Cilindrul cu cup\u0103 este utilizat pe scar\u0103 larg\u0103 \u00een multe domenii diferite, unele dintre aplica\u021bii fiind:<\/p>\n<ul>\n<li>Echipamente de construc\u021bii: \u00een cazul excavatoarelor, acestea sunt esen\u021biale pentru s\u0103pare, \u00eenc\u0103rcare \u0219i mutarea p\u0103m\u00e2ntului sau a resturilor. \u00cen cazul excavatoarelor, cilindrul cupei ajut\u0103 at\u00e2t la s\u0103pare, c\u00e2t \u0219i la ridicare. <\/li>\n<li>Ma\u0219ini agricole: utilizate \u00een \u00eenc\u0103rc\u0103toarele frontale pentru scobere, ridicare \u0219i transportul solului, f\u00e2nului \u0219i altor materiale.<\/li>\n<li>Excavatoare: cilindrul cupei permite cupei s\u0103 p\u0103trund\u0103 \u00een sol pentru a efectua ac\u021biunea de s\u0103pare.<\/li>\n<li>\u00cenc\u0103rc\u0103toare: \u00een \u00eenc\u0103rc\u0103toarele frontale, acestea ajut\u0103 la ridicarea \u0219i desc\u0103rcarea eficient\u0103 a \u00eenc\u0103rc\u0103turii.<\/li>\n<\/ul>\n<h3>Considera\u021bii de proiectare \u0219i criterii de selec\u021bie<\/h3>\n<ul>\n<li>Capacitate portant\u0103: cilindrul trebuie s\u0103 fie capabil s\u0103 suporte sarcina la care va fi supus.<\/li>\n<li>Etan\u0219are: diverse elemente de etan\u0219are, cum ar fi etan\u0219\u0103rile pistonului \u0219i etan\u0219\u0103rile tijei, trebuie utilizate pentru a preveni scurgerile de fluid hidraulic.<\/li>\n<li>Durabilitate: cilindrul trebuie proiectat av\u00e2nd \u00een vedere rezisten\u021ba la uzur\u0103 \u0219i la coroziune pentru a-i prelungi durata de via\u021b\u0103.<\/li>\n<li>Siguran\u021b\u0103: butelia trebuie proiectat\u0103 av\u00e2nd \u00een vedere siguran\u021ba pentru a preveni accidentele.<\/li>\n<li>\u00centre\u021binere: cilindrul trebuie s\u0103 fie u\u0219or de \u00eentre\u021binut pentru a reduce la minimum timpul de nefunc\u021bionare.<\/li>\n<\/ul>\n<p><img decoding=\"async\" src=\"https:\/\/www.hydraulic-cylinders.net\/wp-content\/uploads\/2025\/01\/songte-oil-pipes-and-spare-parts.webp\" alt=\"imagine conducte de petrol \u0219i piese de schimb\"><\/p>\n<h3>Etan\u0219are \u0219i lubrifiere<\/h3>\n<p>Diverse elemente de etan\u0219are, cum ar fi etan\u0219\u0103rile pistonului \u0219i etan\u0219\u0103rile tijei, trebuie utilizate pentru a preveni scurgerile de fluid hidraulic. Garniturile sunt fabricate din materiale rezistente la uzur\u0103, cum ar fi poliuretanul \u0219i cauciucul nitrilic. Corpul cilindrului \u0219i suprafe\u021bele filetate ale cap\u0103tului sunt prelucrate fin pentru a \u00eembun\u0103t\u0103\u021bi rezisten\u021ba la uzur\u0103. Ad\u0103ugarea regulat\u0103 de ulei hidraulic adecvat este necesar\u0103 pentru lubrifiere.<\/p>\n<h3>\u00centre\u021binere \u0219i repara\u021bii<\/h3>\n<p>Inspec\u021bia regulat\u0103 \u0219i m\u0103surile de \u00eentre\u021binere preventiv\u0103 sunt cruciale pentru asigurarea longevit\u0103\u021bii cilindrului cupei. C\u00e2teva sarcini comune de \u00eentre\u021binere includ inspec\u021bia regulat\u0103, lubrifierea corespunz\u0103toare, \u00eenlocuirea garniturii \u0219i verific\u0103rile de calibrare. Instalarea, lubrifierea \u0219i reglarea corecte sunt, de asemenea, cruciale \u00een procesul de \u00eentre\u021binere. Se recomand\u0103 \u00eendrumarea corect\u0103 a alinierii \u00een timpul instal\u0103rii \u0219i utilizarea suporturilor de instalare adecvate pentru fixarea cilindrului. De asemenea, oferim piese de schimb \u0219i servicii de reconstruc\u021bie pentru a prelungi durata de via\u021b\u0103 a cilindrului.<\/p>\n<p><img decoding=\"async\" src=\"https:\/\/www.hydraulic-cylinders.net\/wp-content\/uploads\/2025\/01\/songte-chushion-collar.webp\" alt=\"imagine guler pern\u0103\"><\/p>\n<h3>Considera\u021bii de siguran\u021b\u0103 \u0219i factori de mediu<\/h3>\n<p>La utilizarea cilindrului cupei, trebuie luate m\u0103suri de siguran\u021b\u0103 pentru a preveni accidentele. Operatorii trebuie instrui\u021bi cu privire la utilizarea \u0219i \u00eentre\u021binerea corect\u0103. Factorii de mediu, cum ar fi temperatura \u0219i umiditatea, ar trebui, de asemenea, lua\u021bi \u00een considerare \u00een procesul de proiectare \u0219i selec\u021bie.<\/p>\n<h3>Depanare \u0219i probleme frecvente<\/h3>\n<p>Printre problemele frecvente ale cilindrilor cupei se num\u0103r\u0103 scurgerile, presiunea insuficient\u0103 \u0219i func\u021bionarea lent\u0103. Aceste probleme pot fi adesea rezolvate prin m\u0103suri adecvate de \u00eentre\u021binere \u0219i repara\u021bii, cum ar fi \u00eenlocuirea garniturii \u0219i completarea cu fluid hidraulic. \u00cen plus, m\u0103surile preventive, cum ar fi inspec\u021bia regulat\u0103, pot ajuta la reducerea probabilit\u0103\u021bii apari\u021biei acestor probleme.<\/p>\n<p><img decoding=\"async\" src=\"https:\/\/www.hydraulic-cylinders.net\/wp-content\/uploads\/2025\/01\/songte-bushings-with-all-kinds-of-excavator-models.webp\" alt=\"imagine cu buc\u0219e\"><\/p>\n<h2>Compania noastr\u0103<\/h2>\n<p>Suntem produc\u0103tori de cilindri hidraulici de schimb, oferind o gam\u0103 larg\u0103 de produse \u0219i devenind unul dintre principalii produc\u0103tori \u0219i angrosi\u0219ti \u200b\u200bde cilindri hidraulici pe pie\u021bele interne \u0219i interna\u021bionale. Ader\u0103m la principiul calit\u0103\u021bii excelente, ne baz\u0103m pe strategia de management al produc\u021biei industriale a unui atelier de fabrica\u021bie sofisticat, \u00eembun\u0103t\u0103\u021bim continuu platforma de fabrica\u021bie a atelierului, perfec\u021bion\u0103m linia de produc\u021bie a calit\u0103\u021bii produselor \u0219i avem o puternic\u0103 capacitate creativ\u0103. Produsele noastre se caracterizeaz\u0103 prin eficien\u021b\u0103 ridicat\u0103, precizie ridicat\u0103 \u0219i calitate superioar\u0103 \u0219i pot satisface pe deplin nevoile diverse ale clien\u021bilor.<\/p>\n<h3>Profesionalism<\/h3>\n<p>Compania noastr\u0103 are o echip\u0103 de profesioni\u0219ti cu o vast\u0103 experien\u021b\u0103 \u00een domeniul cilindrilor hidraulici \u0219i folosim doar cea mai recent\u0103 tehnologie \u0219i echipamente. Ne angaj\u0103m s\u0103 oferim clien\u021bilor no\u0219tri produse \u0219i servicii de \u00eenalt\u0103 calitate.<\/p>\n<h3>Certificare interna\u021bional\u0103<\/h3>\n<p>Produsele noastre sunt certificate pentru a \u00eendeplini standardele interna\u021bionale de calitate, garant\u00e2nd c\u0103 clien\u021bii no\u0219tri primesc doar produse de cea mai \u00eenalt\u0103 calitate.<\/p>\n<h3>Servicii de personalizare<\/h3>\n<p>Oferim produse personalizate \u00een func\u021bie de cerin\u021bele specifice ale clientului, oferind solu\u021bii personalizate pentru aplica\u021bii unice.<\/p>\n<h3>Echipamente de produc\u021bie<\/h3>\n<p>Folosim doar cele mai noi \u0219i avansate echipamente de fabrica\u021bie \u00een procesul nostru de produc\u021bie, asigur\u00e2ndu-ne c\u0103 produsele noastre sunt de cea mai \u00eenalt\u0103 calitate.<\/p>\n<h3>Serviciu post-v\u00e2nzare<\/h3>\n<p>Ne angaj\u0103m s\u0103 oferim servicii post-v\u00e2nzare excelente, inclusiv \u00eendrum\u0103ri pentru instalare \u0219i asisten\u021b\u0103 tehnic\u0103, pentru a ne asigura c\u0103 clien\u021bii no\u0219tri sunt complet mul\u021bumi\u021bi de produsele noastre.<\/p>\n<p><img decoding=\"async\" src=\"https:\/\/hzpt.com\/wp-content\/uploads\/2024\/11\/songte-company-1.webp\" alt=\"imaginea companiei\"><\/p>\n<p>Autor: LYL<\/p>","protected":false},"excerpt":{"rendered":"<p>Bucket Cylinder For XCMG Large Excavator XE700C Introduction Definition A bucket cylinder is a specially designed hydraulic cylinder used to control the movement of a bucket in heavy machinery such as excavators, backhoes, and front loaders. Its main function is to enable the bucket to lift, lower, and tilt, making it easier to handle various [&hellip;]<\/p>","protected":false},"featured_media":14778,"comment_status":"open","ping_status":"closed","template":"","meta":{"_et_pb_use_builder":"","_et_pb_old_content":"","_et_gb_content_width":""},"product_brand":[],"product_cat":[1494],"product_tag":[1495,1496],"class_list":{"0":"post-15484","1":"product","2":"type-product","3":"status-publish","4":"has-post-thumbnail","6":"product_cat-bucket-cylinders","7":"product_tag-bucket-cylinders","8":"product_tag-hydraulic-cylinders","10":"first","11":"instock","12":"shipping-taxable","13":"product-type-simple"},"amp_enabled":true,"_links":{"self":[{"href":"https:\/\/www.hydraulic-cylinders.net\/ro\/wp-json\/wp\/v2\/product\/15484","targetHints":{"allow":["GET"]}}],"collection":[{"href":"https:\/\/www.hydraulic-cylinders.net\/ro\/wp-json\/wp\/v2\/product"}],"about":[{"href":"https:\/\/www.hydraulic-cylinders.net\/ro\/wp-json\/wp\/v2\/types\/product"}],"replies":[{"embeddable":true,"href":"https:\/\/www.hydraulic-cylinders.net\/ro\/wp-json\/wp\/v2\/comments?post=15484"}],"wp:featuredmedia":[{"embeddable":true,"href":"https:\/\/www.hydraulic-cylinders.net\/ro\/wp-json\/wp\/v2\/media\/14778"}],"wp:attachment":[{"href":"https:\/\/www.hydraulic-cylinders.net\/ro\/wp-json\/wp\/v2\/media?parent=15484"}],"wp:term":[{"taxonomy":"product_brand","embeddable":true,"href":"https:\/\/www.hydraulic-cylinders.net\/ro\/wp-json\/wp\/v2\/product_brand?post=15484"},{"taxonomy":"product_cat","embeddable":true,"href":"https:\/\/www.hydraulic-cylinders.net\/ro\/wp-json\/wp\/v2\/product_cat?post=15484"},{"taxonomy":"product_tag","embeddable":true,"href":"https:\/\/www.hydraulic-cylinders.net\/ro\/wp-json\/wp\/v2\/product_tag?post=15484"}],"curies":[{"name":"wp","href":"https:\/\/api.w.org\/{rel}","templated":true}]}}