{"id":15489,"date":"2025-01-19T14:35:42","date_gmt":"2025-01-19T14:35:42","guid":{"rendered":"https:\/\/www.hydraulic-cylinders.net\/product\/bucket-cylinder-for-xcmg-wheel-excavator-xe150w\/"},"modified":"2025-01-19T14:35:44","modified_gmt":"2025-01-19T14:35:44","slug":"bucket-cylinder-for-xcmg-wheel-excavator-xe150w","status":"publish","type":"product","link":"https:\/\/www.hydraulic-cylinders.net\/ro\/produs\/bucket-cylinder-for-xcmg-wheel-excavator-xe150w\/","title":{"rendered":"Cilindru cu cup\u0103 pentru excavatorul pe ro\u021bi XCMG XE150W"},"content":{"rendered":"<h1>Cilindru cu cup\u0103 pentru excavatorul pe ro\u021bi XCMG XE150W<\/h1>\n<h2>Introducere<\/h2>\n<p>Un cilindru al cupei este un cilindru hidraulic special conceput, utilizat \u00een principal pentru a controla mi\u0219carea cupei \u00een utilaje grele, cum ar fi excavatoarele, \u00eenc\u0103rc\u0103toarele excavatoare \u0219i \u00eenc\u0103rc\u0103toarele frontale. Func\u021bia sa principal\u0103 este de a permite ridicarea, cobor\u00e2rea \u0219i \u00eenclinarea cupei, facilit\u00e2nd gestionarea diverselor sarcini de manipulare a materialelor. \u00cen sistemul hidraulic, cilindrul cupei realizeaz\u0103 un control precis al cupei prin modific\u0103ri ale presiunii uleiului hidraulic, permi\u021b\u00e2nd operatorilor s\u0103 manipuleze eficient sarcini grele \u0219i s\u0103 se adapteze la medii de lucru complexe \u0219i nevoi opera\u021bionale diverse.<\/p>\n<p><img decoding=\"async\" src=\"https:\/\/www.hydraulic-cylinders.net\/wp-content\/uploads\/2025\/01\/songte-company-2.webp\" alt=\"imagine cilindru cup\u0103\"><\/p>\n<h2>Caracteristici<\/h2>\n<ul>\n<li>\n<h3>Rezisten\u021b\u0103 \u0219i durabilitate ridicate<\/h3>\n<p>Cilindrii cu cup\u0103 sunt de obicei fabrica\u021bi din o\u021bel sau aluminiu de \u00eenalt\u0103 rezisten\u021b\u0103, capabili s\u0103 reziste la presiuni ridicate \u0219i sarcini grele \u0219i proiecta\u021bi av\u00e2nd \u00een vedere rezisten\u021ba la uzur\u0103 \u0219i coroziune pentru a prelungi durata de via\u021b\u0103.<\/p>\n<\/li>\n<li>\n<h3>Func\u021bionare hidraulic\u0103 eficient\u0103<\/h3>\n<p>Cilindrii cupei utilizeaz\u0103 presiunea uleiului hidraulic pentru a realiza mi\u0219c\u0103ri line de extensie \u0219i retragere, r\u0103spund rapid la comenzile de control \u0219i ofer\u0103 for\u021be puternice de \u00eempingere \u0219i tragere, potrivite pentru manipularea sarcinilor grele \u0219i a sarcinilor opera\u021bionale complexe.<\/p>\n<\/li>\n<li>\n<h3>Diverse tipuri<\/h3>\n<p>Cilindrii cupei pot fi selecta\u021bi ca fiind cu ac\u021biune simpl\u0103 (folosind sistemul hidraulic doar \u00eentr-o singur\u0103 direc\u021bie) sau cu ac\u021biune dubl\u0103 (folosind sistemul hidraulic \u00een ambele direc\u021bii), \u00een func\u021bie de nevoile opera\u021bionale. Unele modele sunt telescopice, permi\u021b\u00e2nd o raz\u0103 de ac\u021biune mai mare f\u0103r\u0103 a cre\u0219te dimensiunile exterioare, fiind potrivi\u021bi pentru aplica\u021bii cu spa\u021biu limitat.<\/p>\n<\/li>\n<li>\n<h3>Disponibilitatea \u00eenlocuirilor<\/h3>\n<p>Putem produce acest produs, iar produsul nostru poate \u00eenlocui perfect ace\u0219ti cilindri hidraulici.<\/p>\n<p>    <img decoding=\"async\" src=\"https:\/\/www.hydraulic-cylinders.net\/wp-content\/uploads\/2025\/01\/songte-cylinder-head-with-all-kinds-excavator-models.webp\" alt=\"imagine privind disponibilitatea \u00eenlocuirii\">\n  <\/li>\n<\/ul>\n<h2>Aplica\u021bii<\/h2>\n<p>Cilindrii cu cup\u0103 sunt utiliza\u021bi \u00een diverse aplica\u021bii pentru utilaje grele, cum ar fi:<\/p>\n<ul>\n<li>\n<h3>Echipamente de construc\u021bii:<\/h3>\n<p>\u00cen excavatoare, acestea sunt vitale pentru s\u0103pare, \u00eenc\u0103rcare \u0219i mutarea p\u0103m\u00e2ntului sau a molozului. \u00cen buldoexcavatoarele, cilindrul cupei ajut\u0103 at\u00e2t la s\u0103pare, c\u00e2t \u0219i la ridicare. <\/p>\n<\/li>\n<li>\n<h3>Ma\u0219ini agricole:<\/h3>\n<p>Folosit pentru \u00eenc\u0103rc\u0103toare frontale, pentru scobere, ridicare \u0219i transportul solului, f\u00e2nului \u0219i altor materiale. <\/p>\n<\/li>\n<li>\n<h3>Excavatoare:<\/h3>\n<p>Cilindrul cupei permite ac\u021biunea de s\u0103pare permi\u021b\u00e2nd cupei s\u0103 p\u0103trund\u0103 \u00een sol.<\/p>\n<\/li>\n<li>\n<h3>\u00cenc\u0103rc\u0103tor:<\/h3>\n<p>\u00cenc\u0103rc\u0103toarele frontale ajut\u0103 la ridicarea \u0219i desc\u0103rcarea eficient\u0103 a \u00eenc\u0103rc\u0103turii. <\/p>\n<\/li>\n<\/ul>\n<p>Fiecare aplica\u021bie este descris\u0103 \u00een detaliu dup\u0103 cum urmeaz\u0103:<\/p>\n<ul>\n<li>\n<h3>Echipamente de construc\u021bii:<\/h3>\n<p>\u00cen excavatoare, cilindrul cupei este utilizat pentru a s\u0103pa, \u00eenc\u0103rca \u0219i muta sol sau resturi. Datorit\u0103 construc\u021biei sale robuste \u0219i func\u021bion\u0103rii hidraulice, poate gestiona eficient sarcini grele. \u00cen cazul \u00eenc\u0103rc\u0103toarelor excavatoare, cilindrul cupei ajut\u0103 at\u00e2t la s\u0103pare, c\u00e2t \u0219i la ridicare, ceea ce \u00eel face un instrument versatil pentru lucr\u0103rile de construc\u021bii. <\/p>\n<\/li>\n<li>\n<h3>Ma\u0219ini agricole:<\/h3>\n<p>Cilindrul cupei este util pentru \u00eenc\u0103rc\u0103toarele frontale, unde ajut\u0103 la scoberea, ridicarea \u0219i transportul solului, f\u00e2nului \u0219i altor materiale. Datorit\u0103 func\u021bion\u0103rii sale hidraulice, poate manipula eficient sarcini grele, ceea ce \u00eel face un instrument esen\u021bial pentru lucr\u0103rile agricole.<\/p>\n<\/li>\n<li>\n<h3>Excavatoare:<\/h3>\n<p>Cilindrul cupei permite ac\u021biunea de s\u0103pare permi\u021b\u00e2nd cupei s\u0103 p\u0103trund\u0103 \u00een sol. Cu func\u021bionarea sa hidraulic\u0103, poate controla cu precizie mi\u0219carea cupei, ceea ce \u00eel face o component\u0103 esen\u021bial\u0103 a excavatorului.<\/p>\n<\/li>\n<li>\n<h3>\u00cenc\u0103rc\u0103tor:<\/h3>\n<p>La \u00eenc\u0103rc\u0103toarele frontale, cilindrul cupei ajut\u0103 la ridicarea \u0219i desc\u0103rcarea eficient\u0103 a \u00eenc\u0103rc\u0103turii. Datorit\u0103 func\u021bion\u0103rii sale hidraulice, poate controla cu precizie mi\u0219carea cupei, ceea ce \u00eel face o component\u0103 esen\u021bial\u0103 a \u00eenc\u0103rc\u0103torului.<\/p>\n<\/li>\n<\/ul>\n<h2>Considera\u021bii de proiectare \u0219i criterii de selec\u021bie<\/h2>\n<p>Considera\u021biile de proiectare a cilindrilor cupei includ urm\u0103toarele:<\/p>\n<ul>\n<li>\n<h3>Capacitate portant\u0103<\/h3>\n<p>Cilindrul cupei trebuie s\u0103 poat\u0103 rezista la sarcini grele \u0219i presiuni ridicate f\u0103r\u0103 deformare sau defectare.<\/p>\n<\/li>\n<li>\n<h3>Sigilare<\/h3>\n<p>Cilindrul cupei necesit\u0103 diverse etan\u0219\u0103ri, cum ar fi etan\u0219\u0103rile pistonului \u0219i etan\u0219\u0103rile tijei, pentru a preveni scurgerile de fluid hidraulic \u0219i a men\u021bine o presiune hidraulic\u0103 adecvat\u0103.<\/p>\n<\/li>\n<li>\n<h3>Durabilitate<\/h3>\n<p>Cilindrul cupei trebuie construit din materiale care pot rezista la uzur\u0103 \u0219i coroziune, prelungind durata de via\u021b\u0103 a produsului.<\/p>\n<\/li>\n<li>\n<h3>Siguran\u0163\u0103<\/h3>\n<p>Cilindrul cupei trebuie proiectat cu elemente de siguran\u021b\u0103 pentru a preveni accidentele sau r\u0103nirile \u00een timpul func\u021bion\u0103rii.<\/p>\n<\/li>\n<li>\n<h3>Mentenabilitate<\/h3>\n<p>Cilindrul cupei trebuie proiectat av\u00e2nd \u00een vedere u\u0219urin\u021ba \u00eentre\u021binerii, permi\u021b\u00e2nd \u00eenlocuirea u\u0219oar\u0103 a pieselor \u0219i repararea eficient\u0103.<\/p>\n<\/li>\n<\/ul>\n<p>Imagine cu conducte de petrol \u0219i piese de schimb:<\/p>\n<p><img decoding=\"async\" src=\"https:\/\/www.hydraulic-cylinders.net\/wp-content\/uploads\/2025\/01\/songte-oil-pipes-and-spare-parts.webp\" alt=\"imagine conducte de petrol \u0219i piese de schimb\"><\/p>\n<h2>Etan\u0219are \u0219i lubrifiere<\/h2>\n<p>Cilindrul cupei utilizeaz\u0103 diverse componente de etan\u0219are, cum ar fi etan\u0219\u0103ri de piston \u0219i etan\u0219\u0103ri de tij\u0103, pentru a preveni scurgerile de fluid hidraulic \u0219i a men\u021bine o presiune hidraulic\u0103 adecvat\u0103. Garniturile sunt fabricate din materiale durabile, cum ar fi poliuretanul \u0219i cauciucul nitrilic, pentru a rezista la uzur\u0103. Corpul cilindrului \u0219i suprafe\u021bele filetate ale cap\u0103tului sunt prelucrate fin pentru a \u00eembun\u0103t\u0103\u021bi rezisten\u021ba la uzur\u0103. Cilindrul cupei necesit\u0103 lubrifiere regulat\u0103 cu ulei hidraulic pentru a-i men\u021bine o func\u021bionare f\u0103r\u0103 probleme \u0219i a-i prelungi durata de via\u021b\u0103.<\/p>\n<h2>Inspec\u021bie periodic\u0103 \u0219i \u00eentre\u021binere preventiv\u0103<\/h2>\n<p>Cilindrul cupei necesit\u0103 inspec\u021bii periodice \u0219i \u00eentre\u021binere preventiv\u0103 pentru a func\u021biona eficient \u0219i a-i prelungi durata de via\u021b\u0103. Trebuie efectuate urm\u0103toarele sarcini de \u00eentre\u021binere:<\/p>\n<ul>\n<li>\n<h3>Inspec\u021bie regulat\u0103:<\/h3>\n<p>Inspec\u021bia corpului cilindrului, pistonului \u0219i tijei pentru a detecta uzura, deteriorarea sau scurgerile.<\/p>\n<\/li>\n<li>\n<h3>Lubrifiere:<\/h3>\n<p>Lubrifiere regulat\u0103 cu ulei hidraulic pentru a men\u021bine func\u021bionarea f\u0103r\u0103 probleme a cilindrului.<\/p>\n<\/li>\n<li>\n<h3>\u00cenlocuirea garniturii:<\/h3>\n<p>\u00cenlocuirea garniturilor uzate sau deteriorate, cum ar fi garniturile pistonului \u0219i garniturile tijei, pentru a men\u021bine o presiune hidraulic\u0103 adecvat\u0103.<\/p>\n<\/li>\n<li>\n<h3>Verificare calibrare:<\/h3>\n<p>Verificare periodic\u0103 a calibr\u0103rii pentru a asigura func\u021bionarea corect\u0103 a cilindrului cupei.<\/p>\n<\/li>\n<\/ul>\n<p>Imagine cu gulerul de protec\u021bie:<\/p>\n<p><img decoding=\"async\" src=\"https:\/\/www.hydraulic-cylinders.net\/wp-content\/uploads\/2025\/01\/songte-chushion-collar.webp\" alt=\"imagine cu guler de pern\u0103\"><\/p>\n<h2>Considera\u021bii de siguran\u021b\u0103 \u0219i factori de mediu<\/h2>\n<p>C\u00e2nd utiliza\u021bi cilindrul cupei, este esen\u021bial s\u0103 respecta\u021bi procedurile de siguran\u021b\u0103 pentru a preveni accidentele sau r\u0103nirile. \u00centre\u021binerea \u0219i inspec\u021bia regulat\u0103 pot ajuta la evitarea poten\u021bialelor pericole de siguran\u021b\u0103. De asemenea, este esen\u021bial s\u0103 lua\u021bi \u00een considerare factorii de mediu, cum ar fi scurgerile de fluid hidraulic \u0219i eliminarea acestuia, pentru a minimiza impactul asupra mediului.<\/p>\n<h2>Depanare \u0219i probleme frecvente<\/h2>\n<p>Cele mai frecvente probleme ale cilindrilor cupei sunt scurgerile, deteriorarea \u0219i uzura. Dac\u0103 cilindrul cupei prezint\u0103 scurgeri de fluid hidraulic, acest lucru se poate datora unor garnituri sau componente ale corpului cilindrului uzate sau deteriorate. Dac\u0103 cilindrul cupei este deteriorat sau uzat, acesta poate necesita repara\u021bii sau \u00eenlocuire. Inspec\u021bia regulat\u0103 \u0219i \u00eentre\u021binerea preventiv\u0103 pot ajuta la detectarea din timp a problemelor \u0219i la evitarea repara\u021biilor costisitoare.<\/p>\n<p>Imagine cu buc\u0219e la toate tipurile de modele de excavatoare:<\/p>\n<p><img decoding=\"async\" src=\"https:\/\/www.hydraulic-cylinders.net\/wp-content\/uploads\/2025\/01\/songte-bushings-with-all-kinds-of-excavator-models.webp\" alt=\"Buc\u0219e cu toate tipurile de imagini cu modele de excavatoare\"><\/p>\n<h2>Despre compania noastr\u0103<\/h2>\n<p>Suntem un produc\u0103tor de cilindri hidraulici de schimb, oferind o gam\u0103 complet\u0103 de produse \u0219i devenind unul dintre principalii produc\u0103tori \u0219i distribuitori angro de cilindri hidraulici pe pie\u021bele interne \u0219i interna\u021bionale. Urm\u0103m principiul excelen\u021bei \u00een calitate, baz\u00e2ndu-ne pe strategii industrializate de management al produc\u021biei \u00een ateliere fin fabricate \u0219i \u00eembun\u0103t\u0103\u021bim continuu platforma noastr\u0103 de produc\u021bie, perfec\u021bion\u0103m liniile de produc\u021bie pentru calitatea produselor noastre \u0219i avem capacit\u0103\u021bi creative puternice. Satisfacem nevoile diverse ale clien\u021bilor cu eficien\u021b\u0103 ridicat\u0103, precizie ridicat\u0103 \u0219i calitate superioar\u0103. <\/p>\n<p>Imaginea companiei noastre:<\/p>\n<p><img decoding=\"async\" src=\"https:\/\/hzpt.com\/wp-content\/uploads\/2024\/11\/songte-company-1.webp\" alt=\"imaginea companiei\"><\/p>\n<p>Compania noastr\u0103 este specializat\u0103 \u00een producerea de cilindri hidraulici, respect\u00e2nd cele mai \u00eenalte standarde de profesionalism, certificare interna\u021bional\u0103, servicii de personalizare, echipamente de produc\u021bie \u0219i service post-v\u00e2nzare, printre altele. <\/p>\n<p><em>Autor: lyl<\/em><\/p>","protected":false},"excerpt":{"rendered":"<p>Bucket Cylinder For XCMG Wheel Excavator XE150W Introduction A bucket cylinder is a specially designed hydraulic cylinder that is mainly used to control the movement of the bucket in heavy machinery such as excavators, backhoe loaders, and front-end loaders. Its primary function is to enable the bucket to lift, lower, and tilt, making it easier [&hellip;]<\/p>","protected":false},"featured_media":14765,"comment_status":"open","ping_status":"closed","template":"","meta":{"_et_pb_use_builder":"","_et_pb_old_content":"","_et_gb_content_width":""},"product_brand":[],"product_cat":[1494],"product_tag":[1495,1496],"class_list":{"0":"post-15489","1":"product","2":"type-product","3":"status-publish","4":"has-post-thumbnail","6":"product_cat-bucket-cylinders","7":"product_tag-bucket-cylinders","8":"product_tag-hydraulic-cylinders","10":"first","11":"instock","12":"shipping-taxable","13":"product-type-simple"},"amp_enabled":true,"_links":{"self":[{"href":"https:\/\/www.hydraulic-cylinders.net\/ro\/wp-json\/wp\/v2\/product\/15489","targetHints":{"allow":["GET"]}}],"collection":[{"href":"https:\/\/www.hydraulic-cylinders.net\/ro\/wp-json\/wp\/v2\/product"}],"about":[{"href":"https:\/\/www.hydraulic-cylinders.net\/ro\/wp-json\/wp\/v2\/types\/product"}],"replies":[{"embeddable":true,"href":"https:\/\/www.hydraulic-cylinders.net\/ro\/wp-json\/wp\/v2\/comments?post=15489"}],"wp:featuredmedia":[{"embeddable":true,"href":"https:\/\/www.hydraulic-cylinders.net\/ro\/wp-json\/wp\/v2\/media\/14765"}],"wp:attachment":[{"href":"https:\/\/www.hydraulic-cylinders.net\/ro\/wp-json\/wp\/v2\/media?parent=15489"}],"wp:term":[{"taxonomy":"product_brand","embeddable":true,"href":"https:\/\/www.hydraulic-cylinders.net\/ro\/wp-json\/wp\/v2\/product_brand?post=15489"},{"taxonomy":"product_cat","embeddable":true,"href":"https:\/\/www.hydraulic-cylinders.net\/ro\/wp-json\/wp\/v2\/product_cat?post=15489"},{"taxonomy":"product_tag","embeddable":true,"href":"https:\/\/www.hydraulic-cylinders.net\/ro\/wp-json\/wp\/v2\/product_tag?post=15489"}],"curies":[{"name":"wp","href":"https:\/\/api.w.org\/{rel}","templated":true}]}}