{"id":15491,"date":"2025-01-19T14:35:51","date_gmt":"2025-01-19T14:35:51","guid":{"rendered":"https:\/\/www.hydraulic-cylinders.net\/product\/bucket-cylinder-for-xcmg-wheel-excavator-et110\/"},"modified":"2025-01-19T14:35:53","modified_gmt":"2025-01-19T14:35:53","slug":"bucket-cylinder-for-xcmg-wheel-excavator-et110","status":"publish","type":"product","link":"https:\/\/www.hydraulic-cylinders.net\/ro\/produs\/bucket-cylinder-for-xcmg-wheel-excavator-et110\/","title":{"rendered":"Cilindru cu cup\u0103 pentru excavatorul pe ro\u021bi XCMG ET110"},"content":{"rendered":"<h1>Cilindru cu cup\u0103 pentru excavatorul pe ro\u021bi XCMG ET110<\/h1>\n<h2>Introducere<\/h2>\n<p>Un cilindru al cupei este un cilindru hidraulic special conceput pentru a controla mi\u0219carea cupei \u00een utilaje grele, cum ar fi excavatoarele, excavatoarele \u0219i \u00eenc\u0103rc\u0103toarele frontale. Func\u021bia sa principal\u0103 este de a permite ridicarea, cobor\u00e2rea \u0219i \u00eenclinarea cupei, facilit\u00e2nd manipularea unei variet\u0103\u021bi de materiale pentru sarcini de transport. \u00centr-un sistem hidraulic, cilindrul cupei realizeaz\u0103 un control precis al cupei prin modific\u0103ri ale presiunii uleiului hidraulic, permi\u021b\u00e2nd operatorilor s\u0103 manipuleze eficient sarcini grele \u0219i s\u0103 se adapteze la medii de lucru complexe \u0219i cerin\u021be diverse ale lucr\u0103rilor.<\/p>\n<p><img decoding=\"async\" src=\"https:\/\/www.hydraulic-cylinders.net\/wp-content\/uploads\/2025\/01\/songte-company-2.webp\" alt=\"Cilindru cu cup\u0103\"><\/p>\n<h2>Caracteristici<\/h2>\n<ul>\n<li>Rezisten\u021b\u0103 \u0219i durabilitate ridicate: Fabricate de obicei din o\u021bel sau aluminiu de \u00eenalt\u0103 rezisten\u021b\u0103, pot rezista la presiuni ridicate \u0219i sarcini grele, adapt\u00e2ndu-se la medii de lucru dure. Designul ia \u00een considerare rezisten\u021ba la uzur\u0103 \u0219i rezisten\u021ba la coroziune, prelungindu-i durata de via\u021b\u0103.<\/li>\n<li>Func\u021bionare hidraulic\u0103 eficient\u0103: Folosind presiunea uleiului hidraulic pentru a ob\u021bine o expansiune \u0219i o contrac\u021bie lin\u0103, poate r\u0103spunde rapid la comenzile de control, oferind for\u021be puternice de \u00eempingere \u0219i tragere, potrivite pentru manipularea sarcinilor grele \u0219i a sarcinilor de lucru complexe.<\/li>\n<li>Diverse tipuri: Cilindrii cu ac\u021biune simpl\u0103 (utiliza\u021bi hidraulic \u00eentr-o singur\u0103 direc\u021bie) sau cu ac\u021biune dubl\u0103 (utiliza\u021bi hidraulic \u00een ambele direc\u021bii) pot fi selecta\u021bi \u00een func\u021bie de cerin\u021be pentru a satisface diferite nevoi opera\u021bionale. Unele modele sunt telescopice, permi\u021b\u00e2nd o extindere mai mare f\u0103r\u0103 a cre\u0219te dimensiunile exterioare, potrivite pentru aplica\u021bii cu spa\u021biu limitat.<\/li>\n<li>\u00cenlocuitor perfect: Produsul nostru poate \u00eenlocui perfect ace\u0219ti cilindri hidraulici.<\/li>\n<li>Design personalizat: Oferim solu\u021bii personalizate \u00een func\u021bie de cerin\u021bele \u0219i specifica\u021biile clien\u021bilor, inclusiv dimensiunea, cursa, presiunea nominal\u0103, tipul de montare \u0219i multe altele.<\/li>\n<\/ul>\n<p><img decoding=\"async\" src=\"https:\/\/www.hydraulic-cylinders.net\/wp-content\/uploads\/2025\/01\/songte-cylinder-head-with-all-kinds-excavator-models.webp\" alt=\"Chiulas\u0103\"><\/p>\n<h2>Aplica\u021bie<\/h2>\n<p>Cilindrul cupei este utilizat pe scar\u0103 larg\u0103 \u00een diverse utilaje grele, inclusiv:<\/p>\n<h3>Echipamente de construc\u021bii<\/h3>\n<p>\u00cen excavatoare, acestea sunt esen\u021biale pentru s\u0103pare, \u00eenc\u0103rcare \u0219i mutarea solului sau a resturilor. \u00cen buldoexcavatoarele, cilindrul cupei ajut\u0103 la s\u0103pare \u0219i ridicare. <\/p>\n<h3>Ma\u0219ini agricole<\/h3>\n<p>Folosite la \u00eenc\u0103rc\u0103toarele frontale pentru scobere, ridicare \u0219i transportul solului, f\u00e2nului \u0219i altor materiale. La excavatoare, cilindrii cupei permit ac\u021biunile de s\u0103pare permi\u021b\u00e2nd cupei s\u0103 p\u0103trund\u0103 \u00een sol. La \u00eenc\u0103rc\u0103toarele frontale, acestea ajut\u0103 la ridicarea \u0219i desc\u0103rcarea eficient\u0103 a \u00eenc\u0103rc\u0103turii.<\/p>\n<p><img decoding=\"async\" src=\"https:\/\/www.hydraulic-cylinders.net\/wp-content\/uploads\/2025\/01\/songte-bushings-with-all-kinds-of-excavator-models.webp\" alt=\"Buc\u0219e\"><\/p>\n<h2>Considera\u021bii de proiectare \u0219i criterii de selec\u021bie<\/h2>\n<p>La proiectarea \u0219i selectarea cilindrilor pentru cup\u0103, trebuie lua\u021bi \u00een considerare diver\u0219i factori, inclusiv:<\/p>\n<h3>Capacitate portant\u0103<\/h3>\n<p>Cilindrul trebuie s\u0103 poat\u0103 suporta sarcina maxim\u0103 la care este expus f\u0103r\u0103 a se defecta.<\/p>\n<h3>Sigilare<\/h3>\n<p>Diverse etan\u0219\u0103ri, cum ar fi etan\u0219\u0103rile pistonului \u0219i etan\u0219\u0103rile tijei, sunt utilizate pentru a preveni scurgerile \u0219i contaminarea fluidului hidraulic. Materialele de etan\u0219are, cum ar fi poliuretanul \u0219i cauciucul nitrilic, sunt alese pentru rezisten\u021ba la uzur\u0103 \u0219i durabilitatea lor.<\/p>\n<h3>Durabilitate<\/h3>\n<p>Materialul cilindrului trebuie selectat pentru capacitatea sa de a rezista la impact, uzur\u0103 \u0219i coroziune.<\/p>\n<h3>Siguran\u0163\u0103<\/h3>\n<p>Proiectul trebuie s\u0103 ia \u00een considerare considera\u021biile de siguran\u021b\u0103, inclusiv poten\u021bialul de defectare a cilindrului \u0219i consecin\u021bele unei astfel de defec\u021biuni.<\/p>\n<h3>\u00centre\u0163inere<\/h3>\n<p>Designul ar trebui s\u0103 fie u\u0219or de \u00eentre\u021binut, cu piese u\u0219or accesibile \u0219i \u00eenlocuibile.<\/p>\n<p><img decoding=\"async\" src=\"https:\/\/www.hydraulic-cylinders.net\/wp-content\/uploads\/2025\/01\/songte-oil-pipes-and-spare-parts.webp\" alt=\"Conducte de petrol \u0219i piese de schimb\"><\/p>\n<h2>Etan\u0219are \u0219i lubrifiere<\/h2>\n<p>Cilindrul cupei utilizeaz\u0103 diverse garnituri pentru a preveni scurgerile de fluid hidraulic \u0219i a minimiza contaminarea. Garniturile pistonului \u0219i ale tijei sunt de obicei fabricate din materiale rezistente la uzur\u0103, cum ar fi poliuretanul \u0219i cauciucul nitrilic. Corpul cilindrului \u0219i suprafa\u021ba cap\u0103tului filetat sunt prelucrate cu precizie pentru a \u00eembun\u0103t\u0103\u021bi rezisten\u021ba la uzur\u0103. Lubrifierea regulat\u0103 cu ulei hidraulic adecvat este necesar\u0103 pentru a asigura o func\u021bionare lin\u0103 \u0219i a prelungi durata de via\u021b\u0103.<\/p>\n<h2>Inspec\u021bie \u0219i \u00eentre\u021binere preventiv\u0103<\/h2>\n<p>Inspec\u021bia regulat\u0103 \u0219i \u00eentre\u021binerea preventiv\u0103 pot ajuta la identificarea \u0219i remedierea problemelor poten\u021biale \u00eenainte ca acestea s\u0103 provoace daune sau defec\u021biuni. Trei sarcini comune de \u00eentre\u021binere includ:<\/p>\n<ul>\n<li>Controale regulate<\/li>\n<li>Lubrifiere adecvat\u0103<\/li>\n<li>\u00cenlocuirea garniturii \u0219i verificarea calibr\u0103rii<\/li>\n<\/ul>\n<p>Instalarea corect\u0103 este esen\u021bial\u0103 pentru longevitatea cilindrului cupei. Se recomand\u0103 alinierea corect\u0103 a cilindrului \u00een timpul instal\u0103rii \u0219i utilizarea suporturilor de instalare adecvate pentru a fixa cilindrul \u00een pozi\u021bie. Este furnizat\u0103 o procedur\u0103 sugerat\u0103 de inspec\u021bie, reparare \u0219i \u00eenlocuire, care include servicii de \u00eenlocuire a pieselor \u0219i reconstruc\u021bie pentru a \u00eembun\u0103t\u0103\u021bi durata de via\u021b\u0103 a cilindrului.<\/p>\n<p><img decoding=\"async\" src=\"https:\/\/www.hydraulic-cylinders.net\/wp-content\/uploads\/2025\/01\/songte-chushion-collar.webp\" alt=\"Guler Chushion\"><\/p>\n<h2>Considera\u021bii de siguran\u021b\u0103 \u0219i factori de mediu<\/h2>\n<p>C\u00e2nd se utilizeaz\u0103 cilindrul cupei, trebuie luate m\u0103suri de siguran\u021b\u0103 pentru a preveni accidentele. Aceste m\u0103suri includ purtarea echipamentului de protec\u021bie adecvat, respectarea procedurilor de operare corecte \u0219i efectuarea de inspec\u021bii regulate pentru a men\u021bine echipamentul \u00een stare bun\u0103. Factorii de mediu, cum ar fi temperatura \u0219i umiditatea, pot afecta, de asemenea, performan\u021ba cilindrilor hidraulici. Func\u021bionarea \u00een intervalul de temperatur\u0103 \u0219i nivelul de umiditate recomandate poate ajuta la asigurarea unei performan\u021be optime \u0219i la prevenirea deterior\u0103rii.<\/p>\n<h2>Depanare \u0219i probleme frecvente<\/h2>\n<p>Problemele frecvente care pot ap\u0103rea cu cilindrul cupei includ scurgeri, deterior\u0103ri \u0219i func\u021bionare necorespunz\u0103toare. Sunt oferite sfaturi \u0219i solu\u021bii de depanare pentru a ajuta cititorii s\u0103 diagnosticheze \u0219i s\u0103 rezolve problemele \u00een mod eficient. De asemenea, se recomand\u0103 m\u0103suri preventive pentru a minimiza poten\u021bialele probleme \u0219i a asigura o \u00eentre\u021binere corespunz\u0103toare.<\/p>\n<p><img decoding=\"async\" src=\"https:\/\/hzpt.com\/wp-content\/uploads\/2024\/11\/songte-company-1.webp\" alt=\"Companie\"><\/p>\n<h2>Despre noi<\/h2>\n<p>Suntem produc\u0103tori de cilindri hidraulici de schimb. Gama noastr\u0103 de produse este complet\u0103, ceea ce ne face unul dintre principalii produc\u0103tori \u0219i angrosi\u0219ti \u200b\u200bde cilindri hidraulici pe pie\u021bele interne \u0219i interna\u021bionale. Ader\u0103m la principiile calit\u0103\u021bii excelente \u0219i la o strategie de management al produc\u021biei industrializate, bazat\u0103 pe utilizarea talentului tehnic, a echipamentelor digitale de produc\u021bie de ultim\u0103 genera\u021bie \u0219i a sistemelor profesionale de testare. \u00cembun\u0103t\u0103\u021bim continuu platforma de produc\u021bie din atelier, \u00eembun\u0103t\u0103\u021bim ruta de produc\u021bie a calit\u0103\u021bii produselor \u0219i avem capacit\u0103\u021bi creative puternice pentru a satisface diversele nevoi ale clien\u021bilor cu eficien\u021b\u0103 ridicat\u0103, precizie ridicat\u0103 \u0219i principii de \u00eenalt\u0103 calitate. <\/p>\n<p>Oferim servicii personalizate, certific\u0103ri interna\u021bionale \u0219i servicii post-v\u00e2nzare specializate. Echipamentele noastre de produc\u021bie sunt de ultim\u0103 genera\u021bie \u0219i oferim o gam\u0103 complet\u0103 de servicii de \u00eentre\u021binere \u0219i repara\u021bii. <\/p>\n<p><img decoding=\"async\" src=\"https:\/\/www.hydraulic-cylinders.net\/wp-content\/uploads\/2025\/01\/songte-company-3.webp\" alt=\"Companie\"><\/p>\n<p><em>Autor: lyl<\/em><\/p>","protected":false},"excerpt":{"rendered":"<p>Bucket Cylinder For XCMG Wheel Excavator ET110 Introduction A bucket cylinder is a hydraulic cylinder specially designed to control the movement of the bucket in heavy machinery such as excavators, backhoes, and front-end loaders. Its main function is to allow the bucket to lift, lower, and tilt, making it easier to handle a variety of [&hellip;]<\/p>","protected":false},"featured_media":14761,"comment_status":"open","ping_status":"closed","template":"","meta":{"_et_pb_use_builder":"","_et_pb_old_content":"","_et_gb_content_width":""},"product_brand":[],"product_cat":[1494],"product_tag":[1495,1496],"class_list":{"0":"post-15491","1":"product","2":"type-product","3":"status-publish","4":"has-post-thumbnail","6":"product_cat-bucket-cylinders","7":"product_tag-bucket-cylinders","8":"product_tag-hydraulic-cylinders","10":"first","11":"instock","12":"shipping-taxable","13":"product-type-simple"},"amp_enabled":true,"_links":{"self":[{"href":"https:\/\/www.hydraulic-cylinders.net\/ro\/wp-json\/wp\/v2\/product\/15491","targetHints":{"allow":["GET"]}}],"collection":[{"href":"https:\/\/www.hydraulic-cylinders.net\/ro\/wp-json\/wp\/v2\/product"}],"about":[{"href":"https:\/\/www.hydraulic-cylinders.net\/ro\/wp-json\/wp\/v2\/types\/product"}],"replies":[{"embeddable":true,"href":"https:\/\/www.hydraulic-cylinders.net\/ro\/wp-json\/wp\/v2\/comments?post=15491"}],"wp:featuredmedia":[{"embeddable":true,"href":"https:\/\/www.hydraulic-cylinders.net\/ro\/wp-json\/wp\/v2\/media\/14761"}],"wp:attachment":[{"href":"https:\/\/www.hydraulic-cylinders.net\/ro\/wp-json\/wp\/v2\/media?parent=15491"}],"wp:term":[{"taxonomy":"product_brand","embeddable":true,"href":"https:\/\/www.hydraulic-cylinders.net\/ro\/wp-json\/wp\/v2\/product_brand?post=15491"},{"taxonomy":"product_cat","embeddable":true,"href":"https:\/\/www.hydraulic-cylinders.net\/ro\/wp-json\/wp\/v2\/product_cat?post=15491"},{"taxonomy":"product_tag","embeddable":true,"href":"https:\/\/www.hydraulic-cylinders.net\/ro\/wp-json\/wp\/v2\/product_tag?post=15491"}],"curies":[{"name":"wp","href":"https:\/\/api.w.org\/{rel}","templated":true}]}}