{"id":15493,"date":"2025-01-19T14:35:58","date_gmt":"2025-01-19T14:35:58","guid":{"rendered":"https:\/\/www.hydraulic-cylinders.net\/product\/bucket-cylinder-for-zoomlion-small-excavator-ze85e\/"},"modified":"2025-01-19T14:36:00","modified_gmt":"2025-01-19T14:36:00","slug":"bucket-cylinder-for-zoomlion-small-excavator-ze85e","status":"publish","type":"product","link":"https:\/\/www.hydraulic-cylinders.net\/ro\/produs\/bucket-cylinder-for-zoomlion-small-excavator-ze85e\/","title":{"rendered":"Cilindru cu cup\u0103 pentru excavatorul mic Zoomlion ZE85E"},"content":{"rendered":"<h1>Cilindru cu cup\u0103 pentru excavatorul mic Zoomlion ZE85E<\/h1>\n<h2>Introducere<\/h2>\n<p>Un cilindru al cupei este un cilindru hidraulic special conceput, utilizat pentru a controla mi\u0219carea cupelor \u00een utilaje grele, cum ar fi excavatoarele, excavatoarele \u0219i \u00eenc\u0103rc\u0103toarele frontale. Func\u021bia sa principal\u0103 este de a ridica, cobor\u00ee \u0219i \u00eenclina cupa, facilit\u00e2nd gestionarea diverselor sarcini de manipulare a materialelor. \u00cen sistemul hidraulic, cilindrul cupei realizeaz\u0103 un control precis al mi\u0219c\u0103rii cupei prin modificarea presiunii uleiului hidraulic, permi\u021b\u00e2nd operatorilor s\u0103 manipuleze eficient sarcini grele \u0219i s\u0103 se adapteze la medii de lucru complexe \u0219i nevoi opera\u021bionale diverse.<\/p>\n<p><img decoding=\"async\" src=\"https:\/\/www.hydraulic-cylinders.net\/wp-content\/uploads\/2025\/01\/songte-company-2.webp\"><\/p>\n<h2>Caracteristici<\/h2>\n<ul>\n<li>Rezisten\u021b\u0103 \u0219i durabilitate ridicate: De obicei, fabricate din o\u021bel sau aluminiu de \u00eenalt\u0103 rezisten\u021b\u0103, capabile s\u0103 reziste la presiuni ridicate \u0219i sarcini grele \u0219i proiectate \u021bin\u00e2nd cont de rezisten\u021ba la uzur\u0103 \u0219i la coroziune pentru a prelungi durata de via\u021b\u0103.<\/li>\n<li>Func\u021bionare hidraulic\u0103 eficient\u0103: Realizeaz\u0103 mi\u0219c\u0103ri line de extensie \u0219i contrac\u021bie folosind presiunea uleiului hidraulic, r\u0103spunde rapid la comenzile de control, ofer\u0103 o for\u021b\u0103 puternic\u0103 de \u00eempingere-tragere \u0219i este potrivit\u0103 pentru manipularea sarcinilor grele \u0219i a sarcinilor de lucru complexe.<\/li>\n<li>Mai multe tipuri: Cilindrii cu ac\u021biune simpl\u0103 (utiliza\u021bi hidraulic doar \u00eentr-o singur\u0103 direc\u021bie) sau cu ac\u021biune dubl\u0103 (utiliza\u021bi hidraulic \u00een dou\u0103 direc\u021bii) pot fi selecta\u021bi \u00een func\u021bie de necesit\u0103\u021bi pentru a satisface diferite nevoi de operare. Unele modele sunt telescopice, permi\u021b\u00e2nd o extensie mai mare f\u0103r\u0103 a cre\u0219te dimensiunile exterioare, potrivite pentru aplica\u021bii cu spa\u021biu limitat.<\/li>\n<li>U\u0219or de \u00eenlocuit: Produsele noastre pot \u00eenlocui perfect ace\u0219ti cilindri hidraulici.<\/li>\n<\/ul>\n<p><img decoding=\"async\" src=\"https:\/\/www.hydraulic-cylinders.net\/wp-content\/uploads\/2025\/01\/songte-cylinder-head-with-all-kinds-excavator-models.webp\"><\/p>\n<h2>Aplica\u021bii<\/h2>\n<p>Cilindrii cu cup\u0103 sunt utiliza\u021bi \u00een mod obi\u0219nuit \u00een diverse utilaje de construc\u021bii \u0219i agricultur\u0103, cum ar fi:<\/p>\n<ul>\n<li>Excavatoare: Permit ac\u021biunea de s\u0103pare permi\u021b\u00e2nd cupei s\u0103 p\u0103trund\u0103 \u00een sol<\/li>\n<li>\u00cenc\u0103rc\u0103toare: Ajut\u0103 la ridicarea \u0219i \u00eenclinarea eficient\u0103 a \u00eenc\u0103rc\u0103turii<\/li>\n<li>Excavatoare: Cilindrul cupei ajut\u0103 la s\u0103pare \u0219i ridicare<\/li>\n<li>Ma\u0219ini agricole: utilizate \u00een \u00eenc\u0103rc\u0103toare frontale pentru s\u0103pat, ridicare \u0219i transportul solului, f\u00e2nului \u0219i altor materiale<\/li>\n<\/ul>\n<h2>Considera\u021bii de proiectare<\/h2>\n<p>Urm\u0103toarele considera\u021bii de proiectare sunt importante pentru cilindrii cupei:<\/p>\n<h3>Capacitate portant\u0103<\/h3>\n<p>Cilindrul trebuie s\u0103 poat\u0103 suporta greutatea \u0219i sarcina cupei \u0219i a materialelor pe care le transport\u0103.<\/p>\n<h3>Sigilare<\/h3>\n<p>Cilindrul trebuie proiectat cu etan\u0219\u0103ri de \u00eenalt\u0103 calitate pentru a preveni scurgerile de fluid hidraulic \u0219i a reduce costurile de \u00eentre\u021binere.<\/p>\n<h3>Durabilitate<\/h3>\n<p>Cilindrul trebuie s\u0103 fie proiectat pentru a rezista la uzura cauzat\u0103 de utilizarea intens\u0103 \u0219i de lucrul \u00een medii dure.<\/p>\n<h3>Siguran\u0163\u0103<\/h3>\n<p>Cilindrul trebuie s\u0103 fie proiectat cu elemente de siguran\u021b\u0103 pentru a preveni accidentele \u0219i a proteja persoanele care lucreaz\u0103 \u00een jurul s\u0103u.<\/p>\n<h3>\u00centre\u0163inere<\/h3>\n<p>Cilindrul trebuie s\u0103 fie proiectat astfel \u00eenc\u00e2t s\u0103 fie u\u0219or de \u00eentre\u021binut \u0219i reparat pentru a asigura o durat\u0103 lung\u0103 de via\u021b\u0103.<\/p>\n<p><img decoding=\"async\" src=\"https:\/\/www.hydraulic-cylinders.net\/wp-content\/uploads\/2025\/01\/songte-oil-pipes-and-spare-parts.webp\"><\/p>\n<h2>Etan\u0219are \u0219i lubrifiere<\/h2>\n<p>Cilindrii cu cup\u0103 utilizeaz\u0103 diverse componente de etan\u0219are, cum ar fi etan\u0219\u0103ri de piston, etan\u0219\u0103ri de tij\u0103 etc., fabricate din materiale rezistente la uzur\u0103, cum ar fi poliuretanul, cauciucul nitrilic etc. Corpul cilindrului \u0219i suprafe\u021bele capetelor filetate sunt prelucrate fin pentru a \u00eembun\u0103t\u0103\u021bi rezisten\u021ba la uzur\u0103. Ad\u0103ugarea regulat\u0103 a cantit\u0103\u021bii adecvate de ulei hidraulic este necesar\u0103 pentru o lubrifiere corect\u0103.<\/p>\n<h2>\u00centre\u021binere \u0219i repara\u021bii<\/h2>\n<p>Urm\u0103toarele sarcini de \u00eentre\u021binere sunt esen\u021biale pentru utilizarea pe termen lung a cilindrilor cupei:<\/p>\n<h3>Inspec\u021bie regulat\u0103<\/h3>\n<p>Inspec\u021bia regulat\u0103 a cilindrului \u0219i a componentelor sale este necesar\u0103 pentru a asigura func\u021bionarea corect\u0103 \u0219i pentru a identifica orice probleme poten\u021biale.<\/p>\n<h3>Lubrifiere<\/h3>\n<p>Lubrifierea corect\u0103 a cilindrului \u0219i a componentelor acestuia poate ajuta la reducerea uzurii \u0219i la prelungirea duratei de via\u021b\u0103.<\/p>\n<h3>\u00cenlocuiri de etan\u0219\u0103ri<\/h3>\n<p>\u00cenlocuirea garniturilor uzate este necesar\u0103 pentru a preveni scurgerile de fluid hidraulic \u0219i a reduce costurile de \u00eentre\u021binere.<\/p>\n<p>Instalarea corect\u0103 este esen\u021bial\u0103 pentru func\u021bionarea \u0219i siguran\u021ba cilindrilor excavatorului. Alinierea corect\u0103 a cilindrului este crucial\u0103 pentru func\u021bionarea sa corespunz\u0103toare. Se recomand\u0103 utilizarea unor console de instalare adecvate pentru fixarea cilindrului. Se recomand\u0103 inspec\u021bia, repararea \u0219i \u00eenlocuirea regulat\u0103 a pieselor pentru a prelungi durata de via\u021b\u0103.<\/p>\n<p><img decoding=\"async\" src=\"https:\/\/www.hydraulic-cylinders.net\/wp-content\/uploads\/2025\/01\/songte-chushion-collar.webp\"><\/p>\n<h2>Siguran\u021b\u0103 \u0219i mediu<\/h2>\n<p>Cilindrii cupei necesit\u0103 m\u0103suri de siguran\u021b\u0103 adecvate pentru a preveni accidentele \u00een timpul func\u021bion\u0103rii. Importan\u021ba respect\u0103rii m\u0103surilor de siguran\u021b\u0103 nu poate fi supraestimat\u0103. Eliminarea corect\u0103 a uleiului hidraulic uzat este necesar\u0103 pentru a proteja mediul \u00eenconjur\u0103tor.<\/p>\n<h2>Diagnosticare \u0219i depanare<\/h2>\n<p>Problemele frecvente ale cilindrilor cupei includ scurgeri, func\u021bionare necorespunz\u0103toare \u0219i deteriorarea garniturilor de etan\u0219are. Inspec\u021biile regulate, \u00eentre\u021binerea \u0219i lubrifierea corespunz\u0103toare pot ajuta la prevenirea acestor probleme. Dac\u0103 apar probleme, se recomand\u0103 consultarea unui expert pentru diagnosticare \u0219i reparare.<\/p>\n<p><img decoding=\"async\" src=\"https:\/\/www.hydraulic-cylinders.net\/wp-content\/uploads\/2025\/01\/songte-bushings-with-all-kinds-of-excavator-models.webp\"><\/p>\n<h2>Despre noi<\/h2>\n<p>Suntem un produc\u0103tor \u0219i distribuitor angro de top de cilindri hidraulici pe pie\u021bele interne \u0219i interna\u021bionale. Oferim o varietate de produse \u0219i urm\u0103m o strategie de management al produc\u021biei care se bazeaz\u0103 pe o calitate excelent\u0103, talent tehnic, echipamente digitale de fabrica\u021bie de ultim\u0103 genera\u021bie \u0219i sisteme de testare profesionale. Produsele noastre sunt fabricate pe o platform\u0103 de fabrica\u021bie sofisticat\u0103, cu accent pe eficien\u021b\u0103 ridicat\u0103, precizie ridicat\u0103 \u0219i calitate superioar\u0103 pentru a satisface nevoile diverse ale clien\u021bilor no\u0219tri.<\/p>\n<p>Compania noastr\u0103 ofer\u0103 servicii profesionale care includ certificare interna\u021bional\u0103, personalizare, echipamente de produc\u021bie \u0219i servicii post-v\u00e2nzare.<\/p>\n<p><img decoding=\"async\" src=\"https:\/\/hzpt.com\/wp-content\/uploads\/2024\/11\/songte-company-1.webp\"><\/p>\n<p>Autor: lyl<\/p>","protected":false},"excerpt":{"rendered":"<p>Bucket Cylinder For Zoomlion Small Excavator ZE85E Introduction A bucket cylinder is a specially designed hydraulic cylinder used to control the movement of buckets in heavy machinery such as excavators, backhoes, and front-end loaders. Its main function is to lift, lower, and tilt the bucket, making it easy to handle various material handling tasks. In [&hellip;]<\/p>","protected":false},"featured_media":14788,"comment_status":"open","ping_status":"closed","template":"","meta":{"_et_pb_use_builder":"","_et_pb_old_content":"","_et_gb_content_width":""},"product_brand":[],"product_cat":[1494],"product_tag":[1495,1496],"class_list":{"0":"post-15493","1":"product","2":"type-product","3":"status-publish","4":"has-post-thumbnail","6":"product_cat-bucket-cylinders","7":"product_tag-bucket-cylinders","8":"product_tag-hydraulic-cylinders","10":"first","11":"instock","12":"shipping-taxable","13":"product-type-simple"},"amp_enabled":true,"_links":{"self":[{"href":"https:\/\/www.hydraulic-cylinders.net\/ro\/wp-json\/wp\/v2\/product\/15493","targetHints":{"allow":["GET"]}}],"collection":[{"href":"https:\/\/www.hydraulic-cylinders.net\/ro\/wp-json\/wp\/v2\/product"}],"about":[{"href":"https:\/\/www.hydraulic-cylinders.net\/ro\/wp-json\/wp\/v2\/types\/product"}],"replies":[{"embeddable":true,"href":"https:\/\/www.hydraulic-cylinders.net\/ro\/wp-json\/wp\/v2\/comments?post=15493"}],"wp:featuredmedia":[{"embeddable":true,"href":"https:\/\/www.hydraulic-cylinders.net\/ro\/wp-json\/wp\/v2\/media\/14788"}],"wp:attachment":[{"href":"https:\/\/www.hydraulic-cylinders.net\/ro\/wp-json\/wp\/v2\/media?parent=15493"}],"wp:term":[{"taxonomy":"product_brand","embeddable":true,"href":"https:\/\/www.hydraulic-cylinders.net\/ro\/wp-json\/wp\/v2\/product_brand?post=15493"},{"taxonomy":"product_cat","embeddable":true,"href":"https:\/\/www.hydraulic-cylinders.net\/ro\/wp-json\/wp\/v2\/product_cat?post=15493"},{"taxonomy":"product_tag","embeddable":true,"href":"https:\/\/www.hydraulic-cylinders.net\/ro\/wp-json\/wp\/v2\/product_tag?post=15493"}],"curies":[{"name":"wp","href":"https:\/\/api.w.org\/{rel}","templated":true}]}}