{"id":15495,"date":"2025-01-19T14:36:07","date_gmt":"2025-01-19T14:36:07","guid":{"rendered":"https:\/\/www.hydraulic-cylinders.net\/product\/bucket-cylinder-for-zoomlion-small-excavator-ze150e\/"},"modified":"2025-01-19T14:36:09","modified_gmt":"2025-01-19T14:36:09","slug":"bucket-cylinder-for-zoomlion-small-excavator-ze150e","status":"publish","type":"product","link":"https:\/\/www.hydraulic-cylinders.net\/ro\/produs\/bucket-cylinder-for-zoomlion-small-excavator-ze150e\/","title":{"rendered":"Cilindru cu cup\u0103 pentru excavatorul mic Zoomlion ZE150E"},"content":{"rendered":"<h1>Cilindru cu cup\u0103 pentru excavatorul mic Zoomlion ZE150E<\/h1>\n<h2>Introducere<\/h2>\n<p>Un cilindru al cupei este un cilindru hidraulic special conceput, utilizat \u00een principal pentru a controla mi\u0219carea cupei \u00een utilaje grele, cum ar fi excavatoarele, excavatoarele \u0219i \u00eenc\u0103rc\u0103toarele frontale. Func\u021bia sa principal\u0103 este de a permite ridicarea, cobor\u00e2rea \u0219i \u00eenclinarea cupei, facilit\u00e2nd gestionarea diverselor sarcini de manipulare a materialelor. \u00cen sistemul hidraulic, cilindrul cupei realizeaz\u0103 un control precis al cupei prin modific\u0103ri ale presiunii uleiului hidraulic, permi\u021b\u00e2nd operatorilor s\u0103 manipuleze eficient sarcini grele \u0219i s\u0103 se adapteze la medii de lucru complexe \u0219i cerin\u021be opera\u021bionale diversificate.<\/p>\n<p><img decoding=\"async\" src=\"https:\/\/www.hydraulic-cylinders.net\/wp-content\/uploads\/2025\/01\/songte-company-2.webp\" alt=\"Imaginea cilindrului cupei\"><\/p>\n<h2>Caracteristici<\/h2>\n<ul>\n<li>Rezisten\u021b\u0103 \u0219i durabilitate ridicate: De obicei, fabricate din o\u021bel sau aluminiu de \u00eenalt\u0103 rezisten\u021b\u0103, capabile s\u0103 reziste la presiuni ridicate \u0219i sarcini grele, adaptate la medii de lucru dure \u0219i proiectate s\u0103 ia \u00een considerare rezisten\u021ba la uzur\u0103 \u0219i rezisten\u021ba la coroziune, prelungind durata de via\u021b\u0103.<\/li>\n<li>Func\u021bionare hidraulic\u0103 eficient\u0103: Utilizarea presiunii uleiului hidraulic pentru a ob\u021bine ac\u021biuni line de extensie \u0219i contrac\u021bie, capabil\u0103 s\u0103 r\u0103spund\u0103 rapid la comenzile de control, oferind for\u021be puternice de \u00eempingere \u0219i tragere, potrivit\u0103 pentru manipularea sarcinilor grele \u0219i a sarcinilor opera\u021bionale complexe.<\/li>\n<li>Diverse tipuri: Cilindrii cu ac\u021biune simpl\u0103 (utiliza\u021bi hidraulic \u00eentr-o singur\u0103 direc\u021bie) sau cu ac\u021biune dubl\u0103 (utiliza\u021bi hidraulic \u00een dou\u0103 direc\u021bii) pot fi selecta\u021bi \u00een func\u021bie de cerin\u021be pentru a satisface diferite nevoi opera\u021bionale. Unele modele sunt telescopice, permi\u021b\u00e2nd o extensie mai mare f\u0103r\u0103 a cre\u0219te dimensiunile exterioare, potrivite pentru aplica\u021bii cu spa\u021biu limitat.<\/li>\n<\/ul>\n<p>Putem produce acest produs, iar produsul nostru poate \u00eenlocui perfect ace\u0219ti cilindri hidraulici.<\/p>\n<p><img decoding=\"async\" src=\"https:\/\/www.hydraulic-cylinders.net\/wp-content\/uploads\/2025\/01\/songte-cylinder-head-with-all-kinds-excavator-models.webp\" alt=\"Imagine de \u00eenlocuire a cilindrului cupei\"><\/p>\n<h2>Aplica\u021bie<\/h2>\n<p>Cilindrul cu cup\u0103 \u00ee\u0219i g\u0103se\u0219te aplica\u021bii \u00een diverse domenii:<\/p>\n<ul>\n<li>Echipamente de construc\u021bii: \u00cen excavatoare, acestea sunt esen\u021biale pentru s\u0103pare, \u00eenc\u0103rcare \u0219i mutarea solului sau a resturilor. \u00cen cazul excavatoarelor, cilindrul cupei ajut\u0103 at\u00e2t la s\u0103pare, c\u00e2t \u0219i la ridicare. <\/li>\n<li>Ma\u0219ini agricole: utilizate la \u00eenc\u0103rc\u0103toarele frontale, pentru excavarea, ridicarea \u0219i transportul solului, f\u00e2nului \u0219i altor materiale. Excavatoare: cilindrul cupei permite ac\u021biunile de excavare permi\u021b\u00e2nd cupei s\u0103 p\u0103trund\u0103 \u00een sol. <\/li>\n<li>\u00cenc\u0103rc\u0103toare: \u00cen \u00eenc\u0103rc\u0103toarele frontale, acestea ajut\u0103 la ridicarea \u0219i \u00eenclinarea eficient\u0103 a m\u0103rfurilor. <\/li>\n<\/ul>\n<h2>Considera\u021bii de proiectare \u0219i criterii de selec\u021bie<\/h2>\n<ul>\n<li>Capacitate portant\u0103: Cilindrul trebuie s\u0103 poat\u0103 suporta greutatea materialului deplasat.<\/li>\n<li>Etan\u0219are: Cilindrul trebuie etan\u0219at corespunz\u0103tor pentru a preveni scurgerile de ulei hidraulic \u0219i a men\u021bine presiunea.<\/li>\n<li>Durabilitate: Cilindrul trebuie s\u0103 fie fabricat din materiale care pot rezista la uzura cauzat\u0103 de utilizarea repetat\u0103.<\/li>\n<li>Siguran\u021b\u0103: Cilindrul trebuie s\u0103 fie proiectat cu elemente de siguran\u021b\u0103 pentru a preveni accidentele.<\/li>\n<li>\u00centre\u021binere: Cilindrul trebuie proiectat cu caracteristici care s\u0103 faciliteze \u00eentre\u021binerea \u0219i repararea acestuia.<\/li>\n<\/ul>\n<p><img decoding=\"async\" src=\"https:\/\/www.hydraulic-cylinders.net\/wp-content\/uploads\/2025\/01\/songte-oil-pipes-and-spare-parts.webp\" alt=\"Imaginea pieselor cilindrului\"><\/p>\n<h2>Etan\u0219are \u0219i lubrifiere<\/h2>\n<p>Diverse componente de etan\u0219are, cum ar fi etan\u0219\u0103rile pistonului, etan\u0219\u0103rile tijei etc., sunt utilizate pentru a asigura o etan\u0219are corect\u0103. Garniturile sunt fabricate din materiale rezistente la uzur\u0103, cum ar fi poliuretanul, cauciucul nitrilic etc. Corpul cilindrului \u0219i suprafe\u021bele filetate ale cap\u0103tului sunt prelucrate fin pentru a \u00eembun\u0103t\u0103\u021bi rezisten\u021ba la uzur\u0103. De asemenea, este necesar\u0103 ad\u0103ugarea regulat\u0103 a cantit\u0103\u021bii adecvate de ulei hidraulic pentru lubrifiere.<\/p>\n<h2>\u00centre\u021binere \u0219i service<\/h2>\n<p>Inspec\u021bia regulat\u0103, lubrifierea corespunz\u0103toare, \u00eenlocuirea garniturilor \u0219i verific\u0103rile de calibrare sunt sarcini comune de \u00eentre\u021binere. Instalarea, lubrifierea \u0219i reglarea corect\u0103 sunt importante, iar \u00een timpul instal\u0103rii trebuie furnizate \u00eendrum\u0103ri adecvate pentru alinierea cilindrului. Se recomand\u0103 utilizarea consolelor de montare adecvate pentru fixarea cilindrului. Procedurile recomandate de inspec\u021bie, reparare \u0219i \u00eenlocuire, precum \u0219i piesele de schimb \u0219i serviciile de reconstruc\u021bie, pot prelungi durata de via\u021b\u0103 a cilindrului.<\/p>\n<p><img decoding=\"async\" src=\"https:\/\/www.hydraulic-cylinders.net\/wp-content\/uploads\/2025\/01\/songte-chushion-collar.webp\" alt=\"Imagine cu guler amortizor\"><\/p>\n<h2>Considera\u021bii de siguran\u021b\u0103 \u0219i factori de mediu<\/h2>\n<p>Este important s\u0103 respecta\u021bi m\u0103surile de siguran\u021b\u0103 la utilizarea \u0219i instalarea cilindrilor hidraulici pentru a preveni accidentele. De asemenea, trebuie lua\u021bi \u00een considerare factorii de mediu la alegerea unui cilindru, cum ar fi temperatura \u0219i umiditatea.<\/p>\n<h2>Diagnosticarea \u0219i solu\u021biile defec\u021biunilor comune<\/h2>\n<p>Defec\u021biunile frecvente includ scurgeri de ulei, presiune insuficient\u0103 \u0219i mi\u0219care lent\u0103. Inspec\u021bia \u0219i \u00eentre\u021binerea adecvate pot ajuta la detectarea \u0219i rezolvarea problemelor.<\/p>\n<p><img decoding=\"async\" src=\"https:\/\/www.hydraulic-cylinders.net\/wp-content\/uploads\/2025\/01\/songte-bushings-with-all-kinds-of-excavator-models.webp\" alt=\"Imagine buc\u0219e\"><\/p>\n<h2>Despre compania noastr\u0103<\/h2>\n<p>Suntem produc\u0103tori de piese de schimb pentru cilindri hidraulici, oferind o gam\u0103 complet\u0103 de produse. Am devenit unul dintre principalii produc\u0103tori \u0219i distribuitori angro de cilindri hidraulici pe pie\u021bele interne \u0219i externe. Urm\u0103m principiul calit\u0103\u021bii excelente \u0219i ne baz\u0103m pe strategii industrializate de management al produc\u021biei \u00een atelierele noastre de produc\u021bie de \u00eenalt\u0103 calitate. \u00cembun\u0103t\u0103\u021bim constant platforma noastr\u0103 de produc\u021bie \u0219i perfec\u021bion\u0103m linia de produc\u021bie a calit\u0103\u021bii produselor prin utilizarea talentului tehnic, a echipamentelor digitale de produc\u021bie de ultim\u0103 genera\u021bie \u0219i a sistemelor profesionale de testare. Avem abilit\u0103\u021bi creative puternice \u0219i oferim clien\u021bilor nevoi diverse pe baza principiilor de eficien\u021b\u0103 ridicat\u0103, precizie ridicat\u0103 \u0219i calitate superioar\u0103.<\/p>\n<p>Caracteristicile companiei noastre includ:<\/p>\n<ul>\n<li>Profesionalism<\/li>\n<li>Certificare interna\u021bional\u0103<\/li>\n<li>Servicii de personalizare<\/li>\n<li>Echipamente de produc\u021bie<\/li>\n<li>Serviciu post-v\u00e2nzare<\/li>\n<\/ul>\n<p><img decoding=\"async\" src=\"https:\/\/hzpt.com\/wp-content\/uploads\/2024\/11\/songte-company-1.webp\" alt=\"Imaginea companiei\"><\/p>\n<p>Autor: lyl<\/p>","protected":false},"excerpt":{"rendered":"<p>Bucket Cylinder For Zoomlion Small Excavator ZE150E Introduction A bucket cylinder is a specially designed hydraulic cylinder that is mainly used to control the movement of the bucket in heavy machinery such as excavators, backhoes, and front-end loaders. Its main function is to enable the bucket to lift, lower, and tilt, making it easier to [&hellip;]<\/p>","protected":false},"featured_media":14785,"comment_status":"open","ping_status":"closed","template":"","meta":{"_et_pb_use_builder":"","_et_pb_old_content":"","_et_gb_content_width":""},"product_brand":[],"product_cat":[1494],"product_tag":[1495,1496],"class_list":{"0":"post-15495","1":"product","2":"type-product","3":"status-publish","4":"has-post-thumbnail","6":"product_cat-bucket-cylinders","7":"product_tag-bucket-cylinders","8":"product_tag-hydraulic-cylinders","10":"first","11":"instock","12":"shipping-taxable","13":"product-type-simple"},"amp_enabled":true,"_links":{"self":[{"href":"https:\/\/www.hydraulic-cylinders.net\/ro\/wp-json\/wp\/v2\/product\/15495","targetHints":{"allow":["GET"]}}],"collection":[{"href":"https:\/\/www.hydraulic-cylinders.net\/ro\/wp-json\/wp\/v2\/product"}],"about":[{"href":"https:\/\/www.hydraulic-cylinders.net\/ro\/wp-json\/wp\/v2\/types\/product"}],"replies":[{"embeddable":true,"href":"https:\/\/www.hydraulic-cylinders.net\/ro\/wp-json\/wp\/v2\/comments?post=15495"}],"wp:featuredmedia":[{"embeddable":true,"href":"https:\/\/www.hydraulic-cylinders.net\/ro\/wp-json\/wp\/v2\/media\/14785"}],"wp:attachment":[{"href":"https:\/\/www.hydraulic-cylinders.net\/ro\/wp-json\/wp\/v2\/media?parent=15495"}],"wp:term":[{"taxonomy":"product_brand","embeddable":true,"href":"https:\/\/www.hydraulic-cylinders.net\/ro\/wp-json\/wp\/v2\/product_brand?post=15495"},{"taxonomy":"product_cat","embeddable":true,"href":"https:\/\/www.hydraulic-cylinders.net\/ro\/wp-json\/wp\/v2\/product_cat?post=15495"},{"taxonomy":"product_tag","embeddable":true,"href":"https:\/\/www.hydraulic-cylinders.net\/ro\/wp-json\/wp\/v2\/product_tag?post=15495"}],"curies":[{"name":"wp","href":"https:\/\/api.w.org\/{rel}","templated":true}]}}