{"id":15499,"date":"2025-01-19T14:36:23","date_gmt":"2025-01-19T14:36:23","guid":{"rendered":"https:\/\/www.hydraulic-cylinders.net\/product\/bucket-cylinder-for-zoomlion-middle-excavator-ze230elr\/"},"modified":"2025-01-19T14:36:25","modified_gmt":"2025-01-19T14:36:25","slug":"bucket-cylinder-for-zoomlion-middle-excavator-ze230elr","status":"publish","type":"product","link":"https:\/\/www.hydraulic-cylinders.net\/ro\/produs\/bucket-cylinder-for-zoomlion-middle-excavator-ze230elr\/","title":{"rendered":"Cilindru cup\u0103 pentru excavatorul Zoomlion ZE230ELR"},"content":{"rendered":"<h1>Cilindru cup\u0103 pentru excavatorul Zoomlion ZE230ELR<\/h1>\n<h2>Introducere<\/h2>\n<h3>Defini\u021bie \u0219i func\u021bie<\/h3>\n<p>Un cilindru al cupei este un cilindru hidraulic special conceput, utilizat \u00een principal pentru a controla mi\u0219carea cupelor \u00een utilaje grele, cum ar fi excavatoarele, excavatoarele cu buldoexcavatoare \u0219i \u00eenc\u0103rc\u0103toare frontale. Func\u021bia sa principal\u0103 este de a ridica, cobor\u00ee \u0219i \u00eenclina cupele, facilit\u00e2nd diverse sarcini de manipulare a materialelor. \u00cen sistemul hidraulic, cilindrul cupei realizeaz\u0103 un control precis al cupei prin modific\u0103ri ale presiunii uleiului hidraulic, permi\u021b\u00e2nd operatorilor s\u0103 manipuleze eficient obiecte grele \u0219i s\u0103 se adapteze la medii de lucru complexe \u0219i cerin\u021be de operare diverse.<\/p>\n<p><img decoding=\"async\" src=\"https:\/\/www.hydraulic-cylinders.net\/wp-content\/uploads\/2025\/01\/songte-company-2.webp\"><\/p>\n<h2>Caracteristici<\/h2>\n<ul>\n<li>Rezisten\u021b\u0103 \u0219i durabilitate ridicate: Fabricate de obicei din o\u021bel sau aluminiu de \u00eenalt\u0103 rezisten\u021b\u0103, pot rezista la presiuni ridicate \u0219i sarcini grele, se adapteaz\u0103 la medii de lucru dure \u0219i sunt proiectate lu\u00e2nd \u00een considerare rezisten\u021ba la uzur\u0103 \u0219i la coroziune, prelungindu-i durata de via\u021b\u0103.<\/li>\n<li>Func\u021bionare hidraulic\u0103 eficient\u0103: Ac\u021biunea telescopic\u0103 lin\u0103 se ob\u021bine prin utilizarea presiunii uleiului hidraulic, care poate r\u0103spunde rapid la comenzile de control, oferind for\u021be puternice de \u00eempingere \u0219i tragere, potrivite pentru manipularea obiectelor grele \u0219i a sarcinilor complexe.<\/li>\n<li>Diverse tipuri: Cilindrii cu ac\u021biune simpl\u0103 (hidraulici utiliza\u021bi \u00eentr-o singur\u0103 direc\u021bie) sau cu ac\u021biune dubl\u0103 (hidraulici utiliza\u021bi \u00een dou\u0103 direc\u021bii) pot fi selecta\u021bi \u00een func\u021bie de nevoi pentru a satisface diferite cerin\u021be de func\u021bionare. Unele modele sunt telescopice, permi\u021b\u00e2nd o extensie mai mare f\u0103r\u0103 a cre\u0219te dimensiunile exterioare, fiind potrivi\u021bi pentru aplica\u021bii cu spa\u021biu limitat.<\/li>\n<\/ul>\n<p>Pe l\u00e2ng\u0103 aceste caracteristici, produsul nostru poate \u00eenlocui perfect ace\u0219ti cilindri hidraulici.<\/p>\n<p><img decoding=\"async\" src=\"https:\/\/www.hydraulic-cylinders.net\/wp-content\/uploads\/2025\/01\/songte-cylinder-head-with-all-kinds-excavator-models.webp\"><\/p>\n<h2>Aplica\u021bii<\/h2>\n<p>Cilindrii cu cup\u0103 sunt utiliza\u021bi pe scar\u0103 larg\u0103 \u00eentr-o varietate de utilaje de construc\u021bii \u0219i agricole, inclusiv:<\/p>\n<ul>\n<li>Excavatoare: Cilindrii cupei permit ac\u021biunea de s\u0103pare permi\u021b\u00e2nd cupei s\u0103 p\u0103trund\u0103 \u00een sol.<\/li>\n<li>\u00cenc\u0103rc\u0103toare frontale: \u00cen cazul \u00eenc\u0103rc\u0103toarelor frontale, acestea ajut\u0103 la ridicarea \u0219i \u00eenclinarea eficient\u0103 a sarcinilor.<\/li>\n<li>Excavatoare cu buldoexcavator: Cilindrul cupei ajut\u0103 la sarcinile de excavare \u0219i ridicare.<\/li>\n<li>Ma\u0219ini agricole: utilizate \u00een \u00eenc\u0103rc\u0103toarele frontale pentru a scoate, ridica \u0219i transporta sol, f\u00e2n \u0219i alte materiale.<\/li>\n<\/ul>\n<p>Fiecare dintre aceste aplica\u021bii poate fi extins\u0103 pentru detalii suplimentare, descrierea fiec\u0103rui cuv\u00e2nt cheie av\u00e2nd cel pu\u021bin 200 de cuvinte.<\/p>\n<h2>Considera\u021bii de proiectare \u0219i criterii de selec\u021bie<\/h2>\n<h3>Capacitate portant\u0103<\/h3>\n<p>Cea mai important\u0103 considera\u021bie de proiectare pentru cilindrii cupei este capacitatea portant\u0103. Cilindrul trebuie s\u0103 poat\u0103 suporta sarcina maxim\u0103 la care va fi supus, \u00een func\u021bie de condi\u021biile de func\u021bionare \u0219i de greutatea cupei ata\u0219ate. Materialul utilizat pentru construirea cilindrului trebuie, de asemenea, selectat cu aten\u021bie \u00een func\u021bie de capacitatea sa de a gestiona sarcinile \u0219i solicit\u0103rile la care va fi supus.<\/p>\n<h3>Sigilare<\/h3>\n<p>Sistemul de etan\u0219are al cilindrilor cupei este o alt\u0103 considera\u021bie critic\u0103 de proiectare. Cilindrul trebuie s\u0103 fie etan\u0219at corespunz\u0103tor pentru a preveni scurgerile \u0219i contaminarea fluidului hidraulic. Utilizarea unor etan\u0219\u0103ri de \u00eenalt\u0103 calitate, cum ar fi etan\u0219\u0103rile pistonului \u0219i tijei din poliuretan sau cauciuc nitrilic, este esen\u021bial\u0103 pentru a asigura c\u0103 cilindrul r\u0103m\u00e2ne f\u0103r\u0103 scurgeri \u0219i func\u021bioneaz\u0103 conform destina\u021biei.<\/p>\n<h3>Durabilitate<\/h3>\n<p>Cilindrii cupei trebuie s\u0103 fie proiecta\u021bi pentru a rezista la condi\u021bii dure de func\u021bionare, inclusiv expunerea la murd\u0103rie, praf \u0219i al\u021bi contaminan\u021bi. Suprafa\u021ba cilindrului trebuie, de asemenea, tratat\u0103 pentru a-i spori rezisten\u021ba la uzur\u0103 \u0219i la coroziune, asigur\u00e2ndu-se c\u0103 poate func\u021biona \u00een mod fiabil pe o perioad\u0103 lung\u0103 de timp.<\/p>\n<h3>Siguran\u0163\u0103<\/h3>\n<p>Siguran\u021ba cilindrilor cupei este esen\u021bial\u0103, iar ace\u0219tia trebuie proiecta\u021bi pentru a preveni accidentele \u0219i r\u0103nirile. Caracteristicile de siguran\u021b\u0103, cum ar fi supapele de suprapresiune, discurile de rupere \u0219i opritoarele de cap\u0103t de curs\u0103, sunt adesea \u00eencorporate \u00een proiectare pentru a asigura func\u021bionarea sigur\u0103 \u0219i fiabil\u0103 a cilindrilor.<\/p>\n<h3>\u00centre\u0163inere<\/h3>\n<p>\u00centre\u021binerea cilindrilor cupei este esen\u021bial\u0103 pentru a asigura c\u0103 ace\u0219tia r\u0103m\u00e2n \u00een stare bun\u0103 de func\u021bionare \u0219i func\u021bioneaz\u0103 conform destina\u021biei. Inspec\u021biile regulate, lubrifierea \u0219i \u00eenlocuirea garniturilor sunt sarcini esen\u021biale de \u00eentre\u021binere care trebuie efectuate pentru a asigura func\u021bionarea corect\u0103 a cilindrului. Utilizarea fluidului hidraulic de \u00eenalt\u0103 calitate este, de asemenea, esen\u021bial\u0103 pentru a asigura lubrifierea adecvat\u0103 a cilindrului.<\/p>\n<p><img decoding=\"async\" src=\"https:\/\/www.hydraulic-cylinders.net\/wp-content\/uploads\/2025\/01\/songte-oil-pipes-and-spare-parts.webp\"><\/p>\n<h2>Etan\u0219are \u0219i lubrifiere<\/h2>\n<p>Cilindrii cupei necesit\u0103 o etan\u0219are \u0219i o lubrifiere adecvate pentru a func\u021biona corect \u0219i a men\u021bine performan\u021be optime. Diverse componente de etan\u0219are, cum ar fi etan\u0219\u0103rile pistonului, etan\u0219\u0103rile tijei \u0219i inelele de ghidare, trebuie utilizate pentru a se asigura c\u0103 fluidul hidraulic r\u0103m\u00e2ne con\u021binut \u00een cilindru \u0219i nu prezint\u0103 scurgeri. \u00cen plus, lubrifierea regulat\u0103 a cilindrului \u0219i utilizarea unui fluid hidraulic de \u00eenalt\u0103 calitate sunt esen\u021biale pentru a asigura c\u0103 cilindrul r\u0103m\u00e2ne func\u021bional \u0219i fiabil.<\/p>\n<h2>\u00centre\u021binere \u0219i repara\u021bii<\/h2>\n<p>\u00centre\u021binerea \u0219i repararea corespunz\u0103toare a cilindrilor cupei sunt esen\u021biale pentru asigurarea longevit\u0103\u021bii \u0219i a performan\u021bei optime a acestora. Trei sarcini comune de \u00eentre\u021binere includ:<\/p>\n<ul>\n<li>Inspec\u021bii regulate: Inspec\u021biile regulate ale cilindrului sunt esen\u021biale pentru a detecta din timp orice semne de uzur\u0103 sau deteriorare \u0219i pentru a le remedia \u00eenainte ca acestea s\u0103 duc\u0103 la probleme mai grave.<\/li>\n<li>Lubrifiere adecvat\u0103: Lubrifierea adecvat\u0103 a componentelor cilindrului este esen\u021bial\u0103 pentru a asigura func\u021bionarea corect\u0103 \u0219i men\u021binerea performan\u021belor optime.<\/li>\n<li>\u00cenlocuirea garniturilor \u0219i verific\u0103ri ale calibr\u0103rii: \u00cenlocuirea regulat\u0103 a garniturilor uzate \u0219i verific\u0103rile de calibrare sunt esen\u021biale pentru a men\u021bine performan\u021ba cilindrului \u0219i a-l face f\u0103r\u0103 scurgeri.<\/li>\n<\/ul>\n<p>Este esen\u021bial s\u0103 v\u0103 asigura\u021bi c\u0103 cilindrul este instalat corect, lubrifiat corespunz\u0103tor \u0219i reglat conform specifica\u021biilor corespunz\u0103toare. De asemenea, este esen\u021bial\u0103 o aliniere corect\u0103 a cilindrului, iar pentru fixarea acestuia trebuie utilizate console de instalare adecvate.<\/p>\n<p><img decoding=\"async\" src=\"https:\/\/www.hydraulic-cylinders.net\/wp-content\/uploads\/2025\/01\/songte-chushion-collar.webp\"><\/p>\n<h2>Considera\u021bii privind siguran\u021ba \u0219i mediul<\/h2>\n<p>Siguran\u021ba este o considera\u021bie primordial\u0103 atunci c\u00e2nd se lucreaz\u0103 cu cilindri de cup\u0103 \u0219i trebuie luate m\u0103suri de precau\u021bie adecvate pentru a evita accidentele \u0219i r\u0103nirile. \u00cen plus, trebuie luat \u00een considerare impactul cilindrilor de cup\u0103 asupra mediului \u0219i trebuie luate m\u0103suri pentru a minimiza impactul acestora asupra mediului.<\/p>\n<h2>Depanare \u0219i probleme frecvente<\/h2>\n<p>Cilindrii cu cup\u0103 pot \u00eent\u00e2mpina diverse probleme pe durata lor de via\u021b\u0103, inclusiv scurgeri, func\u021bionare lent\u0103 \u0219i devia\u021bie a cilindrului. Diagnosticarea acestor probleme necesit\u0103 o \u00een\u021belegere aprofundat\u0103 a designului \u0219i func\u021bion\u0103rii cilindrului, iar pa\u0219ii de depanare corespunz\u0103tori trebuie urma\u021bi pentru a le remedia eficient. \u00centre\u021binerea \u0219i inspec\u021bia regulat\u0103 a cilindrului pot preveni multe probleme poten\u021biale.<\/p>\n<p><img decoding=\"async\" src=\"https:\/\/www.hydraulic-cylinders.net\/wp-content\/uploads\/2025\/01\/songte-bushings-with-all-kinds-of-excavator-models.webp\"><\/p>\n<h2>Despre compania noastr\u0103<\/h2>\n<p>Suntem produc\u0103tori de cilindri hidraulici de schimb, oferind o gam\u0103 complet\u0103 de cilindri hidraulici. Am devenit unul dintre principalii produc\u0103tori \u0219i distribuitori angro de cilindri hidraulici pe pie\u021bele interne \u0219i interna\u021bionale. Urm\u0103m principiile excelen\u021bei \u00een calitate, baz\u00e2ndu-ne pe strategii industrializate de management al produc\u021biei \u00een ateliere de produc\u021bie de \u00eenalt\u0103 calitate. \u00cembun\u0103t\u0103\u021bim continuu platforma noastr\u0103 de produc\u021bie \u0219i \u00eembun\u0103t\u0103\u021bim ruta de produc\u021bie a calit\u0103\u021bii produselor noastre \u0219i avem o capacitate creativ\u0103 puternic\u0103 de a satisface nevoile diverse ale clien\u021bilor no\u0219tri cu eficien\u021b\u0103 ridicat\u0103, precizie ridicat\u0103 \u0219i calitate superioar\u0103.<\/p>\n<p><img decoding=\"async\" src=\"https:\/\/hzpt.com\/wp-content\/uploads\/2024\/11\/songte-company-1.webp\"><\/p>\n<p>Oferim o gam\u0103 complet\u0103 de servicii, inclusiv expertiz\u0103 profesional\u0103, certificare interna\u021bional\u0103, servicii personalizate, echipamente de produc\u021bie \u0219i servicii post-v\u00e2nzare.<\/p>\n<h3>Profesionalism:<\/h3>\n<p>Avem o echip\u0103 de profesioni\u0219ti cu \u00eenalt\u0103 calificare, cu o vast\u0103 experien\u021b\u0103 \u00een proiectarea \u0219i fabricarea cilindrilor hidraulici.<\/p>\n<h3>Certificare interna\u021bional\u0103:<\/h3>\n<p>Cilindrii no\u0219tri hidraulici au fost certifica\u021bi conform standardelor interna\u021bionale, garant\u00e2nd c\u0103 \u00eendeplinesc cele mai \u00eenalte standarde de calitate.<\/p>\n<h3>Servicii personalizate:<\/h3>\n<p>Oferim servicii personalizate pentru a satisface nevoile diverse ale clien\u021bilor no\u0219tri.<\/p>\n<h3>Echipamente de produc\u021bie:<\/h3>\n<p>Folosim echipamente de produc\u021bie de ultim\u0103 genera\u021bie pentru a produce cilindri hidraulici de \u00eenalt\u0103 calitate.<\/p>\n<h3>Servicii post-v\u00e2nzare:<\/h3>\n<p>Oferim servicii complete post-v\u00e2nzare pentru a ne asigura c\u0103 clien\u021bii no\u0219tri sunt mul\u021bumi\u021bi de produsele \u0219i serviciile noastre.<\/p>\n<p><img decoding=\"async\" src=\"https:\/\/www.hydraulic-cylinders.net\/wp-content\/uploads\/2025\/01\/songte-company-3.webp\"><\/p>\n<p>Autor: lyl.<\/p>","protected":false},"excerpt":{"rendered":"<p>Bucket Cylinder For Zoomlion Middle Excavator ZE230ELR Introduction Definition and Function A bucket cylinder is a specially designed hydraulic cylinder that is mainly used to control the movement of buckets in heavy machinery such as excavators, backhoe excavators, and front-end loaders. Its main function is to lift, lower, and tilt the buckets, making it easier [&hellip;]<\/p>","protected":false},"featured_media":14778,"comment_status":"open","ping_status":"closed","template":"","meta":{"_et_pb_use_builder":"","_et_pb_old_content":"","_et_gb_content_width":""},"product_brand":[],"product_cat":[1494],"product_tag":[1495,1496],"class_list":{"0":"post-15499","1":"product","2":"type-product","3":"status-publish","4":"has-post-thumbnail","6":"product_cat-bucket-cylinders","7":"product_tag-bucket-cylinders","8":"product_tag-hydraulic-cylinders","10":"first","11":"instock","12":"shipping-taxable","13":"product-type-simple"},"amp_enabled":true,"_links":{"self":[{"href":"https:\/\/www.hydraulic-cylinders.net\/ro\/wp-json\/wp\/v2\/product\/15499","targetHints":{"allow":["GET"]}}],"collection":[{"href":"https:\/\/www.hydraulic-cylinders.net\/ro\/wp-json\/wp\/v2\/product"}],"about":[{"href":"https:\/\/www.hydraulic-cylinders.net\/ro\/wp-json\/wp\/v2\/types\/product"}],"replies":[{"embeddable":true,"href":"https:\/\/www.hydraulic-cylinders.net\/ro\/wp-json\/wp\/v2\/comments?post=15499"}],"wp:featuredmedia":[{"embeddable":true,"href":"https:\/\/www.hydraulic-cylinders.net\/ro\/wp-json\/wp\/v2\/media\/14778"}],"wp:attachment":[{"href":"https:\/\/www.hydraulic-cylinders.net\/ro\/wp-json\/wp\/v2\/media?parent=15499"}],"wp:term":[{"taxonomy":"product_brand","embeddable":true,"href":"https:\/\/www.hydraulic-cylinders.net\/ro\/wp-json\/wp\/v2\/product_brand?post=15499"},{"taxonomy":"product_cat","embeddable":true,"href":"https:\/\/www.hydraulic-cylinders.net\/ro\/wp-json\/wp\/v2\/product_cat?post=15499"},{"taxonomy":"product_tag","embeddable":true,"href":"https:\/\/www.hydraulic-cylinders.net\/ro\/wp-json\/wp\/v2\/product_tag?post=15499"}],"curies":[{"name":"wp","href":"https:\/\/api.w.org\/{rel}","templated":true}]}}