{"id":15502,"date":"2025-01-19T14:36:35","date_gmt":"2025-01-19T14:36:35","guid":{"rendered":"https:\/\/www.hydraulic-cylinders.net\/product\/bucket-cylinder-for-zoomlion-middle-excavator-ze210e-9\/"},"modified":"2025-01-19T14:36:42","modified_gmt":"2025-01-19T14:36:42","slug":"bucket-cylinder-for-zoomlion-middle-excavator-ze210e-9","status":"publish","type":"product","link":"https:\/\/www.hydraulic-cylinders.net\/ro\/produs\/bucket-cylinder-for-zoomlion-middle-excavator-ze210e-9\/","title":{"rendered":"Cilindru cu cup\u0103 pentru excavatorul Zoomlion Middle ZE210E-9"},"content":{"rendered":"<p>Cilindru cu cup\u0103 pentru excavatorul Zoomlion Middle ZE210E-9<\/p>\n<h2>Introducere<\/h2>\n<h3>Definirea cilindrului cupei<\/h3>\n<p>Un cilindru al cupei este un cilindru hidraulic specializat, conceput pentru a controla mi\u0219carea unei cupe \u00een utilaje grele, cum ar fi excavatoarele, excavatoarele cu buldoexcavatoare \u0219i \u00eenc\u0103rc\u0103toare frontale. Func\u021bia sa principal\u0103 este de a permite ridicarea, cobor\u00e2rea \u0219i \u00eenclinarea cupei, facilit\u00e2nd efectuarea diverselor sarcini de manipulare a materialelor. \u00cen sistemul hidraulic, cilindrul cupei realizeaz\u0103 un control precis al cupei prin modific\u0103ri ale presiunii uleiului hidraulic, permi\u021b\u00e2nd operatorilor s\u0103 manipuleze eficient sarcini grele \u0219i s\u0103 se adapteze la medii de lucru complexe \u0219i cerin\u021be diverse ale postului.<\/p>\n<p><img decoding=\"async\" src=\"https:\/\/www.hydraulic-cylinders.net\/wp-content\/uploads\/2025\/01\/songte-company-2.webp\" alt=\"Imaginea cilindrului cupei\"><\/p>\n<h2>Caracteristici ale produsului<\/h2>\n<h3>Rezisten\u021b\u0103 \u0219i durabilitate ridicate<\/h3>\n<ul>\n<li>De obicei, fabricate din o\u021bel sau aluminiu de \u00eenalt\u0103 rezisten\u021b\u0103, capabile s\u0103 reziste la presiuni ridicate \u0219i sarcini grele, adapt\u00e2ndu-se la medii de lucru dure, proiectate av\u00e2nd \u00een vedere rezisten\u021ba la uzur\u0103 \u0219i la coroziune, prelungind durata de via\u021b\u0103.<\/li>\n<\/ul>\n<h3>Func\u021bionare hidraulic\u0103 eficient\u0103<\/h3>\n<ul>\n<li>Utilizeaz\u0103 presiunea uleiului hidraulic pentru a ob\u021bine o extensie \u0219i o retragere lin\u0103, capabil s\u0103 r\u0103spund\u0103 rapid la comenzile opera\u021bionale, oferind o for\u021b\u0103 puternic\u0103 de \u00eempingere \u0219i tragere, potrivit\u0103 pentru manipularea sarcinilor grele \u0219i a sarcinilor complexe.<\/li>\n<\/ul>\n<h3>Diverse tipuri<\/h3>\n<ul>\n<li>Cilindrii cu ac\u021biune simpl\u0103 (utilizare hidraulic\u0103 \u00eentr-o singur\u0103 direc\u021bie) sau cu ac\u021biune dubl\u0103 (utilizare hidraulic\u0103 \u00een ambele direc\u021bii) pot fi ale\u0219i \u00een func\u021bie de nevoile opera\u021bionale. Unele modele sunt telescopice, permi\u021b\u00e2nd o extensie mai mare f\u0103r\u0103 a cre\u0219te dimensiunile exterioare, potrivite pentru aplica\u021bii cu spa\u021biu limitat.<\/li>\n<\/ul>\n<h3>\u00cenlocuire direct\u0103<\/h3>\n<ul>\n<li>Produsul nostru poate \u00eenlocui perfect ace\u0219ti cilindri hidraulici.<\/li>\n<\/ul>\n<p><img decoding=\"async\" src=\"https:\/\/www.hydraulic-cylinders.net\/wp-content\/uploads\/2025\/01\/songte-cylinder-head-with-all-kinds-excavator-models.webp\" alt=\"Imagine de \u00eenlocuire\"><\/p>\n<h2>Scene de aplica\u021bie<\/h2>\n<p>Cilindrul cupei este utilizat predominant \u00een utilaje de construc\u021bii \u0219i agricultur\u0103, cu aplica\u021bii \u00een:<\/p>\n<ul>\n<li>Excavatoare: Cilindrul cupei permite ac\u021biunea de excavare permi\u021b\u00e2nd cupei s\u0103 p\u0103trund\u0103 \u00een sol.<\/li>\n<li>\u00cenc\u0103rc\u0103toare: La \u00eenc\u0103rc\u0103toarele frontale, ajut\u0103 la ridicarea \u0219i \u00eenclinarea eficient\u0103 a \u00eenc\u0103rc\u0103turilor.<\/li>\n<li>Ma\u0219ini agricole: Folosite pentru \u00eenc\u0103rc\u0103toare frontale, acestea ajut\u0103 la ridicarea \u0219i transportul solului, f\u00e2nului \u0219i altor materiale.<\/li>\n<\/ul>\n<p>Fiecare aplica\u021bie este descris\u0103 \u00een detaliu mai jos:<\/p>\n<h3>Echipamente de construc\u021bii<\/h3>\n<p>\u00cen excavatoare, acestea sunt esen\u021biale pentru s\u0103pare, \u00eenc\u0103rcare \u0219i mutarea solului sau a resturilor. La excavatoarele cu buldoexcavatoare, cilindrul cupei ajut\u0103 la excavare \u0219i ridicare. La \u00eenc\u0103rc\u0103toarele frontale, acestea ajut\u0103 la ridicarea \u0219i \u00eenclinarea eficient\u0103 a \u00eenc\u0103rc\u0103turilor.<\/p>\n<h3>Ma\u0219ini agricole<\/h3>\n<p>Folosit pentru \u00eenc\u0103rc\u0103toare frontale, ajut\u0103 la ridicarea \u0219i transportul solului, f\u00e2nului \u0219i altor materiale.<\/p>\n<h3>Excavatoare<\/h3>\n<p>Cilindrul cupei permite ac\u021biunea de excavare permi\u021b\u00e2nd cupei s\u0103 p\u0103trund\u0103 \u00een sol.<\/p>\n<h2>Criterii de proiectare \u0219i selec\u021bie<\/h2>\n<p>Considera\u021biile de proiectare pentru cilindrii cupei includ capacitatea portant\u0103, etan\u0219area, durabilitatea, siguran\u021ba \u0219i mentenabilitatea. Fiecare punct este discutat mai jos:<\/p>\n<h3>Capacitate portant\u0103<\/h3>\n<p>Cilindrul cupei trebuie proiectat s\u0103 reziste la sarcini grele \u0219i presiuni ridicate, adapt\u00e2ndu-se la medii de lucru dure \u0219i prelungind durata de via\u021b\u0103.<\/p>\n<h3>Sigilare<\/h3>\n<p>Diverse elemente de etan\u0219are, cum ar fi etan\u0219\u0103rile pistonului \u0219i etan\u0219\u0103rile tijei, sunt utilizate pentru a preveni scurgerile de ulei hidraulic. Garniturile sunt fabricate din materiale rezistente la uzur\u0103, cum ar fi poliuretanul \u0219i cauciucul nitrilic, \u00een timp ce corpul cilindrului \u0219i suprafa\u021ba filetat\u0103 a cap\u0103tului sunt supuse unor prelucr\u0103ri fine pentru a \u00eembun\u0103t\u0103\u021bi rezisten\u021ba la uzur\u0103.<\/p>\n<h3>Durabilitate<\/h3>\n<p>Corpul cilindrului trebuie s\u0103 fie fabricat din materiale de \u00eenalt\u0103 rezisten\u021b\u0103, cum ar fi o\u021belul sau aluminiul, proiectate pentru rezisten\u021b\u0103 la uzur\u0103 \u0219i coroziune, prelungind durata de via\u021b\u0103.<\/p>\n<h3>Siguran\u0163\u0103<\/h3>\n<p>Cilindrul cupei trebuie proiectat av\u00e2nd \u00een vedere siguran\u021ba, cu caracteristici precum supape de siguran\u021b\u0103 pentru a preveni supra\u00eenc\u0103rcarea \u0219i suprapresiunea.<\/p>\n<h3>Mentenabilitate<\/h3>\n<p>Cilindrul cupei trebuie s\u0103 fie proiectat pentru o \u00eentre\u021binere u\u0219oar\u0103, cu caracteristici precum demontarea u\u0219oar\u0103 pentru repara\u021bii, \u00eenlocuire \u0219i inspec\u021bie.<\/p>\n<p><img decoding=\"async\" src=\"https:\/\/www.hydraulic-cylinders.net\/wp-content\/uploads\/2025\/01\/songte-oil-pipes-and-spare-parts.webp\" alt=\"Imagine piese de schimb\"><\/p>\n<h2>Etan\u0219are \u0219i lubrifiere<\/h2>\n<p>Diverse elemente de etan\u0219are, cum ar fi etan\u0219\u0103rile pistonului \u0219i etan\u0219\u0103rile tijei, sunt utilizate pentru a preveni scurgerile de ulei hidraulic. Garniturile sunt fabricate din materiale rezistente la uzur\u0103, cum ar fi poliuretanul \u0219i cauciucul nitrilic, \u00een timp ce corpul cilindrului \u0219i suprafa\u021ba filetat\u0103 a cap\u0103tului sunt supuse unor prelucr\u0103ri fine pentru a \u00eembun\u0103t\u0103\u021bi rezisten\u021ba la uzur\u0103. Lubrifierea regulat\u0103 este necesar\u0103 pentru a men\u021bine func\u021bionarea f\u0103r\u0103 probleme a cilindrului.<\/p>\n<h2>\u00centre\u0163inere<\/h2>\n<p>\u00centre\u021binerea regulat\u0103 a cilindrului cupei este esen\u021bial\u0103 pentru a asigura performan\u021be optime \u0219i a prelungi durata de via\u021b\u0103. Mai jos sunt discutate trei sarcini comune de \u00eentre\u021binere:<\/p>\n<h3>Inspec\u021bie regulat\u0103<\/h3>\n<p>Inspec\u021bia regulat\u0103 a cilindrului \u0219i a componentelor sale este important\u0103 pentru a identifica orice uzur\u0103 \u0219i deteriorare care ar putea afecta func\u021bionarea acestuia, asigur\u00e2nd \u00eenlocuirea \u0219i repararea la timp.<\/p>\n<h3>Lubrifiere<\/h3>\n<p>Cilindrul necesit\u0103 lubrifiere regulat\u0103 pentru a asigura o func\u021bionare lin\u0103. Asigura\u021bi-v\u0103 c\u0103 lubrifia\u021bi temeinic toate piesele mobile.<\/p>\n<h3>\u00cenlocuirea garniturii \u0219i verificarea calibr\u0103rii<\/h3>\n<p>Garniturile trebuie \u00eenlocuite periodic pentru a preveni scurgerile de ulei hidraulic. De asemenea, este important s\u0103 verifica\u021bi calibrarea cilindrului pentru a v\u0103 asigura c\u0103 func\u021bioneaz\u0103 corect.<\/p>\n<p><img decoding=\"async\" src=\"https:\/\/www.hydraulic-cylinders.net\/wp-content\/uploads\/2025\/01\/songte-chushion-collar.webp\" alt=\"Imagine de \u00eentre\u021binere\"><\/p>\n<h2>Considera\u021bii privind siguran\u021ba \u0219i mediul<\/h2>\n<p>M\u0103surile de siguran\u021b\u0103 sunt esen\u021biale la operarea cilindrului cupei. Instruirea adecvat\u0103 \u0219i respectarea instruc\u021biunilor de siguran\u021b\u0103 pot reduce riscul de accidente \u0219i v\u0103t\u0103m\u0103ri corporale. De asemenea, trebuie avute \u00een vedere considera\u021biile de mediu la utilizarea cilindrului, cum ar fi eliminarea corect\u0103 a fluidelor hidraulice \u0219i minimizarea riscului de scurgeri de ulei.<\/p>\n<p><img decoding=\"async\" src=\"https:\/\/hzpt.com\/wp-content\/uploads\/2024\/11\/songte-company-1.webp\" alt=\"Imaginea mediului\"><\/p>\n<h2>Diagnosticarea \u0219i depanarea defec\u021biunilor<\/h2>\n<p>Defec\u021biunile frecvente care pot ap\u0103rea la cilindrul cupei includ scurgeri, contaminare \u0219i ruperea garniturilor de etan\u0219are. Aceste defec\u021biuni pot duce la performan\u021be reduse \u0219i chiar la defectarea echipamentului. Pa\u0219ii de depanare, cum ar fi identificarea cauzei defec\u021biunii \u0219i luarea de m\u0103suri corective, pot ajuta la rezolvarea rapid\u0103 \u0219i eficient\u0103 a acestor probleme.<\/p>\n<p><img decoding=\"async\" src=\"https:\/\/www.hydraulic-cylinders.net\/wp-content\/uploads\/2025\/01\/songte-bushings-with-all-kinds-of-excavator-models.webp\" alt=\"Depanarea erorilor de imagine\"><\/p>\n<h2>Introducerea companiei<\/h2>\n<p>Suntem un produc\u0103tor de cilindri hidraulici specializa\u021bi \u00een cilindri de schimb. Cu o gam\u0103 complet\u0103 de produse, am devenit unul dintre principalii produc\u0103tori \u0219i distribuitori angro de cilindri hidraulici pe pie\u021bele interne \u0219i interna\u021bionale. Ader\u0103m la principiile calit\u0103\u021bii excelente, ne baz\u0103m pe strategii industrializate de management al produc\u021biei \u00een ateliere de fabrica\u021bie fin concepute \u0219i \u00eembun\u0103t\u0103\u021bim continuu platforma noastr\u0103 de produc\u021bie \u00een ateliere, \u00eembun\u0103t\u0103\u021bim liniile de produc\u021bie pentru calitatea produselor \u0219i avem abilit\u0103\u021bi creative puternice. Compania noastr\u0103 satisface diversele nevoi ale clien\u021bilor cu eficien\u021b\u0103 ridicat\u0103, precizie ridicat\u0103 \u0219i produse de \u00eenalt\u0103 calitate.<\/p>\n<p><img decoding=\"async\" src=\"https:\/\/www.hydraulic-cylinders.net\/wp-content\/uploads\/2025\/01\/songte-company-3.webp\" alt=\"Imaginea companiei\"><\/p>\n<h3>Profesionalism<\/h3>\n<p>Compania noastr\u0103 are o echip\u0103 de profesioni\u0219ti cu o vast\u0103 experien\u021b\u0103 \u00een proiectarea \u0219i fabricarea cilindrilor hidraulici, asigur\u00e2nd o calitate \u0219i o fiabilitate ridicate.<\/p>\n<h3>Certificare interna\u021bional\u0103<\/h3>\n<p>Am ob\u021binut certific\u0103ri interna\u021bionale precum ISO 9001 \u0219i CE, asigur\u00e2nd calitatea \u0219i siguran\u021ba produselor.<\/p>\n<h3>Servicii de personalizare<\/h3>\n<p>Oferim servicii de personalizare, adapt\u00e2nd produsele la nevoile specifice ale clien\u021bilor no\u0219tri.<\/p>\n<h3>Echipamente de produc\u021bie<\/h3>\n<p>Compania noastr\u0103 utilizeaz\u0103 echipamente digitale avansate de produc\u021bie, cum ar fi strunguri CNC \u0219i freze, pentru a asigura calitatea \u0219i precizia produselor.<\/p>\n<h3>Serviciu post-v\u00e2nzare<\/h3>\n<p>Oferim servicii complete post-v\u00e2nzare, cum ar fi piese de schimb \u0219i servicii de reconstruc\u021bie, pentru a prelungi durata de via\u021b\u0103 a produselor noastre.<\/p>\n<p>Autor: lyl.<\/p>","protected":false},"excerpt":{"rendered":"<p>Bucket Cylinder For Zoomlion Middle Excavator ZE210E-9 Introduction Defining the Bucket Cylinder A bucket cylinder is a specialized hydraulic cylinder designed to control the movement of a bucket in heavy machinery such as excavators, backhoe excavators, and front-end loaders. Its main function is to enable the bucket to lift, lower, and tilt, making it easier [&hellip;]<\/p>","protected":false},"featured_media":14771,"comment_status":"open","ping_status":"closed","template":"","meta":{"_et_pb_use_builder":"","_et_pb_old_content":"","_et_gb_content_width":""},"product_brand":[],"product_cat":[1494],"product_tag":[1495,1496],"class_list":{"0":"post-15502","1":"product","2":"type-product","3":"status-publish","4":"has-post-thumbnail","6":"product_cat-bucket-cylinders","7":"product_tag-bucket-cylinders","8":"product_tag-hydraulic-cylinders","10":"first","11":"instock","12":"shipping-taxable","13":"product-type-simple"},"amp_enabled":true,"_links":{"self":[{"href":"https:\/\/www.hydraulic-cylinders.net\/ro\/wp-json\/wp\/v2\/product\/15502","targetHints":{"allow":["GET"]}}],"collection":[{"href":"https:\/\/www.hydraulic-cylinders.net\/ro\/wp-json\/wp\/v2\/product"}],"about":[{"href":"https:\/\/www.hydraulic-cylinders.net\/ro\/wp-json\/wp\/v2\/types\/product"}],"replies":[{"embeddable":true,"href":"https:\/\/www.hydraulic-cylinders.net\/ro\/wp-json\/wp\/v2\/comments?post=15502"}],"wp:featuredmedia":[{"embeddable":true,"href":"https:\/\/www.hydraulic-cylinders.net\/ro\/wp-json\/wp\/v2\/media\/14771"}],"wp:attachment":[{"href":"https:\/\/www.hydraulic-cylinders.net\/ro\/wp-json\/wp\/v2\/media?parent=15502"}],"wp:term":[{"taxonomy":"product_brand","embeddable":true,"href":"https:\/\/www.hydraulic-cylinders.net\/ro\/wp-json\/wp\/v2\/product_brand?post=15502"},{"taxonomy":"product_cat","embeddable":true,"href":"https:\/\/www.hydraulic-cylinders.net\/ro\/wp-json\/wp\/v2\/product_cat?post=15502"},{"taxonomy":"product_tag","embeddable":true,"href":"https:\/\/www.hydraulic-cylinders.net\/ro\/wp-json\/wp\/v2\/product_tag?post=15502"}],"curies":[{"name":"wp","href":"https:\/\/api.w.org\/{rel}","templated":true}]}}