{"id":15505,"date":"2025-01-19T14:36:53","date_gmt":"2025-01-19T14:36:53","guid":{"rendered":"https:\/\/www.hydraulic-cylinders.net\/product\/bucket-cylinder-for-zoomlion-large-excavator-ze330e\/"},"modified":"2025-01-19T14:36:55","modified_gmt":"2025-01-19T14:36:55","slug":"bucket-cylinder-for-zoomlion-large-excavator-ze330e","status":"publish","type":"product","link":"https:\/\/www.hydraulic-cylinders.net\/ro\/produs\/bucket-cylinder-for-zoomlion-large-excavator-ze330e\/","title":{"rendered":"Cilindru cup\u0103 pentru excavatorul mare Zoomlion ZE330E"},"content":{"rendered":"<h1>Cilindru cup\u0103 pentru excavatorul mare Zoomlion ZE330E<\/h1>\n<h2>Introducere<\/h2>\n<p>Cilindrul cupei pentru excavatorul mare Zoomlion ZE330E este un cilindru hidraulic special conceput, utilizat \u00een principal pentru a controla mi\u0219carea cupei \u00een utilaje grele, cum ar fi excavatoarele, \u00eenc\u0103rc\u0103toarele frontale \u0219i \u00eenc\u0103rc\u0103toarele de marf\u0103. Func\u021bia sa principal\u0103 este de a permite ridicarea, cobor\u00e2rea \u0219i \u00eenclinarea cupei, facilit\u00e2nd gestionarea diverselor sarcini de manipulare a materialelor. \u00cen sistemul hidraulic, cilindrul cupei realizeaz\u0103 un control precis al mi\u0219c\u0103rii cupei prin modificarea presiunii uleiului hidraulic, permi\u021b\u00e2nd operatorilor s\u0103 manipuleze eficient sarcini grele \u0219i s\u0103 se adapteze la medii de lucru complexe \u0219i cerin\u021be diverse ale lucr\u0103rilor.<\/p>\n<p><img decoding=\"async\" src=\"https:\/\/www.hydraulic-cylinders.net\/wp-content\/uploads\/2025\/01\/songte-company-2.webp\" alt=\"Cilindru cu cup\u0103\" \/><\/p>\n<h2>Caracteristici ale produsului<\/h2>\n<ul>\n<li>\n<h3>Rezisten\u021b\u0103 \u0219i durabilitate ridicate<\/h3>\n<p>Cilindrii cu cup\u0103 sunt de obicei fabrica\u021bi din o\u021bel sau aluminiu de \u00eenalt\u0103 rezisten\u021b\u0103, capabili s\u0103 reziste la presiuni ridicate \u0219i sarcini grele, adapt\u00e2ndu-se la medii de lucru dure \u0219i proiecta\u021bi av\u00e2nd \u00een vedere rezisten\u021ba la uzur\u0103 \u0219i la coroziune, prelungindu-le durata de via\u021b\u0103.<\/p>\n<\/li>\n<li>\n<h3>Func\u021bionare hidraulic\u0103 eficient\u0103<\/h3>\n<p>Cilindrii cupei utilizeaz\u0103 presiunea uleiului hidraulic pentru a ob\u021bine o ac\u021biune telescopic\u0103 lin\u0103, r\u0103spund rapid la comenzile de control, ofer\u0103 o for\u021b\u0103 puternic\u0103 de \u00eempingere \u0219i tragere \u0219i sunt potrivi\u021bi pentru manipularea sarcinilor grele \u0219i a sarcinilor complexe.<\/p>\n<\/li>\n<li>\n<h3>Diverse tipuri<\/h3>\n<p>Cilindrii cupei pot fi cu ac\u021biune simpl\u0103 (folosind sistemul hidraulic \u00eentr-o singur\u0103 direc\u021bie) sau cu ac\u021biune dubl\u0103 (folosind sistemul hidraulic \u00een ambele direc\u021bii), \u00een func\u021bie de cerin\u021be, iar unele modele sunt telescopice, permi\u021b\u00e2nd o extindere mai mare f\u0103r\u0103 a cre\u0219te dimensiunile exterioare, ceea ce le face potrivite pentru aplica\u021bii cu spa\u021biu limitat.<\/p>\n<\/li>\n<li>\n<h3>\u00cenlocuiri de produse<\/h3>\n<p>Produsele noastre pot \u00eenlocui perfect ace\u0219ti cilindri hidraulici.<\/p>\n<\/li>\n<\/ul>\n<p><img decoding=\"async\" src=\"https:\/\/www.hydraulic-cylinders.net\/wp-content\/uploads\/2025\/01\/songte-cylinder-head-with-all-kinds-excavator-models.webp\" alt=\"Chiulas\u0103\" \/><\/p>\n<h2>Aplica\u021bii ale cilindrului cupei<\/h2>\n<p>Cilindrul cupei este utilizat \u00een mod obi\u0219nuit \u00een diverse echipamente de construc\u021bii, inclusiv:<\/p>\n<ul>\n<li>\n<h3>Excavatoare<\/h3>\n<p>Cilindrul cupei permite ac\u021biunea de s\u0103pare permi\u021b\u00e2nd cupei s\u0103 p\u0103trund\u0103 \u00een sol.<\/p>\n<\/li>\n<li>\n<h3>\u00cenc\u0103rc\u0103toare excavatoare<\/h3>\n<p>Cilindrul cupei ajut\u0103 at\u00e2t la s\u0103pat, c\u00e2t \u0219i la ridicare.<\/p>\n<\/li>\n<li>\n<h3>\u00cenc\u0103rc\u0103toare frontale<\/h3>\n<p>Cilindrul cupei ajut\u0103 la ridicarea \u0219i \u00eenclinarea cupei \u00eenc\u0103rc\u0103torului, ceea ce o face eficient\u0103 pentru desc\u0103rcarea \u0219i golirea materialelor.<\/p>\n<\/li>\n<\/ul>\n<h2>Considera\u021bii de proiectare \u0219i criterii de selec\u021bie<\/h2>\n<p>La selectarea \u0219i proiectarea cilindrilor pentru cupe, este important s\u0103 se ia \u00een considerare factori cheie precum capacitatea portant\u0103, etan\u0219area, durabilitatea, siguran\u021ba \u0219i mentenan\u021ba. Iat\u0103 c\u00e2teva puncte importante de luat \u00een considerare:<\/p>\n<ul>\n<li>\n<h3>Capacitate portant\u0103<\/h3>\n<p>Cilindrul cupei trebuie s\u0103 fie proiectat pentru a suporta sarcina pe care o va suporta, care este determinat\u0103 de greutatea materialului manipulat \u0219i de for\u021bele implicate \u00een mi\u0219carea acestuia.<\/p>\n<\/li>\n<li>\n<h3>Etan\u0219are \u0219i durabilitate<\/h3>\n<p>Cilindrii cu cup\u0103 necesit\u0103 materiale de etan\u0219are de \u00eenalt\u0103 calitate, cum ar fi etan\u0219\u0103ri pentru piston \u0219i etan\u0219\u0103ri pentru tij\u0103, fabricate din materiale rezistente la uzur\u0103, cum ar fi poliuretanul \u0219i cauciucul nitrilic. De asemenea, este esen\u021bial s\u0103 se asigure c\u0103 suprafa\u021ba corpului cilindrului \u0219i cap\u0103tul filetat sunt tratate fin pentru a \u00eembun\u0103t\u0103\u021bi rezisten\u021ba la uzur\u0103. Ad\u0103ugarea regulat\u0103 a cantit\u0103\u021bii potrivite de ulei hidraulic pentru lubrifiere este necesar\u0103.<\/p>\n<\/li>\n<li>\n<h3>Siguran\u021b\u0103 \u0219i mentenan\u021b\u0103<\/h3>\n<p>Cilindrii cupei trebuie s\u0103 fie proiecta\u021bi av\u00e2nd \u00een vedere siguran\u021ba, cu caracteristici de siguran\u021b\u0103 \u00eencorporate, cum ar fi supape de suprapresiune \u0219i supape de blocare, precum \u0219i s\u0103 fie u\u0219or de \u00eentre\u021binut \u0219i reparat prin furnizarea de piese u\u0219or de \u00eenlocuit \u0219i recondi\u021bionat \u0219i proceduri de \u00eentre\u021binere adecvate pentru a le prelungi durata de via\u021b\u0103. <\/p>\n<\/li>\n<\/ul>\n<p><img decoding=\"async\" src=\"https:\/\/www.hydraulic-cylinders.net\/wp-content\/uploads\/2025\/01\/songte-oil-pipes-and-spare-parts.webp\" alt=\"Conducte de petrol\"\/><\/p>\n<h2>\u00centre\u021binere \u0219i depanare<\/h2>\n<p>Inspec\u021bia regulat\u0103 \u0219i \u00eentre\u021binerea preventiv\u0103 sunt esen\u021biale pentru men\u021binerea cilindrului cupei \u00een stare bun\u0103 de func\u021bionare. Iat\u0103 c\u00e2teva sarcini comune de \u00eentre\u021binere:<\/p>\n<ul>\n<li>\n<h3>Inspec\u021bie regulat\u0103<\/h3>\n<p>Verifica\u021bi dac\u0103 exist\u0103 scurgeri, lovituri sau zg\u00e2rieturi, asigura\u021bi-v\u0103 c\u0103 cilindrul este lubrifiat \u0219i curat corespunz\u0103tor \u0219i verifica\u021bi furtunurile \u0219i conectoarele hidraulice pentru a depista eventualele deterior\u0103ri sau uzur\u0103.<\/p>\n<\/li>\n<li>\n<h3>Lubrifiere<\/h3>\n<p>Este important s\u0103 utiliza\u021bi tipul \u0219i cantitatea corect\u0103 de ulei hidraulic pentru a asigura o func\u021bionare lin\u0103 \u0219i eficient\u0103 \u0219i pentru a proteja \u00eempotriva uzurii.<\/p>\n<\/li>\n<li>\n<h3>\u00cenlocuirea garniturii \u0219i inspec\u021bia calibr\u0103rii<\/h3>\n<p>\u00cenlocui\u021bi piesele de etan\u0219are uzate \u0219i verifica\u021bi calibrarea, efectua\u021bi ajust\u0103rile necesare pentru a asigura mi\u0219carea precis\u0103 a cilindrului.<\/p>\n<\/li>\n<\/ul>\n<p>Este important s\u0103 se ia \u00een considerare instalarea, lubrifierea \u0219i reglarea corect\u0103 atunci c\u00e2nd se \u00eentre\u021bine cilindrul cupei pentru a preveni poten\u021biale probleme precum scurgeri, performan\u021b\u0103 redus\u0103 sau defectare complet\u0103. Oferirea de \u00eendrum\u0103ri adecvate privind instalarea, utilizarea suporturilor de instalare adecvate pentru fixarea cilindrului, recomandarea procedurilor de verificare, reparare \u0219i \u00eenlocuire \u0219i oferirea de sfaturi pentru \u00eembun\u0103t\u0103\u021birea duratei de via\u021b\u0103 a cilindrului cupei sunt esen\u021biale.<\/p>\n<p><img decoding=\"async\" src=\"https:\/\/www.hydraulic-cylinders.net\/wp-content\/uploads\/2025\/01\/songte-chushion-collar.webp\" alt=\"Guler Chushion\"\/><\/p>\n<h2>Considera\u021bii de siguran\u021b\u0103 \u0219i factori de mediu<\/h2>\n<p>C\u00e2nd lucra\u021bi cu cilindri de cup\u0103, este important s\u0103 respecta\u021bi m\u0103surile de siguran\u021b\u0103, cum ar fi purtarea echipamentului de protec\u021bie adecvat, \u021binerea m\u00e2inilor \u0219i hainelor departe de piesele \u00een mi\u0219care \u0219i asigurarea c\u0103 echipamentul este \u00een stare bun\u0103 de func\u021bionare. Eliminarea corect\u0103 a uleiului hidraulic este, de asemenea, important\u0103 pentru a proteja mediul \u00eenconjur\u0103tor.<\/p>\n<p><img decoding=\"async\" src=\"https:\/\/www.hydraulic-cylinders.net\/wp-content\/uploads\/2025\/01\/songte-bushings-with-all-kinds-of-excavator-models.webp\" alt=\"Buc\u0219e\"\/><\/p>\n<h2>Despre compania noastr\u0103<\/h2>\n<p>Suntem produc\u0103tori de cilindri hidraulici de schimb cu o gam\u0103 complet\u0103 de produse, devenind unul dintre principalii produc\u0103tori \u0219i angrosi\u0219ti \u200b\u200bde cilindri hidraulici pe pie\u021bele interne \u0219i interna\u021bionale. Ader\u0103m la principiul calit\u0103\u021bii excelente, ne baz\u0103m pe strategii industrializate de management al produc\u021biei \u00een ateliere de produc\u021bie fin\u0103, \u00eembun\u0103t\u0103\u021bim continuu platforma de fabrica\u021bie, \u00eembun\u0103t\u0103\u021bim linia de produc\u021bie a calit\u0103\u021bii produselor \u0219i avem capacit\u0103\u021bi puternice de inovare. Satisfacem nevoile diverse ale clien\u021bilor cu principiile eficien\u021bei ridicate, preciziei ridicate \u0219i calit\u0103\u021bii \u00eenalte.<\/p>\n<p>Compania noastr\u0103 ofer\u0103 servicii profesionale, certific\u0103ri interna\u021bionale, servicii personalizate, echipamente de produc\u021bie avansate \u0219i servicii post-v\u00e2nzare.<\/p>\n<p><img decoding=\"async\" src=\"https:\/\/hzpt.com\/wp-content\/uploads\/2024\/11\/songte-company-1.webp\" alt=\"Profilul Companiei\"\/><\/p>\n<p>Autor: lyl<\/p>","protected":false},"excerpt":{"rendered":"<p>Bucket Cylinder For Zoomlion Large Excavator ZE330E Introduction The bucket cylinder for Zoomlion large excavator ZE330E is a specially designed hydraulic cylinder mainly used to control the movement of the bucket in heavy machinery such as excavators, backhoe loaders, and front loaders. Its main function is to enable the bucket to lift, lower, and tilt, [&hellip;]<\/p>","protected":false},"featured_media":14762,"comment_status":"open","ping_status":"closed","template":"","meta":{"_et_pb_use_builder":"","_et_pb_old_content":"","_et_gb_content_width":""},"product_brand":[],"product_cat":[1494],"product_tag":[1495,1496],"class_list":{"0":"post-15505","1":"product","2":"type-product","3":"status-publish","4":"has-post-thumbnail","6":"product_cat-bucket-cylinders","7":"product_tag-bucket-cylinders","8":"product_tag-hydraulic-cylinders","10":"first","11":"instock","12":"shipping-taxable","13":"product-type-simple"},"amp_enabled":true,"_links":{"self":[{"href":"https:\/\/www.hydraulic-cylinders.net\/ro\/wp-json\/wp\/v2\/product\/15505","targetHints":{"allow":["GET"]}}],"collection":[{"href":"https:\/\/www.hydraulic-cylinders.net\/ro\/wp-json\/wp\/v2\/product"}],"about":[{"href":"https:\/\/www.hydraulic-cylinders.net\/ro\/wp-json\/wp\/v2\/types\/product"}],"replies":[{"embeddable":true,"href":"https:\/\/www.hydraulic-cylinders.net\/ro\/wp-json\/wp\/v2\/comments?post=15505"}],"wp:featuredmedia":[{"embeddable":true,"href":"https:\/\/www.hydraulic-cylinders.net\/ro\/wp-json\/wp\/v2\/media\/14762"}],"wp:attachment":[{"href":"https:\/\/www.hydraulic-cylinders.net\/ro\/wp-json\/wp\/v2\/media?parent=15505"}],"wp:term":[{"taxonomy":"product_brand","embeddable":true,"href":"https:\/\/www.hydraulic-cylinders.net\/ro\/wp-json\/wp\/v2\/product_brand?post=15505"},{"taxonomy":"product_cat","embeddable":true,"href":"https:\/\/www.hydraulic-cylinders.net\/ro\/wp-json\/wp\/v2\/product_cat?post=15505"},{"taxonomy":"product_tag","embeddable":true,"href":"https:\/\/www.hydraulic-cylinders.net\/ro\/wp-json\/wp\/v2\/product_tag?post=15505"}],"curies":[{"name":"wp","href":"https:\/\/api.w.org\/{rel}","templated":true}]}}