{"id":15507,"date":"2025-01-19T14:37:01","date_gmt":"2025-01-19T14:37:01","guid":{"rendered":"https:\/\/www.hydraulic-cylinders.net\/product\/bucket-cylinder-for-zoomlion-large-excavator-ze480esp\/"},"modified":"2025-01-19T14:37:03","modified_gmt":"2025-01-19T14:37:03","slug":"bucket-cylinder-for-zoomlion-large-excavator-ze480esp","status":"publish","type":"product","link":"https:\/\/www.hydraulic-cylinders.net\/ro\/produs\/bucket-cylinder-for-zoomlion-large-excavator-ze480esp\/","title":{"rendered":"Cilindru cu cup\u0103 pentru excavatorul mare Zoomlion ZE480ESP"},"content":{"rendered":"<h1>Cilindru cu cup\u0103 pentru excavatorul mare Zoomlion ZE480ESP<\/h1>\n<h2>Introducere<\/h2>\n<p>Cilindrul cupei pentru excavatorul mare Zoomlion ZE480ESP este un cilindru hidraulic specializat, conceput pentru a controla mi\u0219carea cupei \u00een utilaje grele, cum ar fi excavatoarele, excavatoarele cu buldoexcavatoare \u0219i \u00eenc\u0103rc\u0103toare frontale. Func\u021bia sa principal\u0103 este de a permite ridicarea, cobor\u00e2rea \u0219i \u00eenclinarea cupei, facilit\u00e2nd gestionarea diverselor sarcini de manipulare a materialelor. \u00cen sistemul hidraulic, cilindrul cupei controleaz\u0103 mi\u0219carea precis\u0103 a cupei prin modificarea presiunii uleiului hidraulic, permi\u021b\u00e2nd operatorului s\u0103 manipuleze eficient obiecte grele \u0219i s\u0103 se adapteze la medii de lucru complexe \u0219i cerin\u021be diverse ale lucr\u0103rilor. <\/p>\n<p><img decoding=\"async\" src=\"https:\/\/www.hydraulic-cylinders.net\/wp-content\/uploads\/2025\/01\/songte-company-2.webp\"><\/p>\n<h2>Caracteristici<\/h2>\n<ul>\n<li>\n<h3>Rezisten\u021b\u0103 \u0219i durabilitate ridicate<\/h3>\n<p>Cilindrii cu cup\u0103 sunt de obicei fabrica\u021bi din o\u021bel sau aluminiu de \u00eenalt\u0103 rezisten\u021b\u0103, capabili s\u0103 reziste la presiuni ridicate \u0219i sarcini grele, adapt\u00e2ndu-se la medii de lucru dure. Proiectarea ia \u00een considerare rezisten\u021ba la uzur\u0103 \u0219i la coroziune, prelungind durata de via\u021b\u0103.<\/p>\n<\/li>\n<li>\n<h3>Func\u021bionare hidraulic\u0103 eficient\u0103<\/h3>\n<p>Cilindrii cupei utilizeaz\u0103 presiunea uleiului hidraulic pentru a ob\u021bine o expansiune \u0219i o contrac\u021bie lin\u0103, pot r\u0103spunde rapid la comenzile de control, ofer\u0103 o for\u021b\u0103 puternic\u0103 de \u00eempingere \u0219i tragere \u0219i sunt potrivi\u021bi pentru manipularea obiectelor grele \u0219i a sarcinilor complexe.<\/p>\n<\/li>\n<li>\n<h3>Diverse tipuri<\/h3>\n<p>Cilindrii cupei pot fi cu ac\u021biune simpl\u0103 (hidraulica este utilizat\u0103 \u00eentr-o singur\u0103 direc\u021bie) sau cu ac\u021biune dubl\u0103 (hidraulica este utilizat\u0103 \u00een dou\u0103 direc\u021bii), care pot fi selecta\u021bi \u00een func\u021bie de nevoi pentru a satisface diferite cerin\u021be de func\u021bionare. Unele modele sunt telescopice, permi\u021b\u00e2nd o extensie mai mare f\u0103r\u0103 a cre\u0219te dimensiunile exterioare, potrivite pentru aplica\u021bii cu spa\u021biu limitat.<\/p>\n<\/li>\n<li>\n<h3>Produse de \u00eenlocuire<\/h3>\n<p>Produsele noastre pot \u00eenlocui perfect ace\u0219ti cilindri hidraulici.<\/p>\n<\/li>\n<\/ul>\n<p><img decoding=\"async\" src=\"https:\/\/www.hydraulic-cylinders.net\/wp-content\/uploads\/2025\/01\/songte-cylinder-head-with-all-kinds-excavator-models.webp\"><\/p>\n<h2>Aplica\u021bii<\/h2>\n<p>Cilindrul cupei pentru excavatorul mare Zoomlion ZE480ESP este utilizat pe scar\u0103 larg\u0103 \u00een diverse utilaje grele pentru a \u00eendeplini diverse sarcini. Printre aplica\u021bii se num\u0103r\u0103:<\/p>\n<ul>\n<li>\n<h3>Echipamente de construc\u021bii<\/h3>\n<p>Echipamentele de construc\u021bii se bazeaz\u0103 pe cilindrii cupei pentru s\u0103pare, \u00eenc\u0103rcare \u0219i mutarea solului sau a resturilor. \u00cen cazul excavatoarelor cu buldoexcavatoare, cilindrii cupei ajut\u0103 la excavare \u0219i ridicare.<\/p>\n<\/li>\n<li>\n<h3>Ma\u0219ini agricole<\/h3>\n<p>Cilindrii cupei sunt utiliza\u021bi de \u00eenc\u0103rc\u0103toarele frontale pentru a scoate, ridica \u0219i transporta p\u0103m\u00e2nt, f\u00e2n \u0219i alte materiale. \u00cen excavatoare, cilindrii cupei permit s\u0103parea permi\u021b\u00e2nd cupei s\u0103 p\u0103trund\u0103 \u00een sol.<\/p>\n<\/li>\n<li>\n<h3>Echipament de \u00eenc\u0103rc\u0103tor<\/h3>\n<p>Cilindrii cupei ajut\u0103 la ridicarea \u0219i desc\u0103rcarea eficient\u0103 a \u00eenc\u0103rc\u0103turii \u00een \u00eenc\u0103rc\u0103toarele frontale.<\/p>\n<\/li>\n<\/ul>\n<h2>Considera\u021bii de proiectare \u0219i criterii de selec\u021bie<\/h2>\n<p>Cilindrii cu cup\u0103 sunt proiecta\u021bi s\u0103 suporte sarcini grele, a\u0219adar considera\u021biile de proiectare \u0219i criteriile de selec\u021bie sunt cruciale pentru performan\u021ba produsului. C\u00e2teva dintre considera\u021biile de proiectare includ:<\/p>\n<ul>\n<li>\n<h3>Capacitate portant\u0103<\/h3>\n<p>Capacitatea cilindrului de a suporta sarcini mari este determinat\u0103 de capacitatea portant\u0103, care se calculeaz\u0103 pe baza diametrului cilindrului, a dimensiunii tijei \u0219i a presiunii nominale.<\/p>\n<\/li>\n<li>\n<h3>Propriet\u0103\u021bi de etan\u0219are<\/h3>\n<p>Garniturile de etan\u0219are din cauciuc utilizate \u00een cilindrul cupei trebuie s\u0103 reziste la temperaturi ridicate, presiuni ridicate \u0219i la posibilitatea apari\u021biei particulelor abrazive. Se utilizeaz\u0103 \u00een mod obi\u0219nuit cauciucul poliuretan \u0219i cauciucul nitrilic.<\/p>\n<\/li>\n<li>\n<h3>Durabilitate<\/h3>\n<p>Durabilitatea cilindrului este determinat\u0103 de factori precum materialul utilizat, tratamentul suprafe\u021bei \u0219i procesul de fabrica\u021bie, care trebuie s\u0103 reziste la medii de lucru dure \u0219i la utilizare prelungit\u0103.<\/p>\n<\/li>\n<li>\n<h3>Siguran\u021b\u0103 \u0219i \u00eentre\u021binere<\/h3>\n<p>Cilindrii cupei trebuie s\u0103 \u00eendeplineasc\u0103 standardele de siguran\u021b\u0103 \u0219i necesit\u0103 \u00eentre\u021binere regulat\u0103 pentru a asigura performan\u021be optime \u0219i a preveni accidentele.<\/p>\n<\/li>\n<\/ul>\n<p><img decoding=\"async\" src=\"https:\/\/www.hydraulic-cylinders.net\/wp-content\/uploads\/2025\/01\/songte-oil-pipes-and-spare-parts.webp\"><\/p>\n<h2>Etan\u0219area \u0219i lubrifierea produsului<\/h2>\n<p>Cilindrii cu cup\u0103 utilizeaz\u0103 diverse garnituri, cum ar fi garnituri de piston, garnituri de tij\u0103 \u0219i garnituri de \u0219terg\u0103tor, pentru a preveni scurgerile de fluid hidraulic. Garniturile trebuie s\u0103 fie fabricate din materiale rezistente la uzur\u0103, cum ar fi poliuretanul \u0219i cauciucul nitrilic. Suprafa\u021ba corpului cilindrului \u0219i capetele filetate necesit\u0103 o prelucrare precis\u0103 pentru a \u00eembun\u0103t\u0103\u021bi rezisten\u021ba la uzur\u0103. Lubrifierea regulat\u0103 a cilindrului previne uzura \u0219i reduce posibilitatea de scurgeri. <\/p>\n<h2>Inspec\u021bie regulat\u0103 \u0219i m\u0103suri de \u00eentre\u021binere preventiv\u0103<\/h2>\n<p>Inspec\u021bia regulat\u0103 \u0219i \u00eentre\u021binerea preventiv\u0103 a cilindrului cupei sunt esen\u021biale pentru a asigura longevitatea produsului. Printre m\u0103suri se num\u0103r\u0103:<\/p>\n<ul>\n<li>\n<h3>Inspec\u021bie regulat\u0103<\/h3>\n<p>Inspec\u021bia regulat\u0103 a exteriorului cilindrului, a garniturilor \u0219i a conexiunilor pentru a identifica orice uzur\u0103, deteriorare sau scurgeri.<\/p>\n<\/li>\n<li>\n<h3>Lubrifiere adecvat\u0103<\/h3>\n<p>Lubrifierea adecvat\u0103 a cilindrului cu ulei sau vaselin\u0103 hidraulic\u0103 pentru a preveni uzura \u0219i a reduce posibilitatea de scurgeri.<\/p>\n<\/li>\n<li>\n<h3>\u00cenlocuirea garniturii \u0219i verificarea calibr\u0103rii<\/h3>\n<p>\u00cenlocuirea regulat\u0103 a garniturilor \u0219i verificarea calibr\u0103rii pentru a asigura o performan\u021b\u0103 optim\u0103.<\/p>\n<\/li>\n<\/ul>\n<p><img decoding=\"async\" src=\"https:\/\/www.hydraulic-cylinders.net\/wp-content\/uploads\/2025\/01\/songte-chushion-collar.webp\"><\/p>\n<h2>Considera\u021bii de siguran\u021b\u0103 \u0219i factori de mediu<\/h2>\n<p>Cilindrii cu cup\u0103 sunt utiliza\u021bi \u00een utilaje grele \u0219i necesit\u0103 m\u0103suri de siguran\u021b\u0103, cum ar fi asigurarea c\u0103 cilindrul este aliniat \u0219i fixat corespunz\u0103tor. Factorii de mediu, cum ar fi temperatura \u0219i umiditatea, pot afecta performan\u021ba cilindrului \u0219i trebuie monitoriza\u021bi.<\/p>\n<h2>Diagnosticarea defec\u021biunilor \u0219i probleme frecvente<\/h2>\n<p>Problemele frecvente ale cilindrilor cupei includ scurgeri, devia\u021bia cilindrilor \u0219i timpul de r\u0103spuns lent. Diagnosticarea defec\u021biunilor implic\u0103 identificarea sursei problemei \u0219i luarea m\u0103surilor adecvate pentru remedierea acesteia. M\u0103surile preventive, cum ar fi inspec\u021bia \u0219i \u00eentre\u021binerea regulat\u0103, pot reduce posibilitatea apari\u021biei problemelor.<\/p>\n<p><img decoding=\"async\" src=\"https:\/\/www.hydraulic-cylinders.net\/wp-content\/uploads\/2025\/01\/songte-bushings-with-all-kinds-of-excavator-models.webp\"><\/p>\n<h2>Despre noi<\/h2>\n<p>Suntem un produc\u0103tor \u0219i distribuitor angro de top de cilindri hidraulici pe pie\u021bele interne \u0219i interna\u021bionale. Linia noastr\u0103 de produse este divers\u0103 \u0219i ne str\u0103duim s\u0103 ob\u021binem o calitate excelent\u0103, utiliz\u00e2nd o strategie de management al produc\u021biei bazat\u0103 pe industrializarea unor ateliere sofisticate de fabrica\u021bie. Prin utilizarea talentului tehnologic, a echipamentelor digitale de fabrica\u021bie de ultim\u0103 genera\u021bie \u0219i a unui sistem de testare profesional, continu\u0103m s\u0103 \u00eembun\u0103t\u0103\u021bim platforma de fabrica\u021bie, s\u0103 \u00eembun\u0103t\u0103\u021bim calitatea produselor \u0219i rutele de produc\u021bie \u0219i avem capacit\u0103\u021bi creative puternice. Ne propunem s\u0103 satisfacem nevoile diverse ale clien\u021bilor cu eficien\u021b\u0103 ridicat\u0103, precizie ridicat\u0103 \u0219i calitate superioar\u0103.<\/p>\n<ul>\n<li>\n<h3>Profesionalism<\/h3>\n<p>Avem o echip\u0103 de ingineri \u0219i tehnicieni profesioni\u0219ti cu o vast\u0103 experien\u021b\u0103 \u00een proiectarea \u0219i fabricarea cilindrilor hidraulici.<\/p>\n<\/li>\n<li>\n<h3>Certificare interna\u021bional\u0103<\/h3>\n<p>Cilindrii no\u0219tri hidraulici sunt certifica\u021bi ISO 9001 \u0219i CE, asigur\u00e2nd calitatea \u0219i siguran\u021ba.<\/p>\n<\/li>\n<li>\n<h3>Servicii de personalizare<\/h3>\n<p>Oferim servicii de personalizare, adapt\u00e2ndu-ne cerin\u021belor specifice ale clien\u021bilor no\u0219tri.<\/p>\n<\/li>\n<li>\n<h3>Echipamente de produc\u021bie<\/h3>\n<p>Folosim echipamente de produc\u021bie avansate, cum ar fi centre de prelucrare CNC, ma\u0219ini automate de sudur\u0103 \u0219i echipamente de tratare a suprafe\u021belor.<\/p>\n<\/li>\n<li>\n<h3>Serviciu post-v\u00e2nzare<\/h3>\n<p>Oferim servicii post-v\u00e2nzare, inclusiv \u00eentre\u021binere, repara\u021bii \u0219i \u00eenlocuire de piese, pentru a asigura satisfac\u021bia clien\u021bilor no\u0219tri.<\/p>\n<\/li>\n<\/ul>\n<p><img decoding=\"async\" src=\"https:\/\/hzpt.com\/wp-content\/uploads\/2024\/11\/songte-company-1.webp\"><\/p>\n<h3>Autor: lyl<\/h3>","protected":false},"excerpt":{"rendered":"<p>Bucket Cylinder For Zoomlion Large Excavator ZE480ESP Introduction The Bucket Cylinder for Zoomlion Large Excavator ZE480ESP is a specialized hydraulic cylinder designed to control the movement of the bucket in heavy machinery such as excavators, backhoe excavators, and front-end loaders. Its main function is to enable the bucket to lift, lower, and tilt, making it [&hellip;]<\/p>","protected":false},"featured_media":14789,"comment_status":"open","ping_status":"closed","template":"","meta":{"_et_pb_use_builder":"","_et_pb_old_content":"","_et_gb_content_width":""},"product_brand":[],"product_cat":[1494],"product_tag":[1495,1496],"class_list":{"0":"post-15507","1":"product","2":"type-product","3":"status-publish","4":"has-post-thumbnail","6":"product_cat-bucket-cylinders","7":"product_tag-bucket-cylinders","8":"product_tag-hydraulic-cylinders","10":"first","11":"instock","12":"shipping-taxable","13":"product-type-simple"},"amp_enabled":true,"_links":{"self":[{"href":"https:\/\/www.hydraulic-cylinders.net\/ro\/wp-json\/wp\/v2\/product\/15507","targetHints":{"allow":["GET"]}}],"collection":[{"href":"https:\/\/www.hydraulic-cylinders.net\/ro\/wp-json\/wp\/v2\/product"}],"about":[{"href":"https:\/\/www.hydraulic-cylinders.net\/ro\/wp-json\/wp\/v2\/types\/product"}],"replies":[{"embeddable":true,"href":"https:\/\/www.hydraulic-cylinders.net\/ro\/wp-json\/wp\/v2\/comments?post=15507"}],"wp:featuredmedia":[{"embeddable":true,"href":"https:\/\/www.hydraulic-cylinders.net\/ro\/wp-json\/wp\/v2\/media\/14789"}],"wp:attachment":[{"href":"https:\/\/www.hydraulic-cylinders.net\/ro\/wp-json\/wp\/v2\/media?parent=15507"}],"wp:term":[{"taxonomy":"product_brand","embeddable":true,"href":"https:\/\/www.hydraulic-cylinders.net\/ro\/wp-json\/wp\/v2\/product_brand?post=15507"},{"taxonomy":"product_cat","embeddable":true,"href":"https:\/\/www.hydraulic-cylinders.net\/ro\/wp-json\/wp\/v2\/product_cat?post=15507"},{"taxonomy":"product_tag","embeddable":true,"href":"https:\/\/www.hydraulic-cylinders.net\/ro\/wp-json\/wp\/v2\/product_tag?post=15507"}],"curies":[{"name":"wp","href":"https:\/\/api.w.org\/{rel}","templated":true}]}}