{"id":15510,"date":"2025-01-19T14:37:12","date_gmt":"2025-01-19T14:37:12","guid":{"rendered":"https:\/\/www.hydraulic-cylinders.net\/product\/bucket-cylinder-for-zoomlion-large-excavator-ze700esp\/"},"modified":"2025-01-19T14:37:14","modified_gmt":"2025-01-19T14:37:14","slug":"bucket-cylinder-for-zoomlion-large-excavator-ze700esp","status":"publish","type":"product","link":"https:\/\/www.hydraulic-cylinders.net\/ro\/produs\/bucket-cylinder-for-zoomlion-large-excavator-ze700esp\/","title":{"rendered":"Cilindru cup\u0103 pentru excavatorul mare Zoomlion ZE700ESP"},"content":{"rendered":"<p><!DOCTYPE html><br \/>\n<html><br \/>\n<head><br \/>\n<title>Cilindru cup\u0103 pentru excavatorul mare Zoomlion ZE700ESP<\/title><br \/>\n<\/head><br \/>\n<body><\/p>\n<h1>Cilindru cup\u0103 pentru excavatorul mare Zoomlion ZE700ESP<\/h1>\n<h2>Introducere<\/h2>\n<p>Cilindrul cupei pentru excavatorul mare Zoomlion ZE700ESP este un cilindru hidraulic special conceput, utilizat pentru a controla mi\u0219carea cupei \u00een utilaje grele, cum ar fi excavatoarele, \u00eenc\u0103rc\u0103toarele cu buldoexcavatoare \u0219i \u00eenc\u0103rc\u0103toarele frontale. Func\u021bia sa principal\u0103 este de a permite ridicarea, cobor\u00e2rea \u0219i \u00eenclinarea cupei, ceea ce o face convenabil\u0103 pentru diverse sarcini de manipulare a materialelor. \u00cen sistemul hidraulic, cilindrul cupei realizeaz\u0103 un control precis al cupei prin utilizarea schimb\u0103rilor de presiune din uleiul hidraulic, permi\u021b\u00e2nd operatorilor s\u0103 manipuleze eficient sarcini grele \u0219i s\u0103 se adapteze la medii de lucru complexe \u0219i nevoi opera\u021bionale diverse.<\/p>\n<p><img decoding=\"async\" src=\"https:\/\/www.hydraulic-cylinders.net\/wp-content\/uploads\/2025\/01\/songte-company-2.webp\" alt=\"Cilindru cu cup\u0103\"><\/p>\n<h2>Caracteristici<\/h2>\n<ul>\n<li>Rezisten\u021b\u0103 \u0219i durabilitate ridicate: De obicei, fabricate din o\u021bel sau aluminiu de \u00eenalt\u0103 rezisten\u021b\u0103, capabile s\u0103 reziste la presiuni ridicate \u0219i sarcini grele, adapt\u00e2ndu-se la medii de lucru dure \u0219i proiectate \u021bin\u00e2nd cont de rezisten\u021ba la uzur\u0103 \u0219i la coroziune pentru a-i prelungi durata de via\u021b\u0103.<\/li>\n<li>Func\u021bionare hidraulic\u0103 eficient\u0103: Utilizeaz\u0103 presiunea uleiului hidraulic pentru a ob\u021bine mi\u0219c\u0103ri line de extensie \u0219i contrac\u021bie, permi\u021b\u00e2nd un r\u0103spuns rapid la comenzile de control, oferind for\u021be puternice de \u00eempingere \u0219i tragere, potrivite pentru manipularea sarcinilor grele \u0219i a sarcinilor opera\u021bionale complexe.<\/li>\n<li>Diverse tipuri: Disponibile cu cilindri cu ac\u021biune simpl\u0103 (hidraulic\u0103 doar \u00eentr-o direc\u021bie) sau cu ac\u021biune dubl\u0103 (hidraulic\u0103 \u00een ambele direc\u021bii) pentru a satisface diferite cerin\u021be opera\u021bionale. Unele modele sunt telescopice, permi\u021b\u00e2nd o extensie mai mare f\u0103r\u0103 a cre\u0219te dimensiunile exterioare, potrivite pentru aplica\u021bii cu spa\u021biu limitat.<\/li>\n<li>\u00cenlocuitor perfect: Produsele noastre pot \u00eenlocui perfect ace\u0219ti cilindri hidraulici, oferind o alternativ\u0103 fiabil\u0103.<\/li>\n<\/ul>\n<p><img decoding=\"async\" src=\"https:\/\/www.hydraulic-cylinders.net\/wp-content\/uploads\/2025\/01\/songte-cylinder-head-with-all-kinds-excavator-models.webp\" alt=\"Imaginea produsului\"><\/p>\n<h2>Aplica\u021bii<\/h2>\n<p>Cilindrul cu cup\u0103 \u00ee\u0219i g\u0103se\u0219te aplica\u021bii \u00een diverse echipamente:<\/p>\n<ul>\n<li>Utilaje de construc\u021bii: Se g\u0103sesc \u00een excavatoare, acestea sunt esen\u021biale pentru s\u0103pare, \u00eenc\u0103rcare \u0219i mutarea solului sau a resturilor. La \u00eenc\u0103rc\u0103toarele excavatoare, cilindrul cupei ajut\u0103 at\u00e2t la excavare, c\u00e2t \u0219i la ridicare.<\/li>\n<li>Ma\u0219ini agricole: utilizate \u00een \u00eenc\u0103rc\u0103toare frontale pentru scobere, ridicare \u0219i transportul solului, f\u00e2nului \u0219i altor materiale.<\/li>\n<li>Excavatoare: Cilindrul cupei permite ac\u021biunea de s\u0103pare permi\u021b\u00e2nd cupei s\u0103 p\u0103trund\u0103 \u00een sol.<\/li>\n<li>\u00cenc\u0103rc\u0103toare: \u00cen \u00eenc\u0103rc\u0103toarele frontale, acestea ajut\u0103 la ridicarea \u0219i \u00eenclinarea eficient\u0103 a m\u0103rfurilor.<\/li>\n<\/ul>\n<h2>Considera\u021bii de proiectare \u0219i criterii de selec\u021bie<\/h2>\n<p>C\u00e2nd vine vorba de considera\u021bii de proiectare, se iau \u00een considerare factori cheie precum capacitatea portant\u0103, etan\u0219area, durabilitatea, siguran\u021ba \u0219i mentenan\u021ba:<\/p>\n<p><img decoding=\"async\" src=\"https:\/\/www.hydraulic-cylinders.net\/wp-content\/uploads\/2025\/01\/songte-oil-pipes-and-spare-parts.webp\" alt=\"Design de produs\"><\/p>\n<h2>Etan\u0219are \u0219i lubrifiere<\/h2>\n<p>Cilindrul cupei \u00eencorporeaz\u0103 diverse componente de etan\u0219are, cum ar fi etan\u0219\u0103ri de piston, etan\u0219\u0103ri de tij\u0103 etc. Aceste etan\u0219\u0103ri sunt fabricate din materiale rezistente la uzur\u0103, cum ar fi poliuretanul \u0219i cauciucul nitrilic. Corpul cilindrului \u0219i capetele filetate sunt supuse unui tratament meticulos pentru a le spori rezisten\u021ba la uzur\u0103. Lubrifierea regulat\u0103 cu ulei hidraulic adecvat este necesar\u0103 pentru a asigura o func\u021bionare f\u0103r\u0103 probleme.<\/p>\n<h2>Inspec\u021bie regulat\u0103 \u0219i \u00eentre\u021binere preventiv\u0103<\/h2>\n<p>Pentru a asigura performan\u021be optime \u0219i longevitate, se recomand\u0103 inspec\u021bii regulate \u0219i m\u0103suri de \u00eentre\u021binere preventiv\u0103:<\/p>\n<h2>Ghid de instalare a produsului<\/h2>\n<p>Instalarea corect\u0103 a cilindrului cupei este crucial\u0103 pentru performan\u021ba \u0219i siguran\u021ba acestuia:<\/p>\n<p><img decoding=\"async\" src=\"https:\/\/www.hydraulic-cylinders.net\/wp-content\/uploads\/2025\/01\/songte-chushion-collar.webp\" alt=\"Ghid de instalare\"><\/p>\n<h2>Sarcini de \u00eentre\u021binere<\/h2>\n<p>Sarcinile comune de \u00eentre\u021binere pentru cilindrul cupei includ inspec\u021bia regulat\u0103, lubrifierea corespunz\u0103toare, \u00eenlocuirea garniturilor de etan\u0219are \u0219i verific\u0103rile de calibrare:<\/p>\n<p><img decoding=\"async\" src=\"https:\/\/www.hydraulic-cylinders.net\/wp-content\/uploads\/2025\/01\/songte-bushings-with-all-kinds-of-excavator-models.webp\" alt=\"Sarcini de \u00eentre\u021binere\"><\/p>\n<h2>Considera\u021bii de siguran\u021b\u0103 \u0219i factori de mediu<\/h2>\n<p>Luarea \u00een considerare a m\u0103surilor de siguran\u021b\u0103 \u00een timpul utiliz\u0103rii cilindrului cupei este de maxim\u0103 importan\u021b\u0103. Factorii de mediu trebuie, de asemenea, lua\u021bi \u00een considerare la selectarea \u0219i operarea echipamentului.<\/p>\n<h2>Depanare \u0219i probleme frecvente<\/h2>\n<p>C\u00e2nd \u00eent\u00e2mpina\u021bi probleme cu cilindrul cupei, este esen\u021bial s\u0103 diagnostica\u021bi \u0219i s\u0103 rezolva\u021bi problemele \u00een mod eficient:<\/p>\n<p><img decoding=\"async\" src=\"https:\/\/hzpt.com\/wp-content\/uploads\/2024\/11\/songte-company-1.webp\" alt=\"Depanare \u0219i probleme frecvente\"><\/p>\n<h2>Despre compania noastr\u0103<\/h2>\n<p>Suntem produc\u0103tori de cilindri hidraulici de schimb, oferind o gam\u0103 larg\u0103 de produse. Am devenit unul dintre principalii produc\u0103tori \u0219i distribuitori angro de cilindri hidraulici at\u00e2t pe pia\u021ba intern\u0103, c\u00e2t \u0219i pe cea interna\u021bional\u0103. Compania noastr\u0103 ader\u0103 la principiile calit\u0103\u021bii excelente \u0219i ale managementului produc\u021biei industrializate, baz\u00e2ndu-se pe ateliere de fabrica\u021bie sofisticate, talente tehnice, echipamente digitale avansate de fabrica\u021bie \u0219i sisteme profesionale de testare. \u00cembun\u0103t\u0103\u021bim continuu platforma noastr\u0103 de fabrica\u021bie, perfec\u021bion\u0103m rutele de produc\u021bie a calit\u0103\u021bii produselor noastre \u0219i de\u021binem capacit\u0103\u021bi puternice de inovare. Cu eficien\u021b\u0103 ridicat\u0103, precizie \u0219i calitate, satisfacem nevoile diverse ale clien\u021bilor no\u0219tri.<\/p>\n<p><img decoding=\"async\" src=\"https:\/\/www.hydraulic-cylinders.net\/wp-content\/uploads\/2025\/01\/songte-company-3.webp\" alt=\"Imaginea companiei\"><\/p>\n<p>Compania noastr\u0103 se distinge prin:<\/p>\n<ul>\n<li>Profesionalism<\/li>\n<li>Certific\u0103ri interna\u021bionale<\/li>\n<li>Servicii de personalizare<\/li>\n<li>Echipamente de produc\u021bie<\/li>\n<li>Servicii post-v\u00e2nzare<\/li>\n<\/ul>\n<p>Autor: lyl<\/p>\n<p><\/body><br \/>\n<\/html><\/p>","protected":false},"excerpt":{"rendered":"<p>Bucket Cylinder For Zoomlion Large Excavator ZE700ESP Bucket Cylinder For Zoomlion Large Excavator ZE700ESP Introduction The bucket cylinder for Zoomlion large excavator ZE700ESP is a specially designed hydraulic cylinder used to control the movement of the bucket in heavy machinery such as excavators, backhoe loaders, and front-end loaders. Its main function is to enable the [&hellip;]<\/p>","protected":false},"featured_media":14785,"comment_status":"open","ping_status":"closed","template":"","meta":{"_et_pb_use_builder":"","_et_pb_old_content":"","_et_gb_content_width":""},"product_brand":[],"product_cat":[1494],"product_tag":[1495,1496],"class_list":{"0":"post-15510","1":"product","2":"type-product","3":"status-publish","4":"has-post-thumbnail","6":"product_cat-bucket-cylinders","7":"product_tag-bucket-cylinders","8":"product_tag-hydraulic-cylinders","10":"first","11":"instock","12":"shipping-taxable","13":"product-type-simple"},"amp_enabled":true,"_links":{"self":[{"href":"https:\/\/www.hydraulic-cylinders.net\/ro\/wp-json\/wp\/v2\/product\/15510","targetHints":{"allow":["GET"]}}],"collection":[{"href":"https:\/\/www.hydraulic-cylinders.net\/ro\/wp-json\/wp\/v2\/product"}],"about":[{"href":"https:\/\/www.hydraulic-cylinders.net\/ro\/wp-json\/wp\/v2\/types\/product"}],"replies":[{"embeddable":true,"href":"https:\/\/www.hydraulic-cylinders.net\/ro\/wp-json\/wp\/v2\/comments?post=15510"}],"wp:featuredmedia":[{"embeddable":true,"href":"https:\/\/www.hydraulic-cylinders.net\/ro\/wp-json\/wp\/v2\/media\/14785"}],"wp:attachment":[{"href":"https:\/\/www.hydraulic-cylinders.net\/ro\/wp-json\/wp\/v2\/media?parent=15510"}],"wp:term":[{"taxonomy":"product_brand","embeddable":true,"href":"https:\/\/www.hydraulic-cylinders.net\/ro\/wp-json\/wp\/v2\/product_brand?post=15510"},{"taxonomy":"product_cat","embeddable":true,"href":"https:\/\/www.hydraulic-cylinders.net\/ro\/wp-json\/wp\/v2\/product_cat?post=15510"},{"taxonomy":"product_tag","embeddable":true,"href":"https:\/\/www.hydraulic-cylinders.net\/ro\/wp-json\/wp\/v2\/product_tag?post=15510"}],"curies":[{"name":"wp","href":"https:\/\/api.w.org\/{rel}","templated":true}]}}