{"id":15518,"date":"2025-01-19T14:37:50","date_gmt":"2025-01-19T14:37:50","guid":{"rendered":"https:\/\/www.hydraulic-cylinders.net\/product\/bucket-cylinder-for-sunward-small-excavator-swe150e\/"},"modified":"2025-01-19T14:37:52","modified_gmt":"2025-01-19T14:37:52","slug":"bucket-cylinder-for-sunward-small-excavator-swe150e","status":"publish","type":"product","link":"https:\/\/www.hydraulic-cylinders.net\/ro\/produs\/bucket-cylinder-for-sunward-small-excavator-swe150e\/","title":{"rendered":"Cilindru cu cup\u0103 pentru excavatorul mic Sunward SWE150E"},"content":{"rendered":"<h1>Cilindru cu cup\u0103 pentru excavatorul mic Sunward SWE150E<\/h1>\n<h2>Introducere<\/h2>\n<p>Un cilindru al cupei este un cilindru hidraulic special conceput, utilizat \u00een principal pentru a controla mi\u0219carea cupei \u00een utilaje grele, cum ar fi excavatoarele, excavatoarele cu buldoexcavatoare \u0219i \u00eenc\u0103rc\u0103toare frontale. Func\u021bia sa principal\u0103 este de a permite ridicarea, cobor\u00e2rea \u0219i \u00eenclinarea cupei, facilit\u00e2nd manipularea diverselor materiale. \u00cen sistemul hidraulic, cilindrul cupei realizeaz\u0103 un control precis al cupei prin modific\u0103ri ale presiunii uleiului hidraulic, permi\u021b\u00e2nd operatorilor s\u0103 manipuleze eficient sarcini grele \u0219i s\u0103 se adapteze la medii de lucru complexe \u0219i nevoi opera\u021bionale diverse.<\/p>\n<p><img decoding=\"async\" src=\"https:\/\/www.hydraulic-cylinders.net\/wp-content\/uploads\/2025\/01\/songte-company-2.webp\" alt=\"Cilindru cu cup\u0103 pentru excavatorul mic Sunward SWE150E\"><\/p>\n<h2>Caracteristici<\/h2>\n<ol>\n<li><strong>Rezisten\u021b\u0103 \u0219i durabilitate ridicate:<\/strong> De obicei fabricat din o\u021bel sau aluminiu de \u00eenalt\u0103 rezisten\u021b\u0103, poate rezista la presiuni ridicate \u0219i sarcini grele, se adapteaz\u0103 la medii de lucru dure \u0219i este proiectat av\u00e2nd \u00een vedere rezisten\u021ba la uzur\u0103 \u0219i la coroziune pentru a-i prelungi durata de via\u021b\u0103.<\/li>\n<li><strong>Func\u021bionare hidraulic\u0103 eficient\u0103:<\/strong> Permite mi\u0219c\u0103ri line de extensie \u0219i contrac\u021bie prin presiunea uleiului hidraulic, r\u0103spunde rapid la comenzile de control, ofer\u0103 for\u021be puternice de \u00eempingere \u0219i tragere \u0219i este potrivit pentru manipularea sarcinilor grele \u0219i a sarcinilor opera\u021bionale complexe.<\/li>\n<li><strong>Diverse tipuri:<\/strong> Cilindrii cu ac\u021biune simpl\u0103 (utilizare hidraulic\u0103 \u00eentr-o singur\u0103 direc\u021bie) sau cu ac\u021biune dubl\u0103 (utilizare hidraulic\u0103 \u00een ambele direc\u021bii) pot fi selecta\u021bi \u00een func\u021bie de necesit\u0103\u021bi pentru a satisface diferite cerin\u021be opera\u021bionale. Unele modele sunt telescopice, permi\u021b\u00e2nd o extensie mai mare f\u0103r\u0103 a cre\u0219te dimensiunile exterioare, fiind potrivi\u021bi pentru aplica\u021bii cu spa\u021biu limitat.<\/li>\n<li><strong>Fabricat de noi:<\/strong> Produsele noastre pot \u00eenlocui perfect ace\u0219ti cilindri hidraulici.<\/li>\n<\/ol>\n<p><img decoding=\"async\" src=\"https:\/\/www.hydraulic-cylinders.net\/wp-content\/uploads\/2025\/01\/songte-cylinder-head-with-all-kinds-excavator-models.webp\" alt=\"Cilindru cu cup\u0103 pentru excavatorul mic Sunward SWE150E\"><\/p>\n<h2>Aplica\u021bii<\/h2>\n<p><strong>Echipamente de construc\u021bii:<\/strong> \u00cen excavatoare, acestea sunt esen\u021biale pentru excavare, \u00eenc\u0103rcare \u0219i mutarea solului sau a resturilor. \u00cen excavatoarele cu buldoexcavatoare, cilindrul cupei ajut\u0103 la excavare \u0219i ridicare. \u00cen \u00eenc\u0103rc\u0103toarele frontale, acestea ajut\u0103 la ridicarea \u0219i desc\u0103rcarea eficient\u0103 a \u00eenc\u0103rc\u0103turii.<\/p>\n<p><strong>Ma\u0219ini agricole:<\/strong> Folosit pentru \u00eenc\u0103rc\u0103toare frontale, pentru ridicarea, ridicarea \u0219i transportul solului, f\u00e2nului \u0219i altor materiale. La excavatoare, cilindrul cupei realizeaz\u0103 ac\u021biunea de s\u0103pare permi\u021b\u00e2nd cupei s\u0103 p\u0103trund\u0103 \u00een sol. \u00cen cazul \u00eenc\u0103rc\u0103toarelor frontale, acestea ajut\u0103 la ridicarea \u0219i \u00eenclinarea eficient\u0103 a m\u0103rfurilor.<\/p>\n<h2>Considera\u021bii de proiectare \u0219i criterii de selec\u021bie<\/h2>\n<p>\u00cen ceea ce prive\u0219te considera\u021biile de proiectare, capacitatea portant\u0103, etan\u0219area, durabilitatea, siguran\u021ba \u0219i mentenan\u021ba cilindrului cupei sunt discutate \u00een urm\u0103toarele puncte:<\/p>\n<ul>\n<li><strong>Capacitate portant\u0103:<\/strong> Cilindrul trebuie s\u0103 poat\u0103 suporta sarcina maxim\u0103 pe care o va \u00eent\u00e2lni \u00een timpul func\u021bion\u0103rii.<\/li>\n<li><strong>Etan\u0219are:<\/strong> Cilindrul trebuie proiectat cu diverse garnituri, cum ar fi garnituri de piston, garnituri de tij\u0103 etc., fabricate din materiale rezistente la uzur\u0103, cum ar fi poliuretanul \u0219i cauciucul nitrilic. Corpul cilindrului \u0219i suprafe\u021bele filetate ale cap\u0103tului sunt prelucrate fin pentru a \u00eembun\u0103t\u0103\u021bi rezisten\u021ba la uzur\u0103. Ad\u0103ugarea regulat\u0103 de ulei hidraulic adecvat este necesar\u0103 pentru lubrifiere.<\/li>\n<li><strong>Durabilitate:<\/strong> Cilindrul trebuie s\u0103 reziste rigorilor mediului de func\u021bionare \u0219i s\u0103 fie proiectat av\u00e2nd \u00een vedere rezisten\u021ba la uzur\u0103 \u0219i la coroziune pentru a-i prelungi durata de via\u021b\u0103.<\/li>\n<li><strong>Siguran\u0163\u0103:<\/strong> Cilindrul trebuie instalat \u0219i \u00eentre\u021binut corespunz\u0103tor, conform instruc\u021biunilor, pentru a preveni accidentele \u0219i a asigura siguran\u021ba operatorului.<\/li>\n<li><strong>Mentenabilitate:<\/strong> Cilindrul trebuie s\u0103 fie proiectat pentru demontare, inspec\u021bie \u0219i \u00eenlocuire u\u0219oar\u0103 a pieselor pentru a minimiza timpii de nefunc\u021bionare \u0219i a reduce costurile de \u00eentre\u021binere.<\/li>\n<\/ul>\n<p><img decoding=\"async\" src=\"https:\/\/www.hydraulic-cylinders.net\/wp-content\/uploads\/2025\/01\/songte-oil-pipes-and-spare-parts.webp\" alt=\"Cilindru cu cup\u0103 pentru excavatorul mic Sunward SWE150E\"><\/p>\n<h2>Etan\u0219are \u0219i lubrifiere<\/h2>\n<p>\u00cen cilindrul cupei se utilizeaz\u0103 diverse etan\u0219\u0103ri, cum ar fi etan\u0219\u0103rile pistonului \u0219i etan\u0219\u0103rile tijei, care sunt fabricate din materiale rezistente la uzur\u0103, cum ar fi poliuretanul \u0219i cauciucul nitrilic. Corpul cilindrului \u0219i suprafe\u021bele filetate ale cap\u0103tului sunt prelucrate fin pentru a \u00eembun\u0103t\u0103\u021bi rezisten\u021ba la uzur\u0103. Ad\u0103ugarea regulat\u0103 de ulei hidraulic adecvat este necesar\u0103 pentru lubrifiere.<\/p>\n<h2>M\u0103suri de inspec\u021bie \u0219i \u00eentre\u021binere preventiv\u0103<\/h2>\n<p>Inspec\u021bia regulat\u0103, lubrifierea corespunz\u0103toare, \u00eenlocuirea garniturii \u0219i verific\u0103rile de calibrare sunt sarcini comune de \u00eentre\u021binere. Este important s\u0103 se ofere \u00eendrum\u0103ri corecte pentru alinierea cilindrului \u00een timpul instal\u0103rii \u0219i s\u0103 se recomande utilizarea consolelor de instalare adecvate pentru fixarea cilindrului. Sunt furnizate proceduri recomandate de inspec\u021bie, reparare \u0219i \u00eenlocuire pentru a \u00eembun\u0103t\u0103\u021bi durata de via\u021b\u0103 a cilindrului cupei.<\/p>\n<p><img decoding=\"async\" src=\"https:\/\/www.hydraulic-cylinders.net\/wp-content\/uploads\/2025\/01\/songte-chushion-collar.webp\" alt=\"Cilindru cu cup\u0103 pentru excavatorul mic Sunward SWE150E\"><\/p>\n<h2>Considera\u021bii de siguran\u021b\u0103 \u0219i factori de mediu<\/h2>\n<p>Importan\u021ba m\u0103surilor de siguran\u021b\u0103 la utilizarea cilindrului cupei este subliniat\u0103 atunci c\u00e2nd se utilizeaz\u0103 cuvintele cheie. Este important s\u0103 se respecte toate instruc\u021biunile de siguran\u021b\u0103 \u0219i s\u0103 se ia m\u0103surile de precau\u021bie adecvate pentru a preveni accidentele. Factorii de mediu, cum ar fi temperatura \u0219i umiditatea, trebuie, de asemenea, lua\u021bi \u00een considerare la utilizarea cilindrului cupei pentru a asigura performan\u021be \u0219i siguran\u021b\u0103 optime.<\/p>\n<h2>Diagnosticarea \u0219i depanarea defec\u021biunilor<\/h2>\n<p>Diagnosticarea defec\u021biunilor \u0219i problemele comune legate de cilindrul cupei sunt discutate \u00een detaliu \u00een urm\u0103toarele puncte:<\/p>\n<ul>\n<li><strong>Scurgere:<\/strong> Poate ap\u0103rea din cauza uzurii sau deterior\u0103rii garniturilor sau a altor componente.<\/li>\n<li><strong>Func\u021bionare lent\u0103:<\/strong> Poate ap\u0103rea din cauza presiunii hidraulice insuficiente sau a contamin\u0103rii cu ulei.<\/li>\n<li><strong>Zgomot:<\/strong> Poate ap\u0103rea din cauza componentelor sl\u0103bite sau a alinierii necorespunz\u0103toare.<\/li>\n<\/ul>\n<p>Sunt oferite sfaturi \u0219i solu\u021bii pentru depanarea \u0219i prevenirea poten\u021bialelor probleme pentru a ajuta cititorii s\u0103 diagnosticheze \u0219i s\u0103 rezolve eficient problemele.<\/p>\n<p><img decoding=\"async\" src=\"https:\/\/www.hydraulic-cylinders.net\/wp-content\/uploads\/2025\/01\/songte-bushings-with-all-kinds-of-excavator-models.webp\" alt=\"Cilindru cu cup\u0103 pentru excavatorul mic Sunward SWE150E\"><\/p>\n<h2>Despre compania noastr\u0103<\/h2>\n<p>Suntem produc\u0103tori de cilindri hidraulici de schimb. Compania noastr\u0103 ofer\u0103 o gam\u0103 complet\u0103 de produse \u0219i a devenit unul dintre principalii produc\u0103tori \u0219i distribuitori angro de cilindri hidraulici pe pie\u021bele interne \u0219i interna\u021bionale. Urm\u0103m o strategie de calitate excelent\u0103 \u0219i ne baz\u0103m pe managementul produc\u021biei industriale \u00een ateliere de produc\u021bie de \u00eenalt\u0103 calitate. De la utilizarea talentelor tehnice, echipamente digitale de produc\u021bie de ultim\u0103 genera\u021bie, p\u00e2n\u0103 la utilizarea sistemelor profesionale de testare, continu\u0103m s\u0103 \u00eembun\u0103t\u0103\u021bim platforma de produc\u021bie a atelierului, s\u0103 \u00eembun\u0103t\u0103\u021bim linia de produc\u021bie a calit\u0103\u021bii produselor \u0219i avem capacit\u0103\u021bi creative puternice. Ne str\u0103duim s\u0103 satisfacem nevoile diverse ale clien\u021bilor cu eficien\u021b\u0103 ridicat\u0103, precizie ridicat\u0103 \u0219i principii de \u00eenalt\u0103 calitate.<\/p>\n<p><img decoding=\"async\" src=\"https:\/\/hzpt.com\/wp-content\/uploads\/2024\/11\/songte-company-1.webp\" alt=\"Cilindru cu cup\u0103 pentru excavatorul mic Sunward SWE150E\"><\/p>\n<h2>Informa\u021bii suplimentare<\/h2>\n<ul>\n<li><strong>Profesionalism:<\/strong> Compania noastr\u0103 are o echip\u0103 profesional\u0103 de design \u0219i dezvoltare, o echip\u0103 de produc\u021bie \u0219i o echip\u0103 de v\u00e2nz\u0103ri pentru a oferi clien\u021bilor produse \u0219i servicii de \u00eenalt\u0103 calitate.<\/li>\n<li><strong>Certificare interna\u021bional\u0103:<\/strong> Produsele noastre au trecut certific\u0103rile ISO, CE \u0219i alte certific\u0103ri interna\u021bionale, ceea ce dovede\u0219te calitatea \u0219i fiabilitatea produselor noastre.<\/li>\n<li><strong>Serviciu de personalizare:<\/strong> Oferim servicii personalizate pentru a satisface nevoile \u0219i cerin\u021bele individuale ale clien\u021bilor.<\/li>\n<li><strong>Echipamente de produc\u021bie:<\/strong> Compania noastr\u0103 dispune de echipamente de produc\u021bie avansate \u0219i echipamente de testare pentru a asigura produc\u021bia \u0219i calitatea produselor.<\/li>\n<li><strong>Serviciu post-v\u00e2nzare:<\/strong> Compania noastr\u0103 ofer\u0103 clien\u021bilor servicii profesionale post-v\u00e2nzare, inclusiv \u00eentre\u021binere, repara\u021bii \u0219i \u00eenlocuiri ale produselor.<\/li>\n<\/ul>\n<p>Autor: lyl<\/p>","protected":false},"excerpt":{"rendered":"<p>Bucket Cylinder For Sunward Small Excavator SWE150E Introduction A bucket cylinder is a specially designed hydraulic cylinder used primarily to control the movement of the bucket in heavy machinery such as excavators, backhoe excavators, and front-end loaders. Its main function is to enable the bucket to lift, lower, and tilt, making it easy to handle [&hellip;]<\/p>","protected":false},"featured_media":14769,"comment_status":"open","ping_status":"closed","template":"","meta":{"_et_pb_use_builder":"","_et_pb_old_content":"","_et_gb_content_width":""},"product_brand":[],"product_cat":[1494],"product_tag":[1495,1496],"class_list":{"0":"post-15518","1":"product","2":"type-product","3":"status-publish","4":"has-post-thumbnail","6":"product_cat-bucket-cylinders","7":"product_tag-bucket-cylinders","8":"product_tag-hydraulic-cylinders","10":"first","11":"instock","12":"shipping-taxable","13":"product-type-simple"},"amp_enabled":true,"_links":{"self":[{"href":"https:\/\/www.hydraulic-cylinders.net\/ro\/wp-json\/wp\/v2\/product\/15518","targetHints":{"allow":["GET"]}}],"collection":[{"href":"https:\/\/www.hydraulic-cylinders.net\/ro\/wp-json\/wp\/v2\/product"}],"about":[{"href":"https:\/\/www.hydraulic-cylinders.net\/ro\/wp-json\/wp\/v2\/types\/product"}],"replies":[{"embeddable":true,"href":"https:\/\/www.hydraulic-cylinders.net\/ro\/wp-json\/wp\/v2\/comments?post=15518"}],"wp:featuredmedia":[{"embeddable":true,"href":"https:\/\/www.hydraulic-cylinders.net\/ro\/wp-json\/wp\/v2\/media\/14769"}],"wp:attachment":[{"href":"https:\/\/www.hydraulic-cylinders.net\/ro\/wp-json\/wp\/v2\/media?parent=15518"}],"wp:term":[{"taxonomy":"product_brand","embeddable":true,"href":"https:\/\/www.hydraulic-cylinders.net\/ro\/wp-json\/wp\/v2\/product_brand?post=15518"},{"taxonomy":"product_cat","embeddable":true,"href":"https:\/\/www.hydraulic-cylinders.net\/ro\/wp-json\/wp\/v2\/product_cat?post=15518"},{"taxonomy":"product_tag","embeddable":true,"href":"https:\/\/www.hydraulic-cylinders.net\/ro\/wp-json\/wp\/v2\/product_tag?post=15518"}],"curies":[{"name":"wp","href":"https:\/\/api.w.org\/{rel}","templated":true}]}}