{"id":15521,"date":"2025-01-19T14:38:02","date_gmt":"2025-01-19T14:38:02","guid":{"rendered":"https:\/\/www.hydraulic-cylinders.net\/product\/bucket-cylinder-for-sunward-middle-excavator-swe230elr\/"},"modified":"2025-01-19T14:38:04","modified_gmt":"2025-01-19T14:38:04","slug":"bucket-cylinder-for-sunward-middle-excavator-swe230elr","status":"publish","type":"product","link":"https:\/\/www.hydraulic-cylinders.net\/ro\/produs\/bucket-cylinder-for-sunward-middle-excavator-swe230elr\/","title":{"rendered":"Cilindru cu cup\u0103 pentru excavatorul Sunward Middle SWE230ELR"},"content":{"rendered":"<p><!DOCTYPE html><br \/>\n<html><br \/>\n<head><br \/>\n<title>Cilindru cu cup\u0103 pentru excavatorul Sunward Middle SWE230ELR<\/title><br \/>\n<\/head><br \/>\n<body><\/p>\n<h1>Cilindru cu cup\u0103 pentru excavatorul Sunward Middle SWE230ELR<\/h1>\n<h2>Introducere<\/h2>\n<p>Cilindrul cupei este un cilindru hidraulic special conceput, utilizat pentru a controla mi\u0219carea cupei \u00een utilaje grele, cum ar fi excavatoarele, \u00eenc\u0103rc\u0103toarele cu excavator \u0219i \u00eenc\u0103rc\u0103toarele frontale. Func\u021bia sa principal\u0103 este de a permite ridicarea, cobor\u00e2rea \u0219i \u00eenclinarea cupei, facilit\u00e2nd diverse sarcini de manipulare a materialelor. \u00cen sistemele hidraulice, cilindrul cupei realizeaz\u0103 un control precis al cupei prin modificarea presiunii uleiului hidraulic, permi\u021b\u00e2nd operatorilor s\u0103 manipuleze eficient sarcini grele \u0219i s\u0103 se adapteze la medii de lucru complexe \u0219i cerin\u021be diverse ale lucr\u0103rilor.<\/p>\n<p><img decoding=\"async\" src=\"https:\/\/www.hydraulic-cylinders.net\/wp-content\/uploads\/2025\/01\/songte-company-2.webp\" alt=\"Imaginea cilindrului cupei\"><\/p>\n<h2>Caracteristici<\/h2>\n<ul>\n<li>Rezisten\u021b\u0103 \u0219i durabilitate ridicate: De obicei, fabricate din o\u021bel sau aluminiu de \u00eenalt\u0103 rezisten\u021b\u0103, capabile s\u0103 reziste la presiuni ridicate \u0219i sarcini grele, adapt\u00e2ndu-se la medii de lucru dure \u0219i proiectate av\u00e2nd \u00een vedere rezisten\u021ba la uzur\u0103 \u0219i la coroziune pentru a prelungi durata de via\u021b\u0103.<\/li>\n<li>Func\u021bionare hidraulic\u0103 eficient\u0103: Utilizeaz\u0103 presiunea uleiului hidraulic pentru a ob\u021bine mi\u0219c\u0103ri line de extensie \u0219i retragere, permi\u021b\u00e2nd un r\u0103spuns rapid la comenzile de control, oferind for\u021be puternice de \u00eempingere \u0219i tragere, potrivite pentru manipularea sarcinilor grele \u0219i a sarcinilor complexe.<\/li>\n<li>Diverse tipuri: Se poate alege \u00eentre cilindri cu ac\u021biune simpl\u0103 (utilizare hidraulic\u0103 \u00eentr-o singur\u0103 direc\u021bie) sau cu ac\u021biune dubl\u0103 (utilizare hidraulic\u0103 \u00een ambele direc\u021bii) \u00een func\u021bie de nevoile opera\u021bionale specifice. Unele modele sunt telescopice, permi\u021b\u00e2nd o extensie mai mare f\u0103r\u0103 a cre\u0219te dimensiunile exterioare, potrivite pentru aplica\u021bii cu spa\u021biu limitat.<\/li>\n<li>\u00cenlocuitor perfect: Produsele noastre pot \u00eenlocui perfect ace\u0219ti cilindri hidraulici.<\/li>\n<\/ul>\n<p><img decoding=\"async\" src=\"https:\/\/www.hydraulic-cylinders.net\/wp-content\/uploads\/2025\/01\/songte-cylinder-head-with-all-kinds-excavator-models.webp\" alt=\"Imagine de \u00eenlocuire a produsului\"><\/p>\n<h2>Aplica\u021bii<\/h2>\n<p>Cilindrii cu cup\u0103 sunt utiliza\u021bi pe scar\u0103 larg\u0103 \u00een diverse echipamente \u0219i industrii:<\/p>\n<ul>\n<li>Echipamente de construc\u021bii: Se g\u0103sesc \u00een excavatoare, acestea sunt esen\u021biale pentru s\u0103pare, \u00eenc\u0103rcare \u0219i mutarea solului sau a resturilor. \u00cen cazul \u00eenc\u0103rc\u0103toarelor excavatoare, cilindrii cupei ajut\u0103 at\u00e2t la excavare, c\u00e2t \u0219i la ridicare.<\/li>\n<li>Ma\u0219ini agricole: utilizate la \u00eenc\u0103rc\u0103toarele frontale pentru scobere, ridicare \u0219i transportul solului, f\u00e2nului \u0219i altor materiale.<\/li>\n<li>Excavatoare: Cilindrii cupei permit ac\u021biuni de s\u0103pare permi\u021b\u00e2nd cupei s\u0103 p\u0103trund\u0103 \u00een sol.<\/li>\n<li>\u00cenc\u0103rc\u0103toare: \u00cen cazul \u00eenc\u0103rc\u0103toarelor frontale, acestea ajut\u0103 la ridicarea \u0219i desc\u0103rcarea eficient\u0103 a m\u0103rfurilor.<\/li>\n<\/ul>\n<h2>Considera\u021bii de proiectare \u0219i criterii de selec\u021bie<\/h2>\n<p>La proiectarea \u0219i selectarea cilindrilor cupei, trebuie lua\u021bi \u00een considerare c\u00e2\u021biva factori cheie:<\/p>\n<ul>\n<li>Capacitate portant\u0103: Cilindrul trebuie s\u0103 poat\u0103 suporta sarcinile maxime pe care le va \u00eent\u00e2lni \u00een timpul func\u021bion\u0103rii.<\/li>\n<li>Etan\u0219are: Diverse componente de etan\u0219are, cum ar fi etan\u0219\u0103rile pistonului \u0219i etan\u0219\u0103rile tijei, trebuie utilizate pentru a preveni scurgerile de fluid \u0219i a asigura o func\u021bionare fiabil\u0103.<\/li>\n<li>Durabilitate: Cilindrul trebuie proiectat \u0219i fabricat cu materiale \u0219i acoperiri care pot rezista la uzur\u0103 \u0219i coroziune, asigur\u00e2nd o durat\u0103 lung\u0103 de via\u021b\u0103.<\/li>\n<li>Siguran\u021b\u0103: Trebuie \u00eencorporate elemente de siguran\u021b\u0103, cum ar fi supapele de suprapresiune \u0219i sistemele de oprire de urgen\u021b\u0103, pentru a proteja at\u00e2t operatorii, c\u00e2t \u0219i echipamentele.<\/li>\n<li>\u00centre\u021binere: Accesul facil pentru \u00eentre\u021binere \u0219i repara\u021bii, precum \u0219i disponibilitatea pieselor de schimb, trebuie luate \u00een considerare pentru a reduce la minimum timpul de nefunc\u021bionare.<\/li>\n<\/ul>\n<p><img decoding=\"async\" src=\"https:\/\/www.hydraulic-cylinders.net\/wp-content\/uploads\/2025\/01\/songte-oil-pipes-and-spare-parts.webp\" alt=\"Imagine de etan\u0219are \u0219i piese de schimb\"><\/p>\n<h2>Etan\u0219are \u0219i lubrifiere<\/h2>\n<p>Pentru a asigura o etan\u0219are \u0219i o lubrifiere corespunz\u0103toare, se utilizeaz\u0103 diverse componente de etan\u0219are, cum ar fi etan\u0219\u0103rile pistonului \u0219i etan\u0219\u0103rile tijei. Aceste etan\u0219\u0103ri sunt fabricate din materiale rezistente la uzur\u0103, cum ar fi poliuretanul \u0219i cauciucul nitrilic. Corpul cilindrului \u0219i capetele filetate sunt tratate fin pentru a \u00eembun\u0103t\u0103\u021bi rezisten\u021ba la uzur\u0103. Lubrifierea regulat\u0103 cu ulei hidraulic adecvat este necesar\u0103 pentru a asigura o func\u021bionare f\u0103r\u0103 probleme.<\/p>\n<h2>Inspec\u021bie regulat\u0103 \u0219i \u00eentre\u021binere preventiv\u0103<\/h2>\n<p>Pentru a men\u021bine performan\u021ba optim\u0103 a cilindrului cupei, se recomand\u0103 inspec\u021bia regulat\u0103 \u0219i \u00eentre\u021binerea preventiv\u0103:<\/p>\n<ul>\n<li>Inspecta\u021bi toate componentele pentru a depista semne de uzur\u0103 sau deteriorare.<\/li>\n<li>Lubrifia\u021bi corespunz\u0103tor toate piesele mobile.<\/li>\n<li>\u00cenlocui\u021bi regulat garniturile uzate sau deteriorate.<\/li>\n<li>Efectua\u021bi verific\u0103ri de calibrare pentru a asigura o func\u021bionare corect\u0103.<\/li>\n<\/ul>\n<h2>Ghid de instalare<\/h2>\n<p>Instalarea corect\u0103 este crucial\u0103 pentru func\u021bionarea corect\u0103 a cilindrului cupei. Urma\u021bi aceste instruc\u021biuni:<\/p>\n<ul>\n<li>Asigura\u021bi alinierea corect\u0103 a cilindrului.<\/li>\n<li>Folosi\u021bi consolele de instalare adecvate pentru a fixa cilindrul.<\/li>\n<li>Urma\u021bi procedurile recomandate de inspec\u021bie, reparare \u0219i \u00eenlocuire.<\/li>\n<li>Oferim servicii de reconstruc\u021bie \u0219i piese de schimb pentru a prelungi durata de via\u021b\u0103 a cilindrului cupei.<\/li>\n<\/ul>\n<p><img decoding=\"async\" src=\"https:\/\/www.hydraulic-cylinders.net\/wp-content\/uploads\/2025\/01\/songte-chushion-collar.webp\" alt=\"Ghid de instalare - Imagine\"><\/p>\n<h2>Considera\u021bii de siguran\u021b\u0103 \u0219i factori de mediu<\/h2>\n<p>Atunci c\u00e2nd se lucreaz\u0103 cu cilindri de excavare, m\u0103surile de siguran\u021b\u0103 sunt de maxim\u0103 importan\u021b\u0103. Instruirea adecvat\u0103, respectarea protocoalelor de siguran\u021b\u0103 \u0219i utilizarea echipamentului de protec\u021bie sunt esen\u021biale pentru a preveni accidentele \u0219i a asigura un mediu de lucru sigur.<\/p>\n<h2>Diagnosticarea \u0219i depanarea defec\u021biunilor<\/h2>\n<p>\u00cen cazul oric\u0103ror probleme, este important s\u0103 diagnostica\u021bi \u0219i s\u0103 depana\u021bi eficient problema. Iat\u0103 c\u00e2teva probleme frecvente \u0219i solu\u021biile acestora:<\/p>\n<ul>\n<li>Problem\u0103: Scurgere din cilindru. Solu\u021bie: Verifica\u021bi \u0219i \u00eenlocui\u021bi garniturile uzate sau deteriorate.<\/li>\n<li>Problem\u0103: Cilindrul nu se extinde sau nu se retrage corect. Solu\u021bie: Verifica\u021bi dac\u0103 exist\u0103 blocaje \u00een conductele hidraulice sau presiune hidraulic\u0103 insuficient\u0103. \u00cendep\u0103rta\u021bi blocajele sau remedia\u021bi problemele de presiune.<\/li>\n<li>Problem\u0103: Zgomot sau vibra\u021bii excesive \u00een timpul func\u021bion\u0103rii. Solu\u021bie: Verifica\u021bi \u0219i str\u00e2nge\u021bi conexiunile sl\u0103bite sau componentele deteriorate.<\/li>\n<\/ul>\n<p><img decoding=\"async\" src=\"https:\/\/www.hydraulic-cylinders.net\/wp-content\/uploads\/2025\/01\/songte-bushings-with-all-kinds-of-excavator-models.webp\" alt=\"Depanarea erorilor de imagine\"><\/p>\n<h2>Despre compania noastr\u0103<\/h2>\n<p>Suntem un produc\u0103tor \u0219i distribuitor angro de top de cilindri hidraulici, specializa\u021bi \u00een cilindri de schimb. Compania noastr\u0103 ofer\u0103 o gam\u0103 larg\u0103 de produse \u0219i a devenit unul dintre principalii produc\u0103tori \u0219i distribuitori pe pie\u021bele interne \u0219i interna\u021bionale. Prioritiz\u0103m excelen\u021ba \u00een calitate \u0219i utiliz\u0103m strategii industrializate de management al produc\u021biei \u00een atelierele noastre sofisticate de fabrica\u021bie. Cu echipa noastr\u0103 de exper\u021bi tehnici, echipamente avansate de fabrica\u021bie \u0219i sisteme profesionale de testare, \u00eembun\u0103t\u0103\u021bim continuu platforma noastr\u0103 de fabrica\u021bie \u0219i rutele de produc\u021bie a calit\u0103\u021bii produselor, asigur\u00e2nd o eficien\u021b\u0103 ridicat\u0103, precizie \u0219i calitate pentru a satisface nevoile diverse ale clien\u021bilor no\u0219tri.<\/p>\n<p><img decoding=\"async\" src=\"https:\/\/www.hydraulic-cylinders.net\/wp-content\/uploads\/2025\/01\/songte-company-3.webp\" alt=\"Imaginea companiei\"><\/p>\n<h3>De ce s\u0103 ne alege\u021bi pe noi?<\/h3>\n<ul>\n<li>Profesionalism: Avem expertiza \u0219i experien\u021ba \u00een produc\u021bia de cilindri hidraulici.<\/li>\n<li>Certific\u0103ri interna\u021bionale: Produsele noastre \u00eendeplinesc standardele \u0219i certific\u0103rile interna\u021bionale de calitate.<\/li>\n<li>Servicii de personalizare: Oferim solu\u021bii personalizate pentru a satisface cerin\u021be specifice.<\/li>\n<li>Echipamente de produc\u021bie de ultim\u0103 genera\u021bie: Folosim echipamente de produc\u021bie avansate pentru o produc\u021bie de \u00eenalt\u0103 calitate.<\/li>\n<li>Serviciu post-v\u00e2nzare: Oferim asisten\u021b\u0103 \u0219i suport post-v\u00e2nzare excelente.<\/li>\n<\/ul>\n<p><\/body><br \/>\n<\/html><br \/>\n<!-- Author: lyl. --><\/p>","protected":false},"excerpt":{"rendered":"<p>Bucket Cylinder For Sunward Middle Excavator SWE230ELR Bucket Cylinder For Sunward Middle Excavator SWE230ELR Introduction The bucket cylinder is a specially designed hydraulic cylinder used to control the movement of the bucket in heavy machinery such as excavators, backhoe loaders, and front loaders. Its main function is to allow the bucket to lift, lower, and [&hellip;]<\/p>","protected":false},"featured_media":14761,"comment_status":"open","ping_status":"closed","template":"","meta":{"_et_pb_use_builder":"","_et_pb_old_content":"","_et_gb_content_width":""},"product_brand":[],"product_cat":[1494],"product_tag":[1495,1496],"class_list":{"0":"post-15521","1":"product","2":"type-product","3":"status-publish","4":"has-post-thumbnail","6":"product_cat-bucket-cylinders","7":"product_tag-bucket-cylinders","8":"product_tag-hydraulic-cylinders","10":"first","11":"instock","12":"shipping-taxable","13":"product-type-simple"},"amp_enabled":true,"_links":{"self":[{"href":"https:\/\/www.hydraulic-cylinders.net\/ro\/wp-json\/wp\/v2\/product\/15521","targetHints":{"allow":["GET"]}}],"collection":[{"href":"https:\/\/www.hydraulic-cylinders.net\/ro\/wp-json\/wp\/v2\/product"}],"about":[{"href":"https:\/\/www.hydraulic-cylinders.net\/ro\/wp-json\/wp\/v2\/types\/product"}],"replies":[{"embeddable":true,"href":"https:\/\/www.hydraulic-cylinders.net\/ro\/wp-json\/wp\/v2\/comments?post=15521"}],"wp:featuredmedia":[{"embeddable":true,"href":"https:\/\/www.hydraulic-cylinders.net\/ro\/wp-json\/wp\/v2\/media\/14761"}],"wp:attachment":[{"href":"https:\/\/www.hydraulic-cylinders.net\/ro\/wp-json\/wp\/v2\/media?parent=15521"}],"wp:term":[{"taxonomy":"product_brand","embeddable":true,"href":"https:\/\/www.hydraulic-cylinders.net\/ro\/wp-json\/wp\/v2\/product_brand?post=15521"},{"taxonomy":"product_cat","embeddable":true,"href":"https:\/\/www.hydraulic-cylinders.net\/ro\/wp-json\/wp\/v2\/product_cat?post=15521"},{"taxonomy":"product_tag","embeddable":true,"href":"https:\/\/www.hydraulic-cylinders.net\/ro\/wp-json\/wp\/v2\/product_tag?post=15521"}],"curies":[{"name":"wp","href":"https:\/\/api.w.org\/{rel}","templated":true}]}}