{"id":15524,"date":"2025-01-19T14:38:15","date_gmt":"2025-01-19T14:38:15","guid":{"rendered":"https:\/\/www.hydraulic-cylinders.net\/product\/bucket-cylinder-for-sunward-middle-excavator-swe260elr\/"},"modified":"2025-01-19T14:38:17","modified_gmt":"2025-01-19T14:38:17","slug":"bucket-cylinder-for-sunward-middle-excavator-swe260elr","status":"publish","type":"product","link":"https:\/\/www.hydraulic-cylinders.net\/ro\/produs\/bucket-cylinder-for-sunward-middle-excavator-swe260elr\/","title":{"rendered":"Cilindru cu cup\u0103 pentru excavatorul Sunward Middle SWE260ELR"},"content":{"rendered":"<h1>Cilindru cu cup\u0103 pentru excavatorul Sunward Middle SWE260ELR<\/h1>\n<h2>Introducere<\/h2>\n<p>Un cilindru hidraulic pentru excavatorul Sunward SWE260ELR este un cilindru hidraulic special conceput care controleaz\u0103 mi\u0219carea cupei \u00een utilaje grele, cum ar fi excavatoarele, \u00eenc\u0103rc\u0103toarele excavatoare \u0219i \u00eenc\u0103rc\u0103toare frontale. Func\u021bia sa principal\u0103 este de a permite ridicarea, cobor\u00e2rea \u0219i \u00eenclinarea cupei, ceea ce o face convenabil\u0103 pentru diverse sarcini de manipulare a materialelor. \u00centr-un sistem hidraulic, cilindrul cupei realizeaz\u0103 un control precis al cupei prin utilizarea schimb\u0103rilor de presiune din uleiul hidraulic, permi\u021b\u00e2nd operatorilor s\u0103 manipuleze eficient sarcini grele \u0219i s\u0103 se adapteze la medii de lucru complexe \u0219i cerin\u021be diverse ale lucr\u0103rilor.<\/p>\n<p><img decoding=\"async\" src=\"https:\/\/www.hydraulic-cylinders.net\/wp-content\/uploads\/2025\/01\/songte-company-2.webp\" alt=\"Imaginea cilindrului cupei\"><\/p>\n<h2>Caracteristici<\/h2>\n<ul>\n<li><strong>Rezisten\u021b\u0103 \u0219i durabilitate ridicate:<\/strong> Fabricat de obicei din o\u021bel sau aluminiu de \u00eenalt\u0103 rezisten\u021b\u0103, cilindrul cupei poate rezista la presiuni ridicate \u0219i sarcini grele, adapt\u00e2ndu-se la condi\u021bii dure de lucru. Designul s\u0103u ia \u00een considerare rezisten\u021ba la uzur\u0103 \u0219i la coroziune, prelungindu-i durata de via\u021b\u0103.<\/li>\n<li><strong>Func\u021bionare hidraulic\u0103 eficient\u0103:<\/strong> Prin utilizarea presiunii uleiului hidraulic, cilindrul cupei realizeaz\u0103 mi\u0219c\u0103ri line de extensie \u0219i retragere, permi\u021b\u00e2nd un r\u0103spuns rapid la comenzile de control \u0219i oferind for\u021be puternice de \u00eempingere \u0219i tragere. Este potrivit pentru manipularea sarcinilor grele \u0219i a sarcinilor opera\u021bionale complexe.<\/li>\n<li><strong>Mai multe tipuri:<\/strong> Cilindrul cupei poate fi selectat ca cilindru cu ac\u021biune simpl\u0103 (utilizare hidraulic\u0103 \u00eentr-o singur\u0103 direc\u021bie) sau cu ac\u021biune dubl\u0103 (utilizare hidraulic\u0103 \u00een ambele direc\u021bii), \u00een func\u021bie de cerin\u021be, r\u0103spunz\u00e2nd diferitelor nevoi opera\u021bionale. Unele modele sunt telescopice, permi\u021b\u00e2nd o extensie mai mare f\u0103r\u0103 a cre\u0219te dimensiunile exterioare, fiind potrivite pentru aplica\u021bii cu spa\u021biu limitat.<\/li>\n<\/ul>\n<p><img decoding=\"async\" src=\"https:\/\/www.hydraulic-cylinders.net\/wp-content\/uploads\/2025\/01\/songte-cylinder-head-with-all-kinds-excavator-models.webp\" alt=\"Imaginea produsului\"><\/p>\n<h2>Aplica\u021bii<\/h2>\n<p>Cilindrul cu cup\u0103 \u00ee\u0219i g\u0103se\u0219te aplica\u021biile \u00een diverse echipamente:<\/p>\n<ul>\n<li><strong>Echipamente de construc\u021bii:<\/strong> G\u0103site \u00een excavatoare, acestea sunt esen\u021biale pentru excavare, \u00eenc\u0103rcare \u0219i mutarea solului sau a resturilor. La \u00eenc\u0103rc\u0103toarele excavatoare, cilindrul cupei ajut\u0103 at\u00e2t la s\u0103pare, c\u00e2t \u0219i la ridicare.<\/li>\n<li><strong>Ma\u0219ini agricole:<\/strong> Folosit la \u00eenc\u0103rc\u0103toarele frontale pentru scobere, ridicare \u0219i transportul solului, f\u00e2nului \u0219i altor materiale.<\/li>\n<li><strong>Excavatoare:<\/strong> Cilindrul cupei permite ac\u021biunile de s\u0103pare permi\u021b\u00e2nd cupei s\u0103 p\u0103trund\u0103 \u00een sol.<\/li>\n<li><strong>\u00cenc\u0103rc\u0103toare frontale:<\/strong> La \u00eenc\u0103rc\u0103toarele frontale, acestea ajut\u0103 la desc\u0103rcarea \u0219i \u00eenclinarea eficient\u0103 a \u00eenc\u0103rc\u0103turii.<\/li>\n<\/ul>\n<h2>Considera\u021bii de proiectare \u0219i criterii de selec\u021bie<\/h2>\n<p>La proiectarea cilindrilor pentru cupe, se iau \u00een considerare mai mul\u021bi factori cheie:<\/p>\n<ul>\n<li><strong>Capacitate portant\u0103:<\/strong> Cilindrul trebuie s\u0103 fie proiectat pentru a rezista la sarcinile \u0219i for\u021bele anticipate la care va fi supus \u00een timpul func\u021bion\u0103rii.<\/li>\n<li><strong>Etan\u0219are:<\/strong> Diverse componente de etan\u0219are, cum ar fi etan\u0219\u0103rile pistonului \u0219i etan\u0219\u0103rile tijei, sunt utilizate pentru a asigura re\u021binerea fluidului hidraulic \u0219i a preveni scurgerile.<\/li>\n<li><strong>Durabilitate:<\/strong> Materialele \u0219i tratamentul suprafe\u021bei cilindrului sunt atent alese pentru a spori rezisten\u021ba la uzur\u0103 \u0219i longevitatea.<\/li>\n<li><strong>Siguran\u0163\u0103:<\/strong> Pentru a asigura o func\u021bionare \u00een siguran\u021b\u0103, pot fi \u00eencorporate caracteristici de siguran\u021b\u0103, cum ar fi supapele de suprapresiune \u0219i sistemele de oprire de urgen\u021b\u0103.<\/li>\n<li><strong>Mentenabilitate:<\/strong> Se iau \u00een considerare aspectele de proiectare pentru a facilita \u00eentre\u021binerea \u0219i repararea, permi\u021b\u00e2nd u\u0219urin\u021ba \u00eenlocuirii componentelor.<\/li>\n<\/ul>\n<p><img decoding=\"async\" src=\"https:\/\/www.hydraulic-cylinders.net\/wp-content\/uploads\/2025\/01\/songte-oil-pipes-and-spare-parts.webp\" alt=\"Imaginea produsului\"><\/p>\n<h2>Etan\u0219are \u0219i lubrifiere<\/h2>\n<p>Cilindrul cupei utilizeaz\u0103 diverse componente de etan\u0219are, cum ar fi etan\u0219\u0103rile pistonului \u0219i etan\u0219\u0103rile tijei, care sunt fabricate din materiale rezistente la uzur\u0103, cum ar fi poliuretanul \u0219i cauciucul nitrilic. Corpul cilindrului \u0219i capetele filetate sunt supuse unui tratament fin de suprafa\u021b\u0103 pentru a spori rezisten\u021ba la uzur\u0103. Lubrifierea regulat\u0103 cu ulei hidraulic adecvat este necesar\u0103 pentru a asigura o func\u021bionare lin\u0103 \u0219i a prelungi durata de via\u021b\u0103 a cilindrului.<\/p>\n<h2>Inspec\u021bie regulat\u0103 \u0219i \u00eentre\u021binere preventiv\u0103<\/h2>\n<p>Pentru a men\u021bine performan\u021ba optim\u0103 \u0219i a preveni poten\u021bialele probleme, trebuie luate urm\u0103toarele m\u0103suri:<\/p>\n<ul>\n<li>Inspecta\u021bi periodic cilindrul pentru a depista orice semne de uzur\u0103, scurgeri sau deteriorare.<\/li>\n<li>Asigura\u021bi o lubrifiere corespunz\u0103toare conform recomand\u0103rilor produc\u0103torului.<\/li>\n<li>\u00cenlocui\u021bi periodic garniturile uzate \u0219i verifica\u021bi alinierea corect\u0103.<\/li>\n<\/ul>\n<h2>Ghid de instalare a produsului<\/h2>\n<p>Urma\u021bi ace\u0219ti pa\u0219i pentru o instalare corect\u0103:<\/p>\n<ol>\n<li>Asigura\u021bi-v\u0103 c\u0103 cilindrul este aliniat corect \u00een timpul instal\u0103rii.<\/li>\n<li>Folosi\u021bi consolele de instalare adecvate pentru a fixa cilindrul.<\/li>\n<\/ol>\n<p><img decoding=\"async\" src=\"https:\/\/www.hydraulic-cylinders.net\/wp-content\/uploads\/2025\/01\/songte-chushion-collar.webp\" alt=\"Imaginea produsului\"><\/p>\n<h2>Sarcini de \u00eentre\u021binere<\/h2>\n<p>Sarcinile comune de \u00eentre\u021binere includ:<\/p>\n<ul>\n<li>Inspec\u021bia regulat\u0103 a cilindrului.<\/li>\n<li>Lubrifiere adecvat\u0103.<\/li>\n<li>\u00cenlocuirea garniturii.<\/li>\n<li>Verific\u0103ri de calibrare.<\/li>\n<\/ul>\n<p>Instalarea, lubrifierea \u0219i reglarea corect\u0103 joac\u0103 un rol crucial \u00een maximizarea duratei de via\u021b\u0103 a cilindrului. Furnizarea de \u00eendrum\u0103ri precise privind alinierea cilindrului \u00een timpul instal\u0103rii \u0219i recomandarea utiliz\u0103rii unor suporturi de montare adecvate pot ajuta la asigurarea performan\u021bei acestuia. Ar trebui furnizate procedurile recomandate de inspec\u021bie, reparare \u0219i \u00eenlocuire, \u00eempreun\u0103 cu sfaturi pentru prelungirea duratei de via\u021b\u0103 a cilindrului.<\/p>\n<p><img decoding=\"async\" src=\"https:\/\/www.hydraulic-cylinders.net\/wp-content\/uploads\/2025\/01\/songte-bushings-with-all-kinds-of-excavator-models.webp\" alt=\"Imaginea produsului\"><\/p>\n<h2>Considera\u021bii de siguran\u021b\u0103 \u0219i factori de mediu<\/h2>\n<p>C\u00e2nd se utilizeaz\u0103 cilindrul cupei, implementarea m\u0103surilor de siguran\u021b\u0103 este esen\u021bial\u0103 pentru a preveni accidentele \u0219i a asigura protec\u021bia operatorului.<\/p>\n<h2>Diagnosticarea defec\u021biunilor \u0219i probleme frecvente<\/h2>\n<p>C\u00e2teva probleme frecvente \u0219i sfaturi de depanare includ:<\/p>\n<ul>\n<li>Identificarea \u0219i rezolvarea problemelor de scurgeri.<\/li>\n<li>Depanarea mi\u0219c\u0103rilor lente sau sacadate ale cilindrilor.<\/li>\n<\/ul>\n<p>Oferirea de \u00eendrum\u0103ri \u0219i solu\u021bii pentru o diagnosticare \u0219i o rezolvare eficient\u0103 a problemelor, \u00eempreun\u0103 cu m\u0103suri preventive pentru a minimiza poten\u021bialele probleme, este important\u0103.<\/p>\n<p><img decoding=\"async\" src=\"https:\/\/www.hydraulic-cylinders.net\/wp-content\/uploads\/2025\/01\/songte-company-1.webp\" alt=\"Imaginea produsului\"><\/p>\n<h2>Despre compania noastr\u0103<\/h2>\n<p>\u00cen compania noastr\u0103, suntem produc\u0103tori de cilindri hidraulici de schimb. Oferim o gam\u0103 larg\u0103 de produse \u0219i am devenit unul dintre principalii produc\u0103tori \u0219i distribuitori angro de cilindri hidraulici pe pie\u021bele interne \u0219i interna\u021bionale. Ader\u0103m la principiile excelen\u021bei \u0219i ne baz\u0103m pe strategii de management al produc\u021biei industriale \u00een atelierele noastre de produc\u021bie fin echipate. Concentr\u00e2ndu-ne pe talentul tehnologic, echipamentele de produc\u021bie avansate \u0219i sistemele profesionale de testare, \u00eembun\u0103t\u0103\u021bim continuu platforma noastr\u0103 de produc\u021bie \u0219i rutele de produc\u021bie a calit\u0103\u021bii produselor. Avem o capacitate puternic\u0103 de a crea, satisf\u0103c\u00e2nd diversele nevoi ale clien\u021bilor cu eficien\u021b\u0103, precizie \u0219i calitate ridicate.<\/p>\n<p><img decoding=\"async\" src=\"https:\/\/www.hydraulic-cylinders.net\/wp-content\/uploads\/2025\/01\/songte-company-3.webp\" alt=\"Imaginea produsului\"><\/p>\n<h2>Punctele noastre forte<\/h2>\n<ul>\n<li><strong>Profesionalism:<\/strong> Avem o echip\u0103 de exper\u021bi dedica\u021bi furniz\u0103rii de cilindri hidraulici de \u00eenalt\u0103 calitate.<\/li>\n<li><strong>Certific\u0103ri interna\u021bionale:<\/strong> Produsele noastre \u00eendeplinesc standarde \u0219i certific\u0103ri interna\u021bionale riguroase.<\/li>\n<li><strong>Servicii de personalizare:<\/strong> Oferim solu\u021bii personalizate, adaptate cerin\u021belor specifice ale clien\u021bilor.<\/li>\n<li><strong>Echipamente de produc\u021bie:<\/strong> Compania noastr\u0103 este dotat\u0103 cu echipamente de produc\u021bie avansate.<\/li>\n<li><strong>Servicii post-v\u00e2nzare:<\/strong> Oferim servicii post-v\u00e2nzare fiabile, asigur\u00e2nd satisfac\u021bia clien\u021bilor.<\/li>\n<\/ul>\n<p>Autor: lyl<\/p>","protected":false},"excerpt":{"rendered":"<p>Bucket Cylinder For Sunward Middle Excavator SWE260ELR Introduction A bucket cylinder for Sunward middle excavator SWE260ELR is a specially designed hydraulic cylinder that controls the movement of the bucket in heavy machinery such as excavators, backhoe loaders, and wheel loaders. Its main function is to enable the lifting, lowering, and tilting of the bucket, making [&hellip;]<\/p>","protected":false},"featured_media":14787,"comment_status":"open","ping_status":"closed","template":"","meta":{"_et_pb_use_builder":"","_et_pb_old_content":"","_et_gb_content_width":""},"product_brand":[],"product_cat":[1494],"product_tag":[1495,1496],"class_list":{"0":"post-15524","1":"product","2":"type-product","3":"status-publish","4":"has-post-thumbnail","6":"product_cat-bucket-cylinders","7":"product_tag-bucket-cylinders","8":"product_tag-hydraulic-cylinders","10":"first","11":"instock","12":"shipping-taxable","13":"product-type-simple"},"amp_enabled":true,"_links":{"self":[{"href":"https:\/\/www.hydraulic-cylinders.net\/ro\/wp-json\/wp\/v2\/product\/15524","targetHints":{"allow":["GET"]}}],"collection":[{"href":"https:\/\/www.hydraulic-cylinders.net\/ro\/wp-json\/wp\/v2\/product"}],"about":[{"href":"https:\/\/www.hydraulic-cylinders.net\/ro\/wp-json\/wp\/v2\/types\/product"}],"replies":[{"embeddable":true,"href":"https:\/\/www.hydraulic-cylinders.net\/ro\/wp-json\/wp\/v2\/comments?post=15524"}],"wp:featuredmedia":[{"embeddable":true,"href":"https:\/\/www.hydraulic-cylinders.net\/ro\/wp-json\/wp\/v2\/media\/14787"}],"wp:attachment":[{"href":"https:\/\/www.hydraulic-cylinders.net\/ro\/wp-json\/wp\/v2\/media?parent=15524"}],"wp:term":[{"taxonomy":"product_brand","embeddable":true,"href":"https:\/\/www.hydraulic-cylinders.net\/ro\/wp-json\/wp\/v2\/product_brand?post=15524"},{"taxonomy":"product_cat","embeddable":true,"href":"https:\/\/www.hydraulic-cylinders.net\/ro\/wp-json\/wp\/v2\/product_cat?post=15524"},{"taxonomy":"product_tag","embeddable":true,"href":"https:\/\/www.hydraulic-cylinders.net\/ro\/wp-json\/wp\/v2\/product_tag?post=15524"}],"curies":[{"name":"wp","href":"https:\/\/api.w.org\/{rel}","templated":true}]}}