{"id":15528,"date":"2025-01-19T14:38:30","date_gmt":"2025-01-19T14:38:30","guid":{"rendered":"https:\/\/www.hydraulic-cylinders.net\/product\/bucket-cylinder-for-sunward-large-excavator-swe470e\/"},"modified":"2025-01-19T14:38:32","modified_gmt":"2025-01-19T14:38:32","slug":"bucket-cylinder-for-sunward-large-excavator-swe470e","status":"publish","type":"product","link":"https:\/\/www.hydraulic-cylinders.net\/ro\/produs\/bucket-cylinder-for-sunward-large-excavator-swe470e\/","title":{"rendered":"Cilindru cu cup\u0103 pentru excavatorul mare Sunward SWE470E"},"content":{"rendered":"<h1>Cilindru cu cup\u0103 pentru excavatorul mare Sunward SWE470E<\/h1>\n<h2>Introducere<\/h2>\n<p>Un cilindru hidraulic al cupei este un tip de cilindru hidraulic conceput special pentru a controla mi\u0219carea cupei \u00een utilaje grele, cum ar fi excavatoarele, excavatoarele \u0219i \u00eenc\u0103rc\u0103toarele frontale. Func\u021bia sa principal\u0103 este de a permite ridicarea, cobor\u00e2rea \u0219i \u00eenclinarea cupei, facilit\u00e2nd gestionarea diverselor sarcini de manipulare a materialelor. \u00centr-un sistem hidraulic, cilindrul cupei realizeaz\u0103 un control precis al cupei prin modific\u0103ri ale presiunii uleiului hidraulic, permi\u021b\u00e2nd operatorilor s\u0103 manipuleze eficient sarcini grele \u0219i s\u0103 se adapteze la medii de lucru complexe \u0219i nevoi opera\u021bionale diverse.<\/p>\n<p><img decoding=\"async\" src=\"https:\/\/www.hydraulic-cylinders.net\/wp-content\/uploads\/2025\/01\/songte-company-2.webp\"><\/p>\n<h3>Caracteristici<\/h3>\n<ul>\n<li><strong>Rezisten\u021b\u0103 \u0219i durabilitate ridicate:<\/strong> De obicei fabrica\u021bi din o\u021bel sau aluminiu de \u00eenalt\u0103 rezisten\u021b\u0103, cilindrii cu cup\u0103 pot rezista la presiuni ridicate \u0219i sarcini grele, se adapteaz\u0103 la medii de lucru dure \u0219i sunt proiecta\u021bi cu rezisten\u021b\u0103 la abraziune \u0219i coroziune pentru a le prelungi durata de via\u021b\u0103.<\/li>\n<li><strong>Func\u021bionare hidraulic\u0103 eficient\u0103:<\/strong> Folosind presiunea uleiului hidraulic pentru a ob\u021bine o ac\u021biune lin\u0103 de extensie \u0219i contrac\u021bie, cilindrul poate r\u0103spunde rapid la comenzile de operare, oferind for\u021be puternice de \u00eempingere \u0219i tragere, potrivite pentru manipularea sarcinilor grele \u0219i a sarcinilor opera\u021bionale complexe.<\/li>\n<li><strong>O gam\u0103 larg\u0103 de tipuri:<\/strong> Cilindrii cupei sunt disponibili \u00een variante cu ac\u021biune simpl\u0103 (hidraulic utilizat \u00eentr-o singur\u0103 direc\u021bie) sau cu ac\u021biune dubl\u0103 (hidraulic utilizat \u00een dou\u0103 direc\u021bii) pentru a satisface diferite nevoi opera\u021bionale. Unele modele sunt telescopice, permi\u021b\u00e2nd o extensie mai mare f\u0103r\u0103 a cre\u0219te dimensiunile exterioare, ceea ce le face ideale pentru aplica\u021bii cu spa\u021biu limitat.<\/li>\n<\/ul>\n<p>Putem produce \u0219i oferi \u00eenlocuiri perfecte pentru ace\u0219ti cilindri hidraulici. Produsul nostru poate fi personalizat \u00een func\u021bie de nevoile \u0219i specifica\u021biile clientului.<\/p>\n<p><img decoding=\"async\" src=\"https:\/\/www.hydraulic-cylinders.net\/wp-content\/uploads\/2025\/01\/songte-cylinder-head-with-all-kinds-excavator-models.webp\"><\/p>\n<h2>Aplica\u021bii<\/h2>\n<p>Cilindrii cupei sunt utiliza\u021bi pe scar\u0103 larg\u0103 \u00een echipamentele de construc\u021bii, utilajele agricole, excavatoarele \u0219i \u00eenc\u0103rc\u0103toarele frontale. Sunt esen\u021biali pentru s\u0103pare, \u00eenc\u0103rcare \u0219i mutarea solului sau a resturilor. La \u00eenc\u0103rc\u0103toarele cu excavator, cilindrul cupei ajut\u0103 la s\u0103pare \u0219i ridicare. La \u00eenc\u0103rc\u0103toarele frontale, ace\u0219tia ajut\u0103 la ridicarea \u0219i \u00eenclinarea eficient\u0103 a sarcinilor.<\/p>\n<p>Urm\u0103toarele sunt c\u00e2teva dintre domeniile lor de aplicare:<\/p>\n<ul>\n<li><strong>Echipamente de construc\u021bii:<\/strong> \u00cen utilajele de construc\u021bii, acestea sunt utilizate pentru s\u0103parea, \u00eenc\u0103rcarea \u0219i mutarea solului sau a molozului. Sunt componente esen\u021biale ale excavatoarelor, \u00eenc\u0103rc\u0103toarelor basculante \u0219i \u00eenc\u0103rc\u0103toarelor frontale.<\/li>\n<li><strong>Ma\u0219ini agricole:<\/strong> Utilizate \u00een \u00eenc\u0103rc\u0103toarele frontale, acestea ajut\u0103 la transportul solului, f\u00e2nului \u0219i al altor materiale.<\/li>\n<li><strong>Excavatoare:<\/strong> Cilindrii cupei ajut\u0103 la s\u0103pare, iar designul lor permite cupei s\u0103 p\u0103trund\u0103 prin sol.<\/li>\n<li><strong>\u00cenc\u0103rc\u0103toare frontale:<\/strong> Sunt esen\u021biale pentru ridicarea \u0219i desc\u0103rcarea eficient\u0103 a sarcinilor grele.<\/li>\n<\/ul>\n<h2>Considera\u021bii de proiectare \u0219i criterii de selec\u021bie<\/h2>\n<p>La selectarea \u0219i proiectarea cilindrilor pentru cup\u0103, trebuie lua\u021bi \u00een considerare mai mul\u021bi factori pentru a asigura performan\u021ba \u0219i longevitatea lor optime, inclusiv:<\/p>\n<ul>\n<li><strong>Capacitate portant\u0103:<\/strong> Cilindrii cupei trebuie proiecta\u021bi pentru a rezista la sarcini \u0219i presiuni semnificative.<\/li>\n<li><strong>Etan\u0219are:<\/strong> Utilizarea diferitelor componente de etan\u0219are, cum ar fi etan\u0219\u0103rile pistonului, etan\u0219\u0103rile tijei etc., este esen\u021bial\u0103 pentru asigurarea unei etan\u0219\u0103ri corecte \u0219i prevenirea scurgerilor.<\/li>\n<li><strong>Durabilitate:<\/strong> Proiectarea cilindrului trebuie s\u0103 ia \u00een considerare rezisten\u021ba la abraziune \u0219i rezisten\u021ba la coroziune pentru a-i prelungi durata de via\u021b\u0103.<\/li>\n<li><strong>Siguran\u0163\u0103:<\/strong> Ar trebui incluse elemente de siguran\u021b\u0103, cum ar fi supapele de siguran\u021b\u0103, pentru a preveni defec\u021biunile sistemului \u0219i r\u0103nirea operatorilor.<\/li>\n<li><strong>Mentenabilitate:<\/strong> Proiectarea cilindrului trebuie s\u0103 ia \u00een considerare u\u0219urin\u021ba \u00eentre\u021binerii \u0219i repara\u021biilor.<\/li>\n<\/ul>\n<p><img decoding=\"async\" src=\"https:\/\/www.hydraulic-cylinders.net\/wp-content\/uploads\/2025\/01\/songte-oil-pipes-and-spare-parts.webp\"><\/p>\n<h2>Etan\u0219are \u0219i lubrifiere<\/h2>\n<p>Cilindrii cu cup\u0103 necesit\u0103 utilizarea diverselor componente de etan\u0219are, cum ar fi etan\u0219\u0103ri de piston, etan\u0219\u0103ri de tij\u0103 etc., pentru a asigura o etan\u0219are corect\u0103 \u0219i a preveni scurgerile. Materiale precum poliuretanul \u0219i cauciucul nitrilic sunt utilizate \u00een mod obi\u0219nuit pentru rezisten\u021ba lor ridicat\u0103 la abraziune. \u00cen plus, lubrifierea adecvat\u0103 cu ulei hidraulic este necesar\u0103 pentru o performan\u021b\u0103 optim\u0103 a cilindrului. De asemenea, sunt necesare schimb\u0103ri regulate de ulei \u0219i inspec\u021bii pentru a asigura func\u021bionarea f\u0103r\u0103 probleme \u0219i cu o uzur\u0103 minim\u0103 a cilindrului.<\/p>\n<h2>\u00centre\u021binere \u0219i repara\u021bii<\/h2>\n<p>Inspec\u021bia regulat\u0103 \u0219i \u00eentre\u021binerea preventiv\u0103 sunt esen\u021biale pentru a asigura func\u021bionarea corect\u0103 \u0219i o durat\u0103 mai lung\u0103 de via\u021b\u0103 a cilindrilor cupei. C\u00e2teva sarcini comune de \u00eentre\u021binere includ:<\/p>\n<ul>\n<li><strong>Inspec\u021bie periodic\u0103:<\/strong> Inspec\u021biile periodice pot ajuta la detectarea problemelor \u00eenainte ca acestea s\u0103 devin\u0103 semnificative. Verificarea scurgerilor, a deterior\u0103rii \u0219i a uzurii este esen\u021bial\u0103.<\/li>\n<li><strong>Lubrifiere adecvat\u0103:<\/strong> Lubrifierea regulat\u0103 asigur\u0103 func\u021bionarea f\u0103r\u0103 probleme a cilindrului \u0219i cu o uzur\u0103 minim\u0103. <\/li>\n<li><strong>\u00cenlocuirea garniturii:<\/strong> Garniturile pot necesita \u00eenlocuire periodic\u0103 din cauza uzurii. Este esen\u021bial s\u0103 se utilizeze garnituri de schimb de \u00eenalt\u0103 calitate.<\/li>\n<\/ul>\n<p>Instalarea corect\u0103 este, de asemenea, esen\u021bial\u0103 pentru asigurarea performan\u021bei optime \u0219i a duratei lungi de via\u021b\u0103 a unui cilindru al cupei. Se recomand\u0103 \u00eendrumarea corect\u0103 a alinierii \u0219i utilizarea suporturilor de instalare adecvate pentru fixarea cilindrului. De asemenea, se recomand\u0103 respectarea procedurilor de inspec\u021bie, reparare \u0219i \u00eenlocuire recomandate \u00een manualul produc\u0103torului.<\/p>\n<p><img decoding=\"async\" src=\"https:\/\/www.hydraulic-cylinders.net\/wp-content\/uploads\/2025\/01\/songte-chushion-collar.webp\"><\/p>\n<h2>Considera\u021bii de siguran\u021b\u0103 \u0219i factori de mediu<\/h2>\n<p>Atunci c\u00e2nd se utilizeaz\u0103 cilindri excavatori, trebuie luate m\u0103suri de siguran\u021b\u0103 pentru a preveni r\u0103nirea \u0219i accidentele. Acestea includ instruirea adecvat\u0103, utilizarea echipamentului de siguran\u021b\u0103, respectarea procedurilor de siguran\u021b\u0103 stabilite \u0219i respectarea tuturor reglement\u0103rilor \u0219i instruc\u021biunilor de siguran\u021b\u0103 relevante.<\/p>\n<p>Factorii de mediu, cum ar fi nivelul de zgomot \u0219i emisiile produse de butelie, ar trebui, de asemenea, lua\u021bi \u00een considerare. Ar putea fi necesar\u0103 implementarea unor m\u0103suri adecvate, cum ar fi materiale de reducere a zgomotului \u0219i sisteme de control al emisiilor, pentru a atenua efectele poten\u021bial d\u0103un\u0103toare.<\/p>\n<h2>Probleme frecvente \u0219i depanare<\/h2>\n<p>Printre problemele comune care pot ap\u0103rea la utilizarea cilindrilor cupei se num\u0103r\u0103 scurgerile de lichid hidraulic, defectarea cilindrului \u0219i performan\u021ba slab\u0103. Depanarea corect\u0103, cum ar fi verificarea scurgerilor, inspec\u021bia cilindrului pentru deterior\u0103ri \u0219i verificarea nivelului fluidului hidraulic, poate ajuta la identificarea problemei. Dac\u0103 este necesar, trebuie consultat manualul produc\u0103torului pentru instruc\u021biuni mai detaliate despre cum se diagnosticheaz\u0103 \u0219i se remediaz\u0103 problemele specifice. \u00centre\u021binerea regulat\u0103 poate ajuta la prevenirea apari\u021biei acestor probleme.<\/p>\n<p><img decoding=\"async\" src=\"https:\/\/www.hydraulic-cylinders.net\/wp-content\/uploads\/2025\/01\/songte-bushings-with-all-kinds-of-excavator-models.webp\"><\/p>\n<h2>Despre compania noastr\u0103<\/h2>\n<p>Suntem produc\u0103tori de cilindri hidraulici \u0219i oferim o gam\u0103 complet\u0103 de produse. Am devenit unul dintre principalii produc\u0103tori \u0219i distribuitori angro de cilindri hidraulici, at\u00e2t pe pia\u021ba intern\u0103, c\u00e2t \u0219i pe cea interna\u021bional\u0103. Ader\u0103m la principiul calit\u0103\u021bii excelente \u0219i ne baz\u0103m pe strategii de management al produc\u021biei industriale \u00een ateliere de fabrica\u021bie fin concepute. Compania noastr\u0103 \u00eembun\u0103t\u0103\u021be\u0219te continuu eficien\u021ba, precizia \u0219i calitatea platformei de fabrica\u021bie prin utilizarea talentelor tehnologice, a echipamentelor digitale de fabrica\u021bie de ultim\u0103 genera\u021bie \u0219i a sistemelor de testare profesionale. Producem cilindri de \u00eenalt\u0103 calitate pentru a satisface nevoile diverse ale clien\u021bilor, inclusiv servicii personalizate.<\/p>\n<p>Punctele forte ale companiei noastre includ:<\/p>\n<ul>\n<li><strong>Profesionalism:<\/strong> Echipa noastr\u0103 de exper\u021bi este specializat\u0103 \u00een proiectarea \u0219i produc\u021bia de cilindri hidraulici, asigur\u00e2nd calitatea produselor noastre.<\/li>\n<li><strong>Certific\u0103ri interna\u021bionale:<\/strong> Am ob\u021binut diverse certific\u0103ri interna\u021bionale, inclusiv certific\u0103ri ISO, CE \u0219i SGS, demonstr\u00e2nd calitatea \u00eenalt\u0103 \u0219i siguran\u021ba produselor noastre.<\/li>\n<li><strong>Servicii personalizate:<\/strong> Putem personaliza cilindrii hidraulici pentru a satisface nevoile specifice ale clien\u021bilor \u0219i putem oferi asisten\u021b\u0103 tehnic\u0103 \u0219i de proiectare.<\/li>\n<li><strong>Echipamente de produc\u021bie de ultim\u0103 genera\u021bie:<\/strong> Echipamentele noastre avansate de produc\u021bie garanteaz\u0103 c\u0103 putem produce cilindri hidraulici de \u00eenalt\u0103 calitate \u00een mod eficient \u0219i precis.<\/li>\n<li><strong>Servicii excelente post-v\u00e2nzare:<\/strong> Compania noastr\u0103 ofer\u0103 servicii excelente post-v\u00e2nzare, inclusiv repara\u021bii, \u00eenlocuiri \u0219i recondi\u021bion\u0103ri.<\/li>\n<\/ul>\n<p><img decoding=\"async\" src=\"https:\/\/hzpt.com\/wp-content\/uploads\/2024\/11\/songte-company-1.webp\"><\/p>\n<p>Autor: lyl<\/p>","protected":false},"excerpt":{"rendered":"<p>Bucket Cylinder For Sunward Large Excavator SWE470E Introduction A bucket cylinder is a type of hydraulic cylinder designed specifically to control the movement of the bucket in heavy machinery such as excavators, backhoes, and front-end loaders. Its primary function is to enable the bucket to lift, lower, and tilt, making it easier to handle various [&hellip;]<\/p>","protected":false},"featured_media":14780,"comment_status":"open","ping_status":"closed","template":"","meta":{"_et_pb_use_builder":"","_et_pb_old_content":"","_et_gb_content_width":""},"product_brand":[],"product_cat":[1494],"product_tag":[1495,1496],"class_list":{"0":"post-15528","1":"product","2":"type-product","3":"status-publish","4":"has-post-thumbnail","6":"product_cat-bucket-cylinders","7":"product_tag-bucket-cylinders","8":"product_tag-hydraulic-cylinders","10":"first","11":"instock","12":"shipping-taxable","13":"product-type-simple"},"amp_enabled":true,"_links":{"self":[{"href":"https:\/\/www.hydraulic-cylinders.net\/ro\/wp-json\/wp\/v2\/product\/15528","targetHints":{"allow":["GET"]}}],"collection":[{"href":"https:\/\/www.hydraulic-cylinders.net\/ro\/wp-json\/wp\/v2\/product"}],"about":[{"href":"https:\/\/www.hydraulic-cylinders.net\/ro\/wp-json\/wp\/v2\/types\/product"}],"replies":[{"embeddable":true,"href":"https:\/\/www.hydraulic-cylinders.net\/ro\/wp-json\/wp\/v2\/comments?post=15528"}],"wp:featuredmedia":[{"embeddable":true,"href":"https:\/\/www.hydraulic-cylinders.net\/ro\/wp-json\/wp\/v2\/media\/14780"}],"wp:attachment":[{"href":"https:\/\/www.hydraulic-cylinders.net\/ro\/wp-json\/wp\/v2\/media?parent=15528"}],"wp:term":[{"taxonomy":"product_brand","embeddable":true,"href":"https:\/\/www.hydraulic-cylinders.net\/ro\/wp-json\/wp\/v2\/product_brand?post=15528"},{"taxonomy":"product_cat","embeddable":true,"href":"https:\/\/www.hydraulic-cylinders.net\/ro\/wp-json\/wp\/v2\/product_cat?post=15528"},{"taxonomy":"product_tag","embeddable":true,"href":"https:\/\/www.hydraulic-cylinders.net\/ro\/wp-json\/wp\/v2\/product_tag?post=15528"}],"curies":[{"name":"wp","href":"https:\/\/api.w.org\/{rel}","templated":true}]}}