{"id":15531,"date":"2025-01-19T14:38:49","date_gmt":"2025-01-19T14:38:49","guid":{"rendered":"https:\/\/www.hydraulic-cylinders.net\/product\/bucket-cylinder-for-sunward-hybrid-excavator-swe230s\/"},"modified":"2025-01-19T14:38:51","modified_gmt":"2025-01-19T14:38:51","slug":"bucket-cylinder-for-sunward-hybrid-excavator-swe230s","status":"publish","type":"product","link":"https:\/\/www.hydraulic-cylinders.net\/ro\/produs\/bucket-cylinder-for-sunward-hybrid-excavator-swe230s\/","title":{"rendered":"Cilindru cu cup\u0103 pentru excavatorul hibrid Sunward SWE230S"},"content":{"rendered":"<h1>Cilindru cu cup\u0103 pentru excavatorul hibrid Sunward SWE230S<\/h1>\n<h2>Introducere<\/h2>\n<p>The bucket cylinder, also known as a hydraulic cylinder, is a specialized cylinder designed to control the movement of the bucket in heavy machinery such as excavators, backhoes, and front loaders. Its main function is to enable the bucket to lift, lower, and tilt, making it easier to handle various material handling tasks. In the hydraulic system, the bucket cylinder achieves precise control of the bucket&#8217;s movement through changes in hydraulic oil pressure, allowing operators to efficiently handle heavy loads and adapt to complex work environments and diverse job requirements.<\/p>\n<p><img decoding=\"async\" src=\"https:\/\/www.hydraulic-cylinders.net\/wp-content\/uploads\/2025\/01\/songte-company-2.webp\" alt=\"Imaginea cilindrului cupei\"><\/p>\n<h2>Caracteristici<\/h2>\n<ul>\n<li>\n<h3>Rezisten\u021b\u0103 \u0219i durabilitate ridicate<\/h3>\n<p>Cilindrul cupei este de obicei fabricat din o\u021bel sau aluminiu de \u00eenalt\u0103 rezisten\u021b\u0103, care poate rezista la presiuni ridicate \u0219i sarcini grele \u0219i este proiectat \u021bin\u00e2nd cont de rezisten\u021ba la uzur\u0103 \u0219i la coroziune pentru a-i prelungi durata de via\u021b\u0103.<\/p>\n<\/li>\n<li>\n<h3>Func\u021bionare hidraulic\u0103 eficient\u0103<\/h3>\n<p>Cilindrul cupei folose\u0219te presiunea uleiului hidraulic pentru a ob\u021bine o ac\u021biune telescopic\u0103 lin\u0103, care poate r\u0103spunde rapid la comenzile de control, ofer\u0103 o for\u021b\u0103 puternic\u0103 de \u00eempingere \u0219i tragere \u0219i este potrivit pentru manipularea sarcinilor grele \u0219i a sarcinilor complexe.<\/p>\n<\/li>\n<li>\n<h3>Multitudine de tipuri<\/h3>\n<p>Cilindrul cupei poate fi selectat ca cilindru cu ac\u021biune simpl\u0103 (utilizare hidraulic\u0103 \u00eentr-o singur\u0103 direc\u021bie) sau cu ac\u021biune dubl\u0103 (utilizare hidraulic\u0103 \u00een ambele direc\u021bii), \u00een func\u021bie de nevoile de a satisface diferite cerin\u021be opera\u021bionale. Unele modele sunt telescopice, permi\u021b\u00e2nd o extensie mai mare f\u0103r\u0103 a cre\u0219te dimensiunile exterioare, fiind potrivite pentru aplica\u021bii cu spa\u021biu limitat.<\/p>\n<\/li>\n<li>\n<h3>\u00cenlocuitor pentru al\u021bi cilindri hidraulici<\/h3>\n<p>Produsul nostru poate \u00eenlocui perfect ace\u0219ti cilindri hidraulici, oferind servicii de \u00eenalt\u0103 calitate la un cost mai mic.<\/p>\n<\/li>\n<\/ul>\n<p><img decoding=\"async\" src=\"https:\/\/www.hydraulic-cylinders.net\/wp-content\/uploads\/2025\/01\/songte-cylinder-head-with-all-kinds-excavator-models.webp\" alt=\"Imagine de \u00eenlocuire a cilindrului cupei\"><\/p>\n<h2>Aplica\u021bii<\/h2>\n<p>Cilindrul cupei este utilizat pe scar\u0103 larg\u0103 \u00een diverse utilaje \u0219i echipamente grele:<\/p>\n<ul>\n<li>\n<h3>Echipamente de construc\u021bii<\/h3>\n<p>G\u0103site \u00een excavatoare, acestea sunt esen\u021biale pentru s\u0103pare, \u00eenc\u0103rcare \u0219i mutarea solului sau a resturilor. \u00cen cazul excavatoarelor, cilindrul cupei ajut\u0103 at\u00e2t la excavare, c\u00e2t \u0219i la ridicare. <\/p>\n<\/li>\n<li>\n<h3>Ma\u0219ini agricole<\/h3>\n<p>Folosit la \u00eenc\u0103rc\u0103toarele frontale pentru scobere, ridicare \u0219i transportul solului, f\u00e2nului \u0219i altor materiale. La excavatoare, cilindrul cupei permite s\u0103parea permi\u021b\u00e2nd cupei s\u0103 p\u0103trund\u0103 \u00een sol.<\/p>\n<\/li>\n<li>\n<h3>Echipament de \u00eenc\u0103rc\u0103tor<\/h3>\n<p>\u00cen cazul \u00eenc\u0103rc\u0103toarelor frontale, acestea ajut\u0103 la ridicarea \u0219i \u00eenclinarea eficient\u0103 a m\u0103rfurilor.<\/p>\n<\/li>\n<\/ul>\n<h2>Considera\u021bii de proiectare \u0219i criterii de selec\u021bie<\/h2>\n<p>La selectarea \u0219i proiectarea cilindrilor cupei, trebuie lua\u021bi \u00een considerare urm\u0103torii factori:<\/p>\n<ul>\n<li>\n<h3>Capacitate portant\u0103<\/h3>\n<p>Cilindrul cupei trebuie s\u0103 poat\u0103 sus\u021bine greutatea sarcinii pe care o transport\u0103, precum \u0219i s\u0103 reziste for\u021belor externe, cum ar fi accelera\u021bia, impactul \u0219i vibra\u021biile.<\/p>\n<\/li>\n<li>\n<h3>Sigilare<\/h3>\n<p>Cilindrul cupei trebuie proiectat cu o etan\u0219are eficient\u0103 pentru a preveni scurgerile de ulei hidraulic \u0219i a minimiza uzura componentelor cilindrului. Se recomand\u0103 utilizarea unor materiale rezistente la uzur\u0103, cum ar fi poliuretanul \u0219i cauciucul nitrilic, pentru etan\u0219\u0103rile pistonului \u0219i tijei. Corpul cilindrului \u0219i suprafe\u021bele filetate ale cap\u0103tului trebuie tratate cu aten\u021bie pentru a spori rezisten\u021ba la uzur\u0103. Ad\u0103ugarea regulat\u0103 a unei cantit\u0103\u021bi adecvate de ulei hidraulic este necesar\u0103 pentru lubrifiere.<\/p>\n<\/li>\n<li>\n<h3>Durabilitate<\/h3>\n<p>Cilindrul cupei ar trebui s\u0103 fie capabil s\u0103 reziste la medii de lucru dure, s\u0103 reziste la coroziune \u0219i s\u0103 aib\u0103 o durat\u0103 lung\u0103 de via\u021b\u0103. Utilizarea materialelor de \u00eenalt\u0103 rezisten\u021b\u0103, tratamentul termic atent \u0219i prelucrarea de precizie pot cre\u0219te durabilitatea cilindrului.<\/p>\n<\/li>\n<li>\n<h3>Siguran\u021b\u0103 \u0219i \u00eentre\u021binere<\/h3>\n<p>Cilindrul cupei trebuie proiectat cu caracteristici de siguran\u021b\u0103, cum ar fi supape de oprire de urgen\u021b\u0103 \u0219i protec\u021bie la suprasarcin\u0103, pentru a asigura o func\u021bionare sigur\u0103. Sunt necesare inspec\u021bii \u0219i \u00eentre\u021binere regulate pentru a asigura func\u021bionarea corect\u0103 \u0219i pentru a detecta \u0219i corecta poten\u021bialele probleme \u00eenainte ca acestea s\u0103 devin\u0103 grave. \u00cenlocuirea pieselor uzate \u0219i serviciile de reconstruc\u021bie sunt recomandate pentru a prelungi durata de via\u021b\u0103 a cilindrului cupei.<\/p>\n<\/li>\n<\/ul>\n<p><img decoding=\"async\" src=\"https:\/\/www.hydraulic-cylinders.net\/wp-content\/uploads\/2025\/01\/songte-oil-pipes-and-spare-parts.webp\" alt=\"Imaginea pieselor cilindrului cupei\"><\/p>\n<h2>Ghid de instalare<\/h2>\n<p>Instalarea corect\u0103 a cilindrului cupei este esen\u021bial\u0103 pentru a asigura o func\u021bionare sigur\u0103 \u0219i eficient\u0103. Trebuie respectate urm\u0103toarele instruc\u021biuni:<\/p>\n<ul>\n<li>\n<h3>Alinia\u021bi corect cilindrul<\/h3>\n<p>Alinia\u021bi cilindrul \u0219i suporturile de montare pentru a asigura pozi\u021bia corect\u0103 de instalare.<\/p>\n<\/li>\n<li>\n<h3>Folosi\u021bi suporturi de montare adecvate<\/h3>\n<p>Folosi\u021bi suporturi de montare adecvate pentru a fixa cilindrul \u00een pozi\u021bie.<\/p>\n<\/li>\n<li>\n<h3>Inspec\u021bie \u0219i \u00eentre\u021binere regulate<\/h3>\n<p>Efectua\u021bi inspec\u021bii \u0219i \u00eentre\u021binere regulate, inclusiv lubrifiere, \u00eenlocuire garnituri \u0219i verific\u0103ri de calibrare, pentru a asigura func\u021bionarea corect\u0103 a cilindrului cupei.<\/p>\n<\/li>\n<\/ul>\n<p><img decoding=\"async\" src=\"https:\/\/www.hydraulic-cylinders.net\/wp-content\/uploads\/2025\/01\/songte-chushion-collar.webp\" alt=\"Imagine de instalare a cilindrului cupei\"><\/p>\n<h2>Considera\u021bii de siguran\u021b\u0103 \u0219i factori de mediu<\/h2>\n<p>Atunci c\u00e2nd se utilizeaz\u0103 cilindrul cupei, trebuie luate m\u0103suri de siguran\u021b\u0103 pentru a evita accidentele \u0219i v\u0103t\u0103m\u0103rile corporale. Utilizarea \u0219i \u00eentre\u021binerea corect\u0103 a cilindrului pot contribui, de asemenea, la reducerea impactului s\u0103u asupra mediului.<\/p>\n<h2>Depanare \u0219i probleme frecvente<\/h2>\n<p>Problemele frecvente ale cilindrului cupei includ scurgeri de ulei, deteriorarea corpului cilindrului, pistonului, tijei \u0219i garniturilor, precum \u0219i func\u021bionarea defectuoas\u0103 a sistemului hidraulic. Depanarea \u0219i repararea trebuie efectuate c\u00e2t mai cur\u00e2nd posibil pentru a preveni deteriorarea ulterioar\u0103 \u0219i a evita accidentele.<\/p>\n<h2>Concluzie<\/h2>\n<p>Compania noastr\u0103 este un produc\u0103tor \u0219i distribuitor angro de cilindri hidraulici de top pe pie\u021bele interne \u0219i interna\u021bionale, cu o gam\u0103 larg\u0103 de produse \u0219i o calitate excelent\u0103. Ne str\u0103duim s\u0103 oferim produse \u0219i servicii de \u00eenalt\u0103 eficien\u021b\u0103, precizie \u0219i calitate pentru a satisface nevoile diverse ale clien\u021bilor no\u0219tri.<\/p>\n<p><img decoding=\"async\" src=\"https:\/\/hzpt.com\/wp-content\/uploads\/2024\/11\/songte-company-1.webp\" alt=\"Imaginea companiei cu cilindri de cup\u0103\"><\/p>\n<h3>Autor: lyl<\/h3>","protected":false},"excerpt":{"rendered":"<p>Bucket Cylinder For Sunward Hybrid Excavator SWE230S Introduction The bucket cylinder, also known as a hydraulic cylinder, is a specialized cylinder designed to control the movement of the bucket in heavy machinery such as excavators, backhoes, and front loaders. Its main function is to enable the bucket to lift, lower, and tilt, making it easier [&hellip;]<\/p>","protected":false},"featured_media":14773,"comment_status":"open","ping_status":"closed","template":"","meta":{"_et_pb_use_builder":"","_et_pb_old_content":"","_et_gb_content_width":""},"product_brand":[],"product_cat":[1494],"product_tag":[1495,1496],"class_list":{"0":"post-15531","1":"product","2":"type-product","3":"status-publish","4":"has-post-thumbnail","6":"product_cat-bucket-cylinders","7":"product_tag-bucket-cylinders","8":"product_tag-hydraulic-cylinders","10":"first","11":"instock","12":"shipping-taxable","13":"product-type-simple"},"amp_enabled":true,"_links":{"self":[{"href":"https:\/\/www.hydraulic-cylinders.net\/ro\/wp-json\/wp\/v2\/product\/15531","targetHints":{"allow":["GET"]}}],"collection":[{"href":"https:\/\/www.hydraulic-cylinders.net\/ro\/wp-json\/wp\/v2\/product"}],"about":[{"href":"https:\/\/www.hydraulic-cylinders.net\/ro\/wp-json\/wp\/v2\/types\/product"}],"replies":[{"embeddable":true,"href":"https:\/\/www.hydraulic-cylinders.net\/ro\/wp-json\/wp\/v2\/comments?post=15531"}],"wp:featuredmedia":[{"embeddable":true,"href":"https:\/\/www.hydraulic-cylinders.net\/ro\/wp-json\/wp\/v2\/media\/14773"}],"wp:attachment":[{"href":"https:\/\/www.hydraulic-cylinders.net\/ro\/wp-json\/wp\/v2\/media?parent=15531"}],"wp:term":[{"taxonomy":"product_brand","embeddable":true,"href":"https:\/\/www.hydraulic-cylinders.net\/ro\/wp-json\/wp\/v2\/product_brand?post=15531"},{"taxonomy":"product_cat","embeddable":true,"href":"https:\/\/www.hydraulic-cylinders.net\/ro\/wp-json\/wp\/v2\/product_cat?post=15531"},{"taxonomy":"product_tag","embeddable":true,"href":"https:\/\/www.hydraulic-cylinders.net\/ro\/wp-json\/wp\/v2\/product_tag?post=15531"}],"curies":[{"name":"wp","href":"https:\/\/api.w.org\/{rel}","templated":true}]}}