{"id":15542,"date":"2025-01-19T14:39:37","date_gmt":"2025-01-19T14:39:37","guid":{"rendered":"https:\/\/www.hydraulic-cylinders.net\/product\/bucket-cylinder-for-lishide-middle-excavator-sc220-8\/"},"modified":"2025-01-19T14:39:39","modified_gmt":"2025-01-19T14:39:39","slug":"bucket-cylinder-for-lishide-middle-excavator-sc220-8","status":"publish","type":"product","link":"https:\/\/www.hydraulic-cylinders.net\/ro\/produs\/bucket-cylinder-for-lishide-middle-excavator-sc220-8\/","title":{"rendered":"Cilindru cu cup\u0103 pentru excavatorul central Lishide SC220.8"},"content":{"rendered":"<h2>Cilindru cup\u0103 pentru excavatorul central Lishide SC220.8<\/h2>\n<h3>Introducere<\/h3>\n<p>A bucket cylinder is a specialized hydraulic cylinder designed to control the movement of shovels in heavy machinery such as excavators, backhoe loaders, and front-end loaders. Its primary function is to allow shovels to lift, lower and tilt for easy material handling. In the hydraulic system, the bucket cylinder controls the shovel&#8217;s movement precisely by varying the pressure of hydraulic oil, enabling the operator to handle heavy loads efficiently and adapt to the complex working environment and diverse job requirements.<\/p>\n<p><img decoding=\"async\" src=\"https:\/\/www.hydraulic-cylinders.net\/wp-content\/uploads\/2025\/01\/songte-company-2.webp\"><\/p>\n<h3>Caracteristici<\/h3>\n<ul>\n<li>Rezisten\u021b\u0103 \u0219i durabilitate ridicate: De obicei, fabricate din o\u021bel sau aluminiu de \u00eenalt\u0103 rezisten\u021b\u0103, capabile s\u0103 reziste la presiuni ridicate \u0219i sarcini grele, se adapteaz\u0103 la medii de lucru dure \u0219i sunt proiectate s\u0103 ia \u00een considerare rezisten\u021ba la uzur\u0103 \u0219i la coroziune, prelungind durata de via\u021b\u0103.<\/li>\n<li>Func\u021bionare hidraulic\u0103 eficient\u0103: Utilizarea presiunii uleiului hidraulic pentru a ob\u021bine o expansiune \u0219i o contrac\u021bie lin\u0103, capabil\u0103 s\u0103 r\u0103spund\u0103 rapid la comenzile de control, s\u0103 ofere o for\u021b\u0103 puternic\u0103 de \u00eempingere \u0219i tragere, potrivit\u0103 pentru manipularea sarcinilor grele \u0219i a sarcinilor complexe.<\/li>\n<li>Diverse tipuri: Cilindrii cu ac\u021biune simpl\u0103 (hidraulici utiliza\u021bi \u00eentr-o singur\u0103 direc\u021bie) sau cu ac\u021biune dubl\u0103 (hidraulici utiliza\u021bi \u00een dou\u0103 direc\u021bii) pot fi selecta\u021bi \u00een func\u021bie de nevoi pentru a satisface diferite cerin\u021be de func\u021bionare. Unele modele sunt telescopice, permi\u021b\u00e2nd o extensie mai mare f\u0103r\u0103 a cre\u0219te dimensiunile exterioare, potrivite pentru aplica\u021bii cu spa\u021biu limitat.<\/li>\n<li>U\u0219or de \u00eenlocuit: Produsul nostru poate \u00eenlocui perfect ace\u0219ti cilindri hidraulici.<\/li>\n<\/ul>\n<p><img decoding=\"async\" src=\"https:\/\/www.hydraulic-cylinders.net\/wp-content\/uploads\/2025\/01\/songte-cylinder-head-with-all-kinds-excavator-models.webp\"><\/p>\n<h3>Aplica\u021bii<\/h3>\n<ul>\n<li>Echipamente de construc\u021bii: \u00cen excavatoare, acestea sunt esen\u021biale pentru s\u0103pare, \u00eenc\u0103rcare \u0219i mutarea solului sau a resturilor. \u00cen buldoexcavatoarele, cilindrii lope\u021bii ajut\u0103 at\u00e2t la s\u0103pare, c\u00e2t \u0219i la ridicare. \u00cen \u00eenc\u0103rc\u0103toarele frontale, ace\u0219tia ajut\u0103 la ridicarea \u0219i \u00eenclinarea eficient\u0103 a m\u0103rfurilor.<\/li>\n<li>Ma\u0219ini agricole: utilizate \u00een \u00eenc\u0103rc\u0103toarele frontale pentru scobere, ridicare \u0219i transportul solului, f\u00e2nului \u0219i altor materiale. La excavatoare, cilindrii cupei realizeaz\u0103 ac\u021biunea de s\u0103pare permi\u021b\u00e2nd cupei s\u0103 p\u0103trund\u0103 \u00een sol. <\/li>\n<\/ul>\n<h3>Considera\u021bii de proiectare \u0219i standarde de selec\u021bie<\/h3>\n<ul>\n<li>Capacitate portant\u0103: Cilindrul hidraulic trebuie s\u0103 poat\u0103 suporta sarcini mari \u0219i presiuni ridicate.<\/li>\n<li>Etan\u0219are: Trebuie utilizate diverse garnituri, cum ar fi garniturile pistonului \u0219i garniturile tijei, fabricate din materiale rezistente la uzur\u0103, cum ar fi poliuretanul \u0219i cauciucul nitrilic.<\/li>\n<li>Durabilitate: Corpul cilindrului \u0219i suprafa\u021ba cap\u0103tului filetat trebuie supuse unei prelucr\u0103ri fine pentru a \u00eembun\u0103t\u0103\u021bi rezisten\u021ba la uzur\u0103.<\/li>\n<li>Siguran\u021b\u0103: Cilindrul hidraulic trebuie s\u0103 fie proiectat cu caracteristici de siguran\u021b\u0103 pentru a preveni accidentele.<\/li>\n<li>\u00centre\u021binere: Cilindrul hidraulic trebuie s\u0103 fie u\u0219or de \u00eentre\u021binut \u0219i reparat.<\/li>\n<\/ul>\n<p><img decoding=\"async\" src=\"https:\/\/www.hydraulic-cylinders.net\/wp-content\/uploads\/2025\/01\/songte-oil-pipes-and-spare-parts.webp\"><\/p>\n<h3>Etan\u0219are \u0219i lubrifiere<\/h3>\n<p>Cilindrul hidraulic trebuie s\u0103 utilizeze diverse tipuri de etan\u0219\u0103ri, cum ar fi etan\u0219\u0103ri de piston, etan\u0219\u0103ri de tij\u0103, fabricate din materiale rezistente la uzur\u0103, cum ar fi poliuretanul \u0219i cauciucul nitrilic. Corpul cilindrului \u0219i suprafa\u021ba filetat\u0103 a cap\u0103tului trebuie s\u0103 fie supuse unor prelucr\u0103ri fine pentru a \u00eembun\u0103t\u0103\u021bi rezisten\u021ba la uzur\u0103. Cilindrul hidraulic trebuie lubrifiat \u00een mod regulat cu o cantitate adecvat\u0103 de ulei hidraulic.<\/p>\n<h3>\u00centre\u021binere \u0219i repara\u021bii<\/h3>\n<ul>\n<li>Inspec\u021bie regulat\u0103: Inspecta\u021bi cilindrul hidraulic \u00een mod regulat pentru a verifica dac\u0103 exist\u0103 scurgeri, fisuri sau deterior\u0103ri.<\/li>\n<li>Lubrifiere: Lubrifia\u021bi cilindrul hidraulic \u00een mod regulat pentru a asigura o func\u021bionare f\u0103r\u0103 probleme.<\/li>\n<li>\u00cenlocuirea garniturilor: \u00cenlocui\u021bi garniturile dac\u0103 sunt uzate, deteriorate sau prezint\u0103 scurgeri.<\/li>\n<\/ul>\n<p><img decoding=\"async\" src=\"https:\/\/www.hydraulic-cylinders.net\/wp-content\/uploads\/2025\/01\/songte-chushion-collar.webp\"><\/p>\n<h3>Considera\u021bii de siguran\u021b\u0103 \u0219i factori de mediu<\/h3>\n<p>Este esen\u021bial s\u0103 respecta\u021bi m\u0103surile de siguran\u021b\u0103 \u00een timpul utiliz\u0103rii cilindrului hidraulic pentru a evita orice accidente. De asemenea, trebuie lua\u021bi \u00een considerare factorii de mediu la eliminarea sau reciclarea cilindrului hidraulic.<\/p>\n<h3>Depanare \u0219i probleme frecvente<\/h3>\n<ul>\n<li>Deriva\u021bia cilindrului: Verifica\u021bi nivelul fluidului hidraulic, scaunul supapei \u0219i scurgerile interne.<\/li>\n<li>Mi\u0219care sacadat\u0103 a cilindrului: Verifica\u021bi dac\u0103 exist\u0103 contaminare \u00een fluidul hidraulic, garnituri deteriorate sau tije de piston \u00eendoite.<\/li>\n<li>Mi\u0219care lent\u0103 a cilindrului: Verifica\u021bi dac\u0103 exist\u0103 niveluri sc\u0103zute de lichid hidraulic, scurgeri \u00een sistem sau garnituri deteriorate.<\/li>\n<\/ul>\n<h3>Introducerea companiei<\/h3>\n<p>Suntem produc\u0103tori de cilindri hidraulici care pot \u00eenlocui cilindrii conven\u021bionali. Compania noastr\u0103 ofer\u0103 o gam\u0103 complet\u0103 de produse \u0219i a devenit unul dintre principalii produc\u0103tori \u0219i distribuitori angro de cilindri hidraulici pe pie\u021bele interne \u0219i interna\u021bionale. Ader\u0103m la principiul calit\u0103\u021bii excelente, ne baz\u0103m pe strategia industrializat\u0103 de management al produc\u021biei din atelierul de fabrica\u021bie rafinat, \u00eembun\u0103t\u0103\u021bim continuu platforma de fabrica\u021bie a atelierului, perfec\u021bion\u0103m linia de produc\u021bie a calit\u0103\u021bii produselor \u0219i avem o puternic\u0103 capacitate creativ\u0103. Ne propunem s\u0103 satisfacem diversele nevoi ale clien\u021bilor cu eficien\u021b\u0103 ridicat\u0103, precizie ridicat\u0103 \u0219i produse de \u00eenalt\u0103 calitate. <\/p>\n<p><img decoding=\"async\" src=\"https:\/\/hzpt.com\/wp-content\/uploads\/2024\/11\/songte-company-1.webp\"><\/p>\n<h3>Serviciile noastre<\/h3>\n<ul>\n<li>Profesionalism: Avem o echip\u0103 de exper\u021bi care ofer\u0103 servicii profesionale clien\u021bilor no\u0219tri.<\/li>\n<li>Certificare interna\u021bional\u0103: Produsele noastre au trecut certific\u0103ri interna\u021bionale precum ISO9001, CE \u0219i SGS.<\/li>\n<li>Personalizare: Putem personaliza cilindrii hidraulici \u00een func\u021bie de nevoile specifice ale clien\u021bilor no\u0219tri.<\/li>\n<li>Echipamente de produc\u021bie: Dispunem de echipamente de produc\u021bie avansate pentru a asigura calitatea produselor noastre.<\/li>\n<li>Serviciu post-v\u00e2nzare: Oferim servicii post-v\u00e2nzare excelente pentru a asigura satisfac\u021bia clien\u021bilor.<\/li>\n<\/ul>\n<p>Autor: lyl<\/p>\n<p><img decoding=\"async\" src=\"https:\/\/www.hydraulic-cylinders.net\/wp-content\/uploads\/2025\/01\/songte-bushings-with-all-kinds-of-excavator-models.webp\"><\/p>","protected":false},"excerpt":{"rendered":"<p>Bucket Cylinder for Lishide Middle Excavator SC220.8 Introduction A bucket cylinder is a specialized hydraulic cylinder designed to control the movement of shovels in heavy machinery such as excavators, backhoe loaders, and front-end loaders. Its primary function is to allow shovels to lift, lower and tilt for easy material handling. In the hydraulic system, the [&hellip;]<\/p>","protected":false},"featured_media":14782,"comment_status":"open","ping_status":"closed","template":"","meta":{"_et_pb_use_builder":"","_et_pb_old_content":"","_et_gb_content_width":""},"product_brand":[],"product_cat":[1494],"product_tag":[1495,1496],"class_list":{"0":"post-15542","1":"product","2":"type-product","3":"status-publish","4":"has-post-thumbnail","6":"product_cat-bucket-cylinders","7":"product_tag-bucket-cylinders","8":"product_tag-hydraulic-cylinders","10":"first","11":"instock","12":"shipping-taxable","13":"product-type-simple"},"amp_enabled":true,"_links":{"self":[{"href":"https:\/\/www.hydraulic-cylinders.net\/ro\/wp-json\/wp\/v2\/product\/15542","targetHints":{"allow":["GET"]}}],"collection":[{"href":"https:\/\/www.hydraulic-cylinders.net\/ro\/wp-json\/wp\/v2\/product"}],"about":[{"href":"https:\/\/www.hydraulic-cylinders.net\/ro\/wp-json\/wp\/v2\/types\/product"}],"replies":[{"embeddable":true,"href":"https:\/\/www.hydraulic-cylinders.net\/ro\/wp-json\/wp\/v2\/comments?post=15542"}],"wp:featuredmedia":[{"embeddable":true,"href":"https:\/\/www.hydraulic-cylinders.net\/ro\/wp-json\/wp\/v2\/media\/14782"}],"wp:attachment":[{"href":"https:\/\/www.hydraulic-cylinders.net\/ro\/wp-json\/wp\/v2\/media?parent=15542"}],"wp:term":[{"taxonomy":"product_brand","embeddable":true,"href":"https:\/\/www.hydraulic-cylinders.net\/ro\/wp-json\/wp\/v2\/product_brand?post=15542"},{"taxonomy":"product_cat","embeddable":true,"href":"https:\/\/www.hydraulic-cylinders.net\/ro\/wp-json\/wp\/v2\/product_cat?post=15542"},{"taxonomy":"product_tag","embeddable":true,"href":"https:\/\/www.hydraulic-cylinders.net\/ro\/wp-json\/wp\/v2\/product_tag?post=15542"}],"curies":[{"name":"wp","href":"https:\/\/api.w.org\/{rel}","templated":true}]}}