{"id":15544,"date":"2025-01-19T14:39:51","date_gmt":"2025-01-19T14:39:51","guid":{"rendered":"https:\/\/www.hydraulic-cylinders.net\/product\/bucket-cylinder-for-lishide-large-excavator-sc300-8\/"},"modified":"2025-01-19T14:39:53","modified_gmt":"2025-01-19T14:39:53","slug":"bucket-cylinder-for-lishide-large-excavator-sc300-8","status":"publish","type":"product","link":"https:\/\/www.hydraulic-cylinders.net\/ro\/produs\/bucket-cylinder-for-lishide-large-excavator-sc300-8\/","title":{"rendered":"Cilindru cu cup\u0103 pentru excavatorul mare Lishide SC300.8"},"content":{"rendered":"<h1>Cilindru cu cup\u0103 pentru excavatorul mare Lishide SC300.8<\/h1>\n<h2>Introducere<\/h2>\n<p>Cilindrul cupei pentru excavatorul mare Lishide SC300.8 este un cilindru hidraulic special conceput, utilizat \u00een principal pentru controlul mi\u0219c\u0103rii cupei \u00een echipamente grele, cum ar fi excavatoarele, excavatoarele cu buldoexcavatoare \u0219i \u00eenc\u0103rc\u0103toarele frontale. Func\u021bia sa principal\u0103 este de a permite ridicarea, cobor\u00e2rea \u0219i \u00eenclinarea cupei, facilit\u00e2nd diverse sarcini de manipulare a materialelor. \u00cen sistemul hidraulic, cilindrul cupei controleaz\u0103 mi\u0219carea cupei cu precizie prin modific\u0103rile presiunii uleiului hidraulic, permi\u021b\u00e2nd operatorilor s\u0103 manipuleze eficient sarcini grele \u0219i s\u0103 se adapteze la medii de lucru complexe \u0219i cerin\u021be diverse ale lucr\u0103rilor.<\/p>\n<p><img decoding=\"async\" src=\"https:\/\/www.hydraulic-cylinders.net\/wp-content\/uploads\/2025\/01\/songte-company-2.webp\" alt=\"Cilindru cu cup\u0103 pentru excavatorul mare Lishide SC300.8\"><\/p>\n<h2>Caracteristici<\/h2>\n<ul>\n<li>Rezisten\u021b\u0103 \u0219i durabilitate ridicate: Fabricat de obicei din o\u021bel sau aluminiu de \u00eenalt\u0103 rezisten\u021b\u0103, cilindrul cupei poate rezista la presiuni ridicate \u0219i sarcini grele, se poate adapta la medii de lucru dure \u0219i poate lua \u00een considerare rezisten\u021ba la uzur\u0103 \u0219i la coroziune \u00een proiectarea sa, prelungindu-i durata de via\u021b\u0103.<\/li>\n<li>Func\u021bionare hidraulic\u0103 eficient\u0103: Extensia \u0219i contrac\u021bia lin\u0103 se ob\u021bin prin utilizarea presiunii uleiului hidraulic, permi\u021b\u00e2nd un r\u0103spuns rapid la comenzile de control, oferind for\u021be puternice de \u00eempingere \u0219i tragere \u0219i fiind potrivite pentru manipularea sarcinilor grele \u0219i a sarcinilor complexe.<\/li>\n<li>Diverse tipuri: Cilindrii cu ac\u021biune simpl\u0103 (hidraulici utiliza\u021bi \u00eentr-o singur\u0103 direc\u021bie) sau cu ac\u021biune dubl\u0103 (utiliza\u021bi \u00een ambele direc\u021bii) pot fi selecta\u021bi \u00een func\u021bie de nevoile de a satisface diferite cerin\u021be opera\u021bionale. Unele modele sunt telescopice, permi\u021b\u00e2nd o extensie mai mare f\u0103r\u0103 a cre\u0219te dimensiunile exterioare, potrivite pentru aplica\u021bii cu spa\u021biu limitat.<\/li>\n<li>Interschimbabil cu al\u021bi cilindri hidraulici: Produsul nostru poate \u00eenlocui perfect ace\u0219ti cilindri hidraulici. <\/li>\n<\/ul>\n<p><img decoding=\"async\" src=\"https:\/\/www.hydraulic-cylinders.net\/wp-content\/uploads\/2025\/01\/songte-cylinder-head-with-all-kinds-excavator-models.webp\" alt=\"Cilindru cu cup\u0103 pentru excavatorul mare Lishide SC300.8\"><\/p>\n<h2>Aplica\u021bii<\/h2>\n<p>Cilindrul cupei pentru excavatorul mare Lishide SC300.8 este utilizat pe scar\u0103 larg\u0103 \u00een diverse echipamente grele, inclusiv, dar f\u0103r\u0103 a se limita la:<\/p>\n<ul>\n<li>Echipamente de construc\u021bii: \u00cen excavatoare, acestea sunt esen\u021biale pentru s\u0103pare, \u00eenc\u0103rcare \u0219i mutarea solului sau a resturilor. \u00cen excavatoarele cu buldoexcavatoare, cilindrul cupei ajut\u0103 at\u00e2t la s\u0103pare, c\u00e2t \u0219i la ridicare. <\/li>\n<li>Ma\u0219ini agricole: utilizate \u00een \u00eenc\u0103rc\u0103toarele frontale pentru scobere, ridicare \u0219i transportul solului, f\u00e2nului \u0219i altor materiale.<\/li>\n<li>Excavatoare: Cilindrul cupei realizeaz\u0103 ac\u021biunea de s\u0103pare permi\u021b\u00e2nd cupei s\u0103 p\u0103trund\u0103 \u00een sol.<\/li>\n<li>\u00cenc\u0103rc\u0103toare: \u00cen \u00eenc\u0103rc\u0103toarele frontale, acestea ajut\u0103 la ridicarea \u0219i desc\u0103rcarea eficient\u0103 a \u00eenc\u0103rc\u0103turii.<\/li>\n<\/ul>\n<h2>Considera\u021bii de proiectare \u0219i criterii de selec\u021bie<\/h2>\n<p>Cilindrul cupei pentru excavatorul mare Lishide SC300.8 a fost proiectat av\u00e2nd \u00een vedere urm\u0103toarele considera\u021bii:<\/p>\n<ul>\n<li>Capacitate portant\u0103: Cilindrul trebuie s\u0103 poat\u0103 suporta sarcini mari.<\/li>\n<li>Etan\u0219are: Cilindrul trebuie s\u0103 fie bine etan\u0219at pentru a preveni scurgerile de fluid hidraulic.<\/li>\n<li>Durabilitate: Cilindrul trebuie s\u0103 fie fabricat din materiale durabile pentru a rezista la uzur\u0103 \u00een condi\u021bii dure.<\/li>\n<li>Siguran\u021b\u0103: Cilindrul trebuie proiectat \u0219i fabricat pentru a \u00eendeplini standardele de siguran\u021b\u0103 \u0219i a asigura siguran\u021ba operatorului.<\/li>\n<li>\u00centre\u021binere: Cilindrul trebuie proiectat av\u00e2nd \u00een vedere u\u0219urin\u021ba \u00eentre\u021binerii pentru a minimiza timpii de nefunc\u021bionare \u0219i a reduce costurile de \u00eentre\u021binere.<\/li>\n<\/ul>\n<p><img decoding=\"async\" src=\"https:\/\/www.hydraulic-cylinders.net\/wp-content\/uploads\/2025\/01\/songte-oil-pipes-and-spare-parts.webp\" alt=\"Cilindru cu cup\u0103 pentru excavatorul mare Lishide SC300.8\"><\/p>\n<h2>Etan\u0219are \u0219i lubrifiere<\/h2>\n<p>Cilindrul cupei pentru excavatorul mare Lishide SC300.8 utilizeaz\u0103 diverse componente de etan\u0219are, cum ar fi etan\u0219\u0103ri de piston \u0219i etan\u0219\u0103ri de tij\u0103, fabricate din materiale rezistente la uzur\u0103, cum ar fi poliuretanul \u0219i cauciucul nitrilic. Corpul cilindrului \u0219i capetele filetate sunt prelucrate fin pentru a \u00eembun\u0103t\u0103\u021bi rezisten\u021ba la uzur\u0103. Ad\u0103ugarea regulat\u0103 a cantit\u0103\u021bii adecvate de ulei hidraulic este necesar\u0103 pentru a asigura o func\u021bionare \u0219i o lubrifiere f\u0103r\u0103 probleme.<\/p>\n<h2>\u00centre\u0163inere<\/h2>\n<p>Inspec\u021bia regulat\u0103 \u0219i m\u0103surile de \u00eentre\u021binere preventiv\u0103 sunt cruciale pentru asigurarea func\u021bion\u0103rii fiabile a cilindrului cupei pentru excavatorul mare Lishide SC300.8. Trei sarcini comune de \u00eentre\u021binere includ:<\/p>\n<ul>\n<li>Inspec\u021bie regulat\u0103: Inspecta\u021bi cilindrul \u00een mod regulat pentru a depista eventuale deterior\u0103ri, uzur\u0103 \u0219i scurgeri.<\/li>\n<li>Lubrifiere adecvat\u0103: Aplica\u021bi vaselin\u0103 sau ulei pe tija pistonului, garnituri \u0219i garnituri \u00een mod regulat pentru a asigura o func\u021bionare lin\u0103 \u0219i a preveni scurgerile.<\/li>\n<li>\u00cenlocuirea garniturilor \u0219i verificarea calibr\u0103rii: \u00cenlocui\u021bi garniturile dup\u0103 cum este necesar \u0219i verifica\u021bi calibrarea pentru a asigura func\u021bionarea corect\u0103.<\/li>\n<\/ul>\n<p><img decoding=\"async\" src=\"https:\/\/www.hydraulic-cylinders.net\/wp-content\/uploads\/2025\/01\/songte-chushion-collar.webp\" alt=\"Cilindru cu cup\u0103 pentru excavatorul mare Lishide SC300.8\"><\/p>\n<h2>Considera\u021bii privind siguran\u021ba \u0219i mediul<\/h2>\n<p>C\u00e2nd se utilizeaz\u0103 cilindrul cupei pentru excavatorul mare Lishide SC300.8, trebuie respectate m\u0103surile de siguran\u021b\u0103 pentru a asigura siguran\u021ba operatorilor \u0219i a altor membri ai personalului. \u00cen plus, trebuie lua\u021bi \u00een considerare factorii de mediu, cum ar fi eliminarea corect\u0103 a uleiului hidraulic \u0219i asigurarea c\u0103 cilindrul nu este contaminat pentru a preveni deteriorarea mediului.<\/p>\n<h2>Diagnosticarea \u0219i depanarea defec\u021biunilor<\/h2>\n<p>Defec\u021biunile frecvente ale cilindrului cupei pentru excavatorul mare Lishide SC300.8 includ scurgeri, etan\u0219are deficitar\u0103 \u0219i zgomot anormal. Diagnosticarea corect\u0103 \u0219i tehnicile de depanare sunt esen\u021biale pentru identificarea \u0219i corectarea rapid\u0103 a acestor probleme, pentru a minimiza timpii de nefunc\u021bionare \u0219i a reduce costurile de repara\u021bii.<\/p>\n<h2>Despre noi<\/h2>\n<p>Suntem produc\u0103tori de cilindri hidraulici \u0219i un produc\u0103tor \u0219i distribuitor angro de top de cilindri hidraulici pe pie\u021bele interne \u0219i interna\u021bionale. Urm\u0103m principiile calit\u0103\u021bii excelente \u0219i ne baz\u0103m pe strategii de management al produc\u021biei industriale \u00een ateliere de fabrica\u021bie rafinate. \u00cembun\u0103t\u0103\u021bim continuu platforma noastr\u0103 de fabrica\u021bie, perfec\u021bion\u0103m linia de produc\u021bie a calit\u0103\u021bii produselor \u0219i avem capacit\u0103\u021bi creative puternice. Satisfacem diversele cerin\u021be ale clien\u021bilor cu principii de \u00eenalt\u0103 eficien\u021b\u0103, \u00eenalt\u0103 precizie \u0219i \u00eenalt\u0103 calitate.<\/p>\n<p><img decoding=\"async\" src=\"https:\/\/hzpt.com\/wp-content\/uploads\/2024\/11\/songte-company-1.webp\" alt=\"Cilindru cu cup\u0103 pentru excavatorul mare Lishide SC300.8\"><\/p>\n<h3>Profesionalismul nostru<\/h3>\n<p>Personalul nostru tehnic, echipamentele digitale de produc\u021bie de ultim\u0103 genera\u021bie \u0219i sistemele profesionale de testare ne permit s\u0103 satisfacem diverse cerin\u021be ale clien\u021bilor cu gama noastr\u0103 complet\u0103 de produse.<\/p>\n<h3>Certificare interna\u021bional\u0103<\/h3>\n<p>Am ob\u021binut certific\u0103ri interna\u021bionale precum ISO 9001, ISO 14001 \u0219i OHSAS 18001, asigur\u00e2nd calitatea \u0219i siguran\u021ba produselor \u0219i serviciilor noastre.<\/p>\n<h3>Servicii de personalizare<\/h3>\n<p>Oferim servicii personalizate de personalizare pentru clien\u021bii no\u0219tri, care pot fi adaptate cerin\u021belor lor specifice.<\/p>\n<h3>Echipamente de produc\u021bie<\/h3>\n<p>Dispunem de echipamente de produc\u021bie avansate, inclusiv ma\u0219ini-unelte CNC, ma\u0219ini automate de sudur\u0103 \u0219i bancuri de testare hidraulice, care pot asigura acurate\u021bea \u0219i calitatea produselor noastre.<\/p>\n<h3>Serviciu post-v\u00e2nzare<\/h3>\n<p>Echipa noastr\u0103 de service post-v\u00e2nzare ofer\u0103 clien\u021bilor solu\u021bii prompte \u0219i eficiente pentru orice problem\u0103 pe care o \u00eent\u00e2mpin\u0103, asigur\u00e2nd satisfac\u021bia clien\u021bilor.<\/p>\n<h4>Autor: lyl.<\/h4>","protected":false},"excerpt":{"rendered":"<p>Bucket Cylinder For Lishide Large Excavator SC300.8 Introduction The bucket cylinder for Lishide large excavator SC300.8 is a specially designed hydraulic cylinder mainly used for controlling the movement of the bucket in heavy equipment such as excavators, backhoe excavators, and front-end loaders. Its main function is to enable the bucket to be lifted, lowered, and [&hellip;]<\/p>","protected":false},"featured_media":14778,"comment_status":"open","ping_status":"closed","template":"","meta":{"_et_pb_use_builder":"","_et_pb_old_content":"","_et_gb_content_width":""},"product_brand":[],"product_cat":[1494],"product_tag":[1495,1496],"class_list":{"0":"post-15544","1":"product","2":"type-product","3":"status-publish","4":"has-post-thumbnail","6":"product_cat-bucket-cylinders","7":"product_tag-bucket-cylinders","8":"product_tag-hydraulic-cylinders","10":"first","11":"instock","12":"shipping-taxable","13":"product-type-simple"},"amp_enabled":true,"_links":{"self":[{"href":"https:\/\/www.hydraulic-cylinders.net\/ro\/wp-json\/wp\/v2\/product\/15544","targetHints":{"allow":["GET"]}}],"collection":[{"href":"https:\/\/www.hydraulic-cylinders.net\/ro\/wp-json\/wp\/v2\/product"}],"about":[{"href":"https:\/\/www.hydraulic-cylinders.net\/ro\/wp-json\/wp\/v2\/types\/product"}],"replies":[{"embeddable":true,"href":"https:\/\/www.hydraulic-cylinders.net\/ro\/wp-json\/wp\/v2\/comments?post=15544"}],"wp:featuredmedia":[{"embeddable":true,"href":"https:\/\/www.hydraulic-cylinders.net\/ro\/wp-json\/wp\/v2\/media\/14778"}],"wp:attachment":[{"href":"https:\/\/www.hydraulic-cylinders.net\/ro\/wp-json\/wp\/v2\/media?parent=15544"}],"wp:term":[{"taxonomy":"product_brand","embeddable":true,"href":"https:\/\/www.hydraulic-cylinders.net\/ro\/wp-json\/wp\/v2\/product_brand?post=15544"},{"taxonomy":"product_cat","embeddable":true,"href":"https:\/\/www.hydraulic-cylinders.net\/ro\/wp-json\/wp\/v2\/product_cat?post=15544"},{"taxonomy":"product_tag","embeddable":true,"href":"https:\/\/www.hydraulic-cylinders.net\/ro\/wp-json\/wp\/v2\/product_tag?post=15544"}],"curies":[{"name":"wp","href":"https:\/\/api.w.org\/{rel}","templated":true}]}}