{"id":15560,"date":"2025-01-19T14:41:05","date_gmt":"2025-01-19T14:41:05","guid":{"rendered":"https:\/\/www.hydraulic-cylinders.net\/product\/bucket-cylinder-for-lovol-middle-excavator-fr225\/"},"modified":"2025-01-19T14:41:07","modified_gmt":"2025-01-19T14:41:07","slug":"bucket-cylinder-for-lovol-middle-excavator-fr225","status":"publish","type":"product","link":"https:\/\/www.hydraulic-cylinders.net\/ro\/produs\/bucket-cylinder-for-lovol-middle-excavator-fr225\/","title":{"rendered":"Cilindru cu cup\u0103 pentru excavatorul Lovol Middle FR225"},"content":{"rendered":"<h1>Cilindru cu cup\u0103 pentru excavatorul Lovol Middle FR225<\/h1>\n<h2>Introducere<\/h2>\n<p>Cilindrul cupei pentru excavatorul Lovol FR225 este un cilindru hidraulic specializat, conceput pentru controlul mi\u0219c\u0103rii cupei \u00een utilaje grele, cum ar fi excavatoarele, excavatoarele cu buldoexcavatoare \u0219i \u00eenc\u0103rc\u0103toare frontale. Func\u021bia sa principal\u0103 este de a permite ridicarea, cobor\u00e2rea \u0219i \u00eenclinarea cupei, facilit\u00e2nd gestionarea diverselor sarcini de manipulare a materialelor. \u00cen sistemul hidraulic, cilindrul cupei realizeaz\u0103 un control precis al mi\u0219c\u0103rilor cupei prin modific\u0103ri ale presiunii uleiului hidraulic, permi\u021b\u00e2nd operatorilor s\u0103 manipuleze eficient sarcini grele \u0219i s\u0103 se adapteze la medii de lucru complexe \u0219i cerin\u021be diverse ale lucr\u0103rilor.<\/p>\n<p><img decoding=\"async\" src=\"https:\/\/www.hydraulic-cylinders.net\/wp-content\/uploads\/2025\/01\/songte-company-2.webp\" alt=\"Cilindru cu cup\u0103\"><\/p>\n<h2>Caracteristici<\/h2>\n<ul>\n<li>Rezisten\u021b\u0103 \u0219i durabilitate ridicate: de obicei fabricate din o\u021bel sau aluminiu de \u00eenalt\u0103 rezisten\u021b\u0103, capabile s\u0103 reziste la presiuni ridicate \u0219i sarcini grele, adaptabile la medii de lucru dure, concepute pentru rezisten\u021b\u0103 la uzur\u0103 \u0219i coroziune pentru a prelungi durata de via\u021b\u0103.<\/li>\n<li>Func\u021bionare hidraulic\u0103 eficient\u0103: utilizeaz\u0103 presiunea uleiului hidraulic pentru a ob\u021bine o extensie \u0219i o retragere lin\u0103, capabil s\u0103 r\u0103spund\u0103 rapid la comenzile de control, ofer\u0103 o for\u021b\u0103 puternic\u0103 de \u00eempingere \u0219i tragere, potrivit\u0103 pentru manipularea sarcinilor grele \u0219i a sarcinilor complexe.<\/li>\n<li>Diverse tipuri: se poate alege \u00eentre cilindri cu ac\u021biune simpl\u0103 (folose\u0219te ulei hidraulic \u00eentr-o singur\u0103 direc\u021bie) sau cu ac\u021biune dubl\u0103 (folose\u0219te ulei hidraulic \u00een ambele direc\u021bii) \u00een func\u021bie de nevoi, pentru a satisface diferite cerin\u021be opera\u021bionale; unele modele sunt telescopice, permi\u021b\u00e2nd o extensie mai mare f\u0103r\u0103 a cre\u0219te dimensiunile exterioare, potrivite pentru aplica\u021bii cu spa\u021biu limitat.<\/li>\n<\/ul>\n<p>Putem produce acest produs, iar produsele noastre pot \u00eenlocui perfect ace\u0219ti cilindri hidraulici.<\/p>\n<p><img decoding=\"async\" src=\"https:\/\/www.hydraulic-cylinders.net\/wp-content\/uploads\/2025\/01\/songte-cylinder-head-with-all-kinds-excavator-models.webp\" alt=\"Chiulas\u0103\"><\/p>\n<h2>Aplica\u021bii<\/h2>\n<h3>Echipamente de construc\u021bii<\/h3>\n<p>\u00cen excavatoare, acestea sunt esen\u021biale pentru s\u0103pare, \u00eenc\u0103rcare \u0219i mutarea solului sau a resturilor. \u00cen excavatoarele cu buldoexcavatoare, cilindrii cupei ajut\u0103 at\u00e2t la s\u0103pare, c\u00e2t \u0219i la ridicare. \u00cen \u00eenc\u0103rc\u0103toarele frontale, acestea ajut\u0103 la ridicarea \u0219i desc\u0103rcarea eficient\u0103 a m\u0103rfurilor.<\/p>\n<h3>Ma\u0219ini agricole<\/h3>\n<p>Folosite la \u00eenc\u0103rc\u0103toarele frontale pentru scobere, ridicare \u0219i transportul solului, f\u00e2nului \u0219i altor materiale. La excavatoare, cilindrii cupei permit ac\u021biunea de s\u0103pare permi\u021b\u00e2nd cupei s\u0103 p\u0103trund\u0103 \u00een sol.<\/p>\n<h3>Ma\u0219ini industriale<\/h3>\n<p>Cilindrii cu cup\u0103 sunt utiliza\u021bi \u00eentr-o varietate de utilaje industriale, inclusiv macarale, stivuitoare \u0219i echipamente de manipulare a materialelor.<\/p>\n<h2>Considera\u021bii de proiectare \u0219i criterii de selec\u021bie<\/h2>\n<h3>Capacitate portant\u0103<\/h3>\n<p>Capacitatea portant\u0103 a cilindrului cupei este o considera\u021bie esen\u021bial\u0103 \u00een proiectarea sa. Acesta trebuie s\u0103 fie capabil s\u0103 suporte sarcina materialului manipulat \u0219i s\u0103 func\u021bioneze fiabil \u00een medii dure.<\/p>\n<h3>Sigilare<\/h3>\n<p>Etan\u0219area eficient\u0103 este esen\u021bial\u0103 pentru a preveni scurgerile de ulei hidraulic \u0219i a asigura o func\u021bionare f\u0103r\u0103 probleme.<\/p>\n<h3>Durabilitate<\/h3>\n<p>Cilindrul cupei trebuie s\u0103 fie suficient de durabil pentru a rezista la o utilizare intens\u0103 \u0219i la uzur\u0103 \u0219i coroziune pentru a-i prelungi durata de via\u021b\u0103.<\/p>\n<h3>Siguran\u0163\u0103<\/h3>\n<p>Siguran\u021ba este o considera\u021bie crucial\u0103 \u00een proiectarea cilindrilor hidraulici. Ace\u0219tia ar trebui s\u0103 fie proiecta\u021bi pentru a preveni accidentele \u00een timpul func\u021bion\u0103rii.<\/p>\n<h3>\u00centre\u0163inere<\/h3>\n<p>\u00centre\u021binerea regulat\u0103 este esen\u021bial\u0103 pentru a asigura func\u021bionarea fiabil\u0103 \u0219i sigur\u0103 a cilindrului cupei. \u00centre\u021binerea trebuie s\u0103 includ\u0103 verific\u0103ri \u0219i lubrifiere regulate a pieselor mobile, \u00eenlocuirea garniturilor uzate sau deteriorate \u0219i verific\u0103ri ale calibr\u0103rii.<\/p>\n<p><img decoding=\"async\" src=\"https:\/\/www.hydraulic-cylinders.net\/wp-content\/uploads\/2025\/01\/songte-oil-pipes-and-spare-parts.webp\" alt=\"Conducte de petrol \u0219i piese de schimb\"><\/p>\n<h2>Etan\u0219are \u0219i lubrifiere<\/h2>\n<p>Cilindrul cupei utilizeaz\u0103 diverse garnituri, cum ar fi garnituri de piston \u0219i garnituri de tij\u0103, fabricate din materiale rezistente la uzur\u0103, precum poliuretanul \u0219i cauciucul nitrilic. Corpul cilindrului \u0219i suprafe\u021bele capetelor filetate sunt supuse unei prelucr\u0103ri atente pentru a \u00eembun\u0103t\u0103\u021bi rezisten\u021ba la uzur\u0103. Lubrifierea regulat\u0103 cu o cantitate adecvat\u0103 de ulei hidraulic este necesar\u0103 pentru a asigura o func\u021bionare lin\u0103 \u0219i a preveni uzura \u0219i coroziunea.<\/p>\n<h2>\u00centre\u021binere \u0219i repara\u021bii<\/h2>\n<p>\u00centre\u021binerea regulat\u0103 este crucial\u0103 pentru a asigura func\u021bionarea fiabil\u0103 \u0219i sigur\u0103 a cilindrului cupei. Sarcinile de \u00eentre\u021binere includ verific\u0103ri regulate, lubrifiere, \u00eenlocuirea garniturilor uzate sau deteriorate \u0219i verific\u0103ri de calibrare. Este esen\u021bial s\u0103 instala\u021bi corect cilindrul \u0219i s\u0103 \u00eel alinia\u021bi corespunz\u0103tor. Se recomand\u0103 utilizarea unor console de instalare adecvate pentru a fixa cilindrul la locul s\u0103u. De asemenea, recomand\u0103m respectarea procedurilor recomandate de inspec\u021bie, reparare \u0219i \u00eenlocuire \u0219i oferirea de servicii de \u00eenlocuire \u0219i reconstruc\u021bie a pieselor pentru a prelungi durata de via\u021b\u0103 a cilindrului cupei.<\/p>\n<p><img decoding=\"async\" src=\"https:\/\/www.hydraulic-cylinders.net\/wp-content\/uploads\/2025\/01\/songte-chushion-collar.webp\" alt=\"Guler Chushion\"><\/p>\n<h2>Considera\u021bii privind siguran\u021ba \u0219i mediul<\/h2>\n<p>C\u00e2nd utiliza\u021bi cilindri pentru cupe, este esen\u021bial s\u0103 respecta\u021bi instruc\u021biunile de siguran\u021b\u0103 pentru a evita accidentele \u0219i a asigura siguran\u021ba operatorului. De asemenea, recomand\u0103m respectarea instruc\u021biunilor de mediu pentru eliminarea uleiului hidraulic uzat \u0219i a altor materiale reziduale.<\/p>\n<h2>Diagnosticarea \u0219i depanarea defec\u021biunilor<\/h2>\n<p>Problemele frecvente ale cilindrilor cupei includ scurgeri de ulei, presiune insuficient\u0103 \u0219i mi\u0219c\u0103ri neregulate. Diagnosticarea defec\u021biunilor necesit\u0103 o inspec\u021bie \u0219i o testare atent\u0103 pentru a identifica cauza principal\u0103 a problemei. Recomand\u0103m abordarea prompt\u0103 a problemelor pentru a preveni deteriorarea ulterioar\u0103 a cilindrului \u0219i a altor componente ale utilajelor.<\/p>\n<h2>Introducerea companiei<\/h2>\n<p>Suntem produc\u0103tori de cilindri hidraulici de schimb, cu o gam\u0103 complet\u0103 de produse \u0219i am devenit unul dintre principalii produc\u0103tori \u0219i distribuitori angro de cilindri hidraulici pe pie\u021bele interne \u0219i interna\u021bionale. Urm\u0103m principiul calit\u0103\u021bii excelente, ne baz\u0103m pe strategia industrializat\u0103 de management al produc\u021biei a atelierelor de produc\u021bie de precizie, \u00eembun\u0103t\u0103\u021bim continuu platforma de produc\u021bie a atelierului, perfec\u021bion\u0103m ruta de produc\u021bie a calit\u0103\u021bii produsului \u0219i avem o creativitate puternic\u0103 pentru a satisface nevoile diverse ale clien\u021bilor cu eficien\u021b\u0103, precizie \u0219i calitate ridicate.<\/p>\n<p><img decoding=\"async\" src=\"https:\/\/hzpt.com\/wp-content\/uploads\/2024\/11\/songte-company-1.webp\" alt=\"Companie\"><\/p>\n<h3>Profesionalism<\/h3>\n<p>Avem o echip\u0103 de profesioni\u0219ti cu experien\u021b\u0103, cu expertiz\u0103 \u00een proiectarea, produc\u021bia \u0219i testarea cilindrilor hidraulici.<\/p>\n<h3>Certificare interna\u021bional\u0103<\/h3>\n<p>Produsele noastre au trecut certific\u0103ri interna\u021bionale precum CE \u0219i ISO 9001, asigur\u00e2nd respectarea standardelor interna\u021bionale de calitate.<\/p>\n<h3>Servicii de personalizare<\/h3>\n<p>Oferim servicii de personalizare pentru a satisface nevoile specifice ale clien\u021bilor no\u0219tri.<\/p>\n<h3>Echipamente de produc\u021bie<\/h3>\n<p>Folosim echipamente de produc\u021bie avansate, inclusiv ma\u0219ini CNC \u0219i echipamente de testare de precizie, pentru a asigura acurate\u021bea \u0219i calitatea produselor noastre.<\/p>\n<h3>Serviciu post-v\u00e2nzare<\/h3>\n<p>Oferim servicii complete post-v\u00e2nzare, inclusiv \u00eendrum\u0103ri pentru instalare, instruire \u00een \u00eentre\u021binere \u0219i servicii de \u00eenlocuire \u0219i reparare.<\/p>\n<p>Autor: lyl.<\/p>","protected":false},"excerpt":{"rendered":"<p>Bucket Cylinder For Lovol Middle Excavator FR225 Introduction The bucket cylinder for Lovol middle excavator FR225 is a specialized hydraulic cylinder designed for controlling the movement of the bucket in heavy machinery such as excavators, backhoe excavators, and front-end loaders. Its primary function is to enable the bucket to lift, lower, and tilt, making it [&hellip;]<\/p>","protected":false},"featured_media":14776,"comment_status":"open","ping_status":"closed","template":"","meta":{"_et_pb_use_builder":"","_et_pb_old_content":"","_et_gb_content_width":""},"product_brand":[],"product_cat":[1494],"product_tag":[1495,1496],"class_list":{"0":"post-15560","1":"product","2":"type-product","3":"status-publish","4":"has-post-thumbnail","6":"product_cat-bucket-cylinders","7":"product_tag-bucket-cylinders","8":"product_tag-hydraulic-cylinders","10":"first","11":"instock","12":"shipping-taxable","13":"product-type-simple"},"amp_enabled":true,"_links":{"self":[{"href":"https:\/\/www.hydraulic-cylinders.net\/ro\/wp-json\/wp\/v2\/product\/15560","targetHints":{"allow":["GET"]}}],"collection":[{"href":"https:\/\/www.hydraulic-cylinders.net\/ro\/wp-json\/wp\/v2\/product"}],"about":[{"href":"https:\/\/www.hydraulic-cylinders.net\/ro\/wp-json\/wp\/v2\/types\/product"}],"replies":[{"embeddable":true,"href":"https:\/\/www.hydraulic-cylinders.net\/ro\/wp-json\/wp\/v2\/comments?post=15560"}],"wp:featuredmedia":[{"embeddable":true,"href":"https:\/\/www.hydraulic-cylinders.net\/ro\/wp-json\/wp\/v2\/media\/14776"}],"wp:attachment":[{"href":"https:\/\/www.hydraulic-cylinders.net\/ro\/wp-json\/wp\/v2\/media?parent=15560"}],"wp:term":[{"taxonomy":"product_brand","embeddable":true,"href":"https:\/\/www.hydraulic-cylinders.net\/ro\/wp-json\/wp\/v2\/product_brand?post=15560"},{"taxonomy":"product_cat","embeddable":true,"href":"https:\/\/www.hydraulic-cylinders.net\/ro\/wp-json\/wp\/v2\/product_cat?post=15560"},{"taxonomy":"product_tag","embeddable":true,"href":"https:\/\/www.hydraulic-cylinders.net\/ro\/wp-json\/wp\/v2\/product_tag?post=15560"}],"curies":[{"name":"wp","href":"https:\/\/api.w.org\/{rel}","templated":true}]}}