{"id":15564,"date":"2025-01-19T14:41:21","date_gmt":"2025-01-19T14:41:21","guid":{"rendered":"https:\/\/www.hydraulic-cylinders.net\/product\/bucket-cylinder-for-lovol-large-excavator-fr460d\/"},"modified":"2025-01-19T14:41:23","modified_gmt":"2025-01-19T14:41:23","slug":"bucket-cylinder-for-lovol-large-excavator-fr460d","status":"publish","type":"product","link":"https:\/\/www.hydraulic-cylinders.net\/ro\/produs\/bucket-cylinder-for-lovol-large-excavator-fr460d\/","title":{"rendered":"Cilindru cu cup\u0103 pentru excavatorul mare Lovol FR460D"},"content":{"rendered":"<h1>Cilindru cu cup\u0103 pentru excavatorul mare Lovol FR460D<\/h1>\n<h2>Introducere<\/h2>\n<p>Un cilindru al cupei este un cilindru hidraulic special conceput, utilizat pentru a controla mi\u0219carea cupei \u00een utilaje grele, cum ar fi excavatoarele, excavatoarele cu buldoexcavatoare \u0219i \u00eenc\u0103rc\u0103toare frontale. Acesta permite ridicarea, cobor\u00e2rea \u0219i \u00eenclinarea cupei, facilit\u00e2nd gestionarea diverselor sarcini de manipulare a materialelor. \u00cen sistemul hidraulic, cilindrul cupei utilizeaz\u0103 modific\u0103ri ale presiunii uleiului hidraulic pentru a ob\u021bine un control precis al cupei, permi\u021b\u00e2nd operatorilor s\u0103 manipuleze eficient sarcini grele \u0219i s\u0103 se adapteze la medii de lucru complexe \u0219i nevoi opera\u021bionale diverse.<\/p>\n<p><img decoding=\"async\" src=\"https:\/\/www.hydraulic-cylinders.net\/wp-content\/uploads\/2025\/01\/songte-company-2.webp\" alt=\"Imaginea cilindrului cupei\"><\/p>\n<h2>Caracteristici ale produsului<\/h2>\n<ul>\n<li>Rezisten\u021b\u0103 \u0219i durabilitate ridicate: Fabricate de obicei din o\u021bel sau aluminiu de \u00eenalt\u0103 rezisten\u021b\u0103, pot rezista la presiuni ridicate \u0219i sarcini grele, se adapteaz\u0103 la medii de lucru dure \u0219i sunt proiectate cu rezisten\u021b\u0103 la uzur\u0103 \u0219i coroziune, prelungindu-i durata de via\u021b\u0103.<\/li>\n<li>Func\u021bionare hidraulic\u0103 eficient\u0103: Utilizeaz\u0103 presiunea uleiului hidraulic pentru a ob\u021bine o extensie \u0219i o retragere lin\u0103, un r\u0103spuns rapid la comenzile de control \u0219i ofer\u0103 o for\u021b\u0103 puternic\u0103 de \u00eempingere \u0219i tragere, potrivit\u0103 pentru manipularea sarcinilor grele \u0219i a sarcinilor complexe.<\/li>\n<li>Diverse tipuri: Se pot alege cilindri cu ac\u021biune simpl\u0103 (hidraulic utilizat \u00eentr-o singur\u0103 direc\u021bie) sau cu ac\u021biune dubl\u0103 (hidraulic utilizat \u00een dou\u0103 direc\u021bii) \u00een func\u021bie de nevoile de a satisface diferite cerin\u021be opera\u021bionale. Unele modele sunt telescopice, permi\u021b\u00e2nd o extindere mai mare f\u0103r\u0103 a cre\u0219te dimensiunile exterioare, potrivite pentru aplica\u021bii cu spa\u021biu limitat.<\/li>\n<li>Compatibil: Produsul nostru poate \u00eenlocui perfect ace\u0219ti cilindri hidraulici.<\/li>\n<\/ul>\n<p><img decoding=\"async\" src=\"https:\/\/www.hydraulic-cylinders.net\/wp-content\/uploads\/2025\/01\/songte-cylinder-head-with-all-kinds-excavator-models.webp\" alt=\"Imaginea produsului\"><\/p>\n<h2>Aplica\u021bie<\/h2>\n<p>Cilindrul cupei este utilizat pe scar\u0103 larg\u0103 \u00een diverse utilaje grele, inclusiv, dar f\u0103r\u0103 a se limita la:<\/p>\n<ul>\n<li>Echipamente de construc\u021bii: \u00cen excavatoare, acestea sunt esen\u021biale pentru s\u0103pare, \u00eenc\u0103rcare \u0219i mutarea solului sau a resturilor. \u00cen excavatoarele cu buldoexcavatoare, cilindrul cupei ajut\u0103 at\u00e2t la s\u0103pare, c\u00e2t \u0219i la ridicare. <\/li>\n<li>Ma\u0219ini agricole: utilizate la \u00eenc\u0103rc\u0103toarele frontale pentru a scoate, ridica \u0219i transporta p\u0103m\u00e2nt, f\u00e2n \u0219i alte materiale. <\/li>\n<li>Excavatoare: Cilindrii cupei permit ac\u021biuni de s\u0103pare permi\u021b\u00e2nd cupei s\u0103 p\u0103trund\u0103 \u00een sol. <\/li>\n<li>\u00cenc\u0103rc\u0103toare: \u00cen \u00eenc\u0103rc\u0103toarele frontale, acestea ajut\u0103 la ridicarea \u0219i \u00eenclinarea eficient\u0103 a m\u0103rfurilor. <\/li>\n<\/ul>\n<h2>Considera\u021bii de proiectare \u0219i criterii de selec\u021bie<\/h2>\n<ul>\n<li>Capacitate portant\u0103: Cilindrii cupei trebuie proiecta\u021bi \u0219i selecta\u021bi \u00een func\u021bie de capacitatea portant\u0103 necesar\u0103 pentru aplica\u021bie. <\/li>\n<li>Etan\u0219are: Trebuie selectate diverse elemente de etan\u0219are, cum ar fi inele de etan\u0219are pentru piston, inele de etan\u0219are pentru tij\u0103 etc. Pentru etan\u0219area componentelor se utilizeaz\u0103 de obicei poliuretan, cauciuc nitrilic \u0219i alte materiale rezistente la uzur\u0103. <\/li>\n<li>Durabilitate: Lua\u021bi \u00een considerare factori precum rezisten\u021ba la uzur\u0103, rezisten\u021ba la coroziune \u0219i factorii de mediu pentru a asigura o durat\u0103 lung\u0103 de via\u021b\u0103. <\/li>\n<li>Siguran\u021b\u0103: Trebuie luate m\u0103suri de siguran\u021b\u0103 adecvate pentru a preveni accidentele \u00een timpul func\u021bion\u0103rii, iar butelia trebuie proiectat\u0103 astfel \u00eenc\u00e2t s\u0103 minimizeze poten\u021bialul de defec\u021biune. <\/li>\n<li>\u00centre\u021binere: Cilindrul trebuie s\u0103 fie proiectat pentru \u00eentre\u021binere \u0219i repara\u021bii u\u0219oare, iar demontarea \u0219i asamblarea trebuie s\u0103 fie simple \u0219i convenabile. <\/li>\n<\/ul>\n<p><img decoding=\"async\" src=\"https:\/\/www.hydraulic-cylinders.net\/wp-content\/uploads\/2025\/01\/songte-oil-pipes-and-spare-parts.webp\" alt=\"Imagine de design\"><\/p>\n<h2>Etan\u0219are \u0219i lubrifiere<\/h2>\n<p>Pentru a asigura o etan\u0219are fiabil\u0103, trebuie selectate diverse componente de etan\u0219are, cum ar fi inelele de etan\u0219are ale pistonului, inelele de etan\u0219are ale tijei etc. Pentru componentele de etan\u0219are se utilizeaz\u0103 de obicei materiale rezistente la uzur\u0103, cum ar fi poliuretanul \u0219i cauciucul nitrilic. Corpul cilindrului \u0219i suprafa\u021ba cap\u0103tului filetat trebuie prelucrate fin pentru a \u00eembun\u0103t\u0103\u021bi rezisten\u021ba la uzur\u0103. Lubrifierea regulat\u0103 cu ulei hidraulic trebuie efectuat\u0103 pentru a asigura o func\u021bionare lin\u0103.<\/p>\n<h2>\u00centre\u021binere \u0219i repara\u021bii<\/h2>\n<p>Inspec\u021bia regulat\u0103, lubrifierea corespunz\u0103toare, \u00eenlocuirea garniturilor \u0219i verific\u0103rile de calibrare sunt sarcini comune de \u00eentre\u021binere. Instalarea, lubrifierea \u0219i reglarea corect\u0103 sunt cruciale pentru a asigura fiabilitatea pe termen lung. \u00cen timpul instal\u0103rii, trebuie furnizate \u00eendrum\u0103ri de aliniere corespunz\u0103toare \u0219i trebuie utilizate console de instalare adecvate pentru a fixa cilindrul. Trebuie respectate procedurile recomandate de inspec\u021bie, reparare \u0219i \u00eenlocuire pentru a asigura o durat\u0103 lung\u0103 de via\u021b\u0103 a cilindrului.<\/p>\n<p><img decoding=\"async\" src=\"https:\/\/www.hydraulic-cylinders.net\/wp-content\/uploads\/2025\/01\/songte-chushion-collar.webp\" alt=\"Imagine de \u00eentre\u021binere\"><\/p>\n<h2>Considera\u021bii privind siguran\u021ba \u0219i mediul<\/h2>\n<p>Trebuie luate m\u0103suri de siguran\u021b\u0103 pentru a asigura func\u021bionarea \u00een siguran\u021b\u0103 \u0219i a preveni poten\u021bialele accidente. Factorii de mediu precum temperatura, umiditatea \u0219i praful trebuie, de asemenea, lua\u021bi \u00een considerare la proiectarea \u0219i selectarea cilindrilor cupei. Eliminarea corect\u0103 a uleiului hidraulic uzat trebuie s\u0103 respecte reglement\u0103rile de mediu.<\/p>\n<h2>Diagnosticarea defec\u021biunilor \u0219i probleme frecvente<\/h2>\n<ul>\n<li>Func\u021bionare lent\u0103 sau greoaie <\/li>\n<li>Zgomot excesiv <\/li>\n<li>Scurgere de ulei <\/li>\n<li>Dificult\u0103\u021bi de pozi\u021bionare <\/li>\n<li>Mi\u0219care sacadat\u0103 <\/li>\n<\/ul>\n<p>Pentru a rezolva aceste probleme, trebuie s\u0103 efectua\u021bi o inspec\u021bie am\u0103nun\u021bit\u0103 a cilindrului \u0219i a sistemului hidraulic, s\u0103 verifica\u021bi dac\u0103 exist\u0103 scurgeri \u0219i s\u0103 \u00eenlocui\u021bi componentele uzate sau deteriorate.<\/p>\n<h2>Despre compania noastr\u0103<\/h2>\n<p>Suntem produc\u0103tori de cilindri hidraulici care pot \u00eenlocui cilindrii hidraulici originali. Oferim o gam\u0103 complet\u0103 de produse \u0219i am devenit unul dintre principalii produc\u0103tori \u0219i distribuitori angro de cilindri hidraulici pe pie\u021bele interne \u0219i interna\u021bionale. Ader\u0103m la principiile calit\u0103\u021bii excelente \u0219i ne baz\u0103m pe strategia industrializat\u0103 de management al produc\u021biei din atelierele de produc\u021bie fin\u0103. Compania noastr\u0103 \u00eembun\u0103t\u0103\u021be\u0219te constant platforma de produc\u021bie a atelierului, perfec\u021bioneaz\u0103 linia de produc\u021bie a calit\u0103\u021bii produselor \u0219i are o puternic\u0103 capacitate creativ\u0103 de a satisface nevoile diverse ale clien\u021bilor cu eficien\u021b\u0103 ridicat\u0103, precizie ridicat\u0103 \u0219i calitate superioar\u0103.<\/p>\n<p><img decoding=\"async\" src=\"https:\/\/www.hydraulic-cylinders.net\/wp-content\/uploads\/2025\/01\/songte-company-3.webp\" alt=\"Imaginea companiei\"><\/p>\n<h2>Profesionalism<\/h2>\n<p>Avem o echip\u0103 de tehnicieni \u0219i ingineri profesioni\u0219ti cu ani de experien\u021b\u0103 \u00een industria cilindrilor hidraulici. Tehnicienii \u0219i inginerii no\u0219tri sunt dedica\u021bi furniz\u0103rii de produse \u0219i servicii de cea mai bun\u0103 calitate clien\u021bilor no\u0219tri.<\/p>\n<h2>Certificare interna\u021bional\u0103<\/h2>\n<p>Cilindrii no\u0219tri hidraulici sunt fabrica\u021bi conform standardelor interna\u021bionale \u0219i au trecut diverse certific\u0103ri, cum ar fi ISO 9001 \u0219i certificarea CE.<\/p>\n<h2>Serviciu de personalizare<\/h2>\n<p>Oferim servicii de personalizare pentru a satisface cerin\u021bele specifice ale clien\u021bilor no\u0219tri, inclusiv adaptarea designului cilindrilor hidraulici la nevoile specifice ale clientului.<\/p>\n<h2>Echipamente de produc\u021bie<\/h2>\n<p>Dispunem de echipamente de produc\u021bie avansate, inclusiv echipamente digitale de fabrica\u021bie de ultim\u0103 genera\u021bie, pentru a produce cilindri hidraulici cu eficien\u021b\u0103 ridicat\u0103, precizie ridicat\u0103 \u0219i calitate superioar\u0103.<\/p>\n<h2>Serviciu post-v\u00e2nzare<\/h2>\n<p>Oferim servicii complete post-v\u00e2nzare, inclusiv \u00eentre\u021binere, repara\u021bii \u0219i \u00eenlocuire a pieselor. Scopul nostru este s\u0103 ne asigur\u0103m c\u0103 fiecare client este mul\u021bumit de produsele \u0219i serviciile noastre.<\/p>\n<p><img decoding=\"async\" src=\"https:\/\/hzpt.com\/wp-content\/uploads\/2024\/11\/songte-company-1.webp\" alt=\"Imaginea companiei\"><\/p>\n<h3>Autor: lyl<\/h3>","protected":false},"excerpt":{"rendered":"<p>Bucket Cylinder For Lovol Large Excavator FR460D Introduction A bucket cylinder is a specially designed hydraulic cylinder used to control the movement of the bucket in heavy machinery such as excavators, backhoe excavators, and front-end loaders. It enables the bucket to lift, lower, and tilt, making it easier to handle various material-handling tasks. In the [&hellip;]<\/p>","protected":false},"featured_media":14765,"comment_status":"open","ping_status":"closed","template":"","meta":{"_et_pb_use_builder":"","_et_pb_old_content":"","_et_gb_content_width":""},"product_brand":[],"product_cat":[1494],"product_tag":[1495,1496],"class_list":{"0":"post-15564","1":"product","2":"type-product","3":"status-publish","4":"has-post-thumbnail","6":"product_cat-bucket-cylinders","7":"product_tag-bucket-cylinders","8":"product_tag-hydraulic-cylinders","10":"first","11":"instock","12":"shipping-taxable","13":"product-type-simple"},"amp_enabled":true,"_links":{"self":[{"href":"https:\/\/www.hydraulic-cylinders.net\/ro\/wp-json\/wp\/v2\/product\/15564","targetHints":{"allow":["GET"]}}],"collection":[{"href":"https:\/\/www.hydraulic-cylinders.net\/ro\/wp-json\/wp\/v2\/product"}],"about":[{"href":"https:\/\/www.hydraulic-cylinders.net\/ro\/wp-json\/wp\/v2\/types\/product"}],"replies":[{"embeddable":true,"href":"https:\/\/www.hydraulic-cylinders.net\/ro\/wp-json\/wp\/v2\/comments?post=15564"}],"wp:featuredmedia":[{"embeddable":true,"href":"https:\/\/www.hydraulic-cylinders.net\/ro\/wp-json\/wp\/v2\/media\/14765"}],"wp:attachment":[{"href":"https:\/\/www.hydraulic-cylinders.net\/ro\/wp-json\/wp\/v2\/media?parent=15564"}],"wp:term":[{"taxonomy":"product_brand","embeddable":true,"href":"https:\/\/www.hydraulic-cylinders.net\/ro\/wp-json\/wp\/v2\/product_brand?post=15564"},{"taxonomy":"product_cat","embeddable":true,"href":"https:\/\/www.hydraulic-cylinders.net\/ro\/wp-json\/wp\/v2\/product_cat?post=15564"},{"taxonomy":"product_tag","embeddable":true,"href":"https:\/\/www.hydraulic-cylinders.net\/ro\/wp-json\/wp\/v2\/product_tag?post=15564"}],"curies":[{"name":"wp","href":"https:\/\/api.w.org\/{rel}","templated":true}]}}