{"id":15565,"date":"2025-01-19T14:41:25","date_gmt":"2025-01-19T14:41:25","guid":{"rendered":"https:\/\/www.hydraulic-cylinders.net\/product\/bucket-cylinder-for-liugong-small-excavator-clg904c\/"},"modified":"2025-01-19T14:41:27","modified_gmt":"2025-01-19T14:41:27","slug":"bucket-cylinder-for-liugong-small-excavator-clg904c","status":"publish","type":"product","link":"https:\/\/www.hydraulic-cylinders.net\/ro\/produs\/bucket-cylinder-for-liugong-small-excavator-clg904c\/","title":{"rendered":"Cilindru cu cup\u0103 pentru excavatorul mic Liugong CLG904C"},"content":{"rendered":"<h1>Cilindru cu cup\u0103 pentru excavatorul mic Liugong CLG904C<\/h1>\n<h2>Introducere<\/h2>\n<p>Cilindrul cupei pentru excavatorul mic Liugong CLG904C este un cilindru hidraulic special conceput, utilizat \u00een principal pentru a controla mi\u0219carea cupei \u00een utilaje grele, cum ar fi excavatoarele, \u00eenc\u0103rc\u0103toarele cu buldoexcavatoare \u0219i \u00eenc\u0103rc\u0103toarele frontale. Func\u021bia sa principal\u0103 este de a permite ridicarea, cobor\u00e2rea \u0219i \u00eenclinarea cupei, facilit\u00e2nd diverse sarcini de manipulare a materialelor. \u00cen sistemul hidraulic, cilindrul cupei realizeaz\u0103 un control precis al cupei prin modific\u0103ri ale presiunii uleiului hidraulic, permi\u021b\u00e2nd operatorilor s\u0103 manipuleze eficient sarcini grele, s\u0103 se adapteze la medii de lucru complexe \u0219i la diverse cerin\u021be opera\u021bionale.<\/p>\n<p><img decoding=\"async\" src=\"https:\/\/www.hydraulic-cylinders.net\/wp-content\/uploads\/2025\/01\/songte-company-2.webp\" alt=\"Imaginea cilindrului cupei\"><\/p>\n<h2>Caracteristici<\/h2>\n<ul>\n<li>Rezisten\u021b\u0103 \u0219i durabilitate ridicate: Fabricate de obicei din o\u021bel sau aluminiu de \u00eenalt\u0103 rezisten\u021b\u0103, pot rezista la presiuni ridicate \u0219i sarcini grele, adapt\u00e2ndu-se la medii de lucru dure. Designul ia \u00een considerare rezisten\u021ba la uzur\u0103 \u0219i la coroziune, prelungind durata de via\u021b\u0103.<\/li>\n<li>Func\u021bionare hidraulic\u0103 eficient\u0103: Utilizeaz\u0103 presiunea uleiului hidraulic pentru a ob\u021bine mi\u0219c\u0103ri line de extensie \u0219i retragere, capabil s\u0103 r\u0103spund\u0103 rapid la comenzile de control, oferind for\u021be puternice de \u00eempingere \u0219i tragere, potrivite pentru manipularea sarcinilor grele \u0219i a sarcinilor complexe.<\/li>\n<li>Diverse tipuri: Cilindrii cu ac\u021biune simpl\u0103 (utiliza\u021bi hidraulic \u00eentr-o singur\u0103 direc\u021bie) sau cu ac\u021biune dubl\u0103 (utiliza\u021bi hidraulic \u00een ambele direc\u021bii) pot fi selecta\u021bi \u00een func\u021bie de cerin\u021be pentru a satisface diferite nevoi opera\u021bionale. Unele modele sunt telescopice, permi\u021b\u00e2nd o extensie mai mare f\u0103r\u0103 a cre\u0219te dimensiunile exterioare, potrivite pentru aplica\u021bii cu spa\u021biu limitat.<\/li>\n<li>Poate fi folosit ca \u00eenlocuitor pentru cilindri hidraulici similari.<\/li>\n<\/ul>\n<p><img decoding=\"async\" src=\"https:\/\/www.hydraulic-cylinders.net\/wp-content\/uploads\/2025\/01\/songte-cylinder-head-with-all-kinds-excavator-models.webp\" alt=\"Imagine de \u00eenlocuire a cilindrului cupei\"><\/p>\n<h2>Aplica\u021bii<\/h2>\n<p>Cilindrul cu cup\u0103 \u00ee\u0219i g\u0103se\u0219te utilizarea \u00een diverse utilaje grele, cum ar fi:<\/p>\n<ul>\n<li>Echipamente de construc\u021bii: \u00cen excavatoare, acestea sunt esen\u021biale pentru s\u0103pare, \u00eenc\u0103rcare \u0219i mutarea solului sau a resturilor. \u00cen buldoexcavatoarele, cilindrul cupei ajut\u0103 at\u00e2t la s\u0103pare, c\u00e2t \u0219i la ridicare. <\/li>\n<li>Ma\u0219ini agricole: utilizate \u00een \u00eenc\u0103rc\u0103toare frontale pentru scobere, ridicare \u0219i transportul solului, f\u00e2nului \u0219i altor materiale. <\/li>\n<li>Excavatoare: Cilindrii cupei permit ac\u021biunea de s\u0103pare permi\u021b\u00e2nd cupei s\u0103 p\u0103trund\u0103 \u00een sol. <\/li>\n<li>\u00cenc\u0103rc\u0103toare: \u00cen \u00eenc\u0103rc\u0103toarele frontale, acestea ajut\u0103 la ridicarea \u0219i \u00eenclinarea eficient\u0103 a m\u0103rfurilor.<\/li>\n<\/ul>\n<p>Fiecare aplica\u021bie are cerin\u021be specifice, iar caracteristicile de design ale cilindrului cupei contribuie la \u00eendeplinirea acestor cerin\u021be.<\/p>\n<h2>Considera\u021bii de proiectare \u0219i criterii de selec\u021bie<\/h2>\n<p>Proiectarea cilindrului cupei ia \u00een considerare diver\u0219i factori precum capacitatea portant\u0103, etan\u0219area, durabilitatea, siguran\u021ba \u0219i mentenan\u021ba. Componentele sale includ:<\/p>\n<ul>\n<li>Garnituri de piston<\/li>\n<li>Garnituri de tij\u0103<\/li>\n<li>Inele de purtare<\/li>\n<li>Cilindru<\/li>\n<li>Capace de cap\u0103t<\/li>\n<li>Tija pistonului<\/li>\n<\/ul>\n<p><img decoding=\"async\" src=\"https:\/\/www.hydraulic-cylinders.net\/wp-content\/uploads\/2025\/01\/songte-oil-pipes-and-spare-parts.webp\" alt=\"Imaginea componentelor cilindrului cupei\"><\/p>\n<h3>Capacitate portant\u0103<\/h3>\n<p>Cilindrul trebuie s\u0103 poat\u0103 suporta sarcinile maxime ale aplica\u021biei f\u0103r\u0103 a se deteriora sau deforma. Presiunea maxim\u0103 de lucru este un factor critic \u00een determinarea capacit\u0103\u021bii portante a cilindrului.<\/p>\n<h3>Sigilare<\/h3>\n<p>Etan\u0219area este un aspect crucial al designului cilindrului, deoarece previne scurgerile de fluid hidraulic \u0219i contaminarea. Utilizarea garniturilor de \u00eenalt\u0103 calitate, cum ar fi poliuretanul sau cauciucul nitrilic, asigur\u0103 rezisten\u021b\u0103 la uzur\u0103 \u0219i o durat\u0103 lung\u0103 de via\u021b\u0103.<\/p>\n<h3>Durabilitate<\/h3>\n<p>Proiectarea cilindrului ar trebui s\u0103 ia \u00een considerare factori de durabilitate, cum ar fi rezisten\u021ba la uzur\u0103, rezisten\u021ba la coroziune \u0219i rezisten\u021ba la impact, asigur\u00e2nd longevitatea cilindrului.<\/p>\n<h3>Siguran\u0163\u0103<\/h3>\n<p>Cilindrul trebuie s\u0103 fie proiectat cu caracteristici de siguran\u021b\u0103, cum ar fi supape de suprapresiune, pentru a preveni defec\u021biunile catastrofale \u00een caz de supra\u00eenc\u0103rcare sau defec\u021biuni ale sistemului.<\/p>\n<h3>Mentenabilitate<\/h3>\n<p>Designul cilindrului ar trebui s\u0103 permit\u0103 demontarea, \u00eentre\u021binerea \u0219i reasamblarea u\u0219oar\u0103. Ar trebui s\u0103 fie disponibile piese de schimb de \u00eenalt\u0103 calitate \u0219i servicii de reconstruc\u021bie pentru a permite repara\u021bii rapide \u0219i rentabile.<\/p>\n<p><img decoding=\"async\" src=\"https:\/\/www.hydraulic-cylinders.net\/wp-content\/uploads\/2025\/01\/songte-chushion-collar.webp\" alt=\"Imagine de siguran\u021b\u0103 a cilindrului cupei\"><\/p>\n<h2>Etan\u0219are \u0219i lubrifiere<\/h2>\n<p>Etan\u0219area \u0219i lubrifierea cilindrului sunt esen\u021biale pentru performan\u021ba \u0219i longevitatea acestuia. Cilindrul folose\u0219te diverse garnituri, cum ar fi garniturile pistonului \u0219i garniturile tijei, pentru a preveni scurgerile de fluid hidraulic \u0219i contaminarea. Componentele cilindrului sunt tratate pentru a le spori rezisten\u021ba la uzur\u0103 \u0219i necesit\u0103 lubrifiere periodic\u0103 cu ulei hidraulic pentru a asigura o func\u021bionare f\u0103r\u0103 probleme.<\/p>\n<h2>\u00centre\u021binere \u0219i repara\u021bii preventive<\/h2>\n<p>Inspec\u021biile regulate \u0219i \u00eentre\u021binerea preventiv\u0103 sunt esen\u021biale pentru a asigura performan\u021ba optim\u0103 \u0219i longevitatea cilindrului. C\u00e2teva sarcini comune de \u00eentre\u021binere includ:<\/p>\n<ul>\n<li>Verific\u0103ri regulate pentru scurgeri sau deterior\u0103ri<\/li>\n<li>Lubrifierea conform recomand\u0103rilor produc\u0103torului<\/li>\n<li>\u00cenlocuirea garniturilor \u0219i verific\u0103ri ale calibr\u0103rii<\/li>\n<\/ul>\n<p>Instalarea, lubrifierea \u0219i reglarea corect\u0103 sunt cruciale pentru performan\u021ba optim\u0103 \u0219i longevitatea cilindrului. Instalarea trebuie s\u0103 implice alinierea corect\u0103 a cilindrului, iar pentru fixarea acestuia trebuie utilizate console de instalare adecvate.<\/p>\n<h2>Considera\u021bii privind siguran\u021ba \u0219i mediul<\/h2>\n<p>Utilizarea buteliei necesit\u0103 respectarea instruc\u021biunilor de siguran\u021b\u0103 pentru a preveni v\u0103t\u0103m\u0103rile corporale sau deteriorarea propriet\u0103\u021bii. Utilizarea buteliei are, de asemenea, un impact asupra mediului \u0219i trebuie practicate corect eliminarea, reciclarea \u0219i reutilizarea componentelor buteliei.<\/p>\n<h2>Depanare \u0219i \u00centreb\u0103ri Frecvente<\/h2>\n<p>\u00centreb\u0103rile frecvente \u0219i sfaturile de depanare includ:<\/p>\n<ul>\n<li>Cum pot cre\u0219te capacitatea de ridicare a cilindrului?<\/li>\n<li>Ce ar trebui s\u0103 fac dac\u0103 exist\u0103 o scurgere de lichid hidraulic?<\/li>\n<li>Ce ar trebui s\u0103 fac dac\u0103 cilindrul nu se retrage?<\/li>\n<\/ul>\n<p><img decoding=\"async\" src=\"https:\/\/www.hydraulic-cylinders.net\/wp-content\/uploads\/2025\/01\/songte-bushings-with-all-kinds-of-excavator-models.webp\" alt=\"Imagine de depanare a cilindrului cupei\"><\/p>\n<h2>Despre compania noastr\u0103<\/h2>\n<p>Suntem un produc\u0103tor de cilindri hidraulici specializa\u021bi \u00een produc\u021bia de cilindri hidraulici de schimb. Compania noastr\u0103 ofer\u0103 o gam\u0103 complet\u0103 de produse, ceea ce ne face unul dintre principalii produc\u0103tori \u0219i distribuitori angro de cilindri hidraulici pe pie\u021bele interne \u0219i interna\u021bionale. Urm\u0103m principiul calit\u0103\u021bii excelente \u0219i ne baz\u0103m pe strategii industrializate de management al produc\u021biei \u00een ateliere de fabrica\u021bie fin concepute. Prin utilizarea echipamentelor digitale avansate de fabrica\u021bie \u0219i a sistemelor profesionale de testare, ne-am \u00eembun\u0103t\u0103\u021bit continuu platforma de fabrica\u021bie, am perfec\u021bionat rutele de produc\u021bie a calit\u0103\u021bii produselor \u0219i am dob\u00e2ndit capacit\u0103\u021bi de crea\u021bie robuste. Produsele noastre se caracterizeaz\u0103 prin eficien\u021b\u0103 ridicat\u0103, precizie ridicat\u0103 \u0219i standarde de \u00eenalt\u0103 calitate, satisf\u0103c\u00e2nd diversele nevoi ale clien\u021bilor.<\/p>\n<p><img decoding=\"async\" src=\"https:\/\/hzpt.com\/wp-content\/uploads\/2024\/11\/songte-company-1.webp\" alt=\"Despre imaginea companiei noastre\"><\/p>\n<h3>Profesionalism<\/h3>\n<p>Compania noastr\u0103 are o echip\u0103 de profesioni\u0219ti cu experien\u021b\u0103, exper\u021bi \u00een proiectarea, ingineria \u0219i fabricarea cilindrilor hidraulici.<\/p>\n<h3>Certificare interna\u021bional\u0103<\/h3>\n<p>Produsele noastre sunt certificate conform standardelor interna\u021bionale de calitate, precum ISO9001, CE \u0219i SGS, asigur\u00e2nd cea mai \u00eenalt\u0103 calitate a produselor \u0219i satisfac\u021bia clien\u021bilor.<\/p>\n<h3>Servicii de personalizare<\/h3>\n<p>Oferim servicii de personalizare pentru a satisface cerin\u021bele specifice ale clien\u021bilor, oferind solu\u021bii personalizate pentru diverse nevoi legate de cilindrii hidraulici.<\/p>\n<h3>Echipamente de produc\u021bie<\/h3>\n<p>Folosim echipamente digitale avansate de produc\u021bie, inclusiv ma\u0219ini CNC, freze \u0219i strunguri, asigur\u00e2nd o fabrica\u021bie de \u00eenalt\u0103 calitate \u0219i precis\u0103.<\/p>\n<h3>Serviciu post-v\u00e2nzare<\/h3>\n<p>Oferim servicii complete post-v\u00e2nzare, inclusiv \u00eenlocuirea pieselor de schimb, servicii de reconstruc\u021bie \u0219i asisten\u021b\u0103 tehnic\u0103, asigur\u00e2nd satisfac\u021bia clien\u021bilor \u0219i longevitatea produsului.<\/p>\n<h3>Autor<\/h3>\n<p>Autor: lyl<\/p>","protected":false},"excerpt":{"rendered":"<p>Bucket Cylinder For Liugong Small Excavator CLG904C Introduction The bucket cylinder for Liugong small excavator CLG904C is a specially designed hydraulic cylinder primarily used to control the movement of the bucket in heavy machinery such as excavators, backhoe loaders, and front-end loaders. Its main function is to enable the bucket to lift, lower, and tilt, [&hellip;]<\/p>","protected":false},"featured_media":14762,"comment_status":"open","ping_status":"closed","template":"","meta":{"_et_pb_use_builder":"","_et_pb_old_content":"","_et_gb_content_width":""},"product_brand":[],"product_cat":[1494],"product_tag":[1495,1496],"class_list":{"0":"post-15565","1":"product","2":"type-product","3":"status-publish","4":"has-post-thumbnail","6":"product_cat-bucket-cylinders","7":"product_tag-bucket-cylinders","8":"product_tag-hydraulic-cylinders","10":"first","11":"instock","12":"shipping-taxable","13":"product-type-simple"},"amp_enabled":true,"_links":{"self":[{"href":"https:\/\/www.hydraulic-cylinders.net\/ro\/wp-json\/wp\/v2\/product\/15565","targetHints":{"allow":["GET"]}}],"collection":[{"href":"https:\/\/www.hydraulic-cylinders.net\/ro\/wp-json\/wp\/v2\/product"}],"about":[{"href":"https:\/\/www.hydraulic-cylinders.net\/ro\/wp-json\/wp\/v2\/types\/product"}],"replies":[{"embeddable":true,"href":"https:\/\/www.hydraulic-cylinders.net\/ro\/wp-json\/wp\/v2\/comments?post=15565"}],"wp:featuredmedia":[{"embeddable":true,"href":"https:\/\/www.hydraulic-cylinders.net\/ro\/wp-json\/wp\/v2\/media\/14762"}],"wp:attachment":[{"href":"https:\/\/www.hydraulic-cylinders.net\/ro\/wp-json\/wp\/v2\/media?parent=15565"}],"wp:term":[{"taxonomy":"product_brand","embeddable":true,"href":"https:\/\/www.hydraulic-cylinders.net\/ro\/wp-json\/wp\/v2\/product_brand?post=15565"},{"taxonomy":"product_cat","embeddable":true,"href":"https:\/\/www.hydraulic-cylinders.net\/ro\/wp-json\/wp\/v2\/product_cat?post=15565"},{"taxonomy":"product_tag","embeddable":true,"href":"https:\/\/www.hydraulic-cylinders.net\/ro\/wp-json\/wp\/v2\/product_tag?post=15565"}],"curies":[{"name":"wp","href":"https:\/\/api.w.org\/{rel}","templated":true}]}}