{"id":15571,"date":"2025-01-19T14:41:55","date_gmt":"2025-01-19T14:41:55","guid":{"rendered":"https:\/\/www.hydraulic-cylinders.net\/product\/bucket-cylinder-for-liugong-small-excavator-clg9045d-907\/"},"modified":"2025-01-19T14:41:57","modified_gmt":"2025-01-19T14:41:57","slug":"bucket-cylinder-for-liugong-small-excavator-clg9045d-907","status":"publish","type":"product","link":"https:\/\/www.hydraulic-cylinders.net\/ro\/produs\/bucket-cylinder-for-liugong-small-excavator-clg9045d-907\/","title":{"rendered":"Cilindru cu cup\u0103 pentru excavatorul mic Liugong CLG9045D\/907"},"content":{"rendered":"<h2>Cilindru cu cup\u0103 pentru excavatorul mic Liugong CLG9045D\/907<\/h2>\n<h3>Introducere<\/h3>\n<p>Un cilindru al cupei este un cilindru hidraulic special conceput, utilizat \u00een principal pentru a controla mi\u0219carea unei cupe \u00een utilaje grele, cum ar fi excavatoarele, excavatoarele \u0219i \u00eenc\u0103rc\u0103toarele frontale. Func\u021bia sa principal\u0103 este de a permite ridicarea, cobor\u00e2rea \u0219i \u00eenclinarea cupei, facilit\u00e2nd gestionarea unei variet\u0103\u021bi de sarcini de mutare a materialelor. \u00cen sistemul hidraulic, cilindrul cupei realizeaz\u0103 un control precis al mi\u0219c\u0103rilor cupei prin modific\u0103ri ale presiunii hidraulice, permi\u021b\u00e2nd operatorului s\u0103 manipuleze eficient sarcini grele, adapt\u00e2ndu-se \u00een acela\u0219i timp la medii de lucru complexe \u0219i cerin\u021be diverse ale lucr\u0103rii.<\/p>\n<p><img decoding=\"async\" src=\"https:\/\/www.hydraulic-cylinders.net\/wp-content\/uploads\/2025\/01\/songte-company-2.webp\" alt=\"Imaginea cilindrului cupei\"><\/p>\n<h3>Caracteristici<\/h3>\n<ul>\n<li>Rezisten\u021b\u0103 \u0219i durabilitate ridicate: Fabricate de obicei din o\u021bel sau aluminiu de \u00eenalt\u0103 rezisten\u021b\u0103, pot rezista la presiuni ridicate \u0219i sarcini grele, adapt\u00e2ndu-se la medii de lucru dure. Designul ia \u00een considerare rezisten\u021ba la uzur\u0103 \u0219i rezisten\u021ba la coroziune, prelungind durata de via\u021b\u0103.<\/li>\n<li>Func\u021bionare hidraulic\u0103 eficient\u0103: Utilizeaz\u0103 presiunea uleiului hidraulic pentru a ob\u021bine o extensie \u0219i o retragere lin\u0103, poate r\u0103spunde rapid la comenzile de control, ofer\u0103 for\u021be puternice de \u00eempingere \u0219i tragere, potrivite pentru manipularea sarcinilor grele \u0219i a sarcinilor complexe.<\/li>\n<li>Diverse tipuri: Cilindrii cu ac\u021biune simpl\u0103 (utiliza\u021bi hidraulic \u00eentr-o singur\u0103 direc\u021bie) sau cu ac\u021biune dubl\u0103 (utiliza\u021bi hidraulic \u00een dou\u0103 direc\u021bii) pot fi selecta\u021bi \u00een func\u021bie de nevoi pentru a satisface diferite cerin\u021be opera\u021bionale. Unele modele sunt telescopice, permi\u021b\u00e2nd o extensie mai mare f\u0103r\u0103 a cre\u0219te dimensiunile exterioare \u0219i fiind potrivi\u021bi pentru aplica\u021bii cu spa\u021biu limitat.<\/li>\n<li>Produse \u00eenlocuibile: Produsele noastre pot \u00eenlocui perfect ace\u0219ti cilindri hidraulici.<\/li>\n<li>Specifice aplica\u021biilor: Se utilizeaz\u0103 \u00een echipamente de construc\u021bii, cum ar fi excavatoare, \u00eenc\u0103rc\u0103toare frontale \u0219i excavatoare. \u00cen utilajele agricole, acestea sunt utilizate pentru \u00eenc\u0103rc\u0103toare frontale, s\u0103pat \u0219i transportul solului, f\u00e2nului \u0219i altor materiale.<\/li>\n<\/ul>\n<p><img decoding=\"async\" src=\"https:\/\/www.hydraulic-cylinders.net\/wp-content\/uploads\/2025\/01\/songte-cylinder-head-with-all-kinds-excavator-models.webp\" alt=\"Imaginea cilindrului cupei\"><\/p>\n<h3>Considera\u021bii de proiectare \u0219i criterii de selec\u021bie<\/h3>\n<ul>\n<li>Capacitate portant\u0103: Cilindrul trebuie s\u0103 poat\u0103 suporta sarcina la care va fi supus.<\/li>\n<li>Etan\u0219are: O varietate de etan\u0219\u0103ri, cum ar fi etan\u0219\u0103rile pistonului, etan\u0219\u0103rile tijei etc., utilizeaz\u0103 materiale rezistente la uzur\u0103, cum ar fi poliuretanul \u0219i cauciucul nitrilic. Corpul cilindrului \u0219i suprafe\u021bele filetate ale cap\u0103tului sunt prelucrate fin pentru a \u00eembun\u0103t\u0103\u021bi rezisten\u021ba la uzur\u0103.<\/li>\n<li>Durabilitate: Fabricat din materiale de \u00eenalt\u0103 rezisten\u021b\u0103, concepute pentru a rezista la medii de lucru dure \u0219i la utilizare prelungit\u0103.<\/li>\n<li>Siguran\u021b\u0103: Trebuie luate \u00een considerare siguran\u021ba operatorului \u0219i a mediului \u00eenconjur\u0103tor, cum ar fi instalarea de supape de siguran\u021b\u0103 \u0219i supape de suprapresiune.<\/li>\n<li>\u00centre\u021binere: Cilindrul trebuie proiectat av\u00e2nd \u00een vedere o \u00eentre\u021binere u\u0219oar\u0103, cum ar fi demontarea \u0219i asamblarea u\u0219oar\u0103 a pieselor \u0219i \u00eenlocuirea u\u0219oar\u0103 a garniturilor \u0219i a altor componente.<\/li>\n<\/ul>\n<p><img decoding=\"async\" src=\"https:\/\/www.hydraulic-cylinders.net\/wp-content\/uploads\/2025\/01\/songte-oil-pipes-and-spare-parts.webp\" alt=\"Imaginea cilindrului cupei\"><\/p>\n<h3>Etan\u0219are \u0219i lubrifiere<\/h3>\n<p>Diverse garnituri, cum ar fi garniturile pistonului, garniturile tijei etc., sunt utilizate pentru a preveni scurgerea uleiului hidraulic. Se utilizeaz\u0103 materiale rezistente la uzur\u0103, cum ar fi poliuretanul \u0219i cauciucul nitrilic. Corpul cilindrului \u0219i suprafe\u021bele filetate ale cap\u0103tului sunt prelucrate fin pentru a \u00eembun\u0103t\u0103\u021bi rezisten\u021ba la uzur\u0103. Este necesar\u0103 ad\u0103ugarea regulat\u0103 a unor cantit\u0103\u021bi adecvate de ulei hidraulic pentru lubrifiere.<\/p>\n<h3>\u00centre\u021binere \u0219i repara\u021bii<\/h3>\n<p>Trebuie efectuate inspec\u021bii regulate \u0219i m\u0103suri de \u00eentre\u021binere preventiv\u0103, cum ar fi lubrifierea, \u00eenlocuirea garniturilor \u0219i verific\u0103rile de calibrare. Instalarea, lubrifierea \u0219i reglarea corecte sunt cruciale. Se recomand\u0103 alinierea corect\u0103 a cilindrului \u0219i utilizarea consolelor de instalare adecvate pentru fixarea acestuia. De asemenea, se recomand\u0103 respectarea procedurilor recomandate de inspec\u021bie, reparare \u0219i \u00eenlocuire \u0219i furnizarea de piese de schimb \u0219i servicii de reconstruc\u021bie pentru a prelungi durata de via\u021b\u0103 a cilindrului.<\/p>\n<p><img decoding=\"async\" src=\"https:\/\/www.hydraulic-cylinders.net\/wp-content\/uploads\/2025\/01\/songte-chushion-collar.webp\" alt=\"Imaginea cilindrului cupei\"><\/p>\n<h3>Considera\u021bii de siguran\u021b\u0103 \u0219i factori de mediu<\/h3>\n<p>La utilizarea buteliei, trebuie luate m\u0103suri de siguran\u021b\u0103 pentru a proteja operatorul \u0219i mediul \u00eenconjur\u0103tor, cum ar fi instalarea de supape de siguran\u021b\u0103 \u0219i supape de suprapresiune. De asemenea, trebuie lua\u021bi \u00een considerare factorii de mediu precum temperatura, umiditatea \u0219i substan\u021bele corozive.<\/p>\n<h3>Depanare \u0219i probleme frecvente<\/h3>\n<p>Problemele frecvente ale cilindrilor cupei includ scurgeri, tije \u00eendoite \u0219i etan\u0219\u0103ri deteriorate. Ar trebui furnizate sfaturi \u0219i solu\u021bii de depanare pentru a ajuta cititorul s\u0103 diagnosticheze \u0219i s\u0103 rezolve problemele \u00een mod eficient. De asemenea, ar trebui sugerate m\u0103suri preventive pentru a minimiza poten\u021bialele probleme.<\/p>\n<p><img decoding=\"async\" src=\"https:\/\/www.hydraulic-cylinders.net\/wp-content\/uploads\/2025\/01\/songte-bushings-with-all-kinds-of-excavator-models.webp\" alt=\"Imaginea cilindrului cupei\"><\/p>\n<h3>Despre compania noastr\u0103<\/h3>\n<p>Suntem produc\u0103tori de cilindri hidraulici de schimb cu o gam\u0103 complet\u0103 de produse, devenind unul dintre principalii produc\u0103tori \u0219i distribuitori angro de cilindri hidraulici pe pie\u021bele interne \u0219i interna\u021bionale. Ader\u0103m la principiul calit\u0103\u021bii excelente \u0219i ne baz\u0103m pe strategia industrializat\u0103 de management al produc\u021biei, realizat\u0103 prin ateliere de fabrica\u021bie sofisticate. Compania \u00eembun\u0103t\u0103\u021be\u0219te continuu platforma de produc\u021bie a atelierului, perfec\u021bioneaz\u0103 procesul de produc\u021bie a calit\u0103\u021bii produselor \u0219i are o capacitate puternic\u0103 de crea\u021bie. Oferim produse eficiente, de \u00eenalt\u0103 precizie \u0219i de \u00eenalt\u0103 calitate, satisfac\u00e2nd nevoile diverse ale clien\u021bilor.<\/p>\n<ul>\n<li>Profesionalism: Avem o echip\u0103 de ingineri \u0219i tehnicieni profesioni\u0219ti care pot oferi clien\u021bilor cele mai bune solu\u021bii.<\/li>\n<li>Certificare interna\u021bional\u0103: Produsele noastre au trecut diverse certific\u0103ri interna\u021bionale, cum ar fi ISO9001, CE \u0219i TUV.<\/li>\n<li>Servicii de personalizare: Oferim servicii de personalizare pentru a satisface nevoile specifice ale clien\u021bilor.<\/li>\n<li>Echipamente de produc\u021bie: Dispunem de facilit\u0103\u021bi de produc\u021bie avansate, inclusiv centre de prelucrare CNC, ma\u0219ini de rectificat de precizie \u0219i echipamente de testare a cilindrilor hidraulici.<\/li>\n<li>Serviciu post-v\u00e2nzare: Oferim servicii post-v\u00e2nzare profesionale \u0219i asisten\u021b\u0103 tehnic\u0103 pentru a asigura satisfac\u021bia clien\u021bilor.<\/li>\n<\/ul>\n<p><img decoding=\"async\" src=\"https:\/\/hzpt.com\/wp-content\/uploads\/2024\/11\/songte-company-1.webp\" alt=\"Imaginea cilindrului cupei\"><\/p>\n<p>Autor: lyl.<\/p>","protected":false},"excerpt":{"rendered":"<p>Bucket Cylinder For Liugong Small Excavator CLG9045D\/907 Introduction A bucket cylinder is a specially designed hydraulic cylinder that is mainly used to control the movement of a bucket in heavy machinery such as excavators, backhoes, and front-end loaders. Its primary function is to enable the bucket to be raised, lowered, and tilted, making it easier [&hellip;]<\/p>","protected":false},"featured_media":14784,"comment_status":"open","ping_status":"closed","template":"","meta":{"_et_pb_use_builder":"","_et_pb_old_content":"","_et_gb_content_width":""},"product_brand":[],"product_cat":[1494],"product_tag":[1495,1496],"class_list":{"0":"post-15571","1":"product","2":"type-product","3":"status-publish","4":"has-post-thumbnail","6":"product_cat-bucket-cylinders","7":"product_tag-bucket-cylinders","8":"product_tag-hydraulic-cylinders","10":"first","11":"instock","12":"shipping-taxable","13":"product-type-simple"},"amp_enabled":true,"_links":{"self":[{"href":"https:\/\/www.hydraulic-cylinders.net\/ro\/wp-json\/wp\/v2\/product\/15571","targetHints":{"allow":["GET"]}}],"collection":[{"href":"https:\/\/www.hydraulic-cylinders.net\/ro\/wp-json\/wp\/v2\/product"}],"about":[{"href":"https:\/\/www.hydraulic-cylinders.net\/ro\/wp-json\/wp\/v2\/types\/product"}],"replies":[{"embeddable":true,"href":"https:\/\/www.hydraulic-cylinders.net\/ro\/wp-json\/wp\/v2\/comments?post=15571"}],"wp:featuredmedia":[{"embeddable":true,"href":"https:\/\/www.hydraulic-cylinders.net\/ro\/wp-json\/wp\/v2\/media\/14784"}],"wp:attachment":[{"href":"https:\/\/www.hydraulic-cylinders.net\/ro\/wp-json\/wp\/v2\/media?parent=15571"}],"wp:term":[{"taxonomy":"product_brand","embeddable":true,"href":"https:\/\/www.hydraulic-cylinders.net\/ro\/wp-json\/wp\/v2\/product_brand?post=15571"},{"taxonomy":"product_cat","embeddable":true,"href":"https:\/\/www.hydraulic-cylinders.net\/ro\/wp-json\/wp\/v2\/product_cat?post=15571"},{"taxonomy":"product_tag","embeddable":true,"href":"https:\/\/www.hydraulic-cylinders.net\/ro\/wp-json\/wp\/v2\/product_tag?post=15571"}],"curies":[{"name":"wp","href":"https:\/\/api.w.org\/{rel}","templated":true}]}}