{"id":15583,"date":"2025-01-19T14:42:43","date_gmt":"2025-01-19T14:42:43","guid":{"rendered":"https:\/\/www.hydraulic-cylinders.net\/product\/bucket-cylinder-for-liugong-middle-excavator-clg925lc-925ll\/"},"modified":"2025-01-19T14:42:45","modified_gmt":"2025-01-19T14:42:45","slug":"bucket-cylinder-for-liugong-middle-excavator-clg925lc-925ll","status":"publish","type":"product","link":"https:\/\/www.hydraulic-cylinders.net\/ro\/produs\/bucket-cylinder-for-liugong-middle-excavator-clg925lc-925ll\/","title":{"rendered":"Cilindru cu cup\u0103 pentru excavatorul Liugong din mijloc CLG925LC\/925LL"},"content":{"rendered":"<h1>Cilindru cu cup\u0103 pentru excavatorul Liugong din mijloc CLG925LC\/925LL<\/h1>\n<h2>Introducere<\/h2>\n<h3>Definirea cilindrului cupei<\/h3>\n<p>Un cilindru al cupei este un cilindru hidraulic special conceput, utilizat pentru a controla mi\u0219carea cupelor \u00een utilaje grele, cum ar fi excavatoarele, \u00eenc\u0103rc\u0103toarele excavatoare \u0219i \u00eenc\u0103rc\u0103toarele frontale. Func\u021bia sa principal\u0103 este de a permite ridicarea, cobor\u00e2rea \u0219i \u00eenclinarea cupei, facilit\u00e2nd gestionarea diverselor sarcini de manipulare a materialelor. \u00cen sistemul hidraulic, cilindrul cupei realizeaz\u0103 un control precis al cupei prin modific\u0103ri ale presiunii uleiului hidraulic, permi\u021b\u00e2nd operatorilor s\u0103 manipuleze eficient sarcini grele, s\u0103 se adapteze la medii de lucru complexe \u0219i la diverse cerin\u021be de lucru.<\/p>\n<p><img decoding=\"async\" src=\"https:\/\/www.hydraulic-cylinders.net\/wp-content\/uploads\/2025\/01\/songte-company-2.webp\"\/><\/p>\n<h3>Caracteristici<\/h3>\n<ul>\n<li><strong>Rezisten\u021b\u0103 \u0219i durabilitate ridicate:<\/strong> De obicei, fabricate din o\u021bel sau aluminiu de \u00eenalt\u0103 rezisten\u021b\u0103, capabile s\u0103 reziste la presiuni ridicate \u0219i sarcini grele, adaptabile la medii de lucru dure, proiectate av\u00e2nd \u00een vedere rezisten\u021ba la uzur\u0103 \u0219i la coroziune pentru a prelungi durata de via\u021b\u0103.<\/li>\n<li><strong>Func\u021bionare hidraulic\u0103 eficient\u0103:<\/strong> Utilizeaz\u0103 presiunea uleiului hidraulic pentru a ob\u021bine o extensie \u0219i o retragere lin\u0103, capabil s\u0103 r\u0103spund\u0103 rapid la comenzile de control, ofer\u0103 o for\u021b\u0103 puternic\u0103 de \u00eempingere \u0219i tragere, potrivit\u0103 pentru manipularea sarcinilor grele \u0219i a sarcinilor complexe.<\/li>\n<li><strong>Diverse tipuri:<\/strong> Se pot alege cilindri cu ac\u021biune simpl\u0103 (folosind sistemul hidraulic doar \u00eentr-o singur\u0103 direc\u021bie) sau cu ac\u021biune dubl\u0103 (folosind sistemul hidraulic \u00een dou\u0103 direc\u021bii) \u00een func\u021bie de nevoi, pentru a satisface diferite cerin\u021be de func\u021bionare. Unele modele sunt telescopice, permi\u021b\u00e2nd o extensie mai mare f\u0103r\u0103 a cre\u0219te dimensiunile exterioare, potrivite pentru aplica\u021bii cu spa\u021biu limitat.<\/li>\n<li><strong>\u00cenlocuire disponibil\u0103:<\/strong> Produsul nostru poate \u00eenlocui perfect ace\u0219ti cilindri hidraulici.<\/li>\n<\/ul>\n<p><img decoding=\"async\" src=\"https:\/\/www.hydraulic-cylinders.net\/wp-content\/uploads\/2025\/01\/songte-cylinder-head-with-all-kinds-excavator-models.webp\"\/><\/p>\n<h2>Aplica\u021bie<\/h2>\n<p><strong>Echipamente de construc\u021bii:<\/strong> Se g\u0103sesc \u00een excavatoare, ace\u0219tia sunt esen\u021biali pentru s\u0103pare, \u00eenc\u0103rcare \u0219i mutarea solului sau a resturilor. La \u00eenc\u0103rc\u0103toarele frontale, cilindrii cupei ajut\u0103 at\u00e2t la s\u0103pare, c\u00e2t \u0219i la ridicare. Ma\u0219ini agricole: Folosi\u021bi pentru \u00eenc\u0103rc\u0103toarele frontale, ace\u0219tia scobesc, ridic\u0103 \u0219i transport\u0103 sol, f\u00e2n \u0219i alte materiale. Excavatoare: Cilindrii cupei permit ac\u021biunile de s\u0103pare permi\u021b\u00e2nd cupei s\u0103 p\u0103trund\u0103 \u00een sol. \u00cenc\u0103rc\u0103toare: La \u00eenc\u0103rc\u0103toarele frontale, ace\u0219tia ajut\u0103 la ridicarea \u0219i \u00eenclinarea eficient\u0103 a m\u0103rfurilor.<\/p>\n<h2>Considera\u021bii de proiectare \u0219i criterii de selec\u021bie<\/h2>\n<h3>Considera\u021bii cheie<\/h3>\n<ul>\n<li><strong>Capacitate portant\u0103:<\/strong> Cilindrul trebuie s\u0103 fie proiectat s\u0103 suporte o anumit\u0103 sarcin\u0103 f\u0103r\u0103 defectare.<\/li>\n<li><strong>Etan\u0219are:<\/strong> Cilindrul necesit\u0103 o etan\u0219are adecvat\u0103 pentru a preveni scurgerea uleiului hidraulic din cilindru.<\/li>\n<li><strong>Durabilitate:<\/strong> Cilindrul trebuie s\u0103 fie suficient de durabil pentru a rezista mediilor de lucru dure pe care le poate \u00eent\u00e2lni.<\/li>\n<li><strong>Siguran\u0163\u0103:<\/strong> Cilindrul trebuie proiectat av\u00e2nd \u00een vedere siguran\u021ba pentru a preveni accidentele.<\/li>\n<li><strong>Mentenabilitate:<\/strong> Cilindrul trebuie s\u0103 fie u\u0219or de \u00eentre\u021binut pentru \u00eentre\u021binerea regulat\u0103.<\/li>\n<\/ul>\n<p><img decoding=\"async\" src=\"https:\/\/www.hydraulic-cylinders.net\/wp-content\/uploads\/2025\/01\/songte-oil-pipes-and-spare-parts.webp\"\/><\/p>\n<h3>Etan\u0219are \u0219i lubrifiere<\/h3>\n<p>Diverse elemente de etan\u0219are, cum ar fi etan\u0219\u0103rile pistonului, etan\u0219\u0103rile tijei etc., sunt utilizate \u00een cilindrii cupei, elementele de etan\u0219are fiind fabricate din materiale rezistente la uzur\u0103, cum ar fi poliuretanul, cauciucul nitrilic etc. Corpul cilindrului \u0219i cap\u0103tul filetat au fost supuse unui tratament fin de suprafa\u021b\u0103 pentru a spori rezisten\u021ba la uzur\u0103. Umplerea regulat\u0103 cu ulei hidraulic este necesar\u0103 pentru lubrifierea cilindrului \u0219i o func\u021bionare lin\u0103.<\/p>\n<h2>\u00centre\u021binere \u0219i depanare<\/h2>\n<h3>Inspec\u021bie regulat\u0103 \u0219i \u00eentre\u021binere preventiv\u0103<\/h3>\n<p>Inspec\u021bia \u0219i \u00eentre\u021binerea regulat\u0103 a cilindrului cupei sunt esen\u021biale pentru prelungirea duratei de via\u021b\u0103 a cilindrului. Sarcinile comune de \u00eentre\u021binere includ lubrifierea regulat\u0103, \u00eenlocuirea garniturilor \u0219i verific\u0103rile de calibrare. Instalarea corect\u0103 este important\u0103 \u0219i se recomand\u0103 utilizarea consolelor de instalare adecvate pentru fixarea cilindrului. Procedurile recomandate de inspec\u021bie, reparare \u0219i \u00eenlocuire pot ajuta la cre\u0219terea duratei de via\u021b\u0103 a cilindrului.<\/p>\n<p><img decoding=\"async\" src=\"https:\/\/www.hydraulic-cylinders.net\/wp-content\/uploads\/2025\/01\/songte-chushion-collar.webp\"\/><\/p>\n<h3>Considera\u021bii de siguran\u021b\u0103<\/h3>\n<p>M\u0103surile de siguran\u021b\u0103 sunt importante atunci c\u00e2nd se utilizeaz\u0103 cilindri hidraulici. Este important s\u0103 se respecte procedurile corecte de instalare \u0219i s\u0103 se utilizeze echipamentul individual de protec\u021bie adecvat atunci c\u00e2nd se manipuleaz\u0103 cilindri.<\/p>\n<h3>Depanare<\/h3>\n<p>Problemele frecvente ale cilindrilor cupei includ scurgeri, deteriorarea corpului cilindrului \u0219i func\u021bionarea defectuoas\u0103 a sistemului hidraulic. Este important s\u0103 identifica\u021bi sursa problemei \u0219i s\u0103 lua\u021bi m\u0103surile corective adecvate.<\/p>\n<p><img decoding=\"async\" src=\"https:\/\/www.hydraulic-cylinders.net\/wp-content\/uploads\/2025\/01\/songte-bushings-with-all-kinds-of-excavator-models.webp\"\/><\/p>\n<h2>Despre compania noastr\u0103<\/h2>\n<p>Suntem produc\u0103tori de cilindri hidraulici de schimb, cu o gam\u0103 complet\u0103 de produse. Am devenit unul dintre principalii produc\u0103tori \u0219i distribuitori angro de cilindri hidraulici pe pie\u021bele interne \u0219i interna\u021bionale. Urm\u0103m o politic\u0103 de excelen\u021b\u0103 \u00een calitate, baz\u00e2ndu-ne pe strategia de management al produc\u021biei industriale a atelierelor de produc\u021bie fin\u0103. \u00cembun\u0103t\u0103\u021bim constant platforma de produc\u021bie a atelierului, rafin\u0103m ruta de produc\u021bie a calit\u0103\u021bii produselor \u0219i avem o puternic\u0103 capacitate creativ\u0103. Cu principiile eficien\u021bei, preciziei \u0219i calit\u0103\u021bii \u00eenalte, putem satisface nevoile diverse ale clien\u021bilor.<\/p>\n<h3>Profesionalism<\/h3>\n<p>Am format o echip\u0103 de personal tehnic cu \u00eenalt\u0103 calificare \u0219i experien\u021b\u0103, ceea ce ne permite s\u0103 oferim servicii profesionale \u0219i personalizate pentru a satisface diversele nevoi ale clien\u021bilor no\u0219tri.<\/p>\n<h3>Certificare interna\u021bional\u0103<\/h3>\n<p>Am ob\u021binut certific\u0103ri interna\u021bionale precum ISO9001, CE \u0219i TUV, asigur\u00e2nd c\u0103 produsele noastre \u00eendeplinesc cele mai \u00eenalte standarde interna\u021bionale.<\/p>\n<h3>Servicii de personalizare<\/h3>\n<p>Oferim servicii personalizate pentru a satisface nevoile specifice ale clien\u021bilor no\u0219tri, cum ar fi personalizarea dimensiunii, formei \u0219i materialului cilindrului \u00een func\u021bie de cerin\u021bele clientului.<\/p>\n<h3>Echipamente de produc\u021bie<\/h3>\n<p>Folosim echipamente \u0219i tehnologii de fabrica\u021bie avansate pentru a asigura calitatea \u0219i durabilitatea cilindrilor no\u0219tri hidraulici.<\/p>\n<h3>Servicii post-v\u00e2nzare<\/h3>\n<p>Oferim servicii excelente post-v\u00e2nzare, cum ar fi repara\u021bii, \u00eenlocuiri \u0219i reconstruc\u021bii, pentru a asigura performan\u021ba pe termen lung a produselor noastre.<\/p>\n<p><img decoding=\"async\" src=\"https:\/\/hzpt.com\/wp-content\/uploads\/2024\/11\/songte-company-1.webp\"\/><\/p>\n<p>Autor: lyl<\/p>","protected":false},"excerpt":{"rendered":"<p>Bucket Cylinder For Liugong Middle Excavator CLG925LC\/925LL Introduction Defining Bucket Cylinder A bucket cylinder is a specially designed hydraulic cylinder used to control the movement of buckets in heavy machinery such as excavators, backhoe loaders, and front-end loaders. Its main function is to enable the bucket to lift, lower, and tilt, making it easier to [&hellip;]<\/p>","protected":false},"featured_media":14788,"comment_status":"open","ping_status":"closed","template":"","meta":{"_et_pb_use_builder":"","_et_pb_old_content":"","_et_gb_content_width":""},"product_brand":[],"product_cat":[1494],"product_tag":[1495,1496],"class_list":{"0":"post-15583","1":"product","2":"type-product","3":"status-publish","4":"has-post-thumbnail","6":"product_cat-bucket-cylinders","7":"product_tag-bucket-cylinders","8":"product_tag-hydraulic-cylinders","10":"first","11":"instock","12":"shipping-taxable","13":"product-type-simple"},"amp_enabled":true,"_links":{"self":[{"href":"https:\/\/www.hydraulic-cylinders.net\/ro\/wp-json\/wp\/v2\/product\/15583","targetHints":{"allow":["GET"]}}],"collection":[{"href":"https:\/\/www.hydraulic-cylinders.net\/ro\/wp-json\/wp\/v2\/product"}],"about":[{"href":"https:\/\/www.hydraulic-cylinders.net\/ro\/wp-json\/wp\/v2\/types\/product"}],"replies":[{"embeddable":true,"href":"https:\/\/www.hydraulic-cylinders.net\/ro\/wp-json\/wp\/v2\/comments?post=15583"}],"wp:featuredmedia":[{"embeddable":true,"href":"https:\/\/www.hydraulic-cylinders.net\/ro\/wp-json\/wp\/v2\/media\/14788"}],"wp:attachment":[{"href":"https:\/\/www.hydraulic-cylinders.net\/ro\/wp-json\/wp\/v2\/media?parent=15583"}],"wp:term":[{"taxonomy":"product_brand","embeddable":true,"href":"https:\/\/www.hydraulic-cylinders.net\/ro\/wp-json\/wp\/v2\/product_brand?post=15583"},{"taxonomy":"product_cat","embeddable":true,"href":"https:\/\/www.hydraulic-cylinders.net\/ro\/wp-json\/wp\/v2\/product_cat?post=15583"},{"taxonomy":"product_tag","embeddable":true,"href":"https:\/\/www.hydraulic-cylinders.net\/ro\/wp-json\/wp\/v2\/product_tag?post=15583"}],"curies":[{"name":"wp","href":"https:\/\/api.w.org\/{rel}","templated":true}]}}