{"id":15589,"date":"2025-01-19T14:43:13","date_gmt":"2025-01-19T14:43:13","guid":{"rendered":"https:\/\/www.hydraulic-cylinders.net\/product\/bucket-cylinder-for-liugong-large-excavator-clg950e\/"},"modified":"2025-01-19T14:43:15","modified_gmt":"2025-01-19T14:43:15","slug":"bucket-cylinder-for-liugong-large-excavator-clg950e","status":"publish","type":"product","link":"https:\/\/www.hydraulic-cylinders.net\/ro\/produs\/bucket-cylinder-for-liugong-large-excavator-clg950e\/","title":{"rendered":"Cilindru cu cup\u0103 pentru excavatorul mare Liugong CLG950E"},"content":{"rendered":"<h1>Cilindru cu cup\u0103 pentru excavatorul mare Liugong CLG950E<\/h1>\n<h2>Introducere<\/h2>\n<p>Cilindrul cupei pentru excavatorul mare Liugong CLG950E este un cilindru hidraulic special conceput, utilizat pentru a controla mi\u0219carea cupei \u00een utilaje grele, cum ar fi excavatoarele, \u00eenc\u0103rc\u0103toarele frontale \u0219i \u00eenc\u0103rc\u0103toarele frontale. Func\u021bia sa principal\u0103 este de a permite ridicarea, cobor\u00e2rea \u0219i \u00eenclinarea cupei, facilit\u00e2nd diverse sarcini de manipulare a materialelor. \u00cen sistemul hidraulic, cilindrul cupei realizeaz\u0103 un control precis al cupei prin utilizarea schimb\u0103rilor de presiune ale uleiului hidraulic, permi\u021b\u00e2nd operatorilor s\u0103 manipuleze eficient sarcini grele \u0219i s\u0103 se adapteze la medii de lucru complexe \u0219i cerin\u021be opera\u021bionale diverse.<\/p>\n<p><img decoding=\"async\" src=\"https:\/\/www.hydraulic-cylinders.net\/wp-content\/uploads\/2025\/01\/songte-company-2.webp\"><\/p>\n<h2>Caracteristici<\/h2>\n<ul>\n<li>Rezisten\u021b\u0103 \u0219i durabilitate ridicate: Fabricat de obicei din o\u021bel sau aluminiu de \u00eenalt\u0103 rezisten\u021b\u0103, cilindrul cupei poate rezista la presiuni ridicate \u0219i sarcini grele, adapt\u00e2ndu-se la medii de lucru dure. Designul s\u0103u ia \u00een considerare rezisten\u021ba la uzur\u0103 \u0219i la coroziune, prelungindu-i durata de via\u021b\u0103.<\/li>\n<li>Func\u021bionare hidraulic\u0103 eficient\u0103: Prin utilizarea presiunii uleiului hidraulic, cilindrul cupei realizeaz\u0103 ac\u021biuni line de extensie \u0219i retragere, permi\u021b\u00e2nd un r\u0103spuns rapid la comenzile de control \u0219i oferind for\u021be puternice de \u00eempingere \u0219i tragere, potrivite pentru manipularea sarcinilor grele \u0219i a sarcinilor opera\u021bionale complexe.<\/li>\n<li>Tipuri multiple: Cilindrul cupei poate fi ales cu ac\u021biune simpl\u0103 (putere hidraulic\u0103 utilizat\u0103 \u00eentr-o singur\u0103 direc\u021bie) sau cu ac\u021biune dubl\u0103 (putere hidraulic\u0103 utilizat\u0103 \u00een ambele direc\u021bii) pentru a satisface diferite cerin\u021be opera\u021bionale. Unele modele sunt telescopice, permi\u021b\u00e2nd o extensie mai mare f\u0103r\u0103 a cre\u0219te dimensiunile exterioare, potrivite pentru aplica\u021bii cu spa\u021biu limitat.<\/li>\n<li>\u00cenlocuire perfect\u0103: Produsele noastre pot \u00eenlocui perfect cilindrii hidraulici existen\u021bi. Oferim o gam\u0103 larg\u0103 de op\u021biuni pentru a satisface diverse nevoi.<\/li>\n<\/ul>\n<p><img decoding=\"async\" src=\"https:\/\/www.hydraulic-cylinders.net\/wp-content\/uploads\/2025\/01\/songte-cylinder-head-with-all-kinds-excavator-models.webp\"><\/p>\n<h2>Aplica\u021bii<\/h2>\n<ul>\n<li>Echipamente de construc\u021bii: Se g\u0103sesc \u00een excavatoare, acestea sunt esen\u021biale pentru s\u0103pare, \u00eenc\u0103rcare \u0219i mutarea solului sau a resturilor. La \u00eenc\u0103rc\u0103toarele cu excavator, cilindrul cupei ajut\u0103 at\u00e2t la s\u0103pare, c\u00e2t \u0219i la ridicare.<\/li>\n<li>Ma\u0219ini agricole: utilizate la \u00eenc\u0103rc\u0103toarele frontale pentru scobere, ridicare \u0219i transportul solului, f\u00e2nului \u0219i altor materiale.<\/li>\n<li>Excavatoare: Cilindrul cupei permite ac\u021biunile de s\u0103pare permi\u021b\u00e2nd cupei s\u0103 p\u0103trund\u0103 \u00een sol.<\/li>\n<li>\u00cenc\u0103rc\u0103toare frontale: \u00cen cazul \u00eenc\u0103rc\u0103toarelor frontale, acestea ajut\u0103 la ridicarea \u0219i \u00eenclinarea eficient\u0103 a m\u0103rfurilor.<\/li>\n<\/ul>\n<h2>Considera\u021bii de proiectare \u0219i criterii de selec\u021bie<\/h2>\n<ul>\n<li>Capacitate portant\u0103: Cilindrul cupei este proiectat s\u0103 reziste cerin\u021belor de sarcin\u0103 specificate, asigur\u00e2nd o func\u021bionare sigur\u0103 \u0219i fiabil\u0103.<\/li>\n<li>Etan\u0219are: Diverse componente de etan\u0219are, cum ar fi etan\u0219\u0103rile pistonului \u0219i etan\u0219\u0103rile tijei, fabricate din materiale rezistente la uzur\u0103, precum poliuretanul \u0219i cauciucul nitrilic, sunt utilizate pentru a asigura o etan\u0219are eficient\u0103 \u0219i a minimiza scurgerile.<\/li>\n<li>Durabilitate: Corpul cilindrului \u0219i capetele filetate sunt supuse unui tratament precis pentru a \u00eembun\u0103t\u0103\u021bi rezisten\u021ba la uzur\u0103 \u0219i a prelungi durata de via\u021b\u0103 a produsului.<\/li>\n<li>Siguran\u021b\u0103: Designul \u00eencorporeaz\u0103 elemente de siguran\u021b\u0103 pentru a preveni accidentele \u0219i a asigura bun\u0103starea operatorului \u00een timpul func\u021bion\u0103rii \u0219i \u00eentre\u021binerii.<\/li>\n<li>\u00centre\u021binere: Cilindrul cupei este proiectat pentru o \u00eentre\u021binere u\u0219oar\u0103, permi\u021b\u00e2nd inspec\u021bia, lubrifierea \u0219i \u00eenlocuirea convenabil\u0103 a componentelor atunci c\u00e2nd este necesar.<\/li>\n<\/ul>\n<p><img decoding=\"async\" src=\"https:\/\/www.hydraulic-cylinders.net\/wp-content\/uploads\/2025\/01\/songte-oil-pipes-and-spare-parts.webp\"><\/p>\n<h2>Etan\u0219are \u0219i lubrifiere<\/h2>\n<p>Cilindrul cupei utilizeaz\u0103 diverse componente de etan\u0219are, cum ar fi etan\u0219\u0103ri de piston \u0219i etan\u0219\u0103ri de tij\u0103, fabricate din materiale rezistente la uzur\u0103, cum ar fi poliuretanul \u0219i cauciucul nitrilic. Corpul cilindrului \u0219i capetele filetate sunt tratate meticulos pentru a spori rezisten\u021ba la uzur\u0103. Lubrifierea regulat\u0103 cu o cantitate adecvat\u0103 de ulei hidraulic este necesar\u0103 pentru a asigura o func\u021bionare f\u0103r\u0103 probleme \u0219i a prelungi durata de via\u021b\u0103 a cilindrului.<\/p>\n<h2>Inspec\u021bie regulat\u0103 \u0219i \u00eentre\u021binere preventiv\u0103<\/h2>\n<ul>\n<li>Inspecta\u021bi periodic cilindrul cupei pentru a depista orice semne de uzur\u0103, deteriorare sau scurgeri.<\/li>\n<li>Asigura\u021bi lubrifierea corespunz\u0103toare a tuturor pieselor mobile.<\/li>\n<li>\u00cenlocui\u021bi periodic garniturile uzate pentru a men\u021bine o etan\u0219are eficient\u0103.<\/li>\n<li>Efectua\u021bi verific\u0103ri de calibrare pentru a asigura o func\u021bionare corect\u0103.<\/li>\n<\/ul>\n<p><img decoding=\"async\" src=\"https:\/\/www.hydraulic-cylinders.net\/wp-content\/uploads\/2025\/01\/songte-chushion-collar.webp\"><\/p>\n<h2>Considera\u021bii de siguran\u021b\u0103 \u0219i factori de mediu<\/h2>\n<p>Atunci c\u00e2nd se utilizeaz\u0103 cilindrul cupei, este esen\u021bial s\u0103 se respecte m\u0103surile de siguran\u021b\u0103 pentru a preveni accidentele \u0219i a asigura siguran\u021ba operatorului. M\u0103surile de siguran\u021b\u0103 ar trebui s\u0103 includ\u0103 instruirea adecvat\u0103, utilizarea echipamentului individual de protec\u021bie \u0219i respectarea procedurilor de operare recomandate. \u00cen plus, trebuie lua\u021bi \u00een considerare factorii de mediu, cum ar fi temperatura, umiditatea \u0219i expunerea la substan\u021be corozive, pentru a asigura performan\u021ba optim\u0103 \u0219i longevitatea cilindrului.<\/p>\n<h2>Depanare \u0219i probleme frecvente<\/h2>\n<p>Urm\u0103toarele sunt sfaturi comune de depanare \u0219i solu\u021bii pentru problemele poten\u021biale:<\/p>\n<ul>\n<li>Problema 1: Scurgeri \u2013 Verifica\u021bi dac\u0103 garniturile sunt deteriorate \u0219i \u00eenlocui\u021bi-le dac\u0103 este necesar.<\/li>\n<li>Problema 2: Func\u021bionare lent\u0103 \u2013 Verifica\u021bi dac\u0103 exist\u0103 niveluri sc\u0103zute de lichid hidraulic sau blocaje \u00een sistemul hidraulic \u0219i remedia\u021bi-le \u00een consecin\u021b\u0103.<\/li>\n<li>Problema 3: Mi\u0219care neregulat\u0103 \u2013 Verifica\u021bi presiunea hidraulic\u0103 corect\u0103 \u0219i verifica\u021bi dac\u0103 exist\u0103 obstacole \u00een traiectoria cilindrului.<\/li>\n<\/ul>\n<p>Urm\u00e2nd aceste sfaturi, cititorii pot diagnostica \u0219i rezolva eficient problemele \u0219i pot adopta m\u0103suri preventive pentru a minimiza poten\u021bialele probleme.<\/p>\n<p><img decoding=\"async\" src=\"https:\/\/www.hydraulic-cylinders.net\/wp-content\/uploads\/2025\/01\/songte-bushings-with-all-kinds-of-excavator-models.webp\"><\/p>\n<h2>Sarcini de \u00eentre\u021binere<\/h2>\n<p>Trei sarcini comune de \u00eentre\u021binere pentru cilindrul cupei includ:<\/p>\n<ul>\n<li>Inspec\u021bii regulate<\/li>\n<li>Lubrifiere adecvat\u0103<\/li>\n<li>\u00cenlocuirea garniturilor \u0219i verific\u0103ri ale calibr\u0103rii<\/li>\n<\/ul>\n<p>Instalarea, lubrifierea \u0219i reglarea corect\u0103 sunt esen\u021biale. \u00cen timpul instal\u0103rii, asigurarea unei alinieri corecte a cilindrului este crucial\u0103. Se recomand\u0103 utilizarea unor console de montare adecvate pentru fixarea cilindrului. Articolul ofer\u0103 proceduri recomandate de inspec\u021bie, reparare \u0219i \u00eenlocuire, precum \u0219i sfaturi pentru a prelungi durata de via\u021b\u0103 a cilindrului cupei.<\/p>\n<p><img decoding=\"async\" src=\"https:\/\/www.hydraulic-cylinders.net\/wp-content\/uploads\/2025\/01\/songte-company-1.webp\"><\/p>\n<h2>Concluzie<\/h2>\n<p>\u00cen concluzie, compania noastr\u0103 este un produc\u0103tor \u0219i distribuitor angro de top de cilindri hidraulici, inclusiv cilindrul cu cup\u0103 pentru excavatorul mare Liugong CLG950E. Prioritiz\u0103m excelen\u021ba \u00een calitate \u0219i utiliz\u0103m facilit\u0103\u021bi de produc\u021bie avansate, talente profesionale \u0219i tehnologie de ultim\u0103 genera\u021bie pentru a satisface nevoile diverse ale clien\u021bilor no\u0219tri. Angajamentul nostru fa\u021b\u0103 de eficien\u021b\u0103, precizie \u0219i produse de \u00eenalt\u0103 calitate ne-a consacrat ca un furnizor de \u00eencredere pe pie\u021bele interne \u0219i interna\u021bionale.<\/p>\n<p><img decoding=\"async\" src=\"https:\/\/www.hydraulic-cylinders.net\/wp-content\/uploads\/2025\/01\/songte-company-3.webp\"><\/p>\n<p>Autor: lyl<\/p>","protected":false},"excerpt":{"rendered":"<p>Bucket Cylinder For Liugong Large Excavator CLG950E Introduction The bucket cylinder for Liugong large excavator CLG950E is a specially designed hydraulic cylinder used to control the movement of the bucket in heavy machinery such as excavators, backhoe loaders, and front loaders. Its main function is to enable the lifting, lowering, and tilting of the bucket, [&hellip;]<\/p>","protected":false},"featured_media":14778,"comment_status":"open","ping_status":"closed","template":"","meta":{"_et_pb_use_builder":"","_et_pb_old_content":"","_et_gb_content_width":""},"product_brand":[],"product_cat":[1494],"product_tag":[1495,1496],"class_list":{"0":"post-15589","1":"product","2":"type-product","3":"status-publish","4":"has-post-thumbnail","6":"product_cat-bucket-cylinders","7":"product_tag-bucket-cylinders","8":"product_tag-hydraulic-cylinders","10":"first","11":"instock","12":"shipping-taxable","13":"product-type-simple"},"amp_enabled":true,"_links":{"self":[{"href":"https:\/\/www.hydraulic-cylinders.net\/ro\/wp-json\/wp\/v2\/product\/15589","targetHints":{"allow":["GET"]}}],"collection":[{"href":"https:\/\/www.hydraulic-cylinders.net\/ro\/wp-json\/wp\/v2\/product"}],"about":[{"href":"https:\/\/www.hydraulic-cylinders.net\/ro\/wp-json\/wp\/v2\/types\/product"}],"replies":[{"embeddable":true,"href":"https:\/\/www.hydraulic-cylinders.net\/ro\/wp-json\/wp\/v2\/comments?post=15589"}],"wp:featuredmedia":[{"embeddable":true,"href":"https:\/\/www.hydraulic-cylinders.net\/ro\/wp-json\/wp\/v2\/media\/14778"}],"wp:attachment":[{"href":"https:\/\/www.hydraulic-cylinders.net\/ro\/wp-json\/wp\/v2\/media?parent=15589"}],"wp:term":[{"taxonomy":"product_brand","embeddable":true,"href":"https:\/\/www.hydraulic-cylinders.net\/ro\/wp-json\/wp\/v2\/product_brand?post=15589"},{"taxonomy":"product_cat","embeddable":true,"href":"https:\/\/www.hydraulic-cylinders.net\/ro\/wp-json\/wp\/v2\/product_cat?post=15589"},{"taxonomy":"product_tag","embeddable":true,"href":"https:\/\/www.hydraulic-cylinders.net\/ro\/wp-json\/wp\/v2\/product_tag?post=15589"}],"curies":[{"name":"wp","href":"https:\/\/api.w.org\/{rel}","templated":true}]}}