{"id":15592,"date":"2025-01-19T14:43:25","date_gmt":"2025-01-19T14:43:25","guid":{"rendered":"https:\/\/www.hydraulic-cylinders.net\/product\/bucket-cylinder-for-xgma-small-excavator-xg809e\/"},"modified":"2025-01-19T14:43:27","modified_gmt":"2025-01-19T14:43:27","slug":"bucket-cylinder-for-xgma-small-excavator-xg809e","status":"publish","type":"product","link":"https:\/\/www.hydraulic-cylinders.net\/ro\/produs\/bucket-cylinder-for-xgma-small-excavator-xg809e\/","title":{"rendered":"Cilindru cu cup\u0103 pentru excavatorul mic XGMA XG809E"},"content":{"rendered":"<h1>Cilindru cu cup\u0103 pentru excavatorul mic XGMA XG809E<\/h1>\n<h2>Introducere<\/h2>\n<p>Un cilindru al cupei este un cilindru hidraulic special conceput, utilizat \u00een principal pentru a controla mi\u0219carea cupelor \u00een utilaje grele, cum ar fi excavatoarele, excavatoarele cu buldoexcavatoare \u0219i \u00eenc\u0103rc\u0103toare frontale. Func\u021bia sa principal\u0103 este de a permite ridicarea, cobor\u00e2rea \u0219i \u00eenclinarea cupei, facilit\u00e2nd gestionarea diverselor sarcini de manipulare a materialelor. \u00cen sistemul hidraulic, cilindrul cupei realizeaz\u0103 un control precis al cupei prin modific\u0103ri ale presiunii uleiului hidraulic, permi\u021b\u00e2nd operatorului s\u0103 manipuleze eficient sarcini grele, s\u0103 se adapteze la medii de lucru complexe \u0219i la diverse cerin\u021be opera\u021bionale.<\/p>\n<p><img decoding=\"async\" src=\"https:\/\/www.hydraulic-cylinders.net\/wp-content\/uploads\/2025\/01\/songte-company-2.webp\" alt=\"imagine cilindru cup\u0103\"><\/p>\n<h2>Caracteristici<\/h2>\n<ul>\n<li>Rezisten\u021b\u0103 \u0219i durabilitate ridicate: De obicei, fabricate din o\u021bel sau aluminiu de \u00eenalt\u0103 rezisten\u021b\u0103, capabile s\u0103 reziste la presiuni ridicate \u0219i sarcini grele \u0219i proiectate s\u0103 ia \u00een considerare rezisten\u021ba la uzur\u0103 \u0219i la coroziune, prelungind durata de via\u021b\u0103.<\/li>\n<li>Func\u021bionare hidraulic\u0103 eficient\u0103: Utilizarea presiunii uleiului hidraulic pentru a ob\u021bine o extensie \u0219i o retragere lin\u0103, capabil\u0103 s\u0103 r\u0103spund\u0103 rapid la comenzile de control, oferind o for\u021b\u0103 puternic\u0103 de \u00eempingere \u0219i tragere, potrivit\u0103 pentru manipularea sarcinilor grele \u0219i a opera\u021biunilor complexe.<\/li>\n<li>Diverse tipuri: Cilindrii cu ac\u021biune simpl\u0103 (utiliza\u021bi hidraulic doar \u00eentr-o singur\u0103 direc\u021bie) sau cu ac\u021biune dubl\u0103 (utiliza\u021bi hidraulic \u00een ambele direc\u021bii) pot fi selecta\u021bi \u00een func\u021bie de nevoi pentru a satisface diferite cerin\u021be opera\u021bionale. Unele modele sunt telescopice, permi\u021b\u00e2nd o extensie mai mare f\u0103r\u0103 a cre\u0219te dimensiunile exterioare, potrivite pentru aplica\u021bii cu spa\u021biu limitat.<\/li>\n<li>Produc\u021bie personalizat\u0103: Produsele noastre pot \u00eenlocui perfect ace\u0219ti cilindri hidraulici.<\/li>\n<\/ul>\n<p><img decoding=\"async\" src=\"https:\/\/www.hydraulic-cylinders.net\/wp-content\/uploads\/2025\/01\/songte-cylinder-head-with-all-kinds-excavator-models.webp\" alt=\"imagine de produc\u021bie personalizat\u0103\"><\/p>\n<h2>Aplica\u021bii<\/h2>\n<p><strong>Echipamente de construc\u021bii:<\/strong> \u00cen excavatoare, acestea sunt cruciale pentru excavare, \u00eenc\u0103rcare \u0219i mutarea solului sau a resturilor. \u00cen excavatoarele cu buldoexcavatoare, cilindrii cupei ajut\u0103 at\u00e2t la s\u0103pare, c\u00e2t \u0219i la ridicare. \u00cen \u00eenc\u0103rc\u0103toarele frontale, ace\u0219tia ajut\u0103 la ridicarea \u0219i desc\u0103rcarea eficient\u0103 a m\u0103rfurilor.<\/p>\n<p><strong>Ma\u0219ini agricole:<\/strong> Folosit \u00een \u00eenc\u0103rc\u0103toarele frontale pentru scoberea, ridicarea \u0219i transportul solului, f\u00e2nului \u0219i altor materiale, \u00een excavatoare, cilindrul cupei permite ac\u021biunea de s\u0103pare permi\u021b\u00e2nd cupei s\u0103 p\u0103trund\u0103 \u00een sol.<\/p>\n<h2>Standarde de proiectare \u0219i selec\u021bie<\/h2>\n<ul>\n<li>Capacitate portant\u0103: Cilindrul hidraulic trebuie s\u0103 aib\u0103 suficient\u0103 rezisten\u021b\u0103 \u0219i capacitate pentru a suporta sarcina la care este supus.<\/li>\n<li>Etan\u0219are: Diverse elemente de etan\u0219are, cum ar fi etan\u0219\u0103rile pistonului \u0219i ale tijei, sunt utilizate pentru a preveni scurgerile de fluid \u0219i contaminarea. Etan\u0219\u0103rile sunt fabricate din materiale rezistente la uzur\u0103, cum ar fi poliuretanul \u0219i cauciucul nitrilic, asigur\u00e2nd durabilitate \u0219i fiabilitate.<\/li>\n<li>Durabilitate: Corpul cilindrului \u0219i suprafe\u021bele filetate ale cap\u0103tului sunt prelucrate fin pentru a oferi rezisten\u021b\u0103 la uzur\u0103 \u0219i o durat\u0103 lung\u0103 de via\u021b\u0103.<\/li>\n<li>Siguran\u021b\u0103: Cilindrul hidraulic trebuie s\u0103 fie proiectat cu elemente de siguran\u021b\u0103 pentru a preveni accidentele, cum ar fi protec\u021bia la suprasarcin\u0103 \u0219i supapele de suprapresiune.<\/li>\n<li>\u00centre\u021binere: Cilindrul hidraulic trebuie s\u0103 fie proiectat pentru a facilita \u00eentre\u021binerea \u0219i repara\u021biile de rutin\u0103, permi\u021b\u00e2nd \u00eenlocuirea u\u0219oar\u0103 a pieselor deteriorate \u0219i reduc\u00e2nd timpul de nefunc\u021bionare.<\/li>\n<\/ul>\n<p><img decoding=\"async\" src=\"https:\/\/www.hydraulic-cylinders.net\/wp-content\/uploads\/2025\/01\/songte-oil-pipes-and-spare-parts.webp\" alt=\"imagine standarde de design \u0219i selec\u021bie\"><\/p>\n<h2>Etan\u0219are \u0219i lubrifiere<\/h2>\n<p>Cilindrul hidraulic utilizeaz\u0103 diverse elemente de etan\u0219are pentru a preveni scurgerile de fluid \u0219i contaminarea. Aceste elemente de etan\u0219are includ etan\u0219\u0103ri ale pistonului \u0219i etan\u0219\u0103ri ale tijei, fabricate din materiale rezistente la uzur\u0103, cum ar fi poliuretanul \u0219i cauciucul nitrilic. Corpul cilindrului \u0219i suprafe\u021bele filetate ale cap\u0103tului sunt prelucrate fin pentru a \u00eembun\u0103t\u0103\u021bi rezisten\u021ba la uzur\u0103. Cilindrul hidraulic trebuie lubrifiat cu o cantitate adecvat\u0103 de ulei hidraulic pentru a asigura o func\u021bionare f\u0103r\u0103 probleme \u0219i o lung\u0103 durat\u0103 de via\u021b\u0103.<\/p>\n<h2>M\u0103suri preventive de \u00eentre\u021binere \u0219i repara\u021bii<\/h2>\n<ul>\n<li>Inspec\u021bie regulat\u0103: Trebuie efectuat\u0103 o inspec\u021bie regulat\u0103 pentru a identifica orice probleme poten\u021biale \u0219i pentru a preveni transformarea acestora \u00een probleme grave.<\/li>\n<li>Lubrifiere: Cilindrul hidraulic trebuie lubrifiat periodic pentru a asigura o func\u021bionare f\u0103r\u0103 probleme \u0219i o lung\u0103 durat\u0103 de via\u021b\u0103.<\/li>\n<li>\u00cenlocuirea garniturilor: Garniturile trebuie \u00eenlocuite atunci c\u00e2nd prezint\u0103 semne de uzur\u0103, deteriorare sau scurgeri.<\/li>\n<li>Verificarea calibr\u0103rii: Cilindrul hidraulic trebuie calibrat periodic pentru a asigura o func\u021bionare precis\u0103.<\/li>\n<\/ul>\n<p><img decoding=\"async\" src=\"https:\/\/www.hydraulic-cylinders.net\/wp-content\/uploads\/2025\/01\/songte-chushion-collar.webp\" alt=\"imagine de \u00eentre\u021binere preventiv\u0103\"><\/p>\n<h2>Considera\u021bii de siguran\u021b\u0103 \u0219i factori de mediu<\/h2>\n<p>Trebuie luate m\u0103suri de siguran\u021b\u0103 la utilizarea cilindrului hidraulic pentru a preveni accidentele. De asemenea, trebuie luat \u00een considerare mediul \u00eenconjur\u0103tor la utilizarea cilindrului hidraulic pentru a minimiza impactul acestuia asupra mediului \u00eenconjur\u0103tor.<\/p>\n<h2>Depanare \u0219i probleme frecvente<\/h2>\n<ul>\n<li>Scurgeri: Scurgerile pot ap\u0103rea din cauza garniturilor deteriorate sau a instal\u0103rii necorespunz\u0103toare. Garniturile trebuie \u00eenlocuite, iar cilindrul hidraulic trebuie instalat corect.<\/li>\n<li>Supra\u00eenc\u0103lzire: Supra\u00eenc\u0103lzirea poate ap\u0103rea din cauza utiliz\u0103rii excesive sau a lipsei de lubrifiere. Cilindrul hidraulic trebuie lubrifiat regulat \u0219i utilizat corect.<\/li>\n<li>Func\u021bionare lent\u0103: Func\u021bionarea lent\u0103 poate ap\u0103rea din cauza presiunii sc\u0103zute a uleiului hidraulic sau a blocajelor din sistemul hidraulic. Presiunea uleiului hidraulic trebuie verificat\u0103, iar sistemul hidraulic trebuie inspectat pentru a depista eventualele blocaje.<\/li>\n<\/ul>\n<p><img decoding=\"async\" src=\"https:\/\/www.hydraulic-cylinders.net\/wp-content\/uploads\/2025\/01\/songte-bushings-with-all-kinds-of-excavator-models.webp\" alt=\"imagine de depanare\"><\/p>\n<h2>Despre compania noastr\u0103<\/h2>\n<p>Suntem produc\u0103tori de cilindri hidraulici de schimb, oferind o gam\u0103 complet\u0103 de produse \u0219i devenind unul dintre principalii produc\u0103tori \u0219i angrosi\u0219ti \u200b\u200bde cilindri hidraulici pe pie\u021bele interne \u0219i interna\u021bionale. Ader\u0103m la principiul calit\u0103\u021bii excelente \u0219i ne baz\u0103m pe strategii industrializate de management al produc\u021biei \u00een ateliere de fabrica\u021bie fin elaborate. Compania noastr\u0103 \u00ee\u0219i \u00eembun\u0103t\u0103\u021be\u0219te continuu platforma de produc\u021bie prin utilizarea talentului tehnic, a echipamentelor digitale de produc\u021bie de ultim\u0103 genera\u021bie \u0219i a sistemelor profesionale de testare, perfec\u021bion\u00e2nd procesul de produc\u021bie al calit\u0103\u021bii produselor \u0219i posed\u00e2nd o capacitate creativ\u0103 puternic\u0103, pentru a satisface nevoile diverse ale clien\u021bilor cu eficien\u021b\u0103 ridicat\u0103, precizie ridicat\u0103 \u0219i calitate superioar\u0103.<\/p>\n<p>Oferim servicii profesionale, certificate interna\u021bional \u0219i personalizate, folosim echipamente de produc\u021bie avansate \u0219i oferim servicii post-v\u00e2nzare.<\/p>\n<p><img decoding=\"async\" src=\"https:\/\/www.hydraulic-cylinders.net\/wp-content\/uploads\/2025\/01\/songte-company-3.webp\" alt=\"imaginea companiei\"><\/p>\n<p>Autor: lyl.<\/p>","protected":false},"excerpt":{"rendered":"<p>Bucket Cylinder For XGMA Small Excavator XG809E Introduction A bucket cylinder is a specially designed hydraulic cylinder primarily used to control the movement of buckets in heavy machinery such as excavators, backhoe excavators, and front-end loaders. Its main function is to allow the bucket to lift, lower, and tilt, making it easier to handle various [&hellip;]<\/p>","protected":false},"featured_media":14771,"comment_status":"open","ping_status":"closed","template":"","meta":{"_et_pb_use_builder":"","_et_pb_old_content":"","_et_gb_content_width":""},"product_brand":[],"product_cat":[1494],"product_tag":[1495,1496],"class_list":{"0":"post-15592","1":"product","2":"type-product","3":"status-publish","4":"has-post-thumbnail","6":"product_cat-bucket-cylinders","7":"product_tag-bucket-cylinders","8":"product_tag-hydraulic-cylinders","10":"first","11":"instock","12":"shipping-taxable","13":"product-type-simple"},"amp_enabled":true,"_links":{"self":[{"href":"https:\/\/www.hydraulic-cylinders.net\/ro\/wp-json\/wp\/v2\/product\/15592","targetHints":{"allow":["GET"]}}],"collection":[{"href":"https:\/\/www.hydraulic-cylinders.net\/ro\/wp-json\/wp\/v2\/product"}],"about":[{"href":"https:\/\/www.hydraulic-cylinders.net\/ro\/wp-json\/wp\/v2\/types\/product"}],"replies":[{"embeddable":true,"href":"https:\/\/www.hydraulic-cylinders.net\/ro\/wp-json\/wp\/v2\/comments?post=15592"}],"wp:featuredmedia":[{"embeddable":true,"href":"https:\/\/www.hydraulic-cylinders.net\/ro\/wp-json\/wp\/v2\/media\/14771"}],"wp:attachment":[{"href":"https:\/\/www.hydraulic-cylinders.net\/ro\/wp-json\/wp\/v2\/media?parent=15592"}],"wp:term":[{"taxonomy":"product_brand","embeddable":true,"href":"https:\/\/www.hydraulic-cylinders.net\/ro\/wp-json\/wp\/v2\/product_brand?post=15592"},{"taxonomy":"product_cat","embeddable":true,"href":"https:\/\/www.hydraulic-cylinders.net\/ro\/wp-json\/wp\/v2\/product_cat?post=15592"},{"taxonomy":"product_tag","embeddable":true,"href":"https:\/\/www.hydraulic-cylinders.net\/ro\/wp-json\/wp\/v2\/product_tag?post=15592"}],"curies":[{"name":"wp","href":"https:\/\/api.w.org\/{rel}","templated":true}]}}