{"id":15599,"date":"2025-01-19T14:43:59","date_gmt":"2025-01-19T14:43:59","guid":{"rendered":"https:\/\/www.hydraulic-cylinders.net\/product\/bucket-cylinder-for-xgma-middle-excavator-xg825el\/"},"modified":"2025-01-19T14:44:01","modified_gmt":"2025-01-19T14:44:01","slug":"bucket-cylinder-for-xgma-middle-excavator-xg825el","status":"publish","type":"product","link":"https:\/\/www.hydraulic-cylinders.net\/ro\/produs\/bucket-cylinder-for-xgma-middle-excavator-xg825el\/","title":{"rendered":"Cilindru cu cup\u0103 pentru excavatorul mijlociu XGMA XG825EL"},"content":{"rendered":"<h2>Introducere<\/h2>\n<h3>Cilindru cu cup\u0103 pentru excavatorul mijlociu XGMA XG825EL<\/h3>\n<p>Cilindrul cupei pentru excavatorul intermediar XGMA XG825EL este un cilindru hidraulic specializat, conceput pentru a controla mi\u0219carea cupelor \u00een utilaje grele, cum ar fi excavatoarele, excavatoarele cu buldoexcavatoare \u0219i \u00eenc\u0103rc\u0103toarele frontale. Func\u021bia sa principal\u0103 este de a facilita ridicarea, cobor\u00e2rea \u0219i \u00eenclinarea cupelor, facilit\u00e2nd gestionarea diverselor sarcini de manipulare a materialelor. \u00cen sistemul hidraulic, cilindrul cupei utilizeaz\u0103 modific\u0103ri ale presiunii uleiului hidraulic pentru a ob\u021bine un control precis al cupei, permi\u021b\u00e2nd operatorilor s\u0103 manipuleze eficient sarcini grele, s\u0103 se adapteze la medii de lucru complexe \u0219i la diverse cerin\u021be de lucru.<\/p>\n<p><img decoding=\"async\" src=\"https:\/\/www.hydraulic-cylinders.net\/wp-content\/uploads\/2025\/01\/songte-company-2.webp\" alt=\"Cilindru cu cup\u0103\"><\/p>\n<h2>Caracteristici<\/h2>\n<ul>\n<li><strong>Rezisten\u021b\u0103 \u0219i durabilitate ridicate:<\/strong> De obicei, fabricat din o\u021bel sau aluminiu de \u00eenalt\u0103 rezisten\u021b\u0103, poate rezista la presiuni ridicate \u0219i sarcini grele, se adapteaz\u0103 la medii de lucru dure \u0219i este proiectat pentru rezisten\u021b\u0103 la uzur\u0103 \u0219i coroziune, prelungindu-i durata de via\u021b\u0103.<\/li>\n<li><strong>Func\u021bionare hidraulic\u0103 eficient\u0103:<\/strong> Folosind presiunea uleiului hidraulic pentru a ob\u021bine o expansiune \u0219i o contrac\u021bie lin\u0103, poate r\u0103spunde rapid la comenzile de control, ofer\u0103 o for\u021b\u0103 puternic\u0103 de \u00eempingere \u0219i tragere \u0219i este potrivit pentru manipularea sarcinilor grele \u0219i a sarcinilor complexe.<\/li>\n<li><strong>Diverse tipuri:<\/strong> Cilindrii cu ac\u021biune simpl\u0103 (utilizare hidraulic\u0103 \u00eentr-o singur\u0103 direc\u021bie) sau cu ac\u021biune dubl\u0103 (utilizare hidraulic\u0103 \u00een dou\u0103 direc\u021bii) pot fi selecta\u021bi \u00een func\u021bie de cerin\u021be pentru a satisface diferite nevoi opera\u021bionale. Unele modele sunt telescopice, permi\u021b\u00e2nd o extensie mai mare f\u0103r\u0103 a cre\u0219te dimensiunea extern\u0103, potrivite pentru aplica\u021bii cu spa\u021biu limitat.<\/li>\n<li><strong>\u00cenlocuire u\u0219oar\u0103:<\/strong> Produsele noastre pot \u00eenlocui perfect ace\u0219ti cilindri hidraulici.<\/li>\n<\/ul>\n<p><img decoding=\"async\" src=\"https:\/\/www.hydraulic-cylinders.net\/wp-content\/uploads\/2025\/01\/songte-cylinder-head-with-all-kinds-excavator-models.webp\" alt=\"Cilindru cu cup\u0103\"><\/p>\n<h2>Aplica\u021bii<\/h2>\n<p>Cilindrul cu cup\u0103 are o gam\u0103 larg\u0103 de aplica\u021bii, inclusiv, dar f\u0103r\u0103 a se limita la:<\/p>\n<ul>\n<li><strong>Echipamente de construc\u021bii:<\/strong> \u00cen excavatoare, acestea sunt esen\u021biale pentru s\u0103pare, \u00eenc\u0103rcare \u0219i mutarea solului sau a resturilor. \u00cen excavatoarele cu buldoexcavatoare, cilindrii cupei ajut\u0103 la s\u0103pare \u0219i ridicare. <\/li>\n<li><strong>Ma\u0219ini agricole:<\/strong> Folosit pentru \u00eenc\u0103rc\u0103toare frontale, cupare, ridicare \u0219i transportul solului, f\u00e2nului \u0219i altor materiale. <\/li>\n<li><strong>Excavatoare:<\/strong> Cilindrul cupei realizeaz\u0103 excavarea permi\u021b\u00e2nd cupei s\u0103 p\u0103trund\u0103 \u00een sol. <\/li>\n<li><strong>\u00cenc\u0103rc\u0103toare:<\/strong> \u00cenc\u0103rc\u0103toarele frontale ajut\u0103 la ridicarea \u0219i \u00eenclinarea eficient\u0103 a m\u0103rfurilor.<\/li>\n<\/ul>\n<p>Fiecare aplica\u021bie a cilindrului cupei este descris\u0103 mai jos:<\/p>\n<ul>\n<li><strong>Echipamente de construc\u021bii:<\/strong> \u00cen excavatoare, cilindrii cupei sunt esen\u021biali pentru s\u0103pare, \u00eenc\u0103rcare \u0219i mutarea solului sau a resturilor. Ace\u0219tia asigur\u0103 mecanismele necesare de ridicare \u0219i \u00eenclinare pentru excavare. \u00cen cazul excavatoarelor cu buldoexcavatoare, cilindrii cupei ajut\u0103 la s\u0103pare \u0219i ridicare, ceea ce le face ideale pentru \u0219antierele de construc\u021bii cu teren accidentat. <\/li>\n<li><strong>Ma\u0219ini agricole:<\/strong> Cilindrii cupei sunt utiliza\u021bi la \u00eenc\u0103rc\u0103toarele frontale, care sunt folosite pentru a scoate, ridica \u0219i transporta p\u0103m\u00e2nt, f\u00e2n \u0219i alte materiale. Ace\u0219tia ofer\u0103 mecanismele necesare de ridicare \u0219i \u00eenclinare pentru mutarea \u00eenc\u0103rc\u0103turilor grele \u00een jurul fermei. <\/li>\n<li><strong>Excavatoare:<\/strong> Cilindrii cupei realizeaz\u0103 excavarea permi\u021b\u00e2nd cupei s\u0103 p\u0103trund\u0103 \u00een sol. Sunt esen\u021biali pentru s\u0103parea de \u0219an\u021buri sau funda\u021bii \u0219i pentru demolarea cl\u0103dirilor sau a altor structuri.<\/li>\n<li><strong>\u00cenc\u0103rc\u0103toare:<\/strong> La \u00eenc\u0103rc\u0103toarele frontale, cilindrii cupei ajut\u0103 la ridicarea \u0219i \u00eenclinarea eficient\u0103 a m\u0103rfurilor, ceea ce le face ideale pentru \u00eenc\u0103rcarea \u0219i desc\u0103rcarea m\u0103rfurilor grele. <\/li>\n<\/ul>\n<h2>Considera\u021bii de proiectare \u0219i criterii de selec\u021bie<\/h2>\n<p>Cilindrul cupei are mai multe considera\u021bii de proiectare \u0219i criterii de selec\u021bie, care sunt explicate mai jos:<\/p>\n<ul>\n<li><strong>Capacitate portant\u0103:<\/strong> Cilindrul cupei trebuie s\u0103 poat\u0103 suporta greutatea \u0219i presiunea sarcinii pe care o ridic\u0103 sau o \u00eenclin\u0103.<\/li>\n<li><strong>Etan\u0219are:<\/strong> Cilindrul cupei trebuie proiectat cu etan\u0219\u0103ri de \u00eenalt\u0103 calitate pentru a preveni scurgerile de fluid hidraulic \u0219i contaminarea. <\/li>\n<li><strong>Durabilitate:<\/strong> Cilindrul cupei trebuie s\u0103 fie proiectat pentru a rezista condi\u021biilor dure de la \u0219antier, inclusiv uzurii \u0219i coroziunii. <\/li>\n<li><strong>Siguran\u0163\u0103:<\/strong> Cilindrul cupei trebuie proiectat av\u00e2nd \u00een vedere siguran\u021ba, incluz\u00e2nd caracteristici precum supape de blocare \u0219i sisteme de protec\u021bie la suprasarcin\u0103. <\/li>\n<li><strong>\u00centre\u0163inere:<\/strong> Cilindrul cupei trebuie proiectat pentru o \u00eentre\u021binere u\u0219oar\u0103, inclusiv acces facil la componente pentru inspec\u021bie \u0219i repara\u021bii. <\/li>\n<\/ul>\n<p><img decoding=\"async\" src=\"https:\/\/www.hydraulic-cylinders.net\/wp-content\/uploads\/2025\/01\/songte-oil-pipes-and-spare-parts.webp\" alt=\"Cilindru cu cup\u0103\"><\/p>\n<h2>Etan\u0219are \u0219i lubrifiere<\/h2>\n<p>Cilindrul cupei utilizeaz\u0103 diverse garnituri, cum ar fi garnituri de piston \u0219i garnituri de tij\u0103, fabricate din materiale rezistente la uzur\u0103, cum ar fi poliuretanul \u0219i cauciucul nitrilic, pentru a preveni scurgerile de ulei hidraulic. Corpul cilindrului \u0219i suprafa\u021ba filetat\u0103 a cap\u0103tului sunt prelucrate fin pentru a cre\u0219te rezisten\u021ba la uzur\u0103. Lubrifierea regulat\u0103 cu ulei hidraulic este necesar\u0103 pentru a asigura func\u021bionarea f\u0103r\u0103 probleme a cilindrului cupei.<\/p>\n<p><img decoding=\"async\" src=\"https:\/\/www.hydraulic-cylinders.net\/wp-content\/uploads\/2025\/01\/songte-chushion-collar.webp\" alt=\"Cilindru cu cup\u0103\"><\/p>\n<h2>Inspec\u021bie \u0219i \u00eentre\u021binere preventiv\u0103<\/h2>\n<p>Inspec\u021bia regulat\u0103 \u0219i \u00eentre\u021binerea preventiv\u0103 sunt esen\u021biale pentru func\u021bionarea corect\u0103 a cilindrului cupei. Urm\u0103toarele sunt sarcini comune de \u00eentre\u021binere:<\/p>\n<ul>\n<li><strong>Inspec\u021bie periodic\u0103:<\/strong> Verifica\u021bi corpul cilindrului, pistonul \u0219i garniturile pentru uzur\u0103 \u0219i deterior\u0103ri. <\/li>\n<li><strong>Lubrifiere:<\/strong> Unge\u021bi cilindrul cu ulei hidraulic la intervale regulate pentru a asigura o func\u021bionare f\u0103r\u0103 probleme. <\/li>\n<li><strong>\u00cenlocuirea garniturii:<\/strong> \u00cenlocui\u021bi prompt garniturile deteriorate sau uzate pentru a preveni scurgerile de fluid hidraulic. <\/li>\n<li><strong>Verificare calibrare:<\/strong> Verifica\u021bi periodic calibrarea cilindrului pentru a v\u0103 asigura c\u0103 func\u021bioneaz\u0103 \u00een limitele specifica\u021biilor. <\/li>\n<\/ul>\n<p>Instalarea corect\u0103 este esen\u021bial\u0103 pentru func\u021bionarea corect\u0103 a cilindrului cupei. Este important s\u0103 alinia\u021bi corect cilindrul \u0219i s\u0103 utiliza\u021bi console de instalare adecvate pentru a-l fixa \u00een pozi\u021bie. Trebuie urmate procedurile recomandate de inspec\u021bie, reparare \u0219i \u00eenlocuire pentru a prelungi durata de via\u021b\u0103 a cilindrului cupei.<\/p>\n<p><img decoding=\"async\" src=\"https:\/\/hzpt.com\/wp-content\/uploads\/2024\/11\/songte-company-1.webp\" alt=\"Cilindru cu cup\u0103\"><\/p>\n<h2>Considera\u021bii privind siguran\u021ba \u0219i mediul<\/h2>\n<p>La utilizarea cilindrului cupei, trebuie luate m\u0103suri de siguran\u021b\u0103 pentru a preveni accidentele. Trebuie utilizate dispozitive de siguran\u021b\u0103, cum ar fi supapele de blocare \u0219i sistemele de protec\u021bie la suprasarcin\u0103, pentru a preveni situa\u021biile periculoase. De asemenea, trebuie luate \u00een considerare aspectele legate de mediu, cum ar fi eliminarea corect\u0103 a fluidului hidraulic \u0219i utilizarea materialelor ecologice.<\/p>\n<p><img decoding=\"async\" src=\"https:\/\/www.hydraulic-cylinders.net\/wp-content\/uploads\/2025\/01\/songte-bushings-with-all-kinds-of-excavator-models.webp\" alt=\"Cilindru cu cup\u0103\"><\/p>\n<h2>Depanare \u0219i probleme frecvente<\/h2>\n<p>Cilindrul cupei poate \u00eent\u00e2mpina probleme din cauza uzurii, deterior\u0103rii sau utiliz\u0103rii necorespunz\u0103toare. Problemele frecvente includ scurgeri de fluid hidraulic, func\u021bionare lent\u0103 \u0219i for\u021b\u0103 insuficient\u0103 de ridicare sau \u00eenclinare. Ar trebui furnizate sfaturi de depanare \u0219i solu\u021bii pentru a ajuta cititorii s\u0103 diagnosticheze \u0219i s\u0103 rezolve aceste probleme. De asemenea, ar trebui prezentate m\u0103suri preventive pentru a minimiza poten\u021bialele probleme.<\/p>\n<h2>Despre compania noastr\u0103<\/h2>\n<p>Suntem produc\u0103tori de cilindri hidraulici de schimb cu o gam\u0103 complet\u0103 de produse, ceea ce ne face unul dintre principalii produc\u0103tori \u0219i distribuitori angro de cilindri hidraulici at\u00e2t pe pia\u021ba intern\u0103, c\u00e2t \u0219i pe cea interna\u021bional\u0103. Urm\u0103m principiul calit\u0103\u021bii excelente \u0219i ne baz\u0103m pe strategia industrializat\u0103 de management al produc\u021biei, realizat\u0103 prin ateliere de fabrica\u021bie sofisticate. Compania noastr\u0103 \u00eembun\u0103t\u0103\u021be\u0219te continuu platforma de produc\u021bie a atelierului, \u00eembun\u0103t\u0103\u021be\u0219te linia de produc\u021bie a calit\u0103\u021bii produselor \u0219i are o puternic\u0103 capacitate creativ\u0103. Ne angaj\u0103m s\u0103 satisfacem nevoile diverse ale clien\u021bilor no\u0219tri cu eficien\u021b\u0103, precizie \u0219i calitate ridicate.<\/p>\n<p><img decoding=\"async\" src=\"https:\/\/www.hydraulic-cylinders.net\/wp-content\/uploads\/2025\/01\/songte-company-3.webp\" alt=\"Cilindru cu cup\u0103\"><\/p>\n<p>Suntem m\u00e2ndri de profesionalismul nostru, de certificarea interna\u021bional\u0103, de serviciile personalizate, de echipamentele de produc\u021bie \u0219i de serviciile post-v\u00e2nzare. Produsele noastre sunt de \u00eenalt\u0103 calitate \u0219i performan\u021be fiabile, iar clien\u021bilor no\u0219tri le oferim asisten\u021b\u0103 tehnic\u0103 prompt\u0103 \u0219i profesional\u0103. <\/p>\n<h2>Autor<\/h2>\n<p>lyl<\/p>","protected":false},"excerpt":{"rendered":"<p>Introduction Bucket Cylinder For XGMA Middle Excavator XG825EL The Bucket Cylinder for XGMA Middle Excavator XG825EL is a specialized hydraulic cylinder designed to control the movement of buckets in heavy machinery such as excavators, backhoe excavators, and front-end loaders. Its main function is to facilitate the lifting, lowering, and tilting of buckets, making it easier [&hellip;]<\/p>","protected":false},"featured_media":14787,"comment_status":"open","ping_status":"closed","template":"","meta":{"_et_pb_use_builder":"","_et_pb_old_content":"","_et_gb_content_width":""},"product_brand":[],"product_cat":[1494],"product_tag":[1495,1496],"class_list":{"0":"post-15599","1":"product","2":"type-product","3":"status-publish","4":"has-post-thumbnail","6":"product_cat-bucket-cylinders","7":"product_tag-bucket-cylinders","8":"product_tag-hydraulic-cylinders","10":"first","11":"instock","12":"shipping-taxable","13":"product-type-simple"},"amp_enabled":true,"_links":{"self":[{"href":"https:\/\/www.hydraulic-cylinders.net\/ro\/wp-json\/wp\/v2\/product\/15599","targetHints":{"allow":["GET"]}}],"collection":[{"href":"https:\/\/www.hydraulic-cylinders.net\/ro\/wp-json\/wp\/v2\/product"}],"about":[{"href":"https:\/\/www.hydraulic-cylinders.net\/ro\/wp-json\/wp\/v2\/types\/product"}],"replies":[{"embeddable":true,"href":"https:\/\/www.hydraulic-cylinders.net\/ro\/wp-json\/wp\/v2\/comments?post=15599"}],"wp:featuredmedia":[{"embeddable":true,"href":"https:\/\/www.hydraulic-cylinders.net\/ro\/wp-json\/wp\/v2\/media\/14787"}],"wp:attachment":[{"href":"https:\/\/www.hydraulic-cylinders.net\/ro\/wp-json\/wp\/v2\/media?parent=15599"}],"wp:term":[{"taxonomy":"product_brand","embeddable":true,"href":"https:\/\/www.hydraulic-cylinders.net\/ro\/wp-json\/wp\/v2\/product_brand?post=15599"},{"taxonomy":"product_cat","embeddable":true,"href":"https:\/\/www.hydraulic-cylinders.net\/ro\/wp-json\/wp\/v2\/product_cat?post=15599"},{"taxonomy":"product_tag","embeddable":true,"href":"https:\/\/www.hydraulic-cylinders.net\/ro\/wp-json\/wp\/v2\/product_tag?post=15599"}],"curies":[{"name":"wp","href":"https:\/\/api.w.org\/{rel}","templated":true}]}}