{"id":15614,"date":"2025-01-19T14:45:08","date_gmt":"2025-01-19T14:45:08","guid":{"rendered":"https:\/\/www.hydraulic-cylinders.net\/product\/bucket-cylinder-for-lonking-middle-excavator-lg6225d\/"},"modified":"2025-01-19T14:45:10","modified_gmt":"2025-01-19T14:45:10","slug":"bucket-cylinder-for-lonking-middle-excavator-lg6225d","status":"publish","type":"product","link":"https:\/\/www.hydraulic-cylinders.net\/ro\/produs\/bucket-cylinder-for-lonking-middle-excavator-lg6225d\/","title":{"rendered":"Cilindru cu cup\u0103 pentru excavatorul mijlociu Lonking LG6225D"},"content":{"rendered":"<h1>Cilindru cu cup\u0103 pentru excavatorul mijlociu Lonking LG6225D<\/h1>\n<h2>Introducere<\/h2>\n<p>Cilindrul cupei pentru excavatorul Lonking LG6225D este un cilindru hidraulic special conceput, utilizat pentru a controla mi\u0219carea cupei \u00een utilaje grele, cum ar fi excavatoarele, \u00eenc\u0103rc\u0103toarele excavatoare \u0219i \u00eenc\u0103rc\u0103toare frontale. Func\u021bia sa principal\u0103 este de a permite ridicarea, cobor\u00e2rea \u0219i \u00eenclinarea cupei, facilit\u00e2nd diverse sarcini de manipulare a materialelor. \u00cen sistemul hidraulic, cilindrul cupei realizeaz\u0103 un control precis al cupei prin utilizarea modific\u0103rilor de presiune din uleiul hidraulic, permi\u021b\u00e2nd operatorilor s\u0103 manipuleze eficient sarcini grele \u0219i s\u0103 se adapteze la medii de lucru complexe \u0219i cerin\u021be diverse ale lucr\u0103rilor.<\/p>\n<p><img decoding=\"async\" src=\"https:\/\/www.hydraulic-cylinders.net\/wp-content\/uploads\/2025\/01\/songte-company-2.webp\" alt=\"Imaginea cilindrului cupei\"><\/p>\n<h2>Caracteristici<\/h2>\n<ul>\n<li>Rezisten\u021b\u0103 \u0219i durabilitate ridicate: Fabricate de obicei din o\u021bel sau aluminiu de \u00eenalt\u0103 rezisten\u021b\u0103, pot rezista la presiuni ridicate \u0219i sarcini grele, adapt\u00e2ndu-se la condi\u021bii dure de lucru. Designul ia \u00een considerare \u0219i rezisten\u021ba la uzur\u0103 \u0219i la coroziune, prelungind durata de via\u021b\u0103.<\/li>\n<li>Func\u021bionare hidraulic\u0103 eficient\u0103: Prin utilizarea presiunii uleiului hidraulic, se realizeaz\u0103 ac\u021biuni line de extensie \u0219i retragere, r\u0103spunz\u00e2nd rapid la comenzile de control, oferind for\u021be puternice de \u00eempingere \u0219i tragere \u0219i fiind potrivit pentru manipularea sarcinilor grele \u0219i a sarcinilor complexe.<\/li>\n<li>Diverse tipuri: Cilindrul poate fi selectat ca fiind cu ac\u021biune simpl\u0103 (hidraulic \u00eentr-o singur\u0103 direc\u021bie) sau cu ac\u021biune dubl\u0103 (hidraulic \u00een ambele direc\u021bii) \u00een func\u021bie de cerin\u021be, iar unele modele sunt telescopice, permi\u021b\u00e2nd o extensie mai mare f\u0103r\u0103 a cre\u0219te dimensiunile exterioare, potrivite pentru aplica\u021bii cu spa\u021biu limitat.<\/li>\n<li>\u00cenlocuibilitate: Produsele noastre pot \u00eenlocui perfect ace\u0219ti cilindri hidraulici.<\/li>\n<\/ul>\n<p><img decoding=\"async\" src=\"https:\/\/www.hydraulic-cylinders.net\/wp-content\/uploads\/2025\/01\/songte-cylinder-head-with-all-kinds-excavator-models.webp\" alt=\"Imaginea produsului\"><\/p>\n<h2>Aplica\u021bii<\/h2>\n<p>Cilindrul cupei pentru excavatorul central Lonking LG6225D este utilizat pe scar\u0103 larg\u0103 \u00een diverse industrii \u0219i echipamente, inclusiv:<\/p>\n<ul>\n<li>Echipamente de construc\u021bii: Este esen\u021bial \u00een excavatoare pentru s\u0103pare, \u00eenc\u0103rcare \u0219i mutarea solului sau a resturilor. La \u00eenc\u0103rc\u0103toarele portabile, cilindrul cupei ajut\u0103 at\u00e2t la s\u0103pare, c\u00e2t \u0219i la ridicare.<\/li>\n<li>Ma\u0219ini agricole: utilizate \u00een \u00eenc\u0103rc\u0103toarele frontale pentru scobere, ridicare \u0219i transportul solului, f\u00e2nului \u0219i altor materiale.<\/li>\n<li>Excavatoare: Cilindrul cupei permite ac\u021biunile de s\u0103pare permi\u021b\u00e2nd cupei s\u0103 p\u0103trund\u0103 \u00een sol.<\/li>\n<li>\u00cenc\u0103rc\u0103toare frontale: \u00cen cazul \u00eenc\u0103rc\u0103toarelor frontale, acestea ajut\u0103 la ridicarea \u0219i desc\u0103rcarea eficient\u0103 a m\u0103rfurilor.<\/li>\n<\/ul>\n<h2>Considera\u021bii de proiectare \u0219i criterii de selec\u021bie<\/h2>\n<p>La proiectarea cilindrului cupei pentru excavatorul Lonking LG6225D, se iau \u00een considerare mai mul\u021bi factori, inclusiv:<\/p>\n<ul>\n<li>Capacitate portant\u0103<\/li>\n<li>Performan\u021ba de etan\u0219are<\/li>\n<li>Durabilitate<\/li>\n<li>Siguran\u0163\u0103<\/li>\n<li>Mentenabilitate<\/li>\n<\/ul>\n<p><img decoding=\"async\" src=\"https:\/\/www.hydraulic-cylinders.net\/wp-content\/uploads\/2025\/01\/songte-oil-pipes-and-spare-parts.webp\" alt=\"Imagine de design de produs\"><\/p>\n<h2>Etan\u0219are \u0219i lubrifiere<\/h2>\n<p>Produsul utilizeaz\u0103 diverse componente de etan\u0219are, cum ar fi etan\u0219\u0103ri de piston \u0219i etan\u0219\u0103ri de tij\u0103, fabricate din materiale rezistente la uzur\u0103, precum poliuretanul \u0219i cauciucul nitrilic. Corpul cilindrului \u0219i suprafe\u021bele filetate ale cap\u0103tului sunt supuse unor prelucr\u0103ri fine pentru a spori rezisten\u021ba la uzur\u0103. Lubrifierea regulat\u0103 cu o cantitate adecvat\u0103 de ulei hidraulic este necesar\u0103 pentru a asigura o func\u021bionare f\u0103r\u0103 probleme.<\/p>\n<h2>Inspec\u021bie regulat\u0103 \u0219i \u00eentre\u021binere preventiv\u0103<\/h2>\n<p>Pentru a asigura performan\u021be optime \u0219i a prelungi durata de via\u021b\u0103 a cilindrului cupei pentru excavatorul Lonking LG6225D, trebuie luate urm\u0103toarele m\u0103suri:<\/p>\n<ul>\n<li>Verifica\u021bi periodic cilindrul pentru a depista orice semne de deteriorare sau uzur\u0103.<\/li>\n<li>Lubrifia\u021bi corespunz\u0103tor cilindrul la intervalele specificate.<\/li>\n<li>\u00cenlocui\u021bi garniturile dac\u0103 este necesar pentru a men\u021bine o performan\u021b\u0103 optim\u0103 de etan\u0219are.<\/li>\n<li>Efectua\u021bi verific\u0103ri de calibrare pentru a asigura o func\u021bionare corect\u0103.<\/li>\n<\/ul>\n<p><img decoding=\"async\" src=\"https:\/\/www.hydraulic-cylinders.net\/wp-content\/uploads\/2025\/01\/songte-chushion-collar.webp\" alt=\"Imagine de \u00eentre\u021binere\"><\/p>\n<h2>Considera\u021bii de siguran\u021b\u0103 \u0219i factori de mediu<\/h2>\n<p>C\u00e2nd utiliza\u021bi cilindrul cupei pentru excavatorul Lonking LG6225D, este important s\u0103 respecta\u021bi m\u0103surile de siguran\u021b\u0103 pentru a preveni accidentele \u0219i a minimiza impactul asupra mediului.<\/p>\n<h2>Depanare \u0219i probleme frecvente<\/h2>\n<p>De\u0219i cilindrul cupei pentru excavatorul Lonking LG6225D este proiectat s\u0103 fie fiabil, pot ap\u0103rea unele probleme comune. Iat\u0103 c\u00e2teva sfaturi \u0219i solu\u021bii de depanare:<\/p>\n<p><img decoding=\"async\" src=\"https:\/\/www.hydraulic-cylinders.net\/wp-content\/uploads\/2025\/01\/songte-bushings-with-all-kinds-of-excavator-models.webp\" alt=\"Depanarea erorilor de imagine\"><\/p>\n<h2>Prezentare general\u0103 a companiei<\/h2>\n<p>Suntem produc\u0103tori de cilindri hidraulici de schimb \u0219i oferim o gam\u0103 larg\u0103 de produse. Suntem unul dintre principalii produc\u0103tori \u0219i distribuitori angro de cilindri hidraulici pe pie\u021bele interne \u0219i interna\u021bionale. Ader\u0103m la principiile calit\u0103\u021bii excelente \u0219i ne baz\u0103m pe strategii de management al produc\u021biei industriale \u00een atelierul nostru de fabrica\u021bie rafinat. Compania noastr\u0103 \u00eembun\u0103t\u0103\u021be\u0219te continuu platforma de fabrica\u021bie, perfec\u021bioneaz\u0103 procesul de produc\u021bie al calit\u0103\u021bii produselor \u0219i are capacit\u0103\u021bi puternice de crea\u021bie. Prioritiz\u0103m eficien\u021ba, precizia \u0219i calitatea \u00eenalt\u0103 pentru a satisface nevoile diverse ale clien\u021bilor.<\/p>\n<p><img decoding=\"async\" src=\"https:\/\/www.hydraulic-cylinders.net\/wp-content\/uploads\/2025\/01\/songte-company-3.webp\" alt=\"Imaginea companiei\"><\/p>\n<p>De la profesionalism, certific\u0103ri interna\u021bionale, servicii personalizate, echipamente de produc\u021bie, p\u00e2n\u0103 la servicii post-v\u00e2nzare, ne str\u0103duim s\u0103 oferim asisten\u021b\u0103 complet\u0103 clien\u021bilor no\u0219tri.<\/p>\n<p>Autor: lyl<\/p>","protected":false},"excerpt":{"rendered":"<p>Bucket Cylinder For Lonking Middle Excavator LG6225D Introduction The Bucket Cylinder for Lonking Middle Excavator LG6225D is a specially designed hydraulic cylinder used to control the movement of the bucket in heavy machinery such as excavators, backhoe loaders, and wheel loaders. Its main function is to enable the lifting, lowering, and tilting of the bucket, [&hellip;]<\/p>","protected":false},"featured_media":14787,"comment_status":"open","ping_status":"closed","template":"","meta":{"_et_pb_use_builder":"","_et_pb_old_content":"","_et_gb_content_width":""},"product_brand":[],"product_cat":[1494],"product_tag":[1495,1496],"class_list":{"0":"post-15614","1":"product","2":"type-product","3":"status-publish","4":"has-post-thumbnail","6":"product_cat-bucket-cylinders","7":"product_tag-bucket-cylinders","8":"product_tag-hydraulic-cylinders","10":"first","11":"instock","12":"shipping-taxable","13":"product-type-simple"},"amp_enabled":true,"_links":{"self":[{"href":"https:\/\/www.hydraulic-cylinders.net\/ro\/wp-json\/wp\/v2\/product\/15614","targetHints":{"allow":["GET"]}}],"collection":[{"href":"https:\/\/www.hydraulic-cylinders.net\/ro\/wp-json\/wp\/v2\/product"}],"about":[{"href":"https:\/\/www.hydraulic-cylinders.net\/ro\/wp-json\/wp\/v2\/types\/product"}],"replies":[{"embeddable":true,"href":"https:\/\/www.hydraulic-cylinders.net\/ro\/wp-json\/wp\/v2\/comments?post=15614"}],"wp:featuredmedia":[{"embeddable":true,"href":"https:\/\/www.hydraulic-cylinders.net\/ro\/wp-json\/wp\/v2\/media\/14787"}],"wp:attachment":[{"href":"https:\/\/www.hydraulic-cylinders.net\/ro\/wp-json\/wp\/v2\/media?parent=15614"}],"wp:term":[{"taxonomy":"product_brand","embeddable":true,"href":"https:\/\/www.hydraulic-cylinders.net\/ro\/wp-json\/wp\/v2\/product_brand?post=15614"},{"taxonomy":"product_cat","embeddable":true,"href":"https:\/\/www.hydraulic-cylinders.net\/ro\/wp-json\/wp\/v2\/product_cat?post=15614"},{"taxonomy":"product_tag","embeddable":true,"href":"https:\/\/www.hydraulic-cylinders.net\/ro\/wp-json\/wp\/v2\/product_tag?post=15614"}],"curies":[{"name":"wp","href":"https:\/\/api.w.org\/{rel}","templated":true}]}}