{"id":15615,"date":"2025-01-19T14:45:13","date_gmt":"2025-01-19T14:45:13","guid":{"rendered":"https:\/\/www.hydraulic-cylinders.net\/product\/bucket-cylinder-for-lonking-middle-excavator-lg6225h\/"},"modified":"2025-01-19T14:45:15","modified_gmt":"2025-01-19T14:45:15","slug":"bucket-cylinder-for-lonking-middle-excavator-lg6225h","status":"publish","type":"product","link":"https:\/\/www.hydraulic-cylinders.net\/ro\/produs\/bucket-cylinder-for-lonking-middle-excavator-lg6225h\/","title":{"rendered":"Cilindru cu cup\u0103 pentru excavatorul mijlociu Lonking LG6225H"},"content":{"rendered":"<h1>Cilindru cu cup\u0103 pentru excavatorul mijlociu Lonking LG6225H<\/h1>\n<h2>Introducere<\/h2>\n<p>Un cilindru al cupei este un cilindru hidraulic specializat utilizat pentru a controla mi\u0219carea unei cupe \u00een utilaje grele, cum ar fi excavatoarele, excavatoarele \u0219i \u00eenc\u0103rc\u0103toarele frontale. Func\u021bia sa principal\u0103 este de a permite ridicarea, cobor\u00e2rea \u0219i \u00eenclinarea cupei, facilit\u00e2nd gestionarea diverselor sarcini de manipulare a materialelor. \u00cen sistemul hidraulic, cilindrul cupei realizeaz\u0103 un control precis al cupei prin modific\u0103ri ale presiunii uleiului hidraulic, permi\u021b\u00e2nd operatorilor s\u0103 manipuleze eficient sarcini grele \u0219i s\u0103 se adapteze la medii de lucru complexe \u0219i cerin\u021be opera\u021bionale diverse.<\/p>\n<p><img decoding=\"async\" src=\"https:\/\/www.hydraulic-cylinders.net\/wp-content\/uploads\/2025\/01\/songte-company-2.webp\"\/><\/p>\n<h2>Caracteristici<\/h2>\n<ul>\n<li>Rezisten\u021b\u0103 \u0219i durabilitate ridicate: de obicei fabricate din o\u021bel sau aluminiu de \u00eenalt\u0103 rezisten\u021b\u0103, capabile s\u0103 reziste la presiuni ridicate \u0219i sarcini grele, potrivite pentru medii de lucru dure \u0219i proiectate cu rezisten\u021b\u0103 la uzur\u0103 \u0219i coroziune pentru a prelungi durata de via\u021b\u0103.<\/li>\n<li>Func\u021bionare hidraulic\u0103 eficient\u0103: utilizeaz\u0103 presiunea uleiului hidraulic pentru a ob\u021bine ac\u021biuni line de extensie \u0219i retragere, capabil s\u0103 r\u0103spund\u0103 rapid la comenzile de control, s\u0103 ofere for\u021be puternice de \u00eempingere \u0219i tragere \u0219i potrivit pentru manipularea sarcinilor grele \u0219i a sarcinilor de lucru complexe.<\/li>\n<li>Diverse tipuri: se pot alege cilindri cu ac\u021biune simpl\u0103 (hidraulic utilizat doar \u00eentr-o singur\u0103 direc\u021bie) sau cu ac\u021biune dubl\u0103 (hidraulic utilizat \u00een ambele direc\u021bii) \u00een func\u021bie de necesit\u0103\u021bi, pentru a satisface diferite cerin\u021be opera\u021bionale; unele modele sunt telescopice, permi\u021b\u00e2nd o extindere mai mare f\u0103r\u0103 a cre\u0219te dimensiunile exterioare, potrivite pentru aplica\u021bii cu spa\u021biu limitat.<\/li>\n<li>Produs \u00eenlocuibil: produsul nostru poate \u00eenlocui perfect ace\u0219ti cilindri hidraulici.<\/li>\n<li>Design personalizabil: putem personaliza designul \u00een func\u021bie de nevoile clien\u021bilor, inclusiv diametrul cilindrului, lungimea cursei \u0219i alte specifica\u021bii, pentru a \u00eendeplini cerin\u021bele specifice ale aplica\u021biei.<\/li>\n<\/ul>\n<p><img decoding=\"async\" src=\"https:\/\/www.hydraulic-cylinders.net\/wp-content\/uploads\/2025\/01\/songte-cylinder-head-with-all-kinds-excavator-models.webp\"\/><\/p>\n<h2>Aplica\u021bii<\/h2>\n<p>Cilindrii cu cup\u0103 sunt utiliza\u021bi pe scar\u0103 larg\u0103 \u00een diverse utilaje grele, inclusiv:<\/p>\n<h3>Echipamente de construc\u021bii<\/h3>\n<p>\u00cen excavatoare, acestea sunt esen\u021biale pentru s\u0103pare, \u00eenc\u0103rcare \u0219i mutarea solului sau a resturilor. \u00cen buldoexcavatoarele, cilindrii cupei ajut\u0103 at\u00e2t la s\u0103pare, c\u00e2t \u0219i la ridicare. <\/p>\n<h3>Ma\u0219ini agricole<\/h3>\n<p>Folosit la \u00eenc\u0103rc\u0103toarele frontale pentru scobere, ridicare \u0219i transportul solului, f\u00e2nului \u0219i altor materiale.<\/p>\n<h3>Excavatoare<\/h3>\n<p>Cilindrii cupei realizeaz\u0103 ac\u021biunea de s\u0103pare permi\u021b\u00e2nd cupei s\u0103 p\u0103trund\u0103 \u00een sol.<\/p>\n<h3>\u00cenc\u0103rc\u0103toare<\/h3>\n<p>La \u00eenc\u0103rc\u0103toarele frontale, cilindrii cupei ajut\u0103 la ridicarea \u0219i desc\u0103rcarea eficient\u0103 a \u00eenc\u0103rc\u0103turii.<\/p>\n<h2>Considera\u021bii de proiectare \u0219i criterii de selec\u021bie<\/h2>\n<p>La selectarea \u0219i proiectarea cilindrilor pentru cup\u0103, trebuie lua\u021bi \u00een considerare urm\u0103torii factori cheie:<\/p>\n<h3>Capacitate portant\u0103<\/h3>\n<p>Capacitatea cilindrului de a gestiona sarcini grele \u0219i de a rezista la presiuni ridicate.<\/p>\n<h3>Sigilare<\/h3>\n<p>Diverse componente de etan\u0219are, cum ar fi etan\u0219\u0103rile pistonului \u0219i etan\u0219\u0103rile tijei, ar trebui s\u0103 fie fabricate din materiale rezistente la uzur\u0103, cum ar fi poliuretanul \u0219i cauciucul nitrilic, pentru a asigura performan\u021ba de etan\u0219are \u0219i a prelungi durata de via\u021b\u0103.<\/p>\n<h3>Durabilitate<\/h3>\n<p>Produsul trebuie s\u0103 fie proiectat cu rezisten\u021b\u0103 la uzur\u0103 \u0219i coroziune pentru a rezista la medii de lucru dure \u0219i a prelungi durata de via\u021b\u0103.<\/p>\n<h3>Siguran\u0163\u0103<\/h3>\n<p>Proiectarea buteliei ar trebui s\u0103 acorde prioritate siguran\u021bei, cum ar fi prevenirea scurgerilor, men\u021binerea stabilit\u0103\u021bii \u0219i evitarea accidentelor.<\/p>\n<h3>\u00centre\u0163inere<\/h3>\n<p>U\u0219or de \u00eentre\u021binut \u0219i reparat, iar produsul trebuie s\u0103 aib\u0103 instruc\u021biuni \u0219i proceduri clare pentru repararea \u0219i \u00eenlocuirea pieselor.<\/p>\n<p><img decoding=\"async\" src=\"https:\/\/www.hydraulic-cylinders.net\/wp-content\/uploads\/2025\/01\/songte-oil-pipes-and-spare-parts.webp\"\/><\/p>\n<h2>Etan\u0219are \u0219i lubrifiere<\/h2>\n<p>Diverse componente de etan\u0219are, cum ar fi etan\u0219\u0103rile pistonului \u0219i etan\u0219\u0103rile tijei, trebuie fabricate din materiale rezistente la uzur\u0103, cum ar fi poliuretanul \u0219i cauciucul nitrilic, pentru a asigura performan\u021ba de etan\u0219are \u0219i a prelungi durata de via\u021b\u0103. Corpul cilindrului \u0219i suprafa\u021ba cap\u0103tului filetat trebuie prelucrate fin pentru a \u00eembun\u0103t\u0103\u021bi rezisten\u021ba la uzur\u0103. Lubrifierea regulat\u0103 cu ulei hidraulic este necesar\u0103 pentru a asigura func\u021bionarea f\u0103r\u0103 probleme a cilindrului \u0219i a prelungi durata de via\u021b\u0103 a produsului.<\/p>\n<h2>\u00centre\u021binere \u0219i repara\u021bii<\/h2>\n<p>Verific\u0103ri regulate \u0219i m\u0103suri de \u00eentre\u021binere preventiv\u0103 sunt necesare pentru a asigura o func\u021bionare f\u0103r\u0103 probleme. Urm\u0103toarele sunt sarcini de \u00eentre\u021binere comune:<\/p>\n<h3>Inspec\u021bie regulat\u0103<\/h3>\n<p>Inspecta\u021bi corpul cilindrului, pistonul \u0219i tija pentru uzur\u0103 \u0219i deterior\u0103ri. Asigura\u021bi-v\u0103 c\u0103 cilindrul este curat \u0219i f\u0103r\u0103 resturi, murd\u0103rie sau rugin\u0103.<\/p>\n<h3>Lubrifiere<\/h3>\n<p>Asigura\u021bi-v\u0103 c\u0103 cilindrul este lubrifiat corespunz\u0103tor cu ulei hidraulic pentru a reduce frecarea \u0219i a preveni uzura.<\/p>\n<h3>\u00cenlocuirea garniturii<\/h3>\n<p>\u00cenlocui\u021bi garniturile uzate sau deteriorate pentru a preveni scurgerile \u0219i a prelungi durata de via\u021b\u0103.<\/p>\n<p>Instalarea corect\u0103 a cilindrului este esen\u021bial\u0103 pentru func\u021bionarea sa corespunz\u0103toare. Alinierea corect\u0103 a cilindrului, utilizarea suporturilor de instalare adecvate pentru fixarea acestuia \u0219i respectarea procedurilor recomandate de inspec\u021bie, reparare \u0219i \u00eenlocuire pot prelungi durata de via\u021b\u0103 a produsului.<\/p>\n<p><img decoding=\"async\" src=\"https:\/\/www.hydraulic-cylinders.net\/wp-content\/uploads\/2025\/01\/songte-chushion-collar.webp\"\/><\/p>\n<h2>Considera\u021bii de siguran\u021b\u0103 \u0219i factori de mediu<\/h2>\n<p>Atunci c\u00e2nd se utilizeaz\u0103 cilindri cu cup\u0103, trebuie luate m\u0103suri de siguran\u021b\u0103 pentru a preveni accidentele. Acestea includ instalarea corect\u0103, verific\u0103ri \u0219i \u00eentre\u021binere regulate \u0219i utilizarea corect\u0103 a echipamentului individual de protec\u021bie. Factorii de mediu precum temperatura, umiditatea \u0219i contaminarea trebuie, de asemenea, lua\u021bi \u00een considerare pentru a asigura performan\u021ba corect\u0103 a cilindrului \u0219i a prelungi durata de via\u021b\u0103 a produsului.<\/p>\n<h2>Probleme frecvente \u0219i depanare<\/h2>\n<p>Problemele frecvente ale cilindrilor cupei includ scurgeri, devia\u021bia cilindrului \u0219i retragerea sau extinderea incomplet\u0103. Aceste probleme pot fi diagnosticate prin inspec\u021bie vizual\u0103 \u0219i testare adecvat\u0103. Tehnicile adecvate de depanare includ identificarea cauzei principale a problemei, inspec\u021bia cilindrului \u0219i efectuarea repara\u021biilor sau \u00eenlocuirilor necesare.<\/p>\n<p>M\u0103surile preventive pentru evitarea poten\u021bialelor probleme includ \u00eentre\u021binerea regulat\u0103, utilizarea \u0219i depozitarea corecte \u0219i evitarea supra\u00eenc\u0103rc\u0103rii cilindrului dincolo de capacitatea sa portant\u0103.<\/p>\n<p><img decoding=\"async\" src=\"https:\/\/www.hydraulic-cylinders.net\/wp-content\/uploads\/2025\/01\/songte-bushings-with-all-kinds-of-excavator-models.webp\"\/><\/p>\n<h2>Despre compania noastr\u0103<\/h2>\n<p>Suntem produc\u0103tori de cilindri hidraulici, iar gama noastr\u0103 de produse este extins\u0103, ceea ce ne face unul dintre principalii produc\u0103tori \u0219i distribuitori angro de cilindri hidraulici, at\u00e2t pe pia\u021ba intern\u0103, c\u00e2t \u0219i pe cea interna\u021bional\u0103. Ader\u0103m la principiul calit\u0103\u021bii excelente \u0219i ne baz\u0103m pe strategii industrializate de management al produc\u021biei \u00een ateliere de produc\u021bie de \u00eenalt\u0103 calitate. Prin utilizarea talentelor tehnologice, a echipamentelor digitale de produc\u021bie de ultim\u0103 genera\u021bie \u0219i a sistemelor profesionale de testare, \u00eembun\u0103t\u0103\u021bim continuu platforma de produc\u021bie a atelierului, \u00eembun\u0103t\u0103\u021bim ruta de produc\u021bie a calit\u0103\u021bii produsului \u0219i avem o puternic\u0103 capacitate creativ\u0103. Produsele noastre sunt eficiente, precise \u0219i de \u00eenalt\u0103 calitate \u0219i pot satisface nevoile diverse ale clien\u021bilor.<\/p>\n<h3>Profesionalism<\/h3>\n<p>Avem o echip\u0103 profesionist\u0103 de ingineri \u0219i tehnicieni specializa\u021bi \u00een proiectarea, dezvoltarea \u0219i produc\u021bia de cilindri hidraulici.<\/p>\n<h3>Certificare interna\u021bional\u0103<\/h3>\n<p>Produsele noastre au trecut diverse certific\u0103ri interna\u021bionale, precum ISO 9001, CE \u0219i RoHS.<\/p>\n<h3>Servicii de personalizare<\/h3>\n<p>Compania noastr\u0103 ofer\u0103 servicii personalizate de proiectare \u0219i produc\u021bie \u00een func\u021bie de diferitele nevoi ale clien\u021bilor, inclusiv diametrul cilindrului, lungimea cursei \u0219i alte specifica\u021bii. <\/p>\n<h3>Echipamente de produc\u021bie<\/h3>\n<p>Folosim echipamente \u0219i tehnologii de produc\u021bie avansate, inclusiv strunguri CNC, ma\u0219ini de sudur\u0103 \u0219i echipamente de testare, pentru a asigura produse de \u00eenalt\u0103 calitate.<\/p>\n<h3>Serviciu post-v\u00e2nzare<\/h3>\n<p>Oferim asisten\u021b\u0103 tehnic\u0103, servicii de \u00eentre\u021binere \u0219i repara\u021bii pentru a asigura satisfac\u021bia clien\u021bilor no\u0219tri.<\/p>\n<p><img decoding=\"async\" src=\"https:\/\/hzpt.com\/wp-content\/uploads\/2024\/11\/songte-company-1.webp\"\/><\/p>\n<p>Autor: lyl<\/p>","protected":false},"excerpt":{"rendered":"<p>Bucket Cylinder For Lonking Middle Excavator LG6225H Introduction A bucket cylinder is a specialized hydraulic cylinder used to control the movement of a bucket in heavy machinery such as excavators, backhoes, and front-end loaders. Its main function is to allow the bucket to lift, lower, and tilt, making it easier to handle various material handling [&hellip;]<\/p>","protected":false},"featured_media":14785,"comment_status":"open","ping_status":"closed","template":"","meta":{"_et_pb_use_builder":"","_et_pb_old_content":"","_et_gb_content_width":""},"product_brand":[],"product_cat":[1494],"product_tag":[1495,1496],"class_list":{"0":"post-15615","1":"product","2":"type-product","3":"status-publish","4":"has-post-thumbnail","6":"product_cat-bucket-cylinders","7":"product_tag-bucket-cylinders","8":"product_tag-hydraulic-cylinders","10":"first","11":"instock","12":"shipping-taxable","13":"product-type-simple"},"amp_enabled":true,"_links":{"self":[{"href":"https:\/\/www.hydraulic-cylinders.net\/ro\/wp-json\/wp\/v2\/product\/15615","targetHints":{"allow":["GET"]}}],"collection":[{"href":"https:\/\/www.hydraulic-cylinders.net\/ro\/wp-json\/wp\/v2\/product"}],"about":[{"href":"https:\/\/www.hydraulic-cylinders.net\/ro\/wp-json\/wp\/v2\/types\/product"}],"replies":[{"embeddable":true,"href":"https:\/\/www.hydraulic-cylinders.net\/ro\/wp-json\/wp\/v2\/comments?post=15615"}],"wp:featuredmedia":[{"embeddable":true,"href":"https:\/\/www.hydraulic-cylinders.net\/ro\/wp-json\/wp\/v2\/media\/14785"}],"wp:attachment":[{"href":"https:\/\/www.hydraulic-cylinders.net\/ro\/wp-json\/wp\/v2\/media?parent=15615"}],"wp:term":[{"taxonomy":"product_brand","embeddable":true,"href":"https:\/\/www.hydraulic-cylinders.net\/ro\/wp-json\/wp\/v2\/product_brand?post=15615"},{"taxonomy":"product_cat","embeddable":true,"href":"https:\/\/www.hydraulic-cylinders.net\/ro\/wp-json\/wp\/v2\/product_cat?post=15615"},{"taxonomy":"product_tag","embeddable":true,"href":"https:\/\/www.hydraulic-cylinders.net\/ro\/wp-json\/wp\/v2\/product_tag?post=15615"}],"curies":[{"name":"wp","href":"https:\/\/api.w.org\/{rel}","templated":true}]}}