{"id":15620,"date":"2025-01-19T14:45:34","date_gmt":"2025-01-19T14:45:34","guid":{"rendered":"https:\/\/www.hydraulic-cylinders.net\/product\/bucket-cylinder-for-lonking-large-excavator-lg6490\/"},"modified":"2025-01-19T14:45:36","modified_gmt":"2025-01-19T14:45:36","slug":"bucket-cylinder-for-lonking-large-excavator-lg6490","status":"publish","type":"product","link":"https:\/\/www.hydraulic-cylinders.net\/ro\/produs\/bucket-cylinder-for-lonking-large-excavator-lg6490\/","title":{"rendered":"Cilindru cu cup\u0103 pentru excavatorul mare Lonking LG6490"},"content":{"rendered":"<p><!DOCTYPE html><br \/>\n<html lang=\"en\"><br \/>\n<head><br \/>\n    <meta charset=\"UTF-8\"><br \/>\n    <meta http-equiv=\"X-UA-Compatible\" content=\"IE=edge\"><br \/>\n    <meta name=\"viewport\" content=\"width=device-width, initial-scale=1.0\"><br \/>\n    <title>Cilindru cu cup\u0103 pentru excavatorul mare Lonking LG6490<\/title><br \/>\n<\/head><br \/>\n<body><\/p>\n<h1>Cilindru cu cup\u0103 pentru excavatorul mare Lonking LG6490<\/h1>\n<h2>Introducere<\/h2>\n<p>Cilindrul cupei pentru excavatorul mare Lonking LG6490 este un cilindru hidraulic special conceput, utilizat pentru a controla mi\u0219carea cupei \u00een utilaje grele, cum ar fi excavatoarele, \u00eenc\u0103rc\u0103toarele excavatoare \u0219i \u00eenc\u0103rc\u0103toarele frontale. Func\u021bia sa principal\u0103 este de a permite ridicarea, cobor\u00e2rea \u0219i \u00eenclinarea cupei, fiind potrivit\u0103 pentru diverse sarcini de manipulare a materialelor. \u00cen sistemul hidraulic, cilindrul cupei realizeaz\u0103 un control precis al cupei utiliz\u00e2nd schimb\u0103rile de presiune ale uleiului hidraulic, permi\u021b\u00e2nd operatorilor s\u0103 manipuleze eficient sarcini grele \u0219i s\u0103 se adapteze la medii de lucru complexe \u0219i cerin\u021be diverse ale lucr\u0103rilor.<\/p>\n<p>    <img decoding=\"async\" src=\"https:\/\/www.hydraulic-cylinders.net\/wp-content\/uploads\/2025\/01\/songte-company-2.webp\" alt=\"Imaginea produsului\"><\/p>\n<h2>Caracteristici<\/h2>\n<ul>\n<li>Rezisten\u021b\u0103 \u0219i durabilitate ridicate: Construit din o\u021bel sau aluminiu de \u00eenalt\u0103 rezisten\u021b\u0103, cilindrul cupei poate rezista la presiuni ridicate \u0219i sarcini grele, adapt\u00e2ndu-se la condi\u021bii dure de lucru. Designul s\u0103u ia \u00een considerare rezisten\u021ba la uzur\u0103 \u0219i la coroziune pentru a-i prelungi durata de via\u021b\u0103.<\/li>\n<li>Func\u021bionare hidraulic\u0103 eficient\u0103: Utiliz\u00e2nd presiunea uleiului hidraulic, cilindrul cupei permite ac\u021biuni line de extensie \u0219i retragere, permi\u021b\u00e2nd un r\u0103spuns rapid la comenzile de control \u0219i oferind for\u021be puternice de \u00eempingere \u0219i tragere, fiind potrivit pentru manipularea sarcinilor grele \u0219i a sarcinilor complexe.<\/li>\n<li>Diverse tipuri: Disponibile \u00een cilindri cu ac\u021biune simpl\u0103 (presiunea hidraulic\u0103 utilizat\u0103 \u00eentr-o singur\u0103 direc\u021bie) sau cu ac\u021biune dubl\u0103 (presiunea hidraulic\u0103 utilizat\u0103 \u00een ambele direc\u021bii), cilindrul cupei poate fi selectat \u00een func\u021bie de nevoile opera\u021bionale specifice. Unele modele sunt telescopice, permi\u021b\u00e2nd o extensie mai mare f\u0103r\u0103 a cre\u0219te dimensiunile exterioare, ceea ce le face potrivite pentru aplica\u021bii cu spa\u021biu limitat.<\/li>\n<li>\u00cenlocuitor perfect: Produsele noastre pot \u00eenlocui perfect ace\u0219ti cilindri hidraulici.<\/li>\n<\/ul>\n<p>    <img decoding=\"async\" src=\"https:\/\/www.hydraulic-cylinders.net\/wp-content\/uploads\/2025\/01\/songte-cylinder-head-with-all-kinds-excavator-models.webp\" alt=\"Imagine de \u00eenlocuire a produsului\"><\/p>\n<h2>Aplica\u021bii<\/h2>\n<ul>\n<li>Echipamente de construc\u021bii: Se g\u0103sesc \u00een excavatoare, acestea sunt esen\u021biale pentru s\u0103pare, \u00eenc\u0103rcare \u0219i mutarea solului sau a resturilor. La \u00eenc\u0103rc\u0103toarele cu excavator, cilindrul cupei ajut\u0103 at\u00e2t la excavare, c\u00e2t \u0219i la ridicare.<\/li>\n<li>Ma\u0219ini agricole: Utilizate \u00een \u00eenc\u0103rc\u0103toarele frontale, acestea sunt folosite pentru scobere, ridicare \u0219i transportul solului, f\u00e2nului \u0219i altor materiale.<\/li>\n<li>Excavatoare: Cilindrul cupei permite ac\u021biunile de s\u0103pare permi\u021b\u00e2nd cupei s\u0103 p\u0103trund\u0103 \u00een sol.<\/li>\n<li>\u00cenc\u0103rc\u0103toare: \u00cen \u00eenc\u0103rc\u0103toarele frontale, acestea ajut\u0103 la ridicarea \u0219i desc\u0103rcarea eficient\u0103 a m\u0103rfurilor.<\/li>\n<\/ul>\n<h2>Considera\u021bii de proiectare \u0219i criterii de selec\u021bie<\/h2>\n<ul>\n<li>Capacitate portant\u0103: Cilindrul cupei este proiectat s\u0103 reziste la sarcini grele \u0219i s\u0103 func\u021bioneze \u00een limitele de greutate specificate.<\/li>\n<li>Etan\u0219are: Diverse garnituri, cum ar fi garniturile pistonului \u0219i garniturile tijei, sunt utilizate pentru a asigura o etan\u0219are corect\u0103 \u0219i a preveni scurgerile de fluid hidraulic.<\/li>\n<li>Durability: The cylinder&#8217;s construction and surface treatment enhance its durability, enabling it to withstand wear and corrosion.<\/li>\n<li>Siguran\u021b\u0103: Sunt implementate caracteristici de siguran\u021b\u0103, cum ar fi supapele de suprapresiune \u0219i comenzile de oprire de urgen\u021b\u0103, pentru a preveni accidentele.<\/li>\n<li>\u00centre\u021binere: Cilindrul cupei este proiectat pentru o \u00eentre\u021binere u\u0219oar\u0103, cu componente accesibile \u0219i instruc\u021biuni clare pentru inspec\u021bie \u0219i repara\u021bii.<\/li>\n<\/ul>\n<p>    <img decoding=\"async\" src=\"https:\/\/www.hydraulic-cylinders.net\/wp-content\/uploads\/2025\/01\/songte-oil-pipes-and-spare-parts.webp\" alt=\"Piese cilindru hidraulic\"><\/p>\n<h2>Etan\u0219are \u0219i lubrifiere<\/h2>\n<p>Cilindrul cupei utilizeaz\u0103 diverse componente de etan\u0219are, cum ar fi etan\u0219\u0103rile pistonului \u0219i etan\u0219\u0103rile tijei, fabricate din materiale durabile precum poliuretanul \u0219i cauciucul nitrilic pentru a asigura rezisten\u021ba la uzur\u0103. Corpul cilindrului \u0219i capetele filetate sunt supuse unui tratament fin pentru a \u00eembun\u0103t\u0103\u021bi rezisten\u021ba la uzur\u0103. Lubrifierea regulat\u0103 cu o cantitate adecvat\u0103 de ulei hidraulic este necesar\u0103 pentru a asigura o func\u021bionare f\u0103r\u0103 probleme \u0219i a prelungi durata de via\u021b\u0103 a acestuia.<\/p>\n<h2>Inspec\u021bie \u0219i \u00eentre\u021binere preventiv\u0103<\/h2>\n<ul>\n<li>Inspecta\u021bi periodic cilindrul pentru a depista semne de deteriorare sau uzur\u0103, cum ar fi scurgeri sau zgomote anormale.<\/li>\n<li>Lubrifierea corect\u0103 este esen\u021bial\u0103 pentru men\u021binerea performan\u021belor optime, a\u0219adar asigura\u021bi o lubrifiere adecvat\u0103 la intervalele recomandate.<\/li>\n<li>Garniturile pot necesita \u00eenlocuire \u00een timp, a\u0219a c\u0103 monitoriza\u021bi starea lor \u0219i \u00eenlocui\u021bi-le atunci c\u00e2nd este necesar.<\/li>\n<li>Efectua\u021bi verific\u0103ri de calibrare pentru a v\u0103 asigura c\u0103 cilindrul func\u021bioneaz\u0103 \u00een parametrii specifica\u021bi.<\/li>\n<\/ul>\n<p>    <img decoding=\"async\" src=\"https:\/\/www.hydraulic-cylinders.net\/wp-content\/uploads\/2025\/01\/songte-chushion-collar.webp\" alt=\"Imagine de \u00eentre\u021binere\"><\/p>\n<h2>Considera\u021bii de siguran\u021b\u0103 \u0219i factori de mediu<\/h2>\n<p>Atunci c\u00e2nd se lucreaz\u0103 cu cilindri hidraulici, este esen\u021bial s\u0103 se acorde prioritate m\u0103surilor de siguran\u021b\u0103, inclusiv instruirii adecvate \u0219i utiliz\u0103rii echipamentului individual de protec\u021bie. \u00cen plus, respectarea reglement\u0103rilor de mediu privind eliminarea fluidelor \u0219i prevenirea scurgerilor este esen\u021bial\u0103 pentru a minimiza impactul asupra mediului.<\/p>\n<h2>Depanare \u0219i probleme frecvente<\/h2>\n<p>Problemele frecvente care pot ap\u0103rea cu cilindrul cupei includ scurgeri, putere insuficient\u0103 \u0219i zgomot anormal. Pentru a depana aceste probleme, lua\u021bi \u00een considerare verificarea nivelului fluidului hidraulic, inspectarea garniturilor pentru a depista eventualele deterior\u0103ri \u0219i examinarea sistemului hidraulic pentru a depista eventualele blocaje. M\u0103surile preventive adecvate, cum ar fi \u00eentre\u021binerea \u0219i inspec\u021biile regulate, pot ajuta la reducerea poten\u021bialelor probleme.<\/p>\n<p>    <img decoding=\"async\" src=\"https:\/\/www.hydraulic-cylinders.net\/wp-content\/uploads\/2025\/01\/songte-bushings-with-all-kinds-of-excavator-models.webp\" alt=\"Depanarea erorilor de imagine\"><\/p>\n<h2>Concluzie<\/h2>\n<p>Compania noastr\u0103 este un produc\u0103tor \u0219i distribuitor angro de cilindri hidraulici de top pe pie\u021bele interne \u0219i interna\u021bionale. Oferim o gam\u0103 larg\u0103 de produse \u0219i ne m\u00e2ndrim cu calitatea excelent\u0103, utiliz\u00e2nd facilit\u0103\u021bi de produc\u021bie avansate, profesioni\u0219ti califica\u021bi \u0219i sisteme de testare profesionale. Concentr\u00e2ndu-ne pe eficien\u021b\u0103, precizie \u0219i calitate \u00eenalt\u0103, ne str\u0103duim s\u0103 satisfacem nevoile diverse ale clien\u021bilor no\u0219tri. Angajamentul nostru fa\u021b\u0103 de profesionalism, certific\u0103ri interna\u021bionale, servicii personalizate, echipamente de produc\u021bie de ultim\u0103 genera\u021bie \u0219i servicii post-v\u00e2nzare complete ne diferen\u021biaz\u0103 \u00een industrie.<\/p>\n<p>    <img decoding=\"async\" src=\"https:\/\/www.hydraulic-cylinders.net\/wp-content\/uploads\/2025\/01\/songte-company-3.webp\" alt=\"Imaginea companiei\"><\/p>\n<p>Autor: lyl<\/p>\n<p><\/body><br \/>\n<\/html><\/p>","protected":false},"excerpt":{"rendered":"<p>Bucket Cylinder For Lonking Large Excavator LG6490 Bucket Cylinder For Lonking Large Excavator LG6490 Introduction The Bucket Cylinder for Lonking Large Excavator LG6490 is a specially designed hydraulic cylinder used to control the movement of the bucket in heavy machinery such as excavators, backhoe loaders, and front-end loaders. Its main function is to enable the [&hellip;]<\/p>","protected":false},"featured_media":14776,"comment_status":"open","ping_status":"closed","template":"","meta":{"_et_pb_use_builder":"","_et_pb_old_content":"","_et_gb_content_width":""},"product_brand":[],"product_cat":[1494],"product_tag":[1495,1496],"class_list":{"0":"post-15620","1":"product","2":"type-product","3":"status-publish","4":"has-post-thumbnail","6":"product_cat-bucket-cylinders","7":"product_tag-bucket-cylinders","8":"product_tag-hydraulic-cylinders","10":"first","11":"instock","12":"shipping-taxable","13":"product-type-simple"},"amp_enabled":true,"_links":{"self":[{"href":"https:\/\/www.hydraulic-cylinders.net\/ro\/wp-json\/wp\/v2\/product\/15620","targetHints":{"allow":["GET"]}}],"collection":[{"href":"https:\/\/www.hydraulic-cylinders.net\/ro\/wp-json\/wp\/v2\/product"}],"about":[{"href":"https:\/\/www.hydraulic-cylinders.net\/ro\/wp-json\/wp\/v2\/types\/product"}],"replies":[{"embeddable":true,"href":"https:\/\/www.hydraulic-cylinders.net\/ro\/wp-json\/wp\/v2\/comments?post=15620"}],"wp:featuredmedia":[{"embeddable":true,"href":"https:\/\/www.hydraulic-cylinders.net\/ro\/wp-json\/wp\/v2\/media\/14776"}],"wp:attachment":[{"href":"https:\/\/www.hydraulic-cylinders.net\/ro\/wp-json\/wp\/v2\/media?parent=15620"}],"wp:term":[{"taxonomy":"product_brand","embeddable":true,"href":"https:\/\/www.hydraulic-cylinders.net\/ro\/wp-json\/wp\/v2\/product_brand?post=15620"},{"taxonomy":"product_cat","embeddable":true,"href":"https:\/\/www.hydraulic-cylinders.net\/ro\/wp-json\/wp\/v2\/product_cat?post=15620"},{"taxonomy":"product_tag","embeddable":true,"href":"https:\/\/www.hydraulic-cylinders.net\/ro\/wp-json\/wp\/v2\/product_tag?post=15620"}],"curies":[{"name":"wp","href":"https:\/\/api.w.org\/{rel}","templated":true}]}}