{"id":15627,"date":"2025-01-19T14:46:07","date_gmt":"2025-01-19T14:46:07","guid":{"rendered":"https:\/\/www.hydraulic-cylinders.net\/product\/bucket-cylinder-for-liebherr-small-excavator-r906l\/"},"modified":"2025-01-19T14:46:09","modified_gmt":"2025-01-19T14:46:09","slug":"bucket-cylinder-for-liebherr-small-excavator-r906l","status":"publish","type":"product","link":"https:\/\/www.hydraulic-cylinders.net\/ro\/produs\/bucket-cylinder-for-liebherr-small-excavator-r906l\/","title":{"rendered":"Cilindru cu cup\u0103 pentru excavatorul mic Liebherr R906L"},"content":{"rendered":"<h1>Cilindru cu cup\u0103 pentru excavatorul mic Liebherr R906L<\/h1>\n<h2>Introducere<\/h2>\n<p>Un cilindru al cupei, cunoscut \u0219i sub denumirea de cilindru hidraulic, este special conceput pentru a controla mi\u0219carea cupei \u00een utilaje grele, cum ar fi excavatoarele, \u00eenc\u0103rc\u0103toarele excavatoare \u0219i \u00eenc\u0103rc\u0103toarele frontale. Func\u021bia sa principal\u0103 este de a permite ridicarea, cobor\u00e2rea \u0219i \u00eenclinarea cupei, facilit\u00e2nd gestionarea diverselor sarcini de manipulare a materialelor. \u00cen sistemul hidraulic, cilindrul cupei utilizeaz\u0103 schimbarea presiunii uleiului hidraulic pentru a ob\u021bine un control precis al cupei, permi\u021b\u00e2nd operatorilor s\u0103 manipuleze eficient sarcini grele \u0219i s\u0103 se adapteze la medii de lucru complexe \u0219i cerin\u021be diverse ale lucr\u0103rilor.<\/p>\n<p><img decoding=\"async\" src=\"https:\/\/www.hydraulic-cylinders.net\/wp-content\/uploads\/2025\/01\/songte-company-2.webp\" alt=\"Imaginea cilindrului cupei\"><\/p>\n<h2>Caracteristici<\/h2>\n<ul>\n<li>Rezisten\u021b\u0103 \u0219i durabilitate ridicate: Fabricate de obicei din o\u021bel sau aluminiu de \u00eenalt\u0103 rezisten\u021b\u0103, pot rezista la presiuni ridicate \u0219i sarcini grele, se pot adapta la medii de lucru dure, iar considera\u021biile de proiectare includ rezisten\u021ba la uzur\u0103 \u0219i rezisten\u021ba la coroziune pentru a prelungi durata de via\u021b\u0103.<\/li>\n<li>Func\u021bionare hidraulic\u0103 eficient\u0103: Folosind presiunea uleiului hidraulic pentru a ob\u021bine o ac\u021biune lin\u0103 de extensie \u0219i contrac\u021bie, poate r\u0103spunde rapid la comenzile de control, ofer\u0103 o for\u021b\u0103 puternic\u0103 de \u00eempingere \u0219i tragere \u0219i este potrivit pentru manipularea sarcinilor grele \u0219i a sarcinilor complexe.<\/li>\n<li>Diverse tipuri: Cilindrii cu ac\u021biune simpl\u0103 (hidraulici utiliza\u021bi \u00eentr-o singur\u0103 direc\u021bie) sau cu ac\u021biune dubl\u0103 (hidraulici utiliza\u021bi \u00een dou\u0103 direc\u021bii) pot fi selecta\u021bi \u00een func\u021bie de nevoi pentru a satisface diferite cerin\u021be de func\u021bionare. Unele modele sunt telescopice, permi\u021b\u00e2nd o extensie mai mare f\u0103r\u0103 a cre\u0219te dimensiunile exterioare \u0219i sunt potrivi\u021bi pentru aplica\u021bii cu spa\u021biu limitat.<\/li>\n<li>\u00cenlocuire: Produsele noastre pot \u00eenlocui perfect ace\u0219ti cilindri hidraulici.<\/li>\n<\/ul>\n<p><img decoding=\"async\" src=\"https:\/\/www.hydraulic-cylinders.net\/wp-content\/uploads\/2025\/01\/songte-cylinder-head-with-all-kinds-excavator-models.webp\" alt=\"Imaginea cilindrului cupei\"><\/p>\n<h2>Aplica\u021bii<\/h2>\n<p>Cilindrii cu cup\u0103 sunt utiliza\u021bi pe scar\u0103 larg\u0103 \u00een diverse industrii, inclusiv:<\/p>\n<ul>\n<li>Echipamente de construc\u021bii: \u00cen excavatoare, acestea sunt esen\u021biale pentru s\u0103pare, \u00eenc\u0103rcare \u0219i mutarea solului sau a resturilor. \u00cen buldoexcavatoarele, cilindrul cupei ajut\u0103 at\u00e2t la s\u0103pare, c\u00e2t \u0219i la ridicare. <\/li>\n<li>Ma\u0219ini agricole: utilizate \u00een \u00eenc\u0103rc\u0103toarele frontale pentru a scoate, ridica \u0219i transporta sol, f\u00e2n \u0219i alte materiale. <\/li>\n<li>Excavatoare: Cilindrul cupei permite s\u0103parea permi\u021b\u00e2nd cupei s\u0103 p\u0103trund\u0103 \u00een sol. <\/li>\n<li>\u00cenc\u0103rc\u0103toare: \u00cen \u00eenc\u0103rc\u0103toarele frontale, acestea ajut\u0103 la ridicarea \u0219i desc\u0103rcarea eficient\u0103 a \u00eenc\u0103rc\u0103turii.<\/li>\n<\/ul>\n<p>S\u0103 explor\u0103m mai detaliat c\u00e2teva dintre aceste aplica\u021bii:<\/p>\n<h3>Echipamente de construc\u021bii<\/h3>\n<p>Cilindrii cupei ac\u021bioneaz\u0103 bra\u021bul, cupa \u0219i bra\u021bul excavatorului, permi\u021b\u00e2nd mi\u0219carea precis\u0103 a ata\u0219amentului. Ace\u0219tia permit excavatorului s\u0103 sape mai ad\u00e2nc, s\u0103 \u00eencarce mai mult \u0219i s\u0103 se deplaseze mai rapid dec\u00e2t alte metode, ceea ce \u00eel face ma\u0219ina preferat\u0103 pentru multe proiecte de construc\u021bii.<\/p>\n<h3>Ma\u0219ini agricole<\/h3>\n<p>Cilindrii cupei sunt utiliza\u021bi \u00eentr-o varietate de echipamente agricole, de la tractoare la combine. Av\u00e2nd capacitatea de a scoate, ridica \u0219i transporta materiale, cilindrii cupei sunt esen\u021biali pentru sarcini precum \u00eenc\u0103rcarea \u0219i desc\u0103rcarea balo\u021bilor de f\u00e2n \u0219i mutarea solului.<\/p>\n<h2>Considera\u021bii de proiectare \u0219i criterii de selec\u021bie<\/h2>\n<p>La proiectarea \u0219i selectarea cilindrilor pentru cup\u0103, se iau \u00een considerare mai mul\u021bi factori:<\/p>\n<ul>\n<li>Capacitate portant\u0103: Cilindrul hidraulic trebuie s\u0103 poat\u0103 suporta sarcina utilajului \u0219i a materialelor pe care le manipuleaz\u0103 \u0219i s\u0103 r\u0103m\u00e2n\u0103 stabil \u00een timpul func\u021bion\u0103rii.<\/li>\n<li>Etan\u0219are: Cilindrul hidraulic trebuie s\u0103 fie etan\u0219at corespunz\u0103tor pentru a preveni scurgerile \u0219i a asigura o func\u021bionare lin\u0103. Se utilizeaz\u0103 o varietate de etan\u0219\u0103ri, inclusiv etan\u0219\u0103ri pentru piston, etan\u0219\u0103ri pentru tij\u0103 \u0219i etan\u0219\u0103ri pentru \u0219terg\u0103tor.<\/li>\n<li>Durabilitate: Cilindrul hidraulic trebuie s\u0103 fie fabricat din materiale care pot rezista la uzura provocat\u0103 de utilizarea intens\u0103 \u0219i de mediile dure. Printre materialele utilizate se num\u0103r\u0103 o\u021belul c\u0103lit, aliajele de aluminiu \u0219i polimerii de \u00eenalt\u0103 performan\u021b\u0103.<\/li>\n<li>Siguran\u021b\u0103: Cilindrul hidraulic trebuie proiectat av\u00e2nd \u00een vedere siguran\u021ba, cu caracteristici precum supape de suprapresiune \u0219i mecanisme de siguran\u021b\u0103 pentru a preveni accidentele \u0219i a minimiza daunele \u00een caz de defec\u021biune.<\/li>\n<li>\u00centre\u021binere: Cilindrul hidraulic trebuie s\u0103 fie proiectat pentru \u00eentre\u021binere \u0219i reparare u\u0219oar\u0103, cu componente accesibile \u0219i instruc\u021biuni clare de service.<\/li>\n<\/ul>\n<p><img decoding=\"async\" src=\"https:\/\/www.hydraulic-cylinders.net\/wp-content\/uploads\/2025\/01\/songte-oil-pipes-and-spare-parts.webp\" alt=\"Imaginea cilindrului cupei\"><\/p>\n<h2>Etan\u0219are \u0219i lubrifiere<\/h2>\n<p>Cilindrii cupei se bazeaz\u0103 pe o etan\u0219are \u0219i o lubrifiere adecvate pentru a asigura o func\u021bionare lin\u0103 \u0219i eficient\u0103. Se utilizeaz\u0103 o varietate de etan\u0219\u0103ri, inclusiv poliuretan, cauciuc nitrilic \u0219i alte materiale rezistente la uzur\u0103. Corpul cilindrului \u0219i suprafa\u021ba cap\u0103tului filetat sunt prelucrate fin pentru a \u00eembun\u0103t\u0103\u021bi rezisten\u021ba la uzur\u0103, iar lubrifierea regulat\u0103 cu ulei hidraulic este necesar\u0103 pentru a men\u021bine func\u021bionarea corect\u0103.<\/p>\n<h2>\u00centre\u021binere \u0219i repara\u021bii<\/h2>\n<p>\u00centre\u021binerea \u0219i repararea corespunz\u0103toare sunt esen\u021biale pentru asigurarea longevit\u0103\u021bii \u0219i performan\u021bei cilindrilor hidraulici. C\u00e2teva sarcini comune de \u00eentre\u021binere includ:<\/p>\n<ul>\n<li>Inspec\u021bia regulat\u0103 a cilindrului \u0219i a componentelor acestuia pentru a depista semne de uzur\u0103 sau deteriorare.<\/li>\n<li>Lubrifiere adecvat\u0103, cu tipul \u0219i cantitatea corect\u0103 de ulei hidraulic.<\/li>\n<li>\u00cenlocuirea regulat\u0103 a garniturilor \u0219i a altor componente, dup\u0103 cum este necesar.<\/li>\n<\/ul>\n<p>Instalarea corect\u0103 este, de asemenea, crucial\u0103, cu o aliniere corect\u0103 \u0219i utilizarea unor console de montare adecvate pentru a fixa cilindrul \u00een pozi\u021bie. \u00cen caz de deteriorare sau defec\u021biune, poate fi necesar\u0103 repararea sau \u00eenlocuirea. Se recomand\u0103 respectarea procedurilor adecvate \u0219i utilizarea pieselor de schimb originale pentru a asigura o performan\u021b\u0103 optim\u0103.<\/p>\n<p><img decoding=\"async\" src=\"https:\/\/www.hydraulic-cylinders.net\/wp-content\/uploads\/2025\/01\/songte-chushion-collar.webp\" alt=\"Imaginea cilindrului cupei\"><\/p>\n<h2>Considera\u021bii privind siguran\u021ba \u0219i mediul<\/h2>\n<p>Cilindrii cupei pot fi periculo\u0219i dac\u0103 nu sunt utiliza\u021bi corect, iar m\u0103surile de siguran\u021b\u0103 trebuie luate pentru a preveni accidentele. Acestea includ instruirea adecvat\u0103 a operatorilor, inspec\u021bii regulate ale echipamentelor \u0219i utilizarea unor dispozitive de siguran\u021b\u0103, cum ar fi supapele de suprapresiune. \u00cen plus, trebuie luate \u00een considerare factorii de mediu, prin eliminarea corespunz\u0103toare a uleiului hidraulic \u0219i a altor materiale pentru a preveni poluarea \u0219i a minimiza impactul asupra mediului.<\/p>\n<p><img decoding=\"async\" src=\"https:\/\/www.hydraulic-cylinders.net\/wp-content\/uploads\/2025\/01\/songte-bushings-with-all-kinds-of-excavator-models.webp\" alt=\"Imaginea cilindrului cupei\"><\/p>\n<h2>Depanare \u0219i probleme frecvente<\/h2>\n<p>Printre problemele frecvente care pot ap\u0103rea la cilindrii cupei se num\u0103r\u0103 scurgerile, performan\u021ba redus\u0103 \u0219i imposibilitatea de extindere sau retragere. Aceste probleme pot fi adesea rezolvate prin \u00eentre\u021binere \u0219i repara\u021bii adecvate, cum ar fi \u00eenlocuirea garniturilor sau a altor componente sau reglarea presiunii hidraulice. Se recomand\u0103 consultarea unui profesionist dac\u0103 problemele persist\u0103 sau dac\u0103 exist\u0103 vreo \u00eendoial\u0103 cu privire la modul de procedare.<\/p>\n<h2>Despre compania noastr\u0103<\/h2>\n<p><img decoding=\"async\" src=\"https:\/\/hzpt.com\/wp-content\/uploads\/2024\/11\/songte-company-1.webp\" alt=\"Imaginea cilindrului cupei\"><\/p>\n<p>Suntem produc\u0103tori de cilindri hidraulici de schimb, cu o gam\u0103 complet\u0103 de produse care ne fac unul dintre principalii produc\u0103tori \u0219i angrosi\u0219ti \u200b\u200bde cilindri hidraulici pe pie\u021bele interne \u0219i interna\u021bionale. Ader\u0103m la principiile calit\u0103\u021bii excelente \u0219i ne baz\u0103m pe strategia de management al produc\u021biei industriale a unui atelier de produc\u021bie sofisticat pentru a \u00eembun\u0103t\u0103\u021bi continuu platforma de produc\u021bie a atelierului, a \u00eembun\u0103t\u0103\u021bi linia de produc\u021bie a calit\u0103\u021bii produselor \u0219i a avea o creativitate puternic\u0103. Satisfacem nevoile diverse ale clien\u021bilor no\u0219tri cu eficien\u021b\u0103, precizie \u0219i calitate ridicate. <\/p>\n<p>Oferim o varietate de servicii, inclusiv design personalizat, certificare interna\u021bional\u0103 \u0219i asisten\u021b\u0103 post-v\u00e2nzare. Folosim echipamente de produc\u021bie de ultim\u0103 genera\u021bie \u0219i angaj\u0103m tehnicieni califica\u021bi pentru a ne asigura c\u0103 produsele noastre \u00eendeplinesc cele mai \u00eenalte standarde de calitate \u0219i durabilitate. De asemenea, oferim servicii de \u00eentre\u021binere, repara\u021bii \u0219i reconstruc\u021bie pentru a ajuta la prelungirea duratei de via\u021b\u0103 a produselor noastre \u0219i la men\u021binerea lor la performan\u021be maxime.<\/p>\n<p><img decoding=\"async\" src=\"https:\/\/www.hydraulic-cylinders.net\/wp-content\/uploads\/2025\/01\/songte-company-3.webp\" alt=\"Imaginea cilindrului cupei\"><\/p>\n<p>Autor: lyl.<\/p>","protected":false},"excerpt":{"rendered":"<p>Bucket Cylinder For Liebherr Small Excavator R906L Introduction A bucket cylinder, also known as a hydraulic cylinder, is specifically designed to control the movement of the bucket in heavy machinery such as excavators, backhoe loaders, and front-end loaders. Its primary function is to enable the bucket to lift, lower, and tilt, making it easier to [&hellip;]<\/p>","protected":false},"featured_media":14789,"comment_status":"open","ping_status":"closed","template":"","meta":{"_et_pb_use_builder":"","_et_pb_old_content":"","_et_gb_content_width":""},"product_brand":[],"product_cat":[1494],"product_tag":[1495,1496],"class_list":{"0":"post-15627","1":"product","2":"type-product","3":"status-publish","4":"has-post-thumbnail","6":"product_cat-bucket-cylinders","7":"product_tag-bucket-cylinders","8":"product_tag-hydraulic-cylinders","10":"first","11":"instock","12":"shipping-taxable","13":"product-type-simple"},"amp_enabled":true,"_links":{"self":[{"href":"https:\/\/www.hydraulic-cylinders.net\/ro\/wp-json\/wp\/v2\/product\/15627","targetHints":{"allow":["GET"]}}],"collection":[{"href":"https:\/\/www.hydraulic-cylinders.net\/ro\/wp-json\/wp\/v2\/product"}],"about":[{"href":"https:\/\/www.hydraulic-cylinders.net\/ro\/wp-json\/wp\/v2\/types\/product"}],"replies":[{"embeddable":true,"href":"https:\/\/www.hydraulic-cylinders.net\/ro\/wp-json\/wp\/v2\/comments?post=15627"}],"wp:featuredmedia":[{"embeddable":true,"href":"https:\/\/www.hydraulic-cylinders.net\/ro\/wp-json\/wp\/v2\/media\/14789"}],"wp:attachment":[{"href":"https:\/\/www.hydraulic-cylinders.net\/ro\/wp-json\/wp\/v2\/media?parent=15627"}],"wp:term":[{"taxonomy":"product_brand","embeddable":true,"href":"https:\/\/www.hydraulic-cylinders.net\/ro\/wp-json\/wp\/v2\/product_brand?post=15627"},{"taxonomy":"product_cat","embeddable":true,"href":"https:\/\/www.hydraulic-cylinders.net\/ro\/wp-json\/wp\/v2\/product_cat?post=15627"},{"taxonomy":"product_tag","embeddable":true,"href":"https:\/\/www.hydraulic-cylinders.net\/ro\/wp-json\/wp\/v2\/product_tag?post=15627"}],"curies":[{"name":"wp","href":"https:\/\/api.w.org\/{rel}","templated":true}]}}