{"id":15628,"date":"2025-01-19T14:46:11","date_gmt":"2025-01-19T14:46:11","guid":{"rendered":"https:\/\/www.hydraulic-cylinders.net\/product\/bucket-cylinder-for-liebherr-small-excavator-r916l\/"},"modified":"2025-01-19T14:46:13","modified_gmt":"2025-01-19T14:46:13","slug":"bucket-cylinder-for-liebherr-small-excavator-r916l","status":"publish","type":"product","link":"https:\/\/www.hydraulic-cylinders.net\/ro\/produs\/bucket-cylinder-for-liebherr-small-excavator-r916l\/","title":{"rendered":"Cilindru cu cup\u0103 pentru excavatorul mic Liebherr R916L"},"content":{"rendered":"<h1>Cilindru cu cup\u0103 pentru excavatorul mic Liebherr R916L<\/h1>\n<h2>Introducere<\/h2>\n<p>Un cilindru al cupei este un cilindru hidraulic special conceput, utilizat \u00een principal pentru a controla mi\u0219carea cupei \u00een utilaje grele, cum ar fi excavatoarele, \u00eenc\u0103rc\u0103toarele cu excavator \u0219i \u00eenc\u0103rc\u0103toarele frontale. Func\u021bia sa principal\u0103 este de a permite cupei s\u0103 efectueze mi\u0219c\u0103ri de ridicare, cobor\u00e2re \u0219i \u00eenclinare, facilit\u00e2nd astfel diverse sarcini de manipulare a materialelor. \u00centr-un sistem hidraulic, cilindrul cupei realizeaz\u0103 un control precis al cupei prin schimb\u0103rile de presiune ale uleiului hidraulic, permi\u021b\u00e2nd operatorilor s\u0103 manipuleze eficient sarcini grele, adapt\u00e2ndu-se la medii de lucru complexe \u0219i nevoi opera\u021bionale diverse.<\/p>\n<p><img decoding=\"async\" src=\"https:\/\/www.hydraulic-cylinders.net\/wp-content\/uploads\/2025\/01\/songte-company-2.webp\" alt=\"Cilindru cu cup\u0103\" \/><\/p>\n<h2>Caracteristici<\/h2>\n<ul>\n<li>Rezisten\u021b\u0103 \u0219i durabilitate ridicate: De obicei fabricate din o\u021bel sau aluminiu de \u00eenalt\u0103 rezisten\u021b\u0103, pot rezista la presiuni ridicate \u0219i sarcini grele, adapt\u00e2ndu-se la medii de lucru dure. Designul ia \u00een considerare rezisten\u021ba la uzur\u0103 \u0219i la coroziune, prelungind durata de via\u021b\u0103.<\/li>\n<li>Func\u021bionare hidraulic\u0103 eficient\u0103: Utilizeaz\u0103 presiunea uleiului hidraulic pentru a ob\u021bine mi\u0219c\u0103ri telescopice line \u0219i poate r\u0103spunde rapid la comenzile de control, oferind o for\u021b\u0103 puternic\u0103 de \u00eempingere \u0219i tragere, potrivit\u0103 pentru manipularea sarcinilor grele \u0219i a sarcinilor opera\u021bionale complexe.<\/li>\n<li>Diverse tipuri: Se pot alege cilindri cu ac\u021biune simpl\u0103 (hidraulic utilizat \u00eentr-o singur\u0103 direc\u021bie) sau cu ac\u021biune dubl\u0103 (hidraulic utilizat \u00een dou\u0103 direc\u021bii) \u00een func\u021bie de cerin\u021be, pentru a satisface diferite nevoi opera\u021bionale. Unele modele sunt telescopice, permi\u021b\u00e2nd o extensie mai mare f\u0103r\u0103 a cre\u0219te dimensiunile exterioare, potrivite pentru aplica\u021bii cu spa\u021biu limitat.<\/li>\n<li>Poate \u00eenlocui al\u021bi cilindri hidraulici: Produsele noastre pot \u00eenlocui perfect ace\u0219ti cilindri hidraulici.<\/li>\n<\/ul>\n<p><img decoding=\"async\" src=\"https:\/\/www.hydraulic-cylinders.net\/wp-content\/uploads\/2025\/01\/songte-cylinder-head-with-all-kinds-excavator-models.webp\" alt=\"Modele de cilindri cu cup\u0103\" \/><\/p>\n<h2>Aplica\u021bii<\/h2>\n<p>Cilindrul cu cup\u0103 este utilizat pe scar\u0103 larg\u0103 \u00een diverse industrii, inclusiv:<\/p>\n<h3>Echipamente de construc\u021bii<\/h3>\n<p>\u00cen excavatoare, acestea sunt esen\u021biale pentru s\u0103pare, \u00eenc\u0103rcare \u0219i mutarea solului sau a resturilor. \u00cen buldoexcavatoarele, cilindrul cupei ajut\u0103 at\u00e2t la s\u0103pare, c\u00e2t \u0219i la ridicare. <\/p>\n<h3>Ma\u0219ini agricole<\/h3>\n<p>Folosit la \u00eenc\u0103rc\u0103toarele frontale pentru a scoate, ridica \u0219i transporta sol, f\u00e2n \u0219i alte materiale. La excavatoare, cilindrul cupei permite ac\u021biunea de s\u0103pare permi\u021b\u00e2nd cupei s\u0103 p\u0103trund\u0103 \u00een sol. La \u00eenc\u0103rc\u0103toarele frontale, acestea ajut\u0103 la \u00eenclinarea \u0219i desc\u0103rcarea eficient\u0103 a m\u0103rfurilor.<\/p>\n<p><img decoding=\"async\" src=\"https:\/\/www.hydraulic-cylinders.net\/wp-content\/uploads\/2025\/01\/songte-chushion-collar.webp\" alt=\"Guler de pern\u0103 pentru cilindrul g\u0103le\u021bii\" \/><\/p>\n<h2>Considera\u021bii de proiectare \u0219i criterii de selec\u021bie<\/h2>\n<p>Proiectarea cilindrului cupei ia \u00een considerare diver\u0219i factori, inclusiv capacitatea portant\u0103, etan\u0219area, durabilitatea, siguran\u021ba \u0219i mentenan\u021ba.<\/p>\n<h3>Capacitate portant\u0103<\/h3>\n<p>Capacitatea portant\u0103 este greutatea maxim\u0103 pe care cilindrul hidraulic o poate suporta f\u0103r\u0103 a ceda. Aceasta depinde de factori precum dimensiunea cilindrului, presiunea sistemului hidraulic \u0219i materialul utilizat pentru fabricarea cilindrului.<\/p>\n<h3>Sigilare<\/h3>\n<p>Cilindrul hidraulic trebuie s\u0103 aib\u0103 o etan\u0219are eficient\u0103 pentru a preveni scurgerile de fluid hidraulic \u0219i p\u0103trunderea contaminan\u021bilor. De obicei, se utilizeaz\u0103 diverse garnituri, cum ar fi garniturile pistonului \u0219i garniturile tijei, pentru a asigura o etan\u0219are corect\u0103. Garniturile sunt fabricate din materiale rezistente la uzur\u0103, cum ar fi poliuretanul sau cauciucul nitrilic.<\/p>\n<h3>Durabilitate<\/h3>\n<p>Cilindrul trebuie s\u0103 fie suficient de durabil pentru a face fa\u021b\u0103 mediilor dure \u0219i a func\u021biona fiabil pentru o perioad\u0103 lung\u0103 de timp. Durabilitatea cilindrului depinde de factori precum tipul de material utilizat, calitatea construc\u021biei \u0219i \u00eentre\u021binerea corespunz\u0103toare.<\/p>\n<h3>Siguran\u0163\u0103<\/h3>\n<p>Cilindrul cupei trebuie proiectat av\u00e2nd \u00een vedere siguran\u021ba. Instalarea \u0219i \u00eentre\u021binerea corect\u0103 pot ajuta la prevenirea accidentelor \u0219i la cre\u0219terea siguran\u021bei.<\/p>\n<h3>Mentenabilitate<\/h3>\n<p>Cilindrul cupei ar trebui s\u0103 fie u\u0219or de \u00eentre\u021binut, cu piese u\u0219or de \u00eenlocuit. \u00centre\u021binerea regulat\u0103, inclusiv schimburile de ulei, \u00eenlocuirea garniturilor \u0219i verific\u0103rile de calibrare, poate ajuta la prelungirea duratei de via\u021b\u0103 a cilindrului.<\/p>\n<p><img decoding=\"async\" src=\"https:\/\/www.hydraulic-cylinders.net\/wp-content\/uploads\/2025\/01\/songte-oil-pipes-and-spare-parts.webp\" alt=\"Piese de schimb pentru cilindrul g\u0103le\u021bii\" \/><\/p>\n<h2>Etan\u0219are \u0219i lubrifiere<\/h2>\n<p>Diverse garnituri, cum ar fi garniturile pistonului \u0219i garniturile tijei, sunt utilizate pentru a asigura o etan\u0219are corect\u0103 \u00een cilindrul hidraulic. Garniturile sunt fabricate din materiale rezistente la uzur\u0103, cum ar fi poliuretanul sau cauciucul nitrilic. Pentru a asigura o func\u021bionare f\u0103r\u0103 probleme, cilindrul necesit\u0103 lubrifiere regulat\u0103, cu tipul \u0219i cantitatea corect\u0103 de ulei hidraulic. Conductele de ulei \u0219i piesele de schimb ale cilindrului trebuie, de asemenea, verificate periodic pentru uzur\u0103 \u0219i \u00eenlocuite dup\u0103 cum este necesar.<\/p>\n<h2>\u00centre\u021binere \u0219i repara\u021bii<\/h2>\n<p>Pentru a asigura o durat\u0103 lung\u0103 de via\u021b\u0103 a cilindrului cupei, \u00eentre\u021binerea \u0219i repara\u021biile regulate sunt esen\u021biale. Urm\u0103toarele sunt c\u00e2teva sarcini de \u00eentre\u021binere comune:<\/p>\n<h3>Inspec\u021bie regulat\u0103<\/h3>\n<p>Verifica\u021bi periodic cilindrul pentru a depista semne de uzur\u0103 sau deteriorare. Remedia\u021bi imediat orice problem\u0103 \u00eenainte ca aceasta s\u0103 se agraveze.<\/p>\n<h3>Lubrifiere<\/h3>\n<p>Lubrifierea corespunz\u0103toare este crucial\u0103 pentru func\u021bionarea f\u0103r\u0103 probleme \u0219i longevitatea cilindrului. Folosi\u021bi tipul \u0219i cantitatea corect\u0103 de ulei hidraulic. Ad\u0103uga\u021bi ulei \u00een cilindru \u00een mod regulat.<\/p>\n<h3>\u00cenlocuirea garniturii<\/h3>\n<p>\u00cen func\u021bie de utilizarea cilindrului \u0219i de mediul de func\u021bionare, este posibil ca garniturile s\u0103 necesite \u00eenlocuiri. \u00cenlocui\u021bi garniturile dup\u0103 cum este necesar pentru a asigura o etan\u0219are corespunz\u0103toare.<\/p>\n<p><img decoding=\"async\" src=\"https:\/\/www.hydraulic-cylinders.net\/wp-content\/uploads\/2025\/01\/songte-bushings-with-all-kinds-of-excavator-models.webp\" alt=\"Buc\u0219e cilindru cup\u0103\" \/><\/p>\n<h2>Considera\u021bii privind siguran\u021ba \u0219i mediul<\/h2>\n<p>C\u00e2nd lucra\u021bi \u00een jurul cilindrilor hidraulici, siguran\u021ba este esen\u021bial\u0103. Instruirea adecvat\u0103, echipamentul de protec\u021bie \u0219i practicile de siguran\u021b\u0103 pot ajuta la prevenirea accidentelor. \u00cen plus, factorii de mediu, cum ar fi temperatura \u0219i umiditatea, pot afecta performan\u021ba cilindrului. Asigura\u021bi-v\u0103 c\u0103 lua\u021bi \u00een considerare ace\u0219ti factori atunci c\u00e2nd selecta\u021bi \u0219i instala\u021bi cilindrul.<\/p>\n<h2>Depanare \u0219i probleme frecvente<\/h2>\n<p>Ca orice dispozitiv mecanic, cilindrul cupei poate \u00eent\u00e2mpina probleme \u00een timpul utiliz\u0103rii. Printre problemele comune se num\u0103r\u0103 scurgeri, performan\u021b\u0103 slab\u0103 \u0219i deteriorare. Pentru a remedia aceste probleme, urma\u021bi aceste sfaturi:<\/p>\n<h3>Sfaturi de depanare<\/h3>\n<ul>\n<li>Verifica\u021bi periodic dac\u0103 exist\u0103 scurgeri \u0219i uzur\u0103<\/li>\n<li>Verifica\u021bi dac\u0103 se utilizeaz\u0103 tipul \u0219i cantitatea corect\u0103 de ulei hidraulic<\/li>\n<li>Asigura\u021bi-v\u0103 c\u0103 cilindrul este lubrifiat corespunz\u0103tor<\/li>\n<li>Verifica\u021bi garniturile pentru a vedea dac\u0103 sunt deteriorate sau uzate \u0219i \u00eenlocui\u021bi-le dac\u0103 este necesar<\/li>\n<\/ul>\n<h3>M\u0103suri preventive<\/h3>\n<ul>\n<li>Instalare \u0219i \u00eentre\u021binere corect\u0103<\/li>\n<li>Inspec\u021bie \u0219i lubrifiere regulate<\/li>\n<li>\u00cenlocuirea garniturii, dup\u0103 cum este necesar<\/li>\n<li>Utilizarea echipamentului \u0219i practicilor de siguran\u021b\u0103 adecvate<\/li>\n<\/ul>\n<p><img decoding=\"async\" src=\"https:\/\/hzpt.com\/wp-content\/uploads\/2024\/11\/songte-company-1.webp\" alt=\"Compania Songte\" \/><\/p>\n<h2>Despre compania noastr\u0103<\/h2>\n<p>Suntem produc\u0103tori de cilindri hidraulici de schimb cu o gam\u0103 complet\u0103 de produse. Am devenit unul dintre principalii produc\u0103tori \u0219i distribuitori angro de cilindri hidraulici pe pie\u021bele interne \u0219i interna\u021bionale. Ader\u0103m la principiul excelen\u021bei \u00een calitate, ne baz\u0103m pe strategia de management al produc\u021biei industriale a atelierelor de produc\u021bie fin\u0103 \u0219i \u00eembun\u0103t\u0103\u021bim continuu platforma de produc\u021bie a atelierului, perfec\u021bion\u0103m linia de produc\u021bie a calit\u0103\u021bii produselor \u0219i avem o puternic\u0103 capacitate creativ\u0103. Satisfacem nevoile diverse ale clien\u021bilor cu principii de eficien\u021b\u0103 ridicat\u0103, precizie ridicat\u0103 \u0219i calitate \u00eenalt\u0103.<\/p>\n<h3>Profesionalism<\/h3>\n<p>Echipa noastr\u0103 de profesioni\u0219ti are o vast\u0103 experien\u021b\u0103 \u00een proiectarea, fabricarea, testarea \u0219i \u00eentre\u021binerea cilindrilor hidraulici. Ne angaj\u0103m s\u0103 oferim clien\u021bilor no\u0219tri produse \u0219i servicii de \u00eenalt\u0103 calitate.<\/p>\n<h3>Certific\u0103ri interna\u021bionale<\/h3>\n<p>Produsele noastre au trecut certific\u0103ri interna\u021bionale precum ISO 9001, CE \u0219i TUV, asigur\u00e2nd c\u0103 \u00eendeplinesc cele mai \u00eenalte standarde de calitate \u0219i siguran\u021b\u0103.<\/p>\n<h3>Servicii de personalizare<\/h3>\n<p>Oferim o gam\u0103 larg\u0103 de servicii de personalizare pentru a satisface nevoile diverse ale clien\u021bilor, inclusiv dimensiuni, forme, materiale \u0219i designuri personalizate.<\/p>\n<h3>Echipamente de produc\u021bie<\/h3>\n<p>Folosim echipamente digitale avansate de fabrica\u021bie pentru a asigura acurate\u021bea \u0219i calitatea produselor noastre, inclusiv strunguri CNC, freze \u0219i bancuri de testare hidraulice.<\/p>\n<h3>Serviciu post-v\u00e2nzare<\/h3>\n<p>Oferim servicii complete post-v\u00e2nzare, inclusiv servicii de \u00eenlocuire a pieselor \u0219i de reconstruc\u021bie, pentru a ajuta clien\u021bii s\u0103 rezolve orice probleme care pot ap\u0103rea cu cilindrii lor hidraulici.<\/p>\n<p><img decoding=\"async\" src=\"https:\/\/www.hydraulic-cylinders.net\/wp-content\/uploads\/2025\/01\/songte-company-3.webp\" alt=\"Compania Songte\" \/><\/p>\n<p>Autor: lyl<\/p>","protected":false},"excerpt":{"rendered":"<p>Bucket Cylinder For Liebherr Small Excavator R916L Introduction A bucket cylinder is a specifically designed hydraulic cylinder mainly used to control the movement of bucket in heavy machinery such as excavators, backhoe loaders, and front-end loaders. Its primary function is to enable the bucket to perform lifting, lowering, and tilting movements, thus facilitating various material [&hellip;]<\/p>","protected":false},"featured_media":14788,"comment_status":"open","ping_status":"closed","template":"","meta":{"_et_pb_use_builder":"","_et_pb_old_content":"","_et_gb_content_width":""},"product_brand":[],"product_cat":[1494],"product_tag":[1495,1496],"class_list":{"0":"post-15628","1":"product","2":"type-product","3":"status-publish","4":"has-post-thumbnail","6":"product_cat-bucket-cylinders","7":"product_tag-bucket-cylinders","8":"product_tag-hydraulic-cylinders","10":"first","11":"instock","12":"shipping-taxable","13":"product-type-simple"},"amp_enabled":true,"_links":{"self":[{"href":"https:\/\/www.hydraulic-cylinders.net\/ro\/wp-json\/wp\/v2\/product\/15628","targetHints":{"allow":["GET"]}}],"collection":[{"href":"https:\/\/www.hydraulic-cylinders.net\/ro\/wp-json\/wp\/v2\/product"}],"about":[{"href":"https:\/\/www.hydraulic-cylinders.net\/ro\/wp-json\/wp\/v2\/types\/product"}],"replies":[{"embeddable":true,"href":"https:\/\/www.hydraulic-cylinders.net\/ro\/wp-json\/wp\/v2\/comments?post=15628"}],"wp:featuredmedia":[{"embeddable":true,"href":"https:\/\/www.hydraulic-cylinders.net\/ro\/wp-json\/wp\/v2\/media\/14788"}],"wp:attachment":[{"href":"https:\/\/www.hydraulic-cylinders.net\/ro\/wp-json\/wp\/v2\/media?parent=15628"}],"wp:term":[{"taxonomy":"product_brand","embeddable":true,"href":"https:\/\/www.hydraulic-cylinders.net\/ro\/wp-json\/wp\/v2\/product_brand?post=15628"},{"taxonomy":"product_cat","embeddable":true,"href":"https:\/\/www.hydraulic-cylinders.net\/ro\/wp-json\/wp\/v2\/product_cat?post=15628"},{"taxonomy":"product_tag","embeddable":true,"href":"https:\/\/www.hydraulic-cylinders.net\/ro\/wp-json\/wp\/v2\/product_tag?post=15628"}],"curies":[{"name":"wp","href":"https:\/\/api.w.org\/{rel}","templated":true}]}}