{"id":15629,"date":"2025-01-19T14:46:15","date_gmt":"2025-01-19T14:46:15","guid":{"rendered":"https:\/\/www.hydraulic-cylinders.net\/product\/bucket-cylinder-for-liebherr-middle-excavator-r924\/"},"modified":"2025-01-19T14:46:17","modified_gmt":"2025-01-19T14:46:17","slug":"bucket-cylinder-for-liebherr-middle-excavator-r924","status":"publish","type":"product","link":"https:\/\/www.hydraulic-cylinders.net\/ro\/produs\/bucket-cylinder-for-liebherr-middle-excavator-r924\/","title":{"rendered":"Cilindru cup\u0103 pentru excavatorul Liebherr Middle R924"},"content":{"rendered":"<h1>Cilindru cup\u0103 pentru excavatorul Liebherr Middle R924<\/h1>\n<h2>Introducere<\/h2>\n<p>Cilindrul cupei pentru excavatorul Liebherr R924 este un cilindru hidraulic specializat, conceput pentru a controla mi\u0219carea cupelor \u00een utilaje grele, cum ar fi excavatoarele, excavatoarele cu buldoexcavatoare \u0219i \u00eenc\u0103rc\u0103toarele frontale. Func\u021bia sa principal\u0103 este de a ridica, cobor\u00ee \u0219i \u00eenclina cupa, facilit\u00e2nd gestionarea diverselor sarcini de manipulare a materialelor. \u00cen sistemul hidraulic, cilindrul cupei realizeaz\u0103 un control precis al mi\u0219c\u0103rii cupei prin modific\u0103ri ale presiunii uleiului hidraulic, permi\u021b\u00e2nd operatorilor s\u0103 manipuleze eficient sarcini grele \u0219i s\u0103 se adapteze la medii de lucru complexe \u0219i cerin\u021be opera\u021bionale diverse.<\/p>\n<p><img decoding=\"async\" src=\"https:\/\/www.hydraulic-cylinders.net\/wp-content\/uploads\/2025\/01\/songte-company-2.webp\" alt=\"Imaginea cilindrului cupei\"><\/p>\n<h2>Caracteristici<\/h2>\n<ul>\n<li>Rezisten\u021b\u0103 \u0219i durabilitate ridicate: De obicei fabricate din o\u021bel sau aluminiu de \u00eenalt\u0103 rezisten\u021b\u0103, pot rezista la presiuni ridicate \u0219i sarcini grele, adapt\u00e2ndu-se la medii de lucru dure. Designul lor ia \u00een considerare rezisten\u021ba la uzur\u0103 \u0219i la coroziune, ceea ce \u00eei prelunge\u0219te durata de via\u021b\u0103.<\/li>\n<li>Func\u021bionare hidraulic\u0103 eficient\u0103: Ac\u021biunile line de expansiune \u0219i contrac\u021bie sunt ob\u021binute prin utilizarea presiunii uleiului hidraulic, care ofer\u0103 for\u021be puternice de \u00eempingere \u0219i tragere \u0219i r\u0103spunde rapid la comenzi, fiind potrivit pentru manipularea sarcinilor grele \u0219i a sarcinilor de lucru complexe.<\/li>\n<li>Diverse tipuri: Cilindrii cu ac\u021biune simpl\u0103 (hidraulici utiliza\u021bi \u00eentr-o singur\u0103 direc\u021bie) sau cu ac\u021biune dubl\u0103 (hidraulici utiliza\u021bi \u00een ambele direc\u021bii) pot fi ale\u0219i \u00een func\u021bie de nevoile opera\u021bionale. Unele modele sunt telescopice, permi\u021b\u00e2nd o extensie mai mare f\u0103r\u0103 a cre\u0219te dimensiunile exterioare, potrivite pentru aplica\u021bii cu spa\u021biu limitat.<\/li>\n<li>\u00cenlocuire direct\u0103: Produsul nostru poate \u00eenlocui perfect ace\u0219ti cilindri hidraulici.<\/li>\n<\/ul>\n<p><img decoding=\"async\" src=\"https:\/\/www.hydraulic-cylinders.net\/wp-content\/uploads\/2025\/01\/songte-cylinder-head-with-all-kinds-excavator-models.webp\" alt=\"Imagine de \u00eenlocuire a cilindrului cupei\"><\/p>\n<h2>Aplica\u021bii<\/h2>\n<p>Cilindrul cupei pentru excavatorul Liebherr R924 este utilizat \u00een mod obi\u0219nuit \u00een urm\u0103toarele aplica\u021bii:<\/p>\n<h3>Echipamente de construc\u021bii<\/h3>\n<p>\u00cen excavatoare, acestea sunt esen\u021biale pentru s\u0103pare, \u00eenc\u0103rcare \u0219i mutarea solului sau a resturilor. \u00cen excavatoarele cu buldoexcavatoare, cilindrul cupei ajut\u0103 at\u00e2t la excavare, c\u00e2t \u0219i la ridicare. \u00cen cazul \u00eenc\u0103rc\u0103toarelor frontale, acestea ajut\u0103 la ridicarea \u0219i \u00eenclinarea eficient\u0103 a m\u0103rfurilor.<\/p>\n<h3>Ma\u0219ini agricole<\/h3>\n<p>Folosite \u00een \u00eenc\u0103rc\u0103toarele frontale, acestea scobeaz\u0103, ridic\u0103 \u0219i transport\u0103 p\u0103m\u00e2nt, f\u00e2n \u0219i alte materiale. La excavatoare, cilindrul cupei permite ac\u021biunile de s\u0103pare permi\u021b\u00e2nd cupei s\u0103 p\u0103trund\u0103 \u00een sol.<\/p>\n<h3>Alte aplica\u021bii industriale<\/h3>\n<p>Cilindrii cu cup\u0103 sunt utili \u00een orice aplica\u021bie care necesit\u0103 mi\u0219carea de materiale grele. Ace\u0219tia sunt utiliza\u021bi \u00een mod obi\u0219nuit \u00een silvicultur\u0103, minerit \u0219i aplica\u021bii de gestionare a de\u0219eurilor.<\/p>\n<h2>Considera\u021bii de proiectare \u0219i criterii de selec\u021bie<\/h2>\n<p>Cilindrul cupei pentru excavatorul Liebherr R924 este proiectat av\u00e2nd \u00een vedere urm\u0103toarele considera\u021bii:<\/p>\n<h3>Capacitate de \u00eenc\u0103rcare<\/h3>\n<p>Cilindrul trebuie s\u0103 fie capabil s\u0103 suporte sarcina pe care este destinat s\u0103 o ridice \u0219i s\u0103 o deplaseze.<\/p>\n<h3>Sigilare<\/h3>\n<p>Cilindrul trebuie s\u0103 fie bine etan\u0219at pentru a preveni scurgerile \u0219i a asigura o func\u021bionare lin\u0103. Garniturile pistonului, garniturile tijei \u0219i alte garnituri trebuie s\u0103 fie fabricate din materiale rezistente la uzur\u0103 pentru a asigura o durat\u0103 lung\u0103 de via\u021b\u0103.<\/p>\n<h3>Durabilitate<\/h3>\n<p>Cilindrul trebuie s\u0103 fie proiectat pentru a rezista la medii dure de func\u021bionare \u0219i s\u0103 fie rezistent la uzur\u0103 \u0219i coroziune.<\/p>\n<h3>Siguran\u0163\u0103<\/h3>\n<p>Cilindrii cupei trebuie proiecta\u021bi av\u00e2nd \u00een vedere siguran\u021ba pentru a preveni accidentele sau r\u0103nirile. Dispozitive de siguran\u021b\u0103, cum ar fi supapele de suprapresiune \u0219i \u00eentrerup\u0103toarele de limit\u0103, pot fi \u00eencorporate \u00een proiect pentru a asigura o func\u021bionare \u00een siguran\u021b\u0103.<\/p>\n<h3>Mentenabilitate<\/h3>\n<p>Cilindrul trebuie s\u0103 fie proiectat astfel \u00eenc\u00e2t s\u0103 fie u\u0219or de \u00eentre\u021binut \u0219i reparat. Componentele trebuie s\u0103 fie u\u0219or accesibile pentru inspec\u021bie \u0219i \u00eenlocuire, atunci c\u00e2nd este necesar.<\/p>\n<p><img decoding=\"async\" src=\"https:\/\/www.hydraulic-cylinders.net\/wp-content\/uploads\/2025\/01\/songte-oil-pipes-and-spare-parts.webp\" alt=\"Imagine piese de schimb cilindru cup\u0103\"><\/p>\n<h2>Etan\u0219are \u0219i lubrifiere<\/h2>\n<p>Cilindrul cupei pentru excavatorul Liebherr R924 utilizeaz\u0103 o varietate de componente de etan\u0219are, cum ar fi etan\u0219\u0103ri de piston, etan\u0219\u0103ri de tij\u0103 \u0219i inele de uzur\u0103. Aceste componente sunt fabricate din materiale precum poliuretan \u0219i cauciuc nitrilic pentru a asigura rezisten\u021ba la uzur\u0103 \u0219i durabilitatea. Corpul cilindrului \u0219i suprafe\u021bele filetate ale cap\u0103tului sunt prelucrate fin pentru a \u00eembun\u0103t\u0103\u021bi rezisten\u021ba la uzur\u0103. \u00centre\u021binerea regulat\u0103 a cilindrului necesit\u0103 ad\u0103ugarea unor cantit\u0103\u021bi adecvate de ulei hidraulic pentru a asigura o lubrifiere corespunz\u0103toare.<\/p>\n<h2>\u00centre\u021binere \u0219i repara\u021bii<\/h2>\n<p>Urm\u0103toarele sarcini de \u00eentre\u021binere trebuie efectuate \u00een mod regulat:<\/p>\n<ul>\n<li>Inspec\u021bii regulate<\/li>\n<li>Lubrifiere adecvat\u0103<\/li>\n<li>\u00cenlocuirea garniturii<\/li>\n<li>Verific\u0103ri de calibrare<\/li>\n<\/ul>\n<p>Instalarea, lubrifierea \u0219i reglarea corect\u0103 sunt esen\u021biale pentru a asigura longevitatea cilindrului cupei pentru excavatorul Liebherr de mijloc R924. Alinierea corect\u0103 a cilindrului este esen\u021bial\u0103 \u00een timpul instal\u0103rii, iar pentru fixarea cilindrului trebuie utilizate console de instalare adecvate. Se recomand\u0103 proceduri de inspec\u021bie, reparare \u0219i \u00eenlocuire pentru a prelungi durata de via\u021b\u0103 a cilindrului.<\/p>\n<p><img decoding=\"async\" src=\"https:\/\/www.hydraulic-cylinders.net\/wp-content\/uploads\/2025\/01\/songte-chushion-collar.webp\" alt=\"Imaginea gulerului cilindrului g\u0103le\u021bii\"><\/p>\n<h2>Considera\u021bii privind siguran\u021ba \u0219i mediul<\/h2>\n<p>M\u0103surile de siguran\u021b\u0103 sunt esen\u021biale atunci c\u00e2nd se utilizeaz\u0103 cilindri cu cup\u0103 pentru excavatorul Liebherr de mijloc R924. Operatorii trebuie s\u0103 respecte procedurile de siguran\u021b\u0103 adecvate atunci c\u00e2nd manipuleaz\u0103 utilaje grele, inclusiv purtarea echipamentului de protec\u021bie \u0219i respectarea procedurilor opera\u021bionale corespunz\u0103toare. De asemenea, trebuie luat \u00een considerare mediul \u00eenconjur\u0103tor atunci c\u00e2nd se utilizeaz\u0103 cilindri cup\u0103. Trebuie respectate reglement\u0103rile privind eliminarea corespunz\u0103toare a de\u0219eurilor \u0219i reglement\u0103rile de mediu pentru a se asigura c\u0103 daunele aduse mediului sunt reduse la minimum.<\/p>\n<h2>Diagnosticarea defec\u021biunilor \u0219i probleme frecvente<\/h2>\n<p>Cilindrul cupei pentru excavatorul Liebherr R924 poate \u00eent\u00e2mpina o varietate de probleme \u00een timp. Problemele comune includ scurgeri, dificult\u0103\u021bi de mi\u0219care a cupei \u0219i lipsa de r\u0103spuns la comenzile de comand\u0103. Aceste probleme pot fi diagnosticate prin inspec\u021bia \u0219i testarea componentelor cilindrului. <\/p>\n<h2>Despre noi<\/h2>\n<p>Suntem un produc\u0103tor \u0219i distribuitor angro de top de cilindri hidraulici pe pie\u021bele interne \u0219i interna\u021bionale, specializ\u00e2ndu-ne \u00een produc\u021bia de cilindri hidraulici de schimb. Produsele noastre sunt fabricate la o calitate excelent\u0103 \u0219i se bazeaz\u0103 pe o strategie industrializat\u0103 de management al produc\u021biei \u00een ateliere fin confec\u021bionate. Compania noastr\u0103 \u00ee\u0219i \u00eembun\u0103t\u0103\u021be\u0219te continuu platforma de produc\u021bie \u00een ateliere, \u00eembun\u0103t\u0103\u021be\u0219te procesul de produc\u021bie a calit\u0103\u021bii produselor \u0219i are o puternic\u0103 capacitate creativ\u0103. Compania noastr\u0103 se angajeaz\u0103 s\u0103 satisfac\u0103 nevoile diverse ale clien\u021bilor no\u0219tri cu eficien\u021b\u0103 ridicat\u0103, precizie ridicat\u0103 \u0219i principii de \u00eenalt\u0103 calitate.<\/p>\n<p><img decoding=\"async\" src=\"https:\/\/hzpt.com\/wp-content\/uploads\/2024\/11\/songte-company-1.webp\" alt=\"Imaginea companiei\"><\/p>\n<h3>Profesionalism<\/h3>\n<p>Compania noastr\u0103 are o echip\u0103 de profesioni\u0219ti dedica\u021bi furniz\u0103rii de produse \u0219i servicii de calitate clien\u021bilor.<\/p>\n<h3>Certificare interna\u021bional\u0103<\/h3>\n<p>Produsele noastre au trecut diverse certific\u0103ri interna\u021bionale \u0219i \u00eendeplinesc o varietate de standarde industriale.<\/p>\n<h3>Servicii de personalizare<\/h3>\n<p>Putem oferi servicii personalizate \u00een func\u021bie de cerin\u021bele clientului.<\/p>\n<h3>Echipamente de produc\u021bie<\/h3>\n<p>Compania noastr\u0103 dispune de echipamente de produc\u021bie avansate pentru a asigura calitatea produselor \u0219i eficien\u021ba produc\u021biei.<\/p>\n<h3>Serviciu post-v\u00e2nzare<\/h3>\n<p>Oferim servicii post-v\u00e2nzare pentru a asigura satisfac\u021bia clien\u021bilor no\u0219tri.<\/p>\n<p><img decoding=\"async\" src=\"https:\/\/www.hydraulic-cylinders.net\/wp-content\/uploads\/2025\/01\/songte-company-3.webp\" alt=\"Imaginea companiei\"><\/p>\n<p>Autor: lyl<\/p>","protected":false},"excerpt":{"rendered":"<p>Bucket Cylinder For Liebherr Middle Excavator R924 Introduction The Bucket Cylinder for Liebherr Middle Excavator R924 is a specialized hydraulic cylinder designed to control the movement of buckets in heavy machinery such as excavators, backhoe excavators, and front-end loaders. Its main function is to lift, lower, and tilt the bucket, making it easier to handle [&hellip;]<\/p>","protected":false},"featured_media":14787,"comment_status":"open","ping_status":"closed","template":"","meta":{"_et_pb_use_builder":"","_et_pb_old_content":"","_et_gb_content_width":""},"product_brand":[],"product_cat":[1494],"product_tag":[1495,1496],"class_list":{"0":"post-15629","1":"product","2":"type-product","3":"status-publish","4":"has-post-thumbnail","6":"product_cat-bucket-cylinders","7":"product_tag-bucket-cylinders","8":"product_tag-hydraulic-cylinders","10":"first","11":"instock","12":"shipping-taxable","13":"product-type-simple"},"amp_enabled":true,"_links":{"self":[{"href":"https:\/\/www.hydraulic-cylinders.net\/ro\/wp-json\/wp\/v2\/product\/15629","targetHints":{"allow":["GET"]}}],"collection":[{"href":"https:\/\/www.hydraulic-cylinders.net\/ro\/wp-json\/wp\/v2\/product"}],"about":[{"href":"https:\/\/www.hydraulic-cylinders.net\/ro\/wp-json\/wp\/v2\/types\/product"}],"replies":[{"embeddable":true,"href":"https:\/\/www.hydraulic-cylinders.net\/ro\/wp-json\/wp\/v2\/comments?post=15629"}],"wp:featuredmedia":[{"embeddable":true,"href":"https:\/\/www.hydraulic-cylinders.net\/ro\/wp-json\/wp\/v2\/media\/14787"}],"wp:attachment":[{"href":"https:\/\/www.hydraulic-cylinders.net\/ro\/wp-json\/wp\/v2\/media?parent=15629"}],"wp:term":[{"taxonomy":"product_brand","embeddable":true,"href":"https:\/\/www.hydraulic-cylinders.net\/ro\/wp-json\/wp\/v2\/product_brand?post=15629"},{"taxonomy":"product_cat","embeddable":true,"href":"https:\/\/www.hydraulic-cylinders.net\/ro\/wp-json\/wp\/v2\/product_cat?post=15629"},{"taxonomy":"product_tag","embeddable":true,"href":"https:\/\/www.hydraulic-cylinders.net\/ro\/wp-json\/wp\/v2\/product_tag?post=15629"}],"curies":[{"name":"wp","href":"https:\/\/api.w.org\/{rel}","templated":true}]}}