{"id":15637,"date":"2025-01-19T14:46:46","date_gmt":"2025-01-19T14:46:46","guid":{"rendered":"https:\/\/www.hydraulic-cylinders.net\/product\/bucket-cylinder-for-liebherr-large-excavator-r974cl\/"},"modified":"2025-01-19T14:46:48","modified_gmt":"2025-01-19T14:46:48","slug":"bucket-cylinder-for-liebherr-large-excavator-r974cl","status":"publish","type":"product","link":"https:\/\/www.hydraulic-cylinders.net\/ro\/produs\/bucket-cylinder-for-liebherr-large-excavator-r974cl\/","title":{"rendered":"Cilindru cup\u0103 pentru excavatorul mare Liebherr R974CL"},"content":{"rendered":"<h1>Cilindru cup\u0103 pentru excavatorul mare Liebherr R974CL<\/h1>\n<h2>Introducere<\/h2>\n<p>Cilindrul cupei pentru excavatorul mare Liebherr R974CL este un tip de cilindru hidraulic specializat utilizat pentru a controla mi\u0219carea cupei \u00een utilaje grele, cum ar fi excavatoarele, excavatoarele \u0219i \u00eenc\u0103rc\u0103toarele frontale. Func\u021bia sa principal\u0103 este de a permite ridicarea, cobor\u00e2rea \u0219i \u00eenclinarea cupei pentru sarcini u\u0219oare de manipulare a materialelor. \u00cen sistemul hidraulic, cilindrul cupei controleaz\u0103 cu precizie mi\u0219carea cupei prin modific\u0103ri ale presiunii uleiului hidraulic, permi\u021b\u00e2nd operatorilor s\u0103 manipuleze eficient sarcini grele \u0219i s\u0103 se adapteze la medii de lucru complexe \u0219i cerin\u021be diverse ale lucr\u0103rilor.<\/p>\n<p><img decoding=\"async\" src=\"https:\/\/www.hydraulic-cylinders.net\/wp-content\/uploads\/2025\/01\/songte-company-2.webp\"><\/p>\n<h2>Caracteristici<\/h2>\n<ul>\n<li>\n<h3>Rezisten\u021b\u0103 \u0219i durabilitate ridicate<\/h3>\n<p>Cilindrii cupei sunt de obicei fabrica\u021bi din o\u021bel sau aluminiu de \u00eenalt\u0103 rezisten\u021b\u0103, capabili s\u0103 reziste la presiuni ridicate \u0219i sarcini grele, potrivi\u021bi pentru medii de lucru dure. Designul ia \u00een considerare \u0219i rezisten\u021ba la uzur\u0103 \u0219i la coroziune, prelungind durata de via\u021b\u0103.<\/p>\n<\/li>\n<li>\n<h3>Func\u021bionare hidraulic\u0103 eficient\u0103<\/h3>\n<p>Presiunea uleiului hidraulic permite ac\u021biuni line de extensie \u0219i retragere, un r\u0103spuns rapid la comenzile de control, oferind o for\u021b\u0103 puternic\u0103 de \u00eempingere \u0219i tragere, potrivit\u0103 pentru manipularea sarcinilor grele \u0219i a sarcinilor complexe.<\/p>\n<\/li>\n<li>\n<h3>Diverse tipuri<\/h3>\n<p>Cilindrii cu ac\u021biune simpl\u0103 (utilizare hidraulic\u0103 \u00eentr-o singur\u0103 direc\u021bie) sau cu ac\u021biune dubl\u0103 (utilizare hidraulic\u0103 \u00een ambele direc\u021bii) pot fi selecta\u021bi \u00een func\u021bie de nevoi, pentru a satisface diferite cerin\u021be opera\u021bionale. Unele modele sunt telescopice, permi\u021b\u00e2nd o extensie mai mare f\u0103r\u0103 a cre\u0219te dimensiunile exterioare, potrivite pentru aplica\u021bii cu spa\u021biu limitat.<\/p>\n<\/li>\n<li>\n<h3>\u00cenlocuibil<\/h3>\n<p>Produsul nostru poate \u00eenlocui perfect ace\u0219ti cilindri hidraulici.<\/p>\n<\/li>\n<\/ul>\n<p><img decoding=\"async\" src=\"https:\/\/www.hydraulic-cylinders.net\/wp-content\/uploads\/2025\/01\/songte-cylinder-head-with-all-kinds-excavator-models.webp\"><\/p>\n<h2>Aplica\u021bii<\/h2>\n<p>Cilindrii cupei pot fi utiliza\u021bi \u00eentr-o varietate de echipamente grele, dintre care unele includ:<\/p>\n<ul>\n<li>\n<h3>Echipamente de construc\u021bii<\/h3>\n<p>\u00cen excavatoare, acestea sunt esen\u021biale pentru s\u0103pare, \u00eenc\u0103rcare \u0219i mutarea solului sau a resturilor. \u00cen buldoexcavatoarele, cilindrii cupei ajut\u0103 at\u00e2t la s\u0103pare, c\u00e2t \u0219i la ridicare. <\/p>\n<\/li>\n<li>\n<h3>Ma\u0219ini agricole<\/h3>\n<p>Folosit la \u00eenc\u0103rc\u0103toarele frontale pentru scobere, ridicare \u0219i transportul solului, f\u00e2nului \u0219i altor materiale.<\/p>\n<\/li>\n<li>\n<h3>Excavatoare<\/h3>\n<p>Cilindrii cupei faciliteaz\u0103 ac\u021biunile de s\u0103pare permi\u021b\u00e2nd cupei s\u0103 p\u0103trund\u0103 \u00een sol.<\/p>\n<\/li>\n<li>\n<h3>\u00cenc\u0103rc\u0103toare<\/h3>\n<p>Cilindrii cupei ajut\u0103 la ridicarea \u0219i desc\u0103rcarea eficient\u0103 a m\u0103rfurilor \u00een \u00eenc\u0103rc\u0103toarele frontale.<\/p>\n<\/li>\n<\/ul>\n<h2>Considera\u021bii de proiectare \u0219i criterii de selec\u021bie<\/h2>\n<p>Din perspectiva designului, considera\u021biile cheie includ:<\/p>\n<ul>\n<li>\n<h3>Capacitate de \u00eenc\u0103rcare<\/h3>\n<p>Proiectarea cilindrului cupei trebuie s\u0103 ia \u00een considerare capacitatea de \u00eenc\u0103rcare prev\u0103zut\u0103 pentru a asigura o func\u021bionare sigur\u0103 \u0219i eficient\u0103.<\/p>\n<\/li>\n<li>\n<h3>Sigilare<\/h3>\n<p>Trebuie utilizate diverse componente de etan\u0219are, cum ar fi etan\u0219\u0103rile pistonului \u0219i etan\u0219\u0103rile tijei. Garniturile trebuie s\u0103 fie fabricate din materiale rezistente la uzur\u0103, cum ar fi poliuretanul \u0219i cauciucul nitrilic. Corpul cilindrului \u0219i suprafa\u021ba filetat\u0103 a cap\u0103tului trebuie s\u0103 fie supuse unor prelucr\u0103ri fine pentru a \u00eembun\u0103t\u0103\u021bi rezisten\u021ba la uzur\u0103. Ad\u0103ugarea regulat\u0103 de ulei hidraulic adecvat este necesar\u0103 pentru lubrifiere.<\/p>\n<\/li>\n<li>\n<h3>Durabilitate<\/h3>\n<p>Proiectul trebuie s\u0103 includ\u0103 rezisten\u021b\u0103 la coroziune \u0219i rezisten\u021b\u0103 la uzur\u0103 pentru a asigura o durat\u0103 lung\u0103 de via\u021b\u0103.<\/p>\n<\/li>\n<li>\n<h3>Siguran\u0163\u0103<\/h3>\n<p>Proiectul ar trebui s\u0103 ia \u00een considerare factori de siguran\u021b\u0103, cum ar fi supapele de suprapresiune sau sistemele de blocare hidraulic\u0103 pentru a preveni accidentele.<\/p>\n<\/li>\n<li>\n<h3>\u00centre\u0163inere<\/h3>\n<p>Designul ar trebui s\u0103 permit\u0103 \u00eentre\u021binerea \u0219i repara\u021biile u\u0219oare, cu piese de schimb disponibile imediat.<\/p>\n<\/li>\n<\/ul>\n<p><img decoding=\"async\" src=\"https:\/\/www.hydraulic-cylinders.net\/wp-content\/uploads\/2025\/01\/songte-oil-pipes-and-spare-parts.webp\"><\/p>\n<h2>\u00centre\u021binere \u0219i depanare<\/h2>\n<p>\u00centre\u021binerea regulat\u0103 \u0219i m\u0103surile preventive pot ajuta la men\u021binerea func\u021bion\u0103rii optime a cilindrului cupei. Sarcinile comune de \u00eentre\u021binere includ:<\/p>\n<ul>\n<li>\n<h3>Inspec\u021bie regulat\u0103<\/h3>\n<p>Asigura\u021bi alinierea corect\u0103 a cilindrului \u0219i verifica\u021bi dac\u0103 exist\u0103 scurgeri sau deterior\u0103ri.<\/p>\n<\/li>\n<li>\n<h3>Lubrifiere<\/h3>\n<p>Trebuie aplicat\u0103 o lubrifiere adecvat\u0103 pentru a preveni uzura excesiv\u0103.<\/p>\n<\/li>\n<li>\n<h3>\u00cenlocuirea garniturii<\/h3>\n<p>Garniturile trebuie verificate periodic pentru uzur\u0103 \u0219i \u00eenlocuite, dac\u0103 este necesar.<\/p>\n<\/li>\n<li>\n<h3>Verific\u0103ri de calibrare<\/h3>\n<p>Cilindrul trebuie verificat pentru calibrare corect\u0103 pentru a asigura o func\u021bionare f\u0103r\u0103 probleme.<\/p>\n<\/li>\n<\/ul>\n<p>Instalarea corect\u0103 este, de asemenea, esen\u021bial\u0103 pentru a asigura o performan\u021b\u0103 optim\u0103 a cilindrului cupei. Alinierea corect\u0103 a cilindrului \u0219i utilizarea suporturilor de instalare adecvate pot ajuta la cre\u0219terea duratei de via\u021b\u0103 a cilindrului. De asemenea, trebuie urmate procedurile de inspec\u021bie, reparare \u0219i \u00eenlocuire pentru a minimiza poten\u021bialele probleme. <\/p>\n<p><img decoding=\"async\" src=\"https:\/\/www.hydraulic-cylinders.net\/wp-content\/uploads\/2025\/01\/songte-chushion-collar.webp\"><\/p>\n<h2>Considera\u021bii de siguran\u021b\u0103 \u0219i factori de mediu<\/h2>\n<p>Utilizarea cilindrului cu cup\u0103 necesit\u0103 respectarea m\u0103surilor de siguran\u021b\u0103 pentru prevenirea accidentelor. M\u0103surile de siguran\u021b\u0103 includ eliberarea presiunii \u00eenainte de \u00eentre\u021binerea cilindrului, amplasarea suporturilor pentru cilindru \u0219i instruirea corespunz\u0103toare a personalului \u00eenainte de utilizarea cilindrului. Factorii de mediu, cum ar fi temperatura \u0219i umiditatea, trebuie, de asemenea, lua\u021bi \u00een considerare pentru a asigura func\u021bionarea optim\u0103 a cilindrului.<\/p>\n<p><img decoding=\"async\" src=\"https:\/\/www.hydraulic-cylinders.net\/wp-content\/uploads\/2025\/01\/songte-bushings-with-all-kinds-of-excavator-models.webp\"><\/p>\n<h2>Despre noi<\/h2>\n<p>Suntem produc\u0103tori de cilindri hidraulici de schimb. Gama noastr\u0103 de produse este cuprinz\u0103toare, ceea ce ne face unul dintre principalii produc\u0103tori \u0219i distribuitori angro de cilindri hidraulici pe pie\u021bele interne \u0219i externe. Ader\u0103m la principiul calit\u0103\u021bii excelente, ne baz\u0103m pe strategii de management al produc\u021biei industriale ale atelierelor de produc\u021bie fin\u0103 \u0219i \u00eembun\u0103t\u0103\u021bim continuu platforma de produc\u021bie a atelierului prin utilizarea tehnologiei, a echipamentelor digitale de produc\u021bie de ultim\u0103 genera\u021bie \u0219i a sistemelor profesionale de detectare. Avem o creativitate puternic\u0103 \u0219i satisfacem nevoile diverse ale clien\u021bilor cu principii de eficien\u021b\u0103 ridicat\u0103, precizie ridicat\u0103 \u0219i calitate \u00eenalt\u0103.<\/p>\n<h3>Expertiza noastr\u0103<\/h3>\n<p>Ne specializ\u0103m \u00een producerea de cilindri hidraulici care respect\u0103 certific\u0103ri interna\u021bionale precum ISO, CE \u0219i UL. De asemenea, oferim servicii personalizate, cum ar fi proiectarea \u0219i fabricarea de cilindri conform specifica\u021biilor clientului, inclusiv servicii OEM \u0219i ODM. <\/p>\n<h3>Produsele noastre<\/h3>\n<p>Echipamentele noastre de produc\u021bie includ centre de prelucrare CNC, ma\u0219ini de honuit la scar\u0103 larg\u0103 \u0219i ma\u0219ini de sudur\u0103 avansate. Avem un sistem riguros de control al calit\u0103\u021bii, produsele fiind supuse unor teste \u0219i inspec\u021bii stricte \u00eenainte de expediere.<\/p>\n<h3>Serviciile noastre<\/h3>\n<p>Serviciul nostru post-v\u00e2nzare include asisten\u021b\u0103 tehnic\u0103 profesional\u0103, repara\u021bii \u0219i \u00eenlocuiri ale produselor, pentru a asigura performan\u021be optime ale produsului \u0219i a-i prelungi durata de via\u021b\u0103.<\/p>\n<p><img decoding=\"async\" src=\"https:\/\/hzpt.com\/wp-content\/uploads\/2024\/11\/songte-company-1.webp\"><\/p>\n<p>Autor: lyl<\/p>","protected":false},"excerpt":{"rendered":"<p>Bucket Cylinder For Liebherr Large Excavator R974CL Introduction Bucket cylinder for Liebherr large excavator R974CL is a type of specialized hydraulic cylinder used to control the movement of the bucket in heavy machinery such as excavators, backhoes, and front-end loaders. Its main function is to enable the bucket to lift, lower and tilt for easy [&hellip;]<\/p>","protected":false},"featured_media":14771,"comment_status":"open","ping_status":"closed","template":"","meta":{"_et_pb_use_builder":"","_et_pb_old_content":"","_et_gb_content_width":""},"product_brand":[],"product_cat":[1494],"product_tag":[1495,1496],"class_list":{"0":"post-15637","1":"product","2":"type-product","3":"status-publish","4":"has-post-thumbnail","6":"product_cat-bucket-cylinders","7":"product_tag-bucket-cylinders","8":"product_tag-hydraulic-cylinders","10":"first","11":"instock","12":"shipping-taxable","13":"product-type-simple"},"amp_enabled":true,"_links":{"self":[{"href":"https:\/\/www.hydraulic-cylinders.net\/ro\/wp-json\/wp\/v2\/product\/15637","targetHints":{"allow":["GET"]}}],"collection":[{"href":"https:\/\/www.hydraulic-cylinders.net\/ro\/wp-json\/wp\/v2\/product"}],"about":[{"href":"https:\/\/www.hydraulic-cylinders.net\/ro\/wp-json\/wp\/v2\/types\/product"}],"replies":[{"embeddable":true,"href":"https:\/\/www.hydraulic-cylinders.net\/ro\/wp-json\/wp\/v2\/comments?post=15637"}],"wp:featuredmedia":[{"embeddable":true,"href":"https:\/\/www.hydraulic-cylinders.net\/ro\/wp-json\/wp\/v2\/media\/14771"}],"wp:attachment":[{"href":"https:\/\/www.hydraulic-cylinders.net\/ro\/wp-json\/wp\/v2\/media?parent=15637"}],"wp:term":[{"taxonomy":"product_brand","embeddable":true,"href":"https:\/\/www.hydraulic-cylinders.net\/ro\/wp-json\/wp\/v2\/product_brand?post=15637"},{"taxonomy":"product_cat","embeddable":true,"href":"https:\/\/www.hydraulic-cylinders.net\/ro\/wp-json\/wp\/v2\/product_cat?post=15637"},{"taxonomy":"product_tag","embeddable":true,"href":"https:\/\/www.hydraulic-cylinders.net\/ro\/wp-json\/wp\/v2\/product_tag?post=15637"}],"curies":[{"name":"wp","href":"https:\/\/api.w.org\/{rel}","templated":true}]}}