{"id":15653,"date":"2025-01-19T14:48:04","date_gmt":"2025-01-19T14:48:04","guid":{"rendered":"https:\/\/www.hydraulic-cylinders.net\/product\/bucket-cylinder-for-sdlg-middle-excavator-lg6225\/"},"modified":"2025-01-19T14:48:06","modified_gmt":"2025-01-19T14:48:06","slug":"bucket-cylinder-for-sdlg-middle-excavator-lg6225","status":"publish","type":"product","link":"https:\/\/www.hydraulic-cylinders.net\/ro\/produs\/bucket-cylinder-for-sdlg-middle-excavator-lg6225\/","title":{"rendered":"Cilindru cu cup\u0103 pentru excavatorul mijlociu SDLG LG6225"},"content":{"rendered":"<h1>Cilindru cu cup\u0103 pentru excavatorul mijlociu SDLG LG6225<\/h1>\n<h2>Introducere<\/h2>\n<p>Cilindrul cupei pentru excavatorul central SDLG LG6225 este un cilindru hidraulic specializat, conceput pentru a controla mi\u0219carea cupei \u00een utilaje grele, cum ar fi excavatoarele, excavatoarele cu buldoexcavatoare \u0219i \u00eenc\u0103rc\u0103toare frontale. Func\u021bia sa principal\u0103 este de a facilita diverse sarcini de manipulare a materialelor, permi\u021b\u00e2nd ridicarea, cobor\u00e2rea \u0219i \u00eenclinarea cupei. \u00cen sistemul hidraulic, cilindrul cupei realizeaz\u0103 un control precis al cupei prin modific\u0103ri ale presiunii uleiului hidraulic, permi\u021b\u00e2nd operatorilor s\u0103 manipuleze eficient sarcini grele \u0219i s\u0103 se adapteze la medii de lucru complexe \u0219i cerin\u021be opera\u021bionale diverse.<\/p>\n<p><img loading=\"lazy\" decoding=\"async\" src=\"https:\/\/www.hydraulic-cylinders.net\/wp-content\/uploads\/2025\/01\/songte-company-2.webp\" alt=\"Cilindru cu cup\u0103 pentru excavatorul mijlociu SDLG LG6225\" width=\"500\" height=\"333\"><\/p>\n<h2>Caracteristici<\/h2>\n<ul>\n<li>\n<h3>Rezisten\u021b\u0103 \u0219i durabilitate ridicate<\/h3>\n<p>Cilindrul este de obicei fabricat din o\u021bel sau aluminiu de \u00eenalt\u0103 rezisten\u021b\u0103, capabil s\u0103 reziste la presiuni ridicate \u0219i sarcini grele, adapt\u00e2ndu-se la medii de lucru dure \u0219i fiind proiectat \u021bin\u00e2nd cont de rezisten\u021ba la uzur\u0103 \u0219i la coroziune pentru a prelungi durata de via\u021b\u0103.<\/p>\n<\/li>\n<li>\n<h3>Func\u021bionare hidraulic\u0103 eficient\u0103<\/h3>\n<p>Utiliz\u00e2nd presiunea uleiului hidraulic pentru a ob\u021bine o extensie \u0219i o retragere lin\u0103, cilindrul poate r\u0103spunde rapid la comenzile de control, poate oferi for\u021be puternice de \u00eempingere \u0219i tragere \u0219i este potrivit pentru manipularea sarcinilor grele \u0219i a sarcinilor opera\u021bionale complexe.<\/p>\n<\/li>\n<li>\n<h3>Diverse tipuri<\/h3>\n<p>Cilindrul poate fi cu ac\u021biune simpl\u0103 (sistemul hidraulic este utilizat \u00eentr-o singur\u0103 direc\u021bie) sau cu ac\u021biune dubl\u0103 (sistemul hidraulic este utilizat \u00een ambele direc\u021bii), \u00een func\u021bie de cerin\u021bele opera\u021bionale. Unele modele sunt telescopice, ceea ce permite o extensie mai mare f\u0103r\u0103 a cre\u0219te dimensiunile exterioare, ceea ce le face potrivite pentru aplica\u021bii cu spa\u021biu limitat.<\/p>\n<\/li>\n<li>\n<h3>Poate \u00eenlocui al\u021bi cilindri hidraulici<\/h3>\n<p>Produsul nostru poate \u00eenlocui perfect al\u021bi cilindri hidraulici. Oferim componente de schimb \u0219i servicii de reconstruc\u021bie pentru a prelungi durata de via\u021b\u0103 a echipamentului dumneavoastr\u0103.<\/p>\n<\/li>\n<li>\n<h3>Diverse aplica\u021bii<\/h3>\n<p>Cilindrul cupei are o gam\u0103 larg\u0103 de aplica\u021bii \u00een diverse utilaje grele, cum ar fi:<\/p>\n<ul>\n<li>Echipamente de construc\u021bii: esen\u021biale pentru excavarea, \u00eenc\u0103rcarea \u0219i mutarea solului sau a resturilor \u00een excavatoare \u0219i excavatoare cu buldoexcavator.<\/li>\n<li>Ma\u0219ini agricole: utilizate \u00een \u00eenc\u0103rc\u0103toarele frontale pentru scobere, ridicare \u0219i transportul solului, f\u00e2nului \u0219i altor materiale.<\/li>\n<li>Excavatoare: cilindrul permite cupei s\u0103 p\u0103trund\u0103 \u00een sol pentru a realiza ac\u021biunea de s\u0103pare.<\/li>\n<li>\u00cenc\u0103rc\u0103toare: \u00een \u00eenc\u0103rc\u0103toarele frontale, acestea ajut\u0103 la ridicarea \u0219i desc\u0103rcarea eficient\u0103 a \u00eenc\u0103rc\u0103turii.<\/li>\n<\/ul>\n<\/li>\n<\/ul>\n<h2>Considera\u021bii de proiectare \u0219i criterii de selec\u021bie<\/h2>\n<p>La selectarea cilindrului cupei, trebuie lua\u021bi \u00een considerare diver\u0219i factori, cum ar fi capacitatea portant\u0103, performan\u021ba de etan\u0219are, durabilitatea, siguran\u021ba \u0219i \u00eentre\u021binerea. Urm\u0103toarele sunt c\u00e2teva considera\u021bii de proiectare \u0219i criterii de selec\u021bie:<\/p>\n<ul>\n<li>\n<h3>Capacitate portant\u0103<\/h3>\n<p>Cilindrul trebuie s\u0103 poat\u0103 suporta sarcina maxim\u0103 la care poate fi supus echipamentul, iar proiectarea trebuie s\u0103 \u021bin\u0103 cont de posibilele condi\u021bii de suprasarcin\u0103. Capacitatea portant\u0103 a cilindrului poate fi crescut\u0103 prin utilizarea de tije \u0219i tuburi cu diametru mai mare sau materiale cu rezisten\u021b\u0103 mai mare.<\/p>\n<\/li>\n<li>\n<h3>Performan\u021ba de etan\u0219are<\/h3>\n<p>Cilindrul trebuie s\u0103 fie etan\u0219at corespunz\u0103tor pentru a preveni scurgerile de fluid hidraulic \u0219i p\u0103trunderea contaminan\u021bilor externi. \u00cen cilindru se utilizeaz\u0103 diverse componente de etan\u0219are, cum ar fi etan\u0219\u0103rile pistonului, etan\u0219\u0103rile tijei \u0219i etan\u0219\u0103rile \u0219terg\u0103toarelor, care sunt fabricate din materiale rezistente la uzur\u0103, cum ar fi poliuretanul \u0219i cauciucul nitrilic. Corpul cilindrului \u0219i suprafa\u021ba filetat\u0103 sunt prelucrate fin pentru a \u00eembun\u0103t\u0103\u021bi rezisten\u021ba la uzur\u0103 \u0219i a preveni scurgerile de ulei.<\/p>\n<\/li>\n<li>\n<h3>Durabilitate<\/h3>\n<p>Cilindrul trebuie s\u0103 fie proiectat \u0219i fabricat pentru a rezista la condi\u021bii dure de func\u021bionare \u0219i la uzur\u0103 \u0219i coroziune. Utilizarea materialelor de \u00eenalt\u0103 rezisten\u021b\u0103 \u0219i a acoperirilor specializate poate cre\u0219te durabilitatea \u0219i prelungi durata de via\u021b\u0103.<\/p>\n<\/li>\n<li>\n<h3>Siguran\u0163\u0103<\/h3>\n<p>Cilindrul trebuie proiectat \u0219i instalat astfel \u00eenc\u00e2t s\u0103 asigure o func\u021bionare sigur\u0103 \u0219i fiabil\u0103. M\u0103suri precum supapele de siguran\u021b\u0103, supapele de suprapresiune \u0219i mecanismele de blocare pot preveni accidentele cauzate de suprapresiune sau mi\u0219c\u0103ri nea\u0219teptate ale cilindrului.<\/p>\n<\/li>\n<li>\n<h3>\u00centre\u0163inere<\/h3>\n<p>Cilindrul trebuie proiectat pentru a facilita \u00eentre\u021binerea \u0219i repararea. Trebuie asigurat acces facil la garnituri, tije \u0219i alte componente pentru inspec\u021bie \u0219i \u00eenlocuire. \u00centre\u021binerea \u0219i inspec\u021bia regulate pot preveni defectarea prematur\u0103 \u0219i pot prelungi durata de via\u021b\u0103 a cilindrului.<\/p>\n<\/li>\n<\/ul>\n<p><img loading=\"lazy\" decoding=\"async\" src=\"https:\/\/www.hydraulic-cylinders.net\/wp-content\/uploads\/2025\/01\/songte-oil-pipes-and-spare-parts.webp\" alt=\"Cilindru cu cup\u0103 pentru excavatorul mijlociu SDLG LG6225 piese de schimb\" width=\"500\" height=\"333\"><\/p>\n<h2>Etan\u0219are \u0219i lubrifiere<\/h2>\n<p>Cilindrul cupei necesit\u0103 o etan\u0219are \u0219i o lubrifiere adecvate pentru a asigura o func\u021bionare fiabil\u0103 \u0219i a prelungi durata de via\u021b\u0103. Se pot lua urm\u0103toarele m\u0103suri:<\/p>\n<ul>\n<li>Utiliza\u021bi diverse componente de etan\u0219are, cum ar fi etan\u0219\u0103ri de piston, etan\u0219\u0103ri de tij\u0103 \u0219i etan\u0219\u0103ri de \u0219terg\u0103tor, fabricate din materiale rezistente la uzur\u0103, cum ar fi poliuretanul \u0219i cauciucul nitrilic, pentru a preveni scurgerile de fluid hidraulic \u0219i p\u0103trunderea contaminan\u021bilor externi.<\/li>\n<li>Corpul cilindrului \u0219i suprafa\u021ba filetat\u0103 trebuie prelucrate fin pentru a \u00eembun\u0103t\u0103\u021bi rezisten\u021ba la uzur\u0103 \u0219i a preveni scurgerile de ulei.<\/li>\n<li>Ad\u0103uga\u021bi regulat o cantitate adecvat\u0103 de ulei hidraulic pentru lubrifiere, pentru a asigura func\u021bionarea f\u0103r\u0103 probleme a cilindrului.<\/li>\n<\/ul>\n<h2>\u00centre\u021binere \u0219i depanare<\/h2>\n<p>\u00centre\u021binerea \u0219i inspec\u021bia regulat\u0103 pot preveni defec\u021biunile premature \u0219i pot asigura func\u021bionarea fiabil\u0103 a cilindrului cupei. Trebuie efectuate urm\u0103toarele sarcini de \u00eentre\u021binere:<\/p>\n<ul>\n<li>Inspec\u021bie \u0219i \u00eenlocuire regulat\u0103 a garniturilor \u0219i a altor componente pentru a preveni scurgerile \u0219i a men\u021bine performan\u021ba de etan\u0219are.<\/li>\n<li>Lubrifiere adecvat\u0103 pentru a asigura o func\u021bionare lin\u0103 \u0219i a preveni uzura \u0219i deteriorarea componentelor.<\/li>\n<li>Verificarea calibr\u0103rii cilindrului pentru a asigura mi\u0219carea \u0219i pozi\u021bionarea precise.<\/li>\n<\/ul>\n<p>\u00cen cazul unei defec\u021biuni, se pot lua urm\u0103toarele m\u0103suri de depanare:<\/p>\n<ul>\n<li>Verifica\u021bi nivelul \u0219i calitatea fluidului hidraulic pentru a v\u0103 asigura c\u0103 nu exist\u0103 contaminare sau epuizare.<\/li>\n<li>Verifica\u021bi dac\u0103 exist\u0103 scurgeri sau deterior\u0103ri ale componentelor cilindrului.<\/li>\n<li>Verifica\u021bi dac\u0103 supapa de control \u0219i furtunurile sunt blocate sau deteriorate.<\/li>\n<\/ul>\n<p>De asemenea, se pot lua m\u0103suri preventive pentru a minimiza poten\u021bialele probleme, cum ar fi:<\/p>\n<ul>\n<li>Inspec\u021bia \u0219i \u00eentre\u021binerea regulat\u0103 a cilindrului pentru a detecta \u0219i repara problemele minore \u00eenainte ca acestea s\u0103 escaladeze.<\/li>\n<li>Utilizarea \u0219i func\u021bionarea corect\u0103 a cilindrului, evit\u00e2nd supra\u00eenc\u0103rcarea sau impacturile bru\u0219te.<\/li>\n<li>Depozitarea \u0219i manipularea corespunz\u0103toare a buteliei atunci c\u00e2nd nu este utilizat\u0103.<\/li>\n<\/ul>\n<p><img loading=\"lazy\" decoding=\"async\" src=\"https:\/\/www.hydraulic-cylinders.net\/wp-content\/uploads\/2025\/01\/songte-chushion-collar.webp\" alt=\"Cilindru cu cup\u0103 pentru excavatorul mijlociu SDLG LG6225 Guler de pern\u0103\" width=\"500\" height=\"333\"><\/p>\n<h2>Introducerea companiei<\/h2>\n<p>Compania noastr\u0103 este produc\u0103tor de cilindri hidraulici de schimb cu o gam\u0103 complet\u0103 de produse. Suntem unul dintre principalii produc\u0103tori \u0219i distribuitori angro de cilindri hidraulici pe pie\u021bele interne \u0219i interna\u021bionale. Urm\u0103m principiul calit\u0103\u021bii excelente \u0219i ne baz\u0103m pe strategii industrializate de management al produc\u021biei \u00een atelierele noastre sofisticate de fabrica\u021bie.<br \/>\nCompania noastr\u0103 \u00ee\u0219i \u00eembun\u0103t\u0103\u021be\u0219te continuu platforma de produc\u021bie, perfec\u021bioneaz\u0103 procesul de produc\u021bie a calit\u0103\u021bii produselor \u0219i are o capacitate puternic\u0103 de crea\u021bie. Folosim principii de \u00eenalt\u0103 eficien\u021b\u0103, precizie \u0219i calitate pentru a satisface nevoile diverse ale clien\u021bilor no\u0219tri.<\/p>\n<p><img loading=\"lazy\" decoding=\"async\" src=\"https:\/\/hzpt.com\/wp-content\/uploads\/2024\/11\/songte-company-1.webp\" alt=\"Cilindru cu cup\u0103 pentru excavatorul mijlociu SDLG LG6225 Introducerea companiei\" width=\"500\" height=\"333\"><\/p>\n<h2>Informa\u021bii suplimentare despre companie<\/h2>\n<ul>\n<li>\n<h3>Profesionalism<\/h3>\n<p>Compania noastr\u0103 are o echip\u0103 de ingineri \u0219i tehnicieni profesioni\u0219ti care ofer\u0103 asisten\u021b\u0103 tehnic\u0103 \u0219i servicii de personalizare pentru a satisface cerin\u021be specifice.<\/p>\n<\/li>\n<li>\n<h3>Certificare interna\u021bional\u0103<\/h3>\n<p>Produsele noastre au ob\u021binut certific\u0103ri interna\u021bionale precum ISO9001 \u0219i CE, asigur\u00e2nd calitate \u0219i fiabilitate.<\/p>\n<\/li>\n<li>\n<h3>Servicii de personalizare<\/h3>\n<p>Oferim servicii de personalizare pentru a satisface cerin\u021bele specifice ale clien\u021bilor, cum ar fi materialul, dimensiunea, presiunea \u0219i aplica\u021bia.<\/p>\n<\/li>\n<li>\n<h3>Echipamente de produc\u021bie<\/h3>\n<p>Compania noastr\u0103 utilizeaz\u0103 echipamente de produc\u021bie avansate, inclusiv strunguri CNC, freze, ma\u0219ini de rectificat \u0219i alte utilaje specializate pentru a asigura precizie \u0219i eficien\u021b\u0103.<\/p>\n<\/li>\n<li>\n<h3>Servicii post-v\u00e2nzare<\/h3>\n<p>Oferim servicii post-v\u00e2nzare, inclusiv \u00eendrum\u0103ri pentru instalare, repara\u021bii \u0219i servicii de reconstruc\u021bie, pentru a asigura satisfac\u021bia clien\u021bilor \u0219i longevitatea produsului.<\/p>\n<\/li>\n<\/ul>\n<p>Autor: lyl<\/p>","protected":false},"excerpt":{"rendered":"<p>Bucket Cylinder For SDLG Middle Excavator LG6225 Introduction The bucket cylinder for SDLG middle excavator LG6225 is a specialized hydraulic cylinder designed to control the movement of the bucket in heavy machinery such as excavators, backhoe excavators, and front loaders. Its main function is to facilitate various material handling tasks by allowing the bucket to [&hellip;]<\/p>","protected":false},"featured_media":14769,"comment_status":"open","ping_status":"closed","template":"","meta":{"_et_pb_use_builder":"","_et_pb_old_content":"","_et_gb_content_width":""},"product_brand":[],"product_cat":[1494],"product_tag":[1495,1496],"class_list":{"0":"post-15653","1":"product","2":"type-product","3":"status-publish","4":"has-post-thumbnail","6":"product_cat-bucket-cylinders","7":"product_tag-bucket-cylinders","8":"product_tag-hydraulic-cylinders","10":"first","11":"instock","12":"shipping-taxable","13":"product-type-simple"},"amp_enabled":true,"_links":{"self":[{"href":"https:\/\/www.hydraulic-cylinders.net\/ro\/wp-json\/wp\/v2\/product\/15653","targetHints":{"allow":["GET"]}}],"collection":[{"href":"https:\/\/www.hydraulic-cylinders.net\/ro\/wp-json\/wp\/v2\/product"}],"about":[{"href":"https:\/\/www.hydraulic-cylinders.net\/ro\/wp-json\/wp\/v2\/types\/product"}],"replies":[{"embeddable":true,"href":"https:\/\/www.hydraulic-cylinders.net\/ro\/wp-json\/wp\/v2\/comments?post=15653"}],"wp:featuredmedia":[{"embeddable":true,"href":"https:\/\/www.hydraulic-cylinders.net\/ro\/wp-json\/wp\/v2\/media\/14769"}],"wp:attachment":[{"href":"https:\/\/www.hydraulic-cylinders.net\/ro\/wp-json\/wp\/v2\/media?parent=15653"}],"wp:term":[{"taxonomy":"product_brand","embeddable":true,"href":"https:\/\/www.hydraulic-cylinders.net\/ro\/wp-json\/wp\/v2\/product_brand?post=15653"},{"taxonomy":"product_cat","embeddable":true,"href":"https:\/\/www.hydraulic-cylinders.net\/ro\/wp-json\/wp\/v2\/product_cat?post=15653"},{"taxonomy":"product_tag","embeddable":true,"href":"https:\/\/www.hydraulic-cylinders.net\/ro\/wp-json\/wp\/v2\/product_tag?post=15653"}],"curies":[{"name":"wp","href":"https:\/\/api.w.org\/{rel}","templated":true}]}}