{"id":15669,"date":"2025-01-19T14:49:15","date_gmt":"2025-01-19T14:49:15","guid":{"rendered":"https:\/\/www.hydraulic-cylinders.net\/product\/bucket-cylinder-for-jcm-small-excavator-913d\/"},"modified":"2025-01-19T14:49:17","modified_gmt":"2025-01-19T14:49:17","slug":"bucket-cylinder-for-jcm-small-excavator-913d","status":"publish","type":"product","link":"https:\/\/www.hydraulic-cylinders.net\/ro\/produs\/bucket-cylinder-for-jcm-small-excavator-913d\/","title":{"rendered":"Cilindru cu cup\u0103 pentru excavatorul mic JCM 913D"},"content":{"rendered":"<h1>Cilindru cu cup\u0103 pentru excavatorul mic JCM 913D<\/h1>\n<h2>Introducere<\/h2>\n<p>Cilindrul cupei pentru excavatorul mic JCM 913D este un cilindru hidraulic specializat, conceput pentru controlul mi\u0219c\u0103rii cupei \u00een utilaje grele, cum ar fi excavatoarele, \u00eenc\u0103rc\u0103toarele excavatoare \u0219i \u00eenc\u0103rc\u0103toarele frontale. Func\u021bia sa principal\u0103 este de a permite ridicarea, cobor\u00e2rea \u0219i \u00eenclinarea cupei, facilit\u00e2nd gestionarea diverselor sarcini de manipulare a materialelor. \u00cen sistemul hidraulic, cilindrul cupei utilizeaz\u0103 modific\u0103ri ale presiunii uleiului hidraulic pentru a ob\u021bine un control precis al cupei, permi\u021b\u00e2nd operatorilor s\u0103 manipuleze eficient sarcini grele \u0219i s\u0103 se adapteze la medii de lucru complexe \u0219i cerin\u021be diverse ale lucr\u0103rilor.<\/p>\n<p><img src='https:\/\/www.hydraulic-cylinders.net\/wp-content\/uploads\/2025\/01\/songte-company-2.webp'><\/p>\n<h2>Caracteristici<\/h2>\n<ul>\n<li>Rezisten\u021b\u0103 \u0219i durabilitate ridicate: De obicei fabricate din o\u021bel sau aluminiu de \u00eenalt\u0103 rezisten\u021b\u0103, capabile s\u0103 reziste la presiuni ridicate \u0219i sarcini grele, potrivite pentru medii de lucru dure, proiectate cu considera\u021bii de rezisten\u021b\u0103 la uzur\u0103 \u0219i coroziune pentru a prelungi durata de via\u021b\u0103.<\/li>\n<li>Func\u021bionare hidraulic\u0103 eficient\u0103: Utilizeaz\u0103 presiunea uleiului hidraulic pentru a ob\u021bine o extensie \u0219i o retragere lin\u0103, capabil s\u0103 r\u0103spund\u0103 rapid la comenzile de control, oferind o for\u021b\u0103 puternic\u0103 de \u00eempingere \u0219i tragere, potrivit\u0103 pentru manipularea sarcinilor grele \u0219i a sarcinilor complexe.<\/li>\n<li>Diverse tipuri: Cilindrii cu ac\u021biune simpl\u0103 (utiliza\u021bi hidraulic \u00eentr-o singur\u0103 direc\u021bie) sau cu ac\u021biune dubl\u0103 (utiliza\u021bi hidraulic \u00een dou\u0103 direc\u021bii) pot fi ale\u0219i \u00een func\u021bie de nevoi pentru a satisface diferite cerin\u021be de func\u021bionare. Unele modele sunt telescopice, permi\u021b\u00e2nd o extensie mai mare f\u0103r\u0103 a cre\u0219te dimensiunile exterioare, potrivite pentru aplica\u021bii cu spa\u021biu limitat.<\/li>\n<li>\u00cenlocuibil: Produsele noastre pot \u00eenlocui perfect ace\u0219ti cilindri hidraulici.<\/li>\n<\/ul>\n<p><img src='https:\/\/www.hydraulic-cylinders.net\/wp-content\/uploads\/2025\/01\/songte-cylinder-head-with-all-kinds-excavator-models.webp'><\/p>\n<h2>Aplica\u021bii<\/h2>\n<p>Cilindrul cupei pentru excavatorul mic JCM 913D poate fi utilizat \u00een diverse scenarii, inclusiv:<\/p>\n<h3>Echipamente de construc\u021bii<\/h3>\n<ul>\n<li>Excavatoare: Cilindrii cupei permit ac\u021biunea de s\u0103pare permi\u021b\u00e2nd cupei s\u0103 p\u0103trund\u0103 \u00een sol.<\/li>\n<li>Buldoexcavatoare: Cilindrii cupei ajut\u0103 at\u00e2t la s\u0103pare, c\u00e2t \u0219i la ridicare.<\/li>\n<li>\u00cenc\u0103rc\u0103toare frontale: \u00cenc\u0103rc\u0103toarele frontale ajut\u0103 la ridicarea \u0219i desc\u0103rcarea eficient\u0103 a \u00eenc\u0103rc\u0103turii.<\/li>\n<\/ul>\n<h3>Ma\u0219ini agricole<\/h3>\n<ul>\n<li>\u00cenc\u0103rc\u0103toare frontale: utilizate pentru \u00eenc\u0103rcarea, ridicarea \u0219i transportul solului, f\u00e2nului \u0219i altor materiale.<\/li>\n<\/ul>\n<p>Fiecare aplica\u021bie poate fi extins\u0103 \u00een continuare \u00een detaliu.<\/p>\n<h2>Considera\u021bii de proiectare \u0219i criterii de selec\u021bie<\/h2>\n<ul>\n<li>Capacitate portant\u0103: Cilindrul trebuie s\u0103 fie proiectat pentru a suporta sarcina maxim\u0103.<\/li>\n<li>Etan\u0219are: Diverse etan\u0219\u0103ri, cum ar fi etan\u0219\u0103rile pistonului \u0219i etan\u0219\u0103rile tijei, trebuie fabricate din materiale rezistente la uzur\u0103, cum ar fi poliuretanul \u0219i cauciucul nitrilic.<\/li>\n<li>Durabilitate: Cilindrul trebuie proiectat cu materiale \u0219i tratamente de suprafa\u021b\u0103 rezistente la coroziune pentru a prelungi durata de via\u021b\u0103.<\/li>\n<li>Siguran\u021b\u0103: Cilindrul trebuie s\u0103 fie proiectat cu mecanisme de siguran\u021b\u0103 adecvate pentru a asigura o func\u021bionare \u00een siguran\u021b\u0103.<\/li>\n<li>\u00centre\u021binere: Cilindrul trebuie proiectat av\u00e2nd \u00een vedere u\u0219urin\u021ba \u00eentre\u021binerii, inclusiv inspec\u021bia \u0219i \u00eenlocuirea pieselor.<\/li>\n<\/ul>\n<p><img src='https:\/\/www.hydraulic-cylinders.net\/wp-content\/uploads\/2025\/01\/songte-oil-pipes-and-spare-parts.webp'><\/p>\n<h2>Etan\u0219are \u0219i lubrifiere<\/h2>\n<p>Cilindrul cupei pentru excavatorul mic JCM 913D utilizeaz\u0103 diverse garnituri, cum ar fi garnituri de piston \u0219i garnituri de tij\u0103, care ar trebui s\u0103 fie fabricate din materiale rezistente la uzur\u0103, cum ar fi poliuretanul \u0219i cauciucul nitrilic. Corpul cilindrului \u0219i suprafe\u021bele filetate ale cap\u0103tului sunt tratate fin pentru a \u00eembun\u0103t\u0103\u021bi rezisten\u021ba la uzur\u0103. O lubrifiere adecvat\u0103 trebuie asigurat\u0103 prin ad\u0103ugarea regulat\u0103 a unei cantit\u0103\u021bi adecvate de ulei hidraulic pentru a asigura o func\u021bionare lin\u0103.<\/p>\n<h2>Inspec\u021bie regulat\u0103 \u0219i m\u0103suri de \u00eentre\u021binere preventiv\u0103<\/h2>\n<p>Inspec\u021bia regulat\u0103 \u0219i m\u0103surile de \u00eentre\u021binere preventiv\u0103 sunt esen\u021biale pentru a asigura func\u021bionarea f\u0103r\u0103 probleme \u0219i durata lung\u0103 de via\u021b\u0103 a cilindrului cupei pentru excavatorul mic JCM 913D. Urm\u0103toarele sunt c\u00e2teva dintre sarcinile comune de \u00eentre\u021binere:<\/p>\n<ul>\n<li>Inspec\u021bie regulat\u0103: Efectua\u021bi inspec\u021bii regulate pentru a detecta problemele \u00een timp util.<\/li>\n<li>Lubrifiere corespunz\u0103toare: Unge\u021bi cilindrul conform recomand\u0103rilor produc\u0103torului pentru a asigura o func\u021bionare f\u0103r\u0103 probleme.<\/li>\n<li>\u00cenlocuirea garniturilor: \u00cenlocui\u021bi garniturile dup\u0103 cum este necesar pentru a preveni scurgerile \u0219i a asigura func\u021bionarea corect\u0103.<\/li>\n<li>Verificare calibrare: Efectua\u021bi verific\u0103ri de calibrare pentru a asigura pozi\u021bionarea \u0219i func\u021bionarea corect\u0103.<\/li>\n<\/ul>\n<p>Este important s\u0103 se ofere \u00eendrum\u0103ri adecvate privind alinierea cilindrului \u00een timpul instal\u0103rii \u0219i s\u0103 se recomande utilizarea consolelor de instalare adecvate pentru fixarea cilindrului. De asemenea, recomand\u0103m utilizarea procedurilor noastre recomandate de inspec\u021bie, reparare \u0219i \u00eenlocuire \u0219i furnizarea de servicii de reconstruc\u021bie pentru a cre\u0219te durata de via\u021b\u0103 a cilindrului cupei pentru excavatorul mic JCM 913D.<\/p>\n<p><img src='https:\/\/www.hydraulic-cylinders.net\/wp-content\/uploads\/2025\/01\/songte-chushion-collar.webp'><\/p>\n<h2>Considera\u021bii de siguran\u021b\u0103 \u0219i factori de mediu<\/h2>\n<p>Safety measures are essential when using hydraulic cylinders. Installation and operation should be carried out in strict accordance with the manufacturer&#8217;s instructions. Proper protective equipment should be used to prevent injury. Environmental factors should also be considered, and proper disposal of hydraulic oil and other waste products should be ensured to protect the environment.<\/p>\n<h2>Depanare \u0219i probleme frecvente<\/h2>\n<p>C\u00e2teva probleme frecvente care pot ap\u0103rea la utilizarea cilindrului cupei pentru excavatorul mic JCM 913D includ scurgeri, for\u021b\u0103 insuficient\u0103 sau excesiv\u0103 \u0219i neextinderea sau retragerea. Trebuie luate m\u0103suri adecvate de depanare \u0219i \u00eentre\u021binere pentru a rezolva aceste probleme \u0219i a preveni poten\u021bialele probleme.<\/p>\n<p><img src='https:\/\/www.hydraulic-cylinders.net\/wp-content\/uploads\/2025\/01\/songte-bushings-with-all-kinds-of-excavator-models.webp'><\/p>\n<h2>Despre compania noastr\u0103<\/h2>\n<p>Suntem un produc\u0103tor specializat \u00een producerea de cilindri hidraulici. Compania noastr\u0103 are o gam\u0103 complet\u0103 de produse \u0219i a devenit unul dintre principalii produc\u0103tori \u0219i angrosi\u0219ti \u200b\u200bde cilindri hidraulici pe pie\u021bele interne \u0219i externe. Ader\u0103m la principiul calit\u0103\u021bii excelente \u0219i ne baz\u0103m pe strategii industrializate de management al produc\u021biei \u00een ateliere fin fabricate. \u00cembun\u0103t\u0103\u021bim continuu platforma noastr\u0103 de produc\u021bie \u00een ateliere, perfec\u021bion\u0103m ruta de produc\u021bie a calit\u0103\u021bii produselor \u0219i avem o puternic\u0103 capacitate creativ\u0103. Eficien\u021b\u0103 ridicat\u0103, precizie ridicat\u0103 \u0219i calitate \u00eenalt\u0103 sunt principiile noastre \u0219i ne propunem s\u0103 satisfacem nevoile diverse ale clien\u021bilor no\u0219tri.<\/p>\n<p>Compania noastr\u0103 are numeroase avantaje, printre care:<\/p>\n<ul>\n<li>Profesionalism: Echipa noastr\u0103 este format\u0103 din ingineri experimenta\u021bi, muncitori califica\u021bi \u0219i personal de v\u00e2nz\u0103ri profesionist.<\/li>\n<li>Certificare interna\u021bional\u0103: Produsele noastre au trecut diverse certific\u0103ri interna\u021bionale, inclusiv ISO9001, CE \u0219i SGS.<\/li>\n<li>Servicii de personalizare: Oferim servicii personalizate pentru a satisface nevoile specifice ale diferi\u021bilor clien\u021bi.<\/li>\n<li>Echipamente de produc\u021bie: Folosim echipamente de produc\u021bie avansate pentru a asigura calitatea produselor noastre.<\/li>\n<li>Servicii post-v\u00e2nzare: Oferim servicii complete post-v\u00e2nzare pentru a asigura satisfac\u021bia clien\u021bilor.<\/li>\n<\/ul>\n<p><img src='https:\/\/hzpt.com\/wp-content\/uploads\/2024\/11\/songte-company-1.webp'><\/p>\n<h3>Autor: lyl.<\/h3>","protected":false},"excerpt":{"rendered":"<p>Bucket Cylinder For JCM Small Excavator 913D Introduction The bucket cylinder for JCM small excavator 913D is a specialized hydraulic cylinder designed for controlling the movement of the bucket in heavy machinery such as excavators, backhoe loaders, and front-end loaders. Its main function is to allow the bucket to lift, lower, and tilt, making it [&hellip;]<\/p>","protected":false},"featured_media":14765,"comment_status":"open","ping_status":"closed","template":"","meta":{"_et_pb_use_builder":"","_et_pb_old_content":"","_et_gb_content_width":""},"product_brand":[],"product_cat":[1494],"product_tag":[1495,1496],"class_list":{"0":"post-15669","1":"product","2":"type-product","3":"status-publish","4":"has-post-thumbnail","6":"product_cat-bucket-cylinders","7":"product_tag-bucket-cylinders","8":"product_tag-hydraulic-cylinders","10":"first","11":"instock","12":"shipping-taxable","13":"product-type-simple"},"amp_enabled":true,"_links":{"self":[{"href":"https:\/\/www.hydraulic-cylinders.net\/ro\/wp-json\/wp\/v2\/product\/15669","targetHints":{"allow":["GET"]}}],"collection":[{"href":"https:\/\/www.hydraulic-cylinders.net\/ro\/wp-json\/wp\/v2\/product"}],"about":[{"href":"https:\/\/www.hydraulic-cylinders.net\/ro\/wp-json\/wp\/v2\/types\/product"}],"replies":[{"embeddable":true,"href":"https:\/\/www.hydraulic-cylinders.net\/ro\/wp-json\/wp\/v2\/comments?post=15669"}],"wp:featuredmedia":[{"embeddable":true,"href":"https:\/\/www.hydraulic-cylinders.net\/ro\/wp-json\/wp\/v2\/media\/14765"}],"wp:attachment":[{"href":"https:\/\/www.hydraulic-cylinders.net\/ro\/wp-json\/wp\/v2\/media?parent=15669"}],"wp:term":[{"taxonomy":"product_brand","embeddable":true,"href":"https:\/\/www.hydraulic-cylinders.net\/ro\/wp-json\/wp\/v2\/product_brand?post=15669"},{"taxonomy":"product_cat","embeddable":true,"href":"https:\/\/www.hydraulic-cylinders.net\/ro\/wp-json\/wp\/v2\/product_cat?post=15669"},{"taxonomy":"product_tag","embeddable":true,"href":"https:\/\/www.hydraulic-cylinders.net\/ro\/wp-json\/wp\/v2\/product_tag?post=15669"}],"curies":[{"name":"wp","href":"https:\/\/api.w.org\/{rel}","templated":true}]}}