{"id":15672,"date":"2025-01-19T14:49:27","date_gmt":"2025-01-19T14:49:27","guid":{"rendered":"https:\/\/www.hydraulic-cylinders.net\/product\/bucket-cylinder-for-jcm-middle-excavator-922d\/"},"modified":"2025-01-19T14:49:29","modified_gmt":"2025-01-19T14:49:29","slug":"bucket-cylinder-for-jcm-middle-excavator-922d","status":"publish","type":"product","link":"https:\/\/www.hydraulic-cylinders.net\/ro\/produs\/bucket-cylinder-for-jcm-middle-excavator-922d\/","title":{"rendered":"Cilindru cu cup\u0103 pentru excavatorul JCM Middle 922D"},"content":{"rendered":"<h1>Cilindru cu cup\u0103 pentru excavatorul JCM Middle 922D<\/h1>\n<h2>Introducere<\/h2>\n<p>Cilindrul cupei pentru excavatorul JCM Middle 922D este un cilindru hidraulic special conceput, utilizat pentru a controla mi\u0219carea cupei \u00een utilaje grele, cum ar fi excavatoarele, \u00eenc\u0103rc\u0103toarele cu excavator \u0219i \u00eenc\u0103rc\u0103toarele frontale. Func\u021bia sa principal\u0103 este de a permite cupei s\u0103 efectueze ac\u021biuni de ridicare, cobor\u00e2re \u0219i \u00eenclinare, fiind potrivit\u0103 pentru diverse sarcini de manipulare a materialelor. \u00cen sistemul hidraulic, cilindrul cupei realizeaz\u0103 un control precis al cupei prin utilizarea modific\u0103rilor de presiune din uleiul hidraulic, permi\u021b\u00e2nd operatorilor s\u0103 manipuleze eficient sarcini grele \u0219i s\u0103 se adapteze la medii de lucru dificile \u0219i la diverse cerin\u021be de lucru.<\/p>\n<p><img decoding=\"async\" src=\"https:\/\/www.hydraulic-cylinders.net\/wp-content\/uploads\/2025\/01\/songte-company-2.webp\" alt=\"Cilindru cu cup\u0103 pentru excavatorul JCM Middle 922D\"><\/p>\n<h2>Caracteristici<\/h2>\n<ul>\n<li>Rezisten\u021b\u0103 \u0219i durabilitate ridicate: De obicei, fabricate din o\u021bel sau aluminiu de \u00eenalt\u0103 rezisten\u021b\u0103, capabile s\u0103 reziste la presiuni ridicate \u0219i sarcini grele, adapt\u00e2ndu-se la medii de lucru dure \u0219i proiectate \u021bin\u00e2nd cont de rezisten\u021ba la uzur\u0103 \u0219i la coroziune, prelungind durata de via\u021b\u0103.<\/li>\n<li>Func\u021bionare hidraulic\u0103 eficient\u0103: Utilizarea presiunii uleiului hidraulic pentru a ob\u021bine mi\u0219c\u0103ri line de extensie \u0219i retragere, capabil\u0103 s\u0103 r\u0103spund\u0103 rapid la comenzile de control, oferind o for\u021b\u0103 puternic\u0103 de \u00eempingere \u0219i tragere, potrivit\u0103 pentru manipularea sarcinilor grele \u0219i a sarcinilor complexe.<\/li>\n<li>Tipuri versatile: Disponibile \u00een cilindri cu ac\u021biune simpl\u0103 (utilizare hidraulic\u0103 \u00eentr-o singur\u0103 direc\u021bie) sau cu ac\u021biune dubl\u0103 (utilizare hidraulic\u0103 \u00een ambele direc\u021bii), permi\u021b\u00e2nd diferite cerin\u021be opera\u021bionale. Unele modele sunt telescopice, permi\u021b\u00e2nd o extensie mai mare f\u0103r\u0103 a cre\u0219te dimensiunile exterioare, potrivite pentru aplica\u021bii cu spa\u021biu limitat.<\/li>\n<li>\u00cenlocuitor perfect: Produsele noastre pot \u00eenlocui perfect ace\u0219ti cilindri hidraulici.<\/li>\n<\/ul>\n<p><img decoding=\"async\" src=\"https:\/\/www.hydraulic-cylinders.net\/wp-content\/uploads\/2025\/01\/songte-cylinder-head-with-all-kinds-excavator-models.webp\" alt=\"Cilindru cu cup\u0103 pentru excavatorul JCM Middle 922D\"><\/p>\n<h2>Aplica\u021bii<\/h2>\n<p>Cilindrii cu cup\u0103 sunt utiliza\u021bi \u00een mod obi\u0219nuit \u00een diverse echipamente \u0219i utilaje, inclusiv:<\/p>\n<ul>\n<li>Echipamente de construc\u021bii: Se g\u0103sesc \u00een excavatoare, unde sunt esen\u021biale pentru excavare, \u00eenc\u0103rcare \u0219i mi\u0219carea materialelor. \u00cen cazul \u00eenc\u0103rc\u0103toarelor excavatoare, cilindrii cupei ajut\u0103 at\u00e2t la s\u0103pare, c\u00e2t \u0219i la ridicare.<\/li>\n<li>Ma\u0219ini agricole: utilizate \u00een \u00eenc\u0103rc\u0103toare frontale pentru scobere, ridicare \u0219i transportul solului, f\u00e2nului \u0219i altor materiale.<\/li>\n<li>Excavatoare: Cilindrii cupei permit ac\u021biuni de s\u0103pare permi\u021b\u00e2nd cupei s\u0103 p\u0103trund\u0103 \u00een sol.<\/li>\n<li>\u00cenc\u0103rc\u0103toare frontale: \u00cenc\u0103rc\u0103toarele frontale ajut\u0103 la ridicarea \u0219i \u00eenclinarea eficient\u0103 a m\u0103rfurilor.<\/li>\n<\/ul>\n<h2>Considera\u021bii de proiectare \u0219i criterii de selec\u021bie<\/h2>\n<p>La proiectarea cilindrilor pentru cupe, se iau \u00een considerare mai mul\u021bi factori:<\/p>\n<ul>\n<li>Capacitate portant\u0103: Cilindrul trebuie s\u0103 fie proiectat s\u0103 suporte sarcina prev\u0103zut\u0103 f\u0103r\u0103 a se defecta.<\/li>\n<li>Etan\u0219are: Diverse componente de etan\u0219are, cum ar fi etan\u0219\u0103rile pistonului \u0219i etan\u0219\u0103rile tijei, sunt utilizate pentru a asigura o etan\u0219are corect\u0103 \u0219i a preveni scurgerile de ulei.<\/li>\n<li>Durabilitate: Cilindrul este proiectat s\u0103 reziste la utilizare continu\u0103, inclusiv rezisten\u021b\u0103 la uzur\u0103 \u0219i coroziune, pentru a-i prelungi durata de via\u021b\u0103.<\/li>\n<li>Siguran\u021b\u0103: Sunt \u00eencorporate caracteristici de siguran\u021b\u0103 pentru a preveni accidentele \u0219i a asigura func\u021bionarea \u00een siguran\u021b\u0103 a cilindrului.<\/li>\n<li>\u00centre\u021binere: Se iau \u00een considerare \u00eentre\u021binerea \u0219i repararea u\u0219oar\u0103, permi\u021b\u00e2nd o service eficient\u0103 a cilindrului.<\/li>\n<\/ul>\n<p><img decoding=\"async\" src=\"https:\/\/www.hydraulic-cylinders.net\/wp-content\/uploads\/2025\/01\/songte-oil-pipes-and-spare-parts.webp\" alt=\"Cilindru cu cup\u0103 pentru excavatorul JCM Middle 922D\"><\/p>\n<h2>Etan\u0219are \u0219i lubrifiere<\/h2>\n<p>Cilindrul cupei utilizeaz\u0103 diverse componente de etan\u0219are, cum ar fi etan\u0219\u0103rile pistonului \u0219i etan\u0219\u0103rile tijei, care sunt fabricate din materiale rezistente la uzur\u0103, cum ar fi poliuretanul \u0219i cauciucul nitrilic. Corpul cilindrului \u0219i capetele filetate sunt supuse unui tratament fin pentru a spori rezisten\u021ba la uzur\u0103. Este necesar\u0103 o lubrifiere regulat\u0103 \u0219i trebuie ad\u0103ugat\u0103 cantitatea corespunz\u0103toare de ulei hidraulic pentru a asigura o lubrifiere corect\u0103.<\/p>\n<h2>Inspec\u021bie regulat\u0103 \u0219i \u00eentre\u021binere preventiv\u0103<\/h2>\n<p>Inspec\u021bia regulat\u0103 \u0219i \u00eentre\u021binerea preventiv\u0103 sunt esen\u021biale pentru performan\u021b\u0103 optim\u0103 \u0219i longevitate. Trebuie luate urm\u0103toarele m\u0103suri:<\/p>\n<ul>\n<li>Verifica\u021bi cilindrul pentru a depista orice semne de deteriorare sau uzur\u0103.<\/li>\n<li>Asigura\u021bi o lubrifiere corespunz\u0103toare.<\/li>\n<li>\u00cenlocui\u021bi garniturile \u00een mod regulat pentru a preveni scurgerile de ulei.<\/li>\n<li>Efectua\u021bi verific\u0103ri de calibrare pentru a men\u021bine o func\u021bionare precis\u0103.<\/li>\n<\/ul>\n<p><img decoding=\"async\" src=\"https:\/\/www.hydraulic-cylinders.net\/wp-content\/uploads\/2025\/01\/songte-chushion-collar.webp\" alt=\"Cilindru cu cup\u0103 pentru excavatorul JCM Middle 922D\"><\/p>\n<h2>Considera\u021bii de siguran\u021b\u0103 \u0219i factori de mediu<\/h2>\n<p>Atunci c\u00e2nd se utilizeaz\u0103 cilindri pentru cupe, este important s\u0103 se acorde prioritate m\u0103surilor de siguran\u021b\u0103 pentru a preveni accidentele \u0219i a proteja mediul. M\u0103surile de siguran\u021b\u0103 ar trebui s\u0103 includ\u0103:<\/p>\n<ul>\n<li>Instruire adecvat\u0103 pentru operatori.<\/li>\n<li>Respectarea instruc\u021biunilor \u0219i reglement\u0103rilor de siguran\u021b\u0103.<\/li>\n<li>Inspec\u021bia regulat\u0103 a cilindrului pentru a depista poten\u021bialele pericole.<\/li>\n<\/ul>\n<h2>Diagnosticarea \u0219i depanarea defec\u021biunilor<\/h2>\n<p>\u00cen cazul unor defec\u021biuni, este important s\u0103 se diagnosticheze \u0219i s\u0103 se rezolve problemele \u00een mod eficient. C\u00e2teva probleme comune \u0219i solu\u021biile acestora includ:<\/p>\n<ul>\n<li>Scurgeri de ulei: Verifica\u021bi \u0219i \u00eenlocui\u021bi garniturile deteriorate.<\/li>\n<li>Func\u021bionare lent\u0103: Verifica\u021bi dac\u0103 exist\u0103 niveluri sc\u0103zute de ulei hidraulic sau dac\u0103 exist\u0103 poten\u021biale blocaje \u00een sistem.<\/li>\n<li>Zgomote neobi\u0219nuite: Verifica\u021bi dac\u0103 exist\u0103 componente sl\u0103bite sau uzate \u0219i str\u00e2nge\u021bi sau \u00eenlocui\u021bi dup\u0103 cum este necesar.<\/li>\n<\/ul>\n<p><img decoding=\"async\" src=\"https:\/\/www.hydraulic-cylinders.net\/wp-content\/uploads\/2025\/01\/songte-bushings-with-all-kinds-of-excavator-models.webp\" alt=\"Cilindru cu cup\u0103 pentru excavatorul JCM Middle 922D\"><\/p>\n<p>Prin respectarea procedurilor corecte de instalare, lubrifiere \u0219i reglare, durata de via\u021b\u0103 a cilindrului cupei poate fi maximizat\u0103. \u00cen timpul instal\u0103rii, asigura\u021bi alinierea corect\u0103 a cilindrului \u0219i lua\u021bi \u00een considerare utilizarea suporturilor de montare adecvate pentru o fixare sigur\u0103. Trebuie respectate procedurile recomandate de inspec\u021bie, reparare \u0219i \u00eenlocuire, iar sfaturile pentru prelungirea duratei de via\u021b\u0103 a cilindrului trebuie implementate.<\/p>\n<h2>Despre compania noastr\u0103<\/h2>\n<p>Suntem produc\u0103tori de cilindri hidraulici de schimb \u0219i oferim o gam\u0103 larg\u0103 de produse. Am devenit unul dintre principalii produc\u0103tori \u0219i distribuitori angro de cilindri hidraulici pe pie\u021bele interne \u0219i interna\u021bionale. Concentr\u00e2ndu-ne pe o calitate excelent\u0103, ne baz\u0103m pe strategii industrializate de management al produc\u021biei \u00een atelierele noastre de fabrica\u021bie fin optimizate. Compania noastr\u0103 \u00eembun\u0103t\u0103\u021be\u0219te continuu platforma de fabrica\u021bie investind \u00een talent tehnologic, echipamente digitale de fabrica\u021bie de ultim\u0103 genera\u021bie \u0219i sisteme profesionale de testare. De\u021binem capacit\u0103\u021bi creative semnificative \u0219i ne str\u0103duim s\u0103 satisfacem diversele cerin\u021be ale clien\u021bilor cu principii de eficien\u021b\u0103 ridicat\u0103, precizie \u0219i calitate.<\/p>\n<p><img decoding=\"async\" src=\"https:\/\/www.hydraulic-cylinders.net\/wp-content\/uploads\/2025\/01\/songte-company-3.webp\" alt=\"Cilindru cu cup\u0103 pentru excavatorul JCM Middle 922D\"><\/p>\n<p>Ne m\u00e2ndrim cu profesionalismul nostru, certific\u0103rile interna\u021bionale, serviciile personalizate, echipamentele de produc\u021bie \u0219i serviciile post-v\u00e2nzare.<\/p>\n<p><img decoding=\"async\" src=\"https:\/\/hzpt.com\/wp-content\/uploads\/2024\/11\/songte-company-1.webp\" alt=\"Cilindru cu cup\u0103 pentru excavatorul JCM Middle 922D\"><\/p>\n<p>Autor: lyl<\/p>","protected":false},"excerpt":{"rendered":"<p>Bucket Cylinder For JCM Middle Excavator 922D Introduction The Bucket Cylinder for JCM Middle Excavator 922D is a specially designed hydraulic cylinder used to control the movement of the bucket in heavy machinery such as excavators, backhoe loaders, and front-end loaders. Its main function is to enable the bucket to perform lifting, lowering, and tilting [&hellip;]<\/p>","protected":false},"featured_media":14789,"comment_status":"open","ping_status":"closed","template":"","meta":{"_et_pb_use_builder":"","_et_pb_old_content":"","_et_gb_content_width":""},"product_brand":[],"product_cat":[1494],"product_tag":[1495,1496],"class_list":{"0":"post-15672","1":"product","2":"type-product","3":"status-publish","4":"has-post-thumbnail","6":"product_cat-bucket-cylinders","7":"product_tag-bucket-cylinders","8":"product_tag-hydraulic-cylinders","10":"first","11":"instock","12":"shipping-taxable","13":"product-type-simple"},"amp_enabled":true,"_links":{"self":[{"href":"https:\/\/www.hydraulic-cylinders.net\/ro\/wp-json\/wp\/v2\/product\/15672","targetHints":{"allow":["GET"]}}],"collection":[{"href":"https:\/\/www.hydraulic-cylinders.net\/ro\/wp-json\/wp\/v2\/product"}],"about":[{"href":"https:\/\/www.hydraulic-cylinders.net\/ro\/wp-json\/wp\/v2\/types\/product"}],"replies":[{"embeddable":true,"href":"https:\/\/www.hydraulic-cylinders.net\/ro\/wp-json\/wp\/v2\/comments?post=15672"}],"wp:featuredmedia":[{"embeddable":true,"href":"https:\/\/www.hydraulic-cylinders.net\/ro\/wp-json\/wp\/v2\/media\/14789"}],"wp:attachment":[{"href":"https:\/\/www.hydraulic-cylinders.net\/ro\/wp-json\/wp\/v2\/media?parent=15672"}],"wp:term":[{"taxonomy":"product_brand","embeddable":true,"href":"https:\/\/www.hydraulic-cylinders.net\/ro\/wp-json\/wp\/v2\/product_brand?post=15672"},{"taxonomy":"product_cat","embeddable":true,"href":"https:\/\/www.hydraulic-cylinders.net\/ro\/wp-json\/wp\/v2\/product_cat?post=15672"},{"taxonomy":"product_tag","embeddable":true,"href":"https:\/\/www.hydraulic-cylinders.net\/ro\/wp-json\/wp\/v2\/product_tag?post=15672"}],"curies":[{"name":"wp","href":"https:\/\/api.w.org\/{rel}","templated":true}]}}