{"id":15673,"date":"2025-01-19T14:49:31","date_gmt":"2025-01-19T14:49:31","guid":{"rendered":"https:\/\/www.hydraulic-cylinders.net\/product\/bucket-cylinder-for-jcm-middle-excavator-924d\/"},"modified":"2025-01-19T14:49:33","modified_gmt":"2025-01-19T14:49:33","slug":"bucket-cylinder-for-jcm-middle-excavator-924d","status":"publish","type":"product","link":"https:\/\/www.hydraulic-cylinders.net\/ro\/produs\/bucket-cylinder-for-jcm-middle-excavator-924d\/","title":{"rendered":"Cilindru cu cup\u0103 pentru excavatorul JCM Middle 924D"},"content":{"rendered":"<p><!DOCTYPE html><br \/>\n<html><br \/>\n<head><br \/>\n<title>Cilindru cu cup\u0103 pentru excavatorul JCM Middle 924D<\/title><br \/>\n<\/head><br \/>\n<body><\/p>\n<h1>Cilindru cu cup\u0103 pentru excavatorul JCM Middle 924D<\/h1>\n<h2>Introducere<\/h2>\n<p>Cilindrul cupei pentru excavatorul JCM Middle 924D este un cilindru hidraulic special conceput, utilizat pentru a controla mi\u0219carea cupei \u00een utilaje grele, cum ar fi excavatoarele, \u00eenc\u0103rc\u0103toarele excavatoare \u0219i \u00eenc\u0103rc\u0103toarele frontale. Func\u021bia sa principal\u0103 este de a permite ridicarea, cobor\u00e2rea \u0219i \u00eenclinarea cupei, ceea ce o face convenabil\u0103 pentru diverse sarcini de manipulare a materialelor. \u00cen sistemul hidraulic, cilindrul cupei realizeaz\u0103 un control precis al cupei prin schimb\u0103rile de presiune ale uleiului hidraulic, permi\u021b\u00e2nd operatorilor s\u0103 manipuleze eficient sarcini grele \u0219i s\u0103 se adapteze la medii de lucru complexe \u0219i cerin\u021be opera\u021bionale diverse.<\/p>\n<p><img decoding=\"async\" src=\"https:\/\/www.hydraulic-cylinders.net\/wp-content\/uploads\/2025\/01\/songte-company-2.webp\" alt=\"Imaginea cilindrului cupei\"><\/p>\n<h2>Caracteristici<\/h2>\n<ul>\n<li>Rezisten\u021b\u0103 \u0219i durabilitate ridicate: De obicei, fabricate din o\u021bel sau aluminiu de \u00eenalt\u0103 rezisten\u021b\u0103, capabile s\u0103 reziste la presiuni ridicate \u0219i sarcini grele, adapt\u00e2ndu-se la medii de lucru dure \u0219i proiectate \u021bin\u00e2nd cont de rezisten\u021ba la uzur\u0103 \u0219i la coroziune pentru a le prelungi durata de via\u021b\u0103.<\/li>\n<li>Func\u021bionare hidraulic\u0103 eficient\u0103: Utilizeaz\u0103 presiunea uleiului hidraulic pentru a ob\u021bine mi\u0219c\u0103ri line de extensie \u0219i retragere, permi\u021b\u00e2nd un r\u0103spuns rapid la comenzile de control, oferind for\u021be puternice de \u00eempingere \u0219i tragere \u0219i fiind potrivit pentru manipularea sarcinilor grele \u0219i a sarcinilor opera\u021bionale complexe.<\/li>\n<li>Diverse tipuri: Pot fi selectate ca cilindri cu ac\u021biune simpl\u0103 (hidraulici doar \u00eentr-o singur\u0103 direc\u021bie) sau cu ac\u021biune dubl\u0103 (hidraulici \u00een ambele direc\u021bii) \u00een func\u021bie de cerin\u021be, unele modele fiind telescopice pentru a permite o extensie mai mare f\u0103r\u0103 a cre\u0219te dimensiunile exterioare, potrivite pentru aplica\u021bii cu spa\u021biu limitat.<\/li>\n<li>\u00cenlocuitor perfect: Produsele noastre pot \u00eenlocui perfect ace\u0219ti cilindri hidraulici.<\/li>\n<\/ul>\n<p><img decoding=\"async\" src=\"https:\/\/www.hydraulic-cylinders.net\/wp-content\/uploads\/2025\/01\/songte-cylinder-head-with-all-kinds-excavator-models.webp\" alt=\"Imagine de \u00eenlocuire a produsului\"><\/p>\n<h2>Aplica\u021bii<\/h2>\n<ul>\n<li>Echipamente de construc\u021bii: Se g\u0103sesc \u00een excavatoare, unde sunt esen\u021biale pentru s\u0103pare, \u00eenc\u0103rcare \u0219i mutarea solului sau a molozului. La \u00eenc\u0103rc\u0103toarele excavatoare, cilindrul cupei ajut\u0103 at\u00e2t la excavare, c\u00e2t \u0219i la ridicare.<\/li>\n<li>Ma\u0219ini agricole: utilizate \u00een \u00eenc\u0103rc\u0103toare frontale pentru scobere, ridicare \u0219i transportul solului, f\u00e2nului \u0219i altor materiale.<\/li>\n<li>Excavatoare: Cilindrul cupei permite ac\u021biunile de s\u0103pare permi\u021b\u00e2nd cupei s\u0103 p\u0103trund\u0103 \u00een sol.<\/li>\n<li>\u00cenc\u0103rc\u0103toare: \u00cen cazul \u00eenc\u0103rc\u0103toarelor frontale, acestea ajut\u0103 la ridicarea \u0219i desc\u0103rcarea eficient\u0103 a m\u0103rfurilor.<\/li>\n<\/ul>\n<p>Fiecare aplica\u021bie are cerin\u021be \u0219i beneficii unice \u00een urma utiliz\u0103rii cilindrului cupei pentru excavatorul JCM Middle Excavator 924D.<\/p>\n<h2>Considera\u021bii de proiectare \u0219i criterii de selec\u021bie<\/h2>\n<ul>\n<li>Capacitate portant\u0103: Cilindrul este proiectat s\u0103 suporte sarcinile \u0219i presiunile specificate.<\/li>\n<li>Etan\u0219are: Diverse garnituri, cum ar fi garniturile pistonului \u0219i garniturile tijei, sunt utilizate pentru a asigura o etan\u0219are corect\u0103, materiale precum poliuretanul \u0219i cauciucul nitrilic fiind alese pentru rezisten\u021ba lor la uzur\u0103.<\/li>\n<li>Durabilitate: Corpul cilindrului \u0219i capetele filetate sunt tratate fin pentru a spori rezisten\u021ba la uzur\u0103.<\/li>\n<li>Siguran\u021b\u0103: Designul asigur\u0103 o func\u021bionare sigur\u0103 \u0219i minimizeaz\u0103 pericolele poten\u021biale.<\/li>\n<li>\u00centre\u021binere: Cilindrul este proiectat pentru a facilita \u00eentre\u021binerea \u0219i repararea.<\/li>\n<\/ul>\n<p><img decoding=\"async\" src=\"https:\/\/www.hydraulic-cylinders.net\/wp-content\/uploads\/2025\/01\/songte-oil-pipes-and-spare-parts.webp\" alt=\"Imagine cu garnituri \u0219i piese de schimb\"><\/p>\n<h2>Etan\u0219are \u0219i lubrifiere<\/h2>\n<p>Cilindrul cupei pentru excavatorul JCM Middle 924D utilizeaz\u0103 diverse garnituri, cum ar fi garnituri de piston, garnituri de tij\u0103 etc., fabricate din materiale rezistente la uzur\u0103, cum ar fi poliuretanul \u0219i cauciucul nitrilic. Corpul cilindrului \u0219i capetele filetate sunt tratate fin pentru a \u00eembun\u0103t\u0103\u021bi rezisten\u021ba la uzur\u0103. Lubrifierea regulat\u0103 cu ulei hidraulic adecvat este necesar\u0103 pentru a asigura o func\u021bionare f\u0103r\u0103 probleme \u0219i a prelungi durata de via\u021b\u0103 a cilindrului.<\/p>\n<h2>Inspec\u021bie regulat\u0103 \u0219i \u00eentre\u021binere preventiv\u0103<\/h2>\n<ul>\n<li>Trebuie efectuate inspec\u021bii regulate pentru a detecta orice semne de uzur\u0103, scurgeri sau deteriorare.<\/li>\n<li>Lubrifierea corespunz\u0103toare trebuie efectuat\u0103 la intervalele recomandate.<\/li>\n<li>Garniturile trebuie \u00eenlocuite ori de c\u00e2te ori este necesar pentru a men\u021bine o etan\u0219are corespunz\u0103toare.<\/li>\n<li>Verific\u0103rile de calibrare trebuie efectuate pentru a asigura o func\u021bionare corect\u0103.<\/li>\n<\/ul>\n<p><img decoding=\"async\" src=\"https:\/\/www.hydraulic-cylinders.net\/wp-content\/uploads\/2025\/01\/songte-chushion-collar.webp\" alt=\"Imagine de \u00eentre\u021binere preventiv\u0103\"><\/p>\n<h2>Considera\u021bii de siguran\u021b\u0103 \u0219i factori de mediu<\/h2>\n<p>C\u00e2nd utiliza\u021bi cilindrul cupei pentru excavatorul JCM Middle 924D, este esen\u021bial s\u0103 respecta\u021bi m\u0103surile de siguran\u021b\u0103 pentru a preveni accidentele \u0219i a asigura bun\u0103starea operatorului. De asemenea, trebuie luate m\u0103suri de siguran\u021b\u0103 pentru a minimiza impactul asupra mediului.<\/p>\n<h2>Diagnosticarea defec\u021biunilor \u0219i probleme frecvente<\/h2>\n<p>Diagnosticarea \u0219i depanarea defec\u021biunilor sunt cruciale pentru rezolvarea problemelor comune legate de cilindrul cupei pentru excavatorul JCM Middle 924D. Prin furnizarea de sfaturi \u0219i solu\u021bii, cititorii pot diagnostica \u0219i rezolva eficient problemele, \u00een timp ce m\u0103surile preventive pot ajuta la minimizarea poten\u021bialelor probleme.<\/p>\n<p><img decoding=\"async\" src=\"https:\/\/www.hydraulic-cylinders.net\/wp-content\/uploads\/2025\/01\/songte-bushings-with-all-kinds-of-excavator-models.webp\" alt=\"Imagine de diagnosticare a defec\u021biunilor\"><\/p>\n<h2>Introducerea companiei<\/h2>\n<p>Suntem produc\u0103tori de cilindri hidraulici de schimb \u0219i avem o gam\u0103 larg\u0103 de produse. Suntem unul dintre principalii produc\u0103tori \u0219i distribuitori angro de cilindri hidraulici pe pie\u021bele interne \u0219i interna\u021bionale. Ader\u0103m la principiile excelen\u021bei \u0219i ne baz\u0103m pe strategii industrializate de management al produc\u021biei \u00een atelierele noastre de fabrica\u021bie rafinate. Cu expertiza noastr\u0103 tehnic\u0103, echipamente avansate de fabrica\u021bie \u0219i sisteme profesionale de testare, ne \u00eembun\u0103t\u0103\u021bim continuu platforma de fabrica\u021bie, sporim calitatea produselor noastre \u0219i avem o capacitate de produc\u021bie puternic\u0103. Ne str\u0103duim s\u0103 satisfacem nevoile diverse ale clien\u021bilor cu eficien\u021b\u0103, precizie \u0219i calitate ridicate.<\/p>\n<p><img decoding=\"async\" src=\"https:\/\/hzpt.com\/wp-content\/uploads\/2024\/11\/songte-company-1.webp\" alt=\"Imaginea companiei\"><\/p>\n<p>Suntem m\u00e2ndri de profesionalismul nostru, certific\u0103rile interna\u021bionale, serviciile personalizate, echipamentele de produc\u021bie \u0219i serviciile post-v\u00e2nzare. Compania noastr\u0103 se angajeaz\u0103 s\u0103 ofere clien\u021bilor no\u0219tri cele mai bune solu\u021bii \u0219i produse.<\/p>\n<p><img decoding=\"async\" src=\"https:\/\/www.hydraulic-cylinders.net\/wp-content\/uploads\/2025\/01\/songte-company-3.webp\" alt=\"Imagine cu detalii despre companie\"><\/p>\n<p>Autor: lyl<\/p>\n<p><\/body><br \/>\n<\/html><\/p>","protected":false},"excerpt":{"rendered":"<p>Bucket Cylinder For JCM Middle Excavator 924D Bucket Cylinder For JCM Middle Excavator 924D Introduction The Bucket Cylinder for JCM Middle Excavator 924D is a specially designed hydraulic cylinder used to control the movement of the bucket in heavy machinery such as excavators, backhoe loaders, and front-end loaders. Its main function is to enable the [&hellip;]<\/p>","protected":false},"featured_media":14788,"comment_status":"open","ping_status":"closed","template":"","meta":{"_et_pb_use_builder":"","_et_pb_old_content":"","_et_gb_content_width":""},"product_brand":[],"product_cat":[1494],"product_tag":[1495,1496],"class_list":{"0":"post-15673","1":"product","2":"type-product","3":"status-publish","4":"has-post-thumbnail","6":"product_cat-bucket-cylinders","7":"product_tag-bucket-cylinders","8":"product_tag-hydraulic-cylinders","10":"first","11":"instock","12":"shipping-taxable","13":"product-type-simple"},"amp_enabled":true,"_links":{"self":[{"href":"https:\/\/www.hydraulic-cylinders.net\/ro\/wp-json\/wp\/v2\/product\/15673","targetHints":{"allow":["GET"]}}],"collection":[{"href":"https:\/\/www.hydraulic-cylinders.net\/ro\/wp-json\/wp\/v2\/product"}],"about":[{"href":"https:\/\/www.hydraulic-cylinders.net\/ro\/wp-json\/wp\/v2\/types\/product"}],"replies":[{"embeddable":true,"href":"https:\/\/www.hydraulic-cylinders.net\/ro\/wp-json\/wp\/v2\/comments?post=15673"}],"wp:featuredmedia":[{"embeddable":true,"href":"https:\/\/www.hydraulic-cylinders.net\/ro\/wp-json\/wp\/v2\/media\/14788"}],"wp:attachment":[{"href":"https:\/\/www.hydraulic-cylinders.net\/ro\/wp-json\/wp\/v2\/media?parent=15673"}],"wp:term":[{"taxonomy":"product_brand","embeddable":true,"href":"https:\/\/www.hydraulic-cylinders.net\/ro\/wp-json\/wp\/v2\/product_brand?post=15673"},{"taxonomy":"product_cat","embeddable":true,"href":"https:\/\/www.hydraulic-cylinders.net\/ro\/wp-json\/wp\/v2\/product_cat?post=15673"},{"taxonomy":"product_tag","embeddable":true,"href":"https:\/\/www.hydraulic-cylinders.net\/ro\/wp-json\/wp\/v2\/product_tag?post=15673"}],"curies":[{"name":"wp","href":"https:\/\/api.w.org\/{rel}","templated":true}]}}