{"id":15679,"date":"2025-01-19T14:49:55","date_gmt":"2025-01-19T14:49:55","guid":{"rendered":"https:\/\/www.hydraulic-cylinders.net\/product\/bucket-cylinder-for-ihi-small-excavator-ihi18v\/"},"modified":"2025-01-19T14:49:57","modified_gmt":"2025-01-19T14:49:57","slug":"bucket-cylinder-for-ihi-small-excavator-ihi18v","status":"publish","type":"product","link":"https:\/\/www.hydraulic-cylinders.net\/ro\/produs\/bucket-cylinder-for-ihi-small-excavator-ihi18v\/","title":{"rendered":"Cilindru cu cup\u0103 pentru excavatorul mic IHI IHI18V"},"content":{"rendered":"<h1>Cilindru cu cup\u0103 pentru excavatorul mic IHI IHI18V<\/h1>\n<h2>Introducere<\/h2>\n<p>Cilindrul cupei, cunoscut \u0219i sub numele de cilindru hidraulic, este un tip de actuator hidraulic conceput special pentru controlul mi\u0219c\u0103rii cupei \u00een utilaje grele, cum ar fi excavatoarele, excavatoarele \u0219i \u00eenc\u0103rc\u0103toarele frontale. Func\u021bia sa principal\u0103 este de a permite ridicarea, cobor\u00e2rea \u0219i \u00eenclinarea cupei, facilit\u00e2nd gestionarea diverselor sarcini de manipulare a materialelor. \u00cen sistemul hidraulic, cilindrul cupei realizeaz\u0103 un control precis al cupei prin modific\u0103ri ale presiunii uleiului hidraulic, permi\u021b\u00e2nd operatorilor s\u0103 manipuleze eficient sarcini grele \u0219i s\u0103 se adapteze la medii de lucru complexe \u0219i cerin\u021be diverse ale lucr\u0103rilor.<\/p>\n<p><img decoding=\"async\" src=\"https:\/\/www.hydraulic-cylinders.net\/wp-content\/uploads\/2025\/01\/songte-company-2.webp\" alt=\"Cilindru cu cup\u0103\"><\/p>\n<h2>Caracteristici ale produsului<\/h2>\n<ul>\n<li>\n<h3>Rezisten\u021b\u0103 \u0219i durabilitate ridicate<\/h3>\n<p>Cilindrul cupei este de obicei fabricat din o\u021bel sau aluminiu de \u00eenalt\u0103 rezisten\u021b\u0103, capabil s\u0103 reziste la presiuni ridicate \u0219i sarcini grele \u0219i proiectat \u021bin\u00e2nd cont de rezisten\u021ba la uzur\u0103 \u0219i la coroziune, prelungindu-i durata de via\u021b\u0103.<\/p>\n<\/li>\n<li>\n<h3>Func\u021bionare hidraulic\u0103 eficient\u0103<\/h3>\n<p>Cilindrul cupei utilizeaz\u0103 presiunea uleiului hidraulic pentru a realiza o extensie \u0219i o retragere lin\u0103, fiind capabil s\u0103 r\u0103spund\u0103 rapid la comenzile de control, oferind for\u021be puternice de \u00eempingere \u0219i tragere, potrivite pentru manipularea sarcinilor grele \u0219i a sarcinilor complexe.<\/p>\n<\/li>\n<li>\n<h3>Diverse tipuri<\/h3>\n<p>Cilindrul cupei poate fi selectat \u00een func\u021bie de cerin\u021bele de operare, cu op\u021biuni pentru cilindri cu ac\u021biune simpl\u0103 (sistem hidraulic utilizat \u00eentr-o singur\u0103 direc\u021bie) sau cu ac\u021biune dubl\u0103 (sistem hidraulic utilizat \u00een ambele direc\u021bii) pentru a satisface diferite nevoi de operare. Unele modele sunt telescopice, permi\u021b\u00e2nd o extensie mai mare f\u0103r\u0103 a cre\u0219te dimensiunile exterioare, potrivite pentru aplica\u021bii cu spa\u021biu limitat.<\/p>\n<\/li>\n<li>\n<h3>Foarte personalizabil<\/h3>\n<p>Produsele noastre pot \u00eenlocui perfect ace\u0219ti cilindri hidraulici, av\u00e2nd capacitatea de a produce cilindri de cup\u0103 personaliza\u021bi \u00een func\u021bie de cerin\u021be \u0219i aplica\u021bii specifice. <\/p>\n<\/li>\n<li>\n<h3>Compatibil cu diverse ma\u0219ini<\/h3>\n<p>Cilindrul cupei este utilizat pe scar\u0103 larg\u0103 \u00een echipamente de construc\u021bii, cum ar fi excavatoare, excavatoare, \u00eenc\u0103rc\u0103toare frontale \u0219i utilaje agricole, capabile s\u0103 excaveze, s\u0103 \u00eencarce \u0219i s\u0103 transporte sol, f\u00e2n \u0219i alte materiale.<\/p>\n<\/li>\n<\/ul>\n<p><img decoding=\"async\" src=\"https:\/\/www.hydraulic-cylinders.net\/wp-content\/uploads\/2025\/01\/songte-cylinder-head-with-all-kinds-excavator-models.webp\" alt=\"Modele de cilindri cu cup\u0103\"><\/p>\n<h2>Considera\u021bii de proiectare \u0219i standarde de selec\u021bie<\/h2>\n<ul>\n<li>\n<h3>Capacitate de \u00eenc\u0103rcare<\/h3>\n<p>Cilindrii cupei sunt proiecta\u021bi s\u0103 reziste sarcinii opera\u021bionale a ma\u0219inii \u0219i a cupei, \u021bin\u00e2nd cont de for\u021ba sistemului hidraulic \u0219i de greutatea materialului transportat.<\/p>\n<\/li>\n<li>\n<h3>Etan\u0219are \u0219i durabilitate<\/h3>\n<p>Cilindrul cupei trebuie s\u0103 aib\u0103 un sistem de etan\u0219are fiabil pentru a preveni scurgerile de ulei \u0219i pentru a men\u021bine o lubrifiere adecvat\u0103 a pieselor mobile. Corpul cilindrului \u0219i suprafa\u021ba cap\u0103tului filetat trebuie prelucrate fin pentru a \u00eembun\u0103t\u0103\u021bi rezisten\u021ba la uzur\u0103.<\/p>\n<\/li>\n<li>\n<h3>Siguran\u021b\u0103 \u0219i \u00eentre\u021binere<\/h3>\n<p>Cilindrul cupei necesit\u0103 inspec\u021bii regulate, lubrifiere adecvat\u0103 \u0219i \u00eenlocuirea pieselor uzate sau deteriorate pentru a asigura o func\u021bionare fiabil\u0103 \u0219i sigur\u0103. Se recomand\u0103 utilizarea unor console de instalare adecvate pentru fixarea cilindrului \u0219i respectarea procedurilor recomandate de inspec\u021bie, reparare \u0219i \u00eenlocuire.<\/p>\n<\/li>\n<\/ul>\n<p><img decoding=\"async\" src=\"https:\/\/www.hydraulic-cylinders.net\/wp-content\/uploads\/2025\/01\/songte-oil-pipes-and-spare-parts.webp\" alt=\"Piese cilindru g\u0103leat\u0103\"><\/p>\n<h2>Considera\u021bii privind siguran\u021ba \u0219i mediul<\/h2>\n<p>C\u00e2nd se utilizeaz\u0103 cilindrul cupei, este important s\u0103 se respecte m\u0103surile de siguran\u021b\u0103 adecvate pentru a preveni accidentele \u0219i a asigura siguran\u021ba operatorilor \u0219i a trec\u0103torilor. Manipularea \u0219i eliminarea corect\u0103 a uleiului hidraulic \u0219i a altor materiale sunt necesare pentru a minimiza impactul asupra mediului.<\/p>\n<h2>Diagnosticarea defec\u021biunilor \u0219i probleme frecvente<\/h2>\n<p>Cilindrul cupei poate prezenta defec\u021biuni precum scurgeri de ulei, for\u021b\u0103 insuficient\u0103 \u0219i func\u021bionare anormal\u0103. Inspec\u021bia \u0219i \u00eentre\u021binerea regulat\u0103 pot ajuta la prevenirea poten\u021bialelor probleme \u0219i la identificarea timpurie a problemelor. Dac\u0103 apar defec\u021biuni, este important s\u0103 se ia m\u0103surile adecvate pentru a diagnostica \u0219i corecta problema.<\/p>\n<p><img decoding=\"async\" src=\"https:\/\/www.hydraulic-cylinders.net\/wp-content\/uploads\/2025\/01\/songte-bushings-with-all-kinds-of-excavator-models.webp\" alt=\"Buc\u0219e cilindru cup\u0103\"><\/p>\n<h2>Instalare \u0219i \u00eentre\u021binere<\/h2>\n<p>Instalarea, lubrifierea \u0219i reglarea corect\u0103 sunt cruciale pentru asigurarea longevit\u0103\u021bii \u0219i a performan\u021bei optime a cilindrului cupei. Sarcinile de \u00eentre\u021binere regulate, cum ar fi inspec\u021bia, lubrifierea \u0219i \u00eenlocuirea garniturilor, trebuie efectuate pentru a preveni poten\u021bialele probleme \u0219i a men\u021bine cilindrul \u00een stare bun\u0103.<\/p>\n<h2>Despre compania noastr\u0103<\/h2>\n<p>Suntem un produc\u0103tor \u0219i distribuitor angro de top de cilindri hidraulici, oferind o gam\u0103 complet\u0103 de produse pentru a satisface nevoile diverse ale pie\u021belor interne \u0219i interna\u021bionale. Ne angaj\u0103m s\u0103 oferim o calitate \u0219i servicii excep\u021bionale, concentr\u00e2ndu-ne pe fabrica\u021bia de precizie, echipamente digitale avansate \u0219i sisteme de testare profesionale pentru a oferi clien\u021bilor no\u0219tri produse eficiente, precise \u0219i de \u00eenalt\u0103 calitate.<\/p>\n<ul>\n<li>\n<h3>Expertiz\u0103<\/h3>\n<p>Avem o echip\u0103 de profesioni\u0219ti experimenta\u021bi \u0219i califica\u021bi, cu cuno\u0219tin\u021be \u0219i expertiz\u0103 vaste \u00een proiectarea, fabricarea \u0219i testarea cilindrilor hidraulici.<\/p>\n<\/li>\n<li>\n<h3>Certific\u0103ri interna\u021bionale<\/h3>\n<p>Produsele noastre au trecut certific\u0103rile ISO9001, SGS \u0219i CE, asigur\u00e2nd conformitatea cu standardele interna\u021bionale.<\/p>\n<\/li>\n<li>\n<h3>Servicii de personalizare<\/h3>\n<p>Oferim cilindri hidraulici personaliza\u021bi \u00een func\u021bie de cerin\u021be \u0219i aplica\u021bii specifice, cu capacit\u0103\u021bi flexibile de proiectare \u0219i produc\u021bie.<\/p>\n<\/li>\n<li>\n<h3>Echipamente de produc\u021bie<\/h3>\n<p>Utiliz\u0103m centre de prelucrare CNC avansate, echipamente de testare \u0219i alte echipamente digitale pentru a asigura precizia \u0219i eficien\u021ba \u00een procesul de produc\u021bie.<\/p>\n<\/li>\n<li>\n<h3>Serviciu post-v\u00e2nzare<\/h3>\n<p>Oferim servicii complete post-v\u00e2nzare, inclusiv servicii de inspec\u021bie, repara\u021bii \u0219i \u00eenlocuire, pentru a ne asigura c\u0103 to\u021bi clien\u021bii no\u0219tri profit\u0103 la maximum de produsele noastre.<\/p>\n<\/li>\n<\/ul>\n<p><img decoding=\"async\" src=\"https:\/\/hzpt.com\/wp-content\/uploads\/2024\/11\/songte-company-1.webp\" alt=\"Compania noastr\u0103\"><\/p>\n<h3>Autor: lyl<\/h3>","protected":false},"excerpt":{"rendered":"<p>Bucket Cylinder For IHI Small Excavator IHI18V Introduction The bucket cylinder, also known as the hydraulic cylinder, is a type of hydraulic actuator designed specifically for controlling the movement of the bucket in heavy machinery such as excavators, backhoes, and front-end loaders. Its primary function is to allow the bucket to lift, lower, and tilt, [&hellip;]<\/p>","protected":false},"featured_media":14778,"comment_status":"open","ping_status":"closed","template":"","meta":{"_et_pb_use_builder":"","_et_pb_old_content":"","_et_gb_content_width":""},"product_brand":[],"product_cat":[1494],"product_tag":[1495,1496],"class_list":{"0":"post-15679","1":"product","2":"type-product","3":"status-publish","4":"has-post-thumbnail","6":"product_cat-bucket-cylinders","7":"product_tag-bucket-cylinders","8":"product_tag-hydraulic-cylinders","10":"first","11":"instock","12":"shipping-taxable","13":"product-type-simple"},"amp_enabled":true,"_links":{"self":[{"href":"https:\/\/www.hydraulic-cylinders.net\/ro\/wp-json\/wp\/v2\/product\/15679","targetHints":{"allow":["GET"]}}],"collection":[{"href":"https:\/\/www.hydraulic-cylinders.net\/ro\/wp-json\/wp\/v2\/product"}],"about":[{"href":"https:\/\/www.hydraulic-cylinders.net\/ro\/wp-json\/wp\/v2\/types\/product"}],"replies":[{"embeddable":true,"href":"https:\/\/www.hydraulic-cylinders.net\/ro\/wp-json\/wp\/v2\/comments?post=15679"}],"wp:featuredmedia":[{"embeddable":true,"href":"https:\/\/www.hydraulic-cylinders.net\/ro\/wp-json\/wp\/v2\/media\/14778"}],"wp:attachment":[{"href":"https:\/\/www.hydraulic-cylinders.net\/ro\/wp-json\/wp\/v2\/media?parent=15679"}],"wp:term":[{"taxonomy":"product_brand","embeddable":true,"href":"https:\/\/www.hydraulic-cylinders.net\/ro\/wp-json\/wp\/v2\/product_brand?post=15679"},{"taxonomy":"product_cat","embeddable":true,"href":"https:\/\/www.hydraulic-cylinders.net\/ro\/wp-json\/wp\/v2\/product_cat?post=15679"},{"taxonomy":"product_tag","embeddable":true,"href":"https:\/\/www.hydraulic-cylinders.net\/ro\/wp-json\/wp\/v2\/product_tag?post=15679"}],"curies":[{"name":"wp","href":"https:\/\/api.w.org\/{rel}","templated":true}]}}