{"id":15680,"date":"2025-01-19T14:49:59","date_gmt":"2025-01-19T14:49:59","guid":{"rendered":"https:\/\/www.hydraulic-cylinders.net\/product\/bucket-cylinder-for-ihi-small-excavator-ihi20vxt\/"},"modified":"2025-01-19T14:50:16","modified_gmt":"2025-01-19T14:50:16","slug":"bucket-cylinder-for-ihi-small-excavator-ihi20vxt","status":"publish","type":"product","link":"https:\/\/www.hydraulic-cylinders.net\/ro\/produs\/bucket-cylinder-for-ihi-small-excavator-ihi20vxt\/","title":{"rendered":"Cilindru cu cup\u0103 pentru excavatorul mic IHI IHI20VXT"},"content":{"rendered":"<h1>Cilindru cu cup\u0103 pentru excavatorul mic IHI IHI20VXT<\/h1>\n<h2>Introducere<\/h2>\n<p>Cilindrul cupei este un cilindru hidraulic special conceput, utilizat \u00een principal pentru controlul mi\u0219c\u0103rii cupei \u00een utilaje grele, cum ar fi excavatoarele, \u00eenc\u0103rc\u0103toarele excavatoare \u0219i \u00eenc\u0103rc\u0103toarele frontale. Func\u021bia sa principal\u0103 este de a permite ridicarea, cobor\u00e2rea \u0219i \u00eenclinarea cupei, facilit\u00e2nd gestionarea diverselor sarcini de manipulare a materialelor. \u00cen sistemul hidraulic, cilindrul cupei realizeaz\u0103 un control precis al cupei prin modific\u0103ri ale presiunii uleiului hidraulic, permi\u021b\u00e2nd operatorilor s\u0103 manipuleze eficient obiecte grele \u0219i s\u0103 se adapteze la medii de lucru complexe \u0219i cerin\u021be opera\u021bionale diverse.<\/p>\n<p><img decoding=\"async\" src=\"https:\/\/www.hydraulic-cylinders.net\/wp-content\/uploads\/2025\/01\/songte-company-2.webp\" \/><\/p>\n<h2>Caracteristici<\/h2>\n<ul>\n<li><strong>Rezisten\u021b\u0103 \u0219i durabilitate ridicate:<\/strong> De obicei fabricat din o\u021bel sau aluminiu de \u00eenalt\u0103 rezisten\u021b\u0103, poate rezista la presiuni ridicate \u0219i sarcini grele, adapt\u00e2ndu-se la medii de lucru dure. Designul ia \u00een considerare rezisten\u021ba la uzur\u0103 \u0219i rezisten\u021ba la coroziune, prelungind durata de via\u021b\u0103.<\/li>\n<li><strong>Func\u021bionare hidraulic\u0103 eficient\u0103:<\/strong> Extensia \u0219i retragerea lin\u0103 se realizeaz\u0103 prin utilizarea presiunii uleiului hidraulic, oferind o for\u021b\u0103 puternic\u0103 de \u00eempingere \u0219i tragere, potrivit\u0103 pentru manipularea obiectelor grele \u0219i a sarcinilor complexe.<\/li>\n<li><strong>Diverse tipuri:<\/strong> Cilindrii cu ac\u021biune simpl\u0103 (sistemul hidraulic este utilizat \u00eentr-o singur\u0103 direc\u021bie) sau cu ac\u021biune dubl\u0103 (sistemul hidraulic este utilizat \u00een ambele direc\u021bii) pot fi selecta\u021bi \u00een func\u021bie de cerin\u021be pentru a satisface diferite nevoi opera\u021bionale. Unele modele sunt telescopice, permi\u021b\u00e2nd o extensie mai mare f\u0103r\u0103 a cre\u0219te dimensiunile exterioare, potrivite pentru aplica\u021bii cu spa\u021biu limitat.<\/li>\n<li><strong>Produs de noi:<\/strong> Produsul nostru poate \u00eenlocui perfect ace\u0219ti cilindri hidraulici.<\/li>\n<\/ul>\n<p><img decoding=\"async\" src=\"https:\/\/www.hydraulic-cylinders.net\/wp-content\/uploads\/2025\/01\/songte-cylinder-head-with-all-kinds-excavator-models.webp\" \/><\/p>\n<h2>Aplica\u021bii<\/h2>\n<p>Cilindrul cupei este utilizat pe scar\u0103 larg\u0103 \u00een diverse utilaje grele, inclusiv:<\/p>\n<ul>\n<li><strong>Echipamente de construc\u021bii:<\/strong> \u00cen excavatoare, acestea sunt esen\u021biale pentru s\u0103pare, \u00eenc\u0103rcare \u0219i mutarea solului sau a resturilor. \u00cen buldoexcavatoarele, cilindrii cupei ajut\u0103 at\u00e2t la s\u0103pare, c\u00e2t \u0219i la ridicare. <\/li>\n<li><strong>Ma\u0219ini agricole:<\/strong> Folosit la \u00eenc\u0103rc\u0103toarele frontale pentru scobere, ridicare \u0219i transportul solului, f\u00e2nului \u0219i altor materiale. <\/li>\n<li><strong>Excavatoare:<\/strong> Cilindrul cupei realizeaz\u0103 ac\u021biunea de s\u0103pare permi\u021b\u00e2nd cupei s\u0103 p\u0103trund\u0103 \u00een sol. <\/li>\n<li><strong>\u00cenc\u0103rc\u0103toare frontale:<\/strong> \u00cen cazul \u00eenc\u0103rc\u0103toarelor frontale, acestea ajut\u0103 la ridicarea \u0219i \u00eenclinarea eficient\u0103 a m\u0103rfurilor. <\/li>\n<\/ul>\n<h2>Considera\u021bii de proiectare \u0219i criterii de selec\u021bie<\/h2>\n<p>Considera\u021biile de proiectare ale cilindrului cupei includ capacitatea portant\u0103, performan\u021ba de etan\u0219are, durabilitatea, siguran\u021ba \u0219i mentenan\u021ba. <\/p>\n<ul>\n<li><strong>Capacitate portant\u0103:<\/strong> Cilindrul trebuie s\u0103 fie suficient de puternic pentru a rezista la presiuni ridicate \u0219i sarcini grele. <\/li>\n<li><strong>Performan\u021b\u0103 de etan\u0219are:<\/strong> Diverse componente de etan\u0219are, cum ar fi etan\u0219\u0103rile pistonului \u0219i etan\u0219\u0103rile tijei, sunt utilizate pentru a se asigura c\u0103 nu exist\u0103 scurgeri de fluid din cilindru. <\/li>\n<li><strong>Durabilitate:<\/strong> Cilindrul trebuie s\u0103 fie rezistent la abraziune \u0219i coroziune, iar corpul cilindrului \u0219i suprafe\u021bele filetate ale cap\u0103tului sunt prelucrate fin pentru a \u00eembun\u0103t\u0103\u021bi rezisten\u021ba la uzur\u0103. <\/li>\n<li><strong>Siguran\u0163\u0103:<\/strong> Cilindrul trebuie s\u0103 fie proiectat cu elemente de siguran\u021b\u0103, cum ar fi supape de siguran\u021b\u0103 \u0219i protec\u021bie la suprasarcin\u0103, pentru a preveni accidentele. <\/li>\n<li><strong>Mentenabilitate:<\/strong> Cilindrul trebuie s\u0103 fie u\u0219or de \u00eentre\u021binut, cu piese u\u0219or de \u00eenlocuit \u0219i proceduri de reparare simple. <\/li>\n<\/ul>\n<p><img decoding=\"async\" src=\"https:\/\/www.hydraulic-cylinders.net\/wp-content\/uploads\/2025\/01\/songte-oil-pipes-and-spare-parts.webp\" \/><\/p>\n<h2>Etan\u0219are \u0219i lubrifiere<\/h2>\n<p>Cilindrul cupei utilizeaz\u0103 diverse componente de etan\u0219are, cum ar fi etan\u0219\u0103ri de piston \u0219i etan\u0219\u0103ri de tij\u0103, iar aceste componente sunt fabricate din materiale rezistente la abraziune, cum ar fi poliuretanul \u0219i cauciucul nitrilic. Corpul cilindrului \u0219i suprafe\u021bele filetate ale cap\u0103tului sunt prelucrate fin pentru a \u00eembun\u0103t\u0103\u021bi rezisten\u021ba la uzur\u0103. Cilindrul necesit\u0103 lubrifiere regulat\u0103 cu o cantitate adecvat\u0103 de ulei hidraulic pentru a men\u021bine o func\u021bionare corect\u0103.<\/p>\n<h2>\u00centre\u021binere \u0219i repara\u021bii<\/h2>\n<p>Cilindrul cupei necesit\u0103 inspec\u021bii regulate, lubrifiere adecvat\u0103 \u0219i \u00eenlocuire prompt\u0103 a garniturilor uzate sau deteriorate. Instalarea corect\u0103 este esen\u021bial\u0103 pentru asigurarea performan\u021bei pe termen lung a cilindrului. Se recomand\u0103 utilizarea unor console de instalare adecvate pentru a fixa cilindrul \u0219i a-l alinia corect. Trebuie urmat\u0103 o procedur\u0103 recomandat\u0103 de inspec\u021bie, reparare \u0219i \u00eenlocuire pentru a asigura longevitatea cilindrului.<\/p>\n<p><img decoding=\"async\" src=\"https:\/\/www.hydraulic-cylinders.net\/wp-content\/uploads\/2025\/01\/songte-chushion-collar.webp\" \/><\/p>\n<h2>Considera\u021bii privind siguran\u021ba \u0219i mediul<\/h2>\n<p>Este esen\u021bial s\u0103 se respecte m\u0103surile de siguran\u021b\u0103 adecvate \u00een timpul func\u021bion\u0103rii echipamentelor hidraulice. Dispozitivele de siguran\u021b\u0103, cum ar fi supapele de siguran\u021b\u0103 \u0219i protec\u021bia la suprasarcin\u0103, trebuie incluse \u00een proiectarea cilindrului pentru a preveni accidentele. Pentru lubrifiere trebuie utilizat ulei hidraulic ecologic \u0219i trebuie asigurat\u0103 eliminarea corespunz\u0103toare a uleiului hidraulic uzat.<\/p>\n<h2>Diagnosticarea defec\u021biunilor \u0219i probleme frecvente<\/h2>\n<p>Defec\u021biunile frecvente care pot ap\u0103rea la cilindrii cupei includ scurgeri de fluid, \u00eendoirea tijei pistonului \u0219i deteriorarea etan\u0219\u0103rii cilindrului. Este esen\u021bial s\u0103 diagnostica\u021bi \u0219i s\u0103 repara\u021bi prompt aceste defec\u021biuni pentru a asigura longevitatea \u0219i func\u021bionarea corect\u0103 a cilindrului.<\/p>\n<h2>Despre compania noastr\u0103<\/h2>\n<p>Compania noastr\u0103 este un produc\u0103tor \u0219i distribuitor angro de cilindri hidraulici de top pe pie\u021bele interne \u0219i interna\u021bionale, cu o gam\u0103 complet\u0103 de produse. Ader\u0103m la principiile calit\u0103\u021bii excelente \u0219i ne baz\u0103m pe strategia industrializat\u0103 de management al produc\u021biei, bazat\u0103 pe ateliere sofisticate de fabrica\u021bie. Prin utilizarea talentelor tehnice, a echipamentelor digitale de fabrica\u021bie de ultim\u0103 genera\u021bie \u0219i a sistemelor profesionale de testare, \u00eembun\u0103t\u0103\u021bim continuu platforma de fabrica\u021bie a atelierului, \u00eembun\u0103t\u0103\u021bim procesul de produc\u021bie al calit\u0103\u021bii produselor \u0219i avem capacit\u0103\u021bi puternice de inovare. Ne propunem s\u0103 satisfacem nevoile diverse ale clien\u021bilor cu produse de \u00eenalt\u0103 eficien\u021b\u0103, precizie ridicat\u0103 \u0219i calitate superioar\u0103.<\/p>\n<p>Compania noastr\u0103 ofer\u0103 servicii profesionale, certificate interna\u021bional, personalizate \u0219i post-v\u00e2nzare. Dispunem de echipamente de produc\u021bie avansate \u0219i oferim piese de schimb \u0219i servicii de repara\u021bii pentru a \u00eembun\u0103t\u0103\u021bi utilitatea produselor noastre.<\/p>\n<p><img decoding=\"async\" src=\"https:\/\/www.hydraulic-cylinders.net\/wp-content\/uploads\/2025\/01\/songte-company-3.webp\" \/><\/p>\n<p>Autor: lyl<\/p>","protected":false},"excerpt":{"rendered":"<p>Bucket Cylinder For IHI Small Excavator IHI20VXT Introduction The bucket cylinder is a specially designed hydraulic cylinder mainly used for controlling the movement of the bucket in heavy machinery such as excavators, backhoe loaders, and front-end loaders. Its main function is to allow the bucket to lift, lower, and tilt, making it easier to handle [&hellip;]<\/p>","protected":false},"featured_media":14776,"comment_status":"open","ping_status":"closed","template":"","meta":{"_et_pb_use_builder":"","_et_pb_old_content":"","_et_gb_content_width":""},"product_brand":[],"product_cat":[1494],"product_tag":[1495,1496],"class_list":{"0":"post-15680","1":"product","2":"type-product","3":"status-publish","4":"has-post-thumbnail","6":"product_cat-bucket-cylinders","7":"product_tag-bucket-cylinders","8":"product_tag-hydraulic-cylinders","10":"first","11":"instock","12":"shipping-taxable","13":"product-type-simple"},"amp_enabled":true,"_links":{"self":[{"href":"https:\/\/www.hydraulic-cylinders.net\/ro\/wp-json\/wp\/v2\/product\/15680","targetHints":{"allow":["GET"]}}],"collection":[{"href":"https:\/\/www.hydraulic-cylinders.net\/ro\/wp-json\/wp\/v2\/product"}],"about":[{"href":"https:\/\/www.hydraulic-cylinders.net\/ro\/wp-json\/wp\/v2\/types\/product"}],"replies":[{"embeddable":true,"href":"https:\/\/www.hydraulic-cylinders.net\/ro\/wp-json\/wp\/v2\/comments?post=15680"}],"wp:featuredmedia":[{"embeddable":true,"href":"https:\/\/www.hydraulic-cylinders.net\/ro\/wp-json\/wp\/v2\/media\/14776"}],"wp:attachment":[{"href":"https:\/\/www.hydraulic-cylinders.net\/ro\/wp-json\/wp\/v2\/media?parent=15680"}],"wp:term":[{"taxonomy":"product_brand","embeddable":true,"href":"https:\/\/www.hydraulic-cylinders.net\/ro\/wp-json\/wp\/v2\/product_brand?post=15680"},{"taxonomy":"product_cat","embeddable":true,"href":"https:\/\/www.hydraulic-cylinders.net\/ro\/wp-json\/wp\/v2\/product_cat?post=15680"},{"taxonomy":"product_tag","embeddable":true,"href":"https:\/\/www.hydraulic-cylinders.net\/ro\/wp-json\/wp\/v2\/product_tag?post=15680"}],"curies":[{"name":"wp","href":"https:\/\/api.w.org\/{rel}","templated":true}]}}